{"id":9685,"date":"2024-11-22T16:45:51","date_gmt":"2024-11-22T21:45:51","guid":{"rendered":"https:\/\/apc1040.com\/?page_id=9685"},"modified":"2024-11-28T17:05:24","modified_gmt":"2024-11-28T22:05:24","slug":"comprender-los-impuestos-de-los-contratistas-independientes","status":"publish","type":"page","link":"https:\/\/apc1040.com\/es\/comprender-los-impuestos-de-los-contratistas-independientes\/","title":{"rendered":"Comprender los impuestos de los contratistas independientes"},"content":{"rendered":"<h2><b>Impuestos para contratistas independientes: lo que debe saber<\/b><\/h2>\n<p><span style=\"font-weight: 400;\"><img decoding=\"async\" class=\"size-medium wp-image-9639 aligncenter\" src=\"https:\/\/apc1040.com\/wp-content\/uploads\/2024\/11\/independent-contractor-450x299.png\" alt=\"impuestos para contratistas independientes \" width=\"450\" height=\"299\" srcset=\"https:\/\/apc1040.com\/wp-content\/uploads\/2024\/11\/independent-contractor-450x299.png 450w, https:\/\/apc1040.com\/wp-content\/uploads\/2024\/11\/independent-contractor-600x400.png 600w, https:\/\/apc1040.com\/wp-content\/uploads\/2024\/11\/independent-contractor-150x100.png 150w, https:\/\/apc1040.com\/wp-content\/uploads\/2024\/11\/independent-contractor.png 612w\" sizes=\"(max-width: 450px) 100vw, 450px\" \/><\/span><\/p>\n<p>Los impuestos para contratistas independientes son un tema crucial para cualquier persona que opere fuera de la relaci\u00f3n tradicional entre empleado y empleador. En los EE. UU., los contratistas independientes son una gran parte de la fuerza laboral. Seg\u00fan la <a href=\"https:\/\/www.bls.gov\/news.release\/conemp.htm\" target=\"_blank\" rel=\"noopener noreferrer\">Oficina de Estad\u00edsticas Laborales de los Estados Unidos<\/a>, m\u00e1s de 11,9 millones de estadounidenses son contratistas independientes, lo que representa el 7,4 % de la fuerza laboral total. Obtienen la flexibilidad y la libertad de ser aut\u00f3nomos, pero tienen obligaciones fiscales diferentes a las de los empleados asalariados.<\/p>\n<p>Comprender estos requisitos fiscales es clave para evitar sanciones y cumplir con las normas del IRS. Esta gu\u00eda cubrir\u00e1 todo lo que necesita saber sobre los impuestos de los contratistas independientes para que pueda cumplir con las normas y aprovechar al m\u00e1ximo sus ingresos. Estos contratistas deber\u00e1n presentar una <a href=\"https:\/\/apc1040.com\/es\/guia-esencial-para-la-declaracion-de-impuestos-de-las-pequenas-empresas\/\" target=\"_blank\" rel=\"noopener noreferrer\">declaraci\u00f3n de impuestos para peque\u00f1as empresas.<\/a><\/p>\n<h2><strong>\u00bfQu\u00e9 son los impuestos para contratistas independientes?<\/strong><\/h2>\n<p>El IRS clasifica a los trabajadores en dos categor\u00edas principales: empleados y contratistas independientes (no empleados). \u00bfPuedes ser ambos? \u00a1S\u00ed! Muchas personas tienen un trabajo de medio tiempo o tiempo completo como empleados y tambi\u00e9n trabajan como contratistas independientes.<\/p>\n<p>Esta es la gran diferencia:<\/p>\n<ul>\n<li>A los empleados se les retienen los impuestos sobre la n\u00f3mina de sus cheques de pago, reciben beneficios de la empresa y obtienen un W-2 al final del a\u00f1o que muestra sus ingresos e impuestos pagados.<\/li>\n<li>Los contratistas independientes manejan sus propios impuestos. Reciben un formulario 1099 de las empresas con las que trabajan en lugar de un W-2.<\/li>\n<\/ul>\n<p>El IRS lo considera un contratista independiente si una empresa le asigna tareas pero no controla c\u00f3mo, cu\u00e1ndo ni d\u00f3nde realiza el trabajo. A diferencia de los empleados, no est\u00e1 atado a un horario fijo ni se le exige que trabaje en una oficina, aunque se pierde las conversaciones y los beneficios de la oficina (no siempre es algo malo).<\/p>\n<p>Los escritores, electricistas, contadores, conductores de viajes compartidos, paisajistas, abogados y peluqueros son ejemplos de contratistas independientes. Si bien la flexibilidad de los contratistas independientes es atractiva, tienen diferentes desaf\u00edos fiscales.<\/p>\n<h2><strong>\u00bfQui\u00e9n paga los impuestos de los contratistas independientes?<\/strong><\/h2>\n<p>Los contratistas independientes, a diferencia de los empleados, est\u00e1n clasificados como aut\u00f3nomos por el IRS. Esto significa que son responsables de calcular y pagar sus propios impuestos.<\/p>\n<p>As\u00ed es como funciona:<\/p>\n<ul>\n<li>Los contratistas independientes realizan pagos trimestrales estimados de impuestos al IRS por su impuesto a la renta federal y el impuesto al trabajo por cuenta propia (que incluye contribuciones al Seguro Social y Medicare).<\/li>\n<li>Los contratistas tambi\u00e9n pueden calificar para deducciones impositivas, como la deducci\u00f3n por oficina en el hogar o la deducci\u00f3n impositiva por trabajo por cuenta propia, que reducen sus ingresos imponibles.<\/li>\n<\/ul>\n<p>En algunos casos, las empresas pueden tener que retener impuestos de los pagos a los contratistas. Esto sucede cuando un contratista necesita proporcionar informaci\u00f3n impositiva correcta, como el N\u00famero de Identificaci\u00f3n del Contribuyente (TIN) incorrecto. Esto se llama retenci\u00f3n de respaldo y la empresa debe retener una parte de los pagos futuros y enviarla al IRS.<\/p>\n<h3><strong>\u00bfPor qu\u00e9 es importante la clasificaci\u00f3n?<\/strong><\/h3>\n<p>Es importante que las empresas clasifiquen correctamente a los trabajadores como empleados o contratistas independientes. La clasificaci\u00f3n err\u00f3nea puede dar lugar a:<\/p>\n<ol>\n<li><strong>Impuestos atrasados \u200b\u200by multas<\/strong>: si se clasifica err\u00f3neamente a un trabajador como contratista independiente, la empresa puede tener que pagar impuestos atrasados, incluidos los de la Seguridad Social y Medicare, adem\u00e1s de multas.<\/li>\n<li><strong>Cuestiones legales<\/strong>: los trabajadores clasificados err\u00f3neamente pueden demandar por la p\u00e9rdida de beneficios, como el pago de horas extra, el salario m\u00ednimo o la compensaci\u00f3n de los trabajadores.<\/li>\n<li><strong>Da\u00f1os a la reputaci\u00f3n<\/strong>: los casos de clasificaci\u00f3n err\u00f3nea pueden recibir publicidad negativa, lo que puede da\u00f1ar la reputaci\u00f3n de la empresa y dificultar la atracci\u00f3n de buenos talentos.<\/li>\n<\/ol>\n<p>Para determinar si alguien es un empleado o un contratista independiente, el IRS utiliza tres criterios:<\/p>\n<ol>\n<li><strong>Control del comportamiento<\/strong>: \u00bfla empresa controla c\u00f3mo se realiza el trabajo? Los empleados siguen instrucciones detalladas y los contratistas tienen m\u00e1s libertad.<\/li>\n<li><strong>Control financiero:<\/strong> \u00bfLa empresa controla aspectos comerciales como proporcionar herramientas, reembolsar gastos o establecer tarifas de pago? Los contratistas se encargan de esto por s\u00ed mismos.<\/li>\n<li><strong>Relaci\u00f3n:<\/strong> \u00bfEl trabajador tiene un rol permanente o trabaja por proyectos? Los contratistas independientes trabajan por proyectos, los empleados tienen roles a largo plazo con beneficios como seguro m\u00e9dico o licencia paga.<\/li>\n<\/ol>\n<p>La clasificaci\u00f3n correcta ayuda a las empresas a evitar sanciones y a los contratistas a conocer sus responsabilidades fiscales.<\/p>\n<h2><strong>Formularios fiscales para contratistas independientes<\/strong><\/h2>\n<p>Los contratistas necesitan la documentaci\u00f3n adecuada para cumplir con sus obligaciones fiscales. Estos son los formularios fiscales que deben conocer:<\/p>\n<h3><strong>Formulario W-9<\/strong><\/h3>\n<p>El formulario W-9, oficialmente llamado Solicitud de N\u00famero de Identificaci\u00f3n Fiscal y Certificaci\u00f3n, es el primer formulario con el que se encuentra normalmente un contratista independiente. Los clientes solicitan este formulario para obtener el N\u00famero de Identificaci\u00f3n Fiscal (TIN), el n\u00famero de identificaci\u00f3n fiscal o el N\u00famero de Seguro Social (SSN) del contratista. Permite a los clientes informar con precisi\u00f3n los pagos realizados al contratista.<\/p>\n<p>Puntos clave sobre el formulario W-9:<\/p>\n<ul>\n<li>No se presenta ante el IRS, pero el cliente lo conserva en sus archivos.<\/li>\n<li>Le proporciona al cliente el formulario 1099 del contratista al final del a\u00f1o.<\/li>\n<\/ul>\n<h3><strong>Formulario 1099-NEC<\/strong><\/h3>\n<p>El 1099-NEC, o Compensaci\u00f3n para no empleados, se emite a los contratistas independientes que ganan $600 o m\u00e1s de un solo cliente en un a\u00f1o fiscal. Este formulario informa los pagos totales realizados por el cliente al contratista.<\/p>\n<p>Notas importantes:<\/p>\n<ul>\n<li>Los contratistas independientes reciben este formulario antes del 31 de enero del a\u00f1o siguiente.<\/li>\n<li>La informaci\u00f3n del formulario 1099-NEC debe coincidir con los ingresos declarados en la declaraci\u00f3n de impuestos del contratista.<\/li>\n<li>Incluso si no recibe un formulario 1099-NEC (por ejemplo, si sus ingresos son inferiores a $600), debe declarar todos los ingresos.<\/li>\n<\/ul>\n<p>Al conservar estos formularios y utilizar software de contabilidad o ayuda profesional, los contratistas pueden declarar los ingresos con precisi\u00f3n y evitar discrepancias impositivas.<\/p>\n<h2><strong>C\u00f3mo pagar impuestos como contratista independiente<\/strong><\/h2>\n<p><img decoding=\"async\" class=\"size-medium wp-image-9641 aligncenter\" src=\"https:\/\/apc1040.com\/wp-content\/uploads\/2024\/11\/tax-forms-450x300.png\" alt=\"tax forms \" width=\"450\" height=\"300\" srcset=\"https:\/\/apc1040.com\/wp-content\/uploads\/2024\/11\/tax-forms-450x300.png 450w, https:\/\/apc1040.com\/wp-content\/uploads\/2024\/11\/tax-forms-600x400.png 600w, https:\/\/apc1040.com\/wp-content\/uploads\/2024\/11\/tax-forms-150x100.png 150w, https:\/\/apc1040.com\/wp-content\/uploads\/2024\/11\/tax-forms.png 612w\" sizes=\"(max-width: 450px) 100vw, 450px\" \/><\/p>\n<p>Pagar impuestos como contratista independiente requiere planificaci\u00f3n y organizaci\u00f3n. Aqu\u00ed est\u00e1 el paso a paso:<\/p>\n<h3><strong>1) Calcule y pague los impuestos trimestrales<\/strong><\/h3>\n<p>Los contratistas independientes deben realizar pagos de impuestos estimados trimestralmente, que incluyen tanto el impuesto sobre la renta como el impuesto sobre el trabajo por cuenta propia. Las fechas l\u00edmite de pago trimestrales son:<\/p>\n<ul>\n<li>15 de abril<\/li>\n<li>15 de junio<\/li>\n<li>15 de septiembre<\/li>\n<li>15 de enero del a\u00f1o siguiente<\/li>\n<\/ul>\n<p>Utilice el Formulario 1040-ES del IRS para calcular su obligaci\u00f3n tributaria estimada. Tiene una hoja de trabajo y comprobantes de pago.<\/p>\n<h3><strong>2) Realice un seguimiento de los gastos deducibles<\/strong><\/h3>\n<p>Como contratista independiente, puede deducir los gastos comerciales que reducen su ingreso tributable. Las deducciones comunes son:<\/p>\n<ul>\n<li>Gastos de oficina en el hogar<\/li>\n<li>Gastos de viaje y kilometraje<\/li>\n<li>Facturas de Internet y tel\u00e9fono<\/li>\n<li>Material y equipo de oficina<\/li>\n<li>Gastos de marketing y publicidad<\/li>\n<\/ul>\n<p>Conserve los recibos y registros para respaldar estas deducciones en caso de una auditor\u00eda.<\/p>\n<h3><strong>3) Impuestos de la Seguridad Social y Medicare<\/strong><\/h3>\n<p>Como parte de su impuesto sobre el trabajo por cuenta propia, los contratistas independientes contribuyen a los impuestos de la Seguridad Social y Medicare. Para ello:<\/p>\n<ul>\n<li>Calcule sus ganancias netas utilizando el Anexo C (Ganancias o p\u00e9rdidas del negocio).<\/li>\n<li>Aplique la tasa impositiva del 15,3 % para el trabajo por cuenta propia a sus ganancias netas.<\/li>\n<\/ul>\n<h3><strong>4) Utilice el Anexo C<\/strong><\/h3>\n<p>El Anexo C se utiliza para informar los ingresos y gastos de su negocio, incluido el trabajo por encargo como empresa unipersonal para los propietarios \u00fanicos. Es un formulario obligatorio para presentar impuestos como contratista independiente. El ingreso neto del Anexo C se incluye en su Formulario 1040 para calcular su ingreso tributable.<\/p>\n<h3><strong>5) Presentar la declaraci\u00f3n de impuestos anualmente<\/strong><\/h3>\n<p>Adem\u00e1s de los pagos trimestrales, los contratistas independientes deben presentar una declaraci\u00f3n de impuestos anual antes del 15 de abril. La declaraci\u00f3n incluye:<\/p>\n<ul>\n<li>Formulario 1040 para el impuesto sobre la renta individual.<\/li>\n<li>Anexo C para los ingresos y gastos comerciales.<\/li>\n<li>Anexo SE para calcular el impuesto sobre el trabajo aut\u00f3nomo.<\/li>\n<\/ul>\n<p>Un software de impuestos o un contador profesional pueden facilitar esta tarea.<\/p>\n<h2><strong>Fechas l\u00edmite para la presentaci\u00f3n de impuestos de los contratistas independientes<\/strong><\/h2>\n<p>Si usted es un contratista independiente y espera adeudar $1,000 o m\u00e1s en impuestos durante el a\u00f1o, el Servicio de Impuestos Internos (IRS) requiere que realice pagos de impuestos trimestrales, incluidos los cr\u00e9ditos fiscales, en forma de pagos de impuestos estimados. Estos deben presentarse el:<\/p>\n<ul>\n<li>15 de abril<\/li>\n<li>15 de junio<\/li>\n<li>15 de septiembre<\/li>\n<li>15 de enero (del a\u00f1o siguiente).<\/li>\n<\/ul>\n<p>Para las empresas que contratan contratistas independientes, existen plazos impositivos adicionales:<\/p>\n<ol>\n<li>Formulario 1099-NEC: Debe entregar este formulario a cada contratista antes del 31 de enero e informar cu\u00e1nto les pag\u00f3 durante el a\u00f1o anterior.<\/li>\n<li>Formulario 1096: Debe enviar este formulario de resumen junto con las copias f\u00edsicas de los formularios 1099 al IRS antes del 28 de febrero (o el 31 de marzo si se presenta electr\u00f3nicamente).<\/li>\n<\/ol>\n<p>Para completar un formulario 1096, necesita el nombre legal del contratista y el n\u00famero de identificaci\u00f3n del contribuyente (TIN), que se encuentran en el formulario W-9. Es una buena idea obtener el formulario W-9 del contratista tan pronto como comience a trabajar con usted. El IRS recomienda conservar estos formularios en archivo durante al menos cuatro a\u00f1os.<\/p>\n<p>Debe cumplir con estos plazos para evitar sancioneso intereses del IRS.<\/p>\n<h2><strong>\u00bfC\u00f3mo funcionan los impuestos de los contratistas independientes?<\/strong><\/h2>\n<p>Veamos un ejemplo. Jane Doe es una dise\u00f1adora gr\u00e1fica que trabaj\u00f3 con 5 peque\u00f1as empresas diferentes en 2023. Cada uno de sus clientes le pag\u00f3 directamente y al final del a\u00f1o recibi\u00f3 5 formularios 1099-NEC. Su ingreso total para el a\u00f1o fue de $50,000.<\/p>\n<p>Jane declarar\u00e1 su ingreso total de $50,000 en la Parte I del Anexo C.<\/p>\n<p>En la Parte II del Anexo C, Jane deducir\u00e1 sus gastos comerciales. Este es el desglose:<\/p>\n<ul>\n<li><strong>Oficina en casa: <\/strong>Jane usa el 10% de su casa como oficina, por lo que puede deducir el 10% de sus facturas de alquiler, servicios p\u00fablicos e Internet, que son $2000.<\/li>\n<li><strong>Suscripciones de software:<\/strong> Gast\u00f3 $1200 en software como Adobe Creative Cloud y Canva Pro.<\/li>\n<li><strong>Material de oficina: <\/strong>Compr\u00f3 material de arte, papel y tinta de impresora por $500.<\/li>\n<li>Costos de marketing y sitio web: Gast\u00f3 $1300 en publicidad de sus servicios y su sitio web de portafolio.<\/li>\n<\/ul>\n<p>Sus gastos totales son $5000 ($2000 + $1200 + $500 + $1300). Ahora, Jane calcula su beneficio neto restando sus gastos de sus ingresos: $50,000 \u2013 $5,000 = $45,000. Luego, Jane va al Anexo SE para calcular su impuesto sobre el trabajo por cuenta propia.<\/p>\n<p>La tasa de impuesto sobre el trabajo por cuenta propia es del 15,3 %, por lo que Jane debe $45,000 x 15,3 % = $6,885.<\/p>\n<p>Al igual que Bill, Jane puede deducir la parte equivalente al empleador de sus impuestos sobre el trabajo por cuenta propia, lo que reduce ligeramente su ingreso imponible cuando completa el Formulario 1040.<\/p>\n<p>Dado que Jane debe m\u00e1s de $1,000 en impuestos sobre el trabajo por cuenta propia (y deber\u00e1 m\u00e1s cuando calcule sus impuestos sobre la renta), debe realizar pagos de impuestos estimados trimestrales para evitar sanciones del IRS.<\/p>\n<h2><strong>Ventajas y desventajas de ser un contratista independiente<\/strong><\/h2>\n<p>Ser un contratista independiente tiene muchos beneficios, pero tambi\u00e9n algunos desaf\u00edos. Veamos los pros y los contras:<\/p>\n<h4><strong>Pros<\/strong><\/h4>\n<ul>\n<li><strong>Flexibilidad<\/strong>: Establece tu propio horario y elige proyectos que se adapten a tus habilidades e intereses.<\/li>\n<li><strong>Mayor potencial de ingresos:<\/strong> Los contratistas suelen recibir salarios por hora m\u00e1s altos que los empleados.<\/li>\n<li><strong>Deducciones fiscales: <\/strong>Reduce los ingresos imponibles con deducciones de gastos comerciales.<\/li>\n<li><strong>Autonom\u00eda:<\/strong> M\u00e1s control sobre tu entorno de trabajo y tus decisiones.<\/li>\n<\/ul>\n<h4><strong>Contras<\/strong><\/h4>\n<ul>\n<li><strong>Carga fiscal:<\/strong> Paga el impuesto sobre el trabajo aut\u00f3nomo completo, que puede ser mucho.<\/li>\n<li><strong>Sin beneficios: <\/strong>Los contratistas independientes no obtienen beneficios para empleados como seguro m\u00e9dico, tiempo libre remunerado o jubilaci\u00f3n. planes.<\/li>\n<li><strong>Variabilidad de los ingresos:<\/strong> las ganancias pueden fluctuar significativamente seg\u00fan la demanda y la carga de trabajo de los clientes.<\/li>\n<li><strong>Mantenimiento de registros:<\/strong> debe llevar un registro de los ingresos y los gastos para fines impositivos.<\/li>\n<\/ul>\n<p>Entender estos pros y contras puede ayudarlo a decidir si el estilo de vida de contratista independiente se alinea con su carrera y sus objetivos financieros.<\/p>\n<h2><strong>Conclusi\u00f3n<\/strong><\/h2>\n<p>Los impuestos de contratista independiente en los Estados Unidos son complicados, pero factibles. Si conoce los formularios impositivos, los plazos y las deducciones comerciales de los **impuestos locales**, puede cumplir con las normas y reducir su obligaci\u00f3n tributaria. Dado que la responsabilidad de administrar los impuestos recae sobre usted, una planificaci\u00f3n y una organizaci\u00f3n adecuadas pueden hacer que la temporada de impuestos sea muy sencilla. Ya sea que sea un profesional independiente experimentado o nuevo en el mundo de los contratistas independientes, esta gu\u00eda deber\u00eda ayudarlo a navegar por los desaf\u00edos y los beneficios de los impuestos sobre el trabajo por cuenta propia.<\/p>\n<p>Si es un contratista independiente que busca asesoramiento fiscal especializado, visite <a href=\"https:\/\/apc1040.com\/es\/\" target=\"_blank\" rel=\"noopener noreferrer\">APC1040<\/a> hoy mismo. Su equipo experimentado puede ayudarlo a cumplir con las normas, maximizar sus deducciones y hacer que la temporada de impuestos sea libre de estr\u00e9s. \u00a1Deje que APC1040 se ocupe de las complejidades de sus impuestos para que usted pueda concentrarse en hacer crecer su negocio!<\/p>\n","protected":false},"excerpt":{"rendered":"<p>Impuestos para contratistas independientes: lo que debe saber Los impuestos para contratistas independientes son un tema crucial para cualquier persona que opere fuera de la relaci\u00f3n tradicional entre empleado y empleador. En los EE. UU., los contratistas independientes son una gran parte de la fuerza laboral. Seg\u00fan la Oficina de Estad\u00edsticas Laborales de los Estados&#8230;<\/p>\n","protected":false},"author":10,"featured_media":9640,"parent":0,"menu_order":0,"comment_status":"closed","ping_status":"closed","template":"","meta":{"_lmt_disableupdate":"no","_lmt_disable":"","_monsterinsights_skip_tracking":false,"_monsterinsights_sitenote_active":false,"_monsterinsights_sitenote_note":"","_monsterinsights_sitenote_category":0,"_uf_show_specific_survey":0,"_uf_disable_surveys":false,"footnotes":""},"class_list":["post-9685","page","type-page","status-publish","has-post-thumbnail","hentry"],"yoast_head":"<!-- This site is optimized with the Yoast SEO Premium plugin v27.3 (Yoast SEO v27.5) - https:\/\/yoast.com\/product\/yoast-seo-premium-wordpress\/ -->\n<title>Gu\u00eda Completa de Impuestos para Contratistas Independientes<\/title>\n<meta name=\"description\" content=\"Gu\u00eda para entender los impuestos de los contratistas independientes, incluyendo formularios clave y deducciones fiscales.\" \/>\n<meta name=\"robots\" content=\"index, follow, max-snippet:-1, max-image-preview:large, max-video-preview:-1\" \/>\n<link rel=\"canonical\" href=\"https:\/\/apc1040.com\/es\/comprender-los-impuestos-de-los-contratistas-independientes\/\" \/>\n<meta property=\"og:locale\" content=\"es_ES\" \/>\n<meta property=\"og:type\" content=\"article\" \/>\n<meta property=\"og:title\" content=\"Comprender los impuestos de los contratistas independientes\" \/>\n<meta property=\"og:description\" content=\"Gu\u00eda para entender los impuestos de los contratistas independientes, incluyendo formularios clave y deducciones fiscales.\" \/>\n<meta property=\"og:url\" content=\"https:\/\/apc1040.com\/es\/comprender-los-impuestos-de-los-contratistas-independientes\/\" \/>\n<meta property=\"og:site_name\" content=\"Akron Income Tax Preparation\" \/>\n<meta property=\"article:publisher\" content=\"https:\/\/www.facebook.com\/APC1040\" \/>\n<meta property=\"article:modified_time\" content=\"2024-11-28T22:05:24+00:00\" \/>\n<meta property=\"og:image\" content=\"https:\/\/apc1040.com\/wp-content\/uploads\/2024\/11\/independent-contractor.png\" \/>\n\t<meta property=\"og:image:width\" content=\"612\" \/>\n\t<meta property=\"og:image:height\" content=\"407\" \/>\n\t<meta property=\"og:image:type\" content=\"image\/png\" \/>\n<meta name=\"twitter:card\" content=\"summary_large_image\" \/>\n<meta name=\"twitter:label1\" content=\"Est. reading time\" \/>\n\t<meta name=\"twitter:data1\" content=\"11 minutes\" \/>\n<!-- \/ Yoast SEO Premium plugin. -->","yoast_head_json":{"title":"Gu\u00eda Completa de Impuestos para Contratistas Independientes","description":"Gu\u00eda para entender los impuestos de los contratistas independientes, incluyendo formularios clave y deducciones fiscales.","robots":{"index":"index","follow":"follow","max-snippet":"max-snippet:-1","max-image-preview":"max-image-preview:large","max-video-preview":"max-video-preview:-1"},"canonical":"https:\/\/apc1040.com\/es\/comprender-los-impuestos-de-los-contratistas-independientes\/","og_locale":"es_ES","og_type":"article","og_title":"Comprender los impuestos de los contratistas independientes","og_description":"Gu\u00eda para entender los impuestos de los contratistas independientes, incluyendo formularios clave y deducciones fiscales.","og_url":"https:\/\/apc1040.com\/es\/comprender-los-impuestos-de-los-contratistas-independientes\/","og_site_name":"Akron Income Tax Preparation","article_publisher":"https:\/\/www.facebook.com\/APC1040","article_modified_time":"2024-11-28T22:05:24+00:00","og_image":[{"width":612,"height":407,"url":"https:\/\/apc1040.com\/wp-content\/uploads\/2024\/11\/independent-contractor.png","type":"image\/png"}],"twitter_card":"summary_large_image","twitter_misc":{"Est. reading time":"11 minutes"},"schema":{"@context":"https:\/\/schema.org","@graph":[{"@type":"WebPage","@id":"https:\/\/apc1040.com\/es\/comprender-los-impuestos-de-los-contratistas-independientes\/","url":"https:\/\/apc1040.com\/es\/comprender-los-impuestos-de-los-contratistas-independientes\/","name":"Gu\u00eda Completa de Impuestos para Contratistas Independientes","isPartOf":{"@id":"https:\/\/apc1040.com\/es\/#website"},"primaryImageOfPage":{"@id":"https:\/\/apc1040.com\/es\/comprender-los-impuestos-de-los-contratistas-independientes\/#primaryimage"},"image":{"@id":"https:\/\/apc1040.com\/es\/comprender-los-impuestos-de-los-contratistas-independientes\/#primaryimage"},"thumbnailUrl":"https:\/\/apc1040.com\/wp-content\/uploads\/2024\/11\/independent-contractor.png","datePublished":"2024-11-22T21:45:51+00:00","dateModified":"2024-11-28T22:05:24+00:00","description":"Gu\u00eda para entender los impuestos de los contratistas independientes, incluyendo formularios clave y deducciones fiscales.","breadcrumb":{"@id":"https:\/\/apc1040.com\/es\/comprender-los-impuestos-de-los-contratistas-independientes\/#breadcrumb"},"inLanguage":"es","potentialAction":[{"@type":"ReadAction","target":["https:\/\/apc1040.com\/es\/comprender-los-impuestos-de-los-contratistas-independientes\/"]}]},{"@type":"ImageObject","inLanguage":"es","@id":"https:\/\/apc1040.com\/es\/comprender-los-impuestos-de-los-contratistas-independientes\/#primaryimage","url":"https:\/\/apc1040.com\/wp-content\/uploads\/2024\/11\/independent-contractor.png","contentUrl":"https:\/\/apc1040.com\/wp-content\/uploads\/2024\/11\/independent-contractor.png","width":612,"height":407,"caption":"independent contractor taxes"},{"@type":"BreadcrumbList","@id":"https:\/\/apc1040.com\/es\/comprender-los-impuestos-de-los-contratistas-independientes\/#breadcrumb","itemListElement":[{"@type":"ListItem","position":1,"name":"Home","item":"https:\/\/apc1040.com\/es\/"},{"@type":"ListItem","position":2,"name":"Comprender los impuestos de los contratistas independientes"}]},{"@type":"WebSite","@id":"https:\/\/apc1040.com\/es\/#website","url":"https:\/\/apc1040.com\/es\/","name":"Akron Income Tax Preparation","description":"Income Tax Preparation Service","publisher":{"@id":"https:\/\/apc1040.com\/es\/#organization"},"potentialAction":[{"@type":"SearchAction","target":{"@type":"EntryPoint","urlTemplate":"https:\/\/apc1040.com\/es\/?s={search_term_string}"},"query-input":{"@type":"PropertyValueSpecification","valueRequired":true,"valueName":"search_term_string"}}],"inLanguage":"es"},{"@type":"Organization","@id":"https:\/\/apc1040.com\/es\/#organization","name":"Akron Income Tax Co","url":"https:\/\/apc1040.com\/es\/","logo":{"@type":"ImageObject","inLanguage":"es","@id":"https:\/\/apc1040.com\/es\/#\/schema\/logo\/image\/","url":"https:\/\/apc1040.com\/wp-content\/uploads\/2024\/11\/income-tax-service-akron.jpg","contentUrl":"https:\/\/apc1040.com\/wp-content\/uploads\/2024\/11\/income-tax-service-akron.jpg","width":800,"height":745,"caption":"Akron Income Tax Co"},"image":{"@id":"https:\/\/apc1040.com\/es\/#\/schema\/logo\/image\/"},"sameAs":["https:\/\/www.facebook.com\/APC1040"]}]}},"amp_enabled":true,"_links":{"self":[{"href":"https:\/\/apc1040.com\/es\/wp-json\/wp\/v2\/pages\/9685","targetHints":{"allow":["GET"]}}],"collection":[{"href":"https:\/\/apc1040.com\/es\/wp-json\/wp\/v2\/pages"}],"about":[{"href":"https:\/\/apc1040.com\/es\/wp-json\/wp\/v2\/types\/page"}],"author":[{"embeddable":true,"href":"https:\/\/apc1040.com\/es\/wp-json\/wp\/v2\/users\/10"}],"replies":[{"embeddable":true,"href":"https:\/\/apc1040.com\/es\/wp-json\/wp\/v2\/comments?post=9685"}],"version-history":[{"count":4,"href":"https:\/\/apc1040.com\/es\/wp-json\/wp\/v2\/pages\/9685\/revisions"}],"predecessor-version":[{"id":9894,"href":"https:\/\/apc1040.com\/es\/wp-json\/wp\/v2\/pages\/9685\/revisions\/9894"}],"wp:featuredmedia":[{"embeddable":true,"href":"https:\/\/apc1040.com\/es\/wp-json\/wp\/v2\/media\/9640"}],"wp:attachment":[{"href":"https:\/\/apc1040.com\/es\/wp-json\/wp\/v2\/media?parent=9685"}],"curies":[{"name":"wp","href":"https:\/\/api.w.org\/{rel}","templated":true}]}}