{"id":9663,"date":"2024-09-28T12:05:08","date_gmt":"2024-09-28T16:05:08","guid":{"rendered":"https:\/\/apc1040.com\/?page_id=9663"},"modified":"2024-11-26T12:16:45","modified_gmt":"2024-11-26T17:16:45","slug":"video-de-preparacion-de-declaraciones-de-impuestos-de-akron","status":"publish","type":"page","link":"https:\/\/apc1040.com\/es\/video-de-preparacion-de-declaraciones-de-impuestos-de-akron\/","title":{"rendered":"V\u00eddeo de preparaci\u00f3n de declaraciones de impuestos de Akron"},"content":{"rendered":"<div class=\"wp-playlist wp-video-playlist wp-playlist-light\">\n\t\t<video controls=\"controls\" preload=\"none\" width=\"1278\"\n\t\t height=\"724\"\t><\/video>\n\t<div class=\"wp-playlist-next\"><\/div>\n\t<div class=\"wp-playlist-prev\"><\/div>\n\t<noscript>\n\t<ol>\n\t\t<li><a href='https:\/\/apc1040.com\/wp-content\/uploads\/2024\/01\/Videoad1.mp4'>Videoad1<\/a><\/li>\t<\/ol>\n\t<\/noscript>\n\t<script type=\"application\/json\" class=\"wp-playlist-script\">{\"type\":\"video\",\"tracklist\":true,\"tracknumbers\":true,\"images\":true,\"artists\":true,\"tracks\":[{\"src\":\"https:\/\/apc1040.com\/wp-content\/uploads\/2024\/01\/Videoad1.mp4\",\"type\":\"video\/mp4\",\"title\":\"Videoad1\",\"caption\":\"\",\"description\":\"\",\"meta\":{\"length_formatted\":\"0:58\"},\"dimensions\":{\"original\":{\"width\":960,\"height\":544},\"resized\":{\"width\":1278,\"height\":724}},\"image\":{\"src\":\"https:\/\/apc1040.com\/wp-includes\/images\/media\/video.svg\",\"width\":48,\"height\":64},\"thumb\":{\"src\":\"https:\/\/apc1040.com\/wp-includes\/images\/media\/video.svg\",\"width\":48,\"height\":64}}]}<\/script>\n<\/div>\n\t\n","protected":false},"excerpt":{"rendered":"Videoad1","protected":false},"author":10,"featured_media":0,"parent":0,"menu_order":0,"comment_status":"closed","ping_status":"closed","template":"","meta":{"_lmt_disableupdate":"no","_lmt_disable":"","_monsterinsights_skip_tracking":false,"_monsterinsights_sitenote_active":false,"_monsterinsights_sitenote_note":"","_monsterinsights_sitenote_category":0,"_uf_show_specific_survey":0,"_uf_disable_surveys":false,"footnotes":""},"class_list":["post-9663","page","type-page","status-publish","hentry"],"yoast_head":"<!-- This site is optimized with the Yoast SEO Premium plugin v27.6 (Yoast SEO v27.6) - https:\/\/yoast.com\/product\/yoast-seo-premium-wordpress\/ -->\n<title>V\u00eddeo de preparaci\u00f3n de declaraciones de impuestos de Akron<\/title>\n<meta name=\"description\" content=\"Nuestro video de preparaci\u00f3n de declaraciones de impuestos. Tarifas de preparaci\u00f3n razonables. Akron Income Tax Co.\" \/>\n<meta name=\"robots\" content=\"index, follow, max-snippet:-1, max-image-preview:large, max-video-preview:-1\" \/>\n<link rel=\"canonical\" href=\"https:\/\/apc1040.com\/es\/video-de-preparacion-de-declaraciones-de-impuestos-de-akron\/\" \/>\n<meta property=\"og:locale\" content=\"es_ES\" \/>\n<meta property=\"og:type\" content=\"article\" \/>\n<meta property=\"og:title\" content=\"V\u00eddeo de preparaci\u00f3n de declaraciones de impuestos de Akron\" \/>\n<meta property=\"og:description\" content=\"Nuestro video de preparaci\u00f3n de declaraciones de impuestos. Tarifas de preparaci\u00f3n razonables. Akron Income Tax Co.\" \/>\n<meta property=\"og:url\" content=\"https:\/\/apc1040.com\/es\/video-de-preparacion-de-declaraciones-de-impuestos-de-akron\/\" \/>\n<meta property=\"og:site_name\" content=\"Akron Income Tax Preparation\" \/>\n<meta property=\"article:publisher\" content=\"https:\/\/www.facebook.com\/APC1040\" \/>\n<meta property=\"article:modified_time\" content=\"2024-11-26T17:16:45+00:00\" \/>\n<meta property=\"og:image\" content=\"https:\/\/apc1040.com\/wp-content\/uploads\/2024\/02\/Office-Pic-no-prices.jpg\" \/>\n\t<meta property=\"og:image:width\" content=\"2560\" \/>\n\t<meta property=\"og:image:height\" content=\"2385\" \/>\n\t<meta property=\"og:image:type\" content=\"image\/jpeg\" \/>\n<meta name=\"twitter:card\" content=\"summary_large_image\" \/>\n<meta name=\"twitter:label1\" content=\"Est. reading time\" \/>\n\t<meta name=\"twitter:data1\" content=\"1 minute\" \/>\n<!-- \/ Yoast SEO Premium plugin. -->","yoast_head_json":{"title":"V\u00eddeo de preparaci\u00f3n de declaraciones de impuestos de Akron","description":"Nuestro video de preparaci\u00f3n de declaraciones de impuestos. Tarifas de preparaci\u00f3n razonables. Akron Income Tax Co.","robots":{"index":"index","follow":"follow","max-snippet":"max-snippet:-1","max-image-preview":"max-image-preview:large","max-video-preview":"max-video-preview:-1"},"canonical":"https:\/\/apc1040.com\/es\/video-de-preparacion-de-declaraciones-de-impuestos-de-akron\/","og_locale":"es_ES","og_type":"article","og_title":"V\u00eddeo de preparaci\u00f3n de declaraciones de impuestos de Akron","og_description":"Nuestro video de preparaci\u00f3n de declaraciones de impuestos. Tarifas de preparaci\u00f3n razonables. Akron Income Tax Co.","og_url":"https:\/\/apc1040.com\/es\/video-de-preparacion-de-declaraciones-de-impuestos-de-akron\/","og_site_name":"Akron Income Tax Preparation","article_publisher":"https:\/\/www.facebook.com\/APC1040","article_modified_time":"2024-11-26T17:16:45+00:00","og_image":[{"width":2560,"height":2385,"url":"https:\/\/apc1040.com\/wp-content\/uploads\/2024\/02\/Office-Pic-no-prices.jpg","type":"image\/jpeg"}],"twitter_card":"summary_large_image","twitter_misc":{"Est. reading time":"1 minute"},"schema":{"@context":"https:\/\/schema.org","@graph":[{"@type":"WebPage","@id":"https:\/\/apc1040.com\/es\/video-de-preparacion-de-declaraciones-de-impuestos-de-akron\/","url":"https:\/\/apc1040.com\/es\/video-de-preparacion-de-declaraciones-de-impuestos-de-akron\/","name":"V\u00eddeo de preparaci\u00f3n de declaraciones de impuestos de Akron","isPartOf":{"@id":"https:\/\/apc1040.com\/es\/#website"},"datePublished":"2024-09-28T16:05:08+00:00","dateModified":"2024-11-26T17:16:45+00:00","description":"Nuestro video de preparaci\u00f3n de declaraciones de impuestos. Tarifas de preparaci\u00f3n razonables. Akron Income Tax Co.","breadcrumb":{"@id":"https:\/\/apc1040.com\/es\/video-de-preparacion-de-declaraciones-de-impuestos-de-akron\/#breadcrumb"},"inLanguage":"es","potentialAction":[{"@type":"ReadAction","target":["https:\/\/apc1040.com\/es\/video-de-preparacion-de-declaraciones-de-impuestos-de-akron\/"]}]},{"@type":"BreadcrumbList","@id":"https:\/\/apc1040.com\/es\/video-de-preparacion-de-declaraciones-de-impuestos-de-akron\/#breadcrumb","itemListElement":[{"@type":"ListItem","position":1,"name":"Home","item":"https:\/\/apc1040.com\/es\/"},{"@type":"ListItem","position":2,"name":"V\u00eddeo de preparaci\u00f3n de declaraciones de impuestos de Akron"}]},{"@type":"WebSite","@id":"https:\/\/apc1040.com\/es\/#website","url":"https:\/\/apc1040.com\/es\/","name":"Akron Income Tax Preparation","description":"Income Tax Preparation Service","publisher":{"@id":"https:\/\/apc1040.com\/es\/#organization"},"potentialAction":[{"@type":"SearchAction","target":{"@type":"EntryPoint","urlTemplate":"https:\/\/apc1040.com\/es\/?s={search_term_string}"},"query-input":{"@type":"PropertyValueSpecification","valueRequired":true,"valueName":"search_term_string"}}],"inLanguage":"es"},{"@type":"Organization","@id":"https:\/\/apc1040.com\/es\/#organization","name":"Akron Income Tax Co","url":"https:\/\/apc1040.com\/es\/","logo":{"@type":"ImageObject","inLanguage":"es","@id":"https:\/\/apc1040.com\/es\/#\/schema\/logo\/image\/","url":"https:\/\/apc1040.com\/wp-content\/uploads\/2024\/11\/income-tax-service-akron.jpg","contentUrl":"https:\/\/apc1040.com\/wp-content\/uploads\/2024\/11\/income-tax-service-akron.jpg","width":800,"height":745,"caption":"Akron Income Tax Co"},"image":{"@id":"https:\/\/apc1040.com\/es\/#\/schema\/logo\/image\/"},"sameAs":["https:\/\/www.facebook.com\/APC1040"]}]}},"amp_enabled":true,"_links":{"self":[{"href":"https:\/\/apc1040.com\/es\/wp-json\/wp\/v2\/pages\/9663","targetHints":{"allow":["GET"]}}],"collection":[{"href":"https:\/\/apc1040.com\/es\/wp-json\/wp\/v2\/pages"}],"about":[{"href":"https:\/\/apc1040.com\/es\/wp-json\/wp\/v2\/types\/page"}],"author":[{"embeddable":true,"href":"https:\/\/apc1040.com\/es\/wp-json\/wp\/v2\/users\/10"}],"replies":[{"embeddable":true,"href":"https:\/\/apc1040.com\/es\/wp-json\/wp\/v2\/comments?post=9663"}],"version-history":[{"count":1,"href":"https:\/\/apc1040.com\/es\/wp-json\/wp\/v2\/pages\/9663\/revisions"}],"predecessor-version":[{"id":9664,"href":"https:\/\/apc1040.com\/es\/wp-json\/wp\/v2\/pages\/9663\/revisions\/9664"}],"wp:attachment":[{"href":"https:\/\/apc1040.com\/es\/wp-json\/wp\/v2\/media?parent=9663"}],"curies":[{"name":"wp","href":"https:\/\/api.w.org\/{rel}","templated":true}]}}