{"id":7146,"date":"2024-04-07T10:02:25","date_gmt":"2024-04-07T14:02:25","guid":{"rendered":"https:\/\/apc1040.com\/?page_id=7146"},"modified":"2026-01-06T23:17:57","modified_gmt":"2026-01-07T04:17:57","slug":"nuestra-estructura-de-tarifas-del-impuesto-sobre-la-renta","status":"publish","type":"page","link":"https:\/\/apc1040.com\/es\/nuestra-estructura-de-tarifas-del-impuesto-sobre-la-renta\/","title":{"rendered":"Nuestra estructura de tarifas del impuesto sobre la renta"},"content":{"rendered":"<section class=\"l-section wpb_row height_small\"><div class=\"l-section-h i-cf\"><div class=\"g-cols vc_row via_flex valign_top type_default stacking_default\"><div class=\"vc_col-sm-12 wpb_column vc_column_container\"><div class=\"vc_column-inner\"><div class=\"wpb_wrapper\"><div class=\"wpb_text_column\"><div class=\"wpb_wrapper\"><h2 style=\"text-align: center;\"><strong>Akron Income Tax Co.<\/strong><\/h2>\n<h2 style=\"text-align: center;\"><strong>&nbsp;<\/strong><strong>Tasas impositivas b\u00e1sicas 2024<\/strong><\/h2>\n<p style=\"text-align: center;\"><strong>Formulario breve b\u00e1sico<\/strong>&nbsp;&nbsp;&nbsp; &nbsp;&nbsp;&nbsp;&nbsp;&nbsp;&nbsp;&nbsp; <strong>$ 130<\/strong><\/p>\n<p style=\"text-align: center;\"><strong>&nbsp; &nbsp; &nbsp; &nbsp; &nbsp; &nbsp; &nbsp;MFS<\/strong>&nbsp; Formulario corto&nbsp; &nbsp; &nbsp; &nbsp; &nbsp; &nbsp; &nbsp; &nbsp; &nbsp; &nbsp; <strong>$ 220<\/strong><\/p>\n<p style=\"text-align: center;\"><strong>Formulario largo b\u00e1sico&nbsp;&nbsp; &nbsp;&nbsp;&nbsp;&nbsp;&nbsp;&nbsp;&nbsp;&nbsp; <\/strong><strong>$ 220<\/strong><\/p>\n<p style=\"text-align: center;\"><strong>&nbsp; &nbsp; &nbsp; &nbsp; &nbsp; &nbsp; &nbsp; &nbsp;MFS<\/strong>&nbsp; Formato largo&nbsp; &nbsp; &nbsp; &nbsp; &nbsp; &nbsp; &nbsp; &nbsp; <strong>&nbsp; &nbsp; $ 320<\/strong><\/p>\n<p style=\"text-align: center;\"><span style=\"color: #ff0000;\">MFS = Casado que declara por separado\/ 2 declaraciones<\/span><\/p>\n<p style=\"text-align: center;\"><strong>Empresas<\/strong> &nbsp;&nbsp;&nbsp;&nbsp;&nbsp;&nbsp;&nbsp;&nbsp;&nbsp;&nbsp;&nbsp;&nbsp;&nbsp;&nbsp;&nbsp;&nbsp;&nbsp;&nbsp;&nbsp;&nbsp;&nbsp;&nbsp;&nbsp;&nbsp;&nbsp;&nbsp;&nbsp;&nbsp; &nbsp;&nbsp;&nbsp;&nbsp;<strong>$80,00 + tiempo<\/strong><\/p>\n<p style=\"text-align: center;\"><span style=\"color: #ff0000;\">El contribuyente debe proporcionar los totales de ingresos y gastos<\/span><\/p>\n<p style=\"text-align: center;\"><strong>Alquileres&nbsp;&nbsp;&nbsp;&nbsp; <\/strong>&nbsp;&nbsp;&nbsp;&nbsp;&nbsp;&nbsp;&nbsp;&nbsp;&nbsp;&nbsp;&nbsp;&nbsp;&nbsp;&nbsp;&nbsp;&nbsp;&nbsp;&nbsp;&nbsp;&nbsp;&nbsp;&nbsp;&nbsp;&nbsp;&nbsp;&nbsp;&nbsp;&nbsp;&nbsp; &nbsp;&nbsp; &nbsp;<strong>$80,00 + tiempo<\/strong><\/p>\n<p style=\"text-align: center;\"><span style=\"color: #ff0000;\">El contribuyente debe proporcionar los totales de ingresos y gastos<\/span><\/p>\n<p style=\"text-align: center;\"><strong>Ventas de acciones<\/strong>&nbsp;&nbsp;&nbsp;&nbsp;&nbsp;&nbsp;&nbsp;&nbsp;&nbsp;&nbsp;&nbsp;&nbsp;&nbsp;&nbsp;&nbsp;&nbsp; &nbsp;&nbsp;&nbsp;&nbsp;&nbsp;&nbsp;&nbsp;&nbsp;&nbsp;&nbsp;&nbsp; &nbsp; &nbsp;&nbsp;<strong>$80,00 + tiempo<\/strong><\/p>\n<p style=\"text-align: center;\"><strong>&nbsp; Dependiente (declaraci\u00f3n de impuestos)<\/strong>&nbsp; &nbsp; &nbsp; &nbsp; &nbsp; &nbsp; &nbsp;&nbsp;<strong> $60,00&nbsp; &nbsp; &nbsp; &nbsp; &nbsp; &nbsp;&nbsp;<\/strong><\/p>\n<h2>Los documentos fiscales m\u00e1s extensos requieren m\u00e1s tiempo&#8230;<\/h2>\n<p>Los formularios cortos incluyen la primera hora de preparaci\u00f3n. Los formularios largos incluyen 1 \u00bd hora de tiempo de preparaci\u00f3n. Despu\u00e9s de la primera hora hay un cargo de tiempo de $25 por cada 15 minutos adicionales. Ofrecemos <a href=\"https:\/\/apc1040.com\/es\/impuestos-facil\/carteles-de-empresa\/formularios-de-impuestos-para-empleados\/\">formularios para clientes que tienen negocios<\/a> y alquileres para minimizar el tiempo de preparaci\u00f3n del cliente.<\/p>\n<p>Si tiene un <a href=\"https:\/\/apc1040.com\/es\/impuestos-facil\/carteles-de-empresa\/\">formulario b\u00e1sico con una empresa<\/a> (se proporcionan los totales), es $130+$80=$210. Si tiene un formulario b\u00e1sico con un negocio y un alquiler (se proporcionan los totales), es $130+$80+$80=$290. Si tiene un formulario b\u00e1sico y varias ventas de acciones que requieren el formulario 8949, es $130+$80+un cargo por tiempo=???.<\/p>\n<p>Algunos cargos por acciones cuestan solo $80, pero otros requieren muchas entradas y tiempo invertido&#8230; cualquier venta de acciones con ventas de lavado requiere m\u00e1s tiempo para informarse. Debe comprender que sus inversiones en acciones pueden requerir m\u00e1s trabajo de lo normal y le costar\u00e1 m\u00e1s informar esta <a href=\"https:\/\/apc1040.com\/es\/1099k-tax\/\">actividad al IRS<\/a>.<\/p>\n<h2>Desglosemos esto un poco m\u00e1s&#8230;<\/h2>\n<p>La lista de precios anterior funciona para aproximadamente el 95% de nuestros clientes. Pero ah\u00ed radica el problema: \u00bfqu\u00e9 pasa con el otro 5% de las veces en que las tasas impositivas exceden las tasas impositivas \u201cb\u00e1sicas\u201d publicadas?<\/p>\n<p>\u00bfCu\u00e1ndo deber\u00eda darse cuenta de que sus impuestos son m\u00e1s que \u201cb\u00e1sicos\u201d y deber\u00eda esperar una tarifa impositiva ajustada?<\/p>\n<h2>\u00bfCu\u00e1les son algunas de las razones por las que aumentamos los precios por encima de los cargos &#8220;b\u00e1sicos&#8221;?<\/h2>\n<p>Todo se reduce al nivel de trabajo y tiempo involucrado en lidiar con los impuestos individuales de cada persona. No queremos establecer tarifas en cada formulario utilizado, eso es lo que hacen nuestros grandes competidores y creemos que eso est\u00e1 mal, especialmente cuando tal vez solo haya una entrada en un formulario. Pero s\u00ed tenemos que ser compensados por <strong>nuestro tiempo<\/strong>, <strong>nuestro conocimiento<\/strong> y <strong>nuestra experiencia<\/strong>.<\/p>\n<p>Nuestros formularios que requieren un aumento autom\u00e1tico de tarifas son el Sch C para empresas, el Sch E para alquileres y regal\u00edas y el Formulario 8949 para ventas de acciones que necesitan atenci\u00f3n especial. Estructura de Tarifas del Impuesto sobre la Renta en Akron. Para clientes con negocios o alquileres, mantener el costo al m\u00ednimo significa que nos brindan totales compilados de ingresos y gastos utilizando <a href=\"https:\/\/apc1040.com\/es\/formularios-de-preparacion-de-impuestos-disponibles\/\" target=\"_blank\" rel=\"noopener\">nuestros formularios<\/a> o su propia versi\u00f3n.<\/p>\n<p>No estamos en contra de recopilar estos datos a partir de recibos sin procesar. Es una funci\u00f3n de contabilidad y tenedur\u00eda de libros y cobramos por esto, pero para mantener sus tarifas bajas, nuestros clientes deben traernos los totales para trabajar.<\/p>\n<h2>Otros tipos de devoluciones<\/h2>\n<p>Los rendimientos de la asociaci\u00f3n 1065 comienzan en $250 y aumentan seg\u00fan la complejidad.<\/p>\n<p>1120 Los rendimientos corporativos comienzan en $350 y aumentan seg\u00fan la complejidad.<\/p>\n<p>Los rendimientos de 1041 Estate comienzan en $300 y aumentan seg\u00fan la complejidad.<\/p>\n<h3>No es una devoluci\u00f3n b\u00e1sica cuando\u2026<\/h3>\n<p>Tener un 1099NEC (esta es una declaraci\u00f3n comercial)<\/p>\n<p>Tener 1099MISC<\/p>\n<p>Tener m\u00e1s de 6 W2<\/p>\n<p>Tener m\u00e1s de una declaraci\u00f3n estatal<\/p>\n<p>Tener ventas de acciones o <a href=\"https:\/\/www.schwab.com\/learn\/story\/primer-on-wash-sales\" target=\"_blank\" rel=\"noopener\">ventas de lavado de acciones<\/a> que Requerir el Formulario 8949<\/p>\n<p>Tiene m\u00e1s de 5 ciudades en su w2 y requiere una devoluci\u00f3n de ciudad<\/p>\n<p>Desear\u00eda que esta lista cubriera todos los casos, pero puede que no se deba a la complejidad de las leyes fiscales, sino que solo quer\u00eda cubrir las razones principales del aumento de nuestras tarifas. Adem\u00e1s, hay ocasiones en las que no cobramos estas tarifas adicionales incluso si usted tiene algunos de estos art\u00edculos, dependiendo de la situaci\u00f3n.<\/p>\n<h6 style=\"text-align: center;\">Complejo Gala Commons<\/h6>\n<p style=\"text-align: center;\"><strong>2215 E Waterloo Rd Suite 113<\/strong><\/p>\n<h5 style=\"text-align: center;\">Akron Ohio 44312<\/h5>\n<p style=\"text-align: center;\"><strong>330-733-1040<\/strong><\/p>\n<\/div><\/div><\/div><\/div><\/div><\/div><\/div><\/section>\n","protected":false},"excerpt":{"rendered":"Akron Income Tax Co. &nbsp;Tasas impositivas b\u00e1sicas 2024 Formulario breve b\u00e1sico&nbsp;&nbsp;&nbsp; &nbsp;&nbsp;&nbsp;&nbsp;&nbsp;&nbsp;&nbsp; $ 130 &nbsp; &nbsp; &nbsp; &nbsp; &nbsp; &nbsp; &nbsp;MFS&nbsp; Formulario corto&nbsp; &nbsp; &nbsp; &nbsp; &nbsp; &nbsp; &nbsp; &nbsp; &nbsp; &nbsp; $ 220 Formulario largo b\u00e1sico&nbsp;&nbsp; &nbsp;&nbsp;&nbsp;&nbsp;&nbsp;&nbsp;&nbsp;&nbsp; $ 220 &nbsp; &nbsp; &nbsp; &nbsp; &nbsp; &nbsp; &nbsp; &nbsp;MFS&nbsp; Formato largo&nbsp; &nbsp; &nbsp; &nbsp; &nbsp; &nbsp;...","protected":false},"author":11,"featured_media":2520,"parent":0,"menu_order":0,"comment_status":"closed","ping_status":"closed","template":"","meta":{"_lmt_disableupdate":"no","_lmt_disable":"","_monsterinsights_skip_tracking":false,"_monsterinsights_sitenote_active":false,"_monsterinsights_sitenote_note":"","_monsterinsights_sitenote_category":0,"_uf_show_specific_survey":0,"_uf_disable_surveys":false,"footnotes":""},"class_list":["post-7146","page","type-page","status-publish","has-post-thumbnail","hentry"],"yoast_head":"<!-- This site is optimized with the Yoast SEO Premium plugin v27.3 (Yoast SEO v27.4) - https:\/\/yoast.com\/product\/yoast-seo-premium-wordpress\/ -->\n<title>Estructura de Tarifas del Impuesto sobre la Renta en Akron<\/title>\n<meta name=\"description\" content=\"Conozca nuestras tarifas de preparaci\u00f3n de impuestos en Akron, incluyendo precios b\u00e1sicos y cargos adicionales seg\u00fan la complejidad.\" \/>\n<meta name=\"robots\" content=\"index, follow, max-snippet:-1, max-image-preview:large, max-video-preview:-1\" \/>\n<link rel=\"canonical\" href=\"https:\/\/apc1040.com\/es\/nuestra-estructura-de-tarifas-del-impuesto-sobre-la-renta\/\" \/>\n<meta property=\"og:locale\" content=\"es_ES\" \/>\n<meta property=\"og:type\" content=\"article\" \/>\n<meta property=\"og:title\" content=\"Nuestra estructura de tarifas del impuesto sobre la renta\" \/>\n<meta property=\"og:description\" content=\"Conozca nuestras tarifas de preparaci\u00f3n de impuestos en Akron, incluyendo precios b\u00e1sicos y cargos adicionales seg\u00fan la complejidad.\" \/>\n<meta property=\"og:url\" content=\"https:\/\/apc1040.com\/es\/nuestra-estructura-de-tarifas-del-impuesto-sobre-la-renta\/\" \/>\n<meta property=\"og:site_name\" content=\"Akron Income Tax Preparation\" \/>\n<meta property=\"article:publisher\" content=\"https:\/\/www.facebook.com\/APC1040\" \/>\n<meta property=\"article:modified_time\" content=\"2026-01-07T04:17:57+00:00\" \/>\n<meta property=\"og:image\" content=\"https:\/\/apc1040.com\/wp-content\/uploads\/2021\/02\/money3.jpg\" \/>\n\t<meta property=\"og:image:width\" content=\"800\" \/>\n\t<meta property=\"og:image:height\" content=\"640\" \/>\n\t<meta property=\"og:image:type\" content=\"image\/jpeg\" \/>\n<meta name=\"twitter:card\" content=\"summary_large_image\" \/>\n<meta name=\"twitter:label1\" content=\"Est. reading time\" \/>\n\t<meta name=\"twitter:data1\" content=\"4 minutes\" \/>\n<!-- \/ Yoast SEO Premium plugin. -->","yoast_head_json":{"title":"Estructura de Tarifas del Impuesto sobre la Renta en Akron","description":"Conozca nuestras tarifas de preparaci\u00f3n de impuestos en Akron, incluyendo precios b\u00e1sicos y cargos adicionales seg\u00fan la complejidad.","robots":{"index":"index","follow":"follow","max-snippet":"max-snippet:-1","max-image-preview":"max-image-preview:large","max-video-preview":"max-video-preview:-1"},"canonical":"https:\/\/apc1040.com\/es\/nuestra-estructura-de-tarifas-del-impuesto-sobre-la-renta\/","og_locale":"es_ES","og_type":"article","og_title":"Nuestra estructura de tarifas del impuesto sobre la renta","og_description":"Conozca nuestras tarifas de preparaci\u00f3n de impuestos en Akron, incluyendo precios b\u00e1sicos y cargos adicionales seg\u00fan la complejidad.","og_url":"https:\/\/apc1040.com\/es\/nuestra-estructura-de-tarifas-del-impuesto-sobre-la-renta\/","og_site_name":"Akron Income Tax Preparation","article_publisher":"https:\/\/www.facebook.com\/APC1040","article_modified_time":"2026-01-07T04:17:57+00:00","og_image":[{"width":800,"height":640,"url":"https:\/\/apc1040.com\/wp-content\/uploads\/2021\/02\/money3.jpg","type":"image\/jpeg"}],"twitter_card":"summary_large_image","twitter_misc":{"Est. reading time":"4 minutes"},"schema":{"@context":"https:\/\/schema.org","@graph":[{"@type":"WebPage","@id":"https:\/\/apc1040.com\/es\/nuestra-estructura-de-tarifas-del-impuesto-sobre-la-renta\/","url":"https:\/\/apc1040.com\/es\/nuestra-estructura-de-tarifas-del-impuesto-sobre-la-renta\/","name":"Estructura de Tarifas del Impuesto sobre la Renta en Akron","isPartOf":{"@id":"https:\/\/apc1040.com\/es\/#website"},"primaryImageOfPage":{"@id":"https:\/\/apc1040.com\/es\/nuestra-estructura-de-tarifas-del-impuesto-sobre-la-renta\/#primaryimage"},"image":{"@id":"https:\/\/apc1040.com\/es\/nuestra-estructura-de-tarifas-del-impuesto-sobre-la-renta\/#primaryimage"},"thumbnailUrl":"https:\/\/apc1040.com\/wp-content\/uploads\/2021\/02\/money3.jpg","datePublished":"2024-04-07T14:02:25+00:00","dateModified":"2026-01-07T04:17:57+00:00","description":"Conozca nuestras tarifas de preparaci\u00f3n de impuestos en Akron, incluyendo precios b\u00e1sicos y cargos adicionales seg\u00fan la complejidad.","breadcrumb":{"@id":"https:\/\/apc1040.com\/es\/nuestra-estructura-de-tarifas-del-impuesto-sobre-la-renta\/#breadcrumb"},"inLanguage":"es","potentialAction":[{"@type":"ReadAction","target":["https:\/\/apc1040.com\/es\/nuestra-estructura-de-tarifas-del-impuesto-sobre-la-renta\/"]}]},{"@type":"ImageObject","inLanguage":"es","@id":"https:\/\/apc1040.com\/es\/nuestra-estructura-de-tarifas-del-impuesto-sobre-la-renta\/#primaryimage","url":"https:\/\/apc1040.com\/wp-content\/uploads\/2021\/02\/money3.jpg","contentUrl":"https:\/\/apc1040.com\/wp-content\/uploads\/2021\/02\/money3.jpg","width":800,"height":640,"caption":"money3"},{"@type":"BreadcrumbList","@id":"https:\/\/apc1040.com\/es\/nuestra-estructura-de-tarifas-del-impuesto-sobre-la-renta\/#breadcrumb","itemListElement":[{"@type":"ListItem","position":1,"name":"Home","item":"https:\/\/apc1040.com\/es\/"},{"@type":"ListItem","position":2,"name":"Nuestra estructura de tarifas del impuesto sobre la renta"}]},{"@type":"WebSite","@id":"https:\/\/apc1040.com\/es\/#website","url":"https:\/\/apc1040.com\/es\/","name":"Akron Income Tax Preparation","description":"Income Tax Preparation Service","publisher":{"@id":"https:\/\/apc1040.com\/es\/#organization"},"potentialAction":[{"@type":"SearchAction","target":{"@type":"EntryPoint","urlTemplate":"https:\/\/apc1040.com\/es\/?s={search_term_string}"},"query-input":{"@type":"PropertyValueSpecification","valueRequired":true,"valueName":"search_term_string"}}],"inLanguage":"es"},{"@type":"Organization","@id":"https:\/\/apc1040.com\/es\/#organization","name":"Akron Income Tax Co","url":"https:\/\/apc1040.com\/es\/","logo":{"@type":"ImageObject","inLanguage":"es","@id":"https:\/\/apc1040.com\/es\/#\/schema\/logo\/image\/","url":"https:\/\/apc1040.com\/wp-content\/uploads\/2024\/11\/income-tax-service-akron.jpg","contentUrl":"https:\/\/apc1040.com\/wp-content\/uploads\/2024\/11\/income-tax-service-akron.jpg","width":800,"height":745,"caption":"Akron Income Tax Co"},"image":{"@id":"https:\/\/apc1040.com\/es\/#\/schema\/logo\/image\/"},"sameAs":["https:\/\/www.facebook.com\/APC1040"]}]}},"amp_enabled":true,"_links":{"self":[{"href":"https:\/\/apc1040.com\/es\/wp-json\/wp\/v2\/pages\/7146","targetHints":{"allow":["GET"]}}],"collection":[{"href":"https:\/\/apc1040.com\/es\/wp-json\/wp\/v2\/pages"}],"about":[{"href":"https:\/\/apc1040.com\/es\/wp-json\/wp\/v2\/types\/page"}],"author":[{"embeddable":true,"href":"https:\/\/apc1040.com\/es\/wp-json\/wp\/v2\/users\/11"}],"replies":[{"embeddable":true,"href":"https:\/\/apc1040.com\/es\/wp-json\/wp\/v2\/comments?post=7146"}],"version-history":[{"count":2,"href":"https:\/\/apc1040.com\/es\/wp-json\/wp\/v2\/pages\/7146\/revisions"}],"predecessor-version":[{"id":11358,"href":"https:\/\/apc1040.com\/es\/wp-json\/wp\/v2\/pages\/7146\/revisions\/11358"}],"wp:featuredmedia":[{"embeddable":true,"href":"https:\/\/apc1040.com\/es\/wp-json\/wp\/v2\/media\/2520"}],"wp:attachment":[{"href":"https:\/\/apc1040.com\/es\/wp-json\/wp\/v2\/media?parent=7146"}],"curies":[{"name":"wp","href":"https:\/\/api.w.org\/{rel}","templated":true}]}}