{"id":7144,"date":"2024-02-14T16:58:39","date_gmt":"2024-02-14T21:58:39","guid":{"rendered":"https:\/\/apc1040.com\/?page_id=7144"},"modified":"2025-11-30T18:28:14","modified_gmt":"2025-11-30T23:28:14","slug":"servicios-de-impuestos-sobre-la-renta-kenmore-maximice-sus-ahorros-fiscales","status":"publish","type":"page","link":"https:\/\/apc1040.com\/es\/servicios-de-impuestos-sobre-la-renta-kenmore-maximice-sus-ahorros-fiscales\/","title":{"rendered":"Servicios de impuestos sobre la renta Kenmore: Maximice sus ahorros fiscales"},"content":{"rendered":"<section class=\"l-section wpb_row height_small\"><div class=\"l-section-h i-cf\"><div class=\"g-cols vc_row via_flex valign_top type_default stacking_default\"><div class=\"vc_col-sm-12 wpb_column vc_column_container\"><div class=\"vc_column-inner\"><div class=\"wpb_wrapper\"><div class=\"wpb_text_column\"><div class=\"wpb_wrapper\"><h2><strong>Simplificando sus impuestos: la gu\u00eda esencial para los servicios de impuestos sobre la renta en Kenmore<\/strong><\/h2>\n<p><img decoding=\"async\" class=\"aligncenter\" src=\"https:\/\/apc1040.com\/wp-content\/uploads\/2024\/02\/e4e9a5d208-450x300.jpg\" alt=\"Servicios de impuestos sobre la renta Kenmore, Akron Preparaci\u00f3n de impuestos sobre la renta\" width=\" 450\" data-id=\"67987691-bb69-4faf-9c0d-f906e5a1716c\" \/><\/p>\n<p>La temporada de impuestos puede ser estresante para muchas personas y empresas, pero no tiene por qu\u00e9 serlo. En Akron Income Tax Co, entendemos las complejidades de la presentaci\u00f3n de impuestos, especialmente para individuos y peque\u00f1as empresas en Kenmore. Navegar por los <a href=\"https:\/\/apc1040.com\/es\/servicios-de-impuestos-sobre-la-renta-firestone-park\/\">servicios de impuestos sobre la renta<\/a> para peque\u00f1as empresas en Kenmore es importante porque garantiza el cumplimiento de las regulaciones fiscales locales y al mismo tiempo maximiza las deducciones y cr\u00e9ditos para minimizar su obligaci\u00f3n tributaria. Nuestro equipo de contadores expertos en servicios tributarios est\u00e1 aqu\u00ed para simplificarle el proceso de presentaci\u00f3n de impuestos, brind\u00e1ndole asistencia y orientaci\u00f3n personalizadas en cada paso del camino.<\/p>\n<h2><strong>Comprensi\u00f3n de los servicios de impuestos sobre la renta<\/strong><\/h2>\n<p>Los servicios de <a href=\"https:\/\/apc1040.com\/es\/small-business-income-tax-service\/\">impuestos sobre la renta<\/a> abarcan una variedad de ofertas dise\u00f1adas para ayudar a personas y empresas con sus obligaciones tributarias. Estos servicios cubren un amplio espectro de necesidades, desde preparar y presentar declaraciones de impuestos hasta brindar apoyo en auditor\u00eda y asesoramiento en planificaci\u00f3n fiscal. Estamos a solo 8 minutos en 224 junto al lago Springfield <a href=\"https:\/\/apc1040.com\/es\/oficina-de-waterloo-rd\/\">obt\u00e9n direcciones<\/a> aqu\u00ed.<\/p>\n<h3><strong>Por qu\u00e9 es beneficioso buscar ayuda profesional.<\/strong><\/h3>\n<p>Navegar por las complejidades de las leyes tributarias puede ser un desaf\u00edo, especialmente para quienes no tienen experiencia en contabilidad o finanzas. Obtener ayuda de profesionales experimentados, como los servicios de preparaci\u00f3n de impuestos, garantiza que sus impuestos se realicen correctamente y sigan las reglas. Estos expertos saben todo sobre las deducciones y cr\u00e9ditos fiscales, lo que significa que pueden ayudarle a pagar menos impuestos y recuperar m\u00e1s dinero en reembolsos. Buscar ayuda profesional para sus impuestos es una decisi\u00f3n beneficiosa que puede <a href=\"https:\/\/apc1040.com\/es\/maximizar-el-ahorro-fiscal-con-deducciones-por-obsequios-empresariales-una-guia-completa\/\">maximice sus ahorros fiscales<\/a>.<\/p>\n<h3><img decoding=\"async\" class=\"aligncenter\" src=\"https:\/\/apc1040.com\/wp-content\/uploads\/2024\/01\/3kwGEO_tax_service-450x253.jpg\" alt=\"Servicios de impuestos sobre la renta Kenmore, Akron Preparaci\u00f3n de impuestos sobre la renta\" data-id=\"13172949-d60e-444c-8a06-29985af7dcd2\" \/><\/h3>\n<h3><strong>La importancia de una declaraci\u00f3n de impuestos precisa<\/strong><\/h3>\n<p>La presentaci\u00f3n de impuestos precisa es fundamental para evitar sanciones y auditor\u00edas por parte de las autoridades fiscales. Incluso los errores honestos pueden tener consecuencias costosas, lo que subraya la importancia de la minuciosidad y la atenci\u00f3n al detalle al preparar las declaraciones de impuestos. Al confiar su presentaci\u00f3n y contabilidad de impuestos a un preparador de impuestos profesional, puede tener la tranquilidad de saber que sus impuestos est\u00e1n en manos competentes. Programe una consulta gratuita con nuestro equipo para comprender qu\u00e9 servicios funcionan mejor para su negocio.<\/p>\n<p>Comprender los servicios de impuestos sobre la renta permite a las personas y empresas tomar decisiones informadas sobre sus obligaciones tributarias. Con el apoyo adecuado, navegar la temporada de impuestos se vuelve m\u00e1s manejable, permiti\u00e9ndole concentrarse en otros aspectos de su vida o negocio.<\/p>\n<h2><strong>La importancia del panorama fiscal de Kenmore<\/strong><\/h2>\n<p>Como cualquier otra localidad, Kenmore es parte de Akron y tiene regulaciones fiscales \u00fanicas que los residentes y las empresas deben cumplir. Comprender estas regulaciones es esencial para garantizar el cumplimiento y minimizar las obligaciones tributarias.<\/p>\n<p><strong>Relacionado:<\/strong> <a href=\"https:\/\/apc1040.com\/es\/servicios-de-declaracion-de-impuestos-sobre-la-renta-en-hartville\/\">Servicios de impuestos sobre la renta en Hartville<\/a><\/p>\n<h3><strong>Descripci\u00f3n general de las regulaciones fiscales de Kenmore<\/strong><\/h3>\n<p>Kenmore, al ser parte de Akron, impone varios impuestos a sus residentes y empresas, incluidos impuestos sobre la renta, la propiedad, las ventas y los negocios. Las tarifas y regulaciones que rigen estos impuestos pueden variar seg\u00fan la jurisdicci\u00f3n espec\u00edfica dentro de Kenmore. <strong>Los contribuyentes deben<\/strong> conocer estas regulaciones para evitar sanciones y garantizar una presentaci\u00f3n de impuestos precisa.<\/p>\n<h3><strong>C\u00f3mo afectan las leyes fiscales locales a los residentes<\/strong><\/h3>\n<p>Las leyes tributarias locales impactan directamente las obligaciones financieras de los residentes y la calidad de vida en general. Por ejemplo, las tasas del impuesto a la propiedad afectan los gastos de los propietarios de viviendas, mientras que <a href=\"https:\/\/apc1040.com\/es\/nuestra-estructura-de-tarifas-del-impuesto-sobre-la-renta\/\">las tasas del impuesto a la renta<\/a> determinan los impuestos que las personas deben al gobierno local. Comprender estas leyes permite a los residentes planificar sus finanzas de manera efectiva y utilizar los <a href=\"https:\/\/apc1040.com\/es\/deducciones-por-publicidad-y-marketing-maximizar-sus-beneficios-fiscales\/\">beneficios fiscales<\/a> disponibles.<\/p>\n<h3><strong>Navegando por las deducciones fiscales espec\u00edficas de Kenmore<\/strong><\/h3>\n<p>Kenmore puede ofrecer deducciones o cr\u00e9ditos fiscales espec\u00edficos que sean exclusivos de la localidad. Estas deducciones podr\u00edan incluir incentivos para renovaciones de viviendas, mejoras de eficiencia energ\u00e9tica o inversiones en empresas locales. Para navegar por estas deducciones es necesario comprender a fondo las leyes y regulaciones fiscales de Kenmore. Nuestro equipo en\u00a0<a href=\"https:\/\/apc1040.com\/es\/\" target=\"_blank\" rel=\"noopener noreferrer\">apc1040.com<\/a> puede ayudar a identificar las deducciones elegibles y garantizar que los contribuyentes aprovechen al m\u00e1ximo los beneficios disponibles. .<\/p>\n<h2><strong>Servicios ofrecidos por Akron Income Tax Co<\/strong><\/h2>\n<p>En\u00a0<a href=\"https:\/\/apc1040.com\/es\/\" target=\"_blank\" rel=\"noopener noreferrer\">apc1040.com<\/a>, ofrecemos una amplia gama de servicios fiscales dise\u00f1ados para satisfacer las diversas necesidades de nosotros.r clientes. Nuestros servicios incluyen:<\/p>\n<ul>\n<li><strong>Consultas fiscales personalizadas:<\/strong> Entendemos que cada contribuyente tiene circunstancias y objetivos financieros \u00fanicos. Brindamos consultas tributarias individuales para comprender sus necesidades, abordar cualquier inquietud y crear un plan tributario personalizado para ayudarlo a ahorrar dinero y reducir lo que debe.<\/li>\n<li><strong>Asistencia de presentaci\u00f3n para individuos y empresas:<\/strong> Ya sea usted un contribuyente individual o propietario de una empresa, nuestro equipo est\u00e1 aqu\u00ed para ayudarlo con todos los aspectos de la declaraci\u00f3n de impuestos. Nos ocupamos de sus impuestos de principio a fin, asegur\u00e1ndonos de que se hagan correctamente y se presenten a tiempo. Esto le permite concentrarse en sus actividades personales o comerciales sin preocuparse por los problemas relacionados con los impuestos.<\/li>\n<li><strong>Servicios de soporte de auditor\u00eda y planificaci\u00f3n fiscal:<\/strong> Enfrentar una auditor\u00eda del IRS puede ser una experiencia desalentadora. Nuestros experimentados profesionales en impuestos brindan soporte de auditor\u00eda integral para ayudarlo a navegar con confianza el proceso de auditor\u00eda. Tambi\u00e9n ofrecemos servicios de planificaci\u00f3n fiscal proactiva para ayudarle a minimizar sus obligaciones fiscales y maximizar sus ahorros durante todo el a\u00f1o.<\/li>\n<\/ul>\n<h2><strong>Beneficios de elegirnos<\/strong><\/h2>\n<p>Estamos orgullosos de nuestro compromiso con la excelencia y la satisfacci\u00f3n del cliente. Nuestro equipo est\u00e1 formado por profesionales altamente capacitados dedicados a brindar un servicio de primer nivel a nuestros clientes. Cuando nos elige para sus necesidades fiscales, puede esperar una gran experiencia:<\/p>\n<ol>\n<li><strong>Experiencia:<\/strong> Nuestro equipo tiene a\u00f1os de experiencia en la industria tributaria y se mantiene actualizado sobre las \u00faltimas leyes y regulaciones tributarias. Tenemos el conocimiento y la experiencia para manejar eficientemente incluso las situaciones fiscales m\u00e1s complejas.<\/li>\n<li><strong>Servicio personalizado:<\/strong> Entendemos que cada cliente es \u00fanico, por lo que ofrecemos un servicio personalizado adaptado a sus necesidades y circunstancias espec\u00edficas. Ya sea usted un particular o el propietario de una empresa, nos tomamos el tiempo para comprender sus objetivos y desarrollar una estrategia fiscal personalizada que funcione para usted.<\/li>\n<li><strong>Precisi\u00f3n:<\/strong> Estamos orgullosos de la precisi\u00f3n de nuestro trabajo. Con nuestra atenci\u00f3n al detalle y nuestro exhaustivo proceso de revisi\u00f3n, puede confiar en que sus impuestos se presentar\u00e1n correctamente la primera vez, minimizando el riesgo de errores y auditor\u00edas.<\/li>\n<li><strong>Accesibilidad: <\/strong>Creemos en hacer que la presentaci\u00f3n de impuestos sea lo m\u00e1s conveniente para nuestros clientes. Es por eso que ofrecemos opciones de programaci\u00f3n flexibles y servicios en l\u00ednea que le permiten acceder a su informaci\u00f3n fiscal en cualquier momento y lugar.<\/li>\n<li><strong>Maximizar las deducciones y cr\u00e9ditos fiscales:<\/strong> Nuestro objetivo es ayudar a los clientes a maximizar sus ahorros fiscales mediante la identificaci\u00f3n de deducciones y cr\u00e9ditos elegibles. Nos tomamos el tiempo para revisar minuciosamente su situaci\u00f3n financiera y explorar todas las oportunidades de ahorro de impuestos disponibles. Ya sea que reclame deducciones por contribuciones caritativas o aproveche cr\u00e9ditos fiscales para gastos educativos, nos aseguramos de que obtenga todos los beneficios fiscales a los que tiene derecho.<\/li>\n<\/ol>\n<h2><strong>El futuro de la presentaci\u00f3n de impuestos en Kenmore<\/strong><\/h2>\n<p>A medida que las regulaciones tributarias contin\u00faan evolucionando, los contribuyentes deben mantenerse informados sobre los cambios anticipados y adaptar sus estrategias en consecuencia. As\u00ed es como podr\u00eda ser el futuro de la presentaci\u00f3n de impuestos en Kenmore y c\u00f3mo estamos preparados para enfrentar los desaf\u00edos que se avecinan:<\/p>\n<h3><strong>Cambios previstos en las regulaciones fiscales<\/strong><\/h3>\n<p>El panorama de las regulaciones tributarias cambia constantemente, influenciado por factores como las condiciones econ\u00f3micas, las decisiones legislativas y las tendencias sociales. En Kenmore, los contribuyentes pueden esperar cambios en las tasas impositivas, las deducciones y los requisitos de presentaci\u00f3n de informes en los pr\u00f3ximos a\u00f1os. Mantenerse al tanto de estos cambios es crucial para garantizar el cumplimiento y minimizar las obligaciones tributarias.<\/p>\n<h3><strong>C\u00f3mo nos adaptamos a la evoluci\u00f3n de las leyes fiscales<\/strong><\/h3>\n<p>En\u00a0apc1040.com, entendemos la importancia de mantenerse a la vanguardia en materia de regulaciones fiscales. Nuestro equipo de expertos monitorea continuamente los cambios en las leyes y regulaciones tributarias a nivel local, estatal y federal. Actualizamos nuestros procesos y sistemas de software en consecuencia para garantizar que nuestros clientes reciban asesoramiento y asistencia tributaria precisa y actualizada, especialmente durante la temporada alta de impuestos de enero a abril, cuando todas nuestras oficinas est\u00e1n abiertas de lunes a jueves de 9 a.m. 7 p.m. , viernes de 9 a 17 horas. y s\u00e1bado de 9 a 15 hs. Una vez finalizada la temporada de impuestos, nuestra oficina permanece abierta todo el a\u00f1o, con cita previa.<\/p>\n<h3><strong>Garantizar un soporte continuo para los clientes en el futuro<\/strong><\/h3>\n<p>Adem\u00e1s, nuestro compromiso con la satisfacci\u00f3n del cliente se extiende hasta el futuro. A medida que las regulaciones fiscales evolucionan, seguimos dedicados a brindarles a nuestros clientes el mejor servicio y soporte. Nos mantenemos al d\u00eda con las \u00faltimas leyes tributarias y ofrecemos soporte continuo para ayudar a nuestros clientes de Kenmore a manejar su declaraci\u00f3n de impuestos sin problemas.<\/p>\n<h2><strong>Conclusi\u00f3n<\/strong><\/h2>\n<p>En conclusi\u00f3n, los servicios de impuestos sobre la renta desempe\u00f1an un papel vital en el bienestar financiero de las personas y las empresas en Kenmore. Al asociarseCon apc1040.com, los contribuyentes pueden simplificar el proceso de presentaci\u00f3n de impuestos y tener la tranquilidad de saber que sus impuestos est\u00e1n en manos expertas.<\/p>\n<p>Ofrecemos asistencia personalizada, orientaci\u00f3n experta y procesos simplificados para que la presentaci\u00f3n de impuestos sea eficiente y sin estr\u00e9s para nuestros clientes. Ya sea que sea un contribuyente por primera vez o un contribuyente experimentado, lo alentamos a que se comunique con nosotros para obtener asistencia personalizada con sus necesidades tributarias. No deje que la temporada de impuestos lo abrume: reserve una consulta con nosotros hoy para presentar su declaraci\u00f3n de impuestos sin estr\u00e9s en Kenmore.<\/p>\n<h2>Preguntas frecuentes<\/h2>\n<h3>\u00bfC\u00f3mo encuentro los mejores servicios de impuestos sobre la renta en Kenmore?<\/h3>\n<p>Para encontrar los mejores servicios de impuestos sobre la renta en Kenmore, considere pedir recomendaciones a amigos, familiares o colegas que hayan utilizado servicios de impuestos en el \u00e1rea. Adem\u00e1s, lea rese\u00f1as en l\u00ednea y compare los servicios ofrecidos, la experiencia y los precios para tomar una decisi\u00f3n informada.<\/p>\n<h3>\u00bfCu\u00e1nto cuestan normalmente los servicios de impuestos sobre la renta en Kenmore?<\/h3>\n<p>El costo de los servicios de impuestos sobre la renta en Kenmore puede variar dependiendo de factores como la complejidad de su situaci\u00f3n fiscal y los servicios espec\u00edficos que requiera. En promedio, puede esperar pagar entre $ 150 y $ 450 por servicios profesionales de impuestos sobre la renta en Kenmore. <a href=\"https:\/\/apc1040.com\/es\/nuestra-estructura-de-tarifas-del-impuesto-sobre-la-renta\/\">Tenemos precios fijos<\/a> \u00a1ll\u00e1manos para una cotizaci\u00f3n!<\/p>\n<h3>\u00bfQu\u00e9 tipos de impuestos sobre la renta se pueden presentar a trav\u00e9s de un proveedor de servicios de impuestos sobre la renta en Kenmore?<\/h3>\n<p>Los servicios de impuestos sobre la renta en Kenmore pueden ayudar a personas y empresas a presentar varios tipos de impuestos sobre la renta, incluidos el impuesto federal sobre la renta, el impuesto estatal sobre la renta y el impuesto sobre la renta local. Estos servicios pueden garantizar una presentaci\u00f3n precisa y oportuna, maximizando las deducciones y cr\u00e9ditos para minimizar la obligaci\u00f3n tributaria.<\/p>\n<\/div><\/div><\/div><\/div><\/div><\/div><\/div><\/section>\n","protected":false},"excerpt":{"rendered":"Simplificando sus impuestos: la gu\u00eda esencial para los servicios de impuestos sobre la renta en Kenmore La temporada de impuestos puede ser estresante para muchas personas y empresas, pero no tiene por qu\u00e9 serlo. En Akron Income Tax Co, entendemos las complejidades de la presentaci\u00f3n de impuestos, especialmente para individuos y peque\u00f1as empresas en Kenmore....","protected":false},"author":11,"featured_media":10361,"parent":0,"menu_order":0,"comment_status":"closed","ping_status":"closed","template":"","meta":{"_lmt_disableupdate":"no","_lmt_disable":"","_monsterinsights_skip_tracking":false,"_monsterinsights_sitenote_active":false,"_monsterinsights_sitenote_note":"","_monsterinsights_sitenote_category":0,"_uf_show_specific_survey":0,"_uf_disable_surveys":false,"footnotes":""},"class_list":["post-7144","page","type-page","status-publish","has-post-thumbnail","hentry"],"yoast_head":"<!-- This site is optimized with the Yoast SEO Premium plugin v27.3 (Yoast SEO v27.4) - https:\/\/yoast.com\/product\/yoast-seo-premium-wordpress\/ -->\n<title>Servicios de impuestos sobre la renta kenmore<\/title>\n<meta name=\"description\" content=\"Simplifique su proceso de declaraci\u00f3n de impuestos. Nuestros contadores expertos brindan asistencia y orientaci\u00f3n personalizadas.\" \/>\n<meta name=\"robots\" content=\"index, follow, max-snippet:-1, max-image-preview:large, max-video-preview:-1\" \/>\n<link rel=\"canonical\" href=\"https:\/\/apc1040.com\/es\/servicios-de-impuestos-sobre-la-renta-kenmore-maximice-sus-ahorros-fiscales\/\" \/>\n<meta property=\"og:locale\" content=\"es_ES\" \/>\n<meta property=\"og:type\" content=\"article\" \/>\n<meta property=\"og:title\" content=\"Servicios de impuestos sobre la renta Kenmore: Maximice sus ahorros fiscales\" \/>\n<meta property=\"og:description\" content=\"Simplifique su proceso de declaraci\u00f3n de impuestos. Nuestros contadores expertos brindan asistencia y orientaci\u00f3n personalizadas.\" \/>\n<meta property=\"og:url\" content=\"https:\/\/apc1040.com\/es\/servicios-de-impuestos-sobre-la-renta-kenmore-maximice-sus-ahorros-fiscales\/\" \/>\n<meta property=\"og:site_name\" content=\"Akron Income Tax Preparation\" \/>\n<meta property=\"article:publisher\" content=\"https:\/\/www.facebook.com\/APC1040\" \/>\n<meta property=\"article:modified_time\" content=\"2025-11-30T23:28:14+00:00\" \/>\n<meta property=\"og:image\" content=\"https:\/\/apc1040.com\/wp-content\/uploads\/2025\/01\/im2.jpg\" \/>\n\t<meta property=\"og:image:width\" content=\"480\" \/>\n\t<meta property=\"og:image:height\" content=\"270\" \/>\n\t<meta property=\"og:image:type\" content=\"image\/jpeg\" \/>\n<meta name=\"twitter:card\" content=\"summary_large_image\" \/>\n<meta name=\"twitter:label1\" content=\"Est. reading time\" \/>\n\t<meta name=\"twitter:data1\" content=\"9 minutes\" \/>\n<!-- \/ Yoast SEO Premium plugin. -->","yoast_head_json":{"title":"Servicios de impuestos sobre la renta kenmore","description":"Simplifique su proceso de declaraci\u00f3n de impuestos. Nuestros contadores expertos brindan asistencia y orientaci\u00f3n personalizadas.","robots":{"index":"index","follow":"follow","max-snippet":"max-snippet:-1","max-image-preview":"max-image-preview:large","max-video-preview":"max-video-preview:-1"},"canonical":"https:\/\/apc1040.com\/es\/servicios-de-impuestos-sobre-la-renta-kenmore-maximice-sus-ahorros-fiscales\/","og_locale":"es_ES","og_type":"article","og_title":"Servicios de impuestos sobre la renta Kenmore: Maximice sus ahorros fiscales","og_description":"Simplifique su proceso de declaraci\u00f3n de impuestos. Nuestros contadores expertos brindan asistencia y orientaci\u00f3n personalizadas.","og_url":"https:\/\/apc1040.com\/es\/servicios-de-impuestos-sobre-la-renta-kenmore-maximice-sus-ahorros-fiscales\/","og_site_name":"Akron Income Tax Preparation","article_publisher":"https:\/\/www.facebook.com\/APC1040","article_modified_time":"2025-11-30T23:28:14+00:00","og_image":[{"width":480,"height":270,"url":"https:\/\/apc1040.com\/wp-content\/uploads\/2025\/01\/im2.jpg","type":"image\/jpeg"}],"twitter_card":"summary_large_image","twitter_misc":{"Est. reading time":"9 minutes"},"schema":{"@context":"https:\/\/schema.org","@graph":[{"@type":"WebPage","@id":"https:\/\/apc1040.com\/es\/servicios-de-impuestos-sobre-la-renta-kenmore-maximice-sus-ahorros-fiscales\/","url":"https:\/\/apc1040.com\/es\/servicios-de-impuestos-sobre-la-renta-kenmore-maximice-sus-ahorros-fiscales\/","name":"Servicios de impuestos sobre la renta kenmore","isPartOf":{"@id":"https:\/\/apc1040.com\/es\/#website"},"primaryImageOfPage":{"@id":"https:\/\/apc1040.com\/es\/servicios-de-impuestos-sobre-la-renta-kenmore-maximice-sus-ahorros-fiscales\/#primaryimage"},"image":{"@id":"https:\/\/apc1040.com\/es\/servicios-de-impuestos-sobre-la-renta-kenmore-maximice-sus-ahorros-fiscales\/#primaryimage"},"thumbnailUrl":"https:\/\/apc1040.com\/wp-content\/uploads\/2025\/01\/im2.jpg","datePublished":"2024-02-14T21:58:39+00:00","dateModified":"2025-11-30T23:28:14+00:00","description":"Simplifique su proceso de declaraci\u00f3n de impuestos. Nuestros contadores expertos brindan asistencia y orientaci\u00f3n personalizadas.","breadcrumb":{"@id":"https:\/\/apc1040.com\/es\/servicios-de-impuestos-sobre-la-renta-kenmore-maximice-sus-ahorros-fiscales\/#breadcrumb"},"inLanguage":"es","potentialAction":[{"@type":"ReadAction","target":["https:\/\/apc1040.com\/es\/servicios-de-impuestos-sobre-la-renta-kenmore-maximice-sus-ahorros-fiscales\/"]}]},{"@type":"ImageObject","inLanguage":"es","@id":"https:\/\/apc1040.com\/es\/servicios-de-impuestos-sobre-la-renta-kenmore-maximice-sus-ahorros-fiscales\/#primaryimage","url":"https:\/\/apc1040.com\/wp-content\/uploads\/2025\/01\/im2.jpg","contentUrl":"https:\/\/apc1040.com\/wp-content\/uploads\/2025\/01\/im2.jpg","width":480,"height":270,"caption":"Income Tax Services Kenmore"},{"@type":"BreadcrumbList","@id":"https:\/\/apc1040.com\/es\/servicios-de-impuestos-sobre-la-renta-kenmore-maximice-sus-ahorros-fiscales\/#breadcrumb","itemListElement":[{"@type":"ListItem","position":1,"name":"Home","item":"https:\/\/apc1040.com\/es\/"},{"@type":"ListItem","position":2,"name":"Servicios de impuestos sobre la renta Kenmore: Maximice sus ahorros fiscales"}]},{"@type":"WebSite","@id":"https:\/\/apc1040.com\/es\/#website","url":"https:\/\/apc1040.com\/es\/","name":"Akron Income Tax Preparation","description":"Income Tax Preparation Service","publisher":{"@id":"https:\/\/apc1040.com\/es\/#organization"},"potentialAction":[{"@type":"SearchAction","target":{"@type":"EntryPoint","urlTemplate":"https:\/\/apc1040.com\/es\/?s={search_term_string}"},"query-input":{"@type":"PropertyValueSpecification","valueRequired":true,"valueName":"search_term_string"}}],"inLanguage":"es"},{"@type":"Organization","@id":"https:\/\/apc1040.com\/es\/#organization","name":"Akron Income Tax Co","url":"https:\/\/apc1040.com\/es\/","logo":{"@type":"ImageObject","inLanguage":"es","@id":"https:\/\/apc1040.com\/es\/#\/schema\/logo\/image\/","url":"https:\/\/apc1040.com\/wp-content\/uploads\/2024\/11\/income-tax-service-akron.jpg","contentUrl":"https:\/\/apc1040.com\/wp-content\/uploads\/2024\/11\/income-tax-service-akron.jpg","width":800,"height":745,"caption":"Akron Income Tax Co"},"image":{"@id":"https:\/\/apc1040.com\/es\/#\/schema\/logo\/image\/"},"sameAs":["https:\/\/www.facebook.com\/APC1040"]}]}},"amp_enabled":true,"_links":{"self":[{"href":"https:\/\/apc1040.com\/es\/wp-json\/wp\/v2\/pages\/7144","targetHints":{"allow":["GET"]}}],"collection":[{"href":"https:\/\/apc1040.com\/es\/wp-json\/wp\/v2\/pages"}],"about":[{"href":"https:\/\/apc1040.com\/es\/wp-json\/wp\/v2\/types\/page"}],"author":[{"embeddable":true,"href":"https:\/\/apc1040.com\/es\/wp-json\/wp\/v2\/users\/11"}],"replies":[{"embeddable":true,"href":"https:\/\/apc1040.com\/es\/wp-json\/wp\/v2\/comments?post=7144"}],"version-history":[{"count":2,"href":"https:\/\/apc1040.com\/es\/wp-json\/wp\/v2\/pages\/7144\/revisions"}],"predecessor-version":[{"id":11268,"href":"https:\/\/apc1040.com\/es\/wp-json\/wp\/v2\/pages\/7144\/revisions\/11268"}],"wp:featuredmedia":[{"embeddable":true,"href":"https:\/\/apc1040.com\/es\/wp-json\/wp\/v2\/media\/10361"}],"wp:attachment":[{"href":"https:\/\/apc1040.com\/es\/wp-json\/wp\/v2\/media?parent=7144"}],"curies":[{"name":"wp","href":"https:\/\/api.w.org\/{rel}","templated":true}]}}