{"id":7099,"date":"2024-05-08T12:04:50","date_gmt":"2024-05-08T16:04:50","guid":{"rendered":"https:\/\/apc1040.com\/?page_id=7099"},"modified":"2024-05-08T14:17:16","modified_gmt":"2024-05-08T18:17:16","slug":"portal-seguro","status":"publish","type":"page","link":"https:\/\/apc1040.com\/es\/portal-seguro\/","title":{"rendered":"Akron Income Tax Co: Portal seguro"},"content":{"rendered":"<h2>Este es nuestro Portal Seguro para Documentos<\/h2>\n<p><img decoding=\"async\" width=\"376\" height=\"350\" class=\"wp-image-6063 aligncenter\" src=\"https:\/\/apc1040.com\/wp-content\/uploads\/2024\/02\/Office-Pic-no-prices-376x350.jpg\" alt=\"Impuesto Akron Oficina\" srcset=\"https:\/\/apc1040.com\/wp-content\/uploads\/2024\/02\/Office-Pic-no-prices-376x350.jpg 376w, https:\/\/apc1040.com\/wp-content\/uploads\/2024\/02\/Office-Pic-no-prices-780x727.jpg 780w, https:\/\/apc1040.com\/wp-content\/uploads\/2024\/02\/Office-Pic-no-prices-600x559.jpg 600w, https:\/\/apc1040.com\/wp-content\/uploads\/2024\/02\/Office-Pic-no-prices-768x716.jpg 768w\" sizes=\"(max-width: 376px) 100vw, 376px\" \/><\/p>\n<p>Este es el lugar correcto para enviarnos informaci\u00f3n adicional si ya inici\u00f3 el proceso de presentaci\u00f3n de impuestos con nosotros o si le solicitamos que nos env\u00ede documentos.<\/p>\n<p>No utilice este portal si a\u00fan no ha completado nuestro <a href=\"https:\/\/apc1040.com\/wp-content\/uploads\/2024\/02\/droppoffform22.pdf\" target=\"_blank\" rel=\"noopener\">formulario de informaci\u00f3n fiscal<\/a> ya sea con nuestra <a href=\"https:\/\/apc1040.com\/taxpayer-information-form\/\" target=\"_blank\" rel=\"noopener\">opci\u00f3n file@home<\/a> o en nuestra oficina cuando entreg\u00f3 sus impuestos a menos que se lo solicitemos.<\/p>\n<h2 style=\"text-align: center;\"><em><a href=\"https:\/\/verifyle.com\/@akronincometaxco\" target=\"_blank\" rel=\"noopener\">Nuestro portal seguro<\/a> <\/em><\/h2>\n","protected":false},"excerpt":{"rendered":"<p>Este es nuestro Portal Seguro para Documentos Este es el lugar correcto para enviarnos informaci\u00f3n adicional si ya inici\u00f3 el proceso de presentaci\u00f3n de impuestos con nosotros o si le solicitamos que nos env\u00ede documentos. No utilice este portal si a\u00fan no ha completado nuestro formulario de informaci\u00f3n fiscal ya sea con nuestra opci\u00f3n file@home&#8230;<\/p>\n","protected":false},"author":11,"featured_media":0,"parent":0,"menu_order":0,"comment_status":"closed","ping_status":"closed","template":"","meta":{"_lmt_disableupdate":"no","_lmt_disable":"","_monsterinsights_skip_tracking":false,"_monsterinsights_sitenote_active":false,"_monsterinsights_sitenote_note":"","_monsterinsights_sitenote_category":0,"_uf_show_specific_survey":0,"_uf_disable_surveys":false,"footnotes":""},"class_list":["post-7099","page","type-page","status-publish","hentry"],"yoast_head":"<!-- This site is optimized with the Yoast SEO Premium plugin v27.3 (Yoast SEO v27.4) - https:\/\/yoast.com\/product\/yoast-seo-premium-wordpress\/ -->\n<title>Akron Income Tax Co: Portal seguro | Akron Income Tax Preparation<\/title>\n<meta name=\"description\" content=\"Este es nuestro Portal Seguro para Documentos Este es el lugar correcto para enviarnos informaci\u00f3n adicional si ya inici\u00f3 el proceso de presentaci\u00f3n de\" \/>\n<meta name=\"robots\" content=\"noindex, nofollow\" \/>\n<meta property=\"og:locale\" content=\"es_ES\" \/>\n<meta property=\"og:type\" content=\"article\" \/>\n<meta property=\"og:title\" content=\"Akron Income Tax Co: Portal seguro\" \/>\n<meta property=\"og:description\" content=\"Este es nuestro Portal Seguro para Documentos Este es el lugar correcto para enviarnos informaci\u00f3n adicional si ya inici\u00f3 el proceso de presentaci\u00f3n de\" \/>\n<meta property=\"og:url\" content=\"https:\/\/apc1040.com\/es\/portal-seguro\/\" \/>\n<meta property=\"og:site_name\" content=\"Akron Income Tax Preparation\" \/>\n<meta property=\"article:publisher\" content=\"https:\/\/www.facebook.com\/APC1040\" \/>\n<meta property=\"article:modified_time\" content=\"2024-05-08T18:17:16+00:00\" \/>\n<meta property=\"og:image\" content=\"https:\/\/apc1040.com\/wp-content\/uploads\/2024\/02\/Office-Pic-no-prices-376x350.jpg\" \/>\n<meta name=\"twitter:card\" content=\"summary_large_image\" \/>\n<meta name=\"twitter:label1\" content=\"Est. reading time\" \/>\n\t<meta name=\"twitter:data1\" content=\"1 minute\" \/>\n<!-- \/ Yoast SEO Premium plugin. -->","yoast_head_json":{"title":"Akron Income Tax Co: Portal seguro | Akron Income Tax Preparation","description":"Este es nuestro Portal Seguro para Documentos Este es el lugar correcto para enviarnos informaci\u00f3n adicional si ya inici\u00f3 el proceso de presentaci\u00f3n de","robots":{"index":"noindex","follow":"nofollow"},"og_locale":"es_ES","og_type":"article","og_title":"Akron Income Tax Co: Portal seguro","og_description":"Este es nuestro Portal Seguro para Documentos Este es el lugar correcto para enviarnos informaci\u00f3n adicional si ya inici\u00f3 el proceso de presentaci\u00f3n de","og_url":"https:\/\/apc1040.com\/es\/portal-seguro\/","og_site_name":"Akron Income Tax Preparation","article_publisher":"https:\/\/www.facebook.com\/APC1040","article_modified_time":"2024-05-08T18:17:16+00:00","og_image":[{"url":"https:\/\/apc1040.com\/wp-content\/uploads\/2024\/02\/Office-Pic-no-prices-376x350.jpg","type":"","width":"","height":""}],"twitter_card":"summary_large_image","twitter_misc":{"Est. reading time":"1 minute"},"schema":{"@context":"https:\/\/schema.org","@graph":[{"@type":"WebPage","@id":"https:\/\/apc1040.com\/es\/portal-seguro\/","url":"https:\/\/apc1040.com\/es\/portal-seguro\/","name":"Akron Income Tax Co: Portal seguro | Akron Income Tax Preparation","isPartOf":{"@id":"https:\/\/apc1040.com\/es\/#website"},"primaryImageOfPage":{"@id":"https:\/\/apc1040.com\/es\/portal-seguro\/#primaryimage"},"image":{"@id":"https:\/\/apc1040.com\/es\/portal-seguro\/#primaryimage"},"thumbnailUrl":"https:\/\/apc1040.com\/wp-content\/uploads\/2024\/02\/Office-Pic-no-prices-376x350.jpg","datePublished":"2024-05-08T16:04:50+00:00","dateModified":"2024-05-08T18:17:16+00:00","description":"Este es nuestro Portal Seguro para Documentos Este es el lugar correcto para enviarnos informaci\u00f3n adicional si ya inici\u00f3 el proceso de presentaci\u00f3n de","breadcrumb":{"@id":"https:\/\/apc1040.com\/es\/portal-seguro\/#breadcrumb"},"inLanguage":"es","potentialAction":[{"@type":"ReadAction","target":["https:\/\/apc1040.com\/es\/portal-seguro\/"]}]},{"@type":"ImageObject","inLanguage":"es","@id":"https:\/\/apc1040.com\/es\/portal-seguro\/#primaryimage","url":"https:\/\/apc1040.com\/wp-content\/uploads\/2024\/02\/Office-Pic-no-prices-376x350.jpg","contentUrl":"https:\/\/apc1040.com\/wp-content\/uploads\/2024\/02\/Office-Pic-no-prices-376x350.jpg"},{"@type":"BreadcrumbList","@id":"https:\/\/apc1040.com\/es\/portal-seguro\/#breadcrumb","itemListElement":[{"@type":"ListItem","position":1,"name":"Home","item":"https:\/\/apc1040.com\/es\/"},{"@type":"ListItem","position":2,"name":"Akron Income Tax Co: Portal seguro"}]},{"@type":"WebSite","@id":"https:\/\/apc1040.com\/es\/#website","url":"https:\/\/apc1040.com\/es\/","name":"Akron Income Tax Preparation","description":"Income Tax Preparation Service","publisher":{"@id":"https:\/\/apc1040.com\/es\/#organization"},"potentialAction":[{"@type":"SearchAction","target":{"@type":"EntryPoint","urlTemplate":"https:\/\/apc1040.com\/es\/?s={search_term_string}"},"query-input":{"@type":"PropertyValueSpecification","valueRequired":true,"valueName":"search_term_string"}}],"inLanguage":"es"},{"@type":"Organization","@id":"https:\/\/apc1040.com\/es\/#organization","name":"Akron Income Tax Co","url":"https:\/\/apc1040.com\/es\/","logo":{"@type":"ImageObject","inLanguage":"es","@id":"https:\/\/apc1040.com\/es\/#\/schema\/logo\/image\/","url":"https:\/\/apc1040.com\/wp-content\/uploads\/2024\/11\/income-tax-service-akron.jpg","contentUrl":"https:\/\/apc1040.com\/wp-content\/uploads\/2024\/11\/income-tax-service-akron.jpg","width":800,"height":745,"caption":"Akron Income Tax Co"},"image":{"@id":"https:\/\/apc1040.com\/es\/#\/schema\/logo\/image\/"},"sameAs":["https:\/\/www.facebook.com\/APC1040"]}]}},"amp_enabled":true,"_links":{"self":[{"href":"https:\/\/apc1040.com\/es\/wp-json\/wp\/v2\/pages\/7099","targetHints":{"allow":["GET"]}}],"collection":[{"href":"https:\/\/apc1040.com\/es\/wp-json\/wp\/v2\/pages"}],"about":[{"href":"https:\/\/apc1040.com\/es\/wp-json\/wp\/v2\/types\/page"}],"author":[{"embeddable":true,"href":"https:\/\/apc1040.com\/es\/wp-json\/wp\/v2\/users\/11"}],"replies":[{"embeddable":true,"href":"https:\/\/apc1040.com\/es\/wp-json\/wp\/v2\/comments?post=7099"}],"version-history":[{"count":0,"href":"https:\/\/apc1040.com\/es\/wp-json\/wp\/v2\/pages\/7099\/revisions"}],"wp:attachment":[{"href":"https:\/\/apc1040.com\/es\/wp-json\/wp\/v2\/media?parent=7099"}],"curies":[{"name":"wp","href":"https:\/\/api.w.org\/{rel}","templated":true}]}}