{"id":6360,"date":"2024-02-07T15:53:39","date_gmt":"2024-02-07T20:53:39","guid":{"rendered":"https:\/\/apc1040.com\/small-business-income-tax-service\/"},"modified":"2024-11-28T17:06:13","modified_gmt":"2024-11-28T22:06:13","slug":"small-business-income-tax-service","status":"publish","type":"page","link":"https:\/\/apc1040.com\/es\/small-business-income-tax-service\/","title":{"rendered":"Impuesto sobre la Renta de Peque\u00f1as Empresas"},"content":{"rendered":"<h2><span style=\"font-size: 16px;\"><b>Impuestos sobre la renta de las peque\u00f1as empresas simplificados<\/b><\/span><\/h2>\n<figure id=\"attachment_7602\" aria-describedby=\"caption-attachment-7602\" style=\"width: 350px\" class=\"wp-caption aligncenter\"><img decoding=\"async\" class=\"size-medium wp-image-7602\" src=\"https:\/\/apc1040.com\/wp-content\/uploads\/2024\/08\/25gGEO_Servicio_de_Impuesto_sobre_la_Renta-350x350.jpg\" alt=\"Business taxes\" width=\"350\" height=\"350\" srcset=\"https:\/\/apc1040.com\/wp-content\/uploads\/2024\/08\/25gGEO_Servicio_de_Impuesto_sobre_la_Renta-350x350.jpg 350w, https:\/\/apc1040.com\/wp-content\/uploads\/2024\/08\/25gGEO_Servicio_de_Impuesto_sobre_la_Renta-780x780.jpg 780w, https:\/\/apc1040.com\/wp-content\/uploads\/2024\/08\/25gGEO_Servicio_de_Impuesto_sobre_la_Renta-150x150.jpg 150w, https:\/\/apc1040.com\/wp-content\/uploads\/2024\/08\/25gGEO_Servicio_de_Impuesto_sobre_la_Renta-600x600.jpg 600w, https:\/\/apc1040.com\/wp-content\/uploads\/2024\/08\/25gGEO_Servicio_de_Impuesto_sobre_la_Renta-768x768.jpg 768w, https:\/\/apc1040.com\/wp-content\/uploads\/2024\/08\/25gGEO_Servicio_de_Impuesto_sobre_la_Renta.jpg 1080w\" sizes=\"(max-width: 350px) 100vw, 350px\" \/><figcaption id=\"caption-attachment-7602\" class=\"wp-caption-text\">Income Tax Preparation Akron Ohio<\/figcaption><\/figure>\n<p data-pm-slice=\"1 1 []\"><span style=\"font-size: 16px;\"><a href=\"https:\/\/apc1040.com\/es\/impuestos-para-pequenas-empresas-lo-que-necesita-saber\/\">Impuestos para peque\u00f1as empresas<\/a>. Presentar su declaraci\u00f3n de sobre la renta puede ser una tarea desalentadora, especialmente si es propietario de una peque\u00f1a empresa. El c\u00f3digo fiscal es complejo y est\u00e1 en constante cambio, lo que dificulta mantenerse al d\u00eda con las \u00faltimas regulaciones. Y si comete un error en su declaraci\u00f3n, podr\u00eda terminar enfrentando impuestos, multas e intereses adicionales del IRS.<\/span><\/p>\n<p style=\"line-height: 200%; background: white;\"><span style=\"font-family: Tahoma; font-size: 16px;\">El IRS agregar\u00e1 87,000 agentes m\u00e1s y auditar\u00e1n a m\u00e1s contribuyentes en el futuro&#8230; \u00bfEst\u00e1 preparado para una <a href=\"https:\/\/apc1040.com\/irs-tax-audit-triggers\/\">Auditor\u00eda del IRS<\/a>? El mantenimiento adecuado de registros de impuestos y la retenci\u00f3n de documentos ser\u00e1n importantes. Prot\u00e9gete contratando a un <a href=\"https:\/\/apc1040.com\/es\/contadores-fiscales-cerca-de-mi\/\">contador fiscal<\/a> que se asegurar\u00e1 de que vayas por el camino correcto.<\/span><\/p>\n<p><span style=\"font-size: 16px;\">Deje que Akron Income Tax Co se encargue de presentar sus impuestos. Somos expertos en el <a href=\"https:\/\/apc1040.com\/es\/preparacion-de-impuestos-para-pequenas-empresas\/\">impuesto sobre la renta de las peque\u00f1as empresas<\/a> y nos aseguraremos de que obtenga el mayor reembolso posible sin entrar en conflicto con el IRS. Ofrecemos una gama completa , que incluyen contabilidad, Servicio de impuestos n\u00f3mina y m\u00e1s. \u00a1Cont\u00e1ctanos hoy para comenzar!<\/span><\/p>\n<h2><span style=\"font-size: 16px;\"><strong>Simplificaci\u00f3n de la presentaci\u00f3n del impuesto sobre la renta para peque\u00f1as empresas<\/strong><\/span><\/h2>\n<p><span style=\"font-size: 16px;\">Las presentaciones de <strong>Impuesto sobre la Renta de Peque\u00f1as Empresas<\/strong> son nuestra especialidad. Dirigir una peque\u00f1a empresa puede ser una tarea gratificante, aunque dif\u00edcil. \u00bfPresentaci\u00f3n de impuestos como propietario de una peque\u00f1a empresa? \u00a1M\u00e1s a\u00fan! \u00a1Elimine el estr\u00e9s de la presentaci\u00f3n solicitando nuestra ayuda para presentar los impuestos de su peque\u00f1a empresa esta temporada!<\/span><\/p>\n<p><span style=\"font-size: 16px;\">Si usted es propietario de una peque\u00f1a empresa en Akron, Ohio, es fundamental que comprenda sus responsabilidades en materia de impuestos sobre la renta. No presentar sus impuestos o no pagar lo que debe puede resultar en multas y cargos por intereses, y agotar r\u00e1pidamente sus ganancias. Es importante buscar ayuda de un <a href=\"https:\/\/apc1040.com\/tax-professional-near-me\/\" target=\"_blank\" rel=\"noopener noreferrer\">profesional de impuestos calificado<\/a>.<\/span><\/p>\n<h2><span style=\"font-size: 16px;\"><strong>Contabilidad para su peque\u00f1a empresa<\/strong><\/span><\/h2>\n<p><span style=\"font-size: 16px;\">Trabajar por cuenta propia significa que completar\u00e1 un formulario del Anexo C al final del a\u00f1o. Es un formulario que enumera sus ingresos y gastos para informar sus ingresos al IRS correctamente. Este formulario se agrega a su declaraci\u00f3n de impuestos. Deber\u00e1 generar totales por categor\u00edas y producir documentaci\u00f3n de respaldo. Adivinar no es una opci\u00f3n legal viable.<\/span><\/p>\n<h2><span style=\"font-size: 16px;\"><strong>Contabilidad de bricolaje<\/strong><\/span><\/h2>\n<p><span style=\"font-size: 16px;\">Algunas peque\u00f1as empresas con una actividad m\u00ednima pueden realizar un seguimiento por s\u00ed mismas, y la forma m\u00e1s f\u00e1cil de realizar un seguimiento de sus ingresos y gastos es recoger un libro de negocios &#8220;Dome&#8221; en Staples u Office Max. Tiene todas las categor\u00edas posibles para que las rastrees y cuesta alrededor de $25. Si usa este libro, ll\u00e9nelo diariamente y guarde sus recibos\/registros todos los meses en una carpeta de archivos separada. Tu rutina de fin de a\u00f1o ser\u00e1 f\u00e1cil.<\/span><\/p>\n<p><span style=\"font-size: 16px;\">Tambi\u00e9n proporcionamos un Formulario de informaci\u00f3n comercial para que lo use en lugar de usar un libro de c\u00fapula. Es fundamental utilizar un sistema de seguimiento de carpetas mensuales, recibos, cheques cancelados y extractos bancarios que coincidan con su sistema interno. Estaremos encantados de completar su declaraci\u00f3n de impuestos federales, incluida su declaraci\u00f3n comercial de Ohio, al final del a\u00f1o por alrededor de $180 si usa un libro como este o nos proporciona totales aceptables.<\/span><\/p>\n<h2><span style=\"font-size: 16px;\"><strong>Nuestras opciones de contabilidad<\/strong><\/span><\/h2>\n<p><span style=\"font-size: 16px;\">Cuanto m\u00e1s grande sea su empresa, m\u00e1s a menudo necesitar\u00e1 nuestros Servicios. Cuando comience y tenga transacciones m\u00ednimas, es posible que pueda hacerlo usted mismo. En alg\u00fan momento, necesitar\u00e1 nuestra asistencia trimestralmente para mantener sus registros actualizados. Esa opci\u00f3n cuesta alrededor de $ 200 por trimestre. Cuando crezca un poco, necesitar\u00e1 una Contabilidad mensual que comience en el rango de $ 150 por mes.<\/span><\/p>\n<h2><span style=\"font-size: 16px;\"><strong>Tasa de impuestos para peque\u00f1as empresas en Ohio<\/strong><\/span><\/h2>\n<p><span style=\"font-size: 16px;\">Como propietario de una peque\u00f1a empresa en Ohio, usted es responsable de pagar <a href=\"https:\/\/apc1040.com\/tax-service\/\" target=\"_blank\" rel=\"noopener noreferrer\">impuestos sobre la renta<\/a> en las ganancias de su negocio. La tasa impositiva para las peque\u00f1as empresas en Ohio se establece actualmente en alrededor del 3%.<\/span><\/p>\n<h2><span style=\"font-size: 16px;\"><strong>\u00bfQui\u00e9nes somos?<\/strong><\/span><\/h2>\n<p><span style=\"font-size: 16px;\">Somos especialistas en impuestos sobre la renta de peque\u00f1as empresas dedicados a facilitarle la presentaci\u00f3n de sus impuestos comerciales de Ohio. Adem\u00e1s, lo guiamos a trav\u00e9s de cada paso para calcular el impuesto comercial en Ohio como propietario de un negocio y garantizar que el proceso de presentaci\u00f3n se realice sin problemas.<\/span><\/p>\n<p><span style=\"font-size: 16px;\">Finalmente, nos aseguramos de que est\u00e9 tomando todas las deducciones legales y pagos de impuestos estimados posibles para que pueda ahorrar dinero y limitar su factura de impuestos federales. Si est\u00e1 listo para hacer que la temporada de impuestos sea menos estresante, \u00a1estamos aqu\u00ed para ayudarlo!<\/span><\/p>\n<h2><span style=\"font-size: 16px;\"><strong>Qu\u00e9 hacemos<\/strong><\/span><\/h2>\n<p><span style=\"font-size: 16px;\">Desde nuestros inicios, hemos ofrecido una gama completa de contabilidad, ingresos federales <a href=\"https:\/\/apc1040.com\/tax-preparation-services-near-me\/\" target=\"_blank\" rel=\"noopener noreferrer\">Preparaci\u00f3n de impuestos cerca de m\u00ed<\/a>, y <a href=\"https:\/\/apc1040.com\/list-of-our-services\/business-consulting\/\" target=\"_blank\" rel=\"noopener noreferrer\">Empresa Soluciones de consultor\u00eda<\/a>. Nos enfocamos en peque\u00f1as y medianas empresas en todo el \u00e1rea metropolitana de Akron, OH y m\u00e1s all\u00e1.<\/span><\/p>\n<p><span style=\"font-size: 16px;\">Dados nuestros antecedentes y las necesidades que pueda tener su negocio, independientemente del tama\u00f1o y el alcance de su negocio. Adem\u00e1s, sabemos que tenemos la experiencia necesaria para ayudarlo a presentar su impuesto estatal de Ohio y administrar sus finanzas a un costo razonable.<\/span><\/p>\n<p><span style=\"font-size: 16px;\">Aqu\u00ed en Akron Income Tax Co. entendemos que la presentaci\u00f3n de impuestos federales sobre la renta de peque\u00f1as empresas puede ser un proceso complejo. Primero, buscamos responder todas sus preguntas sobre las leyes fiscales y los impuestos federales si paga impuestos estimados. Adem\u00e1s, podemos hacer frente a los impuestos de seguridad social y medicare.<\/span><\/p>\n<p><span style=\"font-size: 16px;\">En segundo lugar, lo guiaremos en cada paso del camino para que pueda estar seguro de que sus <a href=\"https:\/\/apc1040.com\/es\/declaraciones-de-impuestos-sobre-la-renta-akron\/\">impuestos se han presentado correctamente<\/a>. Finalmente, podemos ayudarlo a ahorrar la mayor cantidad de dinero posible en su impuesto a la propiedad en el camino.<\/span><\/p>\n<h2><span style=\"font-size: 16px;\"><strong>Algunas \u00e1reas comunes<\/strong><\/span><\/h2>\n<p><span style=\"font-size: 16px;\">Adem\u00e1s, hablaremos con los propietarios de peque\u00f1as empresas mientras trabajamos con ellos, lo que incluye:<\/span><\/p>\n<p><span style=\"font-size: 16px;\">Ayud\u00e1ndolo a comprender algunas de las deducciones comunes que puede hacer al presentar su declaraci\u00f3n de impuestos estatales y los impuestos federales sobre la n\u00f3mina con respecto a su actividad de peque\u00f1a empresa.<\/span><\/p>\n<p><span style=\"font-size: 16px;\">Detallar el proceso de <a href=\"https:\/\/apc1040.com\/list-of-our-services\/bookkeeping-services\/\" target=\"_blank\" rel=\"noopener noreferrer\">Contabilidad<\/a> para ayudarlo a ver qu\u00e9 tipos de opciones est\u00e1n a su disposici\u00f3n. Adem\u00e1s, para ayudarlo a comprender la importancia y las estrategias involucradas en la contabilidad y declaraci\u00f3n de impuestos.<\/span><\/p>\n<p><span style=\"font-size: 16px;\">Profundizando en la diferencia entre una peque\u00f1a empresa y un pasatiempo (muchas personas pueden haber realizado peque\u00f1as actividades en el transcurso del a\u00f1o para ayudarlos a generar ingresos adicionales. Comprender la diferencia entre un pasatiempo y una peque\u00f1a empresa es crucial a medida que presenta sus impuestos para el a\u00f1o, ya que querr\u00e1 evitar cualquier confusi\u00f3n y consecuencias que puedan surgir despu\u00e9s).<\/span><\/p>\n<p><span style=\"font-size: 16px;\">Con nuestro apoyo, la presentaci\u00f3n de impuestos comerciales sobre ingresos peque\u00f1os que sean integrales y estrat\u00e9gicos para ayudarlo a ahorrar dinero es m\u00e1s que posible.<\/span><\/p>\n<h3><span style=\"font-size: 16px;\">Preguntas frecuentes<\/span><\/h3>\n<h3><span style=\"font-size: 16px;\">1. \u00bfPueden las peque\u00f1as empresas obtener reembolsos de impuestos?<\/span><\/h3>\n<p><span style=\"font-size: 16px;\">En la mayor\u00eda de los casos, las peque\u00f1as empresas pueden obtener un reembolso cuando pagan impuestos. Esto incluye el impuesto sobre la renta, el impuesto sobre la n\u00f3mina y el impuesto sobre las ventas. Sin embargo hay algunas excepciones. Aseg\u00farese comunicarse con un contador o especialista en<\/span><span style=\"font-size: 16px;\">\u00a0para averiguar si es elegible para un reembolso Servicios de impuestos.<\/span><\/p>\n<h3><span style=\"font-size: 16px;\">2. \u00bfC\u00f3mo declaran impuestos las peque\u00f1as empresas?<\/span><\/h3>\n<p><span style=\"font-size: 16px;\">Hay algunas maneras diferentes en que las peque\u00f1as empresas pueden pagar impuestos sobre la renta. La forma m\u00e1s com\u00fan es usar un software o usar un servicio de impuestos en l\u00ednea. Si desea presentar sus impuestos a mano, puede obtener formularios del sitio web del IRS.<\/span><\/p>\n<h3><span style=\"font-size: 16px;\">3. \u00bfQu\u00e9 es la deducci\u00f3n est\u00e1ndar para peque\u00f1as empresas?<\/span><\/h3>\n<p><span style=\"font-size: 16px;\">La deducci\u00f3n est\u00e1ndar para peque\u00f1as empresas es una deducci\u00f3n que permite a las peque\u00f1as empresas deducir ciertos gastos\u00a0 sus ingresos . Esto incluye gastos tales como material de oficina, publicidad y el <a href=\"https:\/\/apc1040.com\/es\/deducciones-fiscales-viajes-y-entretenimiento\/\">impuesto sobre la renta de sociedades de viajes<\/a>.<\/span><\/p>\n<h3><span style=\"font-size: 16px;\">4. \u00bfQu\u00e9 es el Impuesto sobre el Trabajo por Cuenta Propia?<\/span><\/h3>\n<p><span style=\"font-size: 16px;\">El impuesto sobre el trabajo por cuenta propia es un impuesto que deben pagar las personas f\u00edsicas que trabajan por cuenta propia. Esto incluye a las personas que trabajan desde casa o tienen su propio negocio. El tipo impositivo del impuesto sobre el trabajo por cuenta propia es del 15,3%.<\/span><\/p>\n<h4><span style=\"font-size: 16px;\">5. \u00bfQu\u00e9 pasa si recibo un 1099-K?<\/span><\/h4>\n<p><span style=\"font-size: 16px;\">Lo que es m\u00e1s importante, muchas personas que usan PayPal, Venmo, Ebay, Amazon u otras transacciones de terceros recibir\u00e1n este <a href=\"https:\/\/apc1040.com\/what-is-a-1099-k-tax-form\/\">1099-K<\/a> si ten\u00edan m\u00e1s de $600 en transacciones.<\/span><\/p>\n<h4><span style=\"font-size: 16px;\"><strong>\u00bfListo para declarar sus impuestos de manera econ\u00f3mica y segura?<\/strong><\/span><\/h4>\n<p><span style=\"font-size: 16px;\">\u00a1Nuestro excepcional equipo de contadores fiscales est\u00e1. Disponible para ayudarlo cuando lo necesite! Un aspecto de su negocio que puede pensar en delegar es la contabilidad. Es mejor obtener los <a href=\"https:\/\/apc1040.com\/es\/lista-de-nuestros-servicios\/servicios-de-consultoria-fiscal-para-empresas\/\">servicios de un profesional para<\/a> hacer todas las tareas de Contabilidad fiscal. Si est\u00e1 listo para simplificar la <a href=\"https:\/\/apc1040.com\/es\/servicios-de-presentacion-de-impuestos-sobre-la-renta-cerca-de-mi\/\">presentaci\u00f3n de los impuestos sobre la renta<\/a> de su peque\u00f1a empresa. Todo lo que tiene que hacer es comunicarse con nosotros y comenzaremos a trabajar en sus declaraciones de impuestos.<\/span><\/p>\n<p><span style=\"font-size: 16px;\">Tambi\u00e9n brindamos ese si desea presentar sobre el empleo para su compa\u00f1\u00eda responsabilidad limitada (LLC). Todas las peque\u00f1as empresas y compa\u00f1\u00edas de responsabilidad limitada (LLC) en Ohio pueden evitar pagar tasas de impuestos estatales sobre la renta que var\u00edan entre 2.85 por ciento y 4.797 por ciento al presentar el formulario correcto.<\/span><\/p>\n<p><span style=\"font-size: 16px;\"><a href=\"https:\/\/apc1040.com\/contact-akron-income-tax\/\" target=\"_blank\" rel=\"noopener noreferrer\">Cont\u00e1ctenos hoy<\/a> o ll\u00e1menos al <a href=\"tel:+13307331040\" target=\"_blank\" rel=\"noopener noreferrer\">(330) 733-1040<\/a> para comenzar con sus impuestos comerciales.<\/span><\/p>\n<h5><span style=\"font-size: 16px;\"><strong>Conclusi\u00f3n<\/strong><\/span><\/h5>\n<p><span style=\"font-size: 16px;\">La idea principal es que sus registros de archivo deben. Estar en orden y corresponder a sus estados de cuenta bancarios, recibos y cheques cancelados. Sabemos que no son contadores, por lo que debe elegir el nivel de.\u00a0 que puede realizar con \u00e9xito y dejar que nosotros hagamos el resto. Estaremos encantados de trabajar con usted para configurarlo.<\/span><\/p>\n<p><span style=\"font-size: 16px;\">\u00a1Esperamos con inter\u00e9s trabajar con usted!<\/span><\/p>\n","protected":false},"excerpt":{"rendered":"<p>Impuestos sobre la renta de las peque\u00f1as empresas simplificados Impuestos para peque\u00f1as empresas. Presentar su declaraci\u00f3n de sobre la renta puede ser una tarea desalentadora, especialmente si es propietario de una peque\u00f1a empresa. El c\u00f3digo fiscal es complejo y est\u00e1 en constante cambio, lo que dificulta mantenerse al d\u00eda con las \u00faltimas regulaciones. Y si&#8230;<\/p>\n","protected":false},"author":12,"featured_media":5275,"parent":0,"menu_order":0,"comment_status":"closed","ping_status":"closed","template":"","meta":{"_lmt_disableupdate":"no","_lmt_disable":"","_monsterinsights_skip_tracking":false,"_monsterinsights_sitenote_active":false,"_monsterinsights_sitenote_note":"","_monsterinsights_sitenote_category":0,"_uf_show_specific_survey":0,"_uf_disable_surveys":false,"footnotes":""},"class_list":["post-6360","page","type-page","status-publish","has-post-thumbnail","hentry"],"yoast_head":"<!-- This site is optimized with the Yoast SEO Premium plugin v27.3 (Yoast SEO v27.4) - https:\/\/yoast.com\/product\/yoast-seo-premium-wordpress\/ -->\n<title>Servicios de Impuestos para Peque\u00f1as Empresas en Akron<\/title>\n<meta name=\"description\" content=\"Akron Income Tax Co ofrece servicios de impuestos sobre la renta para peque\u00f1as empresas en y alrededor de ellas. \u00a1Cont\u00e1ctenos hoy!\" \/>\n<meta name=\"robots\" content=\"index, follow, max-snippet:-1, max-image-preview:large, max-video-preview:-1\" \/>\n<link rel=\"canonical\" href=\"https:\/\/apc1040.com\/es\/small-business-income-tax-service\/\" \/>\n<meta property=\"og:locale\" content=\"es_ES\" \/>\n<meta property=\"og:type\" content=\"article\" \/>\n<meta property=\"og:title\" content=\"Impuesto sobre la Renta de Peque\u00f1as Empresas\" \/>\n<meta property=\"og:description\" content=\"Akron Income Tax Co ofrece servicios de impuestos sobre la renta para peque\u00f1as empresas en y alrededor de ellas. \u00a1Cont\u00e1ctenos hoy!\" \/>\n<meta property=\"og:url\" content=\"https:\/\/apc1040.com\/es\/small-business-income-tax-service\/\" \/>\n<meta property=\"og:site_name\" content=\"Akron Income Tax Preparation\" \/>\n<meta property=\"article:publisher\" content=\"https:\/\/www.facebook.com\/APC1040\" \/>\n<meta property=\"article:modified_time\" content=\"2024-11-28T22:06:13+00:00\" \/>\n<meta property=\"og:image\" content=\"https:\/\/apc1040.com\/wp-content\/uploads\/2023\/11\/21kwGEO_small_business_income_tax.jpg\" \/>\n\t<meta property=\"og:image:width\" content=\"480\" \/>\n\t<meta property=\"og:image:height\" content=\"270\" \/>\n\t<meta property=\"og:image:type\" content=\"image\/jpeg\" \/>\n<meta name=\"twitter:card\" content=\"summary_large_image\" \/>\n<meta name=\"twitter:label1\" content=\"Est. reading time\" \/>\n\t<meta name=\"twitter:data1\" content=\"8 minutes\" \/>\n<!-- \/ Yoast SEO Premium plugin. -->","yoast_head_json":{"title":"Servicios de Impuestos para Peque\u00f1as Empresas en Akron","description":"Akron Income Tax Co ofrece servicios de impuestos sobre la renta para peque\u00f1as empresas en y alrededor de ellas. \u00a1Cont\u00e1ctenos hoy!","robots":{"index":"index","follow":"follow","max-snippet":"max-snippet:-1","max-image-preview":"max-image-preview:large","max-video-preview":"max-video-preview:-1"},"canonical":"https:\/\/apc1040.com\/es\/small-business-income-tax-service\/","og_locale":"es_ES","og_type":"article","og_title":"Impuesto sobre la Renta de Peque\u00f1as Empresas","og_description":"Akron Income Tax Co ofrece servicios de impuestos sobre la renta para peque\u00f1as empresas en y alrededor de ellas. \u00a1Cont\u00e1ctenos hoy!","og_url":"https:\/\/apc1040.com\/es\/small-business-income-tax-service\/","og_site_name":"Akron Income Tax Preparation","article_publisher":"https:\/\/www.facebook.com\/APC1040","article_modified_time":"2024-11-28T22:06:13+00:00","og_image":[{"width":480,"height":270,"url":"https:\/\/apc1040.com\/wp-content\/uploads\/2023\/11\/21kwGEO_small_business_income_tax.jpg","type":"image\/jpeg"}],"twitter_card":"summary_large_image","twitter_misc":{"Est. reading time":"8 minutes"},"schema":{"@context":"https:\/\/schema.org","@graph":[{"@type":"WebPage","@id":"https:\/\/apc1040.com\/es\/small-business-income-tax-service\/","url":"https:\/\/apc1040.com\/es\/small-business-income-tax-service\/","name":"Servicios de Impuestos para Peque\u00f1as Empresas en Akron","isPartOf":{"@id":"https:\/\/apc1040.com\/es\/#website"},"primaryImageOfPage":{"@id":"https:\/\/apc1040.com\/es\/small-business-income-tax-service\/#primaryimage"},"image":{"@id":"https:\/\/apc1040.com\/es\/small-business-income-tax-service\/#primaryimage"},"thumbnailUrl":"https:\/\/apc1040.com\/wp-content\/uploads\/2023\/11\/21kwGEO_small_business_income_tax.jpg","datePublished":"2024-02-07T20:53:39+00:00","dateModified":"2024-11-28T22:06:13+00:00","description":"Akron Income Tax Co ofrece servicios de impuestos sobre la renta para peque\u00f1as empresas en y alrededor de ellas. \u00a1Cont\u00e1ctenos hoy!","breadcrumb":{"@id":"https:\/\/apc1040.com\/es\/small-business-income-tax-service\/#breadcrumb"},"inLanguage":"es","potentialAction":[{"@type":"ReadAction","target":["https:\/\/apc1040.com\/es\/small-business-income-tax-service\/"]}]},{"@type":"ImageObject","inLanguage":"es","@id":"https:\/\/apc1040.com\/es\/small-business-income-tax-service\/#primaryimage","url":"https:\/\/apc1040.com\/wp-content\/uploads\/2023\/11\/21kwGEO_small_business_income_tax.jpg","contentUrl":"https:\/\/apc1040.com\/wp-content\/uploads\/2023\/11\/21kwGEO_small_business_income_tax.jpg","width":480,"height":270,"caption":"Income Tax Preparation Akron Ohio"},{"@type":"BreadcrumbList","@id":"https:\/\/apc1040.com\/es\/small-business-income-tax-service\/#breadcrumb","itemListElement":[{"@type":"ListItem","position":1,"name":"Home","item":"https:\/\/apc1040.com\/es\/"},{"@type":"ListItem","position":2,"name":"Impuesto sobre la Renta de Peque\u00f1as Empresas"}]},{"@type":"WebSite","@id":"https:\/\/apc1040.com\/es\/#website","url":"https:\/\/apc1040.com\/es\/","name":"Akron Income Tax Preparation","description":"Income Tax Preparation Service","publisher":{"@id":"https:\/\/apc1040.com\/es\/#organization"},"potentialAction":[{"@type":"SearchAction","target":{"@type":"EntryPoint","urlTemplate":"https:\/\/apc1040.com\/es\/?s={search_term_string}"},"query-input":{"@type":"PropertyValueSpecification","valueRequired":true,"valueName":"search_term_string"}}],"inLanguage":"es"},{"@type":"Organization","@id":"https:\/\/apc1040.com\/es\/#organization","name":"Akron Income Tax Co","url":"https:\/\/apc1040.com\/es\/","logo":{"@type":"ImageObject","inLanguage":"es","@id":"https:\/\/apc1040.com\/es\/#\/schema\/logo\/image\/","url":"https:\/\/apc1040.com\/wp-content\/uploads\/2024\/11\/income-tax-service-akron.jpg","contentUrl":"https:\/\/apc1040.com\/wp-content\/uploads\/2024\/11\/income-tax-service-akron.jpg","width":800,"height":745,"caption":"Akron Income Tax Co"},"image":{"@id":"https:\/\/apc1040.com\/es\/#\/schema\/logo\/image\/"},"sameAs":["https:\/\/www.facebook.com\/APC1040"]}]}},"amp_enabled":true,"_links":{"self":[{"href":"https:\/\/apc1040.com\/es\/wp-json\/wp\/v2\/pages\/6360","targetHints":{"allow":["GET"]}}],"collection":[{"href":"https:\/\/apc1040.com\/es\/wp-json\/wp\/v2\/pages"}],"about":[{"href":"https:\/\/apc1040.com\/es\/wp-json\/wp\/v2\/types\/page"}],"author":[{"embeddable":true,"href":"https:\/\/apc1040.com\/es\/wp-json\/wp\/v2\/users\/12"}],"replies":[{"embeddable":true,"href":"https:\/\/apc1040.com\/es\/wp-json\/wp\/v2\/comments?post=6360"}],"version-history":[{"count":2,"href":"https:\/\/apc1040.com\/es\/wp-json\/wp\/v2\/pages\/6360\/revisions"}],"predecessor-version":[{"id":9896,"href":"https:\/\/apc1040.com\/es\/wp-json\/wp\/v2\/pages\/6360\/revisions\/9896"}],"wp:featuredmedia":[{"embeddable":true,"href":"https:\/\/apc1040.com\/es\/wp-json\/wp\/v2\/media\/5275"}],"wp:attachment":[{"href":"https:\/\/apc1040.com\/es\/wp-json\/wp\/v2\/media?parent=6360"}],"curies":[{"name":"wp","href":"https:\/\/api.w.org\/{rel}","templated":true}]}}