{"id":6353,"date":"2024-02-07T15:39:40","date_gmt":"2024-02-07T20:39:40","guid":{"rendered":"https:\/\/apc1040.com\/income-tax-services-green-akron\/"},"modified":"2024-10-10T16:20:41","modified_gmt":"2024-10-10T20:20:41","slug":"income-tax-services-green-akron","status":"publish","type":"page","link":"https:\/\/apc1040.com\/es\/income-tax-services-green-akron\/","title":{"rendered":"Impuesto sobre la Renta Servicios Green"},"content":{"rendered":"<h2 data-pm-slice=\"1 1 []\">Servicios de impuestos sobre la renta Verde | Sociedad de Impuestos sobre la Renta de Akron<\/h2>\n<p>Lidiar con los impuestos puede ser estresante y desalentador, especialmente si no est\u00e1 familiarizado con el proceso. Con a\u00f1os de experiencia, nuestro equipo de Akron Income Tax Co puede ayudarlo con todos sus servicios de impuestos sobre la renta Green, Ohio y atender las \u00e1reas circundantes. Ya sea que sea un individuo o propietario de un negocio, nuestro equipo de expertos puede ayudarlo a navegar las complejidades del c\u00f3digo tributario y garantizar que obtenga el resultado m\u00e1s favorable posible.<\/p>\n<p><img decoding=\"async\" class=\"aligncenter wp-image-2594 size-medium ls-is-cached lazyloaded\" title=\"Green Ohio Plaza\" src=\"https:\/\/apc1040.com\/wp-content\/uploads\/2022\/07\/Plaza-Green-Ohio-300x225.jpg\" sizes=\"(max-width: 300px) 100vw, 300px\" srcset=\"https:\/\/apc1040.com\/wp-content\/uploads\/2022\/07\/Plaza-Green-Ohio-300x225.jpg 300w, https:\/\/apc1040.com\/wp-content\/uploads\/2022\/07\/Plaza-Green-Ohio-1024x768.jpg 1024w\" alt=\"Impuesto sobre la Renta Servicios Green, Akron Income Tax Preparation\" width=\"300\" height=\"225\" data-srcset=\"https:\/\/apc1040.com\/wp-content\/uploads\/2022\/07\/Plaza-Green-Ohio-300x225.jpg 300w, https:\/\/apc1040.com\/wp-content\/uploads\/2022\/07\/Plaza-Green-Ohio-1024x768.jpg 1024w\" data-src=\"https:\/\/apc1040.com\/wp-content\/uploads\/2022\/07\/Plaza-Green-Ohio-300x225.jpg\" data-sizes=\"(max-width: 300px) 100vw, 300px\" \/>Adem\u00e1s, nos enorgullecemos de nuestro servicio al cliente. Sabemos que lidiar con los impuestos puede ser estresante, por eso hacemos todo lo posible para garantizar que nuestros clientes se sientan c\u00f3modos e informados durante todo el proceso. Ofrecemos una consulta inicial gratuita para analizar su situaci\u00f3n particular y siempre estamos disponibles para responder cualquier pregunta que pueda tener.<\/p>\n<p>&nbsp;<\/p>\n<h2>Nuestros Servicios<\/h2>\n<p>Con nuestros a\u00f1os de experiencia, estamos aqu\u00ed para ayudarlo con todas sus necesidades de\u00a0<a href=\"https:\/\/apc1040.com\/tax-service\/\">impuestos sobre la renta<\/a>. Ofrecemos una amplia gama de servicios a personas, empresas y organizaciones en toda el \u00e1rea metropolitana de Akron.<\/p>\n<p>Adem\u00e1s, preparamos las declaraciones de <a href=\"https:\/\/apc1040.com\/es\/declaracion-de-impuestos-federales-sobre-la-renta\/\">impuestos federales<\/a>, estatales y locales de nuestros clientes. Tambi\u00e9n ofrecemos servicios de consultor\u00eda en una variedad de temas relacionados con los impuestos.<\/p>\n<h3>1. Planificaci\u00f3n Fiscal<\/h3>\n<p>Con nuestro conocimiento de las leyes fiscales en constante cambio, podemos ayudarlo a planificar su futuro y maximizar sus deducciones. Puede manejar sus impuestos con confianza por parte de profesionales actualizados en las \u00faltimas leyes fiscales. Adem\u00e1s, podemos ayudarlo a planificar su jubilaci\u00f3n y otras metas financieras.<\/p>\n<h3>2. Preparaci\u00f3n de impuestos<\/h3>\n<p>Preparamos impuestos para individuos, empresas y organizaciones. Nos tomamos el tiempo para conocer a nuestros clientes y sus situaciones fiscales \u00fanicas. Esto nos permite maximizar sus deducciones y minimizar su obligaci\u00f3n tributaria. Tambi\u00e9n ofrecemos presentaci\u00f3n electr\u00f3nica gratuita, lo que le permite obtener su reembolso m\u00e1s r\u00e1pido.<\/p>\n<h3>3. Resoluci\u00f3n Tributaria<\/h3>\n<p>Si tiene dificultades para pagar sus impuestos o se enfrenta a una auditor\u00eda, podemos ayudarlo. Trabajaremos con usted y el IRS para encontrar una soluci\u00f3n en su mejor inter\u00e9s. Tenemos experiencia en el manejo de varios problemas relacionados con los impuestos y podemos ayudarlo a resolver sus problemas.<\/p>\n<h3>4. Consultor\u00eda para peque\u00f1as empresas<\/h3>\n<p>Ofrecemos una variedad de servicios a las peque\u00f1as empresas, incluidas las empresas emergentes. Podemos ayudarlo con la contabilidad, la n\u00f3mina y la preparaci\u00f3n de impuestos. Adem\u00e1s, trabajaremos con usted para garantizar que su negocio cumpla con todas las regulaciones necesarias.<\/p>\n<h3>5. Organizaciones sin fines de lucro<\/h3>\n<p>Tenemos experiencia trabajando con organizaciones sin fines de lucro. Adem\u00e1s, podemos ayudarlo con las solicitudes de exenci\u00f3n de impuestos, los formularios 990 y otros problemas de cumplimiento. Trabajaremos con usted para garantizar que su organizaci\u00f3n cumpla con\u00a0<a href=\"https:\/\/apc1040.com\/es\/la-planificacion-fiscal-eficaz-minimiza-los-impuestos\/\">los requisitos de estado de exenci\u00f3n de impuestos<\/a>.<br \/>\n<img decoding=\"async\" class=\"aligncenter wp-image-2595 size-medium ls-is-cached lazyloaded\" title=\"Green Plaza on Massillon Rd\" src=\"https:\/\/apc1040.com\/wp-content\/uploads\/2022\/07\/Massillon-Rd-Plaza-Green-Ohio-300x225.jpg\" sizes=\"(max-width: 300px) 100vw, 300px\" srcset=\"https:\/\/apc1040.com\/wp-content\/uploads\/2022\/07\/Massillon-Rd-Plaza-Green-Ohio-300x225.jpg 300w, https:\/\/apc1040.com\/wp-content\/uploads\/2022\/07\/Massillon-Rd-Plaza-Green-Ohio-1024x768.jpg 1024w\" alt=\"Impuesto sobre la Renta Servicios Green, Akron Income Tax Preparation\" width=\"300\" height=\"225\" data-srcset=\"https:\/\/apc1040.com\/wp-content\/uploads\/2022\/07\/Massillon-Rd-Plaza-Green-Ohio-300x225.jpg 300w, https:\/\/apc1040.com\/wp-content\/uploads\/2022\/07\/Massillon-Rd-Plaza-Green-Ohio-1024x768.jpg 1024w\" data-src=\"https:\/\/apc1040.com\/wp-content\/uploads\/2022\/07\/Massillon-Rd-Plaza-Green-Ohio-300x225.jpg\" data-sizes=\"(max-width: 300px) 100vw, 300px\" \/><\/p>\n<h3>6. Planificaci\u00f3n patrimonial<\/h3>\n<p>Podemos ayudarlo a planificar el futuro de su patrimonio. Trabajaremos con usted para crear un plan que minimice los impuestos y maximice los activos de sus herederos. Por ejemplo, podemos ayudarlo a crear un fideicomiso o establecer un plan de donaciones ben\u00e9ficas.<\/p>\n<h3>7. Planificaci\u00f3n de la jubilaci\u00f3n<\/h3>\n<p>Ofrecemos una variedad de servicios para ayudarlo a planificar su jubilaci\u00f3n. Podemos ayudarlo con las transferencias de 401(k) e IRA, las distribuciones de pensiones y la planificaci\u00f3n del Seguro Social. Adem\u00e1s, trabajar\u00e1 con usted para crear un plan que satisfaga sus necesidades y objetivos \u00fanicos.<\/p>\n<h3>8. Planificaci\u00f3n Financiera<\/h3>\n<p>En el caso de la planificaci\u00f3n financiera, podemos ayudarlo con la elaboraci\u00f3n de presupuestos, la planificaci\u00f3n de inversiones y la gesti\u00f3n de deudas. Adem\u00e1s, ofrecemos servicios para ayudarlo a planificar eventos importantes de la vida, como comprar una casa o enviar a sus hijos a la universidad. Tambi\u00e9n ofrecemos servicios de contabilidad y nos ocupamos de la compensaci\u00f3n por desempleo, las ganancias de capital y la transferencia de reembolso a un costo razonable.<\/p>\n<h3>9. Representaci\u00f3n de Auditor\u00eda Fiscal<\/h3>\n<p>Si el IRS lo est\u00e1 auditando, podemos ayudarlo. Revisaremos su caso y lo representaremos durante el proceso de auditor\u00eda. Trabajaremos con usted para garantizar que la auditor\u00eda se realice de manera justa y eficiente.<\/p>\n<p>&nbsp;<\/p>\n<h4>\u00bfCon qu\u00e9 formularios podemos ayudar?<\/h4>\n<p>Podemos ayudarlo con una amplia gama de formularios de impuestos, que incluyen:<\/p>\n<ul>\n<li><strong>1040<\/strong>: Es el formulario m\u00e1s b\u00e1sico para personas con situaciones fiscales sencillas. Utilice este formulario para informar sus ingresos, deducciones y cr\u00e9ditos.<\/li>\n<li><strong>1040A<\/strong>: esta es una versi\u00f3n m\u00e1s corta de 1040. La utilizan personas con situaciones fiscales sencillas que no detallan sus deducciones.<\/li>\n<li><strong>1099<\/strong>: este formulario informa los ingresos de fuentes distintas a sueldos, salarios y propinas. Por ejemplo, usar\u00eda este formulario para informar ingresos por intereses o dividendos.<\/li>\n<li><strong>1020 Corporativo<\/strong>: este formulario lo utilizan las corporaciones para informar sus ingresos, deducciones y cr\u00e9ditos.<\/li>\n<li><strong>W-2:<\/strong>\u00a0Este formulario lo utilizan los empleadores para informar los sueldos, salarios y propinas pagados a sus empleados.<\/li>\n<li><strong>1099-MISC<\/strong>: use este formulario para informar ingresos diversos, como regal\u00edas o alquileres.<\/li>\n<li><strong>Sociedad 1065<\/strong>: las organizaciones de sociedades lo utilizan para informar sus ingresos, deducciones y cr\u00e9ditos.<\/li>\n<li><strong>1120-S S-Corporation:<\/strong>\u00a0este formulario lo utilizan las S-corporations para informar sus ingresos, deducciones y cr\u00e9ditos.<\/li>\n<li><strong>Anexo C (Formulario 1040):<\/strong>\u00a0Este formulario lo utilizan los propietarios \u00fanicos para informar sus ingresos o p\u00e9rdidas comerciales.<\/li>\n<li><strong>990<\/strong>: el formulario es utilizado por organizaciones exentas de impuestos para informar sus finanzas.<\/li>\n<li><strong>Declaraci\u00f3n trimestral de impuestos federales del empleador 941<\/strong>: los empleadores la usan para declarar sus impuestos federales.<\/li>\n<\/ul>\n<p>Estos son solo algunos de los formularios con los que podemos ayudarte. Si tiene alguna pregunta sobre qu\u00e9 formulario usar, podemos ayudarlo. Nos aseguraremos de que utilice el formulario correcto para su situaci\u00f3n.<\/p>\n<h4>\u00bfPor qu\u00e9 elegirnos?<\/h4>\n<p>En Akron Income Tax Co, brindamos <a href=\"https:\/\/apc1040.com\/es\/servicio-de-impuestos-sobre-la-renta-akron-ohio\/\">servicios integrales de impuestos sobre la renta<\/a> a personas y empresas en Green, Ohio. Tenemos a\u00f1os de experiencia en la preparaci\u00f3n de impuestos y nuestro personal est\u00e1 compuesto por contadores p\u00fablicos autorizados (CPA) y agentes registrados (EA). Brindamos el m\u00e1s alto nivel de servicio posible y nos destacamos por:<\/p>\n<ul>\n<li><strong>Precios asequibles<\/strong>: no deber\u00eda tener que romper el banco para obtener servicios de impuestos de calidad. Es por eso que ofrecemos precios competitivos en todos nuestros servicios.<\/li>\n<li><strong>Exactitud<\/strong>: nos comprometemos a hacer sus impuestos correctamente y garantizar la precisi\u00f3n. Si cometemos un error, lo arreglaremos sin costo adicional para usted.<\/li>\n<li><strong>Conveniencia<\/strong>: sabemos que su tiempo es valioso. Es por eso que ofrecemos programaci\u00f3n en l\u00ednea conveniente y horario extendido durante la temporada de impuestos.<\/li>\n<li><strong>Servicio personalizado<\/strong>: No hay dos contribuyentes exactamente iguales, y lo entendemos. Nos tomamos el tiempo para conocerlo a usted y su situaci\u00f3n \u00fanica para brindar un servicio personalizado, y un profesional de impuestos se ocupar\u00e1 de sus impuestos.<\/li>\n<li><strong>Reembolso m\u00e1ximo de impuestos<\/strong>: para aprovechar al m\u00e1ximo su declaraci\u00f3n de impuestos, necesita un preparador de impuestos calificado. Nos aseguraremos de que obtenga el m\u00e1ximo reembolso posible.<\/li>\n<\/ul>\n<p>Si est\u00e1 buscando <a href=\"https:\/\/apc1040.com\/es\/servicios-de-impuestos-sobre-la-renta-mogador\/\">servicios de impuestos sobre la renta<\/a> de calidad en Green, Ohio, no busque m\u00e1s all\u00e1 de Akron Income Tax Co. Cont\u00e1ctenos hoy para programar una consulta.<\/p>\n<h4>\u00bfC\u00f3mo empezar?<\/h4>\n<p>Para comenzar con nuestros <a href=\"https:\/\/apc1040.com\/es\/servicios-de-impuestos-sobre-la-renta-uniontown\/\">servicios de impuestos sobre la renta<\/a>, debe:<\/p>\n<ul>\n<li><strong>Programar una consulta<\/strong>: ofrecemos consultas gratuitas a todos los clientes nuevos. Durante la consulta, analizaremos su situaci\u00f3n fiscal y determinaremos c\u00f3mo podemos ayudarlo.<\/li>\n<li><strong>Proporcione sus documentos fiscales<\/strong>: una vez que haya programado una consulta, debe reunir sus documentos fiscales y llevarlos a la reuni\u00f3n. Esto nos ayudar\u00e1 a determinar qu\u00e9 servicios necesita.<\/li>\n<li><strong>Firme un acuerdo de servicio<\/strong>: si decidimos trabajar juntos, firmaremos un acuerdo de servicio que describa nuestros servicios y tarifas.<\/li>\n<li><strong>Pague su factura<\/strong>: despu\u00e9s de que hayamos preparado sus impuestos, le enviaremos una factura por nuestros servicios. Puede pagar esto en l\u00ednea o en persona.<\/li>\n<\/ul>\n<p>Una vez que haya completado estos pasos, nos pondremos a trabajar en sus impuestos. Nos aseguraremos de que todo se haga de manera precisa y eficiente para que pueda obtener su reembolso lo antes posible.<\/p>\n<h4>Preguntas frecuentes<\/h4>\n<h4>1. \u00bfNecesito una Agencia Tributaria?<\/h4>\n<p>Lo mejor es consultar con un profesional para sacar el m\u00e1ximo provecho de sus impuestos si no tiene experiencia en software de impuestos. En Akron Income Tax Co, tenemos la experiencia y los conocimientos para ayudarlo a aprovechar al m\u00e1ximo su declaraci\u00f3n. Podemos ayudarlo a maximizar sus deducciones y asegurarnos de que aproveche todos los beneficios fiscales disponibles para usted.<\/p>\n<h4>2. \u00bfCu\u00e1les son los beneficios de trabajar con una agencia tributaria?<\/h4>\n<p>Hay muchos beneficios al trabajar con una agencia de impuestos como Akron Income Tax Co. Podemos ayudarlo a ahorrar tiempo y dinero asegur\u00e1ndonos de que sus impuestos se presenten correctamente y a tiempo. Nuestros profesionales de impuestos tambi\u00e9n pueden ayudarlo a reducir su obligaci\u00f3n tributaria y aprovechar al m\u00e1ximo su declaraci\u00f3n. Adem\u00e1s, podemos brindarle tranquilidad al manejar todo el papeleo y los detalles relacionados con la presentaci\u00f3n de sus impuestos.<\/p>\n<h4>3. \u00bfQu\u00e9 debo llevar a mi cita de impuestos?<\/h4>\n<p>Cuando venga a\u00a0<a href=\"https:\/\/apc1040.com\/es\/promocion-en-video-de-akron-income-tax-co\/\">Akron Income Tax<\/a>\u00a0Co para su cita de impuestos, hay algunas cosas que debe traer consigo. Primero, deber\u00e1 traer todos los documentos o registros relacionados con sus ingresos imponibles y deducciones. Esto incluye formularios W-2, formularios 1099, extractos bancarios y recibos de donaciones caritativas. Tambi\u00e9n debe traer su tarjeta de Seguro Social y una copia de su declaraci\u00f3n de impuestos del a\u00f1o anterior. Por \u00faltimo, si tiene alguna pregunta o inquietud sobre sus impuestos, aseg\u00farese de anotarla para que podamos abordarla.<\/p>\n<h4>4. \u00bfCu\u00e1nto es la tarifa de preparaci\u00f3n de impuestos sobre la renta?<\/h4>\n<p>El costo de utilizar una agencia tributaria var\u00eda seg\u00fan los servicios que necesite y la complejidad de sus impuestos. Sin embargo, en Akron Income Tax Co, ofrecemos tarifas asequibles y planes de pago para que todos puedan acceder a nuestros servicios a partir de $120 para la mayor\u00eda de las devoluciones. Tambi\u00e9n ofrecemos una consulta gratuita para que pueda obtener m\u00e1s informaci\u00f3n sobre nuestros servicios y c\u00f3mo podemos ayudarlo a ahorrar dinero en sus impuestos.<\/p>\n","protected":false},"excerpt":{"rendered":"<p>Servicios de impuestos sobre la renta Verde | Sociedad de Impuestos sobre la Renta de Akron Lidiar con los impuestos puede ser estresante y desalentador, especialmente si no est\u00e1 familiarizado con el proceso. Con a\u00f1os de experiencia, nuestro equipo de Akron Income Tax Co puede ayudarlo con todos sus servicios de impuestos sobre la renta&#8230;<\/p>\n","protected":false},"author":12,"featured_media":2594,"parent":0,"menu_order":0,"comment_status":"closed","ping_status":"closed","template":"","meta":{"_lmt_disableupdate":"no","_lmt_disable":"","_monsterinsights_skip_tracking":false,"_monsterinsights_sitenote_active":false,"_monsterinsights_sitenote_note":"","_monsterinsights_sitenote_category":0,"_uf_show_specific_survey":0,"_uf_disable_surveys":false,"footnotes":""},"class_list":["post-6353","page","type-page","status-publish","has-post-thumbnail","hentry"],"yoast_head":"<!-- This site is optimized with the Yoast SEO Premium plugin v27.3 (Yoast SEO v27.5) - https:\/\/yoast.com\/product\/yoast-seo-premium-wordpress\/ -->\n<title>Los mejores servicios de impuestos sobre la renta en verde<\/title>\n<meta name=\"description\" content=\"Impuesto sobre la Renta Servicios Green-Con a\u00f1os de experiencia, nuestro equipo de Akron Income Tax Co puede ayudarlo con todos.\" \/>\n<meta name=\"robots\" content=\"index, follow, max-snippet:-1, max-image-preview:large, max-video-preview:-1\" \/>\n<link rel=\"canonical\" href=\"https:\/\/apc1040.com\/es\/income-tax-services-green-akron\/\" \/>\n<meta property=\"og:locale\" content=\"es_ES\" \/>\n<meta property=\"og:type\" content=\"article\" \/>\n<meta property=\"og:title\" content=\"Impuesto sobre la Renta Servicios Green\" \/>\n<meta property=\"og:description\" content=\"Impuesto sobre la Renta Servicios Green-Con a\u00f1os de experiencia, nuestro equipo de Akron Income Tax Co puede ayudarlo con todos.\" \/>\n<meta property=\"og:url\" content=\"https:\/\/apc1040.com\/es\/income-tax-services-green-akron\/\" \/>\n<meta property=\"og:site_name\" content=\"Akron Income Tax Preparation\" \/>\n<meta property=\"article:publisher\" content=\"https:\/\/www.facebook.com\/APC1040\" \/>\n<meta property=\"article:modified_time\" content=\"2024-10-10T20:20:41+00:00\" \/>\n<meta property=\"og:image\" content=\"https:\/\/apc1040.com\/wp-content\/uploads\/2022\/07\/Plaza-Green-Ohio-scaled.jpg\" \/>\n\t<meta property=\"og:image:width\" content=\"1920\" \/>\n\t<meta property=\"og:image:height\" content=\"1440\" \/>\n\t<meta property=\"og:image:type\" content=\"image\/jpeg\" \/>\n<meta name=\"twitter:card\" content=\"summary_large_image\" \/>\n<meta name=\"twitter:label1\" content=\"Est. reading time\" \/>\n\t<meta name=\"twitter:data1\" content=\"8 minutes\" \/>\n<!-- \/ Yoast SEO Premium plugin. -->","yoast_head_json":{"title":"Los mejores servicios de impuestos sobre la renta en verde","description":"Impuesto sobre la Renta Servicios Green-Con a\u00f1os de experiencia, nuestro equipo de Akron Income Tax Co puede ayudarlo con todos.","robots":{"index":"index","follow":"follow","max-snippet":"max-snippet:-1","max-image-preview":"max-image-preview:large","max-video-preview":"max-video-preview:-1"},"canonical":"https:\/\/apc1040.com\/es\/income-tax-services-green-akron\/","og_locale":"es_ES","og_type":"article","og_title":"Impuesto sobre la Renta Servicios Green","og_description":"Impuesto sobre la Renta Servicios Green-Con a\u00f1os de experiencia, nuestro equipo de Akron Income Tax Co puede ayudarlo con todos.","og_url":"https:\/\/apc1040.com\/es\/income-tax-services-green-akron\/","og_site_name":"Akron Income Tax Preparation","article_publisher":"https:\/\/www.facebook.com\/APC1040","article_modified_time":"2024-10-10T20:20:41+00:00","og_image":[{"width":1920,"height":1440,"url":"https:\/\/apc1040.com\/wp-content\/uploads\/2022\/07\/Plaza-Green-Ohio-scaled.jpg","type":"image\/jpeg"}],"twitter_card":"summary_large_image","twitter_misc":{"Est. reading time":"8 minutes"},"schema":{"@context":"https:\/\/schema.org","@graph":[{"@type":"WebPage","@id":"https:\/\/apc1040.com\/es\/income-tax-services-green-akron\/","url":"https:\/\/apc1040.com\/es\/income-tax-services-green-akron\/","name":"Los mejores servicios de impuestos sobre la renta en verde","isPartOf":{"@id":"https:\/\/apc1040.com\/es\/#website"},"primaryImageOfPage":{"@id":"https:\/\/apc1040.com\/es\/income-tax-services-green-akron\/#primaryimage"},"image":{"@id":"https:\/\/apc1040.com\/es\/income-tax-services-green-akron\/#primaryimage"},"thumbnailUrl":"https:\/\/apc1040.com\/wp-content\/uploads\/2022\/07\/Plaza-Green-Ohio-scaled.jpg","datePublished":"2024-02-07T20:39:40+00:00","dateModified":"2024-10-10T20:20:41+00:00","description":"Impuesto sobre la Renta Servicios Green-Con a\u00f1os de experiencia, nuestro equipo de Akron Income Tax Co puede ayudarlo con todos.","breadcrumb":{"@id":"https:\/\/apc1040.com\/es\/income-tax-services-green-akron\/#breadcrumb"},"inLanguage":"es","potentialAction":[{"@type":"ReadAction","target":["https:\/\/apc1040.com\/es\/income-tax-services-green-akron\/"]}]},{"@type":"ImageObject","inLanguage":"es","@id":"https:\/\/apc1040.com\/es\/income-tax-services-green-akron\/#primaryimage","url":"https:\/\/apc1040.com\/wp-content\/uploads\/2022\/07\/Plaza-Green-Ohio-scaled.jpg","contentUrl":"https:\/\/apc1040.com\/wp-content\/uploads\/2022\/07\/Plaza-Green-Ohio-scaled.jpg","width":1920,"height":1440,"caption":"Plaza Green Ohio scaled"},{"@type":"BreadcrumbList","@id":"https:\/\/apc1040.com\/es\/income-tax-services-green-akron\/#breadcrumb","itemListElement":[{"@type":"ListItem","position":1,"name":"Home","item":"https:\/\/apc1040.com\/es\/"},{"@type":"ListItem","position":2,"name":"Impuesto sobre la Renta Servicios Green"}]},{"@type":"WebSite","@id":"https:\/\/apc1040.com\/es\/#website","url":"https:\/\/apc1040.com\/es\/","name":"Akron Income Tax Preparation","description":"Income Tax Preparation Service","publisher":{"@id":"https:\/\/apc1040.com\/es\/#organization"},"potentialAction":[{"@type":"SearchAction","target":{"@type":"EntryPoint","urlTemplate":"https:\/\/apc1040.com\/es\/?s={search_term_string}"},"query-input":{"@type":"PropertyValueSpecification","valueRequired":true,"valueName":"search_term_string"}}],"inLanguage":"es"},{"@type":"Organization","@id":"https:\/\/apc1040.com\/es\/#organization","name":"Akron Income Tax Co","url":"https:\/\/apc1040.com\/es\/","logo":{"@type":"ImageObject","inLanguage":"es","@id":"https:\/\/apc1040.com\/es\/#\/schema\/logo\/image\/","url":"https:\/\/apc1040.com\/wp-content\/uploads\/2024\/11\/income-tax-service-akron.jpg","contentUrl":"https:\/\/apc1040.com\/wp-content\/uploads\/2024\/11\/income-tax-service-akron.jpg","width":800,"height":745,"caption":"Akron Income Tax Co"},"image":{"@id":"https:\/\/apc1040.com\/es\/#\/schema\/logo\/image\/"},"sameAs":["https:\/\/www.facebook.com\/APC1040"]}]}},"amp_enabled":true,"_links":{"self":[{"href":"https:\/\/apc1040.com\/es\/wp-json\/wp\/v2\/pages\/6353","targetHints":{"allow":["GET"]}}],"collection":[{"href":"https:\/\/apc1040.com\/es\/wp-json\/wp\/v2\/pages"}],"about":[{"href":"https:\/\/apc1040.com\/es\/wp-json\/wp\/v2\/types\/page"}],"author":[{"embeddable":true,"href":"https:\/\/apc1040.com\/es\/wp-json\/wp\/v2\/users\/12"}],"replies":[{"embeddable":true,"href":"https:\/\/apc1040.com\/es\/wp-json\/wp\/v2\/comments?post=6353"}],"version-history":[{"count":2,"href":"https:\/\/apc1040.com\/es\/wp-json\/wp\/v2\/pages\/6353\/revisions"}],"predecessor-version":[{"id":8559,"href":"https:\/\/apc1040.com\/es\/wp-json\/wp\/v2\/pages\/6353\/revisions\/8559"}],"wp:featuredmedia":[{"embeddable":true,"href":"https:\/\/apc1040.com\/es\/wp-json\/wp\/v2\/media\/2594"}],"wp:attachment":[{"href":"https:\/\/apc1040.com\/es\/wp-json\/wp\/v2\/media?parent=6353"}],"curies":[{"name":"wp","href":"https:\/\/api.w.org\/{rel}","templated":true}]}}