{"id":6346,"date":"2024-02-07T15:09:59","date_gmt":"2024-02-07T20:09:59","guid":{"rendered":"https:\/\/apc1040.com\/?page_id=6346"},"modified":"2024-08-10T12:53:09","modified_gmt":"2024-08-10T16:53:09","slug":"oferta-de-preparacion-de-impuestos-sobre-la-renta","status":"publish","type":"page","link":"https:\/\/apc1040.com\/es\/oferta-de-preparacion-de-impuestos-sobre-la-renta\/","title":{"rendered":"Oferta de preparaci\u00f3n de impuestos sobre la renta"},"content":{"rendered":"<p><img decoding=\"async\" class=\"aligncenter\" src=\"https:\/\/apc1040.com\/wp-content\/uploads\/2022\/03\/AD120-1024x688.jpg\" alt=\"Income Tax Preparation Offer, Akron Income Tax Preparation\" width=\"780\" height=\"524\" data-id=\"f30a1471-23dc-4219-877c-b564e9bf68a4\" \/><\/p>\n<div class=\"wpb_text_column\">\n<div class=\"wpb_wrapper\">\n<p>Nuestra Oferta de Preparaci\u00f3n de Impuestos a la Renta. Obtenga sus impuestos federales completos por $120. As\u00ed que perm\u00edtanos manejar sus necesidades de contabilidad, tenedur\u00eda de libros y preparaci\u00f3n de impuestos. Y conf\u00ede en nosotros para obtener resultados profesionales a tarifas razonables. Nuestra tarifa plana, sin lujos, significa que siempre sabr\u00e1 lo que est\u00e1 pagando por adelantado:<\/p>\n<p><em>Sin sorpresas, sin tarifas ocultas.<\/em><\/p>\n<\/div>\n<\/div>\n<div class=\"wpb_text_column\">\n<div class=\"wpb_wrapper\">\n<p>Ofrecemos a nuestros clientes varias opciones de presentaci\u00f3n de impuestos, que incluyen:<\/p>\n<ul>\n<li><strong>Citas Privadas Personales para Impuestos<\/strong><\/li>\n<li><strong>Pr\u00e1ctico servicio de entrega.<\/strong><\/li>\n<li><strong>Opci\u00f3n Archivo\u00a0<a href=\"https:\/\/apc1040.com\/es\/archivo-en-casa\/\">remoto@Inicio<\/a><\/strong><\/li>\n<\/ul>\n<h2><strong>Que obtienes con nuestro Servicio<\/strong><\/h2>\n<ul>\n<li>Un profesional de impuestos con experiencia para preparar y presentar sus declaraciones de impuestos federales<\/li>\n<li>Revisi\u00f3n de Impuestos anteriores<\/li>\n<li>Presentaci\u00f3n Electr\u00f3nica Gratuita (E-File) con software de preparaci\u00f3n de impuestos de sus Declaraciones<\/li>\n<li>Preparaci\u00f3n gratuita de impuestos estatales y declaraci\u00f3n de la ciudad completada (con declaraciones federales)<\/li>\n<li>Recomendaciones sobre c\u00f3mo reducir pasivos en tus Impuestos<\/li>\n<li>Garant\u00eda de rendimiento<\/li>\n<\/ul>\n<h2><strong>nuestra garantia<\/strong><\/h2>\n<h3><strong><em>\u00a0Precisi\u00f3n<\/em><\/strong><\/h3>\n<p>Los impuestos requieren precisi\u00f3n, pero pueden ocurrir errores. Aunque verificamos dos veces cada devoluci\u00f3n y le solicitamos que haga lo mismo, hay ocasiones en que ocurren errores. Sin embargo, si cometemos un error, lo corregiremos y le reembolsaremos las multas y los cargos por intereses en los que incurra. Como resultado, usted ser\u00e1 responsable de cualquier Impuesto adicional.<\/p>\n<h3><strong><em>Asistencia<\/em><\/strong><\/h3>\n<p>Por lo tanto, estamos disponibles todo el a\u00f1o para\u00a0<a href=\"https:\/\/apc1040.com\/es\/contactar-con-akron-income-tax-co\/\">responder cualquier pregunta sobre impuestos<\/a>\u00a0que pueda tener. Por lo tanto, revisaremos cualquiera de sus declaraciones de impuestos federales o estatales sin costo alguno.<\/p>\n<h3><strong><em>Auditor\u00eda<\/em><\/strong><\/h3>\n<p>En caso de que su declaraci\u00f3n sea auditada, lo ayudaremos a preparar sus impuestos para la auditor\u00eda. Si desea que lo representemos, estaremos encantados de hacerlo por un cargo adicional.<\/p>\n<h2><strong>\u00bfNecesita ayuda de expertos para preparar los impuestos sobre la renta?<\/strong><\/h2>\n<p>Entonces est\u00e1s en el\u00a0lugar de impuestos\u00a0correcto. Nos complace ayudarlo a ofrecerle una mano amiga con\u00a0preparaci\u00f3n de impuestos.<\/p>\n<p>Nuestra oferta de preparaci\u00f3n de impuestos sobre la renta lo guiar\u00e1 a lo largo del proceso general de preparaci\u00f3n del impuesto sobre la renta. Eventualmente, esto lo ayudar\u00e1 a mantenerse alejado del estr\u00e9s mientras presenta su declaraci\u00f3n de impuestos.<\/p>\n<h2><strong>\u00bfPor qu\u00e9 deber\u00eda optar por nuestra oferta de preparaci\u00f3n de impuestos sobre la renta de Akron?<\/strong><\/h2>\n<\/div>\n<\/div>\n<div class=\"w-image us_custom_649e340e align_center\">\n<div class=\"w-image-h\"><img decoding=\"async\" class=\"attachment-large size-large lazyloaded\" src=\"https:\/\/apc1040.com\/wp-content\/uploads\/2021\/12\/tax-return-service-1-1024x683.jpg\" sizes=\"(max-width: 780px) 100vw, 780px\" srcset=\"https:\/\/apc1040.com\/wp-content\/uploads\/2021\/12\/tax-return-service-1-1024x683.jpg 1024w, https:\/\/apc1040.com\/wp-content\/uploads\/2021\/12\/tax-return-service-1-300x200.jpg 300w, https:\/\/apc1040.com\/wp-content\/uploads\/2021\/12\/tax-return-service-1.jpg 1125w\" alt=\"Oferta de preparaci\u00f3n, Akron Income Tax Preparation\" width=\"780\" height=\"520\" data-srcset=\"https:\/\/apc1040.com\/wp-content\/uploads\/2021\/12\/tax-return-service-1-1024x683.jpg 1024w, https:\/\/apc1040.com\/wp-content\/uploads\/2021\/12\/tax-return-service-1-300x200.jpg 300w, https:\/\/apc1040.com\/wp-content\/uploads\/2021\/12\/tax-return-service-1.jpg 1125w\" data-src=\"https:\/\/apc1040.com\/wp-content\/uploads\/2021\/12\/tax-return-service-1-1024x683.jpg\" data-sizes=\"(max-width: 780px) 100vw, 780px\" \/><\/div>\n<\/div>\n<div class=\"wpb_text_column\">\n<div class=\"wpb_wrapper\">\n<p>La preparaci\u00f3n de impuestos sobre la renta es algo que puede hacer con sus propios impuestos. Sin embargo, este proceso puede ser desafiante y abrumador. La presentaci\u00f3n de <a href=\"https:\/\/apc1040.com\/es\/declaracion-de-impuestos-federales-sobre-la-renta\/\">impuestos federales sobre la renta<\/a> no es algo que deba hacer sin una responsabilidad. Es importante ser consciente de c\u00f3mo presentar los impuestos de la manera correcta. Entonces no tendr\u00e1 que enfrentar ning\u00fan desaf\u00edo al recibir declaraciones de impuestos. Aqu\u00ed es donde podemos ayudar. Estas son algunas de las razones m\u00e1s destacadas por las que deber\u00eda optar por nuestra oferta de preparaci\u00f3n de impuestos sobre la renta.<\/p>\n<h3><strong>Deducciones y cr\u00e9ditos fiscales<\/strong><\/h3>\n<p>Es importante que utilice todas las deducciones y cr\u00e9ditos a los que tiene derecho. Nuestra experiencia nos permite saber para qu\u00e9 deducciones y cr\u00e9ditos calificas. Aqu\u00ed es donde nuestro equipo de expertos puede ayudar. Continuaremos ayud\u00e1ndolo a obtener el m\u00e1ximo rendimiento de impuestos al final del d\u00eda. Esto te har\u00e1 sentir impresionado con los resultados.<\/p>\n<h3><strong>Revisi\u00f3n detallada<\/strong><\/h3>\n<p>Puede esperar obtener una revisi\u00f3n completa de la declaraci\u00f3n de impuestos en l\u00ednea de nuestra parte. Esto le ayudar\u00e1 a comprender mejor lo que va a presentar, incluso antes de hacerlo. Dado que tiene la oportunidad de revisar todo en detalle, puede estar seguro de que no se perder\u00e1 nada. Es posible que mantenga la confianza y proceda con la declaraci\u00f3n de impuestos.<\/p>\n<h3><strong>C\u00e1lculos precisos<\/strong><\/h3>\n<p>Siempre le entregamos c\u00e1lculos 100% precisos. Por lo tanto, no tiene que preocuparse por ser penalizado por errores de c\u00e1lculo. Esto tambi\u00e9n te ayudar\u00e1 a aprovechar al m\u00e1ximo tu\u00a0declaraci\u00f3n de impuestos. En caso de que haya errores de c\u00e1lculo de nuestra parte, seguiremos adelante y pagaremos todas las multas del IRS. Por lo tanto, no tiene que preocuparse por nada antes de optar por nuestra oferta de preparaci\u00f3n de impuestos sobre la renta.<\/p>\n<h3><strong>Orientaci\u00f3n durante las auditor\u00edas<\/strong><\/h3>\n<p>Nuestro equipo de preparadores de impuestos siempre est\u00e1 listo para ofrecerle la orientaci\u00f3n que necesita tambi\u00e9n. Sabemos c\u00f3mo ayudarlo a navegar a trav\u00e9s de una auditor\u00eda y recibir la mayor cantidad de devoluciones al final del d\u00eda. Recibir\u00e1 orientaci\u00f3n de un profesional de impuestos profesional, experimentado y altamente capacitado. Por lo tanto, no tiene que pasar por toda la presi\u00f3n por su cuenta durante una auditor\u00eda.<\/p>\n<h3><strong>Podemos ayudarte durante los hitos de tu vida<\/strong><\/h3>\n<p>Nos aseguramos de que no te pierdas las celebraciones importantes de tu vida. Ya sea que haya comprado una casa nueva, haya tenido un beb\u00e9 o se haya casado, siempre podremos ayudarlo a descubrir nuevas deducciones de impuestos. Adem\u00e1s de eso, nuestro equipo tambi\u00e9n podr\u00e1 ayudarlo a obtener los m\u00e1ximos <a href=\"https:\/\/apc1040.com\/es\/credito-fiscal-para-vehiculos-electricos\/\">cr\u00e9ditos fiscales<\/a>.<\/p>\n<h2><strong>Asistencia para obtener un reembolso de impuestos m\u00e1s r\u00e1pido<\/strong><\/h2>\n<p>Seguiremos adelante y presentaremos sus impuestos sobre la renta electr\u00f3nicamente. Entonces podremos recibir una confirmaci\u00f3n por correo electr\u00f3nico sobre la aceptaci\u00f3n de sus declaraciones de impuestos. Este es el m\u00e9todo m\u00e1s r\u00e1pido <a href=\"https:\/\/apc1040.com\/es\/formularios-de-preparacion-de-impuestos-disponibles\/\">disponible para obtener una declaraci\u00f3n de impuestos<\/a>.<\/p>\n<h3><strong>\u00bfC\u00f3mo nos destacamos del resto?<\/strong><\/h3>\n<p>Cuando busque una oferta de preparaci\u00f3n de impuestos sobre la renta, se encontrar\u00e1 con numerosos proveedores de servicios en Internet. Sin embargo, nuestro servicio se destaca del resto de proveedores de servicios. Las siguientes son algunas de las razones m\u00e1s destacadas por las que nos destacamos del resto.<\/p>\n<h2><strong>Profesionales con experiencia<\/strong><\/h2>\n<p>Cuando se trata de la preparaci\u00f3n y presentaci\u00f3n de impuestos sobre la renta, la experiencia es muy importante. Nuestro equipo cuenta con profesionales de impuestos experimentados, que pueden brindarle todo el apoyo que necesita con la declaraci\u00f3n de impuestos. Los\u00a0profesionales de impuestos\u00a0que trabajan con nosotros tienen m\u00e1s de 10 a\u00f1os de experiencia. Podremos brindarle todo el apoyo, la orientaci\u00f3n y la direcci\u00f3n que desee, mientras lo necesite. Debe ayudarnos con la informaci\u00f3n de su declaraci\u00f3n de impuestos del a\u00f1o anterior para que podamos preparar su documento de declaraci\u00f3n de impuestos correctamente. Si no conoce el AGI del a\u00f1o pasado, tenga una copia de su declaraci\u00f3n de impuestos del a\u00f1o anterior, puede usar las herramientas de apoyo fiscal del IRS Get Transcript para obtener su AGI del a\u00f1o anterior.<\/p>\n<h2><strong>Servicio Garantizado<\/strong><\/h2>\n<p>Puede asegurarse de obtener todas las <a href=\"https:\/\/apc1040.com\/es\/deducciones-fiscales-creditos-fiscales\/\">deducciones y cr\u00e9ditos fiscales<\/a> que merece. Tenemos buen ojo y siempre buscaremos los detalles. Por lo tanto, puede pensar en asegurar un reembolso m\u00e1ximo al final del d\u00eda. Podr\u00e1 obtener un mejor reembolso de impuestos de nosotros, en lugar de seguir adelante por su cuenta.<\/p>\n<h2><strong>Opciones de presentaci\u00f3n<\/strong><\/h2>\n<p>Tenemos citas cara a cara en <a href=\"https:\/\/apc1040.com\/es\/oficina-de-waterloo-rd\/\">nuestra oficina<\/a> local, no hay que esperar en una larga fila, programamos citas y nos esforzamos por llegar a tiempo. Otra opci\u00f3n es dejar sus impuestos, no es necesario hacer cita, y luego recogerlos una vez que tenga sus impuestos preparados. Tambi\u00e9n tiene una opci\u00f3n\u00a0<a href=\"https:\/\/apc1040.com\/file-at-home\/\">Remote File@Home<\/a>\u00a0donde puede cargar sus documentos fiscales utilizando nuestro portal web seguro. Luego podemos completarlos y envi\u00e1rselos para que los firme electr\u00f3nicamente.<\/p>\n<h2><strong>Precios transparentes<\/strong><\/h2>\n<p>Nuestros planes de precios son altos<\/p>\n<\/div>\n<\/div>\n","protected":false},"excerpt":{"rendered":"<p>Nuestra Oferta de Preparaci\u00f3n de Impuestos a la Renta. Obtenga sus impuestos federales completos por $120. As\u00ed que perm\u00edtanos manejar sus necesidades de contabilidad, tenedur\u00eda de libros y preparaci\u00f3n de impuestos. Y conf\u00ede en nosotros para obtener resultados profesionales a tarifas razonables. Nuestra tarifa plana, sin lujos, significa que siempre sabr\u00e1 lo que est\u00e1 pagando&#8230;<\/p>\n","protected":false},"author":12,"featured_media":5179,"parent":0,"menu_order":0,"comment_status":"closed","ping_status":"closed","template":"","meta":{"_lmt_disableupdate":"no","_lmt_disable":"","_monsterinsights_skip_tracking":false,"_monsterinsights_sitenote_active":false,"_monsterinsights_sitenote_note":"","_monsterinsights_sitenote_category":0,"_uf_show_specific_survey":0,"_uf_disable_surveys":false,"footnotes":""},"class_list":["post-6346","page","type-page","status-publish","has-post-thumbnail","hentry"],"yoast_head":"<!-- This site is optimized with the Yoast SEO Premium plugin v27.3 (Yoast SEO v27.4) - https:\/\/yoast.com\/product\/yoast-seo-premium-wordpress\/ -->\n<title>Oferta de preparaci\u00f3n de impuestos sobre la renta en Akron, OH<\/title>\n<meta name=\"description\" content=\"Nuestra Oferta de Preparaci\u00f3n de Impuestos a la Renta. Obtenga sus impuestos federales completos por $120. Impuesto sobre la renta de Akron\" \/>\n<meta name=\"robots\" content=\"index, follow, max-snippet:-1, max-image-preview:large, max-video-preview:-1\" \/>\n<link rel=\"canonical\" href=\"https:\/\/apc1040.com\/es\/oferta-de-preparacion-de-impuestos-sobre-la-renta\/\" \/>\n<meta property=\"og:locale\" content=\"es_ES\" \/>\n<meta property=\"og:type\" content=\"article\" \/>\n<meta property=\"og:title\" content=\"Oferta de preparaci\u00f3n de impuestos sobre la renta\" \/>\n<meta property=\"og:description\" content=\"Nuestra Oferta de Preparaci\u00f3n de Impuestos a la Renta. Obtenga sus impuestos federales completos por $120. Impuesto sobre la renta de Akron\" \/>\n<meta property=\"og:url\" content=\"https:\/\/apc1040.com\/es\/oferta-de-preparacion-de-impuestos-sobre-la-renta\/\" \/>\n<meta property=\"og:site_name\" content=\"Akron Income Tax Preparation\" \/>\n<meta property=\"article:publisher\" content=\"https:\/\/www.facebook.com\/APC1040\" \/>\n<meta property=\"article:modified_time\" content=\"2024-08-10T16:53:09+00:00\" \/>\n<meta property=\"og:image\" content=\"https:\/\/apc1040.com\/wp-content\/uploads\/2023\/11\/15kwGEO_federal_income_tax_return.jpg\" \/>\n\t<meta property=\"og:image:width\" content=\"480\" \/>\n\t<meta property=\"og:image:height\" content=\"270\" \/>\n\t<meta property=\"og:image:type\" content=\"image\/jpeg\" \/>\n<meta name=\"twitter:card\" content=\"summary_large_image\" \/>\n<meta name=\"twitter:label1\" content=\"Est. reading time\" \/>\n\t<meta name=\"twitter:data1\" content=\"6 minutes\" \/>\n<!-- \/ Yoast SEO Premium plugin. -->","yoast_head_json":{"title":"Oferta de preparaci\u00f3n de impuestos sobre la renta en Akron, OH","description":"Nuestra Oferta de Preparaci\u00f3n de Impuestos a la Renta. Obtenga sus impuestos federales completos por $120. Impuesto sobre la renta de Akron","robots":{"index":"index","follow":"follow","max-snippet":"max-snippet:-1","max-image-preview":"max-image-preview:large","max-video-preview":"max-video-preview:-1"},"canonical":"https:\/\/apc1040.com\/es\/oferta-de-preparacion-de-impuestos-sobre-la-renta\/","og_locale":"es_ES","og_type":"article","og_title":"Oferta de preparaci\u00f3n de impuestos sobre la renta","og_description":"Nuestra Oferta de Preparaci\u00f3n de Impuestos a la Renta. Obtenga sus impuestos federales completos por $120. Impuesto sobre la renta de Akron","og_url":"https:\/\/apc1040.com\/es\/oferta-de-preparacion-de-impuestos-sobre-la-renta\/","og_site_name":"Akron Income Tax Preparation","article_publisher":"https:\/\/www.facebook.com\/APC1040","article_modified_time":"2024-08-10T16:53:09+00:00","og_image":[{"width":480,"height":270,"url":"https:\/\/apc1040.com\/wp-content\/uploads\/2023\/11\/15kwGEO_federal_income_tax_return.jpg","type":"image\/jpeg"}],"twitter_card":"summary_large_image","twitter_misc":{"Est. reading time":"6 minutes"},"schema":{"@context":"https:\/\/schema.org","@graph":[{"@type":"WebPage","@id":"https:\/\/apc1040.com\/es\/oferta-de-preparacion-de-impuestos-sobre-la-renta\/","url":"https:\/\/apc1040.com\/es\/oferta-de-preparacion-de-impuestos-sobre-la-renta\/","name":"Oferta de preparaci\u00f3n de impuestos sobre la renta en Akron, OH","isPartOf":{"@id":"https:\/\/apc1040.com\/es\/#website"},"primaryImageOfPage":{"@id":"https:\/\/apc1040.com\/es\/oferta-de-preparacion-de-impuestos-sobre-la-renta\/#primaryimage"},"image":{"@id":"https:\/\/apc1040.com\/es\/oferta-de-preparacion-de-impuestos-sobre-la-renta\/#primaryimage"},"thumbnailUrl":"https:\/\/apc1040.com\/wp-content\/uploads\/2023\/11\/15kwGEO_federal_income_tax_return.jpg","datePublished":"2024-02-07T20:09:59+00:00","dateModified":"2024-08-10T16:53:09+00:00","description":"Nuestra Oferta de Preparaci\u00f3n de Impuestos a la Renta. Obtenga sus impuestos federales completos por $120. Impuesto sobre la renta de Akron","breadcrumb":{"@id":"https:\/\/apc1040.com\/es\/oferta-de-preparacion-de-impuestos-sobre-la-renta\/#breadcrumb"},"inLanguage":"es","potentialAction":[{"@type":"ReadAction","target":["https:\/\/apc1040.com\/es\/oferta-de-preparacion-de-impuestos-sobre-la-renta\/"]}]},{"@type":"ImageObject","inLanguage":"es","@id":"https:\/\/apc1040.com\/es\/oferta-de-preparacion-de-impuestos-sobre-la-renta\/#primaryimage","url":"https:\/\/apc1040.com\/wp-content\/uploads\/2023\/11\/15kwGEO_federal_income_tax_return.jpg","contentUrl":"https:\/\/apc1040.com\/wp-content\/uploads\/2023\/11\/15kwGEO_federal_income_tax_return.jpg","width":480,"height":270,"caption":"Income Tax Preparation Akron Ohio"},{"@type":"BreadcrumbList","@id":"https:\/\/apc1040.com\/es\/oferta-de-preparacion-de-impuestos-sobre-la-renta\/#breadcrumb","itemListElement":[{"@type":"ListItem","position":1,"name":"Home","item":"https:\/\/apc1040.com\/es\/"},{"@type":"ListItem","position":2,"name":"Oferta de preparaci\u00f3n de impuestos sobre la renta"}]},{"@type":"WebSite","@id":"https:\/\/apc1040.com\/es\/#website","url":"https:\/\/apc1040.com\/es\/","name":"Akron Income Tax Preparation","description":"Income Tax Preparation Service","publisher":{"@id":"https:\/\/apc1040.com\/es\/#organization"},"potentialAction":[{"@type":"SearchAction","target":{"@type":"EntryPoint","urlTemplate":"https:\/\/apc1040.com\/es\/?s={search_term_string}"},"query-input":{"@type":"PropertyValueSpecification","valueRequired":true,"valueName":"search_term_string"}}],"inLanguage":"es"},{"@type":"Organization","@id":"https:\/\/apc1040.com\/es\/#organization","name":"Akron Income Tax Co","url":"https:\/\/apc1040.com\/es\/","logo":{"@type":"ImageObject","inLanguage":"es","@id":"https:\/\/apc1040.com\/es\/#\/schema\/logo\/image\/","url":"https:\/\/apc1040.com\/wp-content\/uploads\/2024\/11\/income-tax-service-akron.jpg","contentUrl":"https:\/\/apc1040.com\/wp-content\/uploads\/2024\/11\/income-tax-service-akron.jpg","width":800,"height":745,"caption":"Akron Income Tax Co"},"image":{"@id":"https:\/\/apc1040.com\/es\/#\/schema\/logo\/image\/"},"sameAs":["https:\/\/www.facebook.com\/APC1040"]}]}},"amp_enabled":true,"_links":{"self":[{"href":"https:\/\/apc1040.com\/es\/wp-json\/wp\/v2\/pages\/6346","targetHints":{"allow":["GET"]}}],"collection":[{"href":"https:\/\/apc1040.com\/es\/wp-json\/wp\/v2\/pages"}],"about":[{"href":"https:\/\/apc1040.com\/es\/wp-json\/wp\/v2\/types\/page"}],"author":[{"embeddable":true,"href":"https:\/\/apc1040.com\/es\/wp-json\/wp\/v2\/users\/12"}],"replies":[{"embeddable":true,"href":"https:\/\/apc1040.com\/es\/wp-json\/wp\/v2\/comments?post=6346"}],"version-history":[{"count":0,"href":"https:\/\/apc1040.com\/es\/wp-json\/wp\/v2\/pages\/6346\/revisions"}],"wp:featuredmedia":[{"embeddable":true,"href":"https:\/\/apc1040.com\/es\/wp-json\/wp\/v2\/media\/5179"}],"wp:attachment":[{"href":"https:\/\/apc1040.com\/es\/wp-json\/wp\/v2\/media?parent=6346"}],"curies":[{"name":"wp","href":"https:\/\/api.w.org\/{rel}","templated":true}]}}