{"id":6340,"date":"2024-02-07T14:44:28","date_gmt":"2024-02-07T19:44:28","guid":{"rendered":"https:\/\/apc1040.com\/irs-phone-numbers-ways-to-make-contact\/"},"modified":"2024-05-14T08:39:54","modified_gmt":"2024-05-14T12:39:54","slug":"numeros-de-telefono-del-irs","status":"publish","type":"page","link":"https:\/\/apc1040.com\/es\/numeros-de-telefono-del-irs\/","title":{"rendered":"N\u00fameros de tel\u00e9fono del IRS: Formas de hacer contacto"},"content":{"rendered":"<h2>N\u00fameros de tel\u00e9fono y otros m\u00e9todos de contacto<\/h2>\n<p>Si necesita comunicarse con el IRS en Akron Ohio, hay muchas maneras de hacerlo. Odio dec\u00edrtelo, ninguno de los cuales es realmente f\u00e1cil para ti. Tratar con el IRS puede ser frustrante por lo menos. Desde n\u00fameros de tel\u00e9fono gratuitos y correos electr\u00f3nicos hasta chats en vivo, el <a href=\"https:\/\/apc1040.com\/es\/servicio-de-impuestos-cerca-de-mi\/\">Servicio de Impuestos<\/a> Internos brinda servicios que facilitan la resoluci\u00f3n de sus problemas impositivos. Esta p\u00e1gina brinda una descripci\u00f3n detallada de todos los m\u00e9todos de contacto disponibles para el IRS, incluido el n\u00famero de contacto espec\u00edfico de cada departamento y la disponibilidad del chat en vivo. Tambi\u00e9n brinda <a href=\"https:\/\/apc1040.com\/es\/impuestos-facil\/informacion-general-enlaces-fiscales\/\">informaci\u00f3n general<\/a> sobre los tiempos de espera del servicio al cliente, el horario de atenci\u00f3n y otros n\u00fameros de tel\u00e9fono importantes, como la Unidad Especializada de Protecci\u00f3n de Identidad. Independientemente de su situaci\u00f3n fiscal, esta publicaci\u00f3n de blog le brindar\u00e1 orientaci\u00f3n y lo ayudar\u00e1 a ponerse en contacto con las personas adecuadas para que pueda retomar el rumbo r\u00e1pidamente.<\/p>\n<figure id=\"attachment_2341\" class=\"wp-caption aligncenter\" aria-describedby=\"caption-attachment-2341\"><img decoding=\"async\" class=\"wp-image-2341 size-medium ls-is-cached lazyloaded\" src=\"https:\/\/apc1040.com\/wp-content\/uploads\/2022\/06\/istockphoto-1128492906-170667a-300x200.jpg\" sizes=\"(max-width: 300px) 100vw, 300px\" srcset=\"https:\/\/apc1040.com\/wp-content\/uploads\/2022\/06\/istockphoto-1128492906-170667a-300x200.jpg 300w, https:\/\/apc1040.com\/wp-content\/uploads\/2022\/06\/istockphoto-1128492906-170667a.jpg 509w\" alt=\"N\u00fameros de tel\u00e9fono del IRS, Akron Income Tax Preparation\" width=\"300\" height=\"200\" data-srcset=\"https:\/\/apc1040.com\/wp-content\/uploads\/2022\/06\/istockphoto-1128492906-170667a-300x200.jpg 300w, https:\/\/apc1040.com\/wp-content\/uploads\/2022\/06\/istockphoto-1128492906-170667a.jpg 509w\" data-src=\"https:\/\/apc1040.com\/wp-content\/uploads\/2022\/06\/istockphoto-1128492906-170667a-300x200.jpg\" data-sizes=\"(max-width: 300px) 100vw, 300px\" \/><figcaption id=\"caption-attachment-2341\" class=\"wp-caption-text\">N\u00fameros de tel\u00e9fono del IRS<\/figcaption><\/figure>\n<h2>\u00bfC\u00f3mo contactar al IRS por tel\u00e9fono directamente?<\/h2>\n<p>Navegar por el sistema del IRS para comunicarse con el servicio al cliente puede ser un desaf\u00edo. Afortunadamente, existe un procedimiento confiable que puede seguir para conectarse con un agente y obtener ayuda con sus preguntas o inquietudes. \u00a1Aproveche este m\u00e9todo mientras todav\u00eda funciona! El IRS podr\u00eda realizar cambios en su sistema con el tiempo, posiblemente alterando la forma en que puede conectarse con un agente. Sin embargo, actualmente existe un m\u00e9todo seguro para hablar directamente con una persona real en el IRS:<\/p>\n<p>1. Marque el n\u00famero gratuito del IRS al (800) 829-1040. El servicio est\u00e1 disponible de lunes a viernes de 7 am a 7 pm.<br \/>\n2. El sistema automatizado le pedir\u00e1 que elija el idioma en el que desea comunicarse.<br \/>\n3. Escuche atentamente todas las opciones y seleccione la que mejor se adapte a sus necesidades.<br \/>\n4. Despu\u00e9s de seleccionar una opci\u00f3n, elija la opci\u00f3n 2 para \u00abImpuesto sobre la Renta de las Personas F\u00edsicas\u00bb.<br \/>\n5. Seleccione 1 para \u00abhistorial de pagos o impuestos\u00bb.<br \/>\n6. Ingrese 1 para cualquier otra pregunta.<br \/>\n7. Presione 2 para todas las dem\u00e1s preguntas.<br \/>\n8. Antes de que pueda continuar, necesitar\u00e1 su n\u00famero de Seguro Social, sin embargo, no lo ingrese hasta que se lo indiquen.<br \/>\n9. Aseg\u00farese de verificar dos veces. Se le pedir\u00e1 su n\u00famero de Seguro Social dos veces durante este proceso. Cuando se le solicite, aparecer\u00e1 un nuevo men\u00fa. \u00a1Aseg\u00farese de revisar las opciones cuidadosamente!<br \/>\n10. Seleccione 2 preguntas de impuestos individuales del men\u00fa que recibi\u00f3.<br \/>\n11. Presione 4 si necesita hablar con un agente del IRS. Ahora estar\u00e1 conectado con un representante de servicio al cliente del IRS en vivo.<\/p>\n<h2>Para comunicarse con el IRS, llame a:<\/h2>\n<p>Atenci\u00f3n al cliente \u2014 800-829-1040<br \/>\nCheque perdido del IRS \u2014 800-829-1954<br \/>\nEstado del reembolso \u2014 800-829-4477<br \/>\nFormularios y publicaciones \u2014 800-829-3676<\/p>\n<p>Recuperaci\u00f3n de IP PIN: 800-908-4490 o en l\u00ednea en\u00a0 Obtener un PIN de IP<br \/>\nPreguntas sobre reembolsos y compensaciones de obligaciones del IRS \u2014 800-829-1954<br \/>\nServicio de defensa del contribuyente \u2014 877-777-4778<\/p>\n<p><a href=\"https:\/\/apc1040.com\/es\/obtenga-una-transcripcion-del-irs\/\">Transcripci\u00f3n del IRS<\/a> \u2014 800-908-9946<br \/>\nN\u00famero de tel\u00e9fono del IRS para consultas sobre reembolsos de impuestos: 800-829-1040<\/p>\n<h3>Para pagar impuestos con tarjeta de cr\u00e9dito: llame a cualquiera de estos n\u00fameros:<\/h3>\n<p>888-972-9829<br \/>\n888-PAY-1040 (888-729-1040)<br \/>\n855-9-PAY-TAX (855-972-9829)<br \/>\n888-872-9829<br \/>\n866-964-2552<\/p>\n<h3>Otras formas de comunicarse con una persona viva en el IRS<\/h3>\n<p>El IRS ofrece otras formas de conectarse con un representante de servicio al cliente del IRS. El IRS tiene diferentes departamentos, cada uno con una l\u00ednea telef\u00f3nica.<\/p>\n<h4>1) Visite la oficina local del IRS:<\/h4>\n<p>Visitar la oficina local del Servicio de Impuestos Internos (IRS, por sus siglas en ingl\u00e9s) es una excelente manera de obtener asistencia personal relacionada con preguntas o desaf\u00edos al presentar la declaraci\u00f3n de impuestos. La ayuda en vivo de agentes del IRS capacitados y experimentados puede brindar orientaci\u00f3n e instrucciones detalladas sobre c\u00f3mo <a href=\"https:\/\/apc1040.com\/es\/ron-el-recaudador-de-impuestos-completando-impuestos-desde-1982\/\">completar formularios de impuestos<\/a> y explicar muchas otras opciones que una persona podr\u00eda tener para presentar documentos. Las oficinas est\u00e1n abiertas todo el a\u00f1o y ofrecen horarios convenientes que se adaptan mejor a su horario. Si bien las visitas en persona requieren una cita, vale la pena el esfuerzo para las personas que necesitan asistencia adicional cuando se trata de formularios de impuestos complejos.<\/p>\n<p>Comun\u00edquese con un Defensor del Contribuyente del IRS local (LTA) en Ohio<\/p>\n<p>Ciudad Direcci\u00f3n Tel\u00e9fono Fax<br \/>\nCincinnati 550 Main Street, Sala 5111 Cincinnati, OH 45202 513-263-3260 855-824-6407<br \/>\nCleveland 1240 E. Ninth St., Sala 423, Cleveland, OH 44199 216-415-3460 855-824-6409<\/p>\n<p>Tambi\u00e9n puede llamar sin cargo al Servicio del Defensor del Contribuyente al 1-877-777-4778, o completar el Formulario 911, Solicitud de Asistencia del Servicio del Defensor del Contribuyente, PDF, y enviarlo por fax o correo a la siguiente direcci\u00f3n:<\/p>\n<p>La direcci\u00f3n postal de Cincinnati es:<br \/>\nServicio del Defensor del Contribuyente del IRS, P.O. Box 2057, Cincinnati, OH 45202.<\/p>\n<p>Oficina local de Cleveland<br \/>\nServicio del Defensor del Contribuyente del IRS, P.O. Box 99709, Cleveland, OH 44199.<\/p>\n<p>N\u00famero de tel\u00e9fono del Departamento de Cobros del IRS 800-829-3903<br \/>\nN\u00famero de tel\u00e9fono de servicio al cliente del IRS 800-829-0582<br \/>\nTodos los dem\u00e1s idiomas, llame al 833-553-9895<\/p>\n<h4>Oficina local de Akron<\/h4>\n<p>Servicio de Impuestos Internos 2 S Main St, Akron, OH 44308<\/p>\n<p>Servicio de Impuestos Internos 330-319-9800<br \/>\nPara hacer una cita 844-545-5640<\/p>\n<h4>2) Llame a su Centro de Servicios del Defensor del Contribuyente:<\/h4>\n<p>El IRS tambi\u00e9n ofrece un Servicio de Defensor del Contribuyente que puede brindar ayuda a los contribuyentes con problemas fiscales complejos o problemas del IRS no resueltos. El servicio de defensa del contribuyente est\u00e1 disponible durante todo el a\u00f1o para responder preguntas y brindar asistencia al presentar la declaraci\u00f3n de impuestos. Est\u00e1n disponibles por tel\u00e9fono durante el horario comercial habitual, pero tambi\u00e9n se les puede contactar por correo electr\u00f3nico para asuntos que no sean urgentes. Para encontrar el centro m\u00e1s cercano a usted, visite el sitio web del IRS.<\/p>\n<h4>3) Sitio web del IRS:<\/h4>\n<p>El IRS tambi\u00e9n ofrece una variedad de recursos \u00fatiles en su sitio web. Desde publicaciones y formularios hasta preguntas frecuentes y otros temas relacionados con los impuestos, el sitio web del IRS es un gran recurso para los contribuyentes que buscan respuestas o informaci\u00f3n adicional. Adem\u00e1s, hay representantes de servicio al cliente disponibles para responder preguntas por correo electr\u00f3nico o chat. El IRS tambi\u00e9n tiene una aplicaci\u00f3n IRS2GO para dispositivos m\u00f3viles que puede brindar orientaci\u00f3n \u00fatil sobre la declaraci\u00f3n de impuestos y otros temas relacionados con el IRS.<\/p>\n<h4>4) Otros n\u00fameros de tel\u00e9fono del IRS:<\/h4>\n<p>Los otros n\u00fameros disponibles se clasifican seg\u00fan los problemas que pueden tener las personas. De esta manera, puede hablar con alguien que puede ayudar en un escenario determinado. Los n\u00fameros se pueden encontrar en el sitio web oficial del IRS, as\u00ed que aseg\u00farese de verificar all\u00ed antes de llamar a un n\u00famero del IRS. Mira si el n\u00famero al que llamas coincide con el problema por el que llamas. No se sienta abrumado cuando trate de comunicarse con el IRS. Puede encontrar f\u00e1cilmente un n\u00famero adecuado de inmediato en funci\u00f3n de su problema visitando el sitio web oficial. Los n\u00fameros est\u00e1n categorizados con diferentes problemas en la mente, as\u00ed que no lo dude, \u00a1marque directamente el n\u00famero perfecto! Los n\u00fameros de tel\u00e9fono del IRS son altamente confiables y los agentes del IRS lo ayudar\u00e1n con cualquier problema que pueda tener.<\/p>\n<h4>M\u00e9todo de contacto del Congreso para asistencia adicional:<\/h4>\n<p>Es importante saber qu\u00e9 v\u00edas tomar si tiene problemas para resolver un problema del IRS. Una de las rutas m\u00e1s efectivas es comunicarse con sus representantes en el Congreso para obtener asistencia adicional. Ya sea que necesite ayuda para recopilar registros e informaci\u00f3n o navegar los procedimientos del IRS, sus representantes tienen personal para ayudar en varias \u00e1reas. Incluso puede unirse a una reuni\u00f3n pol\u00edtica local para obtener consejos de voluntarios experimentados sobre la mejor manera de resolver su problema si es necesario. Sus representantes en el Congreso tambi\u00e9n pueden ayudar a garantizar que se respeten las leyes federales y que sus\u00a0<a href=\"https:\/\/apc1040.com\/es\/declaraciones-de-impuestos-sobre-la-renta-akron\/\">las declaraciones de la renta<\/a>\u00a0se tramitan correctamente. Dar este paso es esencial para ayudar a proteger sus derechos como contribuyente.<\/p>\n<p>Una forma de buscar a su congresista Use este enlace<br \/>\n<a href=\"https:\/\/www.congress.gov\/members\/find-your-member\" target=\"_blank\" rel=\"noopener\">www.congress.gov\/members\/find-your-member<\/a><\/p>\n<h4>Aqu\u00ed hay algunos otros consejos para aprovechar al m\u00e1ximo sus llamadas telef\u00f3nicas del IRS:<\/h4>\n<p>Tenga listos todos los documentos e informaci\u00f3n relacionada con su caso antes de hacer la llamada<br \/>\nAseg\u00farese de entender exactamente lo que se necesita antes de hablar con un agente<br \/>\nToma notas durante la conversaci\u00f3n y aseg\u00farate de entender todo lo que se dice.<br \/>\nHaga preguntas para aclarar si no entiende algo.<br \/>\nNo olvide agradecer al agente del IRS por su ayuda y orientaci\u00f3n.<\/p>\n<h4>Razones por las que podr\u00eda necesitar comunicarse con el IRS<\/h4>\n<p>Es posible que deba comunicarse con el IRS por una variedad de razones. Estos pueden incluir:<br \/>\nSolicitar una pr\u00f3rroga en la declaraci\u00f3n de impuestos<br \/>\nSolicitar copias de declaraciones de impuestos anteriores<br \/>\nResolucion de disputas sobre facturas y pagos<br \/>\nHacer cambios a los planos de pago existentes<br \/>\nDeterminar la elegibilidad para ciertos cr\u00e9ditos o deducciones<br \/>\nReportar robo de identidad o actividad fraudulenta<br \/>\nResponder preguntas sobre leyes y reglamentos fiscales<br \/>\n\u00ab\u00bfD\u00f3nde est\u00e1 mi reembolso?\u00bb consultas<br \/>\nQuiere saber sobre pagos o cr\u00e9ditos espec\u00edficos<br \/>\nDocumentos del IRS perdidos o robados Direcci\u00f3n incorrecta en un formulario o documento Informar cambios en su declaraci\u00f3n de impuestos Solicitar informaci\u00f3n adicional o aclaraci\u00f3n.<br \/>\nTienes que confirmar o verificar el pago o la devoluci\u00f3n<\/p>\n<h3>Situaciones en las que\u00a0no debe llamar\u00a0al IRS:<\/h3>\n<p>No debe llamar al IRS si se encuentra en una de las siguientes situaciones:<br \/>\n1. Quiere denunciar un delito o actividad sospechosa<br \/>\n2. Tienes que presentar una queja o reclamaci\u00f3n<br \/>\n3. Est\u00e1 buscando asesoramiento legal<br \/>\n4. Necesita ayuda con asuntos de impuestos estatales<\/p>\n<p>Recuerde, si tiene alguna pregunta sobre\u00a0<a href=\"https:\/\/apc1040.com\/es\/\">presentaci\u00f3n de sus impuestos<\/a>\u00a0u otros asuntos relacionados con el IRS, aseg\u00farese de comunicarse con el n\u00famero de tel\u00e9fono del IRS correspondiente. Ya sea que est\u00e9 buscando una extensi\u00f3n en sus impuestos o si tiene alguna pregunta sobre cr\u00e9ditos y deducciones, el IRS est\u00e1 listo para ayudarlo. \u00a1Tambi\u00e9n puedes llamarnos! 330-733-1040<\/p>\n<h4>C\u00f3mo prepararse para su llamada al IRS<\/h4>\n<p>Aseg\u00farese de tener todos los documentos necesarios, como su n\u00famero de Seguro Social, declaraci\u00f3n de impuestos y otros documentos de respaldo relacionados con su problema cuando llame. Es importante estar preparado antes de hacer la llamada para que pueda brindar las mejores respuestas posibles cuando hable con un agente del IRS. Adem\u00e1s, anota cualquier pregunta que tengas con anticipaci\u00f3n para asegurarte de no olvidar hacerla durante la conversaci\u00f3n.<\/p>\n<h4>Aqu\u00ed hay informaci\u00f3n que el IRS puede necesitar para ayudarlo:<\/h4>\n<p>N\u00fameros de Seguro Social (SSN)<br \/>\nN\u00fameros de Identificaci\u00f3n del Contribuyente (TIN)<br \/>\nInformaci\u00f3n dependiente<br \/>\nN\u00fameros de cuenta bancaria o informaci\u00f3n de tarjeta de cr\u00e9dito<br \/>\nFechas de nacimiento, matrimonio y divorcio<br \/>\nDetalles financieros como sueldos, salarios, propinas y otros tipos de ingresos<br \/>\nDetalles del pago de impuestos<br \/>\nDeclaraciones de impuestos del a\u00f1o anterior<br \/>\nInformaci\u00f3n comercial (si corresponde)<br \/>\nCarta o notificaci\u00f3n que ha recibido.<\/p>\n<p>Aseg\u00farese de tener estos detalles listos cuando llame al IRS. De esta manera, puede proporcionar respuestas precisas y completas que ayudar\u00e1n al IRS a resolver su problema de manera oportuna.<\/p>\n<h4>Mejores horas para llamar al IRS:<\/h4>\n<p>Los mejores horarios para llamar al IRS son los horarios locales de lunes a viernes, de 7:00 a. m. a 7:00 p. m. Es importante tener en cuenta que el IRS est\u00e1 cerrado todos los d\u00edas festivos federales, as\u00ed como los s\u00e1bados y domingos.<\/p>\n<p>Cuando llame al IRS, es \u00fatil elegir un horario fuera de horario si es posible, ya que puede haber largos tiempos de espera durante los per\u00edodos pico. Si no puede comunicarse con el IRS por tel\u00e9fono, siempre puede enviar sus consultas por correo o usar uno de sus servicios en l\u00ednea para comunicarse con ellos.<\/p>\n<h4>Conclusi\u00f3n:<\/h4>\n<p>La mejor manera de comunicarse con el IRS es llamando a su n\u00famero de servicio al cliente. Los tiempos de espera pueden ser largos, pero eventualmente se comunicar\u00e1 con un representante que puede ayudarlo con su problema. Tambi\u00e9n puede intentar enviar un correo electr\u00f3nico o un fax al IRS, pero estos m\u00e9todos no son tan confiables ni tan oportunos como llamar por tel\u00e9fono. Si necesita realizar un seguimiento de su declaraci\u00f3n de impuestos, la mejor manera de hacerlo es en l\u00ednea a trav\u00e9s del sitio web del IRS.<\/p>\n","protected":false},"excerpt":{"rendered":"<p>N\u00fameros de tel\u00e9fono y otros m\u00e9todos de contacto Si necesita comunicarse con el IRS en Akron Ohio, hay muchas maneras de hacerlo. Odio dec\u00edrtelo, ninguno de los cuales es realmente f\u00e1cil para ti. Tratar con el IRS puede ser frustrante por lo menos. Desde n\u00fameros de tel\u00e9fono gratuitos y correos electr\u00f3nicos hasta chats en vivo,&#8230;<\/p>\n","protected":false},"author":12,"featured_media":2569,"parent":0,"menu_order":0,"comment_status":"closed","ping_status":"closed","template":"","meta":{"_lmt_disableupdate":"no","_lmt_disable":"","_monsterinsights_skip_tracking":false,"_monsterinsights_sitenote_active":false,"_monsterinsights_sitenote_note":"","_monsterinsights_sitenote_category":0,"_uf_show_specific_survey":0,"_uf_disable_surveys":false,"footnotes":""},"class_list":["post-6340","page","type-page","status-publish","has-post-thumbnail","hentry"],"yoast_head":"<!-- This site is optimized with the Yoast SEO Premium plugin v27.3 (Yoast SEO v27.4) - https:\/\/yoast.com\/product\/yoast-seo-premium-wordpress\/ -->\n<title>N\u00fameros de tel\u00e9fono del IRS: mejores formas de contactar<\/title>\n<meta name=\"description\" content=\"Los mejores n\u00fameros de tel\u00e9fono del IRS para ayudarlo y asistirlo a comunicarse con el Servicio de Impuestos Internos\" \/>\n<meta name=\"robots\" content=\"noindex, follow\" \/>\n<meta property=\"og:locale\" content=\"es_ES\" \/>\n<meta property=\"og:type\" content=\"article\" \/>\n<meta property=\"og:title\" content=\"N\u00fameros de tel\u00e9fono del IRS: Formas de hacer contacto\" \/>\n<meta property=\"og:description\" content=\"Los mejores n\u00fameros de tel\u00e9fono del IRS para ayudarlo y asistirlo a comunicarse con el Servicio de Impuestos Internos\" \/>\n<meta property=\"og:url\" content=\"https:\/\/apc1040.com\/es\/numeros-de-telefono-del-irs\/\" \/>\n<meta property=\"og:site_name\" content=\"Akron Income Tax Preparation\" \/>\n<meta property=\"article:publisher\" content=\"https:\/\/www.facebook.com\/APC1040\" \/>\n<meta property=\"article:modified_time\" content=\"2024-05-14T12:39:54+00:00\" \/>\n<meta property=\"og:image\" content=\"https:\/\/apc1040.com\/wp-content\/uploads\/2022\/06\/istockphoto-1128492906-170667a.jpg\" \/>\n\t<meta property=\"og:image:width\" content=\"509\" \/>\n\t<meta property=\"og:image:height\" content=\"339\" \/>\n\t<meta property=\"og:image:type\" content=\"image\/jpeg\" \/>\n<meta name=\"twitter:card\" content=\"summary_large_image\" \/>\n<meta name=\"twitter:label1\" content=\"Est. reading time\" \/>\n\t<meta name=\"twitter:data1\" content=\"10 minutes\" \/>\n<!-- \/ Yoast SEO Premium plugin. -->","yoast_head_json":{"title":"N\u00fameros de tel\u00e9fono del IRS: mejores formas de contactar","description":"Los mejores n\u00fameros de tel\u00e9fono del IRS para ayudarlo y asistirlo a comunicarse con el Servicio de Impuestos Internos","robots":{"index":"noindex","follow":"follow"},"og_locale":"es_ES","og_type":"article","og_title":"N\u00fameros de tel\u00e9fono del IRS: Formas de hacer contacto","og_description":"Los mejores n\u00fameros de tel\u00e9fono del IRS para ayudarlo y asistirlo a comunicarse con el Servicio de Impuestos Internos","og_url":"https:\/\/apc1040.com\/es\/numeros-de-telefono-del-irs\/","og_site_name":"Akron Income Tax Preparation","article_publisher":"https:\/\/www.facebook.com\/APC1040","article_modified_time":"2024-05-14T12:39:54+00:00","og_image":[{"width":509,"height":339,"url":"https:\/\/apc1040.com\/wp-content\/uploads\/2022\/06\/istockphoto-1128492906-170667a.jpg","type":"image\/jpeg"}],"twitter_card":"summary_large_image","twitter_misc":{"Est. reading time":"10 minutes"},"schema":{"@context":"https:\/\/schema.org","@graph":[{"@type":"WebPage","@id":"https:\/\/apc1040.com\/es\/numeros-de-telefono-del-irs\/","url":"https:\/\/apc1040.com\/es\/numeros-de-telefono-del-irs\/","name":"N\u00fameros de tel\u00e9fono del IRS: mejores formas de contactar","isPartOf":{"@id":"https:\/\/apc1040.com\/es\/#website"},"primaryImageOfPage":{"@id":"https:\/\/apc1040.com\/es\/numeros-de-telefono-del-irs\/#primaryimage"},"image":{"@id":"https:\/\/apc1040.com\/es\/numeros-de-telefono-del-irs\/#primaryimage"},"thumbnailUrl":"https:\/\/apc1040.com\/wp-content\/uploads\/2022\/06\/istockphoto-1128492906-170667a.jpg","datePublished":"2024-02-07T19:44:28+00:00","dateModified":"2024-05-14T12:39:54+00:00","description":"Los mejores n\u00fameros de tel\u00e9fono del IRS para ayudarlo y asistirlo a comunicarse con el Servicio de Impuestos Internos","breadcrumb":{"@id":"https:\/\/apc1040.com\/es\/numeros-de-telefono-del-irs\/#breadcrumb"},"inLanguage":"es","potentialAction":[{"@type":"ReadAction","target":["https:\/\/apc1040.com\/es\/numeros-de-telefono-del-irs\/"]}]},{"@type":"ImageObject","inLanguage":"es","@id":"https:\/\/apc1040.com\/es\/numeros-de-telefono-del-irs\/#primaryimage","url":"https:\/\/apc1040.com\/wp-content\/uploads\/2022\/06\/istockphoto-1128492906-170667a.jpg","contentUrl":"https:\/\/apc1040.com\/wp-content\/uploads\/2022\/06\/istockphoto-1128492906-170667a.jpg","width":509,"height":339,"caption":"istockphoto 1128492906 170667a"},{"@type":"BreadcrumbList","@id":"https:\/\/apc1040.com\/es\/numeros-de-telefono-del-irs\/#breadcrumb","itemListElement":[{"@type":"ListItem","position":1,"name":"Home","item":"https:\/\/apc1040.com\/es\/"},{"@type":"ListItem","position":2,"name":"N\u00fameros de tel\u00e9fono del IRS: Formas de hacer contacto"}]},{"@type":"WebSite","@id":"https:\/\/apc1040.com\/es\/#website","url":"https:\/\/apc1040.com\/es\/","name":"Akron Income Tax Preparation","description":"Income Tax Preparation Service","publisher":{"@id":"https:\/\/apc1040.com\/es\/#organization"},"potentialAction":[{"@type":"SearchAction","target":{"@type":"EntryPoint","urlTemplate":"https:\/\/apc1040.com\/es\/?s={search_term_string}"},"query-input":{"@type":"PropertyValueSpecification","valueRequired":true,"valueName":"search_term_string"}}],"inLanguage":"es"},{"@type":"Organization","@id":"https:\/\/apc1040.com\/es\/#organization","name":"Akron Income Tax Co","url":"https:\/\/apc1040.com\/es\/","logo":{"@type":"ImageObject","inLanguage":"es","@id":"https:\/\/apc1040.com\/es\/#\/schema\/logo\/image\/","url":"https:\/\/apc1040.com\/wp-content\/uploads\/2024\/11\/income-tax-service-akron.jpg","contentUrl":"https:\/\/apc1040.com\/wp-content\/uploads\/2024\/11\/income-tax-service-akron.jpg","width":800,"height":745,"caption":"Akron Income Tax Co"},"image":{"@id":"https:\/\/apc1040.com\/es\/#\/schema\/logo\/image\/"},"sameAs":["https:\/\/www.facebook.com\/APC1040"]}]}},"amp_enabled":true,"_links":{"self":[{"href":"https:\/\/apc1040.com\/es\/wp-json\/wp\/v2\/pages\/6340","targetHints":{"allow":["GET"]}}],"collection":[{"href":"https:\/\/apc1040.com\/es\/wp-json\/wp\/v2\/pages"}],"about":[{"href":"https:\/\/apc1040.com\/es\/wp-json\/wp\/v2\/types\/page"}],"author":[{"embeddable":true,"href":"https:\/\/apc1040.com\/es\/wp-json\/wp\/v2\/users\/12"}],"replies":[{"embeddable":true,"href":"https:\/\/apc1040.com\/es\/wp-json\/wp\/v2\/comments?post=6340"}],"version-history":[{"count":0,"href":"https:\/\/apc1040.com\/es\/wp-json\/wp\/v2\/pages\/6340\/revisions"}],"wp:featuredmedia":[{"embeddable":true,"href":"https:\/\/apc1040.com\/es\/wp-json\/wp\/v2\/media\/2569"}],"wp:attachment":[{"href":"https:\/\/apc1040.com\/es\/wp-json\/wp\/v2\/media?parent=6340"}],"curies":[{"name":"wp","href":"https:\/\/api.w.org\/{rel}","templated":true}]}}