{"id":6332,"date":"2024-02-07T13:17:27","date_gmt":"2024-02-07T18:17:27","guid":{"rendered":"https:\/\/apc1040.com\/irs-audit-triggers-to-avoid\/"},"modified":"2024-09-01T13:17:18","modified_gmt":"2024-09-01T17:17:18","slug":"auditoria-del-irs","status":"publish","type":"page","link":"https:\/\/apc1040.com\/es\/auditoria-del-irs\/","title":{"rendered":"Activadores de auditor\u00eda del IRS"},"content":{"rendered":"<h2>\u00bfC\u00f3mo evitar los desencadenantes de auditor\u00eda del IRS?<\/h2>\n<p><img decoding=\"async\" class=\"aligncenter size-medium wp-image-2371\" src=\"https:\/\/apc1040.com\/wp-content\/uploads\/2022\/06\/istockphoto-1298118430-170667a-300x200.jpg\" alt=\"IRS Tax Audit\" width=\"300\" height=\"200\" srcset=\"https:\/\/apc1040.com\/wp-content\/uploads\/2022\/06\/istockphoto-1298118430-170667a-300x200.jpg 300w, https:\/\/apc1040.com\/wp-content\/uploads\/2022\/06\/istockphoto-1298118430-170667a.jpg 509w\" sizes=\"(max-width: 300px) 100vw, 300px\" \/><\/p>\n<p>El mayor riesgo de una auditor\u00eda del IRS debido al aumento de los fondos del IRS afectar\u00e1 a muchos m\u00e1s contribuyentes en el futuro. Podemos suponer que los activadores de auditor\u00eda del IRS se dirigir\u00e1n a los <a href=\"https:\/\/apc1040.com\/es\/lista-de-nuestros-servicios\/servicios-de-contabilidad-en-akron-oh-2\/\">contribuyentes con peque\u00f1as empresas<\/a> o propiedades en alquiler. Su mejor mantenimiento de registros es herm\u00e9tico, por lo que prueba sus ingresos y gastos.<\/p>\n<p>Comenzando con la adici\u00f3n de todos sus dep\u00f3sitos bancarios, dep\u00f3sitos de tarjetas de cr\u00e9dito y otras aplicaciones de pago entre pares, como Cash App, Venmo, PayPal y Zelle. Porque eso es lo que har\u00e1 el IRS para asegurarse de que declares todos tus ingresos.<\/p>\n<p>Entonces tendr\u00e1s que probar cada gasto en tu declaraci\u00f3n de impuestos. El IRS analizar\u00e1 muy detenidamente cualquier gasto de autom\u00f3vil que haya informado, y ese es un problema completamente diferente que necesita un m\u00e9todo de informe de seguimiento profundo, pero despu\u00e9s de eso, el IRS analizar\u00e1 sus otros gastos y buscar\u00e1 sus facturas originales como prueba de que los gastos fueron ordinarios y necesarios para llevar a cabo su negocio.<\/p>\n<p>Pero, en \u00faltima instancia, todo se reduce a que una persona real use el sentido com\u00fan para determinar que declar\u00f3 todos sus ingresos y gastos correctamente y que vive de la forma en que los declar\u00f3. Esta gu\u00eda es para ayudarlo a evitar una auditor\u00eda del IRS, pero recuerde, la mejor manera de evitar una auditor\u00eda del IRS es informar todo correctamente en primer lugar.<\/p>\n<h2>\u00bfQu\u00e9 necesita saber sobre las auditor\u00edas del IRS?<\/h2>\n<p>El IRS audita menos del 1% de las <a href=\"https:\/\/apc1040.com\/es\/declaraciones-de-impuestos-sobre-la-renta-akron\/\">declaraciones de impuestos<\/a> individuales cada a\u00f1o. Sin embargo, si lo seleccionan para una auditor\u00eda, es importante saber qu\u00e9 esperar y c\u00f3mo responder. Esto es lo que necesita saber sobre las auditor\u00edas del IRS:<\/p>\n<h3>1) Tipos de auditor\u00edas<\/h3>\n<p>El IRS puede realizar tres tipos de auditor\u00edas: de campo, de oficina y por correspondencia.<\/p>\n<p>Las auditor\u00edas de campo son el tipo de auditor\u00eda m\u00e1s completo, generalmente en el hogar o negocio\u00a0<a href=\"https:\/\/apc1040.com\/es\/la-guia-definitiva-para-la-asistencia-del-servicio-del-defensor-del-contribuyente\/\">del contribuyente<\/a>. Durante una auditor\u00eda de campo, un auditor del IRS examinar\u00e1 los registros del contribuyente e incluso puede entrevistar al contribuyente oa los testigos.<\/p>\n<p>Las auditor\u00edas de oficina se llevan a cabo en una oficina del IRS y generalmente implican una revisi\u00f3n de los registros del contribuyente. El auditor del IRS puede solicitar informaci\u00f3n o documentos adicionales durante una auditor\u00eda de oficina.<\/p>\n<p>Adem\u00e1s, las auditor\u00edas por correspondencia son el tipo de auditor\u00eda menos exhaustiva y se realizan por correo. Con una auditor\u00eda de correspondencia, el IRS solicitar\u00e1 informaci\u00f3n o documentos adicionales al contribuyente. El contribuyente puede responder a una auditor\u00eda de correspondencia por correo y no hay una reuni\u00f3n en persona con un auditor del IRS.<\/p>\n<h3>2) El proceso de auditor\u00eda<\/h3>\n<p>El IRS notificar\u00e1 al contribuyente que ha sido seleccionado para una auditor\u00eda por correo. La notificaci\u00f3n incluir\u00e1 informaci\u00f3n sobre el tipo de auditor\u00eda que se est\u00e1 realizando y los registros que el contribuyente debe proporcionar.<\/p>\n<p>El contribuyente. <a href=\"https:\/\/apc1040.com\/es\/consejos-de-expertos-las-mejores-formas-de-ser-auditado-por-el-irs\/\">auditado por el IRS<\/a> luego se reunir\u00e1 con el auditor del IRS para discutir la auditor\u00eda. Durante esta reuni\u00f3n, el auditor revisar\u00e1 los registros y har\u00e1 preguntas sobre la declaraci\u00f3n de impuestos. El contribuyente tendr\u00e1 la oportunidad de explicar su posici\u00f3n y proporcionar documentaci\u00f3n adicional.<\/p>\n<p>Despu\u00e9s de revisar toda la informaci\u00f3n, el auditor del IRS determinar\u00e1 si es necesario realizar alg\u00fan cambio en la declaraci\u00f3n de impuestos. Si el auditor encuentra impuestos adicionales, se le notificar\u00e1 al contribuyente el monto adeudado m\u00e1s intereses y multas. Sin embargo, el contribuyente puede apelar la decisi\u00f3n del auditor si no est\u00e1 de acuerdo con ella.<\/p>\n<h3>3) Evitar desencadenantes de auditor\u00eda del IRS<\/h3>\n<p>Los contribuyentes pueden hacer algunas cosas para evitar ser seleccionados para una auditor\u00eda. En primer lugar, aseg\u00farese de informar con precisi\u00f3n todos los ingresos en su declaraci\u00f3n de impuestos. En segundo lugar, aproveche todas las deducciones y cr\u00e9ditos fiscales para los que sea elegible. Finalmente, mantenga buenos registros de todos los ingresos y gastos a lo largo del a\u00f1o.<\/p>\n<p>Si bien no existe una forma garantizada de evitar ser auditado, seguir estos consejos puede ayudarlo a reducir sus posibilidades de ser seleccionado.<\/p>\n<h2>\u00bfC\u00f3mo abordar una auditor\u00eda del IRS?<\/h2>\n<h3>1) Comprender el alcance\u00a0de\u00a0la auditor\u00eda fiscal:<\/h3>\n<p>El primer paso para abordar una auditor\u00eda fiscal del IRS es comprender el alcance de la auditor\u00eda. El IRS le notificar\u00e1 por escrito sobre los a\u00f1os o problemas espec\u00edficos que se est\u00e1n auditando. Es importante revisar este aviso detenidamente para que tenga una comprensi\u00f3n clara de lo que se est\u00e1 auditando.<\/p>\n<h4><b>2) Prepare sus respuestas a las preguntas del IRS:<\/b><\/h4>\n<p>Una vez que tenga una comprensi\u00f3n clara del alcance de la auditor\u00eda, deber\u00e1 preparar sus respuestas a las preguntas del IRS. Esto puede incluir proporcionar documentaci\u00f3n para respaldar su posici\u00f3n. Es importante ser honesto y directo en sus respuestas.<\/p>\n<ul>\n<li>Debe escribir sus respuestas al IRS para una auditor\u00eda por correo.<\/li>\n<li>Para una auditor\u00eda de oficina o de campo, deber\u00e1 proporcionar respuestas verbales a las preguntas del auditor del IRS.<\/li>\n<\/ul>\n<h4><strong>3) Cooperar con el IRS:<\/strong><\/h4>\n<p>Es importante cooperar con el IRS durante todo el proceso de auditor\u00eda. Esto incluye responder oportunamente a las solicitudes de informaci\u00f3n y presentarse a las reuniones programadas.<\/p>\n<h4>4) DRevise los cambios propuestos:<\/h4>\n<p>Una vez que el IRS haya completado su auditor\u00eda, le enviar\u00e1n una evaluaci\u00f3n propuesta de los impuestos, intereses y multas adeudados. Por lo tanto, es importante revisar cuidadosamente esta evaluaci\u00f3n propuesta. Tiene derecho a apelar los cambios propuestos si no est\u00e1 de acuerdo con ellos.<\/p>\n<h4><strong>5) Pagar los impuestos adeudados:<\/strong><\/h4>\n<p>Si est\u00e1 de acuerdo con los cambios propuestos, deber\u00e1 pagar los impuestos adeudados. Puede hacerlo enviando un cheque o giro postal al IRS. Aseg\u00farese de incluir su n\u00famero de seguro social o n\u00famero de identificaci\u00f3n fiscal para que el pago se aplique a la cuenta correcta.<\/p>\n<p>Puede comunicarse con el IRS para establecer un plan de pago si no puede pagar el monto total adeudado.<\/p>\n<h4><b>6) Presente sus declaraciones de impuestos a tiempo:<\/b><\/h4>\n<p>Es importante presentar sus declaraciones de impuestos a tiempo, incluso si no puede pagar la cantidad total de impuestos adeudados. <a href=\"https:\/\/apc1040.com\/es\/como-utilizar-un-plan-responsable-para-reducir-impuestos\/\">Esto ayudar\u00e1 a evitar multas y cargos por intereses<\/a>. Lo que es m\u00e1s importante, ayudar\u00e1 a evitar una auditor\u00eda fiscal del IRS en el futuro.<\/p>\n<h2>Siete auditor\u00edas fiscales de peque\u00f1as empresas provocan que los propietarios pasen por alto:<\/h2>\n<h3>1. No mantener registros detallados<\/h3>\n<p>Uno de los desencadenantes de auditor\u00eda m\u00e1s comunes es no mantener registros detallados de sus ingresos y gastos. El IRS requiere que las peque\u00f1as empresas mantengan registros precisos de todas las transacciones financieras para poder declarar sus impuestos correctamente. El IRS puede cuestionar sus deducciones y comenzar una auditor\u00eda si no tiene registros detallados.<\/p>\n<h3>2. Presentaci\u00f3n incorrecta o tard\u00eda<\/h3>\n<p>Declaraci\u00f3n tard\u00eda Otro desencadenante de una auditor\u00eda fiscal de una peque\u00f1a empresa es presentar sus impuestos incorrectamente o presentarlos tarde. El IRS tiene plazos estrictos para presentar sus impuestos, y si no cumple con el plazo o presenta sus impuestos incorrectamente, puede estar sujeto a una auditor\u00eda.<\/p>\n<h3>3. Reclamaci\u00f3n de deducciones no elegibles<\/h3>\n<p>Uno de los desencadenantes de auditor\u00eda m\u00e1s comunes es reclamar deducciones no elegibles. El IRS tiene reglas estrictas sobre lo que se puede y no se puede deducir, y si reclama deducciones que no est\u00e1n permitidas, puede desencadenar una auditor\u00eda.<\/p>\n<h3>4. No pagar los impuestos estimados<\/h3>\n<p>Si es propietario de una\u00a0<a href=\"https:\/\/apc1040.com\/es\/contador-de-pequenas-empresas-cerca-de-mi\/\">peque\u00f1a empresa<\/a>, debe pagar impuestos estimados durante todo el a\u00f1o. Puede desencadenar una auditor\u00eda si no paga sus impuestos estimados. Por ejemplo, puede estar sujeto a una auditor\u00eda si trabaja por cuenta propia y no paga sus impuestos estimados.<\/p>\n<h3>5. No declarar todos los ingresos<\/h3>\n<p>El mayor desencadenante de auditor\u00eda es no informar todos sus ingresos. El IRS requiere que informe todas las fuentes de ingresos, ya sea de su negocio o de otras fuentes. Si no informa todos sus ingresos, el IRS puede cuestionar sus deducciones y comenzar una auditor\u00eda.<\/p>\n<h3>6. Cometer errores matem\u00e1ticos<\/h3>\n<p>Uno de los desencadenantes de auditor\u00eda m\u00e1s comunes es cometer errores matem\u00e1ticos en su declaraci\u00f3n de impuestos. El IRS a menudo detectar\u00e1 estos errores y le enviar\u00e1 un aviso solicitando una aclaraci\u00f3n. Pero, si no responde al aviso o si no tiene una explicaci\u00f3n v\u00e1lida del error, puede estar sujeto a una auditor\u00eda.<\/p>\n<h3>7. No declarar ingresos extranjeros<\/h3>\n<p>Si tiene ingresos de fuentes extranjeras, debe informarlo en su declaraci\u00f3n de impuestos. El IRS tiene reglas estrictas sobre los ingresos extranjeros y, si no los informa, puede desencadenar una auditor\u00eda. Por ejemplo, puede estar sujeto a una auditor\u00eda si tiene una cuenta bancaria en un pa\u00eds extranjero y no informa los ingresos por intereses en su declaraci\u00f3n de impuestos.<\/p>\n<h2>Qu\u00e9 hacer si recibe un aviso de auditor\u00eda:<\/h2>\n<p>Si recibe un aviso de auditor\u00eda del IRS, no entre en p\u00e1nico. Lo primero que debe hacer es revisar el aviso detenidamente y asegurarse de que entiende lo que dice. Si tiene preguntas sobre el aviso, debe comunicarse con el IRS.<\/p>\n<p>El siguiente paso es reunir toda la <a href=\"https:\/\/apc1040.com\/documentation-for-business-deductions\/\">documentaci\u00f3n que necesitar\u00e1 para respaldar su declaraci\u00f3n de impuestos<\/a>. Esto puede incluir recibos, extractos bancarios y registros de sus ingresos y gastos. Una vez que haya reunido toda la documentaci\u00f3n requerida, debe comunicarse con el IRS para programar una cita.<\/p>\n<p>El IRS revisar\u00e1 su declaraci\u00f3n de impuestos en la cita y le har\u00e1 preguntas sobre sus deducciones e ingresos. Es importante ser honesto y comunicativo durante la auditor\u00eda. El IRS puede ajustar su declaraci\u00f3n de impuestos, pero si descubren que ha tergiversado sus impuestos deliberadamente, puede estar sujeto a multas y cargos por intereses.<\/p>\n<p>Si el IRS determina que debe impuestos adicionales, ser\u00e1 responsable de pagar los impuestos m\u00e1s los intereses y multas. El IRS trabajar\u00e1 con usted para establecer un plan de pago si no puede pagar el monto total adeudado.<\/p>\n<p>Si el IRS determina que se le debe un reembolso, recibir\u00e1 un cheque por el monto del reembolso m\u00e1s cualquier inter\u00e9s adeudado.<\/p>\n<h3>\u00bfQu\u00e9 debe hacer si cree que ser\u00e1 auditado?<\/h3>\n<p>Si cree que puede estar sujeto a una auditor\u00eda, hay varias cosas que puede hacer para prepararse. Primero, aseg\u00farese de tener toda la documentaci\u00f3n que necesita para respaldar su declaraci\u00f3n de impuestos. Esto puede incluir recibos, extractos bancarios y registros de sus ingresos y gastos.<\/p>\n<p>Luego, revise su declaraci\u00f3n de impuestos cuidadosamente y aseg\u00farese de que no haya errores.<\/p>\n","protected":false},"excerpt":{"rendered":"<p>\u00bfC\u00f3mo evitar los desencadenantes de auditor\u00eda del IRS? El mayor riesgo de una auditor\u00eda del IRS debido al aumento de los fondos del IRS afectar\u00e1 a muchos m\u00e1s contribuyentes en el futuro. Podemos suponer que los activadores de auditor\u00eda del IRS se dirigir\u00e1n a los contribuyentes con peque\u00f1as empresas o propiedades en alquiler. Su mejor&#8230;<\/p>\n","protected":false},"author":12,"featured_media":3651,"parent":0,"menu_order":0,"comment_status":"closed","ping_status":"closed","template":"","meta":{"_lmt_disableupdate":"no","_lmt_disable":"","_monsterinsights_skip_tracking":false,"_monsterinsights_sitenote_active":false,"_monsterinsights_sitenote_note":"","_monsterinsights_sitenote_category":0,"_uf_show_specific_survey":0,"_uf_disable_surveys":false,"footnotes":""},"class_list":["post-6332","page","type-page","status-publish","has-post-thumbnail","hentry"],"yoast_head":"<!-- This site is optimized with the Yoast SEO Premium plugin v27.3 (Yoast SEO v27.4) - https:\/\/yoast.com\/product\/yoast-seo-premium-wordpress\/ -->\n<title>Auditor\u00eda del IRS | Akron Income Tax Preparation<\/title>\n<meta name=\"description\" content=\"Comprender y evitar los desencadenantes b\u00e1sicos de auditor\u00eda del IRS puede reducir sus posibilidades de ser auditado por el IRS en el futuro.\" \/>\n<meta name=\"robots\" content=\"index, follow, max-snippet:-1, max-image-preview:large, max-video-preview:-1\" \/>\n<link rel=\"canonical\" href=\"https:\/\/apc1040.com\/es\/auditoria-del-irs\/\" \/>\n<meta property=\"og:locale\" content=\"es_ES\" \/>\n<meta property=\"og:type\" content=\"article\" \/>\n<meta property=\"og:title\" content=\"Activadores de auditor\u00eda del IRS\" \/>\n<meta property=\"og:description\" content=\"Comprender y evitar los desencadenantes b\u00e1sicos de auditor\u00eda del IRS puede reducir sus posibilidades de ser auditado por el IRS en el futuro.\" \/>\n<meta property=\"og:url\" content=\"https:\/\/apc1040.com\/es\/auditoria-del-irs\/\" \/>\n<meta property=\"og:site_name\" content=\"Akron Income Tax Preparation\" \/>\n<meta property=\"article:publisher\" content=\"https:\/\/www.facebook.com\/APC1040\" \/>\n<meta property=\"article:modified_time\" content=\"2024-09-01T17:17:18+00:00\" \/>\n<meta property=\"og:image\" content=\"https:\/\/apc1040.com\/wp-content\/uploads\/2022\/12\/pic213.png\" \/>\n\t<meta property=\"og:image:width\" content=\"1000\" \/>\n\t<meta property=\"og:image:height\" content=\"600\" \/>\n\t<meta property=\"og:image:type\" content=\"image\/png\" \/>\n<meta name=\"twitter:card\" content=\"summary_large_image\" \/>\n<meta name=\"twitter:label1\" content=\"Est. reading time\" \/>\n\t<meta name=\"twitter:data1\" content=\"8 minutes\" \/>\n<!-- \/ Yoast SEO Premium plugin. -->","yoast_head_json":{"title":"Auditor\u00eda del IRS | Akron Income Tax Preparation","description":"Comprender y evitar los desencadenantes b\u00e1sicos de auditor\u00eda del IRS puede reducir sus posibilidades de ser auditado por el IRS en el futuro.","robots":{"index":"index","follow":"follow","max-snippet":"max-snippet:-1","max-image-preview":"max-image-preview:large","max-video-preview":"max-video-preview:-1"},"canonical":"https:\/\/apc1040.com\/es\/auditoria-del-irs\/","og_locale":"es_ES","og_type":"article","og_title":"Activadores de auditor\u00eda del IRS","og_description":"Comprender y evitar los desencadenantes b\u00e1sicos de auditor\u00eda del IRS puede reducir sus posibilidades de ser auditado por el IRS en el futuro.","og_url":"https:\/\/apc1040.com\/es\/auditoria-del-irs\/","og_site_name":"Akron Income Tax Preparation","article_publisher":"https:\/\/www.facebook.com\/APC1040","article_modified_time":"2024-09-01T17:17:18+00:00","og_image":[{"width":1000,"height":600,"url":"https:\/\/apc1040.com\/wp-content\/uploads\/2022\/12\/pic213.png","type":"image\/png"}],"twitter_card":"summary_large_image","twitter_misc":{"Est. reading time":"8 minutes"},"schema":{"@context":"https:\/\/schema.org","@graph":[{"@type":"WebPage","@id":"https:\/\/apc1040.com\/es\/auditoria-del-irs\/","url":"https:\/\/apc1040.com\/es\/auditoria-del-irs\/","name":"Auditor\u00eda del IRS | Akron Income Tax Preparation","isPartOf":{"@id":"https:\/\/apc1040.com\/es\/#website"},"primaryImageOfPage":{"@id":"https:\/\/apc1040.com\/es\/auditoria-del-irs\/#primaryimage"},"image":{"@id":"https:\/\/apc1040.com\/es\/auditoria-del-irs\/#primaryimage"},"thumbnailUrl":"https:\/\/apc1040.com\/wp-content\/uploads\/2022\/12\/pic213.png","datePublished":"2024-02-07T18:17:27+00:00","dateModified":"2024-09-01T17:17:18+00:00","description":"Comprender y evitar los desencadenantes b\u00e1sicos de auditor\u00eda del IRS puede reducir sus posibilidades de ser auditado por el IRS en el futuro.","breadcrumb":{"@id":"https:\/\/apc1040.com\/es\/auditoria-del-irs\/#breadcrumb"},"inLanguage":"es","potentialAction":[{"@type":"ReadAction","target":["https:\/\/apc1040.com\/es\/auditoria-del-irs\/"]}]},{"@type":"ImageObject","inLanguage":"es","@id":"https:\/\/apc1040.com\/es\/auditoria-del-irs\/#primaryimage","url":"https:\/\/apc1040.com\/wp-content\/uploads\/2022\/12\/pic213.png","contentUrl":"https:\/\/apc1040.com\/wp-content\/uploads\/2022\/12\/pic213.png","width":1000,"height":600,"caption":"Tax Audit"},{"@type":"BreadcrumbList","@id":"https:\/\/apc1040.com\/es\/auditoria-del-irs\/#breadcrumb","itemListElement":[{"@type":"ListItem","position":1,"name":"Home","item":"https:\/\/apc1040.com\/es\/"},{"@type":"ListItem","position":2,"name":"Activadores de auditor\u00eda del IRS"}]},{"@type":"WebSite","@id":"https:\/\/apc1040.com\/es\/#website","url":"https:\/\/apc1040.com\/es\/","name":"Akron Income Tax Preparation","description":"Income Tax Preparation Service","publisher":{"@id":"https:\/\/apc1040.com\/es\/#organization"},"potentialAction":[{"@type":"SearchAction","target":{"@type":"EntryPoint","urlTemplate":"https:\/\/apc1040.com\/es\/?s={search_term_string}"},"query-input":{"@type":"PropertyValueSpecification","valueRequired":true,"valueName":"search_term_string"}}],"inLanguage":"es"},{"@type":"Organization","@id":"https:\/\/apc1040.com\/es\/#organization","name":"Akron Income Tax Co","url":"https:\/\/apc1040.com\/es\/","logo":{"@type":"ImageObject","inLanguage":"es","@id":"https:\/\/apc1040.com\/es\/#\/schema\/logo\/image\/","url":"https:\/\/apc1040.com\/wp-content\/uploads\/2024\/11\/income-tax-service-akron.jpg","contentUrl":"https:\/\/apc1040.com\/wp-content\/uploads\/2024\/11\/income-tax-service-akron.jpg","width":800,"height":745,"caption":"Akron Income Tax Co"},"image":{"@id":"https:\/\/apc1040.com\/es\/#\/schema\/logo\/image\/"},"sameAs":["https:\/\/www.facebook.com\/APC1040"]}]}},"amp_enabled":true,"_links":{"self":[{"href":"https:\/\/apc1040.com\/es\/wp-json\/wp\/v2\/pages\/6332","targetHints":{"allow":["GET"]}}],"collection":[{"href":"https:\/\/apc1040.com\/es\/wp-json\/wp\/v2\/pages"}],"about":[{"href":"https:\/\/apc1040.com\/es\/wp-json\/wp\/v2\/types\/page"}],"author":[{"embeddable":true,"href":"https:\/\/apc1040.com\/es\/wp-json\/wp\/v2\/users\/12"}],"replies":[{"embeddable":true,"href":"https:\/\/apc1040.com\/es\/wp-json\/wp\/v2\/comments?post=6332"}],"version-history":[{"count":0,"href":"https:\/\/apc1040.com\/es\/wp-json\/wp\/v2\/pages\/6332\/revisions"}],"wp:featuredmedia":[{"embeddable":true,"href":"https:\/\/apc1040.com\/es\/wp-json\/wp\/v2\/media\/3651"}],"wp:attachment":[{"href":"https:\/\/apc1040.com\/es\/wp-json\/wp\/v2\/media?parent=6332"}],"curies":[{"name":"wp","href":"https:\/\/api.w.org\/{rel}","templated":true}]}}