{"id":6315,"date":"2024-02-07T11:48:40","date_gmt":"2024-02-07T16:48:40","guid":{"rendered":"https:\/\/apc1040.com\/1099k-tax\/"},"modified":"2024-09-02T09:19:04","modified_gmt":"2024-09-02T13:19:04","slug":"1099k-tax","status":"publish","type":"page","link":"https:\/\/apc1040.com\/es\/1099k-tax\/","title":{"rendered":"1099 K IRS L\u00edmite de activaci\u00f3n de $600"},"content":{"rendered":"<h2>C\u00f3mo comprender su formulario 1099-K | Compa\u00f1\u00eda de Impuestos sobre la Renta de Akron<\/h2>\n<p><img decoding=\"async\" class=\"aligncenter wp-image-3653 size-medium\" src=\"https:\/\/apc1040.com\/wp-content\/uploads\/2022\/12\/pic214-450x300.jpg\" alt=\"1099 k\" width=\"450\" height=\"300\" srcset=\"https:\/\/apc1040.com\/wp-content\/uploads\/2022\/12\/pic214-450x300.jpg 450w, https:\/\/apc1040.com\/wp-content\/uploads\/2022\/12\/pic214.jpg 509w\" sizes=\"(max-width: 450px) 100vw, 450px\" \/><\/p>\n<p>\u00bfRecibes un Formulario 1099-K? Si est\u00e1 en el negocio de aceptar pagos con tarjetas de cr\u00e9dito o d\u00e9bito, entonces la respuesta probablemente sea s\u00ed. Adem\u00e1s, este formulario informa los ingresos recibidos a trav\u00e9s de transacciones con tarjetas de cr\u00e9dito y d\u00e9bito. A partir de 2022, el l\u00edmite de activaci\u00f3n de $600 del IRS requerir\u00e1 que informe esto en su declaraci\u00f3n de impuestos. Lo m\u00e1s probable es que tengas que presentar una declaraci\u00f3n de impuesto sobre la renta de la peque\u00f1a empresa si recibes este formulario.<\/p>\n<p>Los contribuyentes que reciben dinero a trav\u00e9s de la aplicaci\u00f3n de efectivo, Venmo, Zelle, Square o cualquier otra aplicaci\u00f3n de terceros probablemente recibir\u00e1n un formulario 1099K. Si recibe este formulario 1099-K, debe declarar estos ingresos en sus impuestos.<\/p>\n<p>Est\u00e9 atento a estos formularios 1099K, probablemente comenzar\u00e1n a enviarlos a principios de enero. Puede declararlo en el Anexo 1 como otros ingresos o en el Anexo C como ingresos de trabajo por cuenta propia. Incluso si el monto que recibi\u00f3 no est\u00e1 sujeto a impuestos, a\u00fan debe rendir cuentas para que el IRS no le env\u00ede una factura de ajuste sujeto a impuestos m\u00e1s tarde.<\/p>\n<p>El Formulario 1099-K debe ser presentado por lo que se denomina una \u201centidad de liquidaci\u00f3n de pagos\u201d. Esto incluye entidades como PayPal y Venmo. Este art\u00edculo analizar\u00e1 m\u00e1s de cerca el Formulario 1099-K y lo que significa para usted. Empecemos.<\/p>\n<h2>\u00bfCu\u00e1ndo se emite el formulario 1099-K?<\/h2>\n<p>El formulario 1099-K generalmente lo emiten las entidades de liquidaci\u00f3n de pagos, incluidos los procesadores de transacciones de red de terceros, los emisores de tarjetas de pago y los servicios de pago por Internet. Es para reportar la cantidad total de pagos hechos para liquidar transacciones reportables para un beneficiario participante.<\/p>\n<p>Primero, este formulario se emite al comienzo del a\u00f1o siguiente al a\u00f1o calendario en el que se realizaron los pagos. Por ejemplo, si realiza pagos declarables a trav\u00e9s de una entidad de liquidaci\u00f3n de pagos en 2022, recibir\u00e1 un Formulario 1099-K para esos pagos a principios de 2023.<\/p>\n<h2>\u00bfQu\u00e9 informaci\u00f3n se declara en el formulario 1099-K?<\/h2>\n<p>El Formulario 1099-K informa el volumen de pago bruto de las transacciones con tarjeta de cr\u00e9dito y d\u00e9bito. Esto incluye cualquier pago realizado a trav\u00e9s de redes de terceros, como PayPal. El formulario tambi\u00e9n informa el n\u00famero total de transacciones que se procesaron.<\/p>\n<p>El formulario no informa los detalles espec\u00edficos de cada transacci\u00f3n individual. Lo que es m\u00e1s importante, por ejemplo, no enumerar\u00e1 los art\u00edculos que se compraron ni los nombres de las partes involucradas en cada transacci\u00f3n.<\/p>\n<p>Es una declaraci\u00f3n de informaci\u00f3n del IRS que informa ciertas transacciones con tarjetas de pago. Las compa\u00f1\u00edas de tarjetas de pago y las organizaciones de liquidaci\u00f3n de terceros deben presentar un Formulario 1099-K por cada persona a la que hayan pagado $600 o m\u00e1s en un a\u00f1o calendario por transacciones de pago reportables. Porque una &#8220;transacci\u00f3n de pago reportable&#8221; es cualquier transacci\u00f3n con tarjeta de cr\u00e9dito o transacci\u00f3n de red de terceros procesada a trav\u00e9s del sistema de la compa\u00f1\u00eda.<\/p>\n<p>Adem\u00e1s, el prop\u00f3sito principal del Formulario 1099-K es ayudar al IRS a conciliar la cantidad total de ingresos informados en las declaraciones de impuestos sobre la renta individuales de los contribuyentes con la cantidad total de ingresos recibidos de todas las fuentes. <a href=\"https:\/\/apc1040.com\/es\/como-declarar-el-1099-k-en-sus-impuestos-al-vender-articulos-personales\/\">Saber c\u00f3mo declarar el 1099-K<\/a> es fundamental, ya que al exigir a las empresas que informen los ingresos comerciales de las transacciones con tarjetas de cr\u00e9dito y d\u00e9bito, el IRS puede identificar m\u00e1s f\u00e1cilmente a los contribuyentes que pueden estar declarando menos ingresos<\/p>\n<h2>Las Transacciones Reportables<\/h2>\n<p>El formulario 1099-K informa el n\u00famero bruto de transacciones declarables para cada beneficiario. Una transacci\u00f3n reportable se define como una tarjeta de pago o una transacci\u00f3n de red de un tercero que un beneficiario participante procesa a trav\u00e9s de una entidad de liquidaci\u00f3n de pagos.<\/p>\n<p>Los siguientes son ejemplos de transacciones reportables comunes:<\/p>\n<p>Transacciones con tarjeta de cr\u00e9dito<br \/>\nCon tarjeta de d\u00e9bito<br \/>\nDe PayPal<br \/>\nAmazon Payments<\/p>\n<h3>\u00bfQui\u00e9n debe presentar el formulario 1099-K?<\/h3>\n<p>Si est\u00e1 en el negocio de procesamiento de pagos y realiza ciertos tipos de pagos a trav\u00e9s de su negocio, debe presentar el Formulario 1099-K ante el IRS.<\/p>\n<p>Debe presentar el Formulario 1099-K si, en el curso de su negocio, realiza pagos por un total de m\u00e1s de $600 por bienes o servicios a un solo beneficiario. (Una red de terceros se define como una c\u00e1mara de compensaci\u00f3n o servicio de pago que procesa pagos con tarjeta de cr\u00e9dito o d\u00e9bito para comerciantes).<\/p>\n<h3>\u00bfQu\u00e9 informaci\u00f3n necesita proporcionar?<\/h3>\n<p>Cuando presente el Formulario 1099-K, deber\u00e1 proporcionar la siguiente informaci\u00f3n:<\/p>\n<p>La cantidad total de pagos realizados durante el a\u00f1o<br \/>\nLa fecha de cada pago<br \/>\nEl nombre, direcci\u00f3ns, y n\u00famero de identificaci\u00f3n fiscal (TIN) del beneficiario<br \/>\nSu nombre, direcci\u00f3n, persona de contacto y n\u00famero de tel\u00e9fono<\/p>\n<p>Tambi\u00e9n deber\u00e1 proporcionar una declaraci\u00f3n al destinatario que explique que el formulario se proporciona solo con fines informativos y no representa ingresos imponibles.<\/p>\n<h3>\u00bfQu\u00e9 debe hacer si recibe un 1099-K?<\/h3>\n<p>Si recibe un 1099-K, deber\u00e1 informar los ingresos en su declaraci\u00f3n de impuestos. Esto se suma a cualquier otra forma de ingreso que deba informar. T\u00f3mese un tiempo para comprender qu\u00e9 es y c\u00f3mo puede afectar sus impuestos. Esto es lo que necesita saber:<\/p>\n<p>Imprimir informe de transacciones. Su primer paso es imprimir un informe de transacciones de su banco o procesador de tarjetas de cr\u00e9dito. Este informe mostrar\u00e1 todas las transacciones que se procesaron a trav\u00e9s de su cuenta.Transacciones comerciales y personales separadas. Una vez que tenga su informe de transacciones, deber\u00e1 separar las transacciones comerciales de las personales. Esto es importante porque solo los ingresos comerciales est\u00e1n sujetos a impuestos.<\/p>\n<p>Recopilar recibos y facturas. A continuaci\u00f3n, deber\u00e1 recopilar todos los recibos y facturas asociados con las transacciones comerciales en su informe. Esta documentaci\u00f3n ser\u00e1 necesaria para <a href=\"https:\/\/apc1040.com\/es\/como-modificar-declaracion-de-impuestos\/\">demostrar los ingresos (o p\u00e9rdidas) al IRS<\/a>.<\/p>\n<p>Trabaje con un profesional de impuestos. Finalmente, es una buena idea trabajar con un profesional de impuestos de Akron Income Tax Co para asegurarse de que est\u00e1 declarando correctamente sus ingresos y pagando los impuestos correctos. Podemos ayudarlo a navegar por las complejidades del c\u00f3digo tributario y garantizar que cumpla con todas las regulaciones.<\/p>\n<p>Recibir un 1099-K puede ser confuso, pero no tiene por qu\u00e9 serlo. Al tomarse un tiempo para comprender el formulario y reunir la documentaci\u00f3n necesaria, puede asegurarse de que est\u00e1 informando correctamente sus ingresos cuando llegue el momento de declarar impuestos. Y si tiene alguna pregunta, no dude en ponerse en contacto con nuestro profesional de impuestos para obtener ayuda.<\/p>\n<h3>\u00bfC\u00f3mo puede ayudar Akron Income Tax Co?<\/h3>\n<p>Si es propietario de un negocio que acepta tarjetas de pago o participa en una red de terceros, es posible que deba presentar un Formulario 1099-K ante el IRS.<\/p>\n<p>En Akron Income Tax Co, podemos ayudarlo a determinar si necesita presentar un Formulario 1099-K y ayudarlo con la presentaci\u00f3n. Tambi\u00e9n podemos ayudarlo a comprender la informaci\u00f3n reportada en el formulario. Un profesional de Contabilidad empresarial puede ayudarlo a lidiar con esto.<\/p>\n<h3>Nuestros Servicios<\/h3>\n<p>En Akron Income Tax Co, ofrecemos varios <a href=\"https:\/\/apc1040.com\/es\/lista-de-nuestros-servicios\/\">servicios para ayudar a las empresas con sus necesidades fiscales<\/a>, incluida la presentaci\u00f3n del formulario 1099-K. Tambi\u00e9n podemos ayudarlo a determinar si necesita presentar el formulario. Y aseg\u00farese de que la informaci\u00f3n reportada sea precisa.<\/p>\n<p>Entendemos la importancia del cumplimiento de las leyes y reglamentos fiscales. Y nuestro equipo est\u00e1 dedicado a ayudar a las empresas a cumplir con las regulaciones. Adem\u00e1s, podemos ayudarte a resolver cualquier problema que pueda surgir.<\/p>\n<p><a href=\"https:\/\/apc1040.com\/es\/servicios-de-presentacion-de-impuestos-sobre-la-renta-cerca-de-mi\/\">Presentaci\u00f3n de impuestos<\/a>: podemos ayudarlo a presentar sus impuestos y asegurarnos de que cumple con todas las leyes y reglamentos fiscales. Tambi\u00e9n podemos ayudar a resolver cualquier problema que pueda surgir.<\/p>\n<p>Planificaci\u00f3n comercial: podemos ayudarlo a planificar su negocio para evitar posibles problemas fiscales. Trabajaremos con usted para desarrollar un plan que satisfaga sus necesidades comerciales.<br \/>\nResoluci\u00f3n fiscal: si tiene alg\u00fan problema fiscal, podemos ayudarlo a resolverlo. Tenemos experiencia en el trato con el IRS y las autoridades fiscales estatales, y podemos ayudarlo a llegar a una resoluci\u00f3n satisfactoria para ambas partes.<\/p>\n<p>Defensa de auditor\u00eda: si el IRS lo audita, podemos ayudarlo a defenderse. Conocemos el proceso de auditor\u00eda y podemos ayudarlo a navegarlo. Tambi\u00e9n trabajaremos con usted para desarrollar una estrategia para minimizar las posibilidades de auditor\u00eda en el futuro.<br \/>\nPlanificaci\u00f3n fiscal: podemos ayudarlo a planificar sus impuestos para maximizar sus deducciones y minimizar su obligaci\u00f3n tributaria. Trabajaremos con usted para desarrollar un plan que satisfaga sus necesidades. Adem\u00e1s, garantiza el cumplimiento de todas las leyes y reglamentos fiscales.<\/p>\n<h3>Preguntas frecuentes<\/h3>\n<p>1. \u00bfQu\u00e9 es un 1099 K?<\/p>\n<p>Un 1099-K es un formulario emitido por procesadores de pago de terceros para empresas que procesan m\u00e1s de $600 en un a\u00f1o calendario. El formulario proporciona un desglose de la cantidad total de dinero procesada y la cantidad total de transacciones procesadas. Los procesadores de pagos deben informar esta informaci\u00f3n al IRS para que puedan gravar correctamente el negocio.<\/p>\n<p>2. \u00bfQu\u00e9 pasa si el ingreso bruto no me pertenece?<\/p>\n<p>Si los ingresos brutos de su 1099-K no le pertenecen, deber\u00e1 presentar una declaraci\u00f3n enmendada. Puede hacerlo presentando el Formulario 1040-X.<\/p>\n<p>3. \u00bfCu\u00e1l es la diferencia entre el Formulario 1099-K, Formulario 1?099-MISC y 1099-NEC?<\/p>\n<p>En primer lugar, el formulario 1099-K se utiliza para informar los pagos realizados en la liquidaci\u00f3n de tarjetas de pago y transacciones de redes de terceros. En segundo lugar, el formulario 1099-MISC se usa para informar ingresos varios. Finalmente, el 1099-NEC informa los ingresos que se incluyen en el programa C para una persona.[\/vc_column_text][\/vc_column][\/vc_row]\n","protected":false},"excerpt":{"rendered":"<p>C\u00f3mo comprender su formulario 1099-K | Compa\u00f1\u00eda de Impuestos sobre la Renta de Akron \u00bfRecibes un Formulario 1099-K? Si est\u00e1 en el negocio de aceptar pagos con tarjetas de cr\u00e9dito o d\u00e9bito, entonces la respuesta probablemente sea s\u00ed. Adem\u00e1s, este formulario informa los ingresos recibidos a trav\u00e9s de transacciones con tarjetas de cr\u00e9dito y d\u00e9bito&#8230;.<\/p>\n","protected":false},"author":12,"featured_media":3653,"parent":0,"menu_order":0,"comment_status":"closed","ping_status":"closed","template":"","meta":{"_lmt_disableupdate":"no","_lmt_disable":"","_monsterinsights_skip_tracking":false,"_monsterinsights_sitenote_active":false,"_monsterinsights_sitenote_note":"","_monsterinsights_sitenote_category":0,"_uf_show_specific_survey":0,"_uf_disable_surveys":false,"footnotes":""},"class_list":["post-6315","page","type-page","status-publish","has-post-thumbnail","hentry"],"yoast_head":"<!-- This site is optimized with the Yoast SEO Premium plugin v27.3 (Yoast SEO v27.4) - https:\/\/yoast.com\/product\/yoast-seo-premium-wordpress\/ -->\n<title>1099 K IRS L\u00edmite de activaci\u00f3n de $600!<\/title>\n<meta name=\"description\" content=\"Me sorprende recibir un 1099-K por correo. Comprenda la regla impositiva del l\u00edmite de activaci\u00f3n de $600 del IRS\" \/>\n<meta name=\"robots\" content=\"index, follow, max-snippet:-1, max-image-preview:large, max-video-preview:-1\" \/>\n<link rel=\"canonical\" href=\"https:\/\/apc1040.com\/es\/1099k-tax\/\" \/>\n<meta property=\"og:locale\" content=\"es_ES\" \/>\n<meta property=\"og:type\" content=\"article\" \/>\n<meta property=\"og:title\" content=\"1099 K IRS L\u00edmite de activaci\u00f3n de $600\" \/>\n<meta property=\"og:description\" content=\"Me sorprende recibir un 1099-K por correo. Comprenda la regla impositiva del l\u00edmite de activaci\u00f3n de $600 del IRS\" \/>\n<meta property=\"og:url\" content=\"https:\/\/apc1040.com\/es\/1099k-tax\/\" \/>\n<meta property=\"og:site_name\" content=\"Akron Income Tax Preparation\" \/>\n<meta property=\"article:publisher\" content=\"https:\/\/www.facebook.com\/APC1040\" \/>\n<meta property=\"article:modified_time\" content=\"2024-09-02T13:19:04+00:00\" \/>\n<meta property=\"og:image\" content=\"https:\/\/apc1040.com\/wp-content\/uploads\/2022\/12\/pic214.jpg\" \/>\n\t<meta property=\"og:image:width\" content=\"509\" \/>\n\t<meta property=\"og:image:height\" content=\"339\" \/>\n\t<meta property=\"og:image:type\" content=\"image\/jpeg\" \/>\n<meta name=\"twitter:card\" content=\"summary_large_image\" \/>\n<meta name=\"twitter:label1\" content=\"Est. reading time\" \/>\n\t<meta name=\"twitter:data1\" content=\"8 minutes\" \/>\n<!-- \/ Yoast SEO Premium plugin. -->","yoast_head_json":{"title":"1099 K IRS L\u00edmite de activaci\u00f3n de $600!","description":"Me sorprende recibir un 1099-K por correo. Comprenda la regla impositiva del l\u00edmite de activaci\u00f3n de $600 del IRS","robots":{"index":"index","follow":"follow","max-snippet":"max-snippet:-1","max-image-preview":"max-image-preview:large","max-video-preview":"max-video-preview:-1"},"canonical":"https:\/\/apc1040.com\/es\/1099k-tax\/","og_locale":"es_ES","og_type":"article","og_title":"1099 K IRS L\u00edmite de activaci\u00f3n de $600","og_description":"Me sorprende recibir un 1099-K por correo. Comprenda la regla impositiva del l\u00edmite de activaci\u00f3n de $600 del IRS","og_url":"https:\/\/apc1040.com\/es\/1099k-tax\/","og_site_name":"Akron Income Tax Preparation","article_publisher":"https:\/\/www.facebook.com\/APC1040","article_modified_time":"2024-09-02T13:19:04+00:00","og_image":[{"width":509,"height":339,"url":"https:\/\/apc1040.com\/wp-content\/uploads\/2022\/12\/pic214.jpg","type":"image\/jpeg"}],"twitter_card":"summary_large_image","twitter_misc":{"Est. reading time":"8 minutes"},"schema":{"@context":"https:\/\/schema.org","@graph":[{"@type":"WebPage","@id":"https:\/\/apc1040.com\/es\/1099k-tax\/","url":"https:\/\/apc1040.com\/es\/1099k-tax\/","name":"1099 K IRS L\u00edmite de activaci\u00f3n de $600!","isPartOf":{"@id":"https:\/\/apc1040.com\/es\/#website"},"primaryImageOfPage":{"@id":"https:\/\/apc1040.com\/es\/1099k-tax\/#primaryimage"},"image":{"@id":"https:\/\/apc1040.com\/es\/1099k-tax\/#primaryimage"},"thumbnailUrl":"https:\/\/apc1040.com\/wp-content\/uploads\/2022\/12\/pic214.jpg","datePublished":"2024-02-07T16:48:40+00:00","dateModified":"2024-09-02T13:19:04+00:00","description":"Me sorprende recibir un 1099-K por correo. Comprenda la regla impositiva del l\u00edmite de activaci\u00f3n de $600 del IRS","breadcrumb":{"@id":"https:\/\/apc1040.com\/es\/1099k-tax\/#breadcrumb"},"inLanguage":"es","potentialAction":[{"@type":"ReadAction","target":["https:\/\/apc1040.com\/es\/1099k-tax\/"]}]},{"@type":"ImageObject","inLanguage":"es","@id":"https:\/\/apc1040.com\/es\/1099k-tax\/#primaryimage","url":"https:\/\/apc1040.com\/wp-content\/uploads\/2022\/12\/pic214.jpg","contentUrl":"https:\/\/apc1040.com\/wp-content\/uploads\/2022\/12\/pic214.jpg","width":509,"height":339,"caption":"Closeup of Form 1099-K, Payment Card and Third Party Network Transactions, an IRS information return used to report certain payment transactions to improve voluntary tax compliance."},{"@type":"BreadcrumbList","@id":"https:\/\/apc1040.com\/es\/1099k-tax\/#breadcrumb","itemListElement":[{"@type":"ListItem","position":1,"name":"Home","item":"https:\/\/apc1040.com\/es\/"},{"@type":"ListItem","position":2,"name":"1099 K IRS L\u00edmite de activaci\u00f3n de $600"}]},{"@type":"WebSite","@id":"https:\/\/apc1040.com\/es\/#website","url":"https:\/\/apc1040.com\/es\/","name":"Akron Income Tax Preparation","description":"Income Tax Preparation Service","publisher":{"@id":"https:\/\/apc1040.com\/es\/#organization"},"potentialAction":[{"@type":"SearchAction","target":{"@type":"EntryPoint","urlTemplate":"https:\/\/apc1040.com\/es\/?s={search_term_string}"},"query-input":{"@type":"PropertyValueSpecification","valueRequired":true,"valueName":"search_term_string"}}],"inLanguage":"es"},{"@type":"Organization","@id":"https:\/\/apc1040.com\/es\/#organization","name":"Akron Income Tax Co","url":"https:\/\/apc1040.com\/es\/","logo":{"@type":"ImageObject","inLanguage":"es","@id":"https:\/\/apc1040.com\/es\/#\/schema\/logo\/image\/","url":"https:\/\/apc1040.com\/wp-content\/uploads\/2024\/11\/income-tax-service-akron.jpg","contentUrl":"https:\/\/apc1040.com\/wp-content\/uploads\/2024\/11\/income-tax-service-akron.jpg","width":800,"height":745,"caption":"Akron Income Tax Co"},"image":{"@id":"https:\/\/apc1040.com\/es\/#\/schema\/logo\/image\/"},"sameAs":["https:\/\/www.facebook.com\/APC1040"]}]}},"amp_enabled":true,"_links":{"self":[{"href":"https:\/\/apc1040.com\/es\/wp-json\/wp\/v2\/pages\/6315","targetHints":{"allow":["GET"]}}],"collection":[{"href":"https:\/\/apc1040.com\/es\/wp-json\/wp\/v2\/pages"}],"about":[{"href":"https:\/\/apc1040.com\/es\/wp-json\/wp\/v2\/types\/page"}],"author":[{"embeddable":true,"href":"https:\/\/apc1040.com\/es\/wp-json\/wp\/v2\/users\/12"}],"replies":[{"embeddable":true,"href":"https:\/\/apc1040.com\/es\/wp-json\/wp\/v2\/comments?post=6315"}],"version-history":[{"count":0,"href":"https:\/\/apc1040.com\/es\/wp-json\/wp\/v2\/pages\/6315\/revisions"}],"wp:featuredmedia":[{"embeddable":true,"href":"https:\/\/apc1040.com\/es\/wp-json\/wp\/v2\/media\/3653"}],"wp:attachment":[{"href":"https:\/\/apc1040.com\/es\/wp-json\/wp\/v2\/media?parent=6315"}],"curies":[{"name":"wp","href":"https:\/\/api.w.org\/{rel}","templated":true}]}}