{"id":6034,"date":"2024-01-17T14:34:52","date_gmt":"2024-01-17T19:34:52","guid":{"rendered":"https:\/\/apc1040.com\/?page_id=6034"},"modified":"2024-05-13T06:28:53","modified_gmt":"2024-05-13T10:28:53","slug":"servicios-de-impuestos-sobre-la-renta-ellet","status":"publish","type":"page","link":"https:\/\/apc1040.com\/es\/servicios-de-impuestos-sobre-la-renta-ellet\/","title":{"rendered":"Servicios de impuestos sobre la renta Ellet: orientaci\u00f3n experta para sus impuestos"},"content":{"rendered":"<h2><b>Presentaci\u00f3n del mejor servicio de impuestos sobre la renta Ellet<\/b><\/h2>\n<figure id=\"attachment_5518\" aria-describedby=\"caption-attachment-5518\" style=\"width: 450px\" class=\"wp-caption aligncenter\"><img decoding=\"async\" class=\"wp-image-5518 size-medium\" src=\"https:\/\/apc1040.com\/wp-content\/uploads\/2023\/12\/18kwGEO_income_tax_returns_Ellet-450x253.jpg\" alt=\"Income Tax Services Ellet\" width=\"450\" height=\"253\" srcset=\"https:\/\/apc1040.com\/wp-content\/uploads\/2023\/12\/18kwGEO_income_tax_returns_Ellet-450x253.jpg 450w, https:\/\/apc1040.com\/wp-content\/uploads\/2023\/12\/18kwGEO_income_tax_returns_Ellet.jpg 480w\" sizes=\"(max-width: 450px) 100vw, 450px\" \/><figcaption id=\"caption-attachment-5518\" class=\"wp-caption-text\">Income Tax Services Ellet<\/figcaption><\/figure>\n<p>\u00bfEst\u00e1 cansado de las molestias y la confusi\u00f3n que conlleva presentar sus declaraciones de impuestos? \u00a1No busque m\u00e1s! En apc1040.com, ofrecemos el mejor servicio de impuestos sobre la renta, Ellet, brind\u00e1ndole orientaci\u00f3n experta y ayud\u00e1ndolo a ahorrar en grande. Con nuestro equipo de profesionales experimentados, estamos comprometidos a hacer que su experiencia de presentaci\u00f3n de impuestos sea fluida y eficiente. \u00a1Comun\u00edquese con nuestra oficina de impuestos sobre la renta hoy para asegurarse de cumplir con la fecha l\u00edmite de abril!<\/p>\n<h2><strong>\u00bfPor qu\u00e9 elegir<\/strong><a href=\"https:\/\/apc1040.com\" target=\"_blank\" rel=\"noopener noreferrer\"> apc1040.com<\/a> para maximizar su reembolso?<\/h2>\n<p>Nuestra voz de marca amigable y accesible garantiza que se sienta c\u00f3modo y seguro durante todo el proceso de presentaci\u00f3n de impuestos. Ya sea propietario de una peque\u00f1a empresa o un contribuyente individual, nuestro experimentado equipo est\u00e1 dedicado a abordar todas sus necesidades tributarias, desde la preparaci\u00f3n hasta la respuesta a cualquier pregunta que pueda tener. Si se pregunta: &#8220;\u00bfD\u00f3nde est\u00e1 mi reembolso de impuestos en Ohio?&#8221; Has venido al lugar correcto. Elija apc1040.com para:<\/p>\n<ul>\n<li><strong>Precisi\u00f3n y puntualidad:<\/strong> Tenga la seguridad de que sus impuestos se presentar\u00e1n de manera precisa y puntual, maximizando sus deducciones y minimizando su responsabilidad.<\/li>\n<li><strong>Servicio de primer nivel:<\/strong> Nuestro compromiso con la excelencia garantiza una experiencia de presentaci\u00f3n de impuestos eficiente y sin estr\u00e9s. Dile adi\u00f3s a la incertidumbre y da la bienvenida a la tranquilidad con apc1040.com.<\/li>\n<li><strong>Profesionales experimentados:<\/strong> Nuestro equipo de expertos se mantiene al tanto de las leyes y regulaciones fiscales en constante cambio, brind\u00e1ndole orientaci\u00f3n actualizada y confiable.<\/li>\n<\/ul>\n<h2><strong>La importancia de contratar un servicio profesional de Impuesto sobre la Renta<\/strong><\/h2>\n<p>La precisi\u00f3n es primordial cuando se trata de <a href=\"https:\/\/apc1040.com\/es\/registro-de-impuestos-sobre-la-renta\/\">impuestos sobre la renta<\/a>, ya que los errores pueden dar lugar a sanciones y auditor\u00edas por parte del IRS. Los servicios profesionales de impuestos sobre la renta, como preparadores de impuestos profesionales, contadores y expertos en impuestos, se especializan en la preparaci\u00f3n de impuestos y poseen un conocimiento profundo del complejo panorama tributario, incluidas las deducciones de impuestos como gastos m\u00e9dicos, educativos y comerciales si es aut\u00f3nomo. empleado.<\/p>\n<p>Al mantenerse al d\u00eda con los \u00faltimos cambios, garantizan que su declaraci\u00f3n de impuestos y sus servicios de contabilidad no solo sean precisos sino que tambi\u00e9n cumplan con las normas. Si vive en Ellet y necesita ayuda con sus declaraciones de impuestos, considere contratar un servicio de impuestos sobre la renta profesional que tenga experiencia en este campo. Pueden brindarle un servicio personalizado y eficiente y soluciones innovadoras para los desaf\u00edos que enfrenta su negocio, incluida la maximizaci\u00f3n de los cr\u00e9ditos fiscales y el c\u00e1lculo de sus ingresos imponibles.<\/p>\n<p>Adem\u00e1s, estos servicios lo ayudan a navegar por deducciones y cr\u00e9ditos complejos, maximizando sus ahorros y minimizando su obligaci\u00f3n tributaria. La experiencia que aportan garantiza que sus impuestos est\u00e9n en manos competentes, brind\u00e1ndole tranquilidad durante todo el proceso de presentaci\u00f3n.<\/p>\n<h2><strong>Beneficios de utilizar un servicio de impuestos sobre la renta Ellet<\/strong><\/h2>\n<p>Elegir un servicio de declaraci\u00f3n de la <a href=\"https:\/\/apc1040.com\/es\/declaraciones-de-renta-ellet\/\">renta en Ellet<\/a> en lugar de presentar la declaraci\u00f3n de forma independiente ofrece numerosas ventajas:<\/p>\n<ul>\n<li><strong>Experiencia:<\/strong> Los servicios de impuestos sobre la renta emplean profesionales con un conocimiento profundo de las leyes tributarias, lo que garantiza declaraciones precisas y conformes.<\/li>\n<li><strong>Ahorro de tiempo:<\/strong> La subcontrataci\u00f3n de la presentaci\u00f3n de impuestos le libera tiempo y le permite concentrarse en otros asuntos esenciales.<\/li>\n<li><strong>Deducciones maximizadas:<\/strong> Los profesionales identifican deducciones y cr\u00e9ditos, maximizando los ahorros potenciales y reduciendo su obligaci\u00f3n tributaria.<\/li>\n<li><strong>Reducci\u00f3n del riesgo de errores:<\/strong> Los servicios profesionales minimizan el riesgo de errores, evitando sanciones y estr\u00e9s innecesario.<\/li>\n<li><strong>Apoyo de auditor\u00eda:<\/strong> en caso de una auditor\u00eda, la representaci\u00f3n profesional puede ser invaluable, protegiendo sus derechos y gui\u00e1ndolo a trav\u00e9s del proceso.<\/li>\n<\/ul>\n<h2><strong>C\u00f3mo elegir el servicio de impuestos sobre la renta adecuado en Ellet, Akron Ohio<\/strong><\/h2>\n<p>Elegir el <a href=\"https:\/\/apc1040.com\/es\/servicios-de-impuestos-sobre-la-renta-tallmadge\/\">servicio de impuestos sobre la renta<\/a> adecuado es una decisi\u00f3n cr\u00edtica que puede tener un impacto significativo en su declaraci\u00f3n de impuestos. A continuaci\u00f3n se ofrecen algunos consejos que le ayudar\u00e1n a tomar una decisi\u00f3n informada.<\/p>\n<p>En primer lugar, considere las calificaciones y credenciales de los profesionales de impuestos que trabajan en el servicio. \u00bfCuantos a\u00f1os de experiencia tienen?<\/p>\n<p>Adem\u00e1s, considere la experiencia y especializaci\u00f3n del servicio. Si tiene circunstancias \u00fanicas, como ser propietario de un negocio o tener m\u00faltiples fuentes de ingresos, querr\u00e1 asegurarse de que el servicio tenga experiencia en el manejo de tales casos.<\/p>\n<p>Finalmente, considere la reputaci\u00f3n y las rese\u00f1as del servicio. Busque testimonios o solicite referencias de amigos y familiares. Un servicio de impuestos sobre la renta confiable y de buena reputaci\u00f3n tendr\u00e1 un historial de clientes satisfechos.<\/p>\n<h3><strong>Comprensi\u00f3n del proceso de presentaci\u00f3n de impuestos sobre la renta con un servicio profesional<\/strong><\/h3>\n<p>Cuando elige un servicio de impuesto sobre la renta, el proceso se simplifica:<\/p>\n<ol>\n<li><strong>Re\u00fana documentos:<\/strong> recopile todos los documentos necesarios, como <a href=\"https:\/\/www.irs.gov\/forms-pubs\/about-form-w-2\" target=\"_blank\" rel=\"noopener noreferrer\">formularios W-2<\/a> y recibos.<\/li>\n<li><strong>Proporcionar informaci\u00f3n:<\/strong> Presentar documentos al servicio de impuestos, ya sea de forma presencial o electr\u00f3nica.<\/li>\n<li><strong>Revisar y aclarar:<\/strong> los profesionales de impuestos revisan los documentos y hacen las preguntas necesarias para aclarar la informaci\u00f3n.<\/li>\n<li><strong>Preparar declaraciones:<\/strong> Los profesionales preparan su declaraci\u00f3n de impuestos e identifican las deducciones y cr\u00e9ditos elegibles.<\/li>\n<li><strong>Revisi\u00f3n y aprobaci\u00f3n:<\/strong> revisan la declaraci\u00f3n con usted y le explican las \u00e1reas de preocupaci\u00f3n u oportunidades adicionales de ahorro.<\/li>\n<li><strong>Presentaci\u00f3n:<\/strong> Una vez aprobada, el servicio de impuestos presenta la declaraci\u00f3n en su nombre, garantizando la confidencialidad y seguridad.<\/li>\n<\/ol>\n<h2><strong>Orientaci\u00f3n experta y asistencia personalizada<\/strong><\/h2>\n<p>Los principales servicios de impuestos sobre la renta en Ellet recomendados por apc1040.com van m\u00e1s all\u00e1 para brindar orientaci\u00f3n experta y asistencia personalizada. Estas son algunas de las formas en que estos servicios pueden ayudarle:<\/p>\n<ol>\n<li><strong>Preparaci\u00f3n de impuestos<\/strong>: Los servicios de impuestos se encargar\u00e1n de la preparaci\u00f3n de sus declaraciones de impuestos, asegurando que todos los formularios necesarios se completen con precisi\u00f3n y a tiempo. Ellos recopilar\u00e1n la informaci\u00f3n requerida, calcular\u00e1n su obligaci\u00f3n tributaria e identificar\u00e1n las deducciones y cr\u00e9ditos aplicables.<\/li>\n<li><strong>Planificaci\u00f3n fiscal<\/strong>: estos servicios pueden ayudarle a desarrollar una estrategia de planificaci\u00f3n fiscal para optimizar su situaci\u00f3n fiscal. Analizar\u00e1n su situaci\u00f3n financiera, identificar\u00e1n posibles oportunidades de ahorro de impuestos y le brindar\u00e1n orientaci\u00f3n sobre c\u00f3mo minimizar su responsabilidad.<\/li>\n<li><strong>Apoyo durante todo el a\u00f1o<\/strong>: Los servicios tributarios ofrecen soporte durante todo el a\u00f1o, no solo durante la temporada de impuestos. Est\u00e1n disponibles para responder cualquier pregunta que pueda tener, brindarle asesoramiento sobre asuntos relacionados con impuestos y ayudarlo con cualquier problema fiscal que surja durante el a\u00f1o.<\/li>\n<li><strong>Apoyo de auditor\u00eda<\/strong>: en caso de una auditor\u00eda, los servicios tributarios brindar\u00e1n representaci\u00f3n y apoyo profesional. Ellos lo guiar\u00e1n a trav\u00e9s del proceso de auditor\u00eda, lo ayudar\u00e1n a reunir la documentaci\u00f3n requerida y representar\u00e1n sus intereses ante las autoridades fiscales.<\/li>\n<li><strong>Educaci\u00f3n del cliente<\/strong>: estos servicios priorizan la educaci\u00f3n y el empoderamiento del cliente. Le explicar\u00e1n conceptos tributarios complejos en t\u00e9rminos simples, ayud\u00e1ndolo a comprender su situaci\u00f3n tributaria y tomar decisiones informadas.<\/li>\n<\/ol>\n<h2>Preparadores de impuestos con experiencia<\/h2>\n<p>La orientaci\u00f3n experta y la asistencia personalizada que ofrecen estos servicios de impuestos sobre la renta garantizan que reciba el apoyo que necesita durante todo el proceso de declaraci\u00f3n de impuestos. De principio a fin, est\u00e1n dedicados a hacer que su experiencia fiscal sea fluida y sin estr\u00e9s.<\/p>\n<p>Los servicios de impuestos sobre la renta en Ellet ofrecen. La comodidad de presentar electr\u00f3nicamente las declaraciones de impuestos del a\u00f1o anterior. Es <a href=\"https:\/\/apc1040.com\/es\/impuestos-facil\/otra-informacion-importante\/\">importante proporcionar la informaci\u00f3n<\/a> AGI del a\u00f1o anterior para procesar sin problemas la declaraci\u00f3n del a\u00f1o actual. La presentaci\u00f3n electr\u00f3nica garantiza una presentaci\u00f3n r\u00e1pida y precisa de sus impuestos, ahorr\u00e1ndole tiempo y esfuerzo. \u00a1P\u00f3ngase en contacto con una oficina de impuestos sobre la renta en Ellet para comenzar a presentar sus impuestos del a\u00f1o anterior hoy!<\/p>\n<h2><strong>Ahorros y descuentos: hacer que los servicios fiscales sean asequibles en Akron<\/strong><\/h2>\n<p>Los mejores servicios de impuestos sobre la renta en Ellet no solo ofrecen orientaci\u00f3n experta sino que tambi\u00e9n brindan v\u00edas de ahorro:<\/p>\n<ul>\n<li><strong>Descuentos por reserva anticipada:<\/strong> Ahorre un porcentaje presentando sus impuestos con antelaci\u00f3n.<\/li>\n<li><strong>Programas de recomendaci\u00f3n:<\/strong> gane cr\u00e9ditos o descuentos recomendando nuevos clientes.<\/li>\n<li><strong>Ofertas de paquetes:<\/strong> combine servicios a una tarifa con descuento.<\/li>\n<li><strong>Consultas gratuitas:<\/strong> Analice su situaci\u00f3n fiscal sin costos iniciales.<\/li>\n<li><strong>Descuentos especiales:<\/strong> las personas mayores o los estudiantes pueden calificar para ahorros adicionales.<\/li>\n<\/ul>\n<h2><strong>Testimonios de clientes: experiencias reales con los mejores servicios de impuestos sobre la renta<\/strong><\/h2>\n<p>Escuchemos a clientes que han experimentado la excelencia de los servicios de impuestos sobre la renta recomendados:<\/p>\n<h3><strong>Testimonio 1:<\/strong><\/h3>\n<p>\u201c\u00a1<a href=\"https:\/\/apc1040.com\/contact-akron-income-tax\/\">Akron Income Tax Co<\/a>. fue un salvavidas! Me ayudaron a afrontar las complejidades de presentar la. Declaraci\u00f3n de impuestos como propietario de una peque\u00f1a empresa. Su experiencia y asistencia personalizada me ahorraron tiempo y aseguraron que mis declaraciones fueran precisas. \u00a1Los recomiendo mucho!\u201d \u2013 John D., propietario de una peque\u00f1a empresa.<\/p>\n<h3><strong>Testimonio 2:<\/strong><\/h3>\n<p>\u201cSiempre hab\u00eda presentado mis impuestos por mi cuenta. Pero este a\u00f1o decid\u00ed probar Akron Income Tax Co, un <a href=\"https:\/\/apc1040.com\/es\/servicios-de-presentacion-de-impuestos-sobre-la-renta-cerca-de-mi\/\">servicio de preparaci\u00f3n de impuestos<\/a>. Me qued\u00e9 impresionado por su atenci\u00f3n al detalle y su conocimiento del c\u00f3digo tributario. Identificaron deducciones que nunca hab\u00eda. Considerado y me ayudaron a ahorrar cientos de d\u00f3lares. \u00a1Nunca volver\u00e9 a hacer mis impuestos por mi cuenta por primera vez! \u2013 Tom, contribuyente individual. Su precio fijo y sencillo significa que siempre sabr\u00e1 lo que est\u00e1 pagando por adelantado, sin sorpresas y sin cargos adicionales. \u00a1Qu\u00e9 suerte tenerlo cerca de Ellet, Ohio!&#8221; Ver m\u00e1s rese\u00f1as para este negocio<\/p>\n<h3><strong>Testimonio 3:<\/strong><\/h3>\n<p>\u201cAcron Income Tax Co me ayud\u00f3 a navegar una situaci\u00f3n. Fiscal complicada despu\u00e9s de un reciente cambio de trabajo. Me brindaron asesoramiento experto y apoyo personalizado, asegur\u00e1ndose de que comprendiera mis opciones y tomara decisiones informadas. Su profesionalismo y dedicaci\u00f3n a la satisfacci\u00f3n del cliente fueron sobresalientes\u201d. \u2013 Michael T., profesional de carrera.<\/p>\n<p>Vea m\u00e1s de nuestros <a href=\"https:\/\/apc1040.com\/testimonials-from-our-valued-clients\/\" target=\"_blank\" rel=\"noopener noreferrer\">Testimonios aqu\u00ed<\/a><\/p>\n<h3><strong>En conclusi\u00f3n: Por qu\u00e9 invertir en el mejor servicio de impuestos sobre la renta es invaluable<\/strong><\/h3>\n<p>Contratar el mejor servicio de impuestos sobre la renta. Como apc1040.com, es una inversi\u00f3n en precisi\u00f3n, eficiencia y tranquilidad. Los posibles ahorros fiscales, junto con la orientaci\u00f3n experta y la asistencia personalizada, superan el costo de los servicios profesionales de ayuda fiscal. No dejes que la presentaci\u00f3n de impuestos te estrese; Comun\u00edquese con apc1040.com hoy para una consulta y experimente la diferencia que la orientaci\u00f3n de un experto puede marcar en su proceso de presentaci\u00f3n de impuestos.<\/p>\n<h2>Preguntas frecuentes<\/h2>\n<h2>\u00bfQu\u00e9 servicios ofrecen las empresas de Impuestos sobre la Renta en Ellet?<\/h2>\n<p>Las compa\u00f1\u00edas de impuestos sobre la renta en Ellet ofrecen. Una variedad de servicios, que incluyen preparaci\u00f3n de impuestos, planificaci\u00f3n fiscal, presentaci\u00f3n de impuestos, consultor\u00eda fiscal y representaci\u00f3n en auditor\u00edas fiscales. Pueden ayudar a personas y empresas a navegar por las complejas leyes fiscales y garantizar el cumplimiento. Mientras <a href=\"https:\/\/apc1040.com\/es\/deducciones-por-publicidad-y-marketing-maximizar-sus-beneficios-fiscales\/\">maximizan las deducciones fiscales<\/a> y minimizan las responsabilidades.<\/p>\n<h2>\u00bfC\u00f3mo encuentro un servicio de impuestos sobre la renta del IRS de buena reputaci\u00f3n en Ellet?<\/h2>\n<p>Para encontrar un servicio de impuestos sobre la renta de buena reputaci\u00f3n en Ellet. Comience pidiendo recomendaciones a amigos o colegas que hayan utilizado servicios de impuestos en el \u00e1rea. Tambi\u00e9n puede buscar en l\u00ednea rese\u00f1as y calificaciones. De servicios de impuestos en Ellet para asegurarse de elegir un proveedor confiable y confiable.<\/p>\n<h2>\u00bfCu\u00e1nto cuesta utilizar un servicio de impuesto sobre la renta en Ellet?<\/h2>\n<p>El costo de utilizar un servicio de impuesto sobre la renta en. Ellet puede variar seg\u00fan la complejidad de su situaci\u00f3n fiscal y los servicios prestados por el profesional fiscal. Lo mejor es ponerse en contacto directamente con un servicio. De impuestos para consultar sobre su estructura de precios y obtener una estimaci\u00f3n precisa para sus necesidades espec\u00edficas. Si no tienes alquiler o negocio el costo es de solo $120.<\/p>\n<h2><img decoding=\"async\" class=\"size-medium wp-image-3684 aligncenter\" src=\"https:\/\/apc1040.com\/wp-content\/uploads\/2022\/12\/2023-Ad4-120-ES-350x350.jpg\" alt=\"Preparaci\u00f3n del impuesto sobre la renta\" width=\"350\" height=\"350\" srcset=\"https:\/\/apc1040.com\/wp-content\/uploads\/2022\/12\/2023-Ad4-120-ES-350x350.jpg 350w, https:\/\/apc1040.com\/wp-content\/uploads\/2022\/12\/2023-Ad4-120-ES-780x780.jpg 780w, https:\/\/apc1040.com\/wp-content\/uploads\/2022\/12\/2023-Ad4-120-ES-150x150.jpg 150w, https:\/\/apc1040.com\/wp-content\/uploads\/2022\/12\/2023-Ad4-120-ES-600x600.jpg 600w, https:\/\/apc1040.com\/wp-content\/uploads\/2022\/12\/2023-Ad4-120-ES-768x768.jpg 768w, https:\/\/apc1040.com\/wp-content\/uploads\/2022\/12\/2023-Ad4-120-ES.jpg 1080w\" sizes=\"(max-width: 350px) 100vw, 350px\" \/><\/h2>\n<h2>\u00bfNecesito llevar alg\u00fan documento espec\u00edfico a la cita del servicio de impuesto sobre la renta?<\/h2>\n<p>S\u00ed, debe traer todos los documentos fiscales pertinentes. Incluidos los formularios W-2, formularios 1099, recibos de gastos y cualquier otro documento relacionado con los ingresos. Es importante venir preparado con toda la documentaci\u00f3n necesaria para garantizar una preparaci\u00f3n de impuestos precisa y maximizar sus deducciones.<\/p>\n","protected":false},"excerpt":{"rendered":"<p>Presentaci\u00f3n del mejor servicio de impuestos sobre la renta Ellet \u00bfEst\u00e1 cansado de las molestias y la confusi\u00f3n que conlleva presentar sus declaraciones de impuestos? \u00a1No busque m\u00e1s! En apc1040.com, ofrecemos el mejor servicio de impuestos sobre la renta, Ellet, brind\u00e1ndole orientaci\u00f3n experta y ayud\u00e1ndolo a ahorrar en grande. Con nuestro equipo de profesionales experimentados,&#8230;<\/p>\n","protected":false},"author":10,"featured_media":10364,"parent":0,"menu_order":0,"comment_status":"closed","ping_status":"closed","template":"","meta":{"_lmt_disableupdate":"no","_lmt_disable":"","_monsterinsights_skip_tracking":false,"_monsterinsights_sitenote_active":false,"_monsterinsights_sitenote_note":"","_monsterinsights_sitenote_category":0,"_uf_show_specific_survey":0,"_uf_disable_surveys":false,"footnotes":""},"class_list":["post-6034","page","type-page","status-publish","has-post-thumbnail","hentry"],"yoast_head":"<!-- This site is optimized with the Yoast SEO Premium plugin v27.3 (Yoast SEO v27.4) - https:\/\/yoast.com\/product\/yoast-seo-premium-wordpress\/ -->\n<title>Mejor servicio de impuestos sobre la renta Ellet<\/title>\n<meta name=\"description\" content=\"Presentaci\u00f3n del mejor servicio de impuestos sobre la renta Ellet \u00bfEst\u00e1 cansado de las molestias y la confusi\u00f3n que conlleva presentar sus declaraciones\" \/>\n<meta name=\"robots\" content=\"index, follow, max-snippet:-1, max-image-preview:large, max-video-preview:-1\" \/>\n<link rel=\"canonical\" href=\"https:\/\/apc1040.com\/es\/servicios-de-impuestos-sobre-la-renta-ellet\/\" \/>\n<meta property=\"og:locale\" content=\"es_ES\" \/>\n<meta property=\"og:type\" content=\"article\" \/>\n<meta property=\"og:title\" content=\"Servicios de impuestos sobre la renta Ellet: orientaci\u00f3n experta para sus impuestos\" \/>\n<meta property=\"og:description\" content=\"Presentaci\u00f3n del mejor servicio de impuestos sobre la renta Ellet \u00bfEst\u00e1 cansado de las molestias y la confusi\u00f3n que conlleva presentar sus declaraciones\" \/>\n<meta property=\"og:url\" content=\"https:\/\/apc1040.com\/es\/servicios-de-impuestos-sobre-la-renta-ellet\/\" \/>\n<meta property=\"og:site_name\" content=\"Akron Income Tax Preparation\" \/>\n<meta property=\"article:publisher\" content=\"https:\/\/www.facebook.com\/APC1040\" \/>\n<meta property=\"article:modified_time\" content=\"2024-05-13T10:28:53+00:00\" \/>\n<meta property=\"og:image\" content=\"https:\/\/apc1040.com\/wp-content\/uploads\/2023\/12\/18kwGEO_income_tax_returns_Ellet.jpg\" \/>\n\t<meta property=\"og:image:width\" content=\"480\" \/>\n\t<meta property=\"og:image:height\" content=\"270\" \/>\n\t<meta property=\"og:image:type\" content=\"image\/jpeg\" \/>\n<meta name=\"twitter:card\" content=\"summary_large_image\" \/>\n<meta name=\"twitter:label1\" content=\"Est. reading time\" \/>\n\t<meta name=\"twitter:data1\" content=\"10 minutes\" \/>\n<!-- \/ Yoast SEO Premium plugin. -->","yoast_head_json":{"title":"Mejor servicio de impuestos sobre la renta Ellet","description":"Presentaci\u00f3n del mejor servicio de impuestos sobre la renta Ellet \u00bfEst\u00e1 cansado de las molestias y la confusi\u00f3n que conlleva presentar sus declaraciones","robots":{"index":"index","follow":"follow","max-snippet":"max-snippet:-1","max-image-preview":"max-image-preview:large","max-video-preview":"max-video-preview:-1"},"canonical":"https:\/\/apc1040.com\/es\/servicios-de-impuestos-sobre-la-renta-ellet\/","og_locale":"es_ES","og_type":"article","og_title":"Servicios de impuestos sobre la renta Ellet: orientaci\u00f3n experta para sus impuestos","og_description":"Presentaci\u00f3n del mejor servicio de impuestos sobre la renta Ellet \u00bfEst\u00e1 cansado de las molestias y la confusi\u00f3n que conlleva presentar sus declaraciones","og_url":"https:\/\/apc1040.com\/es\/servicios-de-impuestos-sobre-la-renta-ellet\/","og_site_name":"Akron Income Tax Preparation","article_publisher":"https:\/\/www.facebook.com\/APC1040","article_modified_time":"2024-05-13T10:28:53+00:00","og_image":[{"width":480,"height":270,"url":"https:\/\/apc1040.com\/wp-content\/uploads\/2023\/12\/18kwGEO_income_tax_returns_Ellet.jpg","type":"image\/jpeg"}],"twitter_card":"summary_large_image","twitter_misc":{"Est. reading time":"10 minutes"},"schema":{"@context":"https:\/\/schema.org","@graph":[{"@type":"WebPage","@id":"https:\/\/apc1040.com\/es\/servicios-de-impuestos-sobre-la-renta-ellet\/","url":"https:\/\/apc1040.com\/es\/servicios-de-impuestos-sobre-la-renta-ellet\/","name":"Mejor servicio de impuestos sobre la renta Ellet","isPartOf":{"@id":"https:\/\/apc1040.com\/es\/#website"},"primaryImageOfPage":{"@id":"https:\/\/apc1040.com\/es\/servicios-de-impuestos-sobre-la-renta-ellet\/#primaryimage"},"image":{"@id":"https:\/\/apc1040.com\/es\/servicios-de-impuestos-sobre-la-renta-ellet\/#primaryimage"},"thumbnailUrl":"https:\/\/apc1040.com\/wp-content\/uploads\/2025\/01\/im1.jpg","datePublished":"2024-01-17T19:34:52+00:00","dateModified":"2024-05-13T10:28:53+00:00","description":"Presentaci\u00f3n del mejor servicio de impuestos sobre la renta Ellet \u00bfEst\u00e1 cansado de las molestias y la confusi\u00f3n que conlleva presentar sus declaraciones","breadcrumb":{"@id":"https:\/\/apc1040.com\/es\/servicios-de-impuestos-sobre-la-renta-ellet\/#breadcrumb"},"inLanguage":"es","potentialAction":[{"@type":"ReadAction","target":["https:\/\/apc1040.com\/es\/servicios-de-impuestos-sobre-la-renta-ellet\/"]}]},{"@type":"ImageObject","inLanguage":"es","@id":"https:\/\/apc1040.com\/es\/servicios-de-impuestos-sobre-la-renta-ellet\/#primaryimage","url":"https:\/\/apc1040.com\/wp-content\/uploads\/2025\/01\/im1.jpg","contentUrl":"https:\/\/apc1040.com\/wp-content\/uploads\/2025\/01\/im1.jpg","width":480,"height":270,"caption":"Income Tax Services Ellet"},{"@type":"BreadcrumbList","@id":"https:\/\/apc1040.com\/es\/servicios-de-impuestos-sobre-la-renta-ellet\/#breadcrumb","itemListElement":[{"@type":"ListItem","position":1,"name":"Home","item":"https:\/\/apc1040.com\/es\/"},{"@type":"ListItem","position":2,"name":"Servicios de impuestos sobre la renta Ellet: orientaci\u00f3n experta para sus impuestos"}]},{"@type":"WebSite","@id":"https:\/\/apc1040.com\/es\/#website","url":"https:\/\/apc1040.com\/es\/","name":"Akron Income Tax Preparation","description":"Income Tax Preparation Service","publisher":{"@id":"https:\/\/apc1040.com\/es\/#organization"},"potentialAction":[{"@type":"SearchAction","target":{"@type":"EntryPoint","urlTemplate":"https:\/\/apc1040.com\/es\/?s={search_term_string}"},"query-input":{"@type":"PropertyValueSpecification","valueRequired":true,"valueName":"search_term_string"}}],"inLanguage":"es"},{"@type":"Organization","@id":"https:\/\/apc1040.com\/es\/#organization","name":"Akron Income Tax Co","url":"https:\/\/apc1040.com\/es\/","logo":{"@type":"ImageObject","inLanguage":"es","@id":"https:\/\/apc1040.com\/es\/#\/schema\/logo\/image\/","url":"https:\/\/apc1040.com\/wp-content\/uploads\/2024\/11\/income-tax-service-akron.jpg","contentUrl":"https:\/\/apc1040.com\/wp-content\/uploads\/2024\/11\/income-tax-service-akron.jpg","width":800,"height":745,"caption":"Akron Income Tax Co"},"image":{"@id":"https:\/\/apc1040.com\/es\/#\/schema\/logo\/image\/"},"sameAs":["https:\/\/www.facebook.com\/APC1040"]}]}},"amp_enabled":true,"_links":{"self":[{"href":"https:\/\/apc1040.com\/es\/wp-json\/wp\/v2\/pages\/6034","targetHints":{"allow":["GET"]}}],"collection":[{"href":"https:\/\/apc1040.com\/es\/wp-json\/wp\/v2\/pages"}],"about":[{"href":"https:\/\/apc1040.com\/es\/wp-json\/wp\/v2\/types\/page"}],"author":[{"embeddable":true,"href":"https:\/\/apc1040.com\/es\/wp-json\/wp\/v2\/users\/10"}],"replies":[{"embeddable":true,"href":"https:\/\/apc1040.com\/es\/wp-json\/wp\/v2\/comments?post=6034"}],"version-history":[{"count":0,"href":"https:\/\/apc1040.com\/es\/wp-json\/wp\/v2\/pages\/6034\/revisions"}],"wp:featuredmedia":[{"embeddable":true,"href":"https:\/\/apc1040.com\/es\/wp-json\/wp\/v2\/media\/10364"}],"wp:attachment":[{"href":"https:\/\/apc1040.com\/es\/wp-json\/wp\/v2\/media?parent=6034"}],"curies":[{"name":"wp","href":"https:\/\/api.w.org\/{rel}","templated":true}]}}