{"id":6028,"date":"2024-01-12T12:30:45","date_gmt":"2024-01-12T17:30:45","guid":{"rendered":"https:\/\/apc1040.com\/?page_id=6028"},"modified":"2024-11-28T17:08:04","modified_gmt":"2024-11-28T22:08:04","slug":"promocion-en-video-de-akron-income-tax-co","status":"publish","type":"page","link":"https:\/\/apc1040.com\/es\/promocion-en-video-de-akron-income-tax-co\/","title":{"rendered":"Promoci\u00f3n en v\u00eddeo de Akron Income Tax Co"},"content":{"rendered":"<h2>Promoci\u00f3n en v\u00eddeo del servicio de impuestos Akron Income Tax Co<\/h2>\n<h3>Transcripci\u00f3n del v\u00eddeo<\/h3>\n<p>Desde el primer momento en que ingres\u00e9 a Akron Income Tax Co., supe que hab\u00eda tomado la decisi\u00f3n correcta. Hab\u00eda estado navegando por un mar de opciones fiscales, buscando algo que se adaptara mejor a mis necesidades y a mi bolsillo. Fue como encontrar un oasis en medio del desierto. Antes, sol\u00eda dirigirme a XYZ, donde la carga de <a href=\"https:\/\/apc1040.com\/es\/explore-las-opciones-del-plan-de-pago-de-impuestos-del-irs\/\">pagar mis impuestos<\/a> era tan pesada como el precio que ten\u00eda que pagar. Cada a\u00f1o, desembolsaba una cantidad considerable, alrededor de $264, solo para cumplir con una obligaci\u00f3n fiscal. Sin embargo, la diferencia entre aquellos d\u00edas y mi experiencia actual es como la noche y el d\u00eda. En Akron Income Tax Co., no solo he reducido significativamente mis costos, sino que tambi\u00e9n he liberado mi tiempo de la angustia de esperar horas interminables para completar mis impuestos. La eficiencia y la amabilidad del personal aqu\u00ed han sido un cambio refrescante.<\/p>\n<p>Pero la reducci\u00f3n de costos no es la \u00fanica ventaja que he encontrado en este establecimiento. M\u00e1s all\u00e1 del ahorro monetario, el proceso de <a href=\"https:\/\/apc1040.com\/es\/declaraciones-de-impuestos-sobre-la-renta-akron\/\">presentaci\u00f3n de impuestos<\/a> se ha vuelto m\u00e1s transparente y r\u00e1pido. Desde el momento en que entr\u00e9 por la puerta. Fui recibido con una sonrisa c\u00e1lida y un servicio personalizado. No me sent\u00ed como un simple n\u00famero en una lista de clientes. Me trataron como a un individuo con necesidades \u00fanicas. Cada pregunta que ten\u00eda fue respondida con claridad y paciencia.Lo cual fue un cambio bienvenido en comparaci\u00f3n. Con la sensaci\u00f3n de ser apresurado y mal entendido en el pasado. En Akron Income Tax Co no solo se trata de completar formularios. Se trata de comprender mi situaci\u00f3n financiera y brindarme las mejores soluciones posibles<\/p>\n<h2>Simplifica tu vida programando una cita en Akron Income Tax Co.<\/h2>\n<p>Ahora, simplemente llamo a <a href=\"https:\/\/apc1040.com\/es\/contactar-con-akron-income-tax-co\/\">Akron Income Tax<\/a> Co y programo mi cita en un. D\u00eda y hora que me convenga y un profesional de impuestos experimentado. Se sienta conmigo en una oficina privada y completa mi declaraci\u00f3n. Generalmente en una hora Promoci\u00f3n en v\u00eddeo.<\/p>\n<p>Tambi\u00e9n tienen este incre\u00edble sistema de entrega en el. Que simplemente dejas tus documentoscualquier d\u00eda sin cita previa y los recoges en unos d\u00edas. IDe hecho, creo que voy a hacer eso este a\u00f1o! Eso suena como un gran ahorro de tiempo Promoci\u00f3n en <a href=\"https:\/\/apc1040.com\/es\/video-de-preparacion-de-declaraciones-de-impuestos-de-akron\/\">v\u00eddeo<\/a>.<\/p>\n<p>Tienes que llamar a <a href=\"https:\/\/apc1040.com\/es\/blog-de-akron-income-tax-co\/\">Akron Income Tax Co..<\/a>. oh s\u00ed&#8230; esa es otra cosa. En realidad es un ser humano vivo, \u00bfpuedes creerlo? contestan el tel\u00e9fono&#8230; no hay correo de voz&#8230; no presionan 1&#8230; en realidad contestan el tel\u00e9fono. Ll\u00e1melos al 330-733-1040<\/p>\n","protected":false},"excerpt":{"rendered":"<p>Promoci\u00f3n en v\u00eddeo del servicio de impuestos Akron Income Tax Co Transcripci\u00f3n del v\u00eddeo Desde el primer momento en que ingres\u00e9 a Akron Income Tax Co., supe que hab\u00eda tomado la decisi\u00f3n correcta. Hab\u00eda estado navegando por un mar de opciones fiscales, buscando algo que se adaptara mejor a mis necesidades y a mi bolsillo&#8230;.<\/p>\n","protected":false},"author":10,"featured_media":3684,"parent":0,"menu_order":0,"comment_status":"closed","ping_status":"closed","template":"","meta":{"_lmt_disableupdate":"no","_lmt_disable":"","_monsterinsights_skip_tracking":false,"_monsterinsights_sitenote_active":false,"_monsterinsights_sitenote_note":"","_monsterinsights_sitenote_category":0,"_uf_show_specific_survey":0,"_uf_disable_surveys":false,"footnotes":""},"class_list":["post-6028","page","type-page","status-publish","has-post-thumbnail","hentry"],"yoast_head":"<!-- This site is optimized with the Yoast SEO Premium plugin v27.3 (Yoast SEO v27.4) - https:\/\/yoast.com\/product\/yoast-seo-premium-wordpress\/ -->\n<title>Promoci\u00f3n en v\u00eddeo de Akron Income Tax Co<\/title>\n<meta name=\"description\" content=\"Akron Income Tax Co Video de promoci\u00f3n Video en solitario Transcripci\u00f3n de voz que enumera varios puntos importantes\" \/>\n<meta name=\"robots\" content=\"index, follow, max-snippet:-1, max-image-preview:large, max-video-preview:-1\" \/>\n<link rel=\"canonical\" href=\"https:\/\/apc1040.com\/es\/promocion-en-video-de-akron-income-tax-co\/\" \/>\n<meta property=\"og:locale\" content=\"es_ES\" \/>\n<meta property=\"og:type\" content=\"article\" \/>\n<meta property=\"og:title\" content=\"Promoci\u00f3n en v\u00eddeo de Akron Income Tax Co\" \/>\n<meta property=\"og:description\" content=\"Akron Income Tax Co Video de promoci\u00f3n Video en solitario Transcripci\u00f3n de voz que enumera varios puntos importantes\" \/>\n<meta property=\"og:url\" content=\"https:\/\/apc1040.com\/es\/promocion-en-video-de-akron-income-tax-co\/\" \/>\n<meta property=\"og:site_name\" content=\"Akron Income Tax Preparation\" \/>\n<meta property=\"article:publisher\" content=\"https:\/\/www.facebook.com\/APC1040\" \/>\n<meta property=\"article:modified_time\" content=\"2024-11-28T22:08:04+00:00\" \/>\n<meta property=\"og:image\" content=\"https:\/\/apc1040.com\/wp-content\/uploads\/2022\/12\/2023-Ad4-120-ES.jpg\" \/>\n\t<meta property=\"og:image:width\" content=\"1080\" \/>\n\t<meta property=\"og:image:height\" content=\"1080\" \/>\n\t<meta property=\"og:image:type\" content=\"image\/jpeg\" \/>\n<meta name=\"twitter:card\" content=\"summary_large_image\" \/>\n<meta name=\"twitter:label1\" content=\"Est. reading time\" \/>\n\t<meta name=\"twitter:data1\" content=\"3 minutes\" \/>\n<!-- \/ Yoast SEO Premium plugin. -->","yoast_head_json":{"title":"Promoci\u00f3n en v\u00eddeo de Akron Income Tax Co","description":"Akron Income Tax Co Video de promoci\u00f3n Video en solitario Transcripci\u00f3n de voz que enumera varios puntos importantes","robots":{"index":"index","follow":"follow","max-snippet":"max-snippet:-1","max-image-preview":"max-image-preview:large","max-video-preview":"max-video-preview:-1"},"canonical":"https:\/\/apc1040.com\/es\/promocion-en-video-de-akron-income-tax-co\/","og_locale":"es_ES","og_type":"article","og_title":"Promoci\u00f3n en v\u00eddeo de Akron Income Tax Co","og_description":"Akron Income Tax Co Video de promoci\u00f3n Video en solitario Transcripci\u00f3n de voz que enumera varios puntos importantes","og_url":"https:\/\/apc1040.com\/es\/promocion-en-video-de-akron-income-tax-co\/","og_site_name":"Akron Income Tax Preparation","article_publisher":"https:\/\/www.facebook.com\/APC1040","article_modified_time":"2024-11-28T22:08:04+00:00","og_image":[{"width":1080,"height":1080,"url":"https:\/\/apc1040.com\/wp-content\/uploads\/2022\/12\/2023-Ad4-120-ES.jpg","type":"image\/jpeg"}],"twitter_card":"summary_large_image","twitter_misc":{"Est. reading time":"3 minutes"},"schema":{"@context":"https:\/\/schema.org","@graph":[{"@type":"WebPage","@id":"https:\/\/apc1040.com\/es\/promocion-en-video-de-akron-income-tax-co\/","url":"https:\/\/apc1040.com\/es\/promocion-en-video-de-akron-income-tax-co\/","name":"Promoci\u00f3n en v\u00eddeo de Akron Income Tax Co","isPartOf":{"@id":"https:\/\/apc1040.com\/es\/#website"},"primaryImageOfPage":{"@id":"https:\/\/apc1040.com\/es\/promocion-en-video-de-akron-income-tax-co\/#primaryimage"},"image":{"@id":"https:\/\/apc1040.com\/es\/promocion-en-video-de-akron-income-tax-co\/#primaryimage"},"thumbnailUrl":"https:\/\/apc1040.com\/wp-content\/uploads\/2022\/12\/2023-Ad4-120-ES.jpg","datePublished":"2024-01-12T17:30:45+00:00","dateModified":"2024-11-28T22:08:04+00:00","description":"Akron Income Tax Co Video de promoci\u00f3n Video en solitario Transcripci\u00f3n de voz que enumera varios puntos importantes","breadcrumb":{"@id":"https:\/\/apc1040.com\/es\/promocion-en-video-de-akron-income-tax-co\/#breadcrumb"},"inLanguage":"es","potentialAction":[{"@type":"ReadAction","target":["https:\/\/apc1040.com\/es\/promocion-en-video-de-akron-income-tax-co\/"]}]},{"@type":"ImageObject","inLanguage":"es","@id":"https:\/\/apc1040.com\/es\/promocion-en-video-de-akron-income-tax-co\/#primaryimage","url":"https:\/\/apc1040.com\/wp-content\/uploads\/2022\/12\/2023-Ad4-120-ES.jpg","contentUrl":"https:\/\/apc1040.com\/wp-content\/uploads\/2022\/12\/2023-Ad4-120-ES.jpg","width":1080,"height":1080,"caption":"Preparaci\u00f3n del impuesto sobre la renta"},{"@type":"BreadcrumbList","@id":"https:\/\/apc1040.com\/es\/promocion-en-video-de-akron-income-tax-co\/#breadcrumb","itemListElement":[{"@type":"ListItem","position":1,"name":"Home","item":"https:\/\/apc1040.com\/es\/"},{"@type":"ListItem","position":2,"name":"Promoci\u00f3n en v\u00eddeo de Akron Income Tax Co"}]},{"@type":"WebSite","@id":"https:\/\/apc1040.com\/es\/#website","url":"https:\/\/apc1040.com\/es\/","name":"Akron Income Tax Preparation","description":"Income Tax Preparation Service","publisher":{"@id":"https:\/\/apc1040.com\/es\/#organization"},"potentialAction":[{"@type":"SearchAction","target":{"@type":"EntryPoint","urlTemplate":"https:\/\/apc1040.com\/es\/?s={search_term_string}"},"query-input":{"@type":"PropertyValueSpecification","valueRequired":true,"valueName":"search_term_string"}}],"inLanguage":"es"},{"@type":"Organization","@id":"https:\/\/apc1040.com\/es\/#organization","name":"Akron Income Tax Co","url":"https:\/\/apc1040.com\/es\/","logo":{"@type":"ImageObject","inLanguage":"es","@id":"https:\/\/apc1040.com\/es\/#\/schema\/logo\/image\/","url":"https:\/\/apc1040.com\/wp-content\/uploads\/2024\/11\/income-tax-service-akron.jpg","contentUrl":"https:\/\/apc1040.com\/wp-content\/uploads\/2024\/11\/income-tax-service-akron.jpg","width":800,"height":745,"caption":"Akron Income Tax Co"},"image":{"@id":"https:\/\/apc1040.com\/es\/#\/schema\/logo\/image\/"},"sameAs":["https:\/\/www.facebook.com\/APC1040"]}]}},"amp_enabled":true,"_links":{"self":[{"href":"https:\/\/apc1040.com\/es\/wp-json\/wp\/v2\/pages\/6028","targetHints":{"allow":["GET"]}}],"collection":[{"href":"https:\/\/apc1040.com\/es\/wp-json\/wp\/v2\/pages"}],"about":[{"href":"https:\/\/apc1040.com\/es\/wp-json\/wp\/v2\/types\/page"}],"author":[{"embeddable":true,"href":"https:\/\/apc1040.com\/es\/wp-json\/wp\/v2\/users\/10"}],"replies":[{"embeddable":true,"href":"https:\/\/apc1040.com\/es\/wp-json\/wp\/v2\/comments?post=6028"}],"version-history":[{"count":1,"href":"https:\/\/apc1040.com\/es\/wp-json\/wp\/v2\/pages\/6028\/revisions"}],"predecessor-version":[{"id":9899,"href":"https:\/\/apc1040.com\/es\/wp-json\/wp\/v2\/pages\/6028\/revisions\/9899"}],"wp:featuredmedia":[{"embeddable":true,"href":"https:\/\/apc1040.com\/es\/wp-json\/wp\/v2\/media\/3684"}],"wp:attachment":[{"href":"https:\/\/apc1040.com\/es\/wp-json\/wp\/v2\/media?parent=6028"}],"curies":[{"name":"wp","href":"https:\/\/api.w.org\/{rel}","templated":true}]}}