{"id":6025,"date":"2023-10-31T19:39:31","date_gmt":"2023-10-31T23:39:31","guid":{"rendered":"https:\/\/apc1040.com\/?page_id=6025"},"modified":"2024-11-27T13:51:14","modified_gmt":"2024-11-27T18:51:14","slug":"akron-income-tax-co-vea-nuestra-presencia-en-la-web","status":"publish","type":"page","link":"https:\/\/apc1040.com\/es\/akron-income-tax-co-vea-nuestra-presencia-en-la-web\/","title":{"rendered":"Akron Income Tax Co: vea nuestra V\u00e9anos en la Web"},"content":{"rendered":"<h2>V\u00e9anos en la Web: Explorando nuestra presencia en l\u00ednea<\/h2>\n<p><span style=\"font-weight: 400;\">En la era digital, las empresas prosperan no solo en sus ubicaciones f\u00edsicas sino tambi\u00e9n en todo el vasto panorama de Internet. Puede V\u00e9anos en la Web consultando estos enlaces. Nos complace invitarlo a explorar todos los lugares donde puede encontrarnos en l\u00ednea. Akron Income Tax Co. es su socio de confianza para servicios de preparaci\u00f3n de impuestos, contabilidad y tenedur\u00eda de libros. Ya sea propietario de una empresa o un individuo, nuestro equipo est\u00e1 aqu\u00ed para garantizar que sus asuntos financieros est\u00e9n en buenas manos.<\/span><\/p>\n<h2>Presencia en l\u00ednea de Akron Income Tax Co.<\/h2>\n<p><span style=\"font-weight: 400;\">Cuando se trata de V\u00e9anos en la Web, se lo hemos puesto f\u00e1cil. Hemos establecido nuestra presencia en varios sitios web importantes, lo que le permite conectarse con nosotros y acceder a informaci\u00f3n esencial.<\/span><\/p>\n<h2>Estas son algunas de las plataformas donde puedes encontrarnos:<\/h2>\n<p><a href=\"https:\/\/www.2findlocal.com\/b\/12272106\/akron- Income-tax-co-akron-oh\" target=\"_blank\" rel=\"noopener\">2findlocal<\/a><b> : <\/b><span style=\"font-weight: 400;\">Descubra nuestra lista de empresas en 2findlocal para obtener m\u00e1s informaci\u00f3n sobre nuestros servicios e informaci\u00f3n de contacto.<\/span><\/p>\n<p>BBB: <span style=\"font-weight: 400;\">Estamos orgullosos de nuestra acreditaci\u00f3n y calificaci\u00f3n A+ con BBB, un testimonio de nuestro compromiso de brindar servicios financieros de primer nivel.<\/span><\/p>\n<p><a href=\"https:\/\/www.bing.com\/search?q=akron+ingresos+tax+co&amp;form=QBLH&amp;sp=-1&amp;ghc=1&amp;lq=0&amp;pq=akron+ingresos+ tax+co&amp;sc=10-19&amp;qs=n&amp;sk=&amp;cvid=59494211C8A444ADBD9751EB5AEB46B8&amp;ghsh=0&amp;ghacc=0&amp;ghpl=\" target=\"_blank\" rel=\"noopener\">Bing<\/a> y <a href=\"https:\/\/www.bing.com\/maps?ss=ypid.YN873x6612944575963433741&amp;mkt=en-US&amp;cp=41.032881%7E-81.452937&amp;lvl=16.0\" target=\"_blank\" rel=\"noopener\">Bing Places<\/a>:<span style=\"font-weight: 400;\"> Encu\u00e9ntrenos en el motor de b\u00fasqueda de Bing y en Bing Places, donde podr\u00e1 acceder a detalles esenciales sobre nuestra ubicaci\u00f3n y servicios.<\/span><\/p>\n<p>Brownbook:<span style=\"font-weight: 400;\"> Nuestro listado de Brownbook contiene informaci\u00f3n valiosa sobre nuestro negocio, lo que le facilita ponerse en contacto con nosotros.<\/span><\/p>\n<p><a href=\"https:\/\/www.chamberofcommerce.com\/united-states\/ohio\/akron\/tax-preparation-service\/2012373890-akron- Income-tax-co\" target=\"_blank\" rel=\"noopener\"> C\u00e1mara de Comercio<\/a>:<span style=\"font-weight: 400;\"> Como miembros de la C\u00e1mara de Comercio, participamos activamente en nuestra comunidad empresarial local.<\/span><\/p>\n<p><a href=\"https:\/\/citysquares.com\/b\/akron- Income-tax-co-22494292\" target=\"_blank\" rel=\"noopener\">Plazas de la ciudad<\/a>:<span style=\"font- peso: 400;\"> En City Squares, puede explorar nuestro perfil comercial y contactarnos.<\/span><\/p>\n<p><i>Cylex<\/i>:<span style=\"font-weight: 400;\"> Nuestro listado de Cylex ofrece informaci\u00f3n sobre nuestros servicios, incluida la preparaci\u00f3n de impuestos y la contabilidad.<\/span><\/p>\n<p><a href=\"https:\/\/local-listings.data-axle.com\/places\/Z2T34MSX\" target=\"_blank\" rel=\"noopener\">Eje de datos<\/a>:<span style=\"font-weight: 400;\"> Descubra nuestro perfil comercial y datos de contacto en Data-axle.<\/span><\/p>\n<p><a href=\"https:\/\/www.dexknows.com\/akron-oh\/bp\/akron- Income-tax-co-524049358\" target=\"_blank\" rel=\"noopener\">Dex lo sabe<\/a>: Estamos incluidos en Dex Knows, donde puede encontrar informaci\u00f3n sobre nuestros servicios de preparaci\u00f3n de impuestos.<\/p>\n<p><i>DnB<\/i><span style=\"font-weight: 400;\">: Como empresa registrada en Dun &amp; Bradstreet, nos adherimos a altos est\u00e1ndares de profesionalismo.<\/span><\/p>\n<p><a href=\"https:\/\/ebusinesspages.com\/Akron-Income-Tax-Co._ea1uu.co\" target=\"_blank\" rel=\"noopener\">P\u00e1ginas de comercio electr\u00f3nico<\/a>:<span style=\"font-weight: 400;\"> Explore nuestra p\u00e1gina comercial en E-Business Pages para obtener una descripci\u00f3n general de nuestras ofertas.<\/span><\/p>\n<p><a href=\"https:\/\/www.elocal.com\/profile\/akron- Income-tax-co-21544372\" target=\"_blank\" rel=\"noopener\">E Local<\/a>: <span style=\"font-weight: 400;\">En E Local, puede ver los detalles de nuestra empresa y acceder a nuestros servicios.<\/span><\/p>\n<p><a href=\"https:\/\/www.facebook.com\/APC1040\" target=\"_blank\" rel=\"noopener\">Facebook<\/a>:<span style=\"font-weight: 400;\"> Cont\u00e1ctenos en nuestra p\u00e1gina oficial para mantenerte actualizado sobre nuestras \u00faltimas noticias y tambi\u00e9n ofertas.<\/span><\/p>\n<p><a href=\"https:\/\/www.find-us-here.com\/businesses\/Akron-Income-Tax-Preparation-Co-Akron-Ohio-USA\/33913582\/\" target=\"_blank\" rel=\"noopener\">Encu\u00e9ntranos-aqu\u00ed<\/a>:<span style=\"font-weight: 400;\"> Estamos en Encu\u00e9ntranos-aqu\u00ed, donde podr\u00e1s descubrir nuestra informaci\u00f3n de contacto y servicios.<\/span><\/p>\n<p><a href=\"https:\/\/foursquare.com\/akroninc4463315\" target=\"_blank\" rel=\"noopener\">Foursquare<\/a>:<span style=\"font-weight: 400;\"> Consulta nuestra lista de Foursquare para ver nuestra ubicaci\u00f3n y lo que nuestros clientes tienen que decir .<\/span><\/p>\n<h2>Vea tambi\u00e9n estos:<\/h2>\n<p><a href=\"https:\/\/www.google.com\/maps\/place\/Akron+Income+Tax+Preparation+Co.\/@41.032875,-81.4529078,17z\/data=!3m1!4b1!4m6!3m5!1s0x88312bc2dcb91ff7 :0xf6d13a5f89dc3090!8m2!3d41.032875!4d-81.4529078!16s%2Fg%2F1tlbk6dv?entry=ttu\" target=\"_blank\" rel=\"noopener\"><i>Google<\/i><\/a>: <span style=\"font-weight: 400;\">Encuentre nuestra empresa en Google, donde podr\u00e1 acceder a mapas, rese\u00f1as y m\u00e1s.<\/span><\/p>\n<p><i>C\u00edrculo de propietarios<\/i>: <span style=\"font-weight: 400;\">Aparecemos en Homeowners Circle y ofrecemos informaci\u00f3n sobre nuestros servicios financieros.<\/span><\/p>\n<p><a href=\"https:\/\/www.hotfrog.com\/company\/1099611741163520\/akron- Income-tax-co\/akron\/accounting-services\" target=\"_blank\" rel=\"noopener\">Hotfrog<\/a>: <span style=\"font-weight: 400;\"> En Hotfrog, puedes explorar los detalles de nuestra empresa y conectarte con nosotros.<\/span><\/p>\n<p><a href=\"https:\/\/www.ibegin.com\/directory\/us\/ohio\/akron\/akron- Income-tax-co-2215-e-waterloo-rd-ste-113\/\" target=\"_blank\" rel=\"noopener\">iBegin<\/a>:<span style=\"font-weight: 400;\"> Descubra nuestra lista de empresas en Ibegin para obtener m\u00e1s informaci\u00f3n sobre nuestros servicios de contabilidad y preparaci\u00f3n de impuestos.<\/span><\/p>\n<p><a href=\"https:\/\/www.judysbook.com\/Akron-Income-Tax-Co-Accounting-and-Bookkeeping-akron-oh-r29655310.htm\" target=\"_blank\" rel=\"noopener\">Libro de Judy <\/a>:<span style=\"font-weight: 400;\"> Visite nuestro listado de Judysbook para descubrir lo que nuestros clientes satisfechos dicen sobre nuestros servicios.<\/span><\/p>\n<p><a href=\"https:\/\/www.manta.com\/c\/m1rdj7b\/akron- Income-tax-co\" target=\"_blank\" rel=\"noopener\">Manta<\/a>:<span style=\"font -weight: 400;\"> Nuestro listado de Manta proporciona informaci\u00f3n sobre nuestra experiencia en contabilidad y preparaci\u00f3n de impuestos sobre la renta.<\/span><\/p>\n<p><a href=\"https:\/\/www.mapquest.com\/us\/ohio\/akron- Income-tax-co-374891667\" target=\"_blank\" rel=\"noopener\">Mapquest<\/a>:<span style=\"font-weight: 400;\"> En Mapquest, puede ubicar f\u00e1cilmente nuestra oficina y acceder a indicaciones para llegar en autom\u00f3vil.<\/span><\/p>\n<h3><span style=\"font-weight: 400;\"><br \/>\n<strong>Circulo de comerciantes<\/strong><\/span><\/h3>\n<p>C\u00edrculo de comerciantes:<\/p>\n<p><span style=\"font-weight: 400;\">Estamos activos en Merchant Circle y brindamos informaci\u00f3n valiosa sobre nuestros servicios.<\/span><\/p>\n<p><a href=\"https:\/\/www.n49.com\/biz\/2118144\/akron- Income-tax-co-oh-akron-2215-e-waterloo-rd\/\" target=\"_blank\" rel=\"noopener\">N49<\/a>: <span style=\"font-weight: 400;\">Nuestro listado N49 ofrece una visi\u00f3n completa de nuestro negocio y servicios.<\/span><\/p>\n<p><i>Lugares en Maps<\/i>: <span style=\"font-weight: 400;\">Explore nuestra presencia en Lugares en Maps para acceder a nuestra ubicaci\u00f3n y detalles de contacto.<\/span><\/p>\n<p>Mu\u00e9strame local:<span style=\"font-weight: 400;\"> Encuentre nuestro perfil comercial en Show Me Local para descubrir nuestros servicios financieros.<\/span><\/p>\n<p>Superp\u00e1ginas:<span style=\"font-weight: 400;\"> En Superpages, puede acceder a nuestra lista de empresas para conectarse con nosotros.<\/span><\/p>\n<p><a href=\"https:\/\/www.trustpilot.com\/review\/apc1040.com\" target=\"_blank\" rel=\"noopener\">Trustpilot<\/a>:<span style=\"font-weight: 400;\"> Valoramos sus comentarios y tenemos presencia en Trustpilot para mostrar nuestra reputaci\u00f3n.<\/span><\/p>\n<p>UScity:<span style=\"font-weight: 400;\"> Estamos incluidos en UScity, lo que le permite encontrar la informaci\u00f3n de nuestra empresa con facilidad.<\/span><\/p>\n<p><a href=\"https:\/\/search.yahoo.com\/search;_ylt=Awrig6h_gEFl5DEDFBdDDWVH;_ylc=X1MDMTE5NzgwNDg2NwRfcgMyBGZyAwRmcjIDcDpzLHY6c2ZwLG06c2EtZ3Atc2VhcmNoBGdwcmlkA3FFRldaZGx3U1QyNDU 2M1ZPaXlrLkEEbl9yc2x0AzAEbl9zdWdnAzEEb3JpZ2luA3NlYXJjaC55YWhvby5jb20EcG9zAzEEcHFzdHIDYWtyb24gaW5jb21lIHRheCBjbwRwcXN0cmwDMTkEcXN0cmwDMjQEcXVlcnkDYWty b24lMjBpbmNvbWUlMjB0YXglMjBjb21wYW55BHRfc3RtcAMxNjk4NzkxNTY4BHVzZV9jYXNlAw--?p=akron+impuesto+ingresos+empresa&amp;fr=sfp&amp;fr2=p%3As%2Cv%3Asfp %2Cm%3Asa-gp-search&amp;iscqry=\" target=\"_blank\" rel=\"noopener\">Yahoo<\/a>:<span style=\"font-weight: 400;\"> Encuentre nuestra lista de empresas en Yahoo, que ofrece informaci\u00f3n sobre nuestros servicios.<\/span><\/p>\n<p>Yalwa.com:<span style=\"font-weight: 400;\"> En <\/span><span style=\"font-weight: 400;\">Yalwa.com<\/span><span style=\"font-weight: 400;\">, puedes explora nuestro perfil comercial y cont\u00e1ctanos.<\/span><\/p>\n<p>P\u00e1ginas amarillas: <span style=\"font-weight: 400;\">Acceda a nuestro listado de P\u00e1ginas Amarillas para obtener m\u00e1s informaci\u00f3n sobre nuestros servicios de contabilidad y preparaci\u00f3n de impuestos.<\/span><\/p>\n<p><a href=\"https:\/\/pro.porch.com\/akron-oh\/architects\/akron- Income-tax-co\/pp\" target=\"_blank\" rel=\"noopener\">Porche<\/a>:Aparecemos en Porch, brindando detalles sobre nuestra experiencia financiera.<\/p>\n<p><a href=\"https:\/\/www.quora.com\/profile\/John-Tripodi-12\" target=\"_blank\" rel=\"noopener\">Quora<\/a>:<span style=\"font-weight: 400;\"> Interact\u00fae con nosotros en Quora, donde compartimos conocimientos y respondemos preguntas relacionadas con el impuesto sobre la renta y la contabilidad.<\/span><\/p>\n<h3>Su fuente confiable de servicios de impuestos sobre la renta<\/h3>\n<p><span style=\"font-weight: 400;\">En Akron Income Tax Co., nos especializamos en<a href=\"https:\/\/apc1040.com\/es\/presentacion-de-declaracion-de-impuestos\/\"><strong> preparaci\u00f3n de impuestos sobre la renta<\/strong><\/a>, contabilidad y servicios de tenedur\u00eda de libros. Nuestro equipo est\u00e1 bien versado en el manejo de varias declaraciones de impuestos, incluidas 1040, 1065 y 1120. Si usted es una persona que busca presentar sus <a href=\"https:\/\/apc1040.com\/es\/declaracion-de-impuestos-federales-sobre-la-renta\/\">impuestos federales<\/a> o una empresa que necesita experiencia financiera, lo tenemos cubierto. Nuestra oficina est\u00e1 convenientemente ubicada en 2215 E. Waterloo Rd. Suite 113, Akron, Ohio 44312. Puede comunicarse con nosotros al (330) 733-1040 para cualquier consulta o para programar una cita.<\/span><\/p>\n<h3>Tu privacidad importa<\/h3>\n<p><span style=\"font-weight: 400;\">Nos tomamos en serio su privacidad. Para obtener m\u00e1s informaci\u00f3n sobre c\u00f3mo manejamos su informaci\u00f3n personal, lea nuestra <\/span><a href=\"https:\/\/apc1040.com\/taxes-easy-find\/privacy-policy\/\"><span style=\"font- weight: 400;\">Pol\u00edtica de Privacidad<\/span><\/a><span style=\"font-weight: 400;\"> en nuestro sitio web.<\/span><\/p>\n<h3>Preguntas frecuentes<\/h3>\n<h3>\u00bfPor qu\u00e9 deber\u00eda elegir Akron Income Tax Co. para mis necesidades fiscales?<\/h3>\n<p><span style=\"font-weight: 400;\">Akron Income Tax Co. tiene una larga reputaci\u00f3n de precisi\u00f3n y confiabilidad. Priorizamos su bienestar financiero y brindamos <a href=\"https:\/\/apc1040.com\/es\/servicios-de-impuestos-sobre-la-renta-ellet\/\">servicios expertos de preparaci\u00f3n de impuestos para<\/a> garantizar que aproveche al m\u00e1ximo su declaraci\u00f3n.<\/span><\/p>\n<h4>\u00bfC\u00f3mo puedo comunicarme con Akron Income Tax Co.?<\/h4>\n<p><span style=\"font-weight: 400;\">Puede <a href=\"https:\/\/apc1040.com\/es\/contactar-con-akron-income-tax-co\/\">comunicarse con nosotros<\/a> al (330) 733-1040<\/span><span style=\"font-weight: 400;\">. Nuestra <a href=\"https:\/\/apc1040.com\/es\/oficina-de-impuestos-mas-cercana-a-mi\/\"><strong>oficina de impuestos<\/strong><\/a> est\u00e1 ubicada en 2215 E. Waterloo Rd. Suite 113, Akron, Ohio 44312.<\/span><\/p>\n<h4>\u00bfQu\u00e9 tipos de declaraciones de impuestos manejan?<\/h4>\n<p><span style=\"font-weight: 400;\">Nos especializamos en declaraciones 1040, 1065 y 1120, atendiendo a individuos, asociaciones y corporaciones.<\/span><\/p>\n<h4>\u00a0\u00bfMi informaci\u00f3n financiera est\u00e1 segura con Akron Income Tax Co.?<\/h4>\n<p><span style=\"font-weight: 400;\">Absolutamente. Nos tomamos en serio la seguridad y confidencialidad de su informaci\u00f3n financiera. Puede confiar en nosotros para gestionar sus datos con el m\u00e1ximo cuidado y profesionalidad.<\/span><\/p>\n<h4>\u00bfOfrecen alg\u00fan servicio o consulta en l\u00ednea?<\/h4>\n<p><span style=\"font-weight: 400;\">S\u00ed, ofrecemos consultas en l\u00ednea para su comodidad. Puede comunicarse con nosotros por correo electr\u00f3nico o llamando a nuestra oficina. Le proporcionaremos una consulta gratuita.<\/span><\/p>\n<h4>\u00bfPuedo presentar mis impuestos federales ante Akron Income Tax Co. en Akron, Ohio?<\/h4>\n<p><span style=\"font-weight: 400;\">Ciertamente, atendemos a clientes en Akron, Ohio y m\u00e1s all\u00e1. Puede presentar sus impuestos federales con nosotros, sin importar su ubicaci\u00f3n.<\/span><\/p>\n<h5>Conclusi\u00f3n<\/h5>\n<p><span style=\"font-weight: 400;\">Nuestro compromiso de ofrecer servicios financieros precisos, confiables y seguros se extiende tambi\u00e9n a nuestra presencia en l\u00ednea. Vis\u00edtanos en la web y conect\u00e1ndote con nosotros en diversas plataformas de Internet, podr\u00e1s acceder f\u00e1cilmente a la informaci\u00f3n que necesitas. Esperamos poder servirle y satisfacer sus necesidades financieras. Explore nuestros enlaces web y con\u00e9ctese con nosotros hoy. <a href=\"https:\/\/apc1040.com\/es\/instrucciones-para-la-presentacion-a-distancia\/\">Gracias<\/a> por elegir Akron Income Tax Co. para todas sus necesidades financieras.<\/span>[\/vc_column_text][\/vc_column][\/vc_row]\n","protected":false},"excerpt":{"rendered":"<p>V\u00e9anos en la Web: Explorando nuestra presencia en l\u00ednea En la era digital, las empresas prosperan no solo en sus ubicaciones f\u00edsicas sino tambi\u00e9n en todo el vasto panorama de Internet. Puede V\u00e9anos en la Web consultando estos enlaces. Nos complace invitarlo a explorar todos los lugares donde puede encontrarnos en l\u00ednea. Akron Income Tax&#8230;<\/p>\n","protected":false},"author":10,"featured_media":3521,"parent":0,"menu_order":0,"comment_status":"closed","ping_status":"closed","template":"","meta":{"_lmt_disableupdate":"no","_lmt_disable":"","_monsterinsights_skip_tracking":false,"_monsterinsights_sitenote_active":false,"_monsterinsights_sitenote_note":"","_monsterinsights_sitenote_category":0,"_uf_show_specific_survey":0,"_uf_disable_surveys":false,"footnotes":""},"class_list":["post-6025","page","type-page","status-publish","has-post-thumbnail","hentry"],"yoast_head":"<!-- This site is optimized with the Yoast SEO Premium plugin v27.3 (Yoast SEO v27.4) - https:\/\/yoast.com\/product\/yoast-seo-premium-wordpress\/ -->\n<title>Akron Income Tax Co: Vis\u00edtenos en la web<\/title>\n<meta name=\"description\" content=\"Akron Income Tax Co: Servicios expertos de impuestos, contabilidad y tenedur\u00eda de libros. Vis\u00edtenos en l\u00ednea o ll\u00e1menos al (330) 733-1040.\" \/>\n<meta name=\"robots\" content=\"index, follow, max-snippet:-1, max-image-preview:large, max-video-preview:-1\" \/>\n<link rel=\"canonical\" href=\"https:\/\/apc1040.com\/es\/akron-income-tax-co-vea-nuestra-presencia-en-la-web\/\" \/>\n<meta property=\"og:locale\" content=\"es_ES\" \/>\n<meta property=\"og:type\" content=\"article\" \/>\n<meta property=\"og:title\" content=\"Akron Income Tax Co: vea nuestra V\u00e9anos en la Web\" \/>\n<meta property=\"og:description\" content=\"Akron Income Tax Co: Servicios expertos de impuestos, contabilidad y tenedur\u00eda de libros. Vis\u00edtenos en l\u00ednea o ll\u00e1menos al (330) 733-1040.\" \/>\n<meta property=\"og:url\" content=\"https:\/\/apc1040.com\/es\/akron-income-tax-co-vea-nuestra-presencia-en-la-web\/\" \/>\n<meta property=\"og:site_name\" content=\"Akron Income Tax Preparation\" \/>\n<meta property=\"article:publisher\" content=\"https:\/\/www.facebook.com\/APC1040\" \/>\n<meta property=\"article:modified_time\" content=\"2024-11-27T18:51:14+00:00\" \/>\n<meta property=\"og:image\" content=\"https:\/\/apc1040.com\/wp-content\/uploads\/2022\/12\/s7-scaled-1.jpeg\" \/>\n\t<meta property=\"og:image:width\" content=\"2560\" \/>\n\t<meta property=\"og:image:height\" content=\"1737\" \/>\n\t<meta property=\"og:image:type\" content=\"image\/jpeg\" \/>\n<meta name=\"twitter:card\" content=\"summary_large_image\" \/>\n<meta name=\"twitter:label1\" content=\"Est. reading time\" \/>\n\t<meta name=\"twitter:data1\" content=\"6 minutes\" \/>\n<!-- \/ Yoast SEO Premium plugin. -->","yoast_head_json":{"title":"Akron Income Tax Co: Vis\u00edtenos en la web","description":"Akron Income Tax Co: Servicios expertos de impuestos, contabilidad y tenedur\u00eda de libros. Vis\u00edtenos en l\u00ednea o ll\u00e1menos al (330) 733-1040.","robots":{"index":"index","follow":"follow","max-snippet":"max-snippet:-1","max-image-preview":"max-image-preview:large","max-video-preview":"max-video-preview:-1"},"canonical":"https:\/\/apc1040.com\/es\/akron-income-tax-co-vea-nuestra-presencia-en-la-web\/","og_locale":"es_ES","og_type":"article","og_title":"Akron Income Tax Co: vea nuestra V\u00e9anos en la Web","og_description":"Akron Income Tax Co: Servicios expertos de impuestos, contabilidad y tenedur\u00eda de libros. Vis\u00edtenos en l\u00ednea o ll\u00e1menos al (330) 733-1040.","og_url":"https:\/\/apc1040.com\/es\/akron-income-tax-co-vea-nuestra-presencia-en-la-web\/","og_site_name":"Akron Income Tax Preparation","article_publisher":"https:\/\/www.facebook.com\/APC1040","article_modified_time":"2024-11-27T18:51:14+00:00","og_image":[{"width":2560,"height":1737,"url":"https:\/\/apc1040.com\/wp-content\/uploads\/2022\/12\/s7-scaled-1.jpeg","type":"image\/jpeg"}],"twitter_card":"summary_large_image","twitter_misc":{"Est. reading time":"6 minutes"},"schema":{"@context":"https:\/\/schema.org","@graph":[{"@type":"WebPage","@id":"https:\/\/apc1040.com\/es\/akron-income-tax-co-vea-nuestra-presencia-en-la-web\/","url":"https:\/\/apc1040.com\/es\/akron-income-tax-co-vea-nuestra-presencia-en-la-web\/","name":"Akron Income Tax Co: Vis\u00edtenos en la web","isPartOf":{"@id":"https:\/\/apc1040.com\/es\/#website"},"primaryImageOfPage":{"@id":"https:\/\/apc1040.com\/es\/akron-income-tax-co-vea-nuestra-presencia-en-la-web\/#primaryimage"},"image":{"@id":"https:\/\/apc1040.com\/es\/akron-income-tax-co-vea-nuestra-presencia-en-la-web\/#primaryimage"},"thumbnailUrl":"https:\/\/apc1040.com\/wp-content\/uploads\/2022\/12\/s7-scaled-1.jpeg","datePublished":"2023-10-31T23:39:31+00:00","dateModified":"2024-11-27T18:51:14+00:00","description":"Akron Income Tax Co: Servicios expertos de impuestos, contabilidad y tenedur\u00eda de libros. Vis\u00edtenos en l\u00ednea o ll\u00e1menos al (330) 733-1040.","breadcrumb":{"@id":"https:\/\/apc1040.com\/es\/akron-income-tax-co-vea-nuestra-presencia-en-la-web\/#breadcrumb"},"inLanguage":"es","potentialAction":[{"@type":"ReadAction","target":["https:\/\/apc1040.com\/es\/akron-income-tax-co-vea-nuestra-presencia-en-la-web\/"]}]},{"@type":"ImageObject","inLanguage":"es","@id":"https:\/\/apc1040.com\/es\/akron-income-tax-co-vea-nuestra-presencia-en-la-web\/#primaryimage","url":"https:\/\/apc1040.com\/wp-content\/uploads\/2022\/12\/s7-scaled-1.jpeg","contentUrl":"https:\/\/apc1040.com\/wp-content\/uploads\/2022\/12\/s7-scaled-1.jpeg","width":2560,"height":1737,"caption":"Akron Income Tax-tax accountant near me-preparadores de impuestos"},{"@type":"BreadcrumbList","@id":"https:\/\/apc1040.com\/es\/akron-income-tax-co-vea-nuestra-presencia-en-la-web\/#breadcrumb","itemListElement":[{"@type":"ListItem","position":1,"name":"Home","item":"https:\/\/apc1040.com\/es\/"},{"@type":"ListItem","position":2,"name":"Akron Income Tax Co: vea nuestra V\u00e9anos en la Web"}]},{"@type":"WebSite","@id":"https:\/\/apc1040.com\/es\/#website","url":"https:\/\/apc1040.com\/es\/","name":"Akron Income Tax Preparation","description":"Income Tax Preparation Service","publisher":{"@id":"https:\/\/apc1040.com\/es\/#organization"},"potentialAction":[{"@type":"SearchAction","target":{"@type":"EntryPoint","urlTemplate":"https:\/\/apc1040.com\/es\/?s={search_term_string}"},"query-input":{"@type":"PropertyValueSpecification","valueRequired":true,"valueName":"search_term_string"}}],"inLanguage":"es"},{"@type":"Organization","@id":"https:\/\/apc1040.com\/es\/#organization","name":"Akron Income Tax Co","url":"https:\/\/apc1040.com\/es\/","logo":{"@type":"ImageObject","inLanguage":"es","@id":"https:\/\/apc1040.com\/es\/#\/schema\/logo\/image\/","url":"https:\/\/apc1040.com\/wp-content\/uploads\/2024\/11\/income-tax-service-akron.jpg","contentUrl":"https:\/\/apc1040.com\/wp-content\/uploads\/2024\/11\/income-tax-service-akron.jpg","width":800,"height":745,"caption":"Akron Income Tax Co"},"image":{"@id":"https:\/\/apc1040.com\/es\/#\/schema\/logo\/image\/"},"sameAs":["https:\/\/www.facebook.com\/APC1040"]}]}},"amp_enabled":true,"_links":{"self":[{"href":"https:\/\/apc1040.com\/es\/wp-json\/wp\/v2\/pages\/6025","targetHints":{"allow":["GET"]}}],"collection":[{"href":"https:\/\/apc1040.com\/es\/wp-json\/wp\/v2\/pages"}],"about":[{"href":"https:\/\/apc1040.com\/es\/wp-json\/wp\/v2\/types\/page"}],"author":[{"embeddable":true,"href":"https:\/\/apc1040.com\/es\/wp-json\/wp\/v2\/users\/10"}],"replies":[{"embeddable":true,"href":"https:\/\/apc1040.com\/es\/wp-json\/wp\/v2\/comments?post=6025"}],"version-history":[{"count":7,"href":"https:\/\/apc1040.com\/es\/wp-json\/wp\/v2\/pages\/6025\/revisions"}],"predecessor-version":[{"id":9760,"href":"https:\/\/apc1040.com\/es\/wp-json\/wp\/v2\/pages\/6025\/revisions\/9760"}],"wp:featuredmedia":[{"embeddable":true,"href":"https:\/\/apc1040.com\/es\/wp-json\/wp\/v2\/media\/3521"}],"wp:attachment":[{"href":"https:\/\/apc1040.com\/es\/wp-json\/wp\/v2\/media?parent=6025"}],"curies":[{"name":"wp","href":"https:\/\/api.w.org\/{rel}","templated":true}]}}