{"id":4605,"date":"2023-09-18T14:58:47","date_gmt":"2023-09-18T18:58:47","guid":{"rendered":"https:\/\/apc1040.com\/?page_id=4605"},"modified":"2024-05-13T12:45:50","modified_gmt":"2024-05-13T16:45:50","slug":"el-mejor-contador-cerca-de-mi","status":"publish","type":"page","link":"https:\/\/apc1040.com\/es\/el-mejor-contador-cerca-de-mi\/","title":{"rendered":"El mejor contador cerca de mi Akron"},"content":{"rendered":"<h2><b>Encontrar el mejor contador cerca de m\u00ed &#8211; Akron Income Tax Co<\/b><\/h2>\n<figure id=\"attachment_2448\" aria-describedby=\"caption-attachment-2448\" style=\"width: 800px\" class=\"wp-caption aligncenter\"><img decoding=\"async\" class=\"wp-image-2448 size-full\" src=\"https:\/\/apc1040.com\/wp-content\/uploads\/2022\/07\/1040-tax_return.jpg\" alt=\"Mejor Contador\" width=\"800\" height=\"534\" srcset=\"https:\/\/apc1040.com\/wp-content\/uploads\/2022\/07\/1040-tax_return.jpg 800w, https:\/\/apc1040.com\/wp-content\/uploads\/2022\/07\/1040-tax_return-300x200.jpg 300w\" sizes=\"(max-width: 800px) 100vw, 800px\" \/><figcaption id=\"caption-attachment-2448\" class=\"wp-caption-text\">Mejor Contador<\/figcaption><\/figure>\n<p><span style=\"font-weight: 400;\">\u00bfEst\u00e1 buscando al mejor contador en Akron, Ohio? No busque m\u00e1s:<\/span><a href=\"https:\/\/apc1040.com\/\"> <span style=\"font-weight: 400;\">Akron Income Tax Co<\/span><\/a>! Entendemos la importancia de encontrar los servicios de contabilidad adecuados y adaptados a las necesidades de su negocio. Es por eso que estamos aqu\u00ed para brindarle servicios de contabilidad de primer nivel en Akron, confiables y personalizados para satisfacer sus requisitos comerciales \u00fanicos.<\/p>\n<h2><b>Por qu\u00e9 elegirnos para sus necesidades contables<\/b><\/h2>\n<p><span style=\"font-weight: 400;\">Cuando se trata de administrar las finanzas de su empresa, usted merece lo mejor. He aqu\u00ed por qu\u00e9 <a href=\"https:\/\/apc1040.com\/es\/testimonios-akron-income-tax-co\/\">Akron Income Tax Co.<\/a> se destaca como la mejor opci\u00f3n para servicios de contabilidad en Akron:<\/span><\/p>\n<h3><b>Soluciones personalizadas para su negocio<\/b><\/h3>\n<p><span style=\"font-weight: 400;\">En Akron Income Tax Co., nuestros servicios de contabilidad en Akron son adecuados para todo tipo de empresas. Creemos que cada negocio es \u00fanico y estamos comprometidos a adaptar nuestros servicios para que funcionen como usted desea. Ya sea que sea una <a href=\"https:\/\/apc1040.com\/es\/contador-de-pequenas-empresas-cerca-de-mi\/\">peque\u00f1a empresa<\/a> en ciernes o una empresa bien establecida, nuestro equipo est\u00e1 preparado para crear una soluci\u00f3n personalizada que se alinee con sus requisitos y limitaciones financieras.<\/span><\/p>\n<h3><b>Servicios Integrales de Contabilidad<\/b><\/h3>\n<p><span style=\"font-weight: 400;\">Nuestro equipo de contadores profesionales con experiencia en Ohio puede administrar la contabilidad de su empresa de principio a fin. Lo cubrimos, desde manejar problemas contables complejos sin problemas hasta responder todas sus consultas relacionadas con las finanzas. Con Akron Income Tax Co, puede confiar en que sus asuntos financieros est\u00e1n en manos competentes, lo que le permitir\u00e1 concentrarse en la creaci\u00f3n de estrategias y el crecimiento.<\/span><\/p>\n<h3><b>Preparaci\u00f3n de impuestos oportuna y eficiente<\/b><\/h3>\n<p><span style=\"font-weight: 400;\">La <a href=\"https:\/\/apc1040.com\/es\/contabilidad-fiscal-cerca-de-mi\/\">contabilidad fiscal<\/a> es un aspecto fundamental de su negocio y entendemos su importancia. Por lo tanto, nuestro equipo dedicado garantiza una preparaci\u00f3n de impuestos oportuna y eficiente, manteniendo su negocio cumpliendo con las regulaciones tributarias y ayud\u00e1ndolo a maximizar sus retornos.&#8221;<\/span><\/p>\n<h2><b>Los beneficios de elegir nuestros servicios de contabilidad<\/b><\/h2>\n<p><span style=\"font-weight: 400;\">Cuando se asocia con Akron Income Tax Co, puede esperar una amplia gama de beneficios que nos distinguen como el mejor contador cerca de usted:<\/span><\/p>\n<h3><b>Atenci\u00f3n personalizada\u00a0<\/b><\/h3>\n<p><span style=\"font-weight: 400;\">Entendemos que su negocio merece atenci\u00f3n personalizada. A diferencia de las empresas grandes e impersonales, nos tomamos el tiempo para conocer su negocio al dedillo. Esto nos permite ofrecer soluciones personalizadas que se alinean con sus metas y objetivos.<\/span><\/p>\n<h3><b>Experiencia en las leyes fiscales de Ohio<\/b><\/h3>\n<p><span style=\"font-weight: 400;\">Nuestro equipo de contadores profesionales en Ohio conoce bien las complejidades de las leyes fiscales de Ohio. Nos mantenemos actualizados con los \u00faltimos cambios y regulaciones para garantizar que su empresa siga cumpliendo y minimizando las obligaciones fiscales.<\/span><\/p>\n<h3><b>Soluciones rentables<\/b><\/h3>\n<p><span style=\"font-weight: 400;\">Los servicios de contabilidad de alta calidad no deber\u00edan costarle mucho. Akron Income Tax Co. tambi\u00e9n ofrece soluciones rentables que brindan un valor excepcional para su inversi\u00f3n. Adem\u00e1s, trabajamos dentro de su presupuesto para brindarle los servicios necesarios sin gastos innecesarios.<\/span><\/p>\n<h3><b>Soporte confiable<\/b><\/h3>\n<p><span style=\"font-weight: 400;\">Puede contar con nosotros para recibir apoyo y orientaci\u00f3n continua. Ya sea que tenga alguna pregunta sobre sus estados financieros o necesite ayuda con la planificaci\u00f3n fiscal, nuestro equipo est\u00e1 aqu\u00ed para brindarle apoyo confiable en cada paso.<\/span><\/p>\n<h2><b><img decoding=\"async\" class=\"tama\u00f1o-medio wp-image-2377 aligncenter\" src=\"https:\/\/apc1040.com\/wp-content\/uploads\/2022\/06\/istockphoto-1330234595-170667a-300x200.jpg\" alt=\"Archivo Impuestos\" width=\"300\" height=\"200\" srcset=\"https:\/\/apc1040.com\/wp-content\/uploads\/2022\/06\/istockphoto-1330234595-170667a-300x200.jpg 300w, https:\/\/apc1040.com\/wp-content\/uploads\/2022\/06\/istockphoto-1330234595-170667a.jpg 508w\" sizes=\"(max-width: 300px) 100vw, 300px\" \/><\/b><\/h2>\n<h2><b>Nuestros servicios integrales<\/b><\/h2>\n<p><span style=\"font-weight: 400;\">Akron Income Tax Co es su destino \u00fanico para diversos servicios financieros. Ya sea que sea un individuo o propietario de una empresa, ellos tienen la experiencia para abordar sus necesidades financieras. Sus servicios incluyen:<\/span><\/p>\n<ul>\n<li aria-level=\"1\"><b>Preparaci\u00f3n de impuestos<\/b><span style=\"font-weight: 400;\">: <a href=\"https:\/\/apc1040.com\/es\/ron-el-recaudador-de-impuestos-completando-impuestos-desde-1982\/\">Desde declaraciones de impuestos<\/a> personales hasta declaraciones complejas de impuestos comerciales, Akron Income Tax Co tiene la experiencia y conocimiento para preparar sus impuestos de manera precisa y eficiente.<\/span><\/li>\n<li aria-level=\"1\"><b>Planificaci\u00f3n fiscal<\/b><span style=\"font-weight: 400;\">: tambi\u00e9n ofrecen servicios de planificaci\u00f3n fiscal estrat\u00e9gica para minimizar las obligaciones fiscales y maximizar las ganancias financieras.<br \/>\n<\/span><\/li>\n<li aria-level=\"1\"><b>Contabilidad y tenedur\u00eda de libros:<\/b><span style=\"font-weight: 400;\"> Sus contadores capacitados pueden ayudarlo a mantener registros financieros precisos y brindarle an\u00e1lisis financieros detallados para respaldar su toma de decisiones.<\/span><\/li>\n<li aria-level=\"1\"><b>Consultor\u00eda financiera: <\/b><span style=\"font-weight: 400;\">Akron Income Tax Co tambi\u00e9n ofrece servicios de consultor\u00eda expertos y asesoramiento financiero para ayudarle a lograr sus objetivos a largo plazo. objetivos financieros a plazo.<\/span><\/li>\n<li aria-level=\"1\"><b>Servicios para peque\u00f1as empresas<\/b><span style=\"font-weight: 400;\">: si es propietario de una empresa, tambi\u00e9n ofrecen servicios especializados adaptados a sus necesidades \u00fanicas. de peque\u00f1as empresas, incluido el procesamiento de n\u00f3minas y la planificaci\u00f3n fiscal empresarial.<\/span><\/li>\n<li aria-level=\"1\"><b>Planificaci\u00f3n de jubilaci\u00f3n y patrimonio:<\/b><span style=\"font-weight: 400;\"> Adem\u00e1s, tambi\u00e9n pueden ayudarle a planificar una jubilaci\u00f3n segura y ayudarle a crear un plan patrimonial integral para proteger sus bienes para sus seres queridos.<\/span><\/li>\n<\/ul>\n<h2><b>Nuestro compromiso con su \u00e9xito<\/b><\/h2>\n<p><span style=\"font-weight: 400;\">En Akron Income Tax Co, su \u00e9xito es nuestra principal prioridad. No somos solo una firma de contabilidad promedio, sino su socio dedicado en el camino hacia la prosperidad financiera.<\/span><\/p>\n<h3><b>Desbloquee su potencial empresarial<\/b><\/h3>\n<p><span style=\"font-weight: 400;\">Nuestros <a href=\"https:\/\/apc1040.com\/es\/lista-de-nuestros-servicios\/servicios-de-contabilidad-en-akron-oh-2\/\">servicios de contabilidad personalizados en Akron<\/a> est\u00e1n dise\u00f1ados para ayudar a que su negocio alcance mayores alturas. Con nuestra orientaci\u00f3n financiera experta, tambi\u00e9n puede desbloquear todo el potencial de su negocio y alcanzar sus objetivos de crecimiento.<\/span><\/p>\n<h3><b>Simplifique su gesti\u00f3n financiera<\/b><\/h3>\n<p><span style=\"font-weight: 400;\">Administrar las finanzas puede ser una tarea desafiante, especialmente para los propietarios de peque\u00f1as empresas. Perm\u00edtanos simplificar sus procesos de gesti\u00f3n financiera, brind\u00e1ndole m\u00e1s tiempo para concentrarse en lo que mejor sabe hacer: administrar su negocio.<\/span><\/p>\n<h3><b>Tranquilidad<\/b><\/h3>\n<p><span style=\"font-weight: 400;\">Cuando elige a Akron Income Tax Co como su contador cerca de usted, obtiene la tranquilidad de saber que sus asuntos financieros est\u00e1n en manos capaces. Eliminamos el estr\u00e9s de la gesti\u00f3n financiera y le permitimos dormir profundamente por la noche.<\/span><\/p>\n<h2><b>Industrias a las que servimos<\/b><\/h2>\n<p><span style=\"font-weight: 400;\">Entendemos que diferentes industrias tienen necesidades contables \u00fanicas. En este sentido, atendemos a una amplia gama de sectores, que incluyen:<\/span><\/p>\n<h3><b>1) Comercio minorista<\/b><\/h3>\n<p><span style=\"font-weight: 400;\">Las tareas cr\u00edticas de gesti\u00f3n de inventario, ventas y gastos son fundamentales en la industria minorista. Adem\u00e1s, nuestros servicios de contabilidad est\u00e1n meticulosamente dise\u00f1ados para proporcionar a los minoristas las herramientas que necesitan para mantener el control financiero y optimizar su rentabilidad.<\/span><\/p>\n<h3><b>2) Atenci\u00f3n sanitaria<\/b><\/h3>\n<p><span style=\"font-weight: 400;\">Las pr\u00e1cticas de atenci\u00f3n m\u00e9dica requieren una gesti\u00f3n financiera especializada debido a los complejos procesos de facturaci\u00f3n y seguros. Adem\u00e1s, nuestra experiencia en contabilidad sanitaria garantiza que su pr\u00e1ctica se mantenga financieramente saludable.<\/span><\/p>\n<h3><b>3) Bienes ra\u00edces<\/b><\/h3>\n<p><span style=\"font-weight: 400;\">Las transacciones inmobiliarias implican detalles financieros complejos. Asimismo, ayudamos a los profesionales e inversores inmobiliarios a gestionar sus carteras financieras y estrategias fiscales.<\/span><\/p>\n<h3><b>4) Fabricaci\u00f3n<\/b><\/h3>\n<p><span style=\"font-weight: 400;\">Los fabricantes enfrentan desaf\u00edos \u00fanicos en la gesti\u00f3n de costos y la eficiencia de la producci\u00f3n. De manera similar, nuestros servicios de contabilidad ayudan a los fabricantes a optimizar sus procesos financieros.&#8221;<\/span><\/p>\n<h2><b><img decoding=\"async\" class=\"tama\u00f1o-medio wp-image-4115 aligncenter\" src=\"https:\/\/apc1040.com\/wp-content\/uploads\/2023\/04\/Bus-Ad1-350x350.jpg\" alt=\"Impuestos para peque\u00f1as empresas\" width=\"350\" height=\"350\" srcset=\"https:\/\/apc1040.com\/wp-content\/uploads\/2023\/04\/Bus-Ad1-350x350.jpg 350w, https:\/\/apc1040.com\/wp-content\/uploads\/2023\/04\/Bus-Ad1-780x780.jpg 780w, https:\/\/apc1040.com\/wp-content\/uploads\/2023\/04\/Bus-Ad1-150x150.jpg 150w, https:\/\/apc1040.com\/wp-content\/uploads\/2023\/04\/Bus-Ad1-600x600.jpg 600w, https:\/\/apc1040.com\/wp-content\/uploads\/2023\/04\/Bus-Ad1-768x768.jpg 768w, https:\/\/apc1040.com\/wp-content\/uploads\/2023\/04\/Bus-Ad1.jpg 1080w\" sizes=\"(max-width: 350px) 100vw, 350px\" \/><\/b><\/h2>\n<h2><b>Testimonios de clientes<\/b><\/h2>\n<p><span style=\"font-weight: 400;\">No conf\u00ede s\u00f3lo en nuestra palabra. Esto es lo que algunos de nuestros clientes satisfechos tienen que decir sobre sus experiencias con Akron Income Tax Co:<\/span><\/p>\n<ul>\n<li aria-level=\"1\"><i><span style=\"font-weight: 400;\">James T., propietario de peque\u00f1a empresa:<\/span><\/i><span style=\"font-weight: 400;\"> &#8220;Akron Income Tax Co ha sido un socio invaluable en la administraci\u00f3n de las finanzas de mi negocio. Su experiencia y atenci\u00f3n al detalle me han ahorrado tiempo y dinero. No podr\u00eda imaginar administrar mi negocio sin ellos.&#8221;<\/span><\/li>\n<li aria-level=\"1\"><i><span style=\"font-weight: 400;\">Sarah M., Cliente individual:<\/span><\/i><span style=\"font-weight: 400;\"> &#8220;Como alguien que no tiene muchos conocimientos sobre impuestos, sol\u00eda temer la temporada de impuestos. <a href=\"https:\/\/apc1040.com\/es\/gracias\/\">Gracias<\/a> a Akron Income Tax Co, la \u00e9poca de los impuestos ahora es muy sencilla. Me han ayudado a maximizar mis ganancias y sus consejos me han puesto en un camino financiero s\u00f3lido.&#8221;<\/span><\/li>\n<li aria-level=\"1\"><span style=\"font-weight: 400;\">Jone K. &#8211; Cliente individual: &#8220;Como individuo, sol\u00eda temer la temporada de impuestos. Pero desde que comenc\u00e9 a trabajar con Akron Income Tax Co, ha sido muy f\u00e1cil. Ellos se encargan de todo., y ya no me estreso por mis impuestos.&#8221;<\/span><\/li>\n<li aria-level=\"1\"><i><span style=\"font-weight: 400;\">David K., cliente de planificaci\u00f3n financiera:<\/span><\/i><span style=\"font-weight: 400;\"> &#8220;Hab\u00eda estado luchando con mi planificaci\u00f3n de jubilaci\u00f3n hasta que consult\u00e9 a Akron Income Tax Co. Sus asesores financieros me proporcionaron una hoja de ruta clara para mis objetivos de jubilaci\u00f3n. Ahora tengo tranquilidad sobre mi futuro financiero.&#8221;<\/span><\/li>\n<\/ul>\n<h2><b>Comun\u00edquese con Akron Income Tax Co. hoy mismo.<\/b><\/h2>\n<p><span style=\"font-weight: 400;\">Si est\u00e1 buscando el mejor contador cerca de usted en Akron, Ohio, no busque m\u00e1s: Akron Income Tax Co. Nuestro equipo de profesionales dedicados est\u00e1 listo para ayudarlo con todo. sus necesidades contables y financieras. Adem\u00e1s, estamos orgullosos de ayudar a nuestros clientes a lograr el \u00e9xito financiero y estamos entusiasmados de hacer lo mismo por usted.<\/span><\/p>\n<p><span style=\"font-weight: 400;\">En conclusi\u00f3n, libere su potencial financiero con Akron Income Tax Co., su socio de confianza para todas sus necesidades contables y financieras. Estamos aqu\u00ed para ayudarlo a navegar las complejidades de las finanzas y los impuestos mientras garantizamos un futuro financiero m\u00e1s brillante para usted y su negocio.<\/span><\/p>\n<h2><b>Preguntas frecuentes<\/b><\/h2>\n<h3><b>\u00bfC\u00f3mo s\u00e9 si Akron Income Tax Co es la opci\u00f3n correcta para mi negocio?<\/b><\/h3>\n<p><span style=\"font-weight: 400;\">Akron Income Tax Co. atiende a empresas de todos los tama\u00f1os y tipos. Ofrecemos soluciones personalizadas, asegurando que nuestros servicios se alineen con sus necesidades y presupuesto. Cont\u00e1ctenos <a href=\"https:\/\/apc1040.com\/es\/contactar-con-akron-income-tax-co\/cita-para-una-consulta-fiscal-gratuita\/\">para una consulta<\/a> y determinar si somos la opci\u00f3n adecuada para su negocio.<\/span><\/p>\n<h3><b>\u00bfQu\u00e9 diferencia a Akron Income Tax Co. de otras firmas de contabilidad en Akron, Ohio?<\/b><\/h3>\n<div class=\"flex-1 overflow-hidden\">\n<div class=\"react-scroll-to-bottom--css-lcnlg-79elbk h-full\">\n<div class=\"react-scroll-to-bottom--css-lcnlg-1n7m0yu\">\n<div class=\"flex flex-col pb-9 text-sm\">\n<div class=\"w-full text-token-text-primary\" data-testid=\"conversation-turn-13\">\n<div class=\"px-4 py-2 justify-center text-base md:gap-6 m-auto\">\n<div class=\"flex flex-1 text-base mx-auto gap-3 md:px-5 lg:px-1 xl:px-5 md:max-w-3xl lg:max-w-[40rem] xl:max-w-[48rem] group final-completion\">\n<div class=\"relative flex w-full flex-col agent-turn\">\n<div class=\"flex-col gap-1 md:gap-3\">\n<div class=\"flex flex-grow flex-col max-w-full\">\n<div class=\"min-h-[20px] text-message flex flex-col items-start gap-3 whitespace-pre-wrap break-words [.text-message+&amp;]:mt-5 overflow-x-auto\" data-message-author-role=\"assistant\" data-message-id=\"97f173b4-d9be-45ec-88dc-75b2a3cb5cdc\">\n<div class=\"result-streaming markdown prose w-full break-words dark:prose-invert dark\">\n<p>En Akron Income Tax Co., nuestro compromiso con la atenci\u00f3n personalizada es la base de todo lo que hacemos. Entendemos que cada cliente es \u00fanico, con necesidades y circunstancias particulares, por lo que nos esforzamos por brindar un servicio adaptado a cada situaci\u00f3n. Nuestro equipo est\u00e1 altamente capacitado en las leyes fiscales de Ohio y est\u00e1 constantemente actualizado sobre los cambios y actualizaciones en el sistema tributario.<\/p>\n<p>Esto nos permite ofrecerle las mejores soluciones para maximizar su beneficio y cumplir con todas las regulaciones fiscales aplicables. Adem\u00e1s, nos enorgullece ofrecer servicios rentables que se ajustan a su presupuesto sin sacrificar la calidad.<\/p>\n<\/div>\n<\/div>\n<\/div>\n<\/div>\n<\/div>\n<\/div>\n<\/div>\n<\/div>\n<\/div>\n<\/div>\n<\/div>\n<\/div>\n<h3><b>\u00bfC\u00f3mo puede Akron Income Tax Co. ayudar con la preparaci\u00f3n de impuestos?<\/b><\/h3>\n<p><span style=\"font-weight: 400;\">Nuestro equipo experimentado se especializa en la preparaci\u00f3n de impuestos. Nos aseguramos de que su negocio cumpla con las regulaciones fiscales mientras maximizamos sus retornos. Con nuestra experiencia, puede confiar en que sus impuestos est\u00e1n en manos competentes.<\/span><\/p>\n<h3><b>\u00bfOfrecen soporte continuo a los clientes?<\/b><\/h3>\n<p><span style=\"font-weight: 400;\">S\u00ed, lo hacemos. Akron Income Tax Co. brinda apoyo y orientaci\u00f3n continuos a nuestros clientes. Si tiene preguntas sobre sus estados financieros o necesita ayuda con la planificaci\u00f3n fiscal, estamos aqu\u00ed para ayudarle.<\/span><\/p>\n<h3><b>\u00bfSon rentables los servicios de Akron Income Tax Co para las peque\u00f1as empresas?<\/b><\/h3>\n<p><span style=\"font-weight: 400;\">Absolutamente. Entendemos las limitaciones financieras que pueden enfrentar las peque\u00f1as empresas. Es por eso que tambi\u00e9n ofrecemos soluciones rentables que brindan un valor excepcional a su inversi\u00f3n. Trabajamos dentro de su presupuesto para brindarle los servicios que necesita sin gastos innecesarios.<\/span><\/p>\n<h2><b>Conclusi\u00f3n<\/b><\/h2>\n<p><span style=\"font-weight: 400;\">En conclusi\u00f3n,<\/span><a href=\"https:\/\/apc1040.com\/\"> <span style=\"font-weight: 400;\">Akron Income Tax Co<\/span><\/a><span style=\"font-weight: 400;\"> es su opci\u00f3n preferida cuando busca al mejor contador cerca de usted en Akron, Ohio. Nuestro compromiso de brindar soluciones personalizadas, servicios integrales y experiencia inigualable nos distingue. Adem\u00e1s, estamos aqu\u00ed para simplificar su gesti\u00f3n financiera, garantizar el cumplimiento de las leyes fiscales de Ohio y ayudar a que su negocio prospere&#8221; mejor contador Akron.<\/span><\/p>\n","protected":false},"excerpt":{"rendered":"<p>Encontrar el mejor contador cerca de m\u00ed &#8211; Akron Income Tax Co \u00bfEst\u00e1 buscando al mejor contador en Akron, Ohio? No busque m\u00e1s: Akron Income Tax Co! Entendemos la importancia de encontrar los servicios de contabilidad adecuados y adaptados a las necesidades de su negocio. Es por eso que estamos aqu\u00ed para brindarle servicios de&#8230;<\/p>\n","protected":false},"author":11,"featured_media":4385,"parent":0,"menu_order":0,"comment_status":"closed","ping_status":"closed","template":"","meta":{"_lmt_disableupdate":"no","_lmt_disable":"","_monsterinsights_skip_tracking":false,"_monsterinsights_sitenote_active":false,"_monsterinsights_sitenote_note":"","_monsterinsights_sitenote_category":0,"_uf_show_specific_survey":0,"_uf_disable_surveys":false,"footnotes":""},"class_list":["post-4605","page","type-page","status-publish","has-post-thumbnail","hentry"],"yoast_head":"<!-- This site is optimized with the Yoast SEO Premium plugin v27.3 (Yoast SEO v27.5) - https:\/\/yoast.com\/product\/yoast-seo-premium-wordpress\/ -->\n<title>El mejor contador cerca de m\u00ed: asesoramiento de expertos<\/title>\n<meta name=\"description\" content=\"Descubra por qu\u00e9 Akron Income Tax Co es la mejor opci\u00f3n para servicios de contabilidad en Akron, Ohio. \u00a1Cont\u00e1ctenos hoy\" \/>\n<meta name=\"robots\" content=\"index, follow, max-snippet:-1, max-image-preview:large, max-video-preview:-1\" \/>\n<link rel=\"canonical\" href=\"https:\/\/apc1040.com\/es\/el-mejor-contador-cerca-de-mi\/\" \/>\n<meta property=\"og:locale\" content=\"es_ES\" \/>\n<meta property=\"og:type\" content=\"article\" \/>\n<meta property=\"og:title\" content=\"El mejor contador cerca de mi Akron\" \/>\n<meta property=\"og:description\" content=\"Descubra por qu\u00e9 Akron Income Tax Co es la mejor opci\u00f3n para servicios de contabilidad en Akron, Ohio. \u00a1Cont\u00e1ctenos hoy\" \/>\n<meta property=\"og:url\" content=\"https:\/\/apc1040.com\/es\/el-mejor-contador-cerca-de-mi\/\" \/>\n<meta property=\"og:site_name\" content=\"Akron Income Tax Preparation\" \/>\n<meta property=\"article:publisher\" content=\"https:\/\/www.facebook.com\/APC1040\" \/>\n<meta property=\"article:modified_time\" content=\"2024-05-13T16:45:50+00:00\" \/>\n<meta property=\"og:image\" content=\"https:\/\/apc1040.com\/wp-content\/uploads\/2023\/05\/workerbee.png\" \/>\n\t<meta property=\"og:image:width\" content=\"1000\" \/>\n\t<meta property=\"og:image:height\" content=\"668\" \/>\n\t<meta property=\"og:image:type\" content=\"image\/png\" \/>\n<meta name=\"twitter:card\" content=\"summary_large_image\" \/>\n<meta name=\"twitter:label1\" content=\"Est. reading time\" \/>\n\t<meta name=\"twitter:data1\" content=\"9 minutes\" \/>\n<!-- \/ Yoast SEO Premium plugin. -->","yoast_head_json":{"title":"El mejor contador cerca de m\u00ed: asesoramiento de expertos","description":"Descubra por qu\u00e9 Akron Income Tax Co es la mejor opci\u00f3n para servicios de contabilidad en Akron, Ohio. \u00a1Cont\u00e1ctenos hoy","robots":{"index":"index","follow":"follow","max-snippet":"max-snippet:-1","max-image-preview":"max-image-preview:large","max-video-preview":"max-video-preview:-1"},"canonical":"https:\/\/apc1040.com\/es\/el-mejor-contador-cerca-de-mi\/","og_locale":"es_ES","og_type":"article","og_title":"El mejor contador cerca de mi Akron","og_description":"Descubra por qu\u00e9 Akron Income Tax Co es la mejor opci\u00f3n para servicios de contabilidad en Akron, Ohio. \u00a1Cont\u00e1ctenos hoy","og_url":"https:\/\/apc1040.com\/es\/el-mejor-contador-cerca-de-mi\/","og_site_name":"Akron Income Tax Preparation","article_publisher":"https:\/\/www.facebook.com\/APC1040","article_modified_time":"2024-05-13T16:45:50+00:00","og_image":[{"width":1000,"height":668,"url":"https:\/\/apc1040.com\/wp-content\/uploads\/2023\/05\/workerbee.png","type":"image\/png"}],"twitter_card":"summary_large_image","twitter_misc":{"Est. reading time":"9 minutes"},"schema":{"@context":"https:\/\/schema.org","@graph":[{"@type":"WebPage","@id":"https:\/\/apc1040.com\/es\/el-mejor-contador-cerca-de-mi\/","url":"https:\/\/apc1040.com\/es\/el-mejor-contador-cerca-de-mi\/","name":"El mejor contador cerca de m\u00ed: asesoramiento de expertos","isPartOf":{"@id":"https:\/\/apc1040.com\/es\/#website"},"primaryImageOfPage":{"@id":"https:\/\/apc1040.com\/es\/el-mejor-contador-cerca-de-mi\/#primaryimage"},"image":{"@id":"https:\/\/apc1040.com\/es\/el-mejor-contador-cerca-de-mi\/#primaryimage"},"thumbnailUrl":"https:\/\/apc1040.com\/wp-content\/uploads\/2023\/05\/workerbee.png","datePublished":"2023-09-18T18:58:47+00:00","dateModified":"2024-05-13T16:45:50+00:00","description":"Descubra por qu\u00e9 Akron Income Tax Co es la mejor opci\u00f3n para servicios de contabilidad en Akron, Ohio. \u00a1Cont\u00e1ctenos hoy","breadcrumb":{"@id":"https:\/\/apc1040.com\/es\/el-mejor-contador-cerca-de-mi\/#breadcrumb"},"inLanguage":"es","potentialAction":[{"@type":"ReadAction","target":["https:\/\/apc1040.com\/es\/el-mejor-contador-cerca-de-mi\/"]}]},{"@type":"ImageObject","inLanguage":"es","@id":"https:\/\/apc1040.com\/es\/el-mejor-contador-cerca-de-mi\/#primaryimage","url":"https:\/\/apc1040.com\/wp-content\/uploads\/2023\/05\/workerbee.png","contentUrl":"https:\/\/apc1040.com\/wp-content\/uploads\/2023\/05\/workerbee.png","width":1000,"height":668,"caption":"Small Business Accountants"},{"@type":"BreadcrumbList","@id":"https:\/\/apc1040.com\/es\/el-mejor-contador-cerca-de-mi\/#breadcrumb","itemListElement":[{"@type":"ListItem","position":1,"name":"Home","item":"https:\/\/apc1040.com\/es\/"},{"@type":"ListItem","position":2,"name":"El mejor contador cerca de mi Akron"}]},{"@type":"WebSite","@id":"https:\/\/apc1040.com\/es\/#website","url":"https:\/\/apc1040.com\/es\/","name":"Akron Income Tax Preparation","description":"Income Tax Preparation Service","publisher":{"@id":"https:\/\/apc1040.com\/es\/#organization"},"potentialAction":[{"@type":"SearchAction","target":{"@type":"EntryPoint","urlTemplate":"https:\/\/apc1040.com\/es\/?s={search_term_string}"},"query-input":{"@type":"PropertyValueSpecification","valueRequired":true,"valueName":"search_term_string"}}],"inLanguage":"es"},{"@type":"Organization","@id":"https:\/\/apc1040.com\/es\/#organization","name":"Akron Income Tax Co","url":"https:\/\/apc1040.com\/es\/","logo":{"@type":"ImageObject","inLanguage":"es","@id":"https:\/\/apc1040.com\/es\/#\/schema\/logo\/image\/","url":"https:\/\/apc1040.com\/wp-content\/uploads\/2024\/11\/income-tax-service-akron.jpg","contentUrl":"https:\/\/apc1040.com\/wp-content\/uploads\/2024\/11\/income-tax-service-akron.jpg","width":800,"height":745,"caption":"Akron Income Tax Co"},"image":{"@id":"https:\/\/apc1040.com\/es\/#\/schema\/logo\/image\/"},"sameAs":["https:\/\/www.facebook.com\/APC1040"]}]}},"amp_enabled":true,"_links":{"self":[{"href":"https:\/\/apc1040.com\/es\/wp-json\/wp\/v2\/pages\/4605","targetHints":{"allow":["GET"]}}],"collection":[{"href":"https:\/\/apc1040.com\/es\/wp-json\/wp\/v2\/pages"}],"about":[{"href":"https:\/\/apc1040.com\/es\/wp-json\/wp\/v2\/types\/page"}],"author":[{"embeddable":true,"href":"https:\/\/apc1040.com\/es\/wp-json\/wp\/v2\/users\/11"}],"replies":[{"embeddable":true,"href":"https:\/\/apc1040.com\/es\/wp-json\/wp\/v2\/comments?post=4605"}],"version-history":[{"count":0,"href":"https:\/\/apc1040.com\/es\/wp-json\/wp\/v2\/pages\/4605\/revisions"}],"wp:featuredmedia":[{"embeddable":true,"href":"https:\/\/apc1040.com\/es\/wp-json\/wp\/v2\/media\/4385"}],"wp:attachment":[{"href":"https:\/\/apc1040.com\/es\/wp-json\/wp\/v2\/media?parent=4605"}],"curies":[{"name":"wp","href":"https:\/\/api.w.org\/{rel}","templated":true}]}}