{"id":4239,"date":"2023-03-19T17:33:25","date_gmt":"2023-03-19T21:33:25","guid":{"rendered":"https:\/\/apc1040.com\/income-tax-offices\/"},"modified":"2024-05-13T11:45:03","modified_gmt":"2024-05-13T15:45:03","slug":"oficinas-de-impuesto-sobre-la-renta","status":"publish","type":"page","link":"https:\/\/apc1040.com\/es\/oficinas-de-impuesto-sobre-la-renta\/","title":{"rendered":"Oficinas de Impuesto sobre la Renta"},"content":{"rendered":"<h2><b>Oficinas de Renta con Servicios Fiscales Expertos<\/b><\/h2>\n<p><b>Akron Income Tax Co <\/b><span style=\"font-weight: 400;\">es conocido como uno de los <a href=\"https:\/\/apc1040.com\/es\/\">ingresos m\u00e1s ordenados oficinas de impuestos en Ohio<\/a>. Nuestros profesionales de impuestos brindan servicios de impuestos expertos a individuos y empresas en el estado. Cuentan con una amplia capacitaci\u00f3n y experiencia en derecho tributario, regulaciones y cumplimiento.<\/span><\/p>\n<p><span style=\"font-weight: 400;\">Ofrecemos una amplia gama de servicios de declaraci\u00f3n de impuestos, que incluyen preparaci\u00f3n de impuestos, representaci\u00f3n de auditor\u00eda, planificaci\u00f3n fiscal y resoluci\u00f3n de disputas fiscales.<\/span><\/p>\n<figure id=\"attachment_2362\" aria-describedby=\"caption-attachment-2362\" style=\"width: 300px\" class=\"wp-caption aligncenter\"><img decoding=\"async\" class=\"wp-image-2362 size-medium\" src=\"https:\/\/apc1040.com\/wp-content\/uploads\/2022\/06\/istockphoto-184878062-170667a-300x200.jpg\" alt=\"Oficina de Impuestos sobre la Renta\" width=\"300\" height=\"200\" srcset=\"https:\/\/apc1040.com\/wp-content\/uploads\/2022\/06\/istockphoto-184878062-170667a-300x200.jpg 300w, https:\/\/apc1040.com\/wp-content\/uploads\/2022\/06\/istockphoto-184878062-170667a.jpg 507w\" sizes=\"(max-width: 300px) 100vw, 300px\" \/><figcaption id=\"caption-attachment-2362\" class=\"wp-caption-text\">Oficina de Impuestos sobre la Renta<\/figcaption><\/figure>\n<p><span style=\"font-weight: 400;\">Nuestros profesionales de impuestos en <\/span><b>Akron Income Tax Co<\/b><span style=\"font-weight: 400;\">. mant\u00e9ngase actualizado con los \u00faltimos cambios en las leyes y regulaciones fiscales. Se aseguran de que los clientes reciban un asesoramiento preciso y oportuno. Tambi\u00e9n utilizamos tecnolog\u00eda avanzada como software de impuestos para agilizar la preparaci\u00f3n de impuestos. Adem\u00e1s, facilita a los clientes la presentaci\u00f3n de sus impuestos y el cumplimiento de sus obligaciones fiscales.<\/span><\/p>\n<p><span style=\"font-weight: 400;\">Entendemos c\u00f3mo juegan<\/span><b> las oficinas de impuestos sobre la renta<\/b><span style=\"font-weight: 400;\"> con servicios de impuestos expertos en Ohio un papel crucial para ayudar a las personas y las empresas. Para que puedan navegar por el complejo mundo de los impuestos y garantizar el cumplimiento de las leyes fiscales estatales y federales.<\/span><\/p>\n<p><b>\u00a1No se pierda una consulta fiscal gratuita!<\/b><\/p>\n<h2><b>Maximice sus reembolsos de impuestos: obtenga servicios expertos de preparaci\u00f3n de impuestos<\/b><\/h2>\n<p><span style=\"font-weight: 400;\">El proceso de reembolso de impuestos a menudo puede ser una experiencia agitada y estresante, especialmente para aquellos que son nuevos en el proceso de reembolso de impuestos. Sin embargo, las oficinas de impuestos de Akron Income Co cuentan con un equipo adecuado de profesionales. Que se dedica a ayudar a los contribuyentes con este proceso convenientemente. <\/span><\/p>\n<p><span style=\"font-weight: 400;\">Con <\/span><b>tarifas de preparaci\u00f3n de impuestos desde solo $120<\/b><span style=\"font-weight: 400;\">. Nuestros preparadores de impuestos se aseguran de que los clientes reciban todos los reembolsos elegibles mientras minimizan sus obligaciones tributarias.<\/span><\/p>\n<figure id=\"attachment_2071\" aria-describedby=\"caption-attachment-2071\" style=\"width: 300px\" class=\"wp-caption aligncenter\"><img decoding=\"async\" class=\"size-medium wp-image-2071\" src=\"https:\/\/apc1040.com\/wp-content\/uploads\/2022\/03\/AD120-300x202.jpg\" alt=\"servicio de preparacion de impuestos\" width=\"300\" height=\"202\" \/><figcaption id=\"caption-attachment-2071\" class=\"wp-caption-text\">servicio de preparacion de impuestos<\/figcaption><\/figure>\n<p><span style=\"font-weight: 400;\">Nuestros profesionales expertos en impuestos tienen un <\/span><b>N\u00famero de identificaci\u00f3n fiscal de preparador (PTIN),<\/b><span style=\"font-weight: 400;\"> que se requiere para preparar declaraciones de impuestos para la compensaci\u00f3n. Utilizan la \u00faltima tecnolog\u00eda para la preparaci\u00f3n de impuestos en l\u00ednea, lo que hace que el proceso sea conveniente y eficiente. Nuestros preparadores de impuestos cobran <a href=\"https:\/\/apc1040.com\/es\/nuestra-estructura-de-tarifas-del-impuesto-sobre-la-renta\/\">tarifas asequibles<\/a> que brindan un valor excepcional a nuestros clientes.<\/span><\/p>\n<p><span style=\"font-weight: 400;\">En <\/span><b>Akron Income Co<\/b><span style=\"font-weight: 400;\">, nuestros preparadores de impuestos se toman el tiempo adecuado para comprender los requisitos fiscales \u00fanicos de cada cliente. Despu\u00e9s de eso, nuestros profesionales adaptan los servicios para satisfacer sus necesidades espec\u00edficas.<\/span><\/p>\n<p><span style=\"font-weight: 400;\">Preparamos cuidadosamente las declaraciones de impuestos, asegur\u00e1ndonos de que los clientes reciban sus reembolsos lo antes posible. Sin embargo, nuestra misi\u00f3n de brindar servicios excepcionales de preparaci\u00f3n de impuestos nos ha marcado como los servicios de impuestos expertos en Ohio.<\/span><\/p>\n<p><b>Obtenga servicios de preparaci\u00f3n de impuestos a 120 $<\/b><\/p>\n<p><span style=\"font-weight: 400;\">Constantemente contratamos y capacitamos a nuevo personal. Nuestros expertos preparadores de impuestos sobre la renta tienen la experiencia para garantizar que reciba la mayor garant\u00eda de reembolso. He aqu\u00ed por qu\u00e9 nuestra experiencia fiscal es importante.<\/span><\/p>\n<h2><b>Amplia Experiencia Tributaria: M\u00e1s de 40 A\u00f1os de Experiencia en Declaraciones de Renta<\/b><\/h2>\n<p><span style=\"font-weight: 400;\">Nuestros preparadores de impuestos han estado completando declaraciones de impuestos sobre la renta desde 1982. Nos hemos encontrado con una amplia gama de situaciones fiscales y somos competentes para tratar con todas ellas.<\/span><\/p>\n<p><span style=\"font-weight: 400;\">Adem\u00e1s, nuestro experimentado equipo se asegura de que reciba la m\u00e1xima garant\u00eda de reembolso utilizando nuestro software profesional de preparaci\u00f3n de impuestos.<\/span><\/p>\n<h3><b>Experiencia y profesionalismo<\/b><\/h3>\n<p><span style=\"font-weight: 400;\">A diferencia de otras oficinas de impuestos, que contratan y capacitan a nuevas personas cada a\u00f1o, contamos con un equipo designado de preparadores de impuestos con experiencia, que utiliza el \u00faltimo software de preparaci\u00f3n de impuestos para proporcionar una declaraci\u00f3n de impuestos adecuada. .<\/span><\/p>\n<h2><b>Servicios de presentaci\u00f3n de impuestos con todo incluido: aborde tipos ilimitados de situaciones fiscales<\/b><\/h2>\n<p><span style=\"font-weight: 400;\">Presentamos todas las declaraciones de impuestos federales, incluidas las 1040 individuales, las sociedades 1065, las corporaciones 1120 S o C y las 990 sin fines de lucro. Sin embargo, algunas oficinas de impuestos ofrecen servicios de impuestos limitados, pero nosotros no. Nuestros precios son transparentes, sin cargos ocultos.<\/span><\/p>\n<h3><b>Servicios personalizados para satisfacer sus necesidades<\/b><\/h3>\n<p><span style=\"font-weight: 400;\">Tenemos opciones de servicio personalizadas para satisfacer sus necesidades y presupuesto espec\u00edficos. Nuestras oficinas de impuestos cuentan con profesionales confiables que pueden proporcionar preparaci\u00f3n de servicio completo para declaraciones de ingresos federales 1040 individuales, 1120 comerciales y 1065. Adem\u00e1s, nuestros servicios personalizados garantizan que reciba el mejor resultado posible y un mayor reembolso.<\/span><\/p>\n<h3><b>Servicios de preparaci\u00f3n de impuestos confiables: la experiencia es importante en los servicios de preparaci\u00f3n de impuestos<\/b><\/h3>\n<p><span style=\"font-weight: 400;\">Conf\u00ede en los expertos de Akron Income Tax Co. para<\/span><a href=\"https:\/\/apc1040.com\/es\/servicios-de-impuestos-baratos\/\"><span style=\"font-weight: 400;\"> preparaci\u00f3n confiable de impuestos<\/span><\/a><span style=\"font-weight: 400;\"> servicios. Nuestra amplia experiencia y conocimientos en impuestos garantizan que la declaraci\u00f3n de impuestos sea adecuada y sin errores. Ni siquiera esto, pero nuestros precios transparentes nos convierten<\/span><b>s<\/b><span style=\"font-weight: 400;\"> en la mejor opci\u00f3n para sus requisitos de preparaci\u00f3n de impuestos.<\/span><\/p>\n<h2><b>Servicios integrales de consultor\u00eda fiscal y contabilidad en Ohio<\/b><\/h2>\n<p><span style=\"font-weight: 400;\">En Akron Income Tax Co., ofrecemos una amplia variedad de servicios de consultor\u00eda fiscal y contabilidad para individuos y empresas en Ohio. Nuestro equipo de profesionales experimentados brinda orientaci\u00f3n experta en contabilidad, declaraciones de <a href=\"https:\/\/apc1040.com\/es\/servicios-de-impuestos-sobre-la-renta-mogador\/\">impuestos sobre la renta<\/a>, impuestos sobre criptomonedas y declaraciones de impuestos de peque\u00f1as y medianas empresas. Con esto, tambi\u00e9n ofrecemos servicios remotos de presentaci\u00f3n electr\u00f3nica para expatriados de Ohio. Estos son nuestros otros servicios:<\/span><\/p>\n<h3><b>Servicios de tenedur\u00eda de libros y contabilidad<\/b><\/h3>\n<p><span style=\"font-weight: 400;\">Nuestros servicios de tenedur\u00eda de libros y contabilidad ayudan a las empresas a realizar un seguimiento de sus registros financieros. Proporcionamos estados financieros oportunos y precisos que ayudan a las empresas a tomar decisiones informadas. Nuestro equipo de profesionales se asegura de que todos los registros financieros cumplan con las normas y regulaciones contables.<\/span><\/p>\n<h3><b>Preparaci\u00f3n de declaraciones de renta<\/b><\/h3>\n<p><span style=\"font-weight: 400;\">Nuestros profesionales con experiencia en impuestos brindan servicios de preparaci\u00f3n de declaraciones de impuestos sobre la renta precisos y eficientes para individuos y empresas. Nos mantenemos actualizados con las \u00faltimas leyes y regulaciones fiscales para garantizar que nuestros clientes reciban el mejor resultado posible. Garantizamos un reembolso m\u00e1ximo para nuestros clientes.<\/span><\/p>\n<h3><b>Servicios de impuestos sobre criptomonedas<\/b><\/h3>\n<p><span style=\"font-weight: 400;\">Con el auge de las criptomonedas, ofrecemos servicios especializados de consultor\u00eda fiscal relacionados con las transacciones de criptomonedas. Nuestro equipo es experto en el manejo de impuestos complicados sobre criptomonedas, incluidos los requisitos de informes y mantenimiento de registros.<\/span><\/p>\n<h3><b>Declaraciones de impuestos de peque\u00f1as y medianas empresas<\/b><\/h3>\n<p><span style=\"font-weight: 400;\">Nuestros profesionales de impuestos tienen experiencia en el manejo de peque\u00f1as y medianas empresas<\/span><span style=\"font-weight: 400;\"> declaraciones de impuestos de empresas<\/span> <span style=\"font-weight: 400;\">. Trabajamos diligentemente con nuestros clientes para garantizar que sus declaraciones de impuestos sean correctas y sin errores. Adem\u00e1s, tambi\u00e9n ofrecemos <a href=\"https:\/\/apc1040.com\/es\/servicios-de-impuestos-sobre-la-renta-kenmore-maximice-sus-ahorros-fiscales\/\">servicios de planificaci\u00f3n fiscal<\/a> para ayudar a las empresas a ahorrar dinero en impuestos.<\/span><\/p>\n<h3><b>Servicios de declaraci\u00f3n de impuestos a distancia<\/b><\/h3>\n<p><span style=\"font-weight: 400;\">Nuestros servicios de presentaci\u00f3n remota de impuestos facilitan a los clientes la presentaci\u00f3n remota de sus impuestos. Utilizamos software altamente seguro para garantizar que la informaci\u00f3n personal y financiera de nuestros clientes est\u00e9 protegida. Nuestro equipo de profesionales experimentados ayuda a los clientes a navegar por las complejidades de la declaraci\u00f3n de impuestos como expatriados.<\/span><\/p>\n<h2><b>Ventajas de Elegir Akron Income Tax Co. &#8211; Profesional en Preparaci\u00f3n de Impuestos<\/b><\/h2>\n<p><span style=\"font-weight: 400;\">Con m\u00e1s de 40 a\u00f1os de experiencia en preparaci\u00f3n de impuestos y contabilidad, nuestro equipo tiene el conocimiento y la experiencia para brindar servicios de primer nivel. Nos mantenemos actualizados con las \u00faltimas leyes y regulaciones fiscales para garantizar que nuestros clientes reciban el mejor resultado posible.<\/span><\/p>\n<h3><b>Servicios de impuestos personalizados con precios asequibles<\/b><\/h3>\n<p><span style=\"font-weight: 400;\">Brindamos servicios personalizados para satisfacer las necesidades \u00fanicas de cada uno de nuestros clientes. Nuestro equipo trabaja en estrecha colaboraci\u00f3n con los clientes para comprender sus objetivos financieros y brindar soluciones personalizadas.<\/span><\/p>\n<p><span style=\"font-weight: 400;\">Ofrecemos precios competitivos y asequibles para todos nuestros servicios. Nuestra pol\u00edtica de precios transparente garantiza que los clientes sepan exactamente lo que est\u00e1n pagando.<\/span><\/p>\n<h3><b>Servicios de preparaci\u00f3n de impuestos centrados en el cliente<\/b><\/h3>\n<p><span style=\"font-weight: 400;\">En Akron Income Tax Co. brindamos atenci\u00f3n personalizada a cada cliente. Nos enorgullecemos de nuestro compromiso de construir relaciones duraderas con nuestros clientes.<\/span><\/p>\n<p><span style=\"font-weight: 400;\">Ofrecemos servicios integrales de consultor\u00eda <a href=\"https:\/\/apc1040.com\/es\/contabilidad-fiscal-cerca-de-mi\/\">fiscal y contabilidad<\/a> a individuos y empresas en Ohio. Con nuestro profesionalismo, servicios personalizados, precios asequibles y atenci\u00f3n personalizada, ser\u00edamos la mejor opci\u00f3n para sus necesidades fiscales y contables. Cont\u00e1ctenos hoy para obtener m\u00e1s informaci\u00f3n.<\/span><\/p>\n<h2><b><img decoding=\"async\" class=\"tama\u00f1o-mediano wp-image-2364 aligncenter\" src=\"https:\/\/apc1040.com\/wp-content\/uploads\/2022\/06\/istockphoto-1126336374-170667a-1-300x200.jpg\" alt=\"Declaraciones de Impuesto sobre la Renta\" width=\"300\" height=\"200\" srcset=\"https:\/\/apc1040.com\/wp-content\/uploads\/2022\/06\/istockphoto-1126336374-170667a-1-300x200.jpg 300w, https:\/\/apc1040.com\/wp-content\/uploads\/2022\/06\/istockphoto-1126336374-170667a-1.jpg 509w\" sizes=\"(max-width: 300px) 100vw, 300px\" \/><\/b><\/h2>\n<h2><b>Preguntas frecuentes<\/b><\/h2>\n<h3><b>\u00bfPuede ir personalmente al IRS?<\/b><\/h3>\n<p><span style=\"font-weight: 400;\">S\u00ed, puede ir personalmente al IRS, pero es necesaria una cita previa.<\/span><\/p>\n<h3><b>\u00bfCu\u00e1l es el mejor lugar para declarar impuestos en l\u00ednea?<\/b><\/h3>\n<p><span style=\"font-weight: 400;\">Hay muchos mejores lugares en l\u00ednea para declarar impuestos, como el mejor software de impuestos general: TurboTax, H&amp;R Block, Cash App Taxes, el mejor software de impuestos asequible y TaxSlayer. Akron Income Tax Co. tiene los mejores precios para su preparaci\u00f3n de impuestos.<\/span><\/p>\n<h3><b>\u00bfC\u00f3mo se llama la oficina de impuestos de EE. UU.?<\/b><\/h3>\n<p><span style=\"font-weight: 400;\">La oficina de impuestos de EE. UU., conocida oficialmente como <a href=\"https:\/\/apc1040.com\/es\/income-tax-services-green-akron\/\">Servicio de Rentas<\/a> Internas (IRS), administra y hace cumplir las leyes fiscales federales de EE. UU.<\/span><\/p>\n<h3><b>\u00bfNecesitas cita previa para visitar la Agencia Tributaria?<\/b><\/h3>\n<p><span style=\"font-weight: 400;\">Puede visitar cualquier sucursal de la oficina de impuestos con una cita para obtener ayuda fiscal.<\/span><\/p>\n<h3><b>\u00bfCu\u00e1l es el mejor lugar para hacer sus impuestos?<\/b><\/h3>\n<p><b>H&amp;R Block<\/b><span style=\"font-weight: 400;\">, Jackson Hewitt, TurboTax Live y EY Tax Chat son buenas opciones para los impuestos de trabajadores por cuenta propia&#8230; Pero el <a href=\"https:\/\/apc1040.com\/es\/declaraciones-de-impuestos-sobre-la-renta-akron\/\">impuesto sobre la renta de Akron<\/a> Co. puede preparar estas devoluciones a un costo mucho m\u00e1s econ\u00f3mico que cualquier otra compa\u00f1\u00eda.<\/span><\/p>\n<h3><b>\u00bfC\u00f3mo obtengo mi informaci\u00f3n fiscal del IRS?<\/b><\/h3>\n<p><span style=\"font-weight: 400;\">Puede solicitar una transcripci\u00f3n por correo electr\u00f3nico o llamando a un servicio de transcripci\u00f3n telef\u00f3nica automatizado. <\/span><\/p>\n<h3><b>\u00a0\u00bfVale la pena acudir a un <a href=\"https:\/\/apc1040.com\/es\/preparacion-de-impuestos-cerca-de-mi\/\">preparador de impuestos<\/a>?<\/b><\/h3>\n<p><span style=\"font-weight: 400;\">Contratar a un profesional de impuestos o un preparador ser\u00e1 la mejor opci\u00f3n si tiene m\u00faltiples fuentes de ingresos. No lo ayudar\u00e1 a administrar sus impuestos, sino que tambi\u00e9n le ahorrar\u00e1 tiempo y energ\u00eda.<\/span><\/p>\n<h3><b>\u00bfCu\u00e1nto cuesta que alguien haga sus impuestos?<\/b><\/h3>\n<p><span style=\"font-weight: 400;\">En promedio, le cuesta alrededor de $323, lo que incluye preparar el Formulario 1040 con el Anexo A para detallar las deducciones personales y una declaraci\u00f3n de impuestos estatales. Nuestro costo es de solo $120 para la mayor\u00eda de las devoluciones que no tienen un negocio o una propiedad de alquiler.<\/span><\/p>\n","protected":false},"excerpt":{"rendered":"<p>Oficinas de Renta con Servicios Fiscales Expertos Akron Income Tax Co es conocido como uno de los ingresos m\u00e1s ordenados oficinas de impuestos en Ohio. Nuestros profesionales de impuestos brindan servicios de impuestos expertos a individuos y empresas en el estado. Cuentan con una amplia capacitaci\u00f3n y experiencia en derecho tributario, regulaciones y cumplimiento. Ofrecemos&#8230;<\/p>\n","protected":false},"author":10,"featured_media":2582,"parent":0,"menu_order":0,"comment_status":"closed","ping_status":"closed","template":"","meta":{"_lmt_disableupdate":"no","_lmt_disable":"","_monsterinsights_skip_tracking":false,"_monsterinsights_sitenote_active":false,"_monsterinsights_sitenote_note":"","_monsterinsights_sitenote_category":0,"_uf_show_specific_survey":0,"_uf_disable_surveys":false,"footnotes":""},"class_list":["post-4239","page","type-page","status-publish","has-post-thumbnail","hentry"],"yoast_head":"<!-- This site is optimized with the Yoast SEO Premium plugin v27.3 (Yoast SEO v27.5) - https:\/\/yoast.com\/product\/yoast-seo-premium-wordpress\/ -->\n<title>Oficinas de Impuesto sobre la Renta Ohio<\/title>\n<meta name=\"description\" content=\"\u00bfEst\u00e1 buscando oficinas de impuestos sobre la renta confiables con servicios de impuestos expertos en Ohio?\" \/>\n<meta name=\"robots\" content=\"index, follow, max-snippet:-1, max-image-preview:large, max-video-preview:-1\" \/>\n<link rel=\"canonical\" href=\"https:\/\/apc1040.com\/es\/oficinas-de-impuesto-sobre-la-renta\/\" \/>\n<meta property=\"og:locale\" content=\"es_ES\" \/>\n<meta property=\"og:type\" content=\"article\" \/>\n<meta property=\"og:title\" content=\"Oficinas de Impuesto sobre la Renta\" \/>\n<meta property=\"og:description\" content=\"\u00bfEst\u00e1 buscando oficinas de impuestos sobre la renta confiables con servicios de impuestos expertos en Ohio?\" \/>\n<meta property=\"og:url\" content=\"https:\/\/apc1040.com\/es\/oficinas-de-impuesto-sobre-la-renta\/\" \/>\n<meta property=\"og:site_name\" content=\"Akron Income Tax Preparation\" \/>\n<meta property=\"article:publisher\" content=\"https:\/\/www.facebook.com\/APC1040\" \/>\n<meta property=\"article:modified_time\" content=\"2024-05-13T15:45:03+00:00\" \/>\n<meta property=\"og:image\" content=\"https:\/\/apc1040.com\/wp-content\/uploads\/2022\/06\/istockphoto-184878062-170667a.jpg\" \/>\n\t<meta property=\"og:image:width\" content=\"507\" \/>\n\t<meta property=\"og:image:height\" content=\"338\" \/>\n\t<meta property=\"og:image:type\" content=\"image\/jpeg\" \/>\n<meta name=\"twitter:card\" content=\"summary_large_image\" \/>\n<meta name=\"twitter:label1\" content=\"Est. reading time\" \/>\n\t<meta name=\"twitter:data1\" content=\"9 minutes\" \/>\n<!-- \/ Yoast SEO Premium plugin. -->","yoast_head_json":{"title":"Oficinas de Impuesto sobre la Renta Ohio","description":"\u00bfEst\u00e1 buscando oficinas de impuestos sobre la renta confiables con servicios de impuestos expertos en Ohio?","robots":{"index":"index","follow":"follow","max-snippet":"max-snippet:-1","max-image-preview":"max-image-preview:large","max-video-preview":"max-video-preview:-1"},"canonical":"https:\/\/apc1040.com\/es\/oficinas-de-impuesto-sobre-la-renta\/","og_locale":"es_ES","og_type":"article","og_title":"Oficinas de Impuesto sobre la Renta","og_description":"\u00bfEst\u00e1 buscando oficinas de impuestos sobre la renta confiables con servicios de impuestos expertos en Ohio?","og_url":"https:\/\/apc1040.com\/es\/oficinas-de-impuesto-sobre-la-renta\/","og_site_name":"Akron Income Tax Preparation","article_publisher":"https:\/\/www.facebook.com\/APC1040","article_modified_time":"2024-05-13T15:45:03+00:00","og_image":[{"width":507,"height":338,"url":"https:\/\/apc1040.com\/wp-content\/uploads\/2022\/06\/istockphoto-184878062-170667a.jpg","type":"image\/jpeg"}],"twitter_card":"summary_large_image","twitter_misc":{"Est. reading time":"9 minutes"},"schema":{"@context":"https:\/\/schema.org","@graph":[{"@type":"WebPage","@id":"https:\/\/apc1040.com\/es\/oficinas-de-impuesto-sobre-la-renta\/","url":"https:\/\/apc1040.com\/es\/oficinas-de-impuesto-sobre-la-renta\/","name":"Oficinas de Impuesto sobre la Renta Ohio","isPartOf":{"@id":"https:\/\/apc1040.com\/es\/#website"},"primaryImageOfPage":{"@id":"https:\/\/apc1040.com\/es\/oficinas-de-impuesto-sobre-la-renta\/#primaryimage"},"image":{"@id":"https:\/\/apc1040.com\/es\/oficinas-de-impuesto-sobre-la-renta\/#primaryimage"},"thumbnailUrl":"https:\/\/apc1040.com\/wp-content\/uploads\/2022\/06\/istockphoto-184878062-170667a.jpg","datePublished":"2023-03-19T21:33:25+00:00","dateModified":"2024-05-13T15:45:03+00:00","description":"\u00bfEst\u00e1 buscando oficinas de impuestos sobre la renta confiables con servicios de impuestos expertos en Ohio?","breadcrumb":{"@id":"https:\/\/apc1040.com\/es\/oficinas-de-impuesto-sobre-la-renta\/#breadcrumb"},"inLanguage":"es","potentialAction":[{"@type":"ReadAction","target":["https:\/\/apc1040.com\/es\/oficinas-de-impuesto-sobre-la-renta\/"]}]},{"@type":"ImageObject","inLanguage":"es","@id":"https:\/\/apc1040.com\/es\/oficinas-de-impuesto-sobre-la-renta\/#primaryimage","url":"https:\/\/apc1040.com\/wp-content\/uploads\/2022\/06\/istockphoto-184878062-170667a.jpg","contentUrl":"https:\/\/apc1040.com\/wp-content\/uploads\/2022\/06\/istockphoto-184878062-170667a.jpg","width":507,"height":338,"caption":"federal tax return"},{"@type":"BreadcrumbList","@id":"https:\/\/apc1040.com\/es\/oficinas-de-impuesto-sobre-la-renta\/#breadcrumb","itemListElement":[{"@type":"ListItem","position":1,"name":"Home","item":"https:\/\/apc1040.com\/es\/"},{"@type":"ListItem","position":2,"name":"Oficinas de Impuesto sobre la Renta"}]},{"@type":"WebSite","@id":"https:\/\/apc1040.com\/es\/#website","url":"https:\/\/apc1040.com\/es\/","name":"Akron Income Tax Preparation","description":"Income Tax Preparation Service","publisher":{"@id":"https:\/\/apc1040.com\/es\/#organization"},"potentialAction":[{"@type":"SearchAction","target":{"@type":"EntryPoint","urlTemplate":"https:\/\/apc1040.com\/es\/?s={search_term_string}"},"query-input":{"@type":"PropertyValueSpecification","valueRequired":true,"valueName":"search_term_string"}}],"inLanguage":"es"},{"@type":"Organization","@id":"https:\/\/apc1040.com\/es\/#organization","name":"Akron Income Tax Co","url":"https:\/\/apc1040.com\/es\/","logo":{"@type":"ImageObject","inLanguage":"es","@id":"https:\/\/apc1040.com\/es\/#\/schema\/logo\/image\/","url":"https:\/\/apc1040.com\/wp-content\/uploads\/2024\/11\/income-tax-service-akron.jpg","contentUrl":"https:\/\/apc1040.com\/wp-content\/uploads\/2024\/11\/income-tax-service-akron.jpg","width":800,"height":745,"caption":"Akron Income Tax Co"},"image":{"@id":"https:\/\/apc1040.com\/es\/#\/schema\/logo\/image\/"},"sameAs":["https:\/\/www.facebook.com\/APC1040"]}]}},"amp_enabled":true,"_links":{"self":[{"href":"https:\/\/apc1040.com\/es\/wp-json\/wp\/v2\/pages\/4239","targetHints":{"allow":["GET"]}}],"collection":[{"href":"https:\/\/apc1040.com\/es\/wp-json\/wp\/v2\/pages"}],"about":[{"href":"https:\/\/apc1040.com\/es\/wp-json\/wp\/v2\/types\/page"}],"author":[{"embeddable":true,"href":"https:\/\/apc1040.com\/es\/wp-json\/wp\/v2\/users\/10"}],"replies":[{"embeddable":true,"href":"https:\/\/apc1040.com\/es\/wp-json\/wp\/v2\/comments?post=4239"}],"version-history":[{"count":0,"href":"https:\/\/apc1040.com\/es\/wp-json\/wp\/v2\/pages\/4239\/revisions"}],"wp:featuredmedia":[{"embeddable":true,"href":"https:\/\/apc1040.com\/es\/wp-json\/wp\/v2\/media\/2582"}],"wp:attachment":[{"href":"https:\/\/apc1040.com\/es\/wp-json\/wp\/v2\/media?parent=4239"}],"curies":[{"name":"wp","href":"https:\/\/api.w.org\/{rel}","templated":true}]}}