{"id":4234,"date":"2023-03-06T20:19:08","date_gmt":"2023-03-07T01:19:08","guid":{"rendered":"https:\/\/apc1040.com\/tax-and-accounting-services-in-ohio\/"},"modified":"2024-05-13T06:06:44","modified_gmt":"2024-05-13T10:06:44","slug":"servicios-de-impuestos-contabilidad-en-ohio","status":"publish","type":"page","link":"https:\/\/apc1040.com\/es\/servicios-de-impuestos-contabilidad-en-ohio\/","title":{"rendered":"Servicios de impuestos y contabilidad en Ohio"},"content":{"rendered":"<h2>Servicios de contabilidad fiscal en Ohio<\/h2>\n<p>\u00bfBusca servicios fiscales y contables en Ohio y tiene dificultades para declarar impuestos o para entender leyes fiscales complejas?<\/p>\n<p>Akron Income Tax Co esta aqui para ayudar! Ofrecemos los mejores servicios de contabilidad de impuestos en Akron, Mogadore , Green, Uniontown , Barberton, o cualquier otra area local cercana. Nos especializamos en la prestaci\u00f3n de servicios de impuestos dise\u00f1ados para satisfacer sus necesidades. Nuestros profesionales de impuestos de Ohio le puede ayudar con la preparaci\u00f3n de impuestos, contabilidad fiscal, contabilidad financiera, la maximizaci\u00f3n de las declaraciones de impuestos, y la presentaci\u00f3n de sus impuestos.<\/p>\n<h2>Obtenga ahora servicios de contabilidad<\/h2>\n<figure id=\"attachment_3520\" aria-describedby=\"caption-attachment-3520\" style=\"width: 450px\" class=\"wp-caption aligncenter\"><img decoding=\"async\" class=\"wp-image-3520 size-medium\" src=\"https:\/\/apc1040.com\/wp-content\/uploads\/2022\/12\/s7-scaled-1-450x305.jpeg\" alt=\"servicios fiscales y contables\" width=\"450\" height=\"305\" srcset=\"https:\/\/apc1040.com\/wp-content\/uploads\/2022\/12\/s7-scaled-1-450x305.jpeg 450w, https:\/\/apc1040.com\/wp-content\/uploads\/2022\/12\/s7-scaled-1-780x529.jpeg 780w, https:\/\/apc1040.com\/wp-content\/uploads\/2022\/12\/s7-scaled-1-600x407.jpeg 600w, https:\/\/apc1040.com\/wp-content\/uploads\/2022\/12\/s7-scaled-1-768x521.jpeg 768w, https:\/\/apc1040.com\/wp-content\/uploads\/2022\/12\/s7-scaled-1.jpeg 1920w\" sizes=\"(max-width: 450px) 100vw, 450px\" \/><figcaption id=\"caption-attachment-3520\" class=\"wp-caption-text\">servicios fiscales y contables<\/figcaption><\/figure>\n<h2>Servicio completo de contabilidad en Akron, Ohio<\/h2>\n<p>En <a href=\"https:\/\/apc1040.com\/contact-akron-income-tax\/\">Akron Income Tax<\/a> Co, entendemos que los clientes necesitan contabilidad fiscal. Es por eso que nuestros profesionales independientes ofrecen <a href=\"https:\/\/apc1040.com\/es\/servicios-de-impuestos-baratos\/\">servicios fiscales<\/a> personalizados.<\/p>\n<p>Nuestro equipo de profesionales experimentados en <a href=\"https:\/\/apc1040.com\/es\/contabilidad-fiscal-cerca-de-mi\/\">contabilidad fiscal<\/a> se mantiene al d\u00eda de las \u00faltimas leyes y normativas contables para obtener los m\u00e1ximos cr\u00e9ditos y deducciones que se merece.<\/p>\n<p>Obtenga servicios fiscales y contables.<\/p>\n<h2>Servicios fiscales para particulares y empresas<\/h2>\n<p>Hemos ayudado a numerosas personas y empresas que han estado declarando sus impuestos por su cuenta durante varios a\u00f1os. La mayor\u00eda de nuestros clientes desconoc\u00edan las ventajas que pod\u00edan reclamar y pagaban impuestos de m\u00e1s por varios miles de d\u00f3lares. Primero, revisamos las declaraciones, arreglamos varios errores, y seguimos adelante. Akron Income Tax Co. ofrece varios servicios de contabilidad fiscal:<\/p>\n<h2>Servicios de preparaci\u00f3n de impuestos en Ohio<\/h2>\n<p>Nuestro equipo de expertos puede ayudarle a sortear leyes complicadas. Nos aseguramos de que cumple todas las normas. Podemos ayudarle a preparar sus declaraciones con precisi\u00f3n y eficacia. Con nuestras soluciones de contabilidad fiscal, puede <a href=\"https:\/\/apc1040.com\/es\/deducciones-por-publicidad-y-marketing-maximizar-sus-beneficios-fiscales\/\">maximizar sus beneficios<\/a> y minimizar cualquier factura.<\/p>\n<h2>Servicios de presentaci\u00f3n sin complicaciones para Ohio<\/h2>\n<p><span style=\"font-weight: 400;\">Presentar sus impuestos puede ser un proceso agitado y lento. Nuestros profesionales pueden ayudarlo a declarar sus impuestos sin errores<\/span><b>.<\/b><span style=\"font-weight: 400;\"> Utilizamos el software y la tecnolog\u00eda m\u00e1s recientes para presentar sus declaraciones a tiempo. <\/span><\/p>\n<figure id=\"attachment_3156\" aria-describedby=\"caption-attachment-3156\" style=\"width: 450px\" class=\"wp-caption aligncenter\"><img decoding=\"async\" class=\"wp-image-3156 size-medium\" src=\"https:\/\/apc1040.com\/wp-content\/uploads\/2022\/10\/mancomputer-450x300.jpg\" alt=\"income tax service\" width=\"450\" height=\"300\" srcset=\"https:\/\/apc1040.com\/wp-content\/uploads\/2022\/10\/mancomputer-450x300.jpg 450w, https:\/\/apc1040.com\/wp-content\/uploads\/2022\/10\/mancomputer-780x520.jpg 780w, https:\/\/apc1040.com\/wp-content\/uploads\/2022\/10\/mancomputer.jpg 1125w\" sizes=\"(max-width: 450px) 100vw, 450px\" \/><figcaption id=\"caption-attachment-3156\" class=\"wp-caption-text\">servicio de impuestos sobre la renta<\/figcaption><\/figure>\n<h3><b>Servicios de impuestos de propiedad de alquiler con Pro<\/b><\/h3>\n<p><span style=\"font-weight: 400;\">Los ingresos por alquileres tambi\u00e9n est\u00e1n sujetos a impuestos federales, pero pueden complicar la preparaci\u00f3n de impuestos cerca de usted, ya que son independientes de una simple declaraci\u00f3n. Tambi\u00e9n incluye otros tipos de ingresos por alquiler, como:<\/span><\/p>\n<ul>\n<li aria-level=\"1\"><b>Renta avanzada.<\/b><\/li>\n<li aria-level=\"1\"><b>Gastos pagados por los inquilinos.<\/b><\/li>\n<li aria-level=\"1\"><b>Servicios en lugar de alquiler.<\/b><\/li>\n<li aria-level=\"1\"><b>Dep\u00f3sitos de seguridad.<\/b><\/li>\n<\/ul>\n<p><b>Deben incluirse en la devoluci\u00f3n independientemente de cu\u00e1ndo los gane.<\/b><\/p>\n<p><span style=\"font-weight: 400;\">IRS determinar\u00e1 su reembolso de acuerdo con los dos ingresos. El primero son los gastos del alquiler y el segundo de la futura venta de su propiedad de inversi\u00f3n. <\/span><\/p>\n<p><span style=\"font-weight: 400;\">Sin embargo, ser propietario de una propiedad de inversi\u00f3n es un beneficio, ya que puede obtener un reembolso de impuestos debido a la depreciaci\u00f3n de su propiedad de alquiler. Hay otros gastos deducibles a considerar, como costos de seguro, mantenimiento de la propiedad, impuestos sobre la propiedad y tarifas de HOA, todos los cuales son partes esenciales del proceso federal.<\/span><\/p>\n<p><span style=\"font-weight: 400;\">Comprender y calcular la depreciaci\u00f3n y los ingresos por inversiones sujetos a impuestos puede ser un desaf\u00edo. Necesitar\u00eda un servicio experto que comprendiera c\u00f3mo ocurre la depreciaci\u00f3n y cu\u00e1nto puede obtener de una amplia gama de reembolsos de su propiedad de inversi\u00f3n.<\/span><\/p>\n<h3><b>1040 Devoluciones:<\/b><\/h3>\n<figure id=\"attachment_2071\" aria-describedby=\"caption-attachment-2071\" style=\"width: 300px\" class=\"wp-caption aligncenter\"><img decoding=\"async\" class=\"size-medium wp-image-2071\" src=\"https:\/\/apc1040.com\/wp-content\/uploads\/2022\/03\/AD120-300x202.jpg\" alt=\"tax preparation service\" width=\"300\" height=\"202\" \/><figcaption id=\"caption-attachment-2071\" class=\"wp-caption-text\">servicio de preparacion de impuestos<\/figcaption><\/figure>\n<p><span style=\"font-weight: 400;\">Nuestros profesionales son expertos en preparar y presentar <\/span><b>1040 <\/b><span style=\"font-weight: 400;\">declaraciones para individuos. Con nuestro \u00faltimo software y principios de contabilidad para servicios de preparaci\u00f3n, la presentaci\u00f3n de declaraciones 1040 se vuelve apropiada y f\u00e1cil. Ya sea que presente una declaraci\u00f3n como persona soltera, pareja casada o cabeza de familia, podemos ofrecerle asistencia para ayudarlo a lograr el mejor reembolso de sus declaraciones y reducir sus facturas.<\/span><\/p>\n<h3><b>Devoluciones SMB:<\/b><\/h3>\n<p><span style=\"font-weight: 400;\">Como propietario de una peque\u00f1a o mediana empresa, necesita asistencia de servicio confiable para leyes dif\u00edciles. Nuestros profesionales de impuestos tienen a\u00f1os de experiencia trabajando con empresas de todos los tama\u00f1os y tipos. Nuestros servicios incluyen empresas individuales, sociedades, peque\u00f1as empresas, LLC y corporaciones. Podemos ayudarlo a preparar y presentar sus declaraciones de ingresos, reclamar cr\u00e9ditos fiscales y cumplir con las leyes federales y estatales.<\/span><\/p>\n<h3><b>Impuesto federal:<\/b><\/h3>\n<p><span style=\"font-weight: 400;\">Nuestros profesionales de contabilidad fiscal tienen una gran comprensi\u00f3n pr\u00e1ctica de las leyes federales, incluidas <\/span><b>Declaraciones de ingresos, trabajo por cuenta propia y patrimonio.<\/b><\/p>\n<p><span style=\"font-weight: 400;\">Nuestra red global de profesionales de la contabilidad fiscal lo ayuda a lidiar con las leyes problem\u00e1ticas con valiosos consejos y confirma que cumple con todos los requisitos federales. Ya sea que sea un contribuyente individual o propietario de un negocio, podemos ayudarlo a preparar y presentar adecuadamente sus declaraciones federales para reducir su factura de impuestos<\/span><b>.<\/b><\/p>\n<h3><b>1065 Devoluciones de la asociaci\u00f3n:<\/b><\/h3>\n<p><span style=\"font-weight: 400;\">Nuestros profesionales de contabilidad fiscal tienen una amplia experiencia en la preparaci\u00f3n y presentaci\u00f3n de declaraciones de sociedades 1065. Entendemos los requisitos \u00fanicos de presentaci\u00f3n de informes de las sociedades y podemos ayudarlo a maximizar sus ganancias y minimizar sus facturas. Si usted es una <\/span><b>sociedad general, sociedad limitada o sociedad de responsabilidad limitada<\/b><span style=\"font-weight: 400;\">, podemos lograr el mejor resultado y ayudarlo &lt;\/ span&gt;<b>cumplir con las leyes federales y estatales.<\/b><\/span><\/p>\n<h3><b>1120 Devoluciones corporativas:<\/b><\/h3>\n<p><span style=\"font-weight: 400;\">Como contribuyente corporativo, necesita servicios de impuestos confiables que lo ayuden a cumplir con leyes dif\u00edciles. Nuestros profesionales de contabilidad fiscal tienen a\u00f1os de experiencia trabajando con corporaciones de todos los tama\u00f1os y tipos. Podemos ayudarlo a preparar y <\/span><b>presentar sus declaraciones corporativas 1120, reclamar cr\u00e9ditos, <\/b><span style=\"font-weight: 400;\">y cumplir con las leyes de sus empresas.<\/span><\/p>\n<h4><b>Devoluciones de criptomonedas:<\/b><\/h4>\n<p><span style=\"font-weight: 400;\">Las criptomonedas se han convertido en una opci\u00f3n de inversi\u00f3n cada vez m\u00e1s popular en los \u00faltimos a\u00f1os. Sin embargo, puede ser<\/span> <span style=\"font-weight: 400;\">comprender las implicaciones de las inversiones en criptomonedas. <\/span><\/p>\n<p><span style=\"font-weight: 400;\">Tenemos amplia experiencia en la preparaci\u00f3n y presentaci\u00f3n de devoluciones de criptomonedas y podemos ayudarlo a cumplir con las leyes federales y estatales relacionadas con las inversiones en criptomonedas.<\/span><\/p>\n<h4><b>Declaraciones modificadas:<\/b><\/h4>\n<p><span style=\"font-weight: 400;\">Si necesita modificar sus declaraciones por alg\u00fan motivo, nuestros profesionales de impuestos pueden ayudarlo. Podemos revisar sus devoluciones originales e identificar cualquier error u omisi\u00f3n que deba corregirse. Luego podemos preparar y presentar declaraciones enmendadas en su nombre, asegur\u00e1ndonos de que cumpla con las leyes federales y estatales.<\/span><\/p>\n<h4><b>Declaraciones de ingresos completadas por solo $120<\/b><\/h4>\n<h4><b>(Estado, Ciudad y E Filing completamente gratis)<\/b><\/h4>\n<p><a href=\"https:\/\/apc1040.com\/es\/contactar-con-akron-income-tax-co\/\"><b>Contacte a nuestros preparadores de impuestos<\/b><\/a><span style=\"font -peso: 400;\"> hoy al (330) 733-1040 para comenzar, o visite nuestra oficina local en Akron, Ohio. Es su opci\u00f3n reunirse cara a cara o dejar sus impuestos. Nuestros profesionales de impuestos lo ayudar\u00e1n con el proceso de presentaci\u00f3n de impuestos.<\/span><\/p>\n<p><span style=\"font-weight: 400;\">\u00a1Esperamos trabajar con usted! Vis\u00edtenos en<\/span><a href=\"https:\/\/www.youtube.com\/channel\/UCKFeuElZewIVgRawG1553vQ\"> <b>YouTube<\/b><\/a><b>.<\/b><\/p>\n<h4><b>Preguntas frecuentes<\/b><\/h4>\n<h4><b>\u00bfQu\u00e9 servicios de contabilidad necesito como propietario de una peque\u00f1a empresa en Ohio?<\/b><\/h4>\n<p><span style=\"font-weight: 400;\">Como propietario de una peque\u00f1a empresa en Ohio, es probable que necesite una variedad de servicios de contabilidad financiera que incluyen contabilidad, planificaci\u00f3n, preparaci\u00f3n, procesamiento de n\u00f3mina y preparaci\u00f3n de estados financieros. Es importante trabajar con una firma de contabilidad como Akron Income Tax Co. que tiene experiencia trabajando con peque\u00f1as empresas. nuestros profesionales de contabilidad fiscal pueden ayudarlo. Podemos asegurarnos de que cumpla con las leyes estatales y federales mientras maximizamos las deducciones y los cr\u00e9ditos.<\/span><\/p>\n<h4><b>\u00bfC\u00f3mo presento mis declaraciones estatales y federales como individuo en Ohio?<\/b><\/h4>\n<p><span style=\"font-weight: 400;\">Para presentar sus declaraciones estatales y federales como individuo en Ohio, deber\u00e1 reunir todos los documentos necesarios, incluidos W-2, 1099 y cualquier otro<\/span> <b> registros de ingresos o deducciones<\/b><span style=\"font-weight: 400;\">. Tambi\u00e9n puede optar por trabajar con un profesional para sus necesidades contables a fin de garantizar la precisi\u00f3n y optimizar su situaci\u00f3n.<\/span><\/p>\n<h4><b>\u00bfCu\u00e1les son las implicaciones fiscales de invertir en propiedades en Ohio?<\/b><\/h4>\n<p><span style=\"font-weight: 400;\">Invertir en propiedades en Ohio puede tener implicaciones en la declaraci\u00f3n de impuestos, incluidos los impuestos sobre la propiedad, los impuestos sobre las ganancias de capital y las posibles deducciones por gastos relacionados con la propiedad, como reparaciones, mantenimiento e hipotecas. inter\u00e9s. Es importante trabajar con un profesional de impuestos para comprender las implicaciones espec\u00edficas de la declaraci\u00f3n de impuestos de su inversi\u00f3n inmobiliaria. Nuestros profesionales de impuestos saben c\u00f3mo maximizar los beneficios y minimizar la responsabilidad para brindarle un mejor servicio. Nuestro \u00e9xito depende de nuestra capacidad para ayudarlo a informar su situaci\u00f3n financiera peri\u00f3dicamente.<\/span><\/p>\n<h4><b>\u00bfC\u00f3mo puedo minimizar mi obligaci\u00f3n tributaria como expatriado que vive fuera de Ohio?<\/b><\/h4>\n<p><span style=\"font-weight: 400;\">Como expatriado que vive fuera de Ohio, puede estar sujeto a impuestos estadounidenses y extranjeros. Para minimizar su responsabilidad fiscal, es importante comprender su estado de residencia <a href=\"https:\/\/apc1040.com\/es\/credito-fiscal-para-vehiculos-electricos\/\">fiscal y aprovechar los cr\u00e9ditos<\/a> fiscales extranjeros mediante la utilizaci\u00f3n de tratados fiscales entre los EE. UU. y su pa\u00eds de origen. Trabajar con un profesional de impuestos con experiencia en impuestos internacionales puede ayudarlo a <\/span><b>navegar por estas complejidades.<\/b><\/p>\n<h4><b>\u00bfQu\u00e9 documentaci\u00f3n debo proporcionarle a mi preparador de impuestos para la preparaci\u00f3n y presentaci\u00f3n de impuestos?<\/b><\/h4>\n<p><span style=\"font-weight: 400;\">Para preparar y presentar sus impuestos, su preparador de impuestos necesitar\u00e1 todos los documentos necesarios, incluidos W-2, 1099 y otros <a href=\"https:\/\/apc1040.com\/es\/registro-de-impuestos-sobre-la-renta\/\">registros de impuestos sobre la renta<\/a>.<\/span> <span style=\"font-weight: 400;\">Tambi\u00e9n debe proporcionar documentaci\u00f3n de cualquier gasto o deducci\u00f3n. Planea reclamar como donaciones caritativas, gastos m\u00e9dicos o gastos comerciales. Aseg\u00farese de conservar todos los recibos y registros financieros pertinentes para respaldar sus reclamos en caso de una auditor\u00eda.<\/span><\/p>\n<h5><b>\u00bfC\u00f3mo manejo una auditor\u00eda del IRS para mis impuestos comerciales o personales en Ohio?<\/b><\/h5>\n<div class=\"ebT7ne sMVRZe\">\n<div class=\"F0pQVc\">\u200b<span class=\"jCAhz ChMk0b\"><span class=\"ryNqvb\">Si est\u00e1 sujeto a una auditor\u00eda del IRS para sus impuestos personales o comerciales de Ohio.<\/span><\/span> <span class=\"jCAhz ChMk0b\"><span class=\"ryNqvb\">Es importante trabajar con un profesional de impuestos para confirmar el cumplimiento y minimizar la responsabilidad.<\/span><\/span> <span class=\"jCAhz ChMk0b\"><span class=\"ryNqvb\">Su profesional de impuestos puede ayudarlo a comprender el proceso de auditor\u00eda.<\/span><\/span> <span class=\"jCAhz ChMk0b\"><span class=\"ryNqvb\">Primero, reunimos la documentaci\u00f3n necesaria y negociamos con el IRS en su nombre.<\/span><\/span> <span class=\"jCAhz ChMk0b\"><span class=\"ryNqvb\">Es importante responder a todas las consultas del IRS con prontitud y precisi\u00f3n para evitar sanciones y posibles acciones legales.<\/span><\/span><\/div>\n<\/div>\n","protected":false},"excerpt":{"rendered":"<p>Servicios de contabilidad fiscal en Ohio \u00bfBusca servicios fiscales y contables en Ohio y tiene dificultades para declarar impuestos o para entender leyes fiscales complejas? Akron Income Tax Co esta aqui para ayudar! Ofrecemos los mejores servicios de contabilidad de impuestos en Akron, Mogadore , Green, Uniontown , Barberton, o cualquier otra area local cercana&#8230;.<\/p>\n","protected":false},"author":10,"featured_media":3521,"parent":0,"menu_order":0,"comment_status":"closed","ping_status":"closed","template":"","meta":{"_lmt_disableupdate":"no","_lmt_disable":"","_monsterinsights_skip_tracking":false,"_monsterinsights_sitenote_active":false,"_monsterinsights_sitenote_note":"","_monsterinsights_sitenote_category":0,"_uf_show_specific_survey":0,"_uf_disable_surveys":false,"footnotes":""},"class_list":["post-4234","page","type-page","status-publish","has-post-thumbnail","hentry"],"yoast_head":"<!-- This site is optimized with the Yoast SEO Premium plugin v27.3 (Yoast SEO v27.5) - https:\/\/yoast.com\/product\/yoast-seo-premium-wordpress\/ -->\n<title>Los mejores servicios de impuestos y contabilidad en Akron<\/title>\n<meta name=\"description\" content=\"\u00a1Descubra las oficinas de impuestos mejor calificadas de Ohio! Obtenga soluciones para maximizar sus reembolsos sin estr\u00e9s.\" \/>\n<meta name=\"robots\" content=\"index, follow, max-snippet:-1, max-image-preview:large, max-video-preview:-1\" \/>\n<link rel=\"canonical\" href=\"https:\/\/apc1040.com\/es\/servicios-de-impuestos-contabilidad-en-ohio\/\" \/>\n<meta property=\"og:locale\" content=\"es_ES\" \/>\n<meta property=\"og:type\" content=\"article\" \/>\n<meta property=\"og:title\" content=\"Servicios de impuestos y contabilidad en Ohio\" \/>\n<meta property=\"og:description\" content=\"\u00a1Descubra las oficinas de impuestos mejor calificadas de Ohio! Obtenga soluciones para maximizar sus reembolsos sin estr\u00e9s.\" \/>\n<meta property=\"og:url\" content=\"https:\/\/apc1040.com\/es\/servicios-de-impuestos-contabilidad-en-ohio\/\" \/>\n<meta property=\"og:site_name\" content=\"Akron Income Tax Preparation\" \/>\n<meta property=\"article:publisher\" content=\"https:\/\/www.facebook.com\/APC1040\" \/>\n<meta property=\"article:modified_time\" content=\"2024-05-13T10:06:44+00:00\" \/>\n<meta property=\"og:image\" content=\"https:\/\/apc1040.com\/wp-content\/uploads\/2022\/12\/s7-scaled-1.jpeg\" \/>\n\t<meta property=\"og:image:width\" content=\"2560\" \/>\n\t<meta property=\"og:image:height\" content=\"1737\" \/>\n\t<meta property=\"og:image:type\" content=\"image\/jpeg\" \/>\n<meta name=\"twitter:card\" content=\"summary_large_image\" \/>\n<meta name=\"twitter:label1\" content=\"Est. reading time\" \/>\n\t<meta name=\"twitter:data1\" content=\"8 minutes\" \/>\n<!-- \/ Yoast SEO Premium plugin. -->","yoast_head_json":{"title":"Los mejores servicios de impuestos y contabilidad en Akron","description":"\u00a1Descubra las oficinas de impuestos mejor calificadas de Ohio! Obtenga soluciones para maximizar sus reembolsos sin estr\u00e9s.","robots":{"index":"index","follow":"follow","max-snippet":"max-snippet:-1","max-image-preview":"max-image-preview:large","max-video-preview":"max-video-preview:-1"},"canonical":"https:\/\/apc1040.com\/es\/servicios-de-impuestos-contabilidad-en-ohio\/","og_locale":"es_ES","og_type":"article","og_title":"Servicios de impuestos y contabilidad en Ohio","og_description":"\u00a1Descubra las oficinas de impuestos mejor calificadas de Ohio! Obtenga soluciones para maximizar sus reembolsos sin estr\u00e9s.","og_url":"https:\/\/apc1040.com\/es\/servicios-de-impuestos-contabilidad-en-ohio\/","og_site_name":"Akron Income Tax Preparation","article_publisher":"https:\/\/www.facebook.com\/APC1040","article_modified_time":"2024-05-13T10:06:44+00:00","og_image":[{"width":2560,"height":1737,"url":"https:\/\/apc1040.com\/wp-content\/uploads\/2022\/12\/s7-scaled-1.jpeg","type":"image\/jpeg"}],"twitter_card":"summary_large_image","twitter_misc":{"Est. reading time":"8 minutes"},"schema":{"@context":"https:\/\/schema.org","@graph":[{"@type":"WebPage","@id":"https:\/\/apc1040.com\/es\/servicios-de-impuestos-contabilidad-en-ohio\/","url":"https:\/\/apc1040.com\/es\/servicios-de-impuestos-contabilidad-en-ohio\/","name":"Los mejores servicios de impuestos y contabilidad en Akron","isPartOf":{"@id":"https:\/\/apc1040.com\/es\/#website"},"primaryImageOfPage":{"@id":"https:\/\/apc1040.com\/es\/servicios-de-impuestos-contabilidad-en-ohio\/#primaryimage"},"image":{"@id":"https:\/\/apc1040.com\/es\/servicios-de-impuestos-contabilidad-en-ohio\/#primaryimage"},"thumbnailUrl":"https:\/\/apc1040.com\/wp-content\/uploads\/2022\/12\/s7-scaled-1.jpeg","datePublished":"2023-03-07T01:19:08+00:00","dateModified":"2024-05-13T10:06:44+00:00","description":"\u00a1Descubra las oficinas de impuestos mejor calificadas de Ohio! Obtenga soluciones para maximizar sus reembolsos sin estr\u00e9s.","breadcrumb":{"@id":"https:\/\/apc1040.com\/es\/servicios-de-impuestos-contabilidad-en-ohio\/#breadcrumb"},"inLanguage":"es","potentialAction":[{"@type":"ReadAction","target":["https:\/\/apc1040.com\/es\/servicios-de-impuestos-contabilidad-en-ohio\/"]}]},{"@type":"ImageObject","inLanguage":"es","@id":"https:\/\/apc1040.com\/es\/servicios-de-impuestos-contabilidad-en-ohio\/#primaryimage","url":"https:\/\/apc1040.com\/wp-content\/uploads\/2022\/12\/s7-scaled-1.jpeg","contentUrl":"https:\/\/apc1040.com\/wp-content\/uploads\/2022\/12\/s7-scaled-1.jpeg","width":2560,"height":1737,"caption":"Akron Income Tax-tax accountant near me-preparadores de impuestos"},{"@type":"BreadcrumbList","@id":"https:\/\/apc1040.com\/es\/servicios-de-impuestos-contabilidad-en-ohio\/#breadcrumb","itemListElement":[{"@type":"ListItem","position":1,"name":"Home","item":"https:\/\/apc1040.com\/es\/"},{"@type":"ListItem","position":2,"name":"Servicios de impuestos y contabilidad en Ohio"}]},{"@type":"WebSite","@id":"https:\/\/apc1040.com\/es\/#website","url":"https:\/\/apc1040.com\/es\/","name":"Akron Income Tax Preparation","description":"Income Tax Preparation Service","publisher":{"@id":"https:\/\/apc1040.com\/es\/#organization"},"potentialAction":[{"@type":"SearchAction","target":{"@type":"EntryPoint","urlTemplate":"https:\/\/apc1040.com\/es\/?s={search_term_string}"},"query-input":{"@type":"PropertyValueSpecification","valueRequired":true,"valueName":"search_term_string"}}],"inLanguage":"es"},{"@type":"Organization","@id":"https:\/\/apc1040.com\/es\/#organization","name":"Akron Income Tax Co","url":"https:\/\/apc1040.com\/es\/","logo":{"@type":"ImageObject","inLanguage":"es","@id":"https:\/\/apc1040.com\/es\/#\/schema\/logo\/image\/","url":"https:\/\/apc1040.com\/wp-content\/uploads\/2024\/11\/income-tax-service-akron.jpg","contentUrl":"https:\/\/apc1040.com\/wp-content\/uploads\/2024\/11\/income-tax-service-akron.jpg","width":800,"height":745,"caption":"Akron Income Tax Co"},"image":{"@id":"https:\/\/apc1040.com\/es\/#\/schema\/logo\/image\/"},"sameAs":["https:\/\/www.facebook.com\/APC1040"]}]}},"amp_enabled":true,"_links":{"self":[{"href":"https:\/\/apc1040.com\/es\/wp-json\/wp\/v2\/pages\/4234","targetHints":{"allow":["GET"]}}],"collection":[{"href":"https:\/\/apc1040.com\/es\/wp-json\/wp\/v2\/pages"}],"about":[{"href":"https:\/\/apc1040.com\/es\/wp-json\/wp\/v2\/types\/page"}],"author":[{"embeddable":true,"href":"https:\/\/apc1040.com\/es\/wp-json\/wp\/v2\/users\/10"}],"replies":[{"embeddable":true,"href":"https:\/\/apc1040.com\/es\/wp-json\/wp\/v2\/comments?post=4234"}],"version-history":[{"count":0,"href":"https:\/\/apc1040.com\/es\/wp-json\/wp\/v2\/pages\/4234\/revisions"}],"wp:featuredmedia":[{"embeddable":true,"href":"https:\/\/apc1040.com\/es\/wp-json\/wp\/v2\/media\/3521"}],"wp:attachment":[{"href":"https:\/\/apc1040.com\/es\/wp-json\/wp\/v2\/media?parent=4234"}],"curies":[{"name":"wp","href":"https:\/\/api.w.org\/{rel}","templated":true}]}}