{"id":4229,"date":"2023-02-24T19:00:37","date_gmt":"2023-02-25T00:00:37","guid":{"rendered":"https:\/\/apc1040.com\/income-tax-filing-services-near-me\/"},"modified":"2024-05-13T05:59:00","modified_gmt":"2024-05-13T09:59:00","slug":"servicios-de-presentacion-de-impuestos-sobre-la-renta-cerca-de-mi","status":"publish","type":"page","link":"https:\/\/apc1040.com\/es\/servicios-de-presentacion-de-impuestos-sobre-la-renta-cerca-de-mi\/","title":{"rendered":"Servicios de presentaci\u00f3n de impuestos sobre la renta cerca de m\u00ed"},"content":{"rendered":"<h2><b>\u00a0Servicios de presentaci\u00f3n de impuestos sobre la renta por Tax Pros en Akron Ohio<\/b><\/h2>\n<p><span style=\"font-weight: 400;\">Ven &amp; obtenga sus servicios de declaraci\u00f3n de impuestos sobre la renta presentados correctamente con Akron Income Tax Co.\u00a0<\/span><\/p>\n<p><span style=\"font-weight: 400;\">Presente sus impuestos con la ayuda de nuestro profundo conocimiento profesional de los servicios de declaraci\u00f3n de impuestos sobre la renta para ciudadanos estadounidenses y titulares de tarjetas verdes. Estamos abiertos a ofrecer servicios de contabilidad, declaraci\u00f3n de impuestos, preparaci\u00f3n de impuestos y consulta de impuestos de <a href=\"https:\/\/apc1040.com\/es\/\">profesionales de impuestos experimentados en Ohio<\/a>. <\/span><\/p>\n<figure id=\"attachment_2071\" aria-describedby=\"caption-attachment-2071\" style=\"width: 300px\" class=\"wp-caption aligncenter\"><img decoding=\"async\" class=\"wp-image-2071 size-medium\" src=\"https:\/\/apc1040.com\/wp-content\/uploads\/2022\/03\/AD120-300x202.jpg\" alt=\"Servicio de presentaci\u00f3n de impuestos sobre la renta\" width=\"300\" height=\"202\" \/><figcaption id=\"caption-attachment-2071\" class=\"wp-caption-text\">Servicio de presentaci\u00f3n de impuestos sobre la renta<\/figcaption><\/figure>\n<p><b>\u00a1Cont\u00e1ctenos ahora!<\/b><\/p>\n<h2><b>Servicios de declaraci\u00f3n de impuestos con garant\u00eda incorporada<\/b><\/h2>\n<p><span style=\"font-weight: 400;\">Entendemos que el proceso de preparaci\u00f3n de impuestos es desalentador. Por lo tanto, nuestros preparadores de impuestos se aseguran de que todo el papeleo necesario se realice correctamente para evitar dolores de cabeza innecesarios.<\/span><\/p>\n<p><span style=\"font-weight: 400;\">Por eso es importante trabajar con alguien en quien pueda confiar, alguien que comprenda no solo los entresijos de la preparaci\u00f3n de impuestos, sino que tambi\u00e9n sepa qu\u00e9 tipo de deducciones y asignaciones est\u00e1n disponibles.&lt; \/lapso&gt;<\/span><\/p>\n<p><span style=\"font-weight: 400;\">Ah\u00ed es donde entran en juego los profesionales de impuestos de Akron Income Co. necesidades. Nos aseguraremos de utilizar las deducciones o exenciones aplicables disponibles, para que solo pague lo que sea necesario.<\/span><\/p>\n<p><span style=\"font-weight: 400;\">\u00a0<\/span><b>\u00a1Consulte hoy mismo con los profesionales de impuestos de Akron!<\/b><\/p>\n<h2><b>Akron Income Tax Co. sobresale en servicios de declaraci\u00f3n de impuestos sobre la renta con 100 % de precisi\u00f3n garantizada.<\/b><\/h2>\n<p><span style=\"font-weight: 400;\">En Akron Income Tax Co., no solo brindamos preparaci\u00f3n de impuestos del IRS: nuestros asesores fiscales se esfuerzan por hacer que todo el proceso sea m\u00e1s f\u00e1cil y conveniente para nuestros clientes. Nuestros profesionales de impuestos brindan resultados precisos con cero errores. Nos aseguramos de que pueda estar tranquilo sabiendo que sus impuestos est\u00e1n cubiertos. <\/span><\/p>\n<p><span style=\"font-weight: 400;\">Para cada peque\u00f1a empresa o individuo que busca servicios de impuestos, no hay nadie mejor que Akron Income Tax Co. No se preocupe por las tarifas, nuestros contribuyentes merecen el mejor apoyo para su preparaci\u00f3n federal a solo $120 para la mayor\u00eda de las declaraciones. Nuestro personal cuenta con una amplia especializaci\u00f3n y experiencia en servicios de Impuestos. Los clientes merecen que se respondan sus preguntas sencillas sobre c\u00f3mo preparar sus impuestos. Somos la firma que necesita para declarar impuestos, lo que les permite mantenerse actualizados sobre los \u00faltimos cambios en la ley tributaria para que nunca se pierda ninguna deducci\u00f3n o exenci\u00f3n. Esto significa que puede maximizar los ahorros de sus impuestos cada a\u00f1o cuando presente su declaraci\u00f3n.<\/span><\/p>\n<div class=\"w-full text-token-text-primary\" data-testid=\"conversation-turn-6\">\n<div class=\"px-4 py-2 justify-center text-base md:gap-6 m-auto\">\n<div class=\"flex flex-1 text-base mx-auto gap-3 md:px-5 lg:px-1 xl:px-5 md:max-w-3xl lg:max-w-[40rem] xl:max-w-[48rem] group final-completion\">\n<div class=\"relative flex w-full flex-col agent-turn\">\n<div class=\"flex-col gap-1 md:gap-3\">\n<div class=\"flex flex-grow flex-col max-w-full\">\n<div class=\"min-h-[20px] text-message flex flex-col items-start gap-3 whitespace-pre-wrap break-words [.text-message+&amp;]:mt-5 overflow-x-auto\" data-message-author-role=\"assistant\" data-message-id=\"660328f0-cfb9-4d42-94b1-d5b2c8768cd8\">\n<div class=\"markdown prose w-full break-words dark:prose-invert dark\">\n<h2>Garant\u00eda de Precisi\u00f3n al 100% en Declaraci\u00f3n de Impuestos<\/h2>\n<\/div>\n<\/div>\n<\/div>\n<\/div>\n<\/div>\n<\/div>\n<\/div>\n<\/div>\n<p><span style=\"font-weight: 400;\">Con nuestra garant\u00eda de precisi\u00f3n del 100 %, puede estar tranquilo sabiendo que incluso los servicios de declaraci\u00f3n de impuestos m\u00e1s complejos proporcionados por nosotros se completar\u00e1n con precisi\u00f3n y sin un solo error. Entendemos c\u00f3mo la preparaci\u00f3n de <a href=\"https:\/\/apc1040.com\/es\/declaraciones-de-impuestos-sobre-la-renta-akron\/\">impuestos correctamente<\/a> puede ser necesaria para individuos y empresas. Por lo tanto, nos dedicamos a brindar un servicio de primer nivel en todo momento.<\/span><\/p>\n<p><span style=\"font-weight: 400;\">Ya sea que sea un individuo o el propietario de una empresa que necesite servicios profesionales de declaraci\u00f3n de impuestos y planificaci\u00f3n fiscal, conf\u00ede en Akron Income Tax Co. Estamos aqu\u00ed para asegurarnos de que todo se solucione. con precisi\u00f3n y eficiencia para que pueda concentrarse en lo que m\u00e1s importa: hacer crecer su negocio y tener tranquilidad financiera.<\/span><\/p>\n<figure id=\"attachment_2281\" aria-describedby=\"caption-attachment-2281\" style=\"width: 300px\" class=\"wp-caption aligncenter\"><img decoding=\"async\" class=\"wp-image-2281 size-medium\" src=\"https:\/\/apc1040.com\/wp-content\/uploads\/2022\/06\/istockphoto-1350239600-170667a-300x200.jpg\" alt=\"Servicio de Impuestos\" width=\"300\" height=\"200\" srcset=\"https:\/\/apc1040.com\/wp-content\/uploads\/2022\/06\/istockphoto-1350239600-170667a-300x200.jpg 300w, https:\/\/apc1040.com\/wp-content\/uploads\/2022\/06\/istockphoto-1350239600-170667a.jpg 509w\" sizes=\"(max-width: 300px) 100vw, 300px\" \/><figcaption id=\"caption-attachment-2281\" class=\"wp-caption-text\">Servicio de Impuestos<\/figcaption><\/figure>\n<h3><b>Documentos necesarios para los servicios de declaraci\u00f3n de impuestos en Akron<\/b><\/h3>\n<p><span style=\"font-weight: 400;\">Comencemos con una gu\u00eda b\u00e1sica de preparaci\u00f3n de impuestos para ciudadanos estadounidenses o titulares de tarjetas verdes. Para comenzar su preparaci\u00f3n de impuestos en Akron, requerimos ciertos documentos antes de enviarlos.<\/span><\/p>\n<p><span style=\"font-weight: 400;\">Aqu\u00ed hay una lista de los documentos para iniciar la preparaci\u00f3n de impuestos.<\/span><\/p>\n<ul>\n<li aria-level=\"1\"><b>Prueba de identificaci\u00f3n <\/b><span style=\"font-weight: 400;\">incluye una <\/span><b>licencia de conducir v\u00e1lida o tarjeta de identificaci\u00f3n del estado.&lt;\/ b&gt;<\/b><\/li>\n<li aria-level=\"1\"><b>Informaci\u00f3n del Seguro Social<\/b><span style=\"font-weight: 400;\">: incluir\u00e1 su n\u00famero de seguro social y los n\u00fameros de los dependientes que figuran en su declaraci\u00f3n. <\/span><\/li>\n<li aria-level=\"1\"><b>Declaraciones de impuestos federales<\/b><span style=\"font-weight: 400;\"> de cada empleador deben incluir cualquier <\/span><b>W-2 y 1099 formularios <\/b><span style=\"font-weight: 400;\">que ha recibido de los empleadores.<\/span><\/li>\n<li aria-level=\"1\"><b>Registros de gastos deducibles <\/b><span style=\"font-weight: 400;\">\u2013 Para comprobar la cantidad de deducciones que reclama en sus impuestos, necesitamos &lt;\/span &gt;<b>Facturas y otros registros.<\/b><\/span><\/li>\n<li aria-level=\"1\"><b>Extractos bancarios y registros de inversi\u00f3n <\/b><span style=\"font-weight: 400;\">\u2013 Estos deben incluir todas las cuentas bancarias y de inversi\u00f3n que tenga, incluidas acciones, bonos y fondos mutuos.<\/span><\/li>\n<li aria-level=\"1\"><b>Informaci\u00f3n de la propiedad en alquiler<\/b><span style=\"font-weight: 400;\">: si posee una propiedad en alquiler, debe proporcionar pruebas de los ingresos de la propiedad, como &lt; \/span&gt;<b>recibos de alquiler o arrendamientos.<\/b><\/span><\/li>\n<li aria-level=\"1\"><b>Informaci\u00f3n de impuestos sobre la propiedad <\/b><span style=\"font-weight: 400;\">incluye documentos relacionados con los impuestos sobre la propiedad pagados durante el a\u00f1o. Para garantizar una presentaci\u00f3n precisa y maximizar sus deducciones, necesitamos estos documentos.<\/span><\/li>\n<\/ul>\n<h3><b>Viable &amp; Opciones de preparaci\u00f3n de impuestos dise\u00f1adas a la medida<\/b><\/h3>\n<p><span style=\"font-weight: 400;\">Los asesores fiscales pueden ayudarlo con el servicio que necesita para los impuestos federales. La contabilidad de peque\u00f1as empresas requer\u00eda apoyo contable adicional. Nuestra Firma puede apoyarlo con su servicio de preparaci\u00f3n.<\/span><\/p>\n<h3><b>Servicios de declaraci\u00f3n de impuestos remotos 100 % seguros para usted<\/b><\/h3>\n<p><span style=\"font-weight: 400;\">\u00bfDemasiado ocupado para archivar? <\/span><\/p>\n<p><span style=\"font-weight: 400;\">Di adi\u00f3s a los complicados formularios de impuestos federales:<\/span><b> &#8220;Servicio de archivo en el hogar&#8221; <\/b><span style=\"font-weight: 400;\">\u00a1hace que presentar sus impuestos sea muy f\u00e1cil desde la comodidad de su hogar! El IRS permite a los clientes presentar servicios de impuestos de. Manera eficiente mediante el uso de m\u00e9todos remotos. Dedique menos tiempo a preocuparse por cu\u00e1ndo puede encontrar tiempo para presentar y simplemente use nuestro servicio de preparaci\u00f3n remota.<\/span><\/p>\n<p><span style=\"font-weight: 400;\">Nuestro c\u00f3modo <a href=\"https:\/\/apc1040.com\/es\/income-tax-services-green-akron\/\">servicio remoto de presentaci\u00f3n de impuestos sobre la renta<\/a> en l\u00ednea le permite presentar sus impuestos de forma r\u00e1pida y sencilla. Despu\u00e9s de revisar su declaraci\u00f3n, presentamos sus declaraciones de impuestos federales y estatales.<\/span><\/p>\n<p><span style=\"font-weight: 400;\">No se preocupe si tiene &#8220;Alquileres&#8221; o &#8220;Negocios&#8221;: nuestro <\/span><b>Servicio File@Home <\/b><span style=\"font -peso: 400;\">puede acomodar esos archivos ahora. \u00a1En su lugar, aproveche nuestro sistema remoto de declaraci\u00f3n de impuestos sobre la renta en l\u00ednea f\u00e1cil de usar y complete esos impuestos r\u00e1pidamente!<\/span><\/p>\n<figure id=\"attachment_2326\" aria-describedby=\"caption-attachment-2326\" style=\"width: 300px\" class=\"wp-caption aligncenter\"><img decoding=\"async\" class=\"wp-image-2326 size-medium\" src=\"https:\/\/apc1040.com\/wp-content\/uploads\/2022\/06\/istockphoto-1309123898-170667a-300x200.jpg\" alt=\"Servicio de impuestos\" width=\"300\" height=\"200\" srcset=\"https:\/\/apc1040.com\/wp-content\/uploads\/2022\/06\/istockphoto-1309123898-170667a-300x200.jpg 300w, https:\/\/apc1040.com\/wp-content\/uploads\/2022\/06\/istockphoto-1309123898-170667a.jpg 509w\" sizes=\"(max-width: 300px) 100vw, 300px\" \/><figcaption id=\"caption-attachment-2326\" class=\"wp-caption-text\">Servicio de impuestos<\/figcaption><\/figure>\n<h3>Servicios de presentaci\u00f3n de declaraciones de impuestos para\u00a0clientes ocupados<\/h3>\n<p><span style=\"font-weight: 400;\">Pasa por la oficina &amp; deje sus documentos fiscales en la recepci\u00f3n. La preparaci\u00f3n de impuestos no tiene por qu\u00e9 ser dif\u00edcil. Apoyamos varios m\u00e9todos diferentes para completar sus servicios de impuestos. <\/span><\/p>\n<p><span style=\"font-weight: 400;\">\u00bfA\u00fan se pregunta c\u00f3mo funcionan los servicios de declaraci\u00f3n de impuestos sobre la renta de Akron Income Tax Co.?<\/span><\/p>\n<ul>\n<li aria-level=\"1\"><b>Re\u00fana sus documentos: <\/b><span style=\"font-weight: 400;\">Antes de utilizar nuestro servicio de declaraci\u00f3n de impuestos. Necesitar\u00e1 todos los documentos necesarios, como W2. 1099 y otros formularios relacionados con sus ingresos y deducciones.<\/span><\/li>\n<li aria-level=\"1\"><b>Prepare su declaraci\u00f3n de impuestos: <\/b><span style=\"font-weight: 400;\">Nuestros profesionales de impuestos lo ayudar\u00e1n a preparar su declaraci\u00f3n de impuestos del IRS reuniendo toda la informaci\u00f3n necesaria de usted e ingresarlo en nuestro sistema para archivarlo. Esto incluye cosas como fuentes de ingresos, deducciones, cr\u00e9ditos, etc.<\/span><\/li>\n<li aria-level=\"1\"><b>Revise y firme: <\/b><span style=\"font-weight: 400;\">Despu\u00e9s de que Tax Pros de Akron haya preparado su declaraci\u00f3n. Lo revisar\u00e1n con usted para asegurarse de que todo est\u00e9 correcto antes de cerrar la sesi\u00f3n. Agregar la informaci\u00f3n de su cuenta bancaria puede proporcionarle al. IRS la informaci\u00f3n necesaria para depositar directamente su dinero en su cuenta en l\u00ednea.<\/span><\/li>\n<li aria-level=\"1\"><b>Env\u00ede su declaraci\u00f3n:<\/b><span style=\"font-weight: 400;\"> Una vez que todo sea definitivo y est\u00e9 firmado, complete y env\u00ede su formulario de contribuyente&lt;\/span &gt;<a href=\"https:\/\/apc1040.com\/es\/formulario-de-informacion-al-contribuyente\/\"> <span style=\"font-weight: 400;\">Aqu\u00ed.<\/span>&lt;\/a &gt;<\/a><\/span><\/li>\n<\/ul>\n<h3><b>\u00a1Comience su declaraci\u00f3n de impuestos con Akron Income Co. hoy!<\/b><\/h3>\n<h3><b>Preguntas frecuentes<\/b><\/h3>\n<h3><strong>\u00a0\u00bfC\u00f3mo s\u00e9 si debo presentar una declaraci\u00f3n de impuestos estatal sobre la renta en Ohio?<\/strong><\/h3>\n<p><span style=\"font-weight: 400;\">En general, debe presentar una declaraci\u00f3n estatal de impuestos sobre la renta si fue residente de. Ohio durante todo el a\u00f1o o no residente pero obtuvo ingresos en el estado. Adem\u00e1s, si le retuvieron impuestos estatales de sus cheques de pago o si realiz\u00f3 pagos de impuestos estimados. Es posible que tambi\u00e9n deba presentar una declaraci\u00f3n de impuestos para recibir un reembolso. Ciertos umbrales de ingresos determinan si debe presentar una declaraci\u00f3n de impuestos. Puede visitar el sitio web del Departamento de Impuestos de Ohio para obtener informaci\u00f3n m\u00e1s detallada.<\/span><\/p>\n<h4><span style=\"font-weight: 400;\">\u00bfCu\u00e1ndo es la fecha l\u00edmite para presentar los impuestos estatales sobre la renta en Ohio?<\/span><\/h4>\n<p><span style=\"font-weight: 400;\">La fecha l\u00edmite para presentar los impuestos estatales sobre la renta suele ser el 15 de abril. Al igual que la fecha l\u00edmite para los impuestos federales. Sin embargo, debido a que el d\u00eda 15 es fin de semana, puede presentar sus declaraciones de impuestos el lunes posterior al d\u00eda 15.<\/span><\/p>\n<h4><span style=\"font-weight: 400;\">\u00bfQu\u00e9 formularios necesito para declarar mis impuestos estatales sobre la renta en Ohio?<\/span><\/h4>\n<p><span style=\"font-weight: 400;\">Los formularios que necesita para presentar su declaraci\u00f3n de impuestos estatales seg\u00fan su situaci\u00f3n fiscal. El Departamento de Impuestos proporciona una lista de formularios en su sitio web. Que incluye formularios para residentes, no residentes, corporaciones y residentes de parte del a\u00f1o, as\u00ed como formularios para situaciones fiscales espec\u00edficas como deducciones, cr\u00e9ditos y m\u00e1s.&lt;\/span &gt;<\/span><\/p>\n<h4><span style=\"font-weight: 400;\">\u00bfCu\u00e1les son las tasas impositivas en Ohio?<\/span><\/h4>\n<p><span style=\"font-weight: 400;\">Las tasas impositivas son progresivas, lo que significa que la. Tasa impositiva aumenta a medida que aumentan los ingresos. Para el a\u00f1o fiscal 2023, las tasas impositivas oscilan entre el 0 % y el 4,797 %, seg\u00fan el nivel de ingresos.<\/span><\/p>\n<h4><span style=\"font-weight: 400;\">\u00bfOhio ofrece cr\u00e9ditos o deducciones especiales?<\/span><\/h4>\n<p><span style=\"font-weight: 400;\">S\u00ed, Ohio ofrece una variedad de <a href=\"https:\/\/apc1040.com\/es\/deducciones-fiscales-creditos-fiscales\/\">cr\u00e9ditos y deducciones fiscales<\/a>. Algunos de los cr\u00e9ditos m\u00e1s comunes incluyen el Cr\u00e9dito Tributario por Ingreso del Trabajo. El Cr\u00e9dito por Cuidado de Hijos y Dependientes y el Cr\u00e9dito por Oportunidad Universitaria. Algunas de las deducciones m\u00e1s comunes incluyen la deducci\u00f3n del impuesto sobre la renta. La deducci\u00f3n est\u00e1ndar y la deducci\u00f3n del <a href=\"https:\/\/apc1040.com\/es\/declaracion-de-impuestos-federales-sobre-la-renta\/\">impuesto sobre la renta federal<\/a> pagado.<\/span><\/p>\n<h4><span style=\"font-weight: 400;\">\u00bfPuedo obtener ayuda de un experto para declarar mis impuestos estatales sobre la renta?<\/span><\/h4>\n<p><span style=\"font-weight: 400;\">Los expertos en <a href=\"https:\/\/apc1040.com\/es\/formularios-de-preparacion-de-impuestos-disponibles\/\">impuestos lo ayudan a usar varios recursos disponibles<\/a> para presentar su declaraci\u00f3n de impuestos estatales. El Departamento de Impuestos ofrece software de presentaci\u00f3n. De impuestos gratuito para contribuyentes elegibles, y muchos servicios comerciales de preparaci\u00f3n de impuestos pueden ayudarlo con las tarifas. Adem\u00e1s, puede buscar ayuda de un profesional de impuestos. Como un contador p\u00fablico certificado (CPA) o un agente inscrito (EA).<\/span><\/p>\n<h5><span style=\"font-weight: 400;\">\u00bfTiene una opci\u00f3n para la presentaci\u00f3n electr\u00f3nica?<\/span><\/h5>\n<p><span style=\"font-weight: 400;\">Para comodidad de nuestros clientes, tenemos una opci\u00f3n de presentaci\u00f3n electr\u00f3nica para que sus impuestos se presenten electr\u00f3nicamente Servicio de presentaci\u00f3n de impuestos sobre la renta.<\/span><\/p>\n","protected":false},"excerpt":{"rendered":"<p>\u00a0Servicios de presentaci\u00f3n de impuestos sobre la renta por Tax Pros en Akron Ohio Ven &amp; obtenga sus servicios de declaraci\u00f3n de impuestos sobre la renta presentados correctamente con Akron Income Tax Co.\u00a0 Presente sus impuestos con la ayuda de nuestro profundo conocimiento profesional de los servicios de declaraci\u00f3n de impuestos sobre la renta para&#8230;<\/p>\n","protected":false},"author":10,"featured_media":5032,"parent":0,"menu_order":0,"comment_status":"closed","ping_status":"closed","template":"","meta":{"_lmt_disableupdate":"no","_lmt_disable":"","_monsterinsights_skip_tracking":false,"_monsterinsights_sitenote_active":false,"_monsterinsights_sitenote_note":"","_monsterinsights_sitenote_category":0,"_uf_show_specific_survey":0,"_uf_disable_surveys":false,"footnotes":""},"class_list":["post-4229","page","type-page","status-publish","has-post-thumbnail","hentry"],"yoast_head":"<!-- This site is optimized with the Yoast SEO Premium plugin v27.3 (Yoast SEO v27.4) - https:\/\/yoast.com\/product\/yoast-seo-premium-wordpress\/ -->\n<title>Servicios de presentaci\u00f3n de impuestos sobre la renta Akron<\/title>\n<meta name=\"description\" content=\"Comun\u00edquese con Akron Income Co. hoy para obtener servicios garantizados de presentaci\u00f3n de impuestos sobre la renta por solo $ 120 para\" \/>\n<meta name=\"robots\" content=\"index, follow, max-snippet:-1, max-image-preview:large, max-video-preview:-1\" \/>\n<link rel=\"canonical\" href=\"https:\/\/apc1040.com\/es\/servicios-de-presentacion-de-impuestos-sobre-la-renta-cerca-de-mi\/\" \/>\n<meta property=\"og:locale\" content=\"es_ES\" \/>\n<meta property=\"og:type\" content=\"article\" \/>\n<meta property=\"og:title\" content=\"Servicios de presentaci\u00f3n de impuestos sobre la renta cerca de m\u00ed\" \/>\n<meta property=\"og:description\" content=\"Comun\u00edquese con Akron Income Co. hoy para obtener servicios garantizados de presentaci\u00f3n de impuestos sobre la renta por solo $ 120 para\" \/>\n<meta property=\"og:url\" content=\"https:\/\/apc1040.com\/es\/servicios-de-presentacion-de-impuestos-sobre-la-renta-cerca-de-mi\/\" \/>\n<meta property=\"og:site_name\" content=\"Akron Income Tax Preparation\" \/>\n<meta property=\"article:publisher\" content=\"https:\/\/www.facebook.com\/APC1040\" \/>\n<meta property=\"article:modified_time\" content=\"2024-05-13T09:59:00+00:00\" \/>\n<meta property=\"og:image\" content=\"https:\/\/apc1040.com\/wp-content\/uploads\/2023\/10\/4.png\" \/>\n\t<meta property=\"og:image:width\" content=\"1200\" \/>\n\t<meta property=\"og:image:height\" content=\"900\" \/>\n\t<meta property=\"og:image:type\" content=\"image\/png\" \/>\n<meta name=\"twitter:card\" content=\"summary_large_image\" \/>\n<meta name=\"twitter:label1\" content=\"Est. reading time\" \/>\n\t<meta name=\"twitter:data1\" content=\"9 minutes\" \/>\n<!-- \/ Yoast SEO Premium plugin. -->","yoast_head_json":{"title":"Servicios de presentaci\u00f3n de impuestos sobre la renta Akron","description":"Comun\u00edquese con Akron Income Co. hoy para obtener servicios garantizados de presentaci\u00f3n de impuestos sobre la renta por solo $ 120 para","robots":{"index":"index","follow":"follow","max-snippet":"max-snippet:-1","max-image-preview":"max-image-preview:large","max-video-preview":"max-video-preview:-1"},"canonical":"https:\/\/apc1040.com\/es\/servicios-de-presentacion-de-impuestos-sobre-la-renta-cerca-de-mi\/","og_locale":"es_ES","og_type":"article","og_title":"Servicios de presentaci\u00f3n de impuestos sobre la renta cerca de m\u00ed","og_description":"Comun\u00edquese con Akron Income Co. hoy para obtener servicios garantizados de presentaci\u00f3n de impuestos sobre la renta por solo $ 120 para","og_url":"https:\/\/apc1040.com\/es\/servicios-de-presentacion-de-impuestos-sobre-la-renta-cerca-de-mi\/","og_site_name":"Akron Income Tax Preparation","article_publisher":"https:\/\/www.facebook.com\/APC1040","article_modified_time":"2024-05-13T09:59:00+00:00","og_image":[{"width":1200,"height":900,"url":"https:\/\/apc1040.com\/wp-content\/uploads\/2023\/10\/4.png","type":"image\/png"}],"twitter_card":"summary_large_image","twitter_misc":{"Est. reading time":"9 minutes"},"schema":{"@context":"https:\/\/schema.org","@graph":[{"@type":"WebPage","@id":"https:\/\/apc1040.com\/es\/servicios-de-presentacion-de-impuestos-sobre-la-renta-cerca-de-mi\/","url":"https:\/\/apc1040.com\/es\/servicios-de-presentacion-de-impuestos-sobre-la-renta-cerca-de-mi\/","name":"Servicios de presentaci\u00f3n de impuestos sobre la renta Akron","isPartOf":{"@id":"https:\/\/apc1040.com\/es\/#website"},"primaryImageOfPage":{"@id":"https:\/\/apc1040.com\/es\/servicios-de-presentacion-de-impuestos-sobre-la-renta-cerca-de-mi\/#primaryimage"},"image":{"@id":"https:\/\/apc1040.com\/es\/servicios-de-presentacion-de-impuestos-sobre-la-renta-cerca-de-mi\/#primaryimage"},"thumbnailUrl":"https:\/\/apc1040.com\/wp-content\/uploads\/2023\/10\/4.png","datePublished":"2023-02-25T00:00:37+00:00","dateModified":"2024-05-13T09:59:00+00:00","description":"Comun\u00edquese con Akron Income Co. hoy para obtener servicios garantizados de presentaci\u00f3n de impuestos sobre la renta por solo $ 120 para","breadcrumb":{"@id":"https:\/\/apc1040.com\/es\/servicios-de-presentacion-de-impuestos-sobre-la-renta-cerca-de-mi\/#breadcrumb"},"inLanguage":"es","potentialAction":[{"@type":"ReadAction","target":["https:\/\/apc1040.com\/es\/servicios-de-presentacion-de-impuestos-sobre-la-renta-cerca-de-mi\/"]}]},{"@type":"ImageObject","inLanguage":"es","@id":"https:\/\/apc1040.com\/es\/servicios-de-presentacion-de-impuestos-sobre-la-renta-cerca-de-mi\/#primaryimage","url":"https:\/\/apc1040.com\/wp-content\/uploads\/2023\/10\/4.png","contentUrl":"https:\/\/apc1040.com\/wp-content\/uploads\/2023\/10\/4.png","width":1200,"height":900,"caption":"Income Tax Preparation"},{"@type":"BreadcrumbList","@id":"https:\/\/apc1040.com\/es\/servicios-de-presentacion-de-impuestos-sobre-la-renta-cerca-de-mi\/#breadcrumb","itemListElement":[{"@type":"ListItem","position":1,"name":"Home","item":"https:\/\/apc1040.com\/es\/"},{"@type":"ListItem","position":2,"name":"Servicios de presentaci\u00f3n de impuestos sobre la renta cerca de m\u00ed"}]},{"@type":"WebSite","@id":"https:\/\/apc1040.com\/es\/#website","url":"https:\/\/apc1040.com\/es\/","name":"Akron Income Tax Preparation","description":"Income Tax Preparation Service","publisher":{"@id":"https:\/\/apc1040.com\/es\/#organization"},"potentialAction":[{"@type":"SearchAction","target":{"@type":"EntryPoint","urlTemplate":"https:\/\/apc1040.com\/es\/?s={search_term_string}"},"query-input":{"@type":"PropertyValueSpecification","valueRequired":true,"valueName":"search_term_string"}}],"inLanguage":"es"},{"@type":"Organization","@id":"https:\/\/apc1040.com\/es\/#organization","name":"Akron Income Tax Co","url":"https:\/\/apc1040.com\/es\/","logo":{"@type":"ImageObject","inLanguage":"es","@id":"https:\/\/apc1040.com\/es\/#\/schema\/logo\/image\/","url":"https:\/\/apc1040.com\/wp-content\/uploads\/2024\/11\/income-tax-service-akron.jpg","contentUrl":"https:\/\/apc1040.com\/wp-content\/uploads\/2024\/11\/income-tax-service-akron.jpg","width":800,"height":745,"caption":"Akron Income Tax Co"},"image":{"@id":"https:\/\/apc1040.com\/es\/#\/schema\/logo\/image\/"},"sameAs":["https:\/\/www.facebook.com\/APC1040"]}]}},"amp_enabled":true,"_links":{"self":[{"href":"https:\/\/apc1040.com\/es\/wp-json\/wp\/v2\/pages\/4229","targetHints":{"allow":["GET"]}}],"collection":[{"href":"https:\/\/apc1040.com\/es\/wp-json\/wp\/v2\/pages"}],"about":[{"href":"https:\/\/apc1040.com\/es\/wp-json\/wp\/v2\/types\/page"}],"author":[{"embeddable":true,"href":"https:\/\/apc1040.com\/es\/wp-json\/wp\/v2\/users\/10"}],"replies":[{"embeddable":true,"href":"https:\/\/apc1040.com\/es\/wp-json\/wp\/v2\/comments?post=4229"}],"version-history":[{"count":0,"href":"https:\/\/apc1040.com\/es\/wp-json\/wp\/v2\/pages\/4229\/revisions"}],"wp:featuredmedia":[{"embeddable":true,"href":"https:\/\/apc1040.com\/es\/wp-json\/wp\/v2\/media\/5032"}],"wp:attachment":[{"href":"https:\/\/apc1040.com\/es\/wp-json\/wp\/v2\/media?parent=4229"}],"curies":[{"name":"wp","href":"https:\/\/api.w.org\/{rel}","templated":true}]}}