{"id":4226,"date":"2023-02-20T09:59:08","date_gmt":"2023-02-20T14:59:08","guid":{"rendered":"https:\/\/apc1040.com\/income-tax-office-services\/"},"modified":"2024-05-13T06:04:15","modified_gmt":"2024-05-13T10:04:15","slug":"servicios-de-oficina-de-impuestos-sobre-la-renta","status":"publish","type":"page","link":"https:\/\/apc1040.com\/es\/servicios-de-oficina-de-impuestos-sobre-la-renta\/","title":{"rendered":"Servicios de Oficina de Impuestos sobre la Renta"},"content":{"rendered":"<h2><b>Buscando profesionales de la oficina local de impuestos sobre la renta Preparaci\u00f3n y amp; Servicios de planificaci\u00f3n en Ohio<\/b><\/h2>\n<p><span style=\"font-weight: 400;\">\u00bfEst\u00e1 buscando profesionales de la oficina local de impuestos sobre la renta y servicios de preparaci\u00f3n y planificaci\u00f3n en Akron, Ohio?<\/span><\/p>\n<p><span style=\"font-weight: 400;\">Deje que Akron Income Tax Co. simplifique su preparaci\u00f3n y planificaci\u00f3n de impuestos. Nuestros experimentados <a href=\"https:\/\/apc1040.com\/es\/\">profesionales fiscales<\/a> hacen que la presentaci\u00f3n de sus declaraciones sea f\u00e1cil y eficiente, para que pueda completarlas de forma r\u00e1pida y precisa. Obtenga el m\u00e1ximo reembolso de impuestos posible con nuestra asistencia.<\/span><\/p>\n<p><span style=\"font-weight: 400;\">Brindamos servicios integrales de impuestos para ayudarlo a navegar el complejo proceso de presentar sus <\/span><b>impuestos anuales<\/b><span style=\"font-weight: 400;\">.<\/span><\/p>\n<p><span style=\"font-weight: 400;\">Desde preparar sus <\/span><b>declaraciones de impuestos hasta identificar deducciones, cr\u00e9ditos, exenciones y otras formas de maximizar sus reembolsos,<\/b><span style=\"font-weight: 400;\"> tenemos la experiencia y los conocimientos para ayudarlo en cada paso del camino.<\/span><\/p>\n<p><a href=\"https:\/\/apc1040.com\/es\/\"><b>Cont\u00e1ctenos<\/b><\/a><b> hoy para asegurarse de que sus impuestos est\u00e9n en orden!<\/b><\/p>\n<h2><b>Visite Akron Income Tax Co. para obtener servicios profesionales de preparaci\u00f3n de la oficina de impuestos sobre la renta<\/b><\/h2>\n<p><span style=\"font-weight: 400;\">Ciertamente puede contar con Akron Income Tax Co. para obtener ayuda con los impuestos para expatriados y servicios de expertos. Comencemos con los profesionales de impuestos experimentados que trabajan en nuestra oficina para presentar sus declaraciones de impuestos sobre la renta federales y estatales en Akron, Ohio con nosotros. \u00a1Comun\u00edquese con nosotros ahora!<\/span><\/p>\n<h3><b>Presentaci\u00f3n de impuestos sobre la renta simplificada con Akron<\/b><\/h3>\n<p><span style=\"font-weight: 400;\">\u00a1Visitar la <a href=\"https:\/\/apc1040.com\/es\/oficinas-de-impuesto-sobre-la-renta\/\">oficina de impuestos sobre la renta<\/a> no tiene que ser una tarea desalentadora! En <a href=\"https:\/\/apc1040.com\/es\/testimonios-akron-income-tax-co\/\">Akron Income Tax Co.<\/a>, estamos aqu\u00ed para hacer que el proceso de declaraci\u00f3n de impuestos sea lo m\u00e1s f\u00e1cil y libre de estr\u00e9s posible.<\/span><\/p>\n<p><span style=\"font-weight: 400;\">Nuestros CPA experimentados y agentes inscritos pueden ayudarlo a navegar las complejidades de presentar sus declaraciones de impuestos de sociedad (Formulario 1065). Nos encargaremos de cada paso, desde la recopilaci\u00f3n de documentos hasta el asesoramiento sobre las deducciones.<\/span><\/p>\n<p><span style=\"font-weight: 400;\">Con nuestro servicio de devoluci\u00f3n, debe reunir sus documentos fiscales y entregarlos en nuestra oficina local. Perm\u00edtanos encargarnos del resto para que pueda disfrutar de la tranquilidad de saber que sus impuestos est\u00e1n en buenas manos. \u00a1Elimine las molestias de la temporada de impuestos con Akron Income Tax Co.!<\/span><\/p>\n<h2><b>\u00bfQu\u00e9 preparaci\u00f3n de la oficina de impuestos sobre la renta &amp; \u00bfSe ofrecen los servicios del plan?<\/b><\/h2>\n<p><span style=\"font-weight: 400;\">En Akron Income Tax Co., ofrecemos una amplia gama de servicios para satisfacer las necesidades de sus declaraciones de impuestos. Tambi\u00e9n ayudamos a los contribuyentes de peque\u00f1as y medianas empresas a preparar sus declaraciones e identificar deducciones, cr\u00e9ditos, exenciones y otras formas de maximizar su reembolso. Adem\u00e1s, estaremos encantados de responder cualquier pregunta que pueda surgir durante el proceso.<\/span><\/p>\n<p><b>\u00a1Organ\u00edcese para la pr\u00f3xima temporada de impuestos con Akron Income Tax Co.!<\/b><\/p>\n<p><span style=\"font-weight: 400;\">Entendemos lo dif\u00edcil que puede ser declarar impuestos. Nuestros expertos est\u00e1n aqu\u00ed para guiarlo en cada paso del camino. Esto es lo que hacemos:<\/span><\/p>\n<h2><b>Planificaci\u00f3n de la Oficina de Renta<\/b><\/h2>\n<p><span style=\"font-weight: 400;\">\u00a1Aproveche al m\u00e1ximo sus impuestos con el asesoramiento personalizado de nuestros expertos de Akron Income Tax Co.!<\/span><\/p>\n<p><span style=\"font-weight: 400;\">Trabajaremos con usted para encontrar la mejor manera de declarar sus impuestos e identificar deducciones y cr\u00e9ditos para ayudarlo a maximizar su reembolso. Nuestro equipo de profesionales experimentados puede guiar la <a href=\"https:\/\/apc1040.com\/es\/la-planificacion-fiscal-eficaz-minimiza-los-impuestos\/\">planificaci\u00f3n fiscal<\/a> tanto para individuos como para empresas, asegur\u00e1ndose de que obtenga el m\u00e1ximo provecho de sus impuestos.<\/span><\/p>\n<h2><b>Presentaci\u00f3n del Impuesto sobre la Renta<\/b><\/h2>\n<p><span style=\"font-weight: 400;\">\u00a1No se preocupe por declarar sus impuestos cuando Akron Income Tax Co. lo tiene cubierto! Ofrecemos presentaciones electr\u00f3nicas o en papel para diversas situaciones, incluidos los ingresos del trabajo por cuenta propia, las declaraciones corregidas y las declaraciones enmendadas. Para manejar todo correctamente, nuestro equipo se mantiene actualizado sobre las \u00faltimas leyes y regulaciones fiscales.<\/span><\/p>\n<h2><b>Devoluciones de impuestos<\/b><\/h2>\n<p><span style=\"font-weight: 400;\">Perm\u00edtanos ayudarlo a presentar sus reembolsos de impuestos para que pueda recuperar su dinero adeudado. \u00a1Trabajaremos con el IRS en su nombre para asegurarnos de que todo salga bien y que obtenga lo que se merece lo m\u00e1s r\u00e1pido posible! Manejamos todas las necesidades de su oficina de impuestos sobre la renta adecuadamente.<\/span><\/p>\n<p><b>Cont\u00e1ctenos hoy &#8211; \u00a1Perm\u00edtanos ayudarlo!<\/b><\/p>\n<h2><b>Documentos que necesita para los impuestos:<\/b><\/h2>\n<ul>\n<li style=\"font-weight: 400;\" aria-level=\"1\"><span style=\"font-weight: 400;\">Formularios de impuestos est\u00e1ndar y declaraciones de deducci\u00f3n:<\/span>\n<ol>\n<li style=\"font-weight: 400;\" aria-level=\"2\"><span style=\"font-weight: 400;\">Formularios W-2 para sueldos, salarios y propinas<\/span><\/li>\n<li style=\"font-weight: 400;\" aria-level=\"2\"><span style=\"font-weight: 400;\">Declaraciones que pueden resultar evidencia de apoyo para deducir intereses hipotecarios, impuestos y contribuciones caritativas (incluido cualquier Formulario 1098-C)&lt;\/span &gt;<\/span><\/li>\n<li style=\"font-weight: 400;\" aria-level=\"2\"><span style=\"font-weight: 400;\">Una copia de su declaraci\u00f3n de impuestos sobre la renta de EE. UU. del \u00faltimo a\u00f1o<\/span><\/li>\n<\/ol>\n<\/li>\n<li style=\"font-weight: 400;\" aria-level=\"1\"><span style=\"font-weight: 400;\">Formularios de impuestos extranjeros, extractos bancarios y viajes:<\/span>\n<ol>\n<li style=\"font-weight: 400;\" aria-level=\"2\"><span style=\"font-weight: 400;\">Declaraciones de salarios en el extranjero (si corresponde)<\/span><\/li>\n<li style=\"font-weight: 400;\" aria-level=\"2\"><span style=\"font-weight: 400;\">Una copia de su declaraci\u00f3n de impuestos del pa\u00eds extranjero (si corresponde)<\/span><\/li>\n<li style=\"font-weight: 400;\" aria-level=\"2\"><span style=\"font-weight: 400;\">Valores m\u00e1ximos de todas las cuentas bancarias o financieras extranjeras mantenidas durante el a\u00f1o<\/span><\/li>\n<li style=\"font-weight: 400;\" aria-level=\"2\"><span style=\"font-weight: 400;\">Una lista de fechas de viaje a EE. UU. y cualquier otro pa\u00eds<\/span><\/li>\n<\/ol>\n<\/li>\n<li style=\"font-weight: 400;\" aria-level=\"1\"><span style=\"font-weight: 400;\">Declaraciones de ingresos o avisos adicionales:<\/span>\n<ol>\n<li style=\"font-weight: 400;\" aria-level=\"2\"><span style=\"font-weight: 400;\">Todos los formularios 1099 utilizados para intereses de pr\u00e9stamos, dividendos, jubilaci\u00f3n, ingresos diversos, reembolsos locales o estatales del Seguro Social, ganancias de apuestas, etc.&lt;\/ intervalo&gt;<\/span><\/li>\n<li style=\"font-weight: 400;\" aria-level=\"2\"><span style=\"font-weight: 400;\">Declaraciones de corretaje que muestren transacciones de inversi\u00f3n en acciones, bonos, etc.<\/span><\/li>\n<li style=\"font-weight: 400;\" aria-level=\"2\"><span style=\"font-weight: 400;\">Anexos K-1 de sociedades, corporaciones S, sucesiones y fideicomisos.<\/span><\/li>\n<li aria-level=\"2\"><span style=\"font-weight: 400;\">Cualquier aviso fiscal que le haya enviado el IRS u otra autoridad fiscal.<\/span><\/li>\n<\/ol>\n<\/li>\n<\/ul>\n<h2><b>\u00bfPor qu\u00e9 elegir Akron Income Tax Co. para la preparaci\u00f3n y preparaci\u00f3n de impuestos? \u00bfPlanificaciones?<\/b><\/h2>\n<p><span style=\"font-weight: 400;\">En<\/span><a href=\"https:\/\/apc1040.com\/es\/\"><span style=\"font-weight: 400;\"> Renta de Akron Tax Co<\/span><\/a><span style=\"font-weight: 400;\">., nos enorgullece ser uno de los mejores preparadores de impuestos en el \u00e1rea. Nuestro equipo calificado de contadores p\u00fablicos certificados (CPA) y agentes registrados (EA) brindan ayuda fiscal experta, incluso para casos complejos. Estas son algunas de las razones por las que deber\u00eda elegirnos:<\/span><\/p>\n<p><b>Consulta gratuita:<\/b><\/p>\n<p><span style=\"font-weight: 400;\">Ofrecemos una consulta gratuita para que pueda analizar su situaci\u00f3n fiscal con nosotros y ver c\u00f3mo podemos ayudarlo. Esta es una reuni\u00f3n sin presiones y no hay obligaci\u00f3n de usar nuestros servicios despu\u00e9s.<\/span><\/p>\n<p><b>Precios asequibles:<\/b><\/p>\n<p><span style=\"font-weight: 400;\">La preparaci\u00f3n de impuestos de calidad debe ser accesible para todos, por eso ofrecemos tarifas competitivas.<\/span><\/p>\n<p><b>Servicio R\u00e1pido y Eficiente:<\/b><\/p>\n<p><span style=\"font-weight: 400;\">Priorizamos la velocidad y la eficiencia al declarar impuestos para que pueda volver a su vida r\u00e1pidamente.<\/span><\/p>\n<p><b>Precisi\u00f3n garantizada:<\/b><\/p>\n<p><span style=\"font-weight: 400;\">Garantizamos precisi\u00f3n en cada devoluci\u00f3n que completamos y corregiremos cualquier error de forma gratuita.<\/span><\/p>\n<p><b>Satisfacci\u00f3n garantizada:<\/b><\/p>\n<p><span style=\"font-weight: 400;\">Nos esforzamos por lograr la satisfacci\u00f3n del cliente al 100 % en todos los servicios prestados.<\/span><\/p>\n<h2><b>Servicios de oficina de impuestos sobre la renta de Akron Income Tax Co.: comprender, presentar y maximizar sus formularios de impuestos<\/b><\/h2>\n<p><span style=\"font-weight: 400;\">Desde comprender los conceptos b\u00e1sicos de la declaraci\u00f3n de impuestos hasta navegar por formularios complejos, nuestro equipo experimentado est\u00e1 aqu\u00ed para ayudarlo con sus necesidades de impuestos.<\/span><\/p>\n<p><span style=\"font-weight: 400;\">Ya sea una declaraci\u00f3n individual o corporativa, nos aseguraremos de que aproveche al m\u00e1ximo sus formularios de impuestos.<\/span><\/p>\n<h3><b>Modelo 1040 Declaraciones de la Oficina del Impuesto sobre la Renta de las Personas F\u00edsicas<\/b><\/h3>\n<p><span style=\"font-weight: 400;\">En Akron Income Tax Co., nos especializamos en ayudarlo a completar su declaraci\u00f3n de impuestos sobre la renta individual. El Formulario 1040, tambi\u00e9n conocido como Declaraci\u00f3n de impuestos sobre la renta de personas f\u00edsicas de EE. UU., es un formulario que usamos para reportar la informaci\u00f3n financiera de una persona y calcular cu\u00e1nto debe pagar en impuestos.<\/span><\/p>\n<p><span style=\"font-weight: 400;\">Nuestro experimentado equipo de CPA y EA puede ayudarlo a ahorrar tiempo y aprovechar al m\u00e1ximo su declaraci\u00f3n de impuestos. Brindamos servicios integrales para el Formulario 1040, desde comprender los conceptos b\u00e1sicos hasta navegar por formularios complejos.<\/span><\/p>\n<p><span style=\"font-weight: 400;\">\u00a1Con Akron Income Tax Co., presentamos sus declaraciones de impuestos correctamente y a tiempo!<\/span><\/p>\n<h3><b>Declaraciones de impuestos comerciales (Formularios 1120 y 1120S)<\/b><\/h3>\n<p><span style=\"font-weight: 400;\">En Akron Income Tax Co., nos especializamos en ayudarlo con las declaraciones de impuestos comerciales. Nuestro experimentado equipo de CPA y EA puede ayudarlo a presentar el Formulario 1120 y el Formulario 1120S correctamente. Completar estos formularios puede ser complejo y llevar mucho tiempo, pero con nuestra orientaci\u00f3n, nos aseguraremos de que los impuestos de su empresa se presenten correctamente y lo ayudaremos a simplificar el proceso.<\/span><\/p>\n<p><span style=\"font-weight: 400;\">Nuestros servicios incluyen consejos sobre qu\u00e9 formularios usar, ayuda para comprender las diferentes secciones del formulario, orientaci\u00f3n sobre deducciones, cr\u00e9ditos fiscales y m\u00e1s.<\/span><\/p>\n<h3><b>Declaraciones de impuestos de sociedades (Formulario 1065)<\/b><\/h3>\n<p><span style=\"font-weight: 400;\">En Akron Income Tax Co., nos especializamos en ayudarlo a presentar su declaraci\u00f3n de impuestos de sociedad. El formulario 1065 es para informar los ingresos, las deducciones, las ganancias y las p\u00e9rdidas de una sociedad para prop\u00f3sitos de <a href=\"https:\/\/apc1040.com\/es\/declaracion-de-impuestos-federales-sobre-la-renta\/\">impuestos federales<\/a>.<\/span><\/p>\n<p><span style=\"font-weight: 400;\">Presentar este formulario correctamente puede ser complejo y llevar mucho tiempo, pero nuestro experimentado equipo de CPA y EA puede ayudarlo a simplificar el proceso y asegurarse de que los impuestos de su sociedad se presenten correctamente.&lt; \/lapso&gt;<\/span><\/p>\n<p><span style=\"font-weight: 400;\">Nuestros <a href=\"https:\/\/apc1040.com\/es\/servicios-de-presentacion-de-impuestos-sobre-la-renta-cerca-de-mi\/\">servicios incluyen asesoramiento sobre los requisitos de presentaci\u00f3n<\/a>, ayuda para comprender las diferentes secciones del formulario, orientaci\u00f3n sobre deducciones, cr\u00e9ditos fiscales y m\u00e1s.<\/span><\/p>\n<h2><b>Preguntas frecuentes<\/b><\/h2>\n<h3><b>\u00bfC\u00f3mo puedo preparar mejor mis declaraciones de impuestos?<\/b><\/h3>\n<p><span style=\"font-weight: 400;\">Es importante mantenerse organizado al preparar y presentar sus declaraciones de impuestos. Aseg\u00farese de recopilar todos los documentos necesarios, como W-2, 1099, recibos de deducciones y otros documentos de respaldo. Tambi\u00e9n debe consultar con su contador o CPA si tiene alguna pregunta sobre c\u00f3mo preparar o presentar sus declaraciones.<\/span><\/p>\n<h3><b>\u00bfCu\u00e1les son los plazos para la declaraci\u00f3n de impuestos?<\/b><\/h3>\n<p><span style=\"font-weight: 400;\">Por lo general, la fecha l\u00edmite para presentar la declaraci\u00f3n de impuestos federales es el 15 de abril de cada a\u00f1o, pero esto puede cambiar de un estado a otro. Consulte con su oficina local de ingresos para obtener m\u00e1s informaci\u00f3n.<\/span><\/p>\n<h3><b>\u00bfNecesito contratar un contador o CPA?<\/b><\/h3>\n<p><span style=\"font-weight: 400;\">Eso depende de la complejidad de sus <a href=\"https:\/\/apc1040.com\/es\/formularios-de-preparacion-de-impuestos-disponibles\/\">impuestos y la cantidad de tiempo que tenga disponible<\/a> para prepararlos. Si no conf\u00eda en su capacidad para completar los formularios con precisi\u00f3n o si tiene una situaci\u00f3n financiera complicada, puede valer la pena contratar a un contador o CPA con experiencia en la preparaci\u00f3n de impuestos.<\/span><\/p>\n<h3><b>\u00bfQu\u00e9 tipos de deducciones fiscales debo considerar?<\/b><\/h3>\n<p><span style=\"font-weight: 400;\">Muchos tipos de deducciones est\u00e1n disponibles seg\u00fan las circunstancias individuales y los requisitos de elegibilidad. Algunos comunes incluyen la deducci\u00f3n de intereses hipotecarios, la deducci\u00f3n de intereses de pr\u00e9stamos estudiantiles, la deducci\u00f3n de donaciones ben\u00e9ficas y el uso comercial de la deducci\u00f3n de gastos de vivienda. Es una buena idea consultar a un asesor financiero para obtener m\u00e1s <a href=\"https:\/\/apc1040.com\/es\/informacion-sobre-beneficiarios-reales-boi\/\">informaci\u00f3n sobre<\/a> qu\u00e9 deducciones podr\u00edan aplicarse a usted.<\/span><\/p>\n<h3><b>\u00bfPuedo obtener ayuda de una oficina de impuestos sobre la renta?<\/b><\/h3>\n<p><span style=\"font-weight: 400;\">Muchas oficinas gubernamentales locales brindan asistencia con los servicios de preparaci\u00f3n y planificaci\u00f3n de impuestos sobre la renta a trav\u00e9s de servicios dedicados como VITA (Asistencia voluntaria en impuestos sobre la renta) o TCE (Asesoramiento fiscal para personas mayores).&lt;\/span &gt;<\/span><\/p>\n<h3><b>\u00bfHay algo m\u00e1s que deba hacer cuando se trata de la planificaci\u00f3n del impuesto sobre la renta?<\/b><\/h3>\n<p><span style=\"font-weight: 400;\">\u00a1S\u00ed! Siempre es una buena idea revisar su situaci\u00f3n financiera regularmente durante el a\u00f1o para que pueda hacer ajustes.<\/span><\/p>\n","protected":false},"excerpt":{"rendered":"<p>Buscando profesionales de la oficina local de impuestos sobre la renta Preparaci\u00f3n y amp; Servicios de planificaci\u00f3n en Ohio \u00bfEst\u00e1 buscando profesionales de la oficina local de impuestos sobre la renta y servicios de preparaci\u00f3n y planificaci\u00f3n en Akron, Ohio? Deje que Akron Income Tax Co. simplifique su preparaci\u00f3n y planificaci\u00f3n de impuestos. Nuestros experimentados&#8230;<\/p>\n","protected":false},"author":10,"featured_media":4399,"parent":0,"menu_order":0,"comment_status":"closed","ping_status":"closed","template":"","meta":{"_lmt_disableupdate":"no","_lmt_disable":"","_monsterinsights_skip_tracking":false,"_monsterinsights_sitenote_active":false,"_monsterinsights_sitenote_note":"","_monsterinsights_sitenote_category":0,"_uf_show_specific_survey":0,"_uf_disable_surveys":false,"footnotes":""},"class_list":["post-4226","page","type-page","status-publish","has-post-thumbnail","hentry"],"yoast_head":"<!-- This site is optimized with the Yoast SEO Premium plugin v27.3 (Yoast SEO v27.4) - https:\/\/yoast.com\/product\/yoast-seo-premium-wordpress\/ -->\n<title>Servicios de la Oficina de Impuestos sobre la Renta cerca de m\u00ed<\/title>\n<meta name=\"description\" content=\"Oficina de Impuestos sobre la Renta: Cont\u00e1ctenos hoy para obtener el mejor servicio de declaraci\u00f3n de impuestos sobre la renta\" \/>\n<meta name=\"robots\" content=\"index, follow, max-snippet:-1, max-image-preview:large, max-video-preview:-1\" \/>\n<link rel=\"canonical\" href=\"https:\/\/apc1040.com\/es\/servicios-de-oficina-de-impuestos-sobre-la-renta\/\" \/>\n<meta property=\"og:locale\" content=\"es_ES\" \/>\n<meta property=\"og:type\" content=\"article\" \/>\n<meta property=\"og:title\" content=\"Servicios de Oficina de Impuestos sobre la Renta\" \/>\n<meta property=\"og:description\" content=\"Oficina de Impuestos sobre la Renta: Cont\u00e1ctenos hoy para obtener el mejor servicio de declaraci\u00f3n de impuestos sobre la renta\" \/>\n<meta property=\"og:url\" content=\"https:\/\/apc1040.com\/es\/servicios-de-oficina-de-impuestos-sobre-la-renta\/\" \/>\n<meta property=\"og:site_name\" content=\"Akron Income Tax Preparation\" \/>\n<meta property=\"article:publisher\" content=\"https:\/\/www.facebook.com\/APC1040\" \/>\n<meta property=\"article:modified_time\" content=\"2024-05-13T10:04:15+00:00\" \/>\n<meta property=\"og:image\" content=\"https:\/\/apc1040.com\/wp-content\/uploads\/2023\/06\/tax-forms.png\" \/>\n\t<meta property=\"og:image:width\" content=\"1000\" \/>\n\t<meta property=\"og:image:height\" content=\"662\" \/>\n\t<meta property=\"og:image:type\" content=\"image\/png\" \/>\n<meta name=\"twitter:card\" content=\"summary_large_image\" \/>\n<meta name=\"twitter:label1\" content=\"Est. reading time\" \/>\n\t<meta name=\"twitter:data1\" content=\"8 minutes\" \/>\n<!-- \/ Yoast SEO Premium plugin. -->","yoast_head_json":{"title":"Servicios de la Oficina de Impuestos sobre la Renta cerca de m\u00ed","description":"Oficina de Impuestos sobre la Renta: Cont\u00e1ctenos hoy para obtener el mejor servicio de declaraci\u00f3n de impuestos sobre la renta","robots":{"index":"index","follow":"follow","max-snippet":"max-snippet:-1","max-image-preview":"max-image-preview:large","max-video-preview":"max-video-preview:-1"},"canonical":"https:\/\/apc1040.com\/es\/servicios-de-oficina-de-impuestos-sobre-la-renta\/","og_locale":"es_ES","og_type":"article","og_title":"Servicios de Oficina de Impuestos sobre la Renta","og_description":"Oficina de Impuestos sobre la Renta: Cont\u00e1ctenos hoy para obtener el mejor servicio de declaraci\u00f3n de impuestos sobre la renta","og_url":"https:\/\/apc1040.com\/es\/servicios-de-oficina-de-impuestos-sobre-la-renta\/","og_site_name":"Akron Income Tax Preparation","article_publisher":"https:\/\/www.facebook.com\/APC1040","article_modified_time":"2024-05-13T10:04:15+00:00","og_image":[{"width":1000,"height":662,"url":"https:\/\/apc1040.com\/wp-content\/uploads\/2023\/06\/tax-forms.png","type":"image\/png"}],"twitter_card":"summary_large_image","twitter_misc":{"Est. reading time":"8 minutes"},"schema":{"@context":"https:\/\/schema.org","@graph":[{"@type":"WebPage","@id":"https:\/\/apc1040.com\/es\/servicios-de-oficina-de-impuestos-sobre-la-renta\/","url":"https:\/\/apc1040.com\/es\/servicios-de-oficina-de-impuestos-sobre-la-renta\/","name":"Servicios de la Oficina de Impuestos sobre la Renta cerca de m\u00ed","isPartOf":{"@id":"https:\/\/apc1040.com\/es\/#website"},"primaryImageOfPage":{"@id":"https:\/\/apc1040.com\/es\/servicios-de-oficina-de-impuestos-sobre-la-renta\/#primaryimage"},"image":{"@id":"https:\/\/apc1040.com\/es\/servicios-de-oficina-de-impuestos-sobre-la-renta\/#primaryimage"},"thumbnailUrl":"https:\/\/apc1040.com\/wp-content\/uploads\/2023\/06\/tax-forms.png","datePublished":"2023-02-20T14:59:08+00:00","dateModified":"2024-05-13T10:04:15+00:00","description":"Oficina de Impuestos sobre la Renta: Cont\u00e1ctenos hoy para obtener el mejor servicio de declaraci\u00f3n de impuestos sobre la renta","breadcrumb":{"@id":"https:\/\/apc1040.com\/es\/servicios-de-oficina-de-impuestos-sobre-la-renta\/#breadcrumb"},"inLanguage":"es","potentialAction":[{"@type":"ReadAction","target":["https:\/\/apc1040.com\/es\/servicios-de-oficina-de-impuestos-sobre-la-renta\/"]}]},{"@type":"ImageObject","inLanguage":"es","@id":"https:\/\/apc1040.com\/es\/servicios-de-oficina-de-impuestos-sobre-la-renta\/#primaryimage","url":"https:\/\/apc1040.com\/wp-content\/uploads\/2023\/06\/tax-forms.png","contentUrl":"https:\/\/apc1040.com\/wp-content\/uploads\/2023\/06\/tax-forms.png","width":1000,"height":662,"caption":"Filing Tax return"},{"@type":"BreadcrumbList","@id":"https:\/\/apc1040.com\/es\/servicios-de-oficina-de-impuestos-sobre-la-renta\/#breadcrumb","itemListElement":[{"@type":"ListItem","position":1,"name":"Home","item":"https:\/\/apc1040.com\/es\/"},{"@type":"ListItem","position":2,"name":"Servicios de Oficina de Impuestos sobre la Renta"}]},{"@type":"WebSite","@id":"https:\/\/apc1040.com\/es\/#website","url":"https:\/\/apc1040.com\/es\/","name":"Akron Income Tax Preparation","description":"Income Tax Preparation Service","publisher":{"@id":"https:\/\/apc1040.com\/es\/#organization"},"potentialAction":[{"@type":"SearchAction","target":{"@type":"EntryPoint","urlTemplate":"https:\/\/apc1040.com\/es\/?s={search_term_string}"},"query-input":{"@type":"PropertyValueSpecification","valueRequired":true,"valueName":"search_term_string"}}],"inLanguage":"es"},{"@type":"Organization","@id":"https:\/\/apc1040.com\/es\/#organization","name":"Akron Income Tax Co","url":"https:\/\/apc1040.com\/es\/","logo":{"@type":"ImageObject","inLanguage":"es","@id":"https:\/\/apc1040.com\/es\/#\/schema\/logo\/image\/","url":"https:\/\/apc1040.com\/wp-content\/uploads\/2024\/11\/income-tax-service-akron.jpg","contentUrl":"https:\/\/apc1040.com\/wp-content\/uploads\/2024\/11\/income-tax-service-akron.jpg","width":800,"height":745,"caption":"Akron Income Tax Co"},"image":{"@id":"https:\/\/apc1040.com\/es\/#\/schema\/logo\/image\/"},"sameAs":["https:\/\/www.facebook.com\/APC1040"]}]}},"amp_enabled":true,"_links":{"self":[{"href":"https:\/\/apc1040.com\/es\/wp-json\/wp\/v2\/pages\/4226","targetHints":{"allow":["GET"]}}],"collection":[{"href":"https:\/\/apc1040.com\/es\/wp-json\/wp\/v2\/pages"}],"about":[{"href":"https:\/\/apc1040.com\/es\/wp-json\/wp\/v2\/types\/page"}],"author":[{"embeddable":true,"href":"https:\/\/apc1040.com\/es\/wp-json\/wp\/v2\/users\/10"}],"replies":[{"embeddable":true,"href":"https:\/\/apc1040.com\/es\/wp-json\/wp\/v2\/comments?post=4226"}],"version-history":[{"count":0,"href":"https:\/\/apc1040.com\/es\/wp-json\/wp\/v2\/pages\/4226\/revisions"}],"wp:featuredmedia":[{"embeddable":true,"href":"https:\/\/apc1040.com\/es\/wp-json\/wp\/v2\/media\/4399"}],"wp:attachment":[{"href":"https:\/\/apc1040.com\/es\/wp-json\/wp\/v2\/media?parent=4226"}],"curies":[{"name":"wp","href":"https:\/\/api.w.org\/{rel}","templated":true}]}}