{"id":4223,"date":"2022-12-18T13:19:43","date_gmt":"2022-12-18T18:19:43","guid":{"rendered":"https:\/\/apc1040.com\/doordash-taxes\/"},"modified":"2024-05-13T06:03:31","modified_gmt":"2024-05-13T10:03:31","slug":"impuestos-doordash","status":"publish","type":"page","link":"https:\/\/apc1040.com\/es\/impuestos-doordash\/","title":{"rendered":"C\u00f3mo desbloquear los impuestos de DoorDash: consejos esenciales para el \u00e9xito"},"content":{"rendered":"<h2>Impuestos DoorDash: 1099 NEC \u00bfQu\u00e9 necesita saber?<\/h2>\n<p><img decoding=\"async\" width=\"300\" height=\"200\" class=\"wp-image-2342 size-medium aligncenter\" src=\"https:\/\/apc1040.com\/wp-content\/uploads\/2022\/06\/istockphoto-1266907705-170667a-300x200.jpg\" alt=\"&quot;\" srcset=\"https:\/\/apc1040.com\/wp-content\/uploads\/2022\/06\/istockphoto-1266907705-170667a-300x200.jpg 300w, https:\/\/apc1040.com\/wp-content\/uploads\/2022\/06\/istockphoto-1266907705-170667a.jpg 508w\" sizes=\"(max-width: 300px) 100vw, 300px\" \/><\/p>\n<h2>Aprovecha deducciones y cr\u00e9ditos espec\u00edficos:<\/h2>\n<p>Ser aut\u00f3nomo contratista independiente ofrece varias deducciones y cr\u00e9ditos que puedes aprovechar para reducir lo que debes en impuestos. Aseg\u00farese de investigar las deducciones y cr\u00e9ditos espec\u00edficos de DoorDash para aprovechar al m\u00e1ximo su negocio de entrega. Con una planificaci\u00f3n y comprensi\u00f3n cuidadosas, los impuestos de DoorDash pueden ser una tarea manejable. Aprenda c\u00f3mo desbloquear los impuestos de DoorDash con nuestros consejos esenciales para el \u00e9xito.<\/p>\n<h3>Deducciones de impuestos:<\/h3>\n<p>DoorDash proporciona una lista de deducciones que los contratistas independientes pueden aprovechar, como gastos comerciales, gastos de autom\u00f3vil, millaje y gastos de viaje. Todos los gastos comerciales que canceles en tu declaraci\u00f3n de impuestos deben estar documentados. Trabajando para DoorDash como repartidor, su deducci\u00f3n de millaje est\u00e1ndar es su mayor gasto significativo. Hay m\u00e1s <a href=\"https:\/\/apc1040.com\/es\/servicio-de-impuestos-cerca-de-mi\/\">deducciones de impuestos<\/a> relacionadas con los gastos directos de costos reales, como su tel\u00e9fono celular, el equipo que usa y todo lo que se requiere para hacer su trabajo.<\/p>\n<h3>Cr\u00e9ditos fiscales:<\/h3>\n<p>Los contribuyentes que trabajan <a href=\"https:\/\/apc1040.com\/es\/deducciones-por-publicidad-y-marketing-maximizar-sus-beneficios-fiscales\/\">por cuenta propia pueden calificar para beneficios fiscales<\/a>, como el Cr\u00e9dito Tributario por Ingreso del Trabajo (EITC), los Impuestos Federales sobre la Renta (FIT) y el Cr\u00e9dito Tributario por Hijos (CTC). Seg\u00fan el IRS, los contratistas independientes deben declarar y <a href=\"https:\/\/apc1040.com\/es\/presentacion-de-declaracion-de-impuestos\/\">presentar sus propios impuestos<\/a>. Algunas deducciones, como las primas del seguro de salud, tambi\u00e9n son deducibles.<\/p>\n<h3>Impuesto sobre el trabajo por cuenta propia:<\/h3>\n<p>Los contratistas independientes como propietarios de <a href=\"https:\/\/apc1040.com\/es\/small-business-income-tax-service\/\">peque\u00f1as empresas son responsables de pagar sus impuestos<\/a> federales y fiscales cada trimestre. Los impuestos trimestrales incluyen los impuestos sobre el trabajo por cuenta propia, el Seguro Social y los impuestos de Medicare. Tambi\u00e9n hay varios impuestos estatales sobre la renta. Estos impuestos se basan en las ganancias totales declaradas en su declaraci\u00f3n de impuestos personal.<\/p>\n<h3>Mantenga registros precisos:<\/h3>\n<p>Para maximizar las deducciones y los cr\u00e9ditos deducibles de impuestos espec\u00edficos de DoorDash, es importante realizar un seguimiento de los gastos de su negocio. Reducir su ingreso imponible es importante para pagar menos impuestos. Los registros precisos lo ayudar\u00e1n a identificar oportunidades para deducciones y cr\u00e9ditos y facilitar\u00e1n mucho la <a href=\"https:\/\/apc1040.com\/es\/declaraciones-de-impuestos-sobre-la-renta-akron\/\">presentaci\u00f3n de sus impuestos sobre la renta<\/a>. El IRS requiere que mantenga registros detallados de todas las transacciones comerciales para garantizar el cumplimiento de las normas fiscales. Debe tener un registro de kilometraje para hacer un seguimiento de los gastos de kilometraje.<\/p>\n<h3>Mant\u00e9ngase al tanto de sus impuestos:<\/h3>\n<p>Los impuestos de DoorDash cambian constantemente, as\u00ed que aseg\u00farese de verificar regularmente las actualizaciones y los cambios. Al mantenerse al tanto de las deducciones de impuestos de DoorDash, puede asegurarse de que su negocio cumpla con los requisitos y contin\u00fae benefici\u00e1ndose de las deducciones y cr\u00e9ditos comerciales. Durante la temporada de impuestos, tener esta fecha lo hace m\u00e1s f\u00e1cil.<\/p>\n<h3>Cheques de empleados de DoorDash:<\/h3>\n<p>En ciertas jurisdicciones, Door Dash es responsable de retener impuestos de los cheques de pago de los empleados. Deben calcular y remitir los montos correspondientes a las autoridades fiscales correspondientes.<\/p>\n<p>Comprender los impuestos de DoorDash es esencial para cualquier persona que trabaje como conductor para ellos. DoorDash es responsable de presentar los formularios de impuestos DoorDash 1099 apropiados en cada jurisdicci\u00f3n, incluidos los formularios 1099 NEC para contratistas. Tambi\u00e9n deben pagar impuestos anuales estimados y retener impuestos de los cheques de pago de los empleados en ciertas jurisdicciones.<\/p>\n<h3>\u00bfLe quitan impuestos al conductor?<\/h3>\n<p>DoorDash no deduce impuestos de las ganancias de los contratistas independientes. Pero DoorDash es responsable de <a href=\"https:\/\/apc1040.com\/es\/servicios-de-presentacion-de-impuestos-sobre-la-renta-cerca-de-mi\/\">presentar los formularios de impuestos sobre la renta<\/a> apropiados en cada jurisdicci\u00f3n, incluidos los formularios de impuestos DoorDash 1099 para contratistas. Como contratista independiente, los conductores son responsables de reservar dinero para pagar sus impuestos personales cuando presentan sus declaraciones de impuestos. Al trabajar por cuenta propia, usted es responsable de pagar sus pagos de impuestos estimados y los impuestos sobre el trabajo por cuenta propia sobre la ganancia total de su negocio.<\/p>\n<h3>Conf\u00ede en los profesionales de impuestos:<\/h3>\n<p>La contabilidad del trabajo por cuenta propia a partir de los impuestos de DoorDash es complicada y puede ser dif\u00edcil de entender. Conocemos las leyes fiscales y estamos al d\u00eda con todas las deducciones fiscales de DoorDash. Conocer todas las deducciones de impuestos reduce su factura de impuestos en su declaraci\u00f3n de impuestos personal. \u00a1Consultar a un profesional de impuestos para obtener asesoramiento fiscal le ahorrar\u00e1 dinero!<\/p>\n<p>Comprender los impuestos sobre la renta empresarial es fundamental para cumplir y evitar multas o tarifas en el futuro. Adem\u00e1s, comprender a qu\u00e9 deducciones fiscales tiene derecho ayudar\u00e1 a garantizar que reciba los cr\u00e9ditos y deducciones fiscales correspondientes para los que puede calificar.<\/p>\n<p>Saber m\u00e1s sobre los impuestos de DoorDash tambi\u00e9n puede ayudarlo a planificar la presentaci\u00f3n. precisa a tiempo y sin correr el riesgo de sanciones del IRS. En resumen, t\u00f3mese el tiempo para comprender los impuestos a las peque\u00f1as empresas y el impacto que pueden tener en su negocio.<\/p>\n<p>En caso de duda, comun\u00edquese con un profesional de impuestos para obtener asesoramiento: cuando se trata de impuestos de DoorDash La presentaci\u00f3n incorrecta puede generar multas o tarifas del IRS. \u00a1Pagar su impuesto sobre el trabajo por cuenta propia de DoorDash es obligatorio!<\/p>\n<p>Un profesional de impuestos puede ayudarlo a comprender su formulario de impuestos DoorDash 1099. Tambi\u00e9n pueden ayudarlo a planificar el tiempo de impuestos. Asegur\u00e1ndose de que tenga todos los documentos y la informaci\u00f3n necesaria para presentar su declaraci\u00f3n con precisi\u00f3n y a tiempo.<\/p>\n<h3>Preguntas frecuentes:<\/h3>\n<h4>\u00bfDoorDash informa al Servicio de Impuestos Internos?<\/h4>\n<p>S\u00ed, DoorDash debe informar los ingresos comerciales relacionados al Servicio de Impuestos Internos. DoorDash tambi\u00e9n le proporcionar\u00e1 un formulario de impuestos 1099. Aseg\u00farese de realizar un seguimiento de las deducciones y los registros relacionados.<\/p>\n<h4>\u00bfQu\u00e9 sucede si no recibo DoorDash 1099?<\/h4>\n<p>Si gan\u00f3 m\u00e1s de $ 600, debe comunicarse con DoorDash para solicitar el documento. DoorDash luego revisar\u00e1 su informaci\u00f3n y emitir\u00e1 el <a href=\"https:\/\/apc1040.com\/es\/impuestos-facil\/carteles-de-empresa\/formularios-de-impuestos-para-empleados\/\">formulario de impuestos 1099 si es necesario<\/a>.<\/p>\n<h4>\u00bfC\u00f3mo presento mis impuestos?<\/h4>\n<p>Cuando <a href=\"https:\/\/apc1040.com\/es\/\">presente sus impuestos sobre la renta<\/a>, debe informar su impuesto sobre la renta 1099 en el Anexo C de su declaraci\u00f3n de impuestos. Aseg\u00farese de deducir todas las posibles deducciones fiscales legales para reducir su factura fiscal.<\/p>\n<h5>Conclusi\u00f3n:<\/h5>\n<p>Los impuestos pueden ser confusos e intimidantes, pero eso no significa que tengan que serlo. Investigue, conozca las regulaciones de impuestos comerciales, aproveche todos los gastos comerciales. <a href=\"https:\/\/apc1040.com\/es\/deducciones-fiscales-creditos-fiscales\/\">Deducciones y cr\u00e9ditos fiscales<\/a>, mantenga registros precisos y mant\u00e9ngase al tanto de sus impuestos. Con este conocimiento, puede asegurarse de que sus impuestos no se vuelvan abrumadores.<\/p>\n","protected":false},"excerpt":{"rendered":"<p>Impuestos DoorDash: 1099 NEC \u00bfQu\u00e9 necesita saber? Aprovecha deducciones y cr\u00e9ditos espec\u00edficos: Ser aut\u00f3nomo contratista independiente ofrece varias deducciones y cr\u00e9ditos que puedes aprovechar para reducir lo que debes en impuestos. Aseg\u00farese de investigar las deducciones y cr\u00e9ditos espec\u00edficos de DoorDash para aprovechar al m\u00e1ximo su negocio de entrega. Con una planificaci\u00f3n y comprensi\u00f3n cuidadosas,&#8230;<\/p>\n","protected":false},"author":10,"featured_media":3163,"parent":0,"menu_order":0,"comment_status":"closed","ping_status":"closed","template":"","meta":{"_lmt_disableupdate":"no","_lmt_disable":"","_monsterinsights_skip_tracking":false,"_monsterinsights_sitenote_active":false,"_monsterinsights_sitenote_note":"","_monsterinsights_sitenote_category":0,"_uf_show_specific_survey":0,"_uf_disable_surveys":false,"footnotes":""},"class_list":["post-4223","page","type-page","status-publish","has-post-thumbnail","hentry"],"yoast_head":"<!-- This site is optimized with the Yoast SEO Premium plugin v27.3 (Yoast SEO v27.5) - https:\/\/yoast.com\/product\/yoast-seo-premium-wordpress\/ -->\n<title>Impuestos DoorDash | 1099 NEC \u00a1Lo que necesita saber!<\/title>\n<meta name=\"description\" content=\"Comprensi\u00f3n de los impuestos de DoorDash y el formulario 1099 NEC: conozca qu\u00e9 deducciones puede cancelar.\" \/>\n<meta name=\"robots\" content=\"index, follow, max-snippet:-1, max-image-preview:large, max-video-preview:-1\" \/>\n<link rel=\"canonical\" href=\"https:\/\/apc1040.com\/es\/impuestos-doordash\/\" \/>\n<meta property=\"og:locale\" content=\"es_ES\" \/>\n<meta property=\"og:type\" content=\"article\" \/>\n<meta property=\"og:title\" content=\"C\u00f3mo desbloquear los impuestos de DoorDash: consejos esenciales para el \u00e9xito\" \/>\n<meta property=\"og:description\" content=\"Comprensi\u00f3n de los impuestos de DoorDash y el formulario 1099 NEC: conozca qu\u00e9 deducciones puede cancelar.\" \/>\n<meta property=\"og:url\" content=\"https:\/\/apc1040.com\/es\/impuestos-doordash\/\" \/>\n<meta property=\"og:site_name\" content=\"Akron Income Tax Preparation\" \/>\n<meta property=\"article:publisher\" content=\"https:\/\/www.facebook.com\/APC1040\" \/>\n<meta property=\"article:modified_time\" content=\"2024-05-13T10:03:31+00:00\" \/>\n<meta property=\"og:image\" content=\"https:\/\/apc1040.com\/wp-content\/uploads\/2022\/10\/taxformTAXES.jpg\" \/>\n\t<meta property=\"og:image:width\" content=\"1125\" \/>\n\t<meta property=\"og:image:height\" content=\"750\" \/>\n\t<meta property=\"og:image:type\" content=\"image\/jpeg\" \/>\n<meta name=\"twitter:card\" content=\"summary_large_image\" \/>\n<meta name=\"twitter:label1\" content=\"Est. reading time\" \/>\n\t<meta name=\"twitter:data1\" content=\"6 minutes\" \/>\n<!-- \/ Yoast SEO Premium plugin. -->","yoast_head_json":{"title":"Impuestos DoorDash | 1099 NEC \u00a1Lo que necesita saber!","description":"Comprensi\u00f3n de los impuestos de DoorDash y el formulario 1099 NEC: conozca qu\u00e9 deducciones puede cancelar.","robots":{"index":"index","follow":"follow","max-snippet":"max-snippet:-1","max-image-preview":"max-image-preview:large","max-video-preview":"max-video-preview:-1"},"canonical":"https:\/\/apc1040.com\/es\/impuestos-doordash\/","og_locale":"es_ES","og_type":"article","og_title":"C\u00f3mo desbloquear los impuestos de DoorDash: consejos esenciales para el \u00e9xito","og_description":"Comprensi\u00f3n de los impuestos de DoorDash y el formulario 1099 NEC: conozca qu\u00e9 deducciones puede cancelar.","og_url":"https:\/\/apc1040.com\/es\/impuestos-doordash\/","og_site_name":"Akron Income Tax Preparation","article_publisher":"https:\/\/www.facebook.com\/APC1040","article_modified_time":"2024-05-13T10:03:31+00:00","og_image":[{"width":1125,"height":750,"url":"https:\/\/apc1040.com\/wp-content\/uploads\/2022\/10\/taxformTAXES.jpg","type":"image\/jpeg"}],"twitter_card":"summary_large_image","twitter_misc":{"Est. reading time":"6 minutes"},"schema":{"@context":"https:\/\/schema.org","@graph":[{"@type":"WebPage","@id":"https:\/\/apc1040.com\/es\/impuestos-doordash\/","url":"https:\/\/apc1040.com\/es\/impuestos-doordash\/","name":"Impuestos DoorDash | 1099 NEC \u00a1Lo que necesita saber!","isPartOf":{"@id":"https:\/\/apc1040.com\/es\/#website"},"primaryImageOfPage":{"@id":"https:\/\/apc1040.com\/es\/impuestos-doordash\/#primaryimage"},"image":{"@id":"https:\/\/apc1040.com\/es\/impuestos-doordash\/#primaryimage"},"thumbnailUrl":"https:\/\/apc1040.com\/wp-content\/uploads\/2022\/10\/taxformTAXES.jpg","datePublished":"2022-12-18T18:19:43+00:00","dateModified":"2024-05-13T10:03:31+00:00","description":"Comprensi\u00f3n de los impuestos de DoorDash y el formulario 1099 NEC: conozca qu\u00e9 deducciones puede cancelar.","breadcrumb":{"@id":"https:\/\/apc1040.com\/es\/impuestos-doordash\/#breadcrumb"},"inLanguage":"es","potentialAction":[{"@type":"ReadAction","target":["https:\/\/apc1040.com\/es\/impuestos-doordash\/"]}]},{"@type":"ImageObject","inLanguage":"es","@id":"https:\/\/apc1040.com\/es\/impuestos-doordash\/#primaryimage","url":"https:\/\/apc1040.com\/wp-content\/uploads\/2022\/10\/taxformTAXES.jpg","contentUrl":"https:\/\/apc1040.com\/wp-content\/uploads\/2022\/10\/taxformTAXES.jpg","width":1125,"height":750,"caption":"tax return preparation"},{"@type":"BreadcrumbList","@id":"https:\/\/apc1040.com\/es\/impuestos-doordash\/#breadcrumb","itemListElement":[{"@type":"ListItem","position":1,"name":"Home","item":"https:\/\/apc1040.com\/es\/"},{"@type":"ListItem","position":2,"name":"C\u00f3mo desbloquear los impuestos de DoorDash: consejos esenciales para el \u00e9xito"}]},{"@type":"WebSite","@id":"https:\/\/apc1040.com\/es\/#website","url":"https:\/\/apc1040.com\/es\/","name":"Akron Income Tax Preparation","description":"Income Tax Preparation Service","publisher":{"@id":"https:\/\/apc1040.com\/es\/#organization"},"potentialAction":[{"@type":"SearchAction","target":{"@type":"EntryPoint","urlTemplate":"https:\/\/apc1040.com\/es\/?s={search_term_string}"},"query-input":{"@type":"PropertyValueSpecification","valueRequired":true,"valueName":"search_term_string"}}],"inLanguage":"es"},{"@type":"Organization","@id":"https:\/\/apc1040.com\/es\/#organization","name":"Akron Income Tax Co","url":"https:\/\/apc1040.com\/es\/","logo":{"@type":"ImageObject","inLanguage":"es","@id":"https:\/\/apc1040.com\/es\/#\/schema\/logo\/image\/","url":"https:\/\/apc1040.com\/wp-content\/uploads\/2024\/11\/income-tax-service-akron.jpg","contentUrl":"https:\/\/apc1040.com\/wp-content\/uploads\/2024\/11\/income-tax-service-akron.jpg","width":800,"height":745,"caption":"Akron Income Tax Co"},"image":{"@id":"https:\/\/apc1040.com\/es\/#\/schema\/logo\/image\/"},"sameAs":["https:\/\/www.facebook.com\/APC1040"]}]}},"amp_enabled":true,"_links":{"self":[{"href":"https:\/\/apc1040.com\/es\/wp-json\/wp\/v2\/pages\/4223","targetHints":{"allow":["GET"]}}],"collection":[{"href":"https:\/\/apc1040.com\/es\/wp-json\/wp\/v2\/pages"}],"about":[{"href":"https:\/\/apc1040.com\/es\/wp-json\/wp\/v2\/types\/page"}],"author":[{"embeddable":true,"href":"https:\/\/apc1040.com\/es\/wp-json\/wp\/v2\/users\/10"}],"replies":[{"embeddable":true,"href":"https:\/\/apc1040.com\/es\/wp-json\/wp\/v2\/comments?post=4223"}],"version-history":[{"count":0,"href":"https:\/\/apc1040.com\/es\/wp-json\/wp\/v2\/pages\/4223\/revisions"}],"wp:featuredmedia":[{"embeddable":true,"href":"https:\/\/apc1040.com\/es\/wp-json\/wp\/v2\/media\/3163"}],"wp:attachment":[{"href":"https:\/\/apc1040.com\/es\/wp-json\/wp\/v2\/media?parent=4223"}],"curies":[{"name":"wp","href":"https:\/\/api.w.org\/{rel}","templated":true}]}}