{"id":4213,"date":"2022-10-14T11:23:15","date_gmt":"2022-10-14T15:23:15","guid":{"rendered":"https:\/\/apc1040.com\/income-tax-services-uniontown\/"},"modified":"2025-11-23T12:16:55","modified_gmt":"2025-11-23T17:16:55","slug":"servicios-de-impuestos-sobre-la-renta-uniontown","status":"publish","type":"page","link":"https:\/\/apc1040.com\/es\/servicios-de-impuestos-sobre-la-renta-uniontown\/","title":{"rendered":"Servicios de impuestos sobre la renta Uniontown"},"content":{"rendered":"<section class=\"l-section wpb_row height_small\"><div class=\"l-section-h i-cf\"><div class=\"g-cols vc_row via_flex valign_top type_default stacking_default\"><div class=\"vc_col-sm-12 wpb_column vc_column_container\"><div class=\"vc_column-inner\"><div class=\"wpb_wrapper\"><div class=\"wpb_text_column\"><div class=\"wpb_wrapper\"><h2 data-pm-slice=\"1 1 &#091;&#093;\">Uniontown Servicios de impuestos sobre la renta<\/h2>\n<figure id=\"attachment_7602\" aria-describedby=\"caption-attachment-7602\" style=\"width: 350px\" class=\"wp-caption aligncenter\"><img decoding=\"async\" class=\"size-medium wp-image-7602\" src=\"https:\/\/apc1040.com\/wp-content\/uploads\/2024\/08\/25gGEO_Servicio_de_Impuesto_sobre_la_Renta-350x350.jpg\" alt=\"Business taxes\" width=\"350\" height=\"350\" srcset=\"https:\/\/apc1040.com\/wp-content\/uploads\/2024\/08\/25gGEO_Servicio_de_Impuesto_sobre_la_Renta-350x350.jpg 350w, https:\/\/apc1040.com\/wp-content\/uploads\/2024\/08\/25gGEO_Servicio_de_Impuesto_sobre_la_Renta-780x780.jpg 780w, https:\/\/apc1040.com\/wp-content\/uploads\/2024\/08\/25gGEO_Servicio_de_Impuesto_sobre_la_Renta-150x150.jpg 150w, https:\/\/apc1040.com\/wp-content\/uploads\/2024\/08\/25gGEO_Servicio_de_Impuesto_sobre_la_Renta-600x600.jpg 600w, https:\/\/apc1040.com\/wp-content\/uploads\/2024\/08\/25gGEO_Servicio_de_Impuesto_sobre_la_Renta-768x768.jpg 768w, https:\/\/apc1040.com\/wp-content\/uploads\/2024\/08\/25gGEO_Servicio_de_Impuesto_sobre_la_Renta.jpg 1080w\" sizes=\"(max-width: 350px) 100vw, 350px\" \/><figcaption id=\"caption-attachment-7602\" class=\"wp-caption-text\">Income Tax Preparation Akron Ohio<\/figcaption><\/figure>\n<p>Ofrecemos servicios de impuestos sobre la renta en Uniontown Ohio. Si est\u00e1 pensando en c\u00f3mo puede hacer frente a sus impuestos, es normal tener este tipo de pensamiento estresante. Aqu\u00ed es donde trabajamos para ayudarte a salir de esta situaci\u00f3n y llevarte a tu zona de confort. Akron Income Tax Co. es una firma de impuestos y contabilidad para peque\u00f1as empresas donde encontrar\u00e1 todo tipo de servicios relacionados con impuestos y contabilidad bajo un mismo techo. Desde contabilidad hasta Preparaci\u00f3n de impuestos en l\u00ednea, <a href=\"https:\/\/apc1040.com\/es\/contactar-con-akron-income-tax-co\/\">Akron Income Tax<\/a> Co est\u00e1 aqu\u00ed para ayudarle a ocuparse de todos los asuntos financieros y relacionados con los impuestos.<\/p>\n<h2>Empiece con estos sencillos pasos<\/h2>\n<p>Hay 3 m\u00e9todos para completar sus impuestos. Primero, puede simplemente pasar y dejarlos. En segundo lugar, puede hacer una cita y podemos completar sus impuestos mientras se encuentra en nuestras oficinas privadas. En tercer lugar, puede utilizar nuestra opci\u00f3n remota <a href=\"https:\/\/apc1040.com\/es\/archivo-en-casa\/\">File@Home<\/a> e incluso firmar electr\u00f3nicamente su declaraci\u00f3n.<\/p>\n<p>Estos son los 5 pasos simples para comenzar con nuestros <a href=\"https:\/\/apc1040.com\/es\/income-tax-services-green-akron\/\">servicios de impuestos sobre la renta<\/a><\/p>\n<h3>Programe una consulta con nuestros expertos en impuestos<\/h3>\n<p>Primero, cont\u00e1ctenos para programar una consulta con uno de nuestros expertos. Durante la consulta, nuestro experto discutir\u00e1 con usted su situaci\u00f3n fiscal actual y qu\u00e9 hacer a continuaci\u00f3n.<\/p>\n<h3>Env\u00edenos sus documentos fiscales<\/h3>\n<p>Tr\u00e1iganos sus documentos fiscales y discutiremos qu\u00e9 servicio necesitar\u00e1.<\/p>\n<h3>Aceptar contrato de servicio<\/h3>\n<p>Una vez que hayamos discutido su situaci\u00f3n y el servicio que necesita, haremos un acuerdo para usted. Solo tienes que leer el acuerdo detenidamente y firmar el acuerdo.<\/p>\n<h3>Pague nuestras tarifas despu\u00e9s de que preparemos sus impuestos<\/h3>\n<p>Prepararemos sus impuestos despu\u00e9s de que haya aceptado nuestro acuerdo. Una vez que lo hicimos, puede pagarnos con tarjeta de cr\u00e9dito, efectivo o cheque. En la presentaci\u00f3n remota de impuestos, le enviaremos nuestra factura de pago en l\u00ednea.<\/p>\n<h3>Dejemos que nos ocupemos del resto<\/h3>\n<p>Nuestro equipo comenzar\u00e1 a trabajar en sus impuestos. Todo se har\u00e1 de manera eficiente y obtendr\u00e1 exactamente lo que esperaba de nosotros.<\/p>\n<h2>Nuestros servicios de impuestos sobre la renta Uniontown<\/h2>\n<p>Tenemos a\u00f1os de experiencia en el campo tributario, y brindamos diferentes tipos de impuestos sobre la renta y servicios financieros a nuestros clientes. Si necesita impuestos o asistencia de servicios financieros, estamos aqu\u00ed para ayudarlo. Estos son los servicios de impuestos y consultas que ofrecemos en Uniontown:<\/p>\n<h3>Planificaci\u00f3n fiscal<\/h3>\n<p>&nbsp;<\/p>\n<p>La planificaci\u00f3n fiscal no solo se limita a la presentaci\u00f3n de una declaraci\u00f3n de impuestos. Cada vez que gaste su dinero o planee gastar su dinero, habr\u00e1 ciertas implicaciones fiscales. Nuestro trabajo es ayudarlo a maximizar las deducciones, as\u00ed como a hacer planes para su futuro. Siempre que necesite una <a href=\"https:\/\/apc1040.com\/es\/contactar-con-akron-income-tax-co\/cita-para-una-consulta-fiscal-gratuita\/\">consulta de planificaci\u00f3n fiscal<\/a> o para discutir cualquier otro tema relacionado con los impuestos, estaremos encantados de ayudarle.<\/p>\n<h3>Consultor\u00eda para peque\u00f1as empresas<\/h3>\n<p>&nbsp;<\/p>\n<p>Si trabaja por cuenta propia o es propietario de una <a href=\"https:\/\/apc1040.com\/es\/contador-de-pequenas-empresas-cerca-de-mi\/\">peque\u00f1a empresa<\/a>, ofrecemos una variedad de servicios financieros, contables y fiscales para las necesidades de su negocio. Brindamos servicios de n\u00f3mina, servicios de contabilidad, servicios de preparaci\u00f3n de estados financieros y servicios de preparaci\u00f3n de impuestos para empresas nuevas y propietarios de peque\u00f1as empresas. Adem\u00e1s, contamos con ejecutivos de contabilidad dedicados que se encargan de todos sus problemas contables y fiscales.<\/p>\n<h3>Representaci\u00f3n de auditor\u00eda fiscal<\/h3>\n<p><img decoding=\"async\" class=\" wp-image-3650 aligncenter\" src=\"https:\/\/apc1040.com\/wp-content\/uploads\/2022\/12\/pic213-450x270.png\" alt=\"Auditor\u00eda fiscal\" width=\"452\" srcset=\"https:\/\/apc1040.com\/wp-content\/uploads\/2022\/12\/pic213-450x270.png 450w, https:\/\/apc1040.com\/wp-content\/uploads\/2022\/12\/pic213-780x468.png 780w, https:\/\/apc1040.com\/wp-content\/uploads\/2022\/12\/pic213-600x360.png 600w, https:\/\/apc1040.com\/wp-content\/uploads\/2022\/12\/pic213-768x461.png 768w, https:\/\/apc1040.com\/wp-content\/uploads\/2022\/12\/pic213.png 1000w\" sizes=\"(max-width: 450px) 100vw, 450px\" \/><\/p>\n<p>Si necesita que alguien lo represente durante el proceso de auditor\u00eda, <a href=\"https:\/\/apc1040.com\/es\/blog-de-akron-income-tax-co\/\">Akron Income Tax Co.<\/a> le brindar\u00e1 asistencia en la auditor\u00eda. Nuestro experto en impuestos revisar\u00e1 sus documentos fiscales y lo representar\u00e1 durante el proceso de auditor\u00eda del Servicio de Impuestos Internos (IRS). Adem\u00e1s, estaremos con usted durante todo el proceso y nos aseguraremos de que la auditor\u00eda se realice de manera eficiente y justa.<\/p>\n<h3>Preparaci\u00f3n de declaraciones de impuestos<\/h3>\n<p>&nbsp;<\/p>\n<p>La preparaci\u00f3n de la declaraci\u00f3n de impuestos tiene que ver con el c\u00e1lculo de las obligaciones tributarias. En (comp.), brindamos nuestros servicios de preparaci\u00f3n de declaraciones de impuestos a cualquier organizaci\u00f3n comercial, peque\u00f1as empresas e individuos. Nuestros expertos revisan los documentos fiscales y las situaciones fiscales de los clientes para encontrar la mejor manera de maximizar las deducciones y minimizar la responsabilidad fiscal. Si tiene alg\u00fan problema con el reembolso de impuestos, tambi\u00e9n lo resolveremos. El IRS permitir\u00e1 que las personas modifiquen las declaraciones de impuestos de los 3 a\u00f1os fiscales anteriores para reclamar los reembolsos adicionales a los que tienen derecho. Adem\u00e1s, brindamos nuestros servicios de preparaci\u00f3n de impuestos con la m\u00e1xima precisi\u00f3n y eficiencia.<\/p>\n<h3>Planificaci\u00f3n de jubilaci\u00f3n<\/h3>\n<p>Si se jubila pronto o est\u00e1 jubilado, ya es hora de hacer un plan de jubilaci\u00f3n. La jubilaci\u00f3n es algo que interfiere con la libertad individual. La planificaci\u00f3n fiscal y el dise\u00f1o de planes de jubilaci\u00f3n facilitan las cosas en su vida. Brindamos servicios de planificaci\u00f3n de la jubilaci\u00f3n y planificaci\u00f3n de la seguridad social que lo ayudar\u00e1n a lograr sus objetivos de jubilaci\u00f3n durante tiempos inciertos. \u00a0aparte de eso, tambi\u00e9n podemos ayudarlo con la distribuci\u00f3n de pensiones y las reinversiones de 401(k) e IRA. Por lo tanto, sean cuales sean las necesidades de planificaci\u00f3n de la jubilaci\u00f3n que tenga, comun\u00edquese con nosotros y se las proporcionaremos.<\/p>\n<h3>Planificaci\u00f3n financiera<\/h3>\n<figure id=\"attachment_3154\" aria-describedby=\"caption-attachment-3154\" style=\"width: 450px\" class=\"wp-caption aligncenter\"><img decoding=\"async\" class=\"wp-image-3154 size-medium\" title=\"Retirement Planning\" src=\"https:\/\/apc1040.com\/wp-content\/uploads\/2022\/10\/businessmenatTable-450x300.jpg\" alt=\"Planificacion Financiera\" width=\"450\" height=\"300\" srcset=\"https:\/\/apc1040.com\/wp-content\/uploads\/2022\/10\/businessmenatTable-450x300.jpg 450w, https:\/\/apc1040.com\/wp-content\/uploads\/2022\/10\/businessmenatTable-780x520.jpg 780w, https:\/\/apc1040.com\/wp-content\/uploads\/2022\/10\/businessmenatTable.jpg 1124w\" sizes=\"(max-width: 450px) 100vw, 450px\" \/><figcaption id=\"caption-attachment-3154\" class=\"wp-caption-text\">Planificacion Financiera<\/figcaption><\/figure>\n<p>Nuestro servicio de <a href=\"https:\/\/apc1040.com\/es\/guia-de-impuestos-de-fin-de-ano-maximice-los-ahorros-hoy\/\">planificaci\u00f3n financiera<\/a> est\u00e1 dise\u00f1ado para brindar servicios financieros que incluyen planificaci\u00f3n de inversiones, elaboraci\u00f3n de presupuestos, gesti\u00f3n de deudas, etc. Y Nuestro asesor de planificaci\u00f3n financiera lo ayudar\u00e1 a calcular sus ingresos, impuestos, ahorros, etc. Eso lo ayudar\u00e1 a hacer un balance financiero perfecto. Plan para su negocio, familia y eventos importantes de la vida.<\/p>\n<h3>Otros servicios de impuestos sobre la renta<\/h3>\n<p><img decoding=\"async\" class=\"tama\u00f1o-medio wp-image-3648 aligncenter\" src=\"https:\/\/apc1040.com\/wp-content\/uploads\/2022\/12\/pic212-450x270.png\" alt=\"Servicios empresariales\" width=\"450\" srcset=\"https:\/\/apc1040.com\/wp-content\/uploads\/2022\/12\/pic212-450x270.png 450w, https:\/\/apc1040.com\/wp-content\/uploads\/2022\/12\/pic212-780x468.png 780w, https:\/\/apc1040.com\/wp-content\/uploads\/2022\/12\/pic212-600x360.png 600w, https:\/\/apc1040.com\/wp-content\/uploads\/2022\/12\/pic212-768x461.png 768w, https:\/\/apc1040.com\/wp-content\/uploads\/2022\/12\/pic212.png 1000w\" sizes=\"(max-width: 450px) 100vw, 450px\" \/><\/p>\n<p>Nuestros servicios de <a href=\"https:\/\/apc1040.com\/es\/servicios-de-impuestos-sobre-la-renta-mogador\/\">impuestos sobre la renta<\/a> no se limitan a los servicios mencionados anteriormente. M\u00e1s bien, tambi\u00e9n proporcionamos<\/p>\n<ul>\n<li>Servicio de planificaci\u00f3n patrimonial<\/li>\n<li>Servicios contables y financieros para organizaciones sin fines de lucro<\/li>\n<li>Identificaci\u00f3n del contribuyente (ITIN). Etc.<\/li>\n<\/ul>\n<p>&nbsp;<\/p>\n<h2>Por qu\u00e9 somos uno de los mejores en la industria<\/h2>\n<p>&nbsp;<\/p>\n<p>Hay numerosas razones por las que las personas nos eligen y lo que nos hace diferentes de los dem\u00e1s. Estas son algunas de las razones:<\/p>\n<h3>C\u00e1lculo de impuestos preciso<\/h3>\n<p>Es nuestra responsabilidad proporcionarle c\u00e1lculos de impuestos precisos. Nuestro equipo cuenta con una gran experiencia y un profundo conocimiento de la legislaci\u00f3n fiscal. Adem\u00e1s, Si encontramos alg\u00fan tipo de discrepancia en el c\u00e1lculo de impuestos, lo arreglaremos sin cargo alguno.<\/p>\n<h3>Garant\u00eda de reembolso m\u00e1ximo<\/h3>\n<p>Obtendr\u00e1 todas las deducciones y cr\u00e9ditos que se merece. Contamos con preparadores de impuestos altamente calificados que le asegurar\u00e1n la m\u00e1xima deducci\u00f3n de acuerdo a sus documentos y situaci\u00f3n.<\/p>\n<h3>Profesionales profesionales de impuestos<\/h3>\n<p>Cada uno de nuestros profesionales de impuestos est\u00e1 altamente informado y es profesional. Tienen un gran conocimiento de la normativa fiscal y las \u00faltimas actualizaciones normativas. Adem\u00e1s, obtendr\u00e1 un c\u00e1lculo de impuestos preciso de nosotros garantizado.<\/p>\n<h3>Servicio personalizado<\/h3>\n<p>Las necesidades de todos no son las mismas y las personas necesitan diferentes servicios para sus diferentes situaciones. Cuando venga a nosotros, juntos decidiremos qu\u00e9 servicio es apropiado para usted. Usted siempre servicios de impuestos personalizados.<\/p>\n<h3>Precios competitivos<\/h3>\n<p>Antes de aceptar nuestro acuerdo, sabr\u00e1 cu\u00e1nto tiene que gastar. Ofrecemos precios competitivos para todos nuestros servicios relacionados con los impuestos.<\/p>\n<table width=\"939\">\n<tbody>\n<tr>\n<td width=\"939\"><u><a href=\"https:\/\/apc1040.com\/web-stories\/\">Web Stories<\/a><\/u><\/td>\n<\/tr>\n<tr>\n<td width=\"939\"><u><a href=\"https:\/\/apc1040.com\/web-stories\/small-business-taxes-what-you-need-to-know\/\">Tax Refund Hacks<\/a><\/u><\/td>\n<\/tr>\n<tr>\n<td width=\"939\"><u><a href=\"https:\/\/apc1040.com\/web-stories\/small-business-taxes-what-you-need-to-know\/\">Key Tax Deadlines<\/a><\/u><\/td>\n<\/tr>\n<tr>\n<td width=\"939\"><u><a href=\"https:\/\/apc1040.com\/web-stories\/track-your-business-mileage-a-simple-guide-to-irs-tax-deductions\/\">Track Business Mileage<\/a><\/u><\/td>\n<\/tr>\n<tr>\n<td width=\"939\"><u><a href=\"https:\/\/apc1040.com\/web-stories\/income-tax-services-mogadore-ohio\/\">Income tax prep Mogadore<\/a><\/u><\/td>\n<\/tr>\n<tr>\n<td width=\"939\"><u><a href=\"https:\/\/apc1040.com\/web-stories\/income-tax-service-in-firestone-park-oh\/\">Income tax prep Firestone Park<\/a><\/u><\/td>\n<\/tr>\n<tr>\n<td width=\"939\"><u><a href=\"https:\/\/apc1040.com\/web-stories\/green-income-tax-services-by-akron-income-tax-co\/\">Income Tax Prep Green Ohio<\/a><\/u><\/td>\n<\/tr>\n<tr>\n<td width=\"939\"><u><a href=\"https:\/\/apc1040.com\/web-stories\/guide-to-income-tax-services-in-kenmore\/\">Income Tax Prep Kenmore<\/a><\/u><\/td>\n<\/tr>\n<tr>\n<td width=\"939\"><u><a href=\"https:\/\/apc1040.com\/web-stories\/income-tax-services-by-akron-income-tax-co-in-tallmadge\/\">Income Tax Prep Tallmadge<\/a><\/u><\/td>\n<\/tr>\n<tr>\n<td width=\"939\"><u><a href=\"https:\/\/apc1040.com\/web-stories\/income-tax-services-uniontown-oh\/\">Income Tax Uniontown<\/a><\/u><\/td>\n<\/tr>\n<tr>\n<td width=\"939\"><u><a href=\"https:\/\/apc1040.com\/web-stories\/income-tax-services-in-tallmadge-by-akron-income-tax-co\/\">Tallmadge Income tax<\/a><\/u><\/td>\n<\/tr>\n<tr>\n<td width=\"939\"><u><a href=\"https:\/\/apc1040.com\/web-stories\/income-tax-services-in-goodyear-heights\/\">Goodyear Heights Tax Prep<\/a><\/u><\/td>\n<\/tr>\n<tr>\n<td width=\"939\"><u><a href=\"https:\/\/apc1040.com\/web-stories\/small-business-taxes-what-you-need-to-know\/\">Business Taxes what you should know<\/a><\/u><\/td>\n<\/tr>\n<\/tbody>\n<\/table>\n<\/div><\/div><\/div><\/div><\/div><\/div><\/div><\/section>\n","protected":false},"excerpt":{"rendered":"Uniontown Servicios de impuestos sobre la renta Income Tax Preparation Akron Ohio Ofrecemos servicios de impuestos sobre la renta en Uniontown Ohio. Si est\u00e1 pensando en c\u00f3mo puede hacer frente a sus impuestos, es normal tener este tipo de pensamiento estresante. Aqu\u00ed es donde trabajamos para ayudarte a salir de esta situaci\u00f3n y llevarte a...","protected":false},"author":10,"featured_media":6994,"parent":0,"menu_order":0,"comment_status":"closed","ping_status":"closed","template":"","meta":{"_lmt_disableupdate":"no","_lmt_disable":"","_monsterinsights_skip_tracking":false,"_monsterinsights_sitenote_active":false,"_monsterinsights_sitenote_note":"","_monsterinsights_sitenote_category":0,"_uf_show_specific_survey":0,"_uf_disable_surveys":false,"footnotes":""},"class_list":["post-4213","page","type-page","status-publish","has-post-thumbnail","hentry"],"yoast_head":"<!-- This site is optimized with the Yoast SEO Premium plugin v27.3 (Yoast SEO v27.4) - https:\/\/yoast.com\/product\/yoast-seo-premium-wordpress\/ -->\n<title>El mejor Servicio de impuestos sobre la renta Uniontown, OH<\/title>\n<meta name=\"description\" content=\"Local Servicio de impuestos sobre la renta Uniontown, Ohio. Completamos declaraciones de impuestos por solo $ 120, estado,\" \/>\n<meta name=\"robots\" content=\"index, follow, max-snippet:-1, max-image-preview:large, max-video-preview:-1\" \/>\n<link rel=\"canonical\" href=\"https:\/\/apc1040.com\/es\/servicios-de-impuestos-sobre-la-renta-uniontown\/\" \/>\n<meta property=\"og:locale\" content=\"es_ES\" \/>\n<meta property=\"og:type\" content=\"article\" \/>\n<meta property=\"og:title\" content=\"Servicios de impuestos sobre la renta Uniontown\" \/>\n<meta property=\"og:description\" content=\"Local Servicio de impuestos sobre la renta Uniontown, Ohio. Completamos declaraciones de impuestos por solo $ 120, estado,\" \/>\n<meta property=\"og:url\" content=\"https:\/\/apc1040.com\/es\/servicios-de-impuestos-sobre-la-renta-uniontown\/\" \/>\n<meta property=\"og:site_name\" content=\"Akron Income Tax Preparation\" \/>\n<meta property=\"article:publisher\" content=\"https:\/\/www.facebook.com\/APC1040\" \/>\n<meta property=\"article:modified_time\" content=\"2025-11-23T17:16:55+00:00\" \/>\n<meta property=\"og:image\" content=\"https:\/\/apc1040.com\/wp-content\/uploads\/2024\/04\/23kwGEO_income_tax_services_Uniontown.jpg\" \/>\n\t<meta property=\"og:image:width\" content=\"480\" \/>\n\t<meta property=\"og:image:height\" content=\"270\" \/>\n\t<meta property=\"og:image:type\" content=\"image\/jpeg\" \/>\n<meta name=\"twitter:card\" content=\"summary_large_image\" \/>\n<meta name=\"twitter:label1\" content=\"Est. reading time\" \/>\n\t<meta name=\"twitter:data1\" content=\"7 minutes\" \/>\n<!-- \/ Yoast SEO Premium plugin. -->","yoast_head_json":{"title":"El mejor Servicio de impuestos sobre la renta Uniontown, OH","description":"Local Servicio de impuestos sobre la renta Uniontown, Ohio. Completamos declaraciones de impuestos por solo $ 120, estado,","robots":{"index":"index","follow":"follow","max-snippet":"max-snippet:-1","max-image-preview":"max-image-preview:large","max-video-preview":"max-video-preview:-1"},"canonical":"https:\/\/apc1040.com\/es\/servicios-de-impuestos-sobre-la-renta-uniontown\/","og_locale":"es_ES","og_type":"article","og_title":"Servicios de impuestos sobre la renta Uniontown","og_description":"Local Servicio de impuestos sobre la renta Uniontown, Ohio. Completamos declaraciones de impuestos por solo $ 120, estado,","og_url":"https:\/\/apc1040.com\/es\/servicios-de-impuestos-sobre-la-renta-uniontown\/","og_site_name":"Akron Income Tax Preparation","article_publisher":"https:\/\/www.facebook.com\/APC1040","article_modified_time":"2025-11-23T17:16:55+00:00","og_image":[{"width":480,"height":270,"url":"https:\/\/apc1040.com\/wp-content\/uploads\/2024\/04\/23kwGEO_income_tax_services_Uniontown.jpg","type":"image\/jpeg"}],"twitter_card":"summary_large_image","twitter_misc":{"Est. reading time":"7 minutes"},"schema":{"@context":"https:\/\/schema.org","@graph":[{"@type":"WebPage","@id":"https:\/\/apc1040.com\/es\/servicios-de-impuestos-sobre-la-renta-uniontown\/","url":"https:\/\/apc1040.com\/es\/servicios-de-impuestos-sobre-la-renta-uniontown\/","name":"El mejor Servicio de impuestos sobre la renta Uniontown, OH","isPartOf":{"@id":"https:\/\/apc1040.com\/es\/#website"},"primaryImageOfPage":{"@id":"https:\/\/apc1040.com\/es\/servicios-de-impuestos-sobre-la-renta-uniontown\/#primaryimage"},"image":{"@id":"https:\/\/apc1040.com\/es\/servicios-de-impuestos-sobre-la-renta-uniontown\/#primaryimage"},"thumbnailUrl":"https:\/\/apc1040.com\/wp-content\/uploads\/2024\/04\/23kwGEO_income_tax_services_Uniontown.jpg","datePublished":"2022-10-14T15:23:15+00:00","dateModified":"2025-11-23T17:16:55+00:00","description":"Local Servicio de impuestos sobre la renta Uniontown, Ohio. Completamos declaraciones de impuestos por solo $ 120, estado,","breadcrumb":{"@id":"https:\/\/apc1040.com\/es\/servicios-de-impuestos-sobre-la-renta-uniontown\/#breadcrumb"},"inLanguage":"es","potentialAction":[{"@type":"ReadAction","target":["https:\/\/apc1040.com\/es\/servicios-de-impuestos-sobre-la-renta-uniontown\/"]}]},{"@type":"ImageObject","inLanguage":"es","@id":"https:\/\/apc1040.com\/es\/servicios-de-impuestos-sobre-la-renta-uniontown\/#primaryimage","url":"https:\/\/apc1040.com\/wp-content\/uploads\/2024\/04\/23kwGEO_income_tax_services_Uniontown.jpg","contentUrl":"https:\/\/apc1040.com\/wp-content\/uploads\/2024\/04\/23kwGEO_income_tax_services_Uniontown.jpg","width":480,"height":270,"caption":"Income Tax Preparation Akron Ohio"},{"@type":"BreadcrumbList","@id":"https:\/\/apc1040.com\/es\/servicios-de-impuestos-sobre-la-renta-uniontown\/#breadcrumb","itemListElement":[{"@type":"ListItem","position":1,"name":"Home","item":"https:\/\/apc1040.com\/es\/"},{"@type":"ListItem","position":2,"name":"Servicios de impuestos sobre la renta Uniontown"}]},{"@type":"WebSite","@id":"https:\/\/apc1040.com\/es\/#website","url":"https:\/\/apc1040.com\/es\/","name":"Akron Income Tax Preparation","description":"Income Tax Preparation Service","publisher":{"@id":"https:\/\/apc1040.com\/es\/#organization"},"potentialAction":[{"@type":"SearchAction","target":{"@type":"EntryPoint","urlTemplate":"https:\/\/apc1040.com\/es\/?s={search_term_string}"},"query-input":{"@type":"PropertyValueSpecification","valueRequired":true,"valueName":"search_term_string"}}],"inLanguage":"es"},{"@type":"Organization","@id":"https:\/\/apc1040.com\/es\/#organization","name":"Akron Income Tax Co","url":"https:\/\/apc1040.com\/es\/","logo":{"@type":"ImageObject","inLanguage":"es","@id":"https:\/\/apc1040.com\/es\/#\/schema\/logo\/image\/","url":"https:\/\/apc1040.com\/wp-content\/uploads\/2024\/11\/income-tax-service-akron.jpg","contentUrl":"https:\/\/apc1040.com\/wp-content\/uploads\/2024\/11\/income-tax-service-akron.jpg","width":800,"height":745,"caption":"Akron Income Tax Co"},"image":{"@id":"https:\/\/apc1040.com\/es\/#\/schema\/logo\/image\/"},"sameAs":["https:\/\/www.facebook.com\/APC1040"]}]}},"amp_enabled":true,"_links":{"self":[{"href":"https:\/\/apc1040.com\/es\/wp-json\/wp\/v2\/pages\/4213","targetHints":{"allow":["GET"]}}],"collection":[{"href":"https:\/\/apc1040.com\/es\/wp-json\/wp\/v2\/pages"}],"about":[{"href":"https:\/\/apc1040.com\/es\/wp-json\/wp\/v2\/types\/page"}],"author":[{"embeddable":true,"href":"https:\/\/apc1040.com\/es\/wp-json\/wp\/v2\/users\/10"}],"replies":[{"embeddable":true,"href":"https:\/\/apc1040.com\/es\/wp-json\/wp\/v2\/comments?post=4213"}],"version-history":[{"count":3,"href":"https:\/\/apc1040.com\/es\/wp-json\/wp\/v2\/pages\/4213\/revisions"}],"predecessor-version":[{"id":11147,"href":"https:\/\/apc1040.com\/es\/wp-json\/wp\/v2\/pages\/4213\/revisions\/11147"}],"wp:featuredmedia":[{"embeddable":true,"href":"https:\/\/apc1040.com\/es\/wp-json\/wp\/v2\/media\/6994"}],"wp:attachment":[{"href":"https:\/\/apc1040.com\/es\/wp-json\/wp\/v2\/media?parent=4213"}],"curies":[{"name":"wp","href":"https:\/\/api.w.org\/{rel}","templated":true}]}}