{"id":4206,"date":"2022-03-26T19:05:37","date_gmt":"2022-03-26T23:05:37","guid":{"rendered":"https:\/\/apc1040.com\/tax-preparers-near-me\/"},"modified":"2024-05-13T12:23:13","modified_gmt":"2024-05-13T16:23:13","slug":"preparadores-de-impuestos-cerca-de-mi-2","status":"publish","type":"page","link":"https:\/\/apc1040.com\/es\/preparadores-de-impuestos-cerca-de-mi-2\/","title":{"rendered":"Preparadores de impuestos cerca de m\u00ed"},"content":{"rendered":"<section class=\"l-section wpb_row height_small\"><div class=\"l-section-h i-cf\"><div class=\"g-cols vc_row via_flex valign_top type_default stacking_default\"><div class=\"vc_col-sm-12 wpb_column vc_column_container\"><div class=\"vc_column-inner\"><div class=\"wpb_wrapper\"><div class=\"wpb_text_column\"><div class=\"wpb_wrapper\"><h2 data-pm-slice=\"1 1 &#091;&#093;\">Razones principales para contratar a un preparador de impuestos local<\/h2>\n<p data-pm-slice=\"1 1 &#091;&#093;\">\u00bfEst\u00e1 buscando un preparador de impuestos cerca de m\u00ed? \u00a1No busque m\u00e1s all\u00e1 de Akron Income Tax Co! Somos los mejores en la ciudad para preparar sus impuestos y obtener el mayor reembolso posible. Conocemos todos los entresijos del c\u00f3digo fiscal, por lo que podemos asegurarnos de que obtenga todas las deducciones y cr\u00e9ditos que se merece.<\/p>\n<p>Vis\u00edtenos hoy y perm\u00edtanos ayudarlo a aprovechar al m\u00e1ximo su declaraci\u00f3n de impuestos.<\/p>\n<\/div><\/div><div class=\"w-image align_center\"><div class=\"w-image-h\"><img decoding=\"async\" width=\"1000\" height=\"703\" src=\"https:\/\/apc1040.com\/wp-content\/uploads\/2022\/06\/photo-1554224154-26032ffc0d07.jpg\" class=\"attachment-full size-full\" alt=\"photo 1554224154 26032ffc0d07\" loading=\"lazy\" srcset=\"https:\/\/apc1040.com\/wp-content\/uploads\/2022\/06\/photo-1554224154-26032ffc0d07.jpg 1000w, https:\/\/apc1040.com\/wp-content\/uploads\/2022\/06\/photo-1554224154-26032ffc0d07-300x211.jpg 300w\" sizes=\"auto, (max-width: 1000px) 100vw, 1000px\" \/><\/div><\/div><div class=\"wpb_text_column\"><div class=\"wpb_wrapper\"><h2>\u00bfPor qu\u00e9 necesita el servicio de preparaci\u00f3n de impuestos?<\/h2>\n<p>Hay varias razones por las que puede necesitar los servicios de preparaci\u00f3n de impuestos.<\/p>\n<ul>\n<li>Una de las razones m\u00e1s comunes es que necesita ayuda para preparar su declaraci\u00f3n de impuestos. Los preparadores de impuestos tienen el conocimiento y la experiencia para ayudarlo a presentar sus impuestos correctamente y maximizar su reembolso de impuestos. Tambi\u00e9n pueden ayudarlo a encontrar deducciones y <a href=\"https:\/\/apc1040.com\/es\/credito-fiscal-para-vehiculos-electricos\/\">cr\u00e9ditos fiscales para<\/a> los que puede ser elegible.<\/li>\n<li>Otra raz\u00f3n para usar los servicios de preparaci\u00f3n de impuestos es si es due\u00f1o de un negocio. Los due\u00f1os de negocios enfrentan desaf\u00edos fiscales \u00fanicos, y un preparador de impuestos profesional puede ayudarlo a superar estos desaf\u00edos y minimizar su obligaci\u00f3n fiscal.<\/li>\n<li>Es posible que tambi\u00e9n necesite preparaci\u00f3n de impuestos si trabaja por cuenta propia. Las personas que trabajan por cuenta propia a menudo deben presentar el Anexo C, que puede ser complicado y llevar mucho tiempo. Un preparador de impuestos puede ayudarlo a presentar correctamente el Anexo C y maximizar sus deducciones.<\/li>\n<li>Finalmente, si tiene una situaci\u00f3n financiera compleja, es posible que necesite servicios de preparaci\u00f3n de impuestos para asegurarse de que sus impuestos se presenten correctamente. Esto incluye ingresos por inversiones, ingresos por propiedades de alquiler o ingresos extranjeros.<\/li>\n<\/ul>\n<p>No importa cu\u00e1l sea la raz\u00f3n por la que necesita los servicios de preparaci\u00f3n de impuestos, es fundamental elegir un preparador de impuestos acreditado y con experiencia. Akron Income Tax Co es uno de los preparadores de impuestos l\u00edderes en el \u00e1rea de Akron, y estamos aqu\u00ed para ayudarlo con todas sus necesidades tributarias. Cont\u00e1ctenos hoy para programar una consulta gratis. Estaremos encantados de responder cualquier pregunta que tenga y ayudarlo a determinar si nuestros servicios son adecuados para usted.<\/p>\n<h2>Externalice su servicio de contabilidad<\/h2>\n<p>La preparaci\u00f3n de impuestos es una parte esencial del funcionamiento de un negocio. Le ayuda a realizar un seguimiento de sus gastos y asegurarse de que cumple con el IRS. Sin embargo, puede llevar mucho tiempo y ser costoso hacerlo por su cuenta. Es por eso que es esencial encontrar un preparador de impuestos calificado que pueda ayudarlo a presentar sus impuestos correctamente y a tiempo.<\/p>\n<p>Akron Income Tax Co es un preparador de impuestos local que puede ayudarlo con sus necesidades tributarias. Tenemos a\u00f1os de experiencia en la preparaci\u00f3n de impuestos para empresas de todos los tama\u00f1os. Adem\u00e1s, podemos ayudarlo a aprovechar al m\u00e1ximo sus deducciones y cr\u00e9ditos.<\/p>\n<p>Por lo tanto, subcontrate sus operaciones contables a nuestros contadores p\u00fablicos certificados y mantenga contento al IRS.<\/p>\n<ul>\n<li>Cuando subcontrata su contabilidad, libera tiempo para que pueda concentrarse en otros aspectos de su negocio. Esto es especialmente importante si usted es propietario de una peque\u00f1a empresa o empresario que usa muchos sombreros.<\/li>\n<li>Los costos operativos son uno de los mayores gastos para las empresas. Al subcontratar, puede mantener sus costos bajos y ahorrar dinero a largo plazo.<\/li>\n<li>Adem\u00e1s, cuando subcontrata, puede estar seguro de que sus registros se mantendr\u00e1n en orden y actualizados.<\/li>\n<li>Cumplir con las normas gubernamentales es importante para cualquier empresa. Puede estar seguro de que sus registros financieros cumplen con todas las leyes y regulaciones pertinentes.<\/li>\n<li>Saber que su contabilidad est\u00e1 en buenas manos puede brindarle tranquilidad y permitirle concentrarse en otros aspectos de su negocio. Puede estar seguro de que los profesionales est\u00e1n manejando sus finanzas.<\/li>\n<\/ul>\n<\/div><\/div><div class=\"w-image align_center\"><div class=\"w-image-h\"><img decoding=\"async\" width=\"509\" height=\"339\" src=\"https:\/\/apc1040.com\/wp-content\/uploads\/2022\/06\/istockphoto-1298118430-170667a.jpg\" class=\"attachment-large size-large\" alt=\"income tax\" loading=\"lazy\" srcset=\"https:\/\/apc1040.com\/wp-content\/uploads\/2022\/06\/istockphoto-1298118430-170667a.jpg 509w, https:\/\/apc1040.com\/wp-content\/uploads\/2022\/06\/istockphoto-1298118430-170667a-300x200.jpg 300w\" sizes=\"auto, (max-width: 509px) 100vw, 509px\" \/><\/div><\/div><div class=\"wpb_text_column\"><div class=\"wpb_wrapper\"><h2>Nuestros servicios<\/h2>\n<p>En Akron Income Tax Co, ofrecemos una amplia gama de servicios para ayudar a nuestros clientes con su preparaci\u00f3n de impuestos. Nuestro profesional de impuestos preparar\u00e1 sus declaraciones de <a href=\"https:\/\/apc1040.com\/es\/declaracion-de-impuestos-federales-sobre-la-renta\/\">impuestos federales<\/a>, lo ayudar\u00e1 con la preparaci\u00f3n del impuesto sobre la renta, brindar\u00e1 servicios de consultor\u00eda fiscal, lo representar\u00e1 en una auditor\u00eda y lo ayudar\u00e1 con los problemas de impuestos estatales y del IRS. Tambi\u00e9n podemos ayudarlo a comenzar su negocio y brindarle configuraci\u00f3n y soporte de QuickBooks.<\/p>\n<h3>1. Preparaci\u00f3n de declaraciones de impuestos<\/h3>\n<p>Nuestros profesionales de impuestos pueden ayudarlo a preparar sus declaraciones de impuestos federales y estatales de manera r\u00e1pida y precisa. Nuestros mejores preparadores de impuestos trabajar\u00e1n con usted para garantizar que aproveche al m\u00e1ximo su reembolso de impuestos. Finalmente, lo m\u00e1s importante es que nuestra <a href=\"https:\/\/apc1040.com\/es\/servicios-de-impuestos-baratos\/\">la tarifa b\u00e1sica es de $120<\/a> para la preparaci\u00f3n de impuestos.<\/p>\n<h3>2. Planificaci\u00f3n Fiscal<\/h3>\n<p>La planificaci\u00f3n fiscal es una parte esencial de cualquier estrategia fiscal. Nuestro equipo puede ayudarlo a desarrollar un plan para minimizar su obligaci\u00f3n tributaria y maximizar sus ahorros fiscales.<\/p>\n<h3>3. Asesor\u00eda Fiscal<\/h3>\n<p>\u00bfNecesita ayuda para comprender las leyes fiscales complejas? Nuestro equipo de asesores fiscales puede ayudarlo a entender todo. Lo ayudaremos a comprender sus opciones y tomar las mejores decisiones para su negocio o finanzas personales.<\/p>\n<h3>4. Representaci\u00f3n de auditor\u00eda<\/h3>\n<p>Si se enfrenta a una auditor\u00eda del IRS o de una agencia tributaria estatal, nuestro equipo puede ayudarlo. Revisaremos su caso y trabajaremos con usted para desarrollar una estrategia para responder a la auditor\u00eda.<\/p>\n<h3>5. Problemas con el IRS y los impuestos estatales<\/h3>\n<p>Si est\u00e1 lidiando con un problema de impuestos estatales o del IRS, nuestro equipo puede ayudarlo. Tenemos experiencia en la resoluci\u00f3n de problemas fiscales y podemos ayudarlo a obtener el resultado que se merece.<\/p>\n<h3>6. Consultor\u00eda de Negocios<\/h3>\n<p>\u00bfNecesita ayuda para iniciar o hacer crecer su negocio? Nuestro equipo de consultores de negocios puede ayudar. Ofrecemos una amplia gama de servicios, desde la planificaci\u00f3n comercial hasta la configuraci\u00f3n y el soporte de QuickBooks.<\/p>\n<h3>7. Configuraci\u00f3n y soporte de QuickBooks<\/h3>\n<p>QuickBooks es una herramienta poderosa para administrar las finanzas de su peque\u00f1a empresa, pero puede ser complicado de configurar y usar. Nuestro equipo puede ayudarlo a aprovechar al m\u00e1ximo <a href=\"https:\/\/apc1040.com\/es\/quickbooks-vs-quicken-hogar-y-negocios-una-guia-comparativa\/\">QuickBooks<\/a> con soporte de configuraci\u00f3n y capacitaci\u00f3n continua.<\/p>\n<\/div><\/div><div class=\"w-image align_center\"><div class=\"w-image-h\"><img decoding=\"async\" width=\"780\" height=\"520\" src=\"https:\/\/apc1040.com\/wp-content\/uploads\/2022\/06\/photo-1598432439250-0330f9130e14.jpg\" class=\"attachment-large size-large\" alt=\"Archivo en casa\" loading=\"lazy\" srcset=\"https:\/\/apc1040.com\/wp-content\/uploads\/2022\/06\/photo-1598432439250-0330f9130e14.jpg 1000w, https:\/\/apc1040.com\/wp-content\/uploads\/2022\/06\/photo-1598432439250-0330f9130e14-300x200.jpg 300w\" sizes=\"auto, (max-width: 780px) 100vw, 780px\" \/><\/div><\/div><div class=\"wpb_text_column\"><div class=\"wpb_wrapper\"><h2>\u00bfPor qu\u00e9 elegirnos?<\/h2>\n<p>En <a href=\"https:\/\/apc1040.com\/es\/akron-income-tax-co-vea-nuestra-presencia-en-la-web\/\">Akron Income Tax<\/a> Co, brindamos una amplia gama de servicios de preparaci\u00f3n de impuestos a individuos y empresas en el \u00e1rea. Hemos estado en el negocio durante a\u00f1os, y nuestro personal experimentado est\u00e1 dedicado a brindar a nuestros clientes la m\u00e1s alta calidad de servicio posible.<\/p>\n<h3>1. Servicios Profesionales<\/h3>\n<p>Cuando elija nuestra empresa, se le asignar\u00e1 un contador profesional que se ocupar\u00e1 de sus impuestos y necesidades financieras. Contamos con un equipo de preparadores de impuestos experimentados que conocen las \u00faltimas leyes <a href=\"https:\/\/apc1040.com\/es\/deducciones-por-publicidad-y-marketing-maximizar-sus-beneficios-fiscales\/\">fiscales y pueden ayudarlo a maximizar sus deducciones<\/a> de impuestos. Proporcionar a nuestros clientes ayuda con los impuestos para obtener un reembolso mayor y estar disponible para responder preguntas durante la temporada de impuestos es de lo que se trata.<\/p>\n<h3>2. Tarifas asequibles<\/h3>\n<p>Ofrecemos tarifas asequibles para <a href=\"https:\/\/apc1040.com\/es\/lista-de-nuestros-servicios\/\">nuestros servicios<\/a> para que pueda ahorrar dinero en sus impuestos. Presentar y preparar declaraciones de impuestos es lo que hacemos. nuestra tarifa m\u00ednima es de $120 durante la temporada de impuestos.<\/p>\n<h3>3. Exactitud y Precisi\u00f3n<\/h3>\n<p>Nuestros contadores est\u00e1n capacitados para ser exactos y precisos al preparar sus impuestos. Se asegurar\u00e1n de que toda la informaci\u00f3n en su declaraci\u00f3n de impuestos sea correcta para obtener el m\u00e1ximo reembolso posible.<\/p>\n<h3>4. Conveniencia<\/h3>\n<p>Ofrecemos ubicaciones y horarios convenientes para que pueda hacer sus impuestos cuando sea adecuado para usted. Tambi\u00e9n ofrecemos declaraciones de impuestos remotas para que pueda presentar sus impuestos desde la comodidad de su hogar. Durante la temporada de presentaci\u00f3n podemos presentar electr\u00f3nicamente para obtener su reembolso en el menor tiempo posible.<\/p>\n<h3>5. Servicio R\u00e1pido Y Eficiente<\/h3>\n<p>Entendemos que est\u00e1 ocupado y necesita presentar sus impuestos federales y hacerlo r\u00e1pidamente. Por eso ofrecemos un servicio r\u00e1pido y eficaz. Haremos sus impuestos correctamente la primera vez para que pueda continuar con su vida.<\/p>\n<p>\u00a1Ll\u00e1menos hoy para programar una cita!<\/p>\n<\/div><\/div><div class=\"w-image align_center\"><div class=\"w-image-h\"><img decoding=\"async\" width=\"509\" height=\"340\" src=\"https:\/\/apc1040.com\/wp-content\/uploads\/2022\/06\/istockphoto-1325860496-170667a.jpg\" class=\"attachment-large size-large\" alt=\"istockphoto 1325860496 170667a\" loading=\"lazy\" srcset=\"https:\/\/apc1040.com\/wp-content\/uploads\/2022\/06\/istockphoto-1325860496-170667a.jpg 509w, https:\/\/apc1040.com\/wp-content\/uploads\/2022\/06\/istockphoto-1325860496-170667a-300x200.jpg 300w\" sizes=\"auto, (max-width: 509px) 100vw, 509px\" \/><\/div><\/div><div class=\"wpb_text_column\"><div class=\"wpb_wrapper\"><h3>Preguntas frecuentes<\/h3>\n<h3>1. \u00bfCu\u00e1l es el costo de sus servicios?<\/h3>\n<p>El costo de nuestros servicios depende de la complejidad de su situaci\u00f3n fiscal y los tipos de documentos fiscales. El dinero que nos paga por presentar sus impuestos debe proporcionarle el mejor reembolso de impuestos que pueda obtener con su declaraci\u00f3n completa. Nuestros profesionales de impuestos cobran <a href=\"https:\/\/apc1040.com\/es\/servicios-de-impuestos-baratos\/\">$120 por la presentaci\u00f3n b\u00e1sica<\/a>. Ofrecemos una consulta inicial gratuita para discutir sus necesidades y darle una estimaci\u00f3n de nuestros honorarios.<\/p>\n<h3>2. \u00bfOfrecen planes de pago?<\/h3>\n<p>S\u00ed, ofrecemos planes de pago para nuestros clientes. Queremos que nuestros servicios sean asequibles para todos, por lo que podemos trabajar con usted para crear un plan de pago que se ajuste a su presupuesto. Aceptamos tarjetas de cr\u00e9dito, cheques y tambi\u00e9n podemos enviarle una factura en l\u00ednea.<\/p>\n<h3>3. \u00bfCu\u00e1l es su horario de atenci\u00f3n?<\/h3>\n<p>Estamos abiertos de lunes a jueves de 9 am a 5 pm. Viernes de 9 am a 5 pm. S\u00e1bado de 9 am a 3 pm durante la temporada de impuestos. Abrimos el resto del a\u00f1o con cita previa.<\/p>\n<h3>4. \u00bfTiene una ubicaci\u00f3n f\u00edsica que pueda visitar?<\/h3>\n<p>S\u00ed, tenemos una ubicaci\u00f3n f\u00edsica en Akron, Ohio. Estaremos encantados de reunirnos con usted para analizar sus necesidades fiscales.<\/p>\n<h3>5. \u00bfOfrecen servicios en l\u00ednea?<\/h3>\n<p>S\u00ed, ofrecemos servicios en l\u00ednea para nuestros clientes. Podemos ayudarlo a preparar y presentar sus impuestos en l\u00ednea, y tambi\u00e9n ofrecemos servicios de presentaci\u00f3n electr\u00f3nica.<\/p>\n<h3>6. \u00bfOfrecen servicios de planificaci\u00f3n fiscal?<\/h3>\n<p>S\u00ed, ofrecemos servicios de planificaci\u00f3n fiscal para nuestros clientes. Podemos ayudarlo a dise\u00f1ar una estrategia para el pr\u00f3ximo a\u00f1o y asegurarnos de que est\u00e9 aprovechando todas las deducciones y cr\u00e9ditos para los que es elegible. Encontr\u00f3 a la persona y al preparador adecuados para reducir sus pagos al IRS. Nuestra asistencia puede marcar la diferencia en la reducci\u00f3n de sus pagos al obtener todos los <a href=\"https:\/\/apc1040.com\/es\/deducciones-fiscales-creditos-fiscales\/\">cr\u00e9ditos fiscales<\/a> que merece cada empresa.<\/p>\n<h3>7. \u00bfOfrecen servicios de defensa ante auditor\u00edas?<\/h3>\n<p>S\u00ed, ofrecemos servicios de defensa de auditor\u00eda para nuestros clientes. Podemos ayudarlo a navegar el proceso de auditor\u00eda y asegurarnos de que est\u00e9 preparado para todo.<\/p>\n<h3>8. \u00bfOfrecen otros servicios?<\/h3>\n<p>Tambi\u00e9n ofrecemos una variedad de otros servicios, que incluyen contabilidad, capacitaci\u00f3n en QuickBooks y consultor\u00eda comercial. Cont\u00e1ctenos hoy para obtener m\u00e1s informaci\u00f3n sobre c\u00f3mo podemos ayudarlo a hacer crecer su negocio. El IRS requiere que los contribuyentes proporcionen sus n\u00fameros de seguro social y certifiquen que la declaraci\u00f3n est\u00e1 completa. Para evitar cualquier problema fiscal, los preparadores pagados deben verificar el n\u00famero de seguro social de cada persona.<\/p>\n<h2>Empiece ahora<\/h2>\n<p>Si est\u00e1 buscando preparaci\u00f3n de impuestos, Akron Income Tax Co est\u00e1 aqu\u00ed para brindarle ayuda fiscal y <a href=\"https:\/\/apc1040.com\/es\/preguntas-frecuentes-sobre-el-servicio-de-impuestos-preguntas-mas-frecuentes\/\">resuelve tus dudas fiscales<\/a>. Contamos con un equipo de profesionales experimentados que pueden ayudarlo a presentar sus impuestos de manera r\u00e1pida y sencilla. Entendemos los desaf\u00edos \u00fanicos que enfrentan las empresas cuando se trata de la preparaci\u00f3n de impuestos, y podemos ayudarlo a navegar el proceso para garantizar que cumpla con todas las regulaciones.<\/p>\n<p>Adem\u00e1s de nuestra experiencia en la <a href=\"https:\/\/apc1040.com\/es\/preparacion-de-impuestos\/\">preparaci\u00f3n de impuestos<\/a>, tambi\u00e9n estamos al d\u00eda de todos los \u00faltimos cambios. a la ley fiscal para que podamos maximizar sus deducciones y minimizar su responsabilidad. Pague menos tarifas y ahorre en el costo total de sus propios impuestos. Ofrecemos una consulta gratuita para que nos conozcas y conozcas nuestros servicios antes comprometerse a nada. Cont\u00e1ctanos hoy para comenzar.<\/p>\n<\/div><\/div><\/div><\/div><\/div><\/div><\/div><\/section>\n","protected":false},"excerpt":{"rendered":"Razones principales para contratar a un preparador de impuestos local \u00bfEst\u00e1 buscando un preparador de impuestos cerca de m\u00ed? \u00a1No busque m\u00e1s all\u00e1 de Akron Income Tax Co! Somos los mejores en la ciudad para preparar sus impuestos y obtener el mayor reembolso posible. Conocemos todos los entresijos del c\u00f3digo fiscal, por lo que podemos...","protected":false},"author":10,"featured_media":3521,"parent":0,"menu_order":0,"comment_status":"closed","ping_status":"closed","template":"","meta":{"_lmt_disableupdate":"no","_lmt_disable":"","_monsterinsights_skip_tracking":false,"_monsterinsights_sitenote_active":false,"_monsterinsights_sitenote_note":"","_monsterinsights_sitenote_category":0,"_uf_show_specific_survey":0,"_uf_disable_surveys":false,"footnotes":""},"class_list":["post-4206","page","type-page","status-publish","has-post-thumbnail","hentry"],"yoast_head":"<!-- This site is optimized with the Yoast SEO Premium plugin v27.3 (Yoast SEO v27.4) - https:\/\/yoast.com\/product\/yoast-seo-premium-wordpress\/ -->\n<title>Preparadores de impuestos cerca de m\u00ed en Akron Ohio<\/title>\n<meta name=\"description\" content=\"Descubra por qu\u00e9 Akron Income Tax Co es su mejor opci\u00f3n para los preparadore de impuestos cerca de usted en Akron, Ohio.\" \/>\n<meta name=\"robots\" content=\"index, follow, max-snippet:-1, max-image-preview:large, max-video-preview:-1\" \/>\n<link rel=\"canonical\" href=\"https:\/\/apc1040.com\/es\/preparadores-de-impuestos-cerca-de-mi-2\/\" \/>\n<meta property=\"og:locale\" content=\"es_ES\" \/>\n<meta property=\"og:type\" content=\"article\" \/>\n<meta property=\"og:title\" content=\"Preparadores de impuestos cerca de m\u00ed\" \/>\n<meta property=\"og:description\" content=\"Descubra por qu\u00e9 Akron Income Tax Co es su mejor opci\u00f3n para los preparadore de impuestos cerca de usted en Akron, Ohio.\" \/>\n<meta property=\"og:url\" content=\"https:\/\/apc1040.com\/es\/preparadores-de-impuestos-cerca-de-mi-2\/\" \/>\n<meta property=\"og:site_name\" content=\"Akron Income Tax Preparation\" \/>\n<meta property=\"article:publisher\" content=\"https:\/\/www.facebook.com\/APC1040\" \/>\n<meta property=\"article:modified_time\" content=\"2024-05-13T16:23:13+00:00\" \/>\n<meta property=\"og:image\" content=\"https:\/\/apc1040.com\/wp-content\/uploads\/2022\/12\/s7-scaled-1.jpeg\" \/>\n\t<meta property=\"og:image:width\" content=\"2560\" \/>\n\t<meta property=\"og:image:height\" content=\"1737\" \/>\n\t<meta property=\"og:image:type\" content=\"image\/jpeg\" \/>\n<meta name=\"twitter:card\" content=\"summary_large_image\" \/>\n<meta name=\"twitter:label1\" content=\"Est. reading time\" \/>\n\t<meta name=\"twitter:data1\" content=\"9 minutes\" \/>\n<!-- \/ Yoast SEO Premium plugin. -->","yoast_head_json":{"title":"Preparadores de impuestos cerca de m\u00ed en Akron Ohio","description":"Descubra por qu\u00e9 Akron Income Tax Co es su mejor opci\u00f3n para los preparadore de impuestos cerca de usted en Akron, Ohio.","robots":{"index":"index","follow":"follow","max-snippet":"max-snippet:-1","max-image-preview":"max-image-preview:large","max-video-preview":"max-video-preview:-1"},"canonical":"https:\/\/apc1040.com\/es\/preparadores-de-impuestos-cerca-de-mi-2\/","og_locale":"es_ES","og_type":"article","og_title":"Preparadores de impuestos cerca de m\u00ed","og_description":"Descubra por qu\u00e9 Akron Income Tax Co es su mejor opci\u00f3n para los preparadore de impuestos cerca de usted en Akron, Ohio.","og_url":"https:\/\/apc1040.com\/es\/preparadores-de-impuestos-cerca-de-mi-2\/","og_site_name":"Akron Income Tax Preparation","article_publisher":"https:\/\/www.facebook.com\/APC1040","article_modified_time":"2024-05-13T16:23:13+00:00","og_image":[{"width":2560,"height":1737,"url":"https:\/\/apc1040.com\/wp-content\/uploads\/2022\/12\/s7-scaled-1.jpeg","type":"image\/jpeg"}],"twitter_card":"summary_large_image","twitter_misc":{"Est. reading time":"9 minutes"},"schema":{"@context":"https:\/\/schema.org","@graph":[{"@type":"WebPage","@id":"https:\/\/apc1040.com\/es\/preparadores-de-impuestos-cerca-de-mi-2\/","url":"https:\/\/apc1040.com\/es\/preparadores-de-impuestos-cerca-de-mi-2\/","name":"Preparadores de impuestos cerca de m\u00ed en Akron Ohio","isPartOf":{"@id":"https:\/\/apc1040.com\/es\/#website"},"primaryImageOfPage":{"@id":"https:\/\/apc1040.com\/es\/preparadores-de-impuestos-cerca-de-mi-2\/#primaryimage"},"image":{"@id":"https:\/\/apc1040.com\/es\/preparadores-de-impuestos-cerca-de-mi-2\/#primaryimage"},"thumbnailUrl":"https:\/\/apc1040.com\/wp-content\/uploads\/2022\/12\/s7-scaled-1.jpeg","datePublished":"2022-03-26T23:05:37+00:00","dateModified":"2024-05-13T16:23:13+00:00","description":"Descubra por qu\u00e9 Akron Income Tax Co es su mejor opci\u00f3n para los preparadore de impuestos cerca de usted en Akron, Ohio.","breadcrumb":{"@id":"https:\/\/apc1040.com\/es\/preparadores-de-impuestos-cerca-de-mi-2\/#breadcrumb"},"inLanguage":"es","potentialAction":[{"@type":"ReadAction","target":["https:\/\/apc1040.com\/es\/preparadores-de-impuestos-cerca-de-mi-2\/"]}]},{"@type":"ImageObject","inLanguage":"es","@id":"https:\/\/apc1040.com\/es\/preparadores-de-impuestos-cerca-de-mi-2\/#primaryimage","url":"https:\/\/apc1040.com\/wp-content\/uploads\/2022\/12\/s7-scaled-1.jpeg","contentUrl":"https:\/\/apc1040.com\/wp-content\/uploads\/2022\/12\/s7-scaled-1.jpeg","width":2560,"height":1737,"caption":"Akron Income Tax-tax accountant near me-preparadores de impuestos"},{"@type":"BreadcrumbList","@id":"https:\/\/apc1040.com\/es\/preparadores-de-impuestos-cerca-de-mi-2\/#breadcrumb","itemListElement":[{"@type":"ListItem","position":1,"name":"Home","item":"https:\/\/apc1040.com\/es\/"},{"@type":"ListItem","position":2,"name":"Preparadores de impuestos cerca de m\u00ed"}]},{"@type":"WebSite","@id":"https:\/\/apc1040.com\/es\/#website","url":"https:\/\/apc1040.com\/es\/","name":"Akron Income Tax Preparation","description":"Income Tax Preparation Service","publisher":{"@id":"https:\/\/apc1040.com\/es\/#organization"},"potentialAction":[{"@type":"SearchAction","target":{"@type":"EntryPoint","urlTemplate":"https:\/\/apc1040.com\/es\/?s={search_term_string}"},"query-input":{"@type":"PropertyValueSpecification","valueRequired":true,"valueName":"search_term_string"}}],"inLanguage":"es"},{"@type":"Organization","@id":"https:\/\/apc1040.com\/es\/#organization","name":"Akron Income Tax Co","url":"https:\/\/apc1040.com\/es\/","logo":{"@type":"ImageObject","inLanguage":"es","@id":"https:\/\/apc1040.com\/es\/#\/schema\/logo\/image\/","url":"https:\/\/apc1040.com\/wp-content\/uploads\/2024\/11\/income-tax-service-akron.jpg","contentUrl":"https:\/\/apc1040.com\/wp-content\/uploads\/2024\/11\/income-tax-service-akron.jpg","width":800,"height":745,"caption":"Akron Income Tax Co"},"image":{"@id":"https:\/\/apc1040.com\/es\/#\/schema\/logo\/image\/"},"sameAs":["https:\/\/www.facebook.com\/APC1040"]}]}},"amp_enabled":true,"_links":{"self":[{"href":"https:\/\/apc1040.com\/es\/wp-json\/wp\/v2\/pages\/4206","targetHints":{"allow":["GET"]}}],"collection":[{"href":"https:\/\/apc1040.com\/es\/wp-json\/wp\/v2\/pages"}],"about":[{"href":"https:\/\/apc1040.com\/es\/wp-json\/wp\/v2\/types\/page"}],"author":[{"embeddable":true,"href":"https:\/\/apc1040.com\/es\/wp-json\/wp\/v2\/users\/10"}],"replies":[{"embeddable":true,"href":"https:\/\/apc1040.com\/es\/wp-json\/wp\/v2\/comments?post=4206"}],"version-history":[{"count":0,"href":"https:\/\/apc1040.com\/es\/wp-json\/wp\/v2\/pages\/4206\/revisions"}],"wp:featuredmedia":[{"embeddable":true,"href":"https:\/\/apc1040.com\/es\/wp-json\/wp\/v2\/media\/3521"}],"wp:attachment":[{"href":"https:\/\/apc1040.com\/es\/wp-json\/wp\/v2\/media?parent=4206"}],"curies":[{"name":"wp","href":"https:\/\/api.w.org\/{rel}","templated":true}]}}