{"id":4204,"date":"2022-10-31T15:12:21","date_gmt":"2022-10-31T19:12:21","guid":{"rendered":"https:\/\/apc1040.com\/nearest-tax-office-to-me\/"},"modified":"2024-05-13T07:44:13","modified_gmt":"2024-05-13T11:44:13","slug":"oficina-de-impuestos-mas-cercana-a-mi","status":"publish","type":"page","link":"https:\/\/apc1040.com\/es\/oficina-de-impuestos-mas-cercana-a-mi\/","title":{"rendered":"Oficina de impuestos m\u00e1s cercana a m\u00ed"},"content":{"rendered":"<h2>Oficina de impuestos m\u00e1s cercana a m\u00ed | Compa\u00f1\u00eda de impuestos sobre la renta de Akron<\/h2>\n<p><img decoding=\"async\" class=\"aligncenter size-medium wp-image-2071\" title=\"Tax Preparation\" src=\"https:\/\/apc1040.com\/wp-content\/uploads\/2022\/03\/AD120-300x202.jpg\" alt=\"Tax Preparation\" width=\"300\" height=\"202\" \/><\/p>\n<p>\u00bfHay algo m\u00e1s en la temporada de impuestos que buscar fren\u00e9ticamente la oficina de impuestos m\u00e1s cercana? Todos hemos estado all\u00ed. Espera hasta el \u00faltimo minuto para declarar sus impuestos y luego se da cuenta de que no tiene idea de d\u00f3nde est\u00e1 su oficina local. O, peor a\u00fan, crees que sabes d\u00f3nde est\u00e1 solo para descubrir que se ha movido.<\/p>\n<p>No te preocupes. Estamos aqu\u00ed para ayudar. Akron Income Tax Co est\u00e1 ubicada en 2215 E. Waterloo Rd. Suite 113 Akron, Ohio 44312. Abrimos de 8:30 am a 4:30 pm de lunes a viernes. Ofrecemos varios servicios de impuestos a nuestros clientes con la mejor experiencia fiscal posible. Si a\u00fan se siente perdido, no dude en llamarnos al (330)733-1040 y lo guiaremos en la direcci\u00f3n correcta.<\/p>\n<h2>\u00bfQu\u00e9 incluyen nuestros servicios?<\/h2>\n<p>Tanto si eres un particular como un <a href=\"https:\/\/apc1040.com\/es\/small-business-income-tax-service\/\">peque\u00f1a empresa<\/a>, podemos ayudarte con tus impuestos Ofrecemos una amplia gama de servicios para ayudarlo a aprovechar al m\u00e1ximo su declaraci\u00f3n de impuestos. Estas son algunas de las cosas que podemos hacer por usted:<\/p>\n<p>Declaraciones de impuestos sobre la renta: Podemos preparar sus declaraciones de impuestos sobre la renta federales y estatales. Para asegurarnos de que obtenga el mayor reembolso posible, analizaremos su situaci\u00f3n particular y nos aseguraremos de que todas las deducciones y cr\u00e9ditos a los que tiene derecho est\u00e9n incluidos en su declaraci\u00f3n. Nos encargaremos de todos los formularios populares y los requisitos relevantes del IRS.<\/p>\n<p>Impuestos sobre el trabajo por cuenta propia: podemos ayudarlo con sus impuestos trimestrales estimados y la declaraci\u00f3n anual de impuestos para personas que trabajan por cuenta propia. Nos aseguraremos de que aproveche todas las deducciones y cr\u00e9ditos disponibles.<\/p>\n<p>Declaraciones de impuestos sobre las ventas: si es propietario de un negocio, podemos ayudarlo a presentar sus declaraciones de impuestos sobre las ventas. Nos aseguraremos de que informe correctamente sus ventas y pague los impuestos correspondientes.<\/p>\n<h2>Declaraciones de impuestos sobre la propiedad<\/h2>\n<p>Declaraciones de impuestos sobre la propiedad: si bien la mayor\u00eda de los impuestos sobre la propiedad se pagan a trav\u00e9s de su hipoteca, puede haber ocasiones en las que necesite presentar una declaraci\u00f3n por separado. Para garantizar que calcule correctamente sus impuestos sobre la propiedad, podemos ayudarlo a preparar su declaraci\u00f3n.<\/p>\n<p>Consultor\u00eda: Ofrecemos servicios de consultor\u00eda si tiene preguntas sobre sus impuestos. Podemos ayudarlo a comprender las leyes fiscales y c\u00f3mo se aplican a su situaci\u00f3n. Tambi\u00e9n podemos ayudarlo a planificar los pr\u00f3ximos cambios en la ley tributaria que puedan afectarlo.<\/p>\n<p>Contabilidad: nuestros servicios de contabilidad pueden ayudarlo a mantenerse organizado y al tanto de sus finanzas. Podemos realizar un seguimiento de sus ingresos y gastos, preparar estados financieros y manejar otras tareas de contabilidad. Podemos ayudarlo a poner sus finanzas en orden de principio a fin.<\/p>\n<h2>\u00bfPor qu\u00e9 elegirnos?<\/h2>\n<figure id=\"attachment_3222\" aria-describedby=\"caption-attachment-3222\" style=\"width: 450px\" class=\"wp-caption aligncenter\"><img decoding=\"async\" class=\"size-medium wp-image-3222\" title=\"nearest tax office to me\" src=\"https:\/\/apc1040.com\/wp-content\/uploads\/2022\/10\/nearest-450x300.jpg\" alt=\"nearest tax office to me\" width=\"450\" height=\"300\" srcset=\"https:\/\/apc1040.com\/wp-content\/uploads\/2022\/10\/nearest-450x300.jpg 450w, https:\/\/apc1040.com\/wp-content\/uploads\/2022\/10\/nearest-780x520.jpg 780w, https:\/\/apc1040.com\/wp-content\/uploads\/2022\/10\/nearest.jpg 1000w\" sizes=\"(max-width: 450px) 100vw, 450px\" \/><figcaption id=\"caption-attachment-3222\" class=\"wp-caption-text\">oficina de impuestos m\u00e1s cercana a m\u00ed<\/figcaption><\/figure>\n<p>&nbsp;<\/p>\n<p>Con a\u00f1os de experiencia, nuestro <a href=\"https:\/\/apc1040.com\/es\/\">equipo de Akron Income Tax Co<\/a> est\u00e1 dedicado a brindarle los mejores servicios fiscales posibles. Estamos aqu\u00ed para ayudarlo a aprovechar al m\u00e1ximo su declaraci\u00f3n de impuestos y garantizar que cumpla con todas las leyes fiscales aplicables. Sabemos que lidiar con los impuestos puede ser estresante, por lo que nos esforzamos por hacer que el proceso sea lo m\u00e1s simple posible.<\/p>\n<p>Nuestro compromiso con nuestros clientes nos distingue de otros proveedores de servicios de impuestos. No estamos aqu\u00ed solo para preparar sus impuestos, estamos aqu\u00ed para ayudarlo a comprender el proceso de impuestos y asegurarnos de que aproveche al m\u00e1ximo su declaraci\u00f3n de impuestos.<\/p>\n<p>Trabajaremos con usted para asegurarnos de que est\u00e1 aprovechando todas las deducciones y cr\u00e9ditos a los que tiene derecho, y lo ayudaremos a planificar el futuro para minimizar su obligaci\u00f3n tributaria. Sabemos que la situaci\u00f3n de cada persona es diferente, por lo que ofrecemos varios servicios que se pueden adaptar a sus necesidades espec\u00edficas. Tanto si es un particular como si es una empresa, podemos proporcionarle los <a href=\"https:\/\/apc1040.com\/es\/servicios-de-impuestos-baratos\/\">servicios fiscales<\/a> necesarios.<\/p>\n<h2>Ac\u00e9rquese o llame hoy para una consulta<\/h2>\n<p>Si est\u00e1 atascado con sus impuestos y no est\u00e1 seguro de a d\u00f3nde acudir, no busque m\u00e1s all\u00e1 de <a href=\"https:\/\/apc1040.com\/es\/testimonios-akron-income-tax-co\/\">Akron Income Tax Co.<\/a> Somos la compa\u00f1\u00eda de impuestos l\u00edder en el \u00e1rea y podemos ayudarlo a hacer sus impuestos correctamente. Contamos con un equipo de expertos que pueden ayudarte con cualquier situaci\u00f3n fiscal, por compleja que sea. Desde presentar su declaraci\u00f3n hasta obtener una extensi\u00f3n, podemos ayudarlo en cada paso del camino.<\/p>\n<p>Adem\u00e1s, ofrecemos una <a href=\"https:\/\/apc1040.com\/es\/contactar-con-akron-income-tax-co\/cita-para-una-consulta-fiscal-gratuita\/\">consulta gratuita para<\/a> que pueda venir y hablar con nosotros sobre sus necesidades fiscales espec\u00edficas. Trabajaremos con usted para encontrar la mejor soluci\u00f3n para su situaci\u00f3n y asegurarnos de que obtenga la mayor cantidad de dinero. Si bien no podemos garantizar un reembolso, haremos todo lo posible para obtener el mejor resultado posible. Entonces, si est\u00e1 buscando la oficina de <a href=\"https:\/\/apc1040.com\/es\/profesional-de-los-impuestos-cerca-de-mi\/\">impuestos<\/a> m\u00e1s cercana a m\u00ed, no busque m\u00e1s all\u00e1 de Akron Income Tax Co. Estamos aqu\u00ed para ayudarlo con todas sus necesidades de impuestos. Programe una consulta gratuita hoy y perm\u00edtanos ayudarlo a hacer bien sus impuestos.<\/p>\n<h3>\u00bfQu\u00e9 debe llevar el d\u00eda de la cita?<\/h3>\n<p>Para su comodidad, traiga los siguientes art\u00edculos:<\/p>\n<p>Una copia de su declaraci\u00f3n de impuestos m\u00e1s reciente<\/p>\n<p>Formularios W-2 de cada empleador<\/p>\n<p>Formulario 1099 (si trabaja por cuenta propia)<\/p>\n<p>Declaraciones de intereses y dividendos de bancos (formularios 1099)<\/p>\n<p>Una copia de su declaraci\u00f3n de impuestos del \u00faltimo a\u00f1o (si tiene una)<\/p>\n<p>Todos los registros de sus ingresos y gastos<\/p>\n<p>Recibos por contribuciones caritativas<\/p>\n<p>Una lista de las deducciones que planea reclamar<\/p>\n<p>Registros de cualquier pago de impuestos estimados que haya realizado<\/p>\n<p>Su chequera u otros m\u00e9todos de pago, si debe impuestos<\/p>\n<p>Su tarjeta de n\u00famero de seguro social o n\u00famero de identificaci\u00f3n de contribuyente individual (ITIN)<\/p>\n<h3>Preguntas frecuentes<\/h3>\n<h3>1. \u00bfTiene numerosas oficinas de impuestos?<\/h3>\n<p>Actualmente, nuestra oficina est\u00e1 en Akron, Ohio. Nuestro objetivo es crecer y expandir nuestro negocio para tener sucursales de impuestos en los Estados Unidos. Puede consultar nuestro sitio web o llamarnos para averiguar si hemos agregado nuevas ubicaciones. Si no es factible que visite, cont\u00e1ctenos en l\u00ednea o por tel\u00e9fono, y estaremos encantados de ayudarlo con sus necesidades de impuestos sobre la renta.<\/p>\n<h3>2. \u00bfC\u00f3mo hacer una cita?<\/h3>\n<p>Puede llamar a nuestra oficina al 330-733-1040 para programar una cita. Estamos abiertos de lunes a jueves de 9 a. m. a 7 p. m., viernes de 9 a. m. a las 5 p. m. y el s\u00e1bado de 9 a 15 hs. Las citas fuera de este horario se pueden programar poni\u00e9ndose en contacto con nosotros con antelaci\u00f3n.<\/p>\n<p>En segundo lugar, puede dejar sus impuestos en cualquier momento durante nuestro horario de atenci\u00f3n y los completaremos en uno o dos d\u00edas.<\/p>\n<h3>3. \u00bfCu\u00e1les son las tarifas para presentar una declaraci\u00f3n de impuestos?<\/h3>\n<p>En Akron Income Tax Co, ofrecemos precios competitivos para nuestros servicios de impuestos. Trabajaremos con usted para encontrar una soluci\u00f3n que satisfaga sus necesidades y presupuesto. Puede esperar pagar un precio justo por nuestros servicios de calidad.<\/p>\n<h3>4. \u00bfCu\u00e1les son las formas de pago que acepta?<\/h3>\n<p>Aceptamos efectivo, cheques y tarjetas de cr\u00e9dito. Tambi\u00e9n ofrecemos planes de pago a personas calificadas. Cont\u00e1ctenos para discutir sus opciones.<\/p>\n<h3>5. \u00bfCu\u00e1nto tiempo tomar\u00e1 preparar mi declaraci\u00f3n de impuestos?<\/h3>\n<p>El tiempo que lleva preparar una declaraci\u00f3n de impuestos var\u00eda seg\u00fan la complejidad de la declaraci\u00f3n. La mayor\u00eda de las veces, <a href=\"https:\/\/apc1040.com\/es\/ron-el-recaudador-de-impuestos-completando-impuestos-desde-1982\/\">completamos sus impuestos<\/a> dentro de una hora mientras est\u00e1 en su cita. Muy rara vez, si necesitamos informaci\u00f3n adicional, necesitaremos m\u00e1s tiempo. Trabajaremos con usted para determinar un cronograma que funcione para usted.<\/p>\n<h4>Vis\u00edtenos o cont\u00e1ctenos en l\u00ednea<\/h4>\n<p>Ya sea que tenga una pregunta sobre sus impuestos o necesite presentar una declaraci\u00f3n, nuestro equipo de Akron Income Tax Co est\u00e1 aqu\u00ed para ayudarlo. Puede visitar la ubicaci\u00f3n de nuestra oficina o contactarnos en l\u00ednea. Nuestros expertos en impuestos estar\u00e1n m\u00e1s que felices de responder cualquier pregunta que pueda tener. No dude en comunicarse con nosotros hoy. Esperamos tener noticias suyas pronto.<\/p>\n","protected":false},"excerpt":{"rendered":"<p>Oficina de impuestos m\u00e1s cercana a m\u00ed | Compa\u00f1\u00eda de impuestos sobre la renta de Akron \u00bfHay algo m\u00e1s en la temporada de impuestos que buscar fren\u00e9ticamente la oficina de impuestos m\u00e1s cercana? Todos hemos estado all\u00ed. Espera hasta el \u00faltimo minuto para declarar sus impuestos y luego se da cuenta de que no tiene&#8230;<\/p>\n","protected":false},"author":10,"featured_media":6991,"parent":0,"menu_order":0,"comment_status":"closed","ping_status":"closed","template":"","meta":{"_lmt_disableupdate":"no","_lmt_disable":"","_monsterinsights_skip_tracking":false,"_monsterinsights_sitenote_active":false,"_monsterinsights_sitenote_note":"","_monsterinsights_sitenote_category":0,"_uf_show_specific_survey":0,"_uf_disable_surveys":false,"footnotes":""},"class_list":["post-4204","page","type-page","status-publish","has-post-thumbnail","hentry"],"yoast_head":"<!-- This site is optimized with the Yoast SEO Premium plugin v27.3 (Yoast SEO v27.5) - https:\/\/yoast.com\/product\/yoast-seo-premium-wordpress\/ -->\n<title>Oficina de impuestos m\u00e1s cercana a m\u00ed en Akron Ohio<\/title>\n<meta name=\"description\" content=\"\u00bfBuscando la oficina de impuestos m\u00e1s cercana a m\u00ed? Los impuestos se preparan por solo $ 120. Estamos ubicados en Waterloo Rd en Akron Ohio.\" \/>\n<meta name=\"robots\" content=\"index, follow, max-snippet:-1, max-image-preview:large, max-video-preview:-1\" \/>\n<link rel=\"canonical\" href=\"https:\/\/apc1040.com\/es\/oficina-de-impuestos-mas-cercana-a-mi\/\" \/>\n<meta property=\"og:locale\" content=\"es_ES\" \/>\n<meta property=\"og:type\" content=\"article\" \/>\n<meta property=\"og:title\" content=\"Oficina de impuestos m\u00e1s cercana a m\u00ed\" \/>\n<meta property=\"og:description\" content=\"\u00bfBuscando la oficina de impuestos m\u00e1s cercana a m\u00ed? Los impuestos se preparan por solo $ 120. Estamos ubicados en Waterloo Rd en Akron Ohio.\" \/>\n<meta property=\"og:url\" content=\"https:\/\/apc1040.com\/es\/oficina-de-impuestos-mas-cercana-a-mi\/\" \/>\n<meta property=\"og:site_name\" content=\"Akron Income Tax Preparation\" \/>\n<meta property=\"article:publisher\" content=\"https:\/\/www.facebook.com\/APC1040\" \/>\n<meta property=\"article:modified_time\" content=\"2024-05-13T11:44:13+00:00\" \/>\n<meta property=\"og:image\" content=\"https:\/\/apc1040.com\/wp-content\/uploads\/2024\/04\/ADnoMoney.jpg\" \/>\n\t<meta property=\"og:image:width\" content=\"1830\" \/>\n\t<meta property=\"og:image:height\" content=\"1230\" \/>\n\t<meta property=\"og:image:type\" content=\"image\/jpeg\" \/>\n<meta name=\"twitter:card\" content=\"summary_large_image\" \/>\n<meta name=\"twitter:label1\" content=\"Est. reading time\" \/>\n\t<meta name=\"twitter:data1\" content=\"7 minutes\" \/>\n<!-- \/ Yoast SEO Premium plugin. -->","yoast_head_json":{"title":"Oficina de impuestos m\u00e1s cercana a m\u00ed en Akron Ohio","description":"\u00bfBuscando la oficina de impuestos m\u00e1s cercana a m\u00ed? Los impuestos se preparan por solo $ 120. Estamos ubicados en Waterloo Rd en Akron Ohio.","robots":{"index":"index","follow":"follow","max-snippet":"max-snippet:-1","max-image-preview":"max-image-preview:large","max-video-preview":"max-video-preview:-1"},"canonical":"https:\/\/apc1040.com\/es\/oficina-de-impuestos-mas-cercana-a-mi\/","og_locale":"es_ES","og_type":"article","og_title":"Oficina de impuestos m\u00e1s cercana a m\u00ed","og_description":"\u00bfBuscando la oficina de impuestos m\u00e1s cercana a m\u00ed? Los impuestos se preparan por solo $ 120. Estamos ubicados en Waterloo Rd en Akron Ohio.","og_url":"https:\/\/apc1040.com\/es\/oficina-de-impuestos-mas-cercana-a-mi\/","og_site_name":"Akron Income Tax Preparation","article_publisher":"https:\/\/www.facebook.com\/APC1040","article_modified_time":"2024-05-13T11:44:13+00:00","og_image":[{"width":1830,"height":1230,"url":"https:\/\/apc1040.com\/wp-content\/uploads\/2024\/04\/ADnoMoney.jpg","type":"image\/jpeg"}],"twitter_card":"summary_large_image","twitter_misc":{"Est. reading time":"7 minutes"},"schema":{"@context":"https:\/\/schema.org","@graph":[{"@type":"WebPage","@id":"https:\/\/apc1040.com\/es\/oficina-de-impuestos-mas-cercana-a-mi\/","url":"https:\/\/apc1040.com\/es\/oficina-de-impuestos-mas-cercana-a-mi\/","name":"Oficina de impuestos m\u00e1s cercana a m\u00ed en Akron Ohio","isPartOf":{"@id":"https:\/\/apc1040.com\/es\/#website"},"primaryImageOfPage":{"@id":"https:\/\/apc1040.com\/es\/oficina-de-impuestos-mas-cercana-a-mi\/#primaryimage"},"image":{"@id":"https:\/\/apc1040.com\/es\/oficina-de-impuestos-mas-cercana-a-mi\/#primaryimage"},"thumbnailUrl":"https:\/\/apc1040.com\/wp-content\/uploads\/2024\/04\/ADnoMoney.jpg","datePublished":"2022-10-31T19:12:21+00:00","dateModified":"2024-05-13T11:44:13+00:00","description":"\u00bfBuscando la oficina de impuestos m\u00e1s cercana a m\u00ed? Los impuestos se preparan por solo $ 120. Estamos ubicados en Waterloo Rd en Akron Ohio.","breadcrumb":{"@id":"https:\/\/apc1040.com\/es\/oficina-de-impuestos-mas-cercana-a-mi\/#breadcrumb"},"inLanguage":"es","potentialAction":[{"@type":"ReadAction","target":["https:\/\/apc1040.com\/es\/oficina-de-impuestos-mas-cercana-a-mi\/"]}]},{"@type":"ImageObject","inLanguage":"es","@id":"https:\/\/apc1040.com\/es\/oficina-de-impuestos-mas-cercana-a-mi\/#primaryimage","url":"https:\/\/apc1040.com\/wp-content\/uploads\/2024\/04\/ADnoMoney.jpg","contentUrl":"https:\/\/apc1040.com\/wp-content\/uploads\/2024\/04\/ADnoMoney.jpg","width":1830,"height":1230,"caption":"Akron Income Tax Preparation"},{"@type":"BreadcrumbList","@id":"https:\/\/apc1040.com\/es\/oficina-de-impuestos-mas-cercana-a-mi\/#breadcrumb","itemListElement":[{"@type":"ListItem","position":1,"name":"Home","item":"https:\/\/apc1040.com\/es\/"},{"@type":"ListItem","position":2,"name":"Oficina de impuestos m\u00e1s cercana a m\u00ed"}]},{"@type":"WebSite","@id":"https:\/\/apc1040.com\/es\/#website","url":"https:\/\/apc1040.com\/es\/","name":"Akron Income Tax Preparation","description":"Income Tax Preparation Service","publisher":{"@id":"https:\/\/apc1040.com\/es\/#organization"},"potentialAction":[{"@type":"SearchAction","target":{"@type":"EntryPoint","urlTemplate":"https:\/\/apc1040.com\/es\/?s={search_term_string}"},"query-input":{"@type":"PropertyValueSpecification","valueRequired":true,"valueName":"search_term_string"}}],"inLanguage":"es"},{"@type":"Organization","@id":"https:\/\/apc1040.com\/es\/#organization","name":"Akron Income Tax Co","url":"https:\/\/apc1040.com\/es\/","logo":{"@type":"ImageObject","inLanguage":"es","@id":"https:\/\/apc1040.com\/es\/#\/schema\/logo\/image\/","url":"https:\/\/apc1040.com\/wp-content\/uploads\/2024\/11\/income-tax-service-akron.jpg","contentUrl":"https:\/\/apc1040.com\/wp-content\/uploads\/2024\/11\/income-tax-service-akron.jpg","width":800,"height":745,"caption":"Akron Income Tax Co"},"image":{"@id":"https:\/\/apc1040.com\/es\/#\/schema\/logo\/image\/"},"sameAs":["https:\/\/www.facebook.com\/APC1040"]}]}},"amp_enabled":true,"_links":{"self":[{"href":"https:\/\/apc1040.com\/es\/wp-json\/wp\/v2\/pages\/4204","targetHints":{"allow":["GET"]}}],"collection":[{"href":"https:\/\/apc1040.com\/es\/wp-json\/wp\/v2\/pages"}],"about":[{"href":"https:\/\/apc1040.com\/es\/wp-json\/wp\/v2\/types\/page"}],"author":[{"embeddable":true,"href":"https:\/\/apc1040.com\/es\/wp-json\/wp\/v2\/users\/10"}],"replies":[{"embeddable":true,"href":"https:\/\/apc1040.com\/es\/wp-json\/wp\/v2\/comments?post=4204"}],"version-history":[{"count":0,"href":"https:\/\/apc1040.com\/es\/wp-json\/wp\/v2\/pages\/4204\/revisions"}],"wp:featuredmedia":[{"embeddable":true,"href":"https:\/\/apc1040.com\/es\/wp-json\/wp\/v2\/media\/6991"}],"wp:attachment":[{"href":"https:\/\/apc1040.com\/es\/wp-json\/wp\/v2\/media?parent=4204"}],"curies":[{"name":"wp","href":"https:\/\/api.w.org\/{rel}","templated":true}]}}