{"id":4201,"date":"2022-12-19T20:55:31","date_gmt":"2022-12-20T01:55:31","guid":{"rendered":"https:\/\/apc1040.com\/taxes-near-me\/"},"modified":"2024-05-13T17:54:13","modified_gmt":"2024-05-13T21:54:13","slug":"impuestos-cerca-de-mi","status":"publish","type":"page","link":"https:\/\/apc1040.com\/es\/impuestos-cerca-de-mi\/","title":{"rendered":"Impuestos cerca de m\u00ed"},"content":{"rendered":"<h2>Taxes Near Me: Encuentre servicios locales de preparaci\u00f3n de impuestos<\/h2>\n<p><img decoding=\"async\" class=\"aligncenter wp-image-3520 size-medium\" title=\"Taxes Near Me\" src=\"https:\/\/apc1040.com\/wp-content\/uploads\/2022\/12\/s7-scaled-1-450x305.jpeg\" alt=\"Taxes Near Me\" width=\"450\" height=\"305\" srcset=\"https:\/\/apc1040.com\/wp-content\/uploads\/2022\/12\/s7-scaled-1-450x305.jpeg 450w, https:\/\/apc1040.com\/wp-content\/uploads\/2022\/12\/s7-scaled-1-780x529.jpeg 780w, https:\/\/apc1040.com\/wp-content\/uploads\/2022\/12\/s7-scaled-1-600x407.jpeg 600w, https:\/\/apc1040.com\/wp-content\/uploads\/2022\/12\/s7-scaled-1-768x521.jpeg 768w, https:\/\/apc1040.com\/wp-content\/uploads\/2022\/12\/s7-scaled-1.jpeg 1920w\" sizes=\"(max-width: 450px) 100vw, 450px\" \/><br \/>\nQuiere contratar a un preparador de impuestos que conozca el procedimiento y pueda trabajar con usted para optimizar sus deducciones, o un servicio de impuestos cerca de m\u00ed de f\u00e1cil acceso que pueda responder cualquier pregunta que pueda tener en el menor tiempo posible.<\/p>\n<p>Muchas oficinas de preparaci\u00f3n de impuestos est\u00e1n disponibles, por lo que es complicado saber cu\u00e1l elegir. Si est\u00e1 buscando impuestos cerca de m\u00ed en los EE. UU., su b\u00fasqueda termina aqu\u00ed en Akron Income Tax Co.<\/p>\n<p>Los impuestos son a menudo una de las tareas m\u00e1s temidas del a\u00f1o. Con tanta informaci\u00f3n de la que hacer un seguimiento, lo \u00faltimo que desea es cometer un error. Sin embargo, no hay necesidad de preocuparse, ya que un proveedor de <a href=\"https:\/\/apc1040.com\/es\/servicios-de-presentacion-de-impuestos-sobre-la-renta-cerca-de-mi\/\">servicios de preparaci\u00f3n de impuestos<\/a> con experiencia puede ayudar f\u00e1cil y r\u00e1pidamente a mantener datos actualizados o presentar impuestos.<\/p>\n<p>Lo m\u00e1s importante, no dude en descubrir la <a href=\"https:\/\/apc1040.com\/es\/el-mejor-preparador-de-impuestos-cerca-de-mi\/\">mejor opci\u00f3n de impuestos cerca<\/a> de m\u00ed. Cuanto m\u00e1s sepa sobre el proceso de preparaci\u00f3n de impuestos con los preparadores de impuestos, m\u00e1s f\u00e1cil ser\u00e1. Esta gu\u00eda lo ayudar\u00e1 a asegurarse de obtener un servicio de impuestos honesto, competente y confiable cerca de m\u00ed.<\/p>\n<h2>Por qu\u00e9 somos famosos<\/h2>\n<p>Nuestra oficina de preparaci\u00f3n de impuestos m\u00e1s cercana brinda servicios de preparaci\u00f3n de impuestos de alta calidad y profesionales de impuestos a nuestros clientes. Nuestra empresa cuenta con un experto preparador de impuestos dedicado a ayudar a nuestros clientes a maximizar sus impuestos. Nuestras tarifas son realmente razonables.<br \/>\nOfrecemos una amplia gama de servicios, como la presentaci\u00f3n de impuestos, la planificaci\u00f3n fiscal en persona y asistencia fiscal virtual y preparador de impuestos. Adem\u00e1s, garantizamos <a href=\"https:\/\/apc1040.com\/es\/lista-de-nuestros-servicios\/\">nuestros servicios<\/a>.<\/p>\n<h2>Cu\u00e1nto cobramos:<\/h2>\n<p>Cuando se habla de <a href=\"https:\/\/apc1040.com\/es\/profesional-de-los-impuestos-cerca-de-mi\/\">impuestos cerca<\/a> de m\u00ed, es esencial comprender cu\u00e1nto cobran. Akron Income Tax Co. lo tiene cubierto y ofrece varios servicios de preparaci\u00f3n de impuestos para satisfacer sus necesidades. Nuestra tarifa base para la mayor\u00eda de las declaraciones de impuestos sobre la renta 1040 es de $120. Esa tarifa es buena siempre que no tenga un negocio, alquiler o m\u00e1s de 5 ventas de acciones.<\/p>\n<p>Un equipo de profesionales de impuestos experimentados puede ayudarlo con sus impuestos, desde presentar su declaraci\u00f3n hasta prepararse para una auditor\u00eda. Ofrecemos una consulta inicial gratuita para discutir su situaci\u00f3n fiscal y determinar el mejor curso de acci\u00f3n para usted, de modo que pueda elegir cu\u00e1les son los mejores servicios profesionales de impuestos cerca de usted.<\/p>\n<p>A pesar de contar con un fant\u00e1stico equipo de preparadores de impuestos profesionales, nuestras tarifas son competitivas y ofrecemos descuentos para m\u00faltiples servicios. Cont\u00e1ctenos hoy para programar una consulta.<\/p>\n<h2>\u00bfQu\u00e9 Servicios ofrecemos?<\/h2>\n<p>Ya sea que sea un individuo, una peque\u00f1a empresa o una empresa m\u00e1s grande, es posible que necesite ayuda para preparar sus impuestos y presentar su declaraci\u00f3n de impuestos. Es esencial entender los servicios completos que ofrecemos para nuestros clientes dedicados. Ofrecemos varios servicios de preparaci\u00f3n de impuestos para ayudarlo a obtener el m\u00e1ximo reembolso de impuestos.<\/p>\n<p>Nuestro equipo de preparadores de impuestos profesionales puede ayudarlo con declaraciones personales y comerciales. Nuestros expertos pueden ayudarlo con todo, desde presentar su declaraci\u00f3n hasta prepararse para una auditor\u00eda, y est\u00e1n listos para ayudarlo con lo que necesite.<\/p>\n<h2>Los siguientes son algunos de los servicios que brindamos:<\/h2>\n<h3>\u25cf Presentaci\u00f3n de la preparaci\u00f3n de su declaraci\u00f3n de impuestos<\/h3>\n<p>Trabajamos arduamente para garantizar que nuestros clientes puedan presentar su reembolso de impuestos de manera r\u00e1pida y eficiente. le reembolsaremos la tarifa de preparaci\u00f3n de impuestos para esa declaraci\u00f3n y presentaremos una declaraci\u00f3n enmendada sin cargo adicional. Entendemos que la temporada de impuestos puede ser estresante, por lo que ofrecemos un preparador de impuestos que pone su n\u00famero PTIN en su declaraci\u00f3n; el IRS requiere que todos los preparadores pagados usen este n\u00famero. Nuestro preparador har\u00e1 que este proceso sea lo m\u00e1s fluido y f\u00e1cil posible.<\/p>\n<p>Nuestro equipo puede ayudarlo a reunir todos los documentos necesarios, calcular sus <a href=\"https:\/\/apc1040.com\/es\/presentar-una-extension-de-impuestos-del-irs\/\">impuestos y presentar<\/a> electr\u00f3nicamente el reembolso de impuestos a trav\u00e9s del sistema de archivos electr\u00f3nicos del IRS. La compa\u00f1\u00eda ofrece una garant\u00eda de satisfacci\u00f3n del 100 % con un mayor reembolso en todos nuestros servicios, incluidas las declaraciones de impuestos federales por compensaci\u00f3n por tener un PTIN. Entonces, \u00bfpor qu\u00e9 no optar por los servicios de preparaci\u00f3n de impuestos de Akron Income Tax Co.?<\/p>\n<h3>\u25cf Preparaci\u00f3n para una auditor\u00eda<\/h3>\n<p>Cuando acuda a nosotros en busca de ayuda fiscal cerca de m\u00ed, nuestros mejores preparadores de impuestos revisar\u00e1n sus registros para asegurarse de que no exista una gran bandera roja. Si lo requiere, podemos proporcionarle la representaci\u00f3n del preparador durante la auditor\u00eda.<\/p>\n<h3>\u25cf Planificaci\u00f3n fiscal<\/h3>\n<p>Una ventaja para todos los clientes dedicados es que no solo hacemos sus impuestos. Te ofrecemos <a href=\"https:\/\/apc1040.com\/es\/la-planificacion-fiscal-eficaz-minimiza-los-impuestos\/\">planificaci\u00f3n y asesoramiento fiscal<\/a> durante todo el a\u00f1o para que puedas sacarle el m\u00e1ximo partido a tu situaci\u00f3n fiscal. Tambi\u00e9n tenemos varias opciones de negocio. Colaboraremos con usted para comprender su situaci\u00f3n y crear una estrategia para reducir su obligaci\u00f3n tributaria.<\/p>\n<p>Tambi\u00e9n lo ayudaremos a mantenerse actualizado sobre los \u00faltimos cambios en la ley fiscal y asegurarnos de que est\u00e9 aprovechando las exenciones y deducciones fiscales completas a las que tiene derecho.<\/p>\n<h3>\u25cf Planificaci\u00f3n financiera<\/h3>\n<p>Su salud financiera es tan importante como su salud f\u00edsica. Junto con los impuestos cerca de m\u00ed, preparamos servicios integrales de planificaci\u00f3n financiera para ayudar a los contribuyentes a alcanzar sus metas financieras.<br \/>\nNuestros servicios incluyen tarifas m\u00ednimas y planificaci\u00f3n de flujo de efectivo, planificaci\u00f3n de inversiones, planificaci\u00f3n de jubilaci\u00f3n, planificaci\u00f3n patrimonial, planificaci\u00f3n de seguros y m\u00e1s. Trabajamos con nuestros clientes para crear un plan financiero personalizado que satisfaga sus necesidades \u00fanicas, respectivamente.<\/p>\n<h3>\u25cf Declaraci\u00f3n de impuestos sobre criptomonedas<\/h3>\n<p>La criptomoneda se ha convertido en una forma cada vez m\u00e1s popular de invertir y comerciar, y con eso surge la necesidad de servicios fiscales profesionales. \u00bfEst\u00e1 buscando un servicio de impuestos confiable o un preparador de impuestos acreditado cerca de su declaraci\u00f3n de impuestos criptopagada? No busque m\u00e1s all\u00e1 de Akron Income Tax Co. Compa\u00f1\u00eda profesional de preparaci\u00f3n de impuestos.<\/p>\n<p>Adaptamos nuestros servicios integrales a sus necesidades espec\u00edficas, sin importar en qu\u00e9 tipo de transacciones criptogr\u00e1ficas haya estado involucrado. Nuestro experto preparador de impuestos lo guiar\u00e1 a trav\u00e9s de todo el proceso, desde comprender las implicaciones fiscales de sus transacciones criptogr\u00e1ficas hasta presentar sus declaraciones.<\/p>\n<p>Lo ayudamos a aprovechar todas las deducciones y cr\u00e9ditos disponibles para garantizar que est\u00e9 bien preparado para la pr\u00f3xima temporada de impuestos. Y con nuestra oficina convenientemente ubicada cerca de usted, no tendr\u00e1 que preocuparse por viajar lejos para sus servicios de impuestos. Elija los mejores servicios de impuestos cerca de m\u00ed para ahorrar tiempo y dinero.<\/p>\n<h3>\u25cf Impuestos sobre la propiedad de alquiler<\/h3>\n<p>\u00bfEs usted un propietario que busca ayuda con las declaraciones de impuestos pagadas de su propiedad de alquiler? Entonces no busque m\u00e1s all\u00e1 de nuestro Servicio Profesional de Impuestos. Nuestro equipo experimentado ayudar\u00e1 a los contribuyentes a navegar el complejo mundo de los impuestos sobre la propiedad de alquiler para individuos y empresas.<\/p>\n<p>Entendemos los entresijos del c\u00f3digo de impuestos sobre la propiedad de alquiler, por lo que podemos asegurarnos de que est\u00e9 aprovechando todas las deducciones que se aplican a su situaci\u00f3n. Adem\u00e1s de eso, podemos ayudarlo a planificar impuestos futuros y garantizar que cumpla con la ley de su estado o ciudad.<\/p>\n<p>Incluso tenemos ubicaciones convenientes en todo el pa\u00eds para que pueda encontrar un servicio de <a href=\"https:\/\/apc1040.com\/es\/preparacion-de-impuestos-cerca-de-mi\/\">impuestos cerca<\/a> de usted. As\u00ed que no se preocupe por los impuestos sobre su propiedad de alquiler, d\u00e9jenos encargarnos de eso. Con Akron Income Tax Co Professional Tax Service, puede estar seguro de que sus declaraciones est\u00e1n en buenas manos.<\/p>\n<h3>\u25cf Modificaci\u00f3n de una declaraci\u00f3n<\/h3>\n<p>Modificar su declaraci\u00f3n de impuestos puede ser complejo y confuso, pero nuestros preparadores lo har\u00e1n lo m\u00e1s f\u00e1cil y sin estr\u00e9s posible. Lo ayudaremos a comprender lo que debe hacerse y nos aseguraremos de que toda la informaci\u00f3n requerida est\u00e9 incluida en su declaraci\u00f3n.<br \/>\nEstamos aqu\u00ed para usted si necesita ayuda con los impuestos cercanos en su ubicaci\u00f3n. Ll\u00e1menos al 330-733-1040.<\/p>\n<h3>Por qu\u00e9 elegirnos<\/h3>\n<figure id=\"attachment_2071\" aria-describedby=\"caption-attachment-2071\" style=\"width: 300px\" class=\"wp-caption aligncenter\"><img decoding=\"async\" class=\"size-medium wp-image-2071\" src=\"https:\/\/apc1040.com\/wp-content\/uploads\/2022\/03\/AD120-300x202.jpg\" alt=\"Tax Preparation Service\" width=\"300\" height=\"202\" \/><figcaption id=\"caption-attachment-2071\" class=\"wp-caption-text\">tax preparation service<\/figcaption><\/figure>\n<p>Hay muchos servicios de preparaci\u00f3n de impuestos, pero \u00bfpor qu\u00e9 elegirnos? Aqu\u00ed hay algunas razones:<br \/>\n\u2022 Podemos manejar las necesidades de impuestos de nuestros clientes porque somos una compa\u00f1\u00eda de impuestos de servicio completo.<br \/>\n* Con d\u00e9cadas de experiencia en impuestos, estamos orgullosos de ofrecerle un equipo de preparadores de impuestos comprometidos e informados, que no dejar\u00e1n de trabajar hasta que los clientes obtengan el mejor resultado posible.<br \/>\n\u2022 Ofrecemos precios competitivos por nuestros servicios a clientes dedicados.<br \/>\n* Ha sido tradici\u00f3n de nuestra firma ayudar a nuestros clientes a maximizar sus reembolsos de impuestos.<\/p>\n<h3>Preguntas frecuentes al buscar impuestos cerca de m\u00ed<\/h3>\n<h3>\u00bfVale la pena acudir a un preparador de impuestos?<\/h3>\n<p>Vale la pena considerar acudir a un preparador de impuestos verificado con el IRS. Especialmente si tiene una situaci\u00f3n fiscal complejaN necesita ayuda para presentar impuestos atrasados o desea asegurarse de que sus declaraciones sean precisas y maximizadas. El preparador de impuestos puede asesorar sobre deducciones y cr\u00e9ditos, navegar por las leyes fiscales en constante cambio y ayudarlo a presentar su declaraci\u00f3n a tiempo.<\/p>\n<p>Pueden detectar cualquier problema con su declaraci\u00f3n. De impuestos antes de enviarla, lo que puede ser ventajoso al reducir tiempo y dinero en el futuro. Adem\u00e1s, la mayor\u00eda de los preparadores de impuestos ofrecen descuentos o estructuras de tarifas que hacen que sus servicios sean m\u00e1s asequibles de lo que piensa.<\/p>\n<p>La contrataci\u00f3n o no de un preparador de impuestos. Depende de sus circunstancias financieras espec\u00edficas y del. Nivel de satisfacci\u00f3n para asegurarse de que la persona a la que se le ha. Recomendado sea un preparador verificado con el IRS. Verifique que tenga un N\u00famero de identificaci\u00f3n fiscal de preparador, o PTIN, en la base de datos del IRS. Akron Income Tax Co. siempre est\u00e1 a una llamada de distancia si hay confusi\u00f3n.<\/p>\n<h3>\u00bfC\u00f3mo puedo encontrar el mejor servicio de preparaci\u00f3n de impuestos?<\/h3>\n<p>Hay algunas maneras de encontrar servicios de preparaci\u00f3n. De impuestos cerca de usted. Puede buscar en l\u00ednea, pedir recomendaciones a familiares y amigos o buscar anuncios en su peri\u00f3dico local o en l\u00ednea.<\/p>\n<h2>\u00bfQu\u00e9 debo buscar en un preparador de impuestos cerca de m\u00ed?<\/h2>\n<p>Al buscar un preparador de impuestos, es esencial encontrar a alguien experimentado y calificado con un n\u00famero de identificaci\u00f3n fiscal de preparador. \u00a1Nuestros profesionales expertos en impuestos, incluidos contadores p\u00fablicos certificados, CPA y agentes inscritos, pueden ayudarlo! Debe verificar la val\u00eda de confianza del preparador de impuestos que planea contratar.<\/p>\n<p>La declaraci\u00f3n de impuestos incorrecta puede. Tener consecuencias graves, por lo que debe confiar en alguien con la experiencia adecuada. Tambi\u00e9n debe preguntar sobre las tarifas por. Adelantado y obtener una estimaci\u00f3n de cu\u00e1nto costar\u00e1 el servicio.<\/p>\n<h3>\u00bfQu\u00e9 documentos debo llevar a mi cita?<\/h3>\n<p>Cuando asistes a tu cita, hay algunos documentos que debes llevar contigo para que sepan todo sobre tus finanzas e incluso tengan tu n\u00famero de Seguro Social. Dependiendo de sus circunstancias, es imprescindible traer los siguientes documentos:<\/p>\n<p>\u2022 Una copia de sus declaraciones de impuestos m\u00e1s recientes o cualquier declaraci\u00f3n enmendada que haya presentado.<br \/>\n* Ha recibido documentos de ingresos como W-2. 1099 y otros documentos de ingresos durante todo el a\u00f1o.<br \/>\n\u2022 Documento para cualquier deducci\u00f3n o cr\u00e9dito que reclamen los clientes, tales como contribuciones caritativas, gastos m\u00e9dicos o gastos y pagos de oficina en casa.<br \/>\n* Documentos relacionados con inversiones. Como declaraciones de valores, pagos de dividendos o ganancias y p\u00e9rdidas de capital.<br \/>\n\u2022 Estados de cuenta bancarios si reclama ingresos por intereses.<br \/>\n* N\u00fameros de seguro social suyos, de su. C\u00f3nyuge y de cualquier dependiente que reclame.<br \/>\n\u2022 Cualquier formulario o documento adicional que pueda ser relevante para su situaci\u00f3n.<\/p>\n<p>Al tener todos estos documentos listos para su cita. Puede asegurarse de que su preparador sea la persona adecuada y tenga toda la informaci\u00f3n que necesita para preparar su declaraci\u00f3n con precisi\u00f3n.<\/p>\n<h3>\u00bfCu\u00e1nto cuesta la preparaci\u00f3n de impuestos?<\/h3>\n<p>El costo de preparaci\u00f3n puede variar seg\u00fan la complejidad de. Sus declaraciones y el preparador que utilice. Puede esperar pagar entre $ 120 y $ 400, seg\u00fan los servicios que necesite. Nuestra tarifa fija de $120 para la mayor\u00eda de las devoluciones es una gran oferta. Puede considerar las opciones gratuitas de preparaci\u00f3n de impuestos Si generalmente gana menos de $58,000, podr\u00eda calificar para el programa de Asistencia Voluntaria de Impuestos sobre la Renta del IRS, llamado VITA.<\/p>\n<h3>Conclusi\u00f3n si buscas una preparaci\u00f3n barata<\/h3>\n<p>Akron Income Tax Co. es, sin duda, la mejor opci\u00f3n para los impuestos. De hecho, es una soluci\u00f3n adecuada para todas sus necesidades. Con la ayuda de un preparador profesional. puede ahorrar dinero esta temporada y tomar decisiones financieras inteligentes para el futuro.<\/p>\n<p>Aqu\u00ed encontrar\u00e1 un equipo de profesionales altamente capacitados. CPA y agentes registrados para ayudarlo con cualquier asunto fiscal. Ofrecemos una amplia gama de servicios. Que incluyen presentaci\u00f3n a mitad de a\u00f1o, presentaci\u00f3n electr\u00f3nica, pago electr\u00f3nico, pago electr\u00f3nico, <a href=\"https:\/\/www.irs.gov\/filing\/e-file-options\"> E-File Filing<\/a> e impuestos de n\u00f3mina electr\u00f3nicos.<\/p>\n<p>No importa cu\u00e1les sean tus necesidades, podemos ayudarte. Ofrecemos una garant\u00eda de satisfacci\u00f3n del 100% en todos nuestros servicios, por lo que puede estar. Seguro de que podemos brindarle lo que necesita para aprovechar al m\u00e1ximo su devoluci\u00f3n pagada.<\/p>\n<p>&nbsp;<\/p>\n","protected":false},"excerpt":{"rendered":"<p>Taxes Near Me: Encuentre servicios locales de preparaci\u00f3n de impuestos Quiere contratar a un preparador de impuestos que conozca el procedimiento y pueda trabajar con usted para optimizar sus deducciones, o un servicio de impuestos cerca de m\u00ed de f\u00e1cil acceso que pueda responder cualquier pregunta que pueda tener en el menor tiempo posible. Muchas&#8230;<\/p>\n","protected":false},"author":10,"featured_media":6000,"parent":0,"menu_order":0,"comment_status":"closed","ping_status":"closed","template":"","meta":{"_lmt_disableupdate":"no","_lmt_disable":"","_monsterinsights_skip_tracking":false,"_monsterinsights_sitenote_active":false,"_monsterinsights_sitenote_note":"","_monsterinsights_sitenote_category":0,"_uf_show_specific_survey":0,"_uf_disable_surveys":false,"footnotes":""},"class_list":["post-4201","page","type-page","status-publish","has-post-thumbnail","hentry"],"yoast_head":"<!-- This site is optimized with the Yoast SEO Premium plugin v27.3 (Yoast SEO v27.5) - https:\/\/yoast.com\/product\/yoast-seo-premium-wordpress\/ -->\n<title>Impuestos cerca de m\u00ed | Akron Income Tax Co.<\/title>\n<meta name=\"description\" content=\"Somos Akron Income Tax Co. la opci\u00f3n de preparaci\u00f3n que puede encontrar para completar sus formularios por $120\" \/>\n<meta name=\"robots\" content=\"index, follow, max-snippet:-1, max-image-preview:large, max-video-preview:-1\" \/>\n<link rel=\"canonical\" href=\"https:\/\/apc1040.com\/es\/impuestos-cerca-de-mi\/\" \/>\n<meta property=\"og:locale\" content=\"es_ES\" \/>\n<meta property=\"og:type\" content=\"article\" \/>\n<meta property=\"og:title\" content=\"Impuestos cerca de m\u00ed\" \/>\n<meta property=\"og:description\" content=\"Somos Akron Income Tax Co. la opci\u00f3n de preparaci\u00f3n que puede encontrar para completar sus formularios por $120\" \/>\n<meta property=\"og:url\" content=\"https:\/\/apc1040.com\/es\/impuestos-cerca-de-mi\/\" \/>\n<meta property=\"og:site_name\" content=\"Akron Income Tax Preparation\" \/>\n<meta property=\"article:publisher\" content=\"https:\/\/www.facebook.com\/APC1040\" \/>\n<meta property=\"article:modified_time\" content=\"2024-05-13T21:54:13+00:00\" \/>\n<meta property=\"og:image\" content=\"https:\/\/apc1040.com\/wp-content\/uploads\/2024\/01\/3kwGEO_tax_service.jpg\" \/>\n\t<meta property=\"og:image:width\" content=\"480\" \/>\n\t<meta property=\"og:image:height\" content=\"270\" \/>\n\t<meta property=\"og:image:type\" content=\"image\/jpeg\" \/>\n<meta name=\"twitter:card\" content=\"summary_large_image\" \/>\n<meta name=\"twitter:label1\" content=\"Est. reading time\" \/>\n\t<meta name=\"twitter:data1\" content=\"11 minutes\" \/>\n<!-- \/ Yoast SEO Premium plugin. -->","yoast_head_json":{"title":"Impuestos cerca de m\u00ed | Akron Income Tax Co.","description":"Somos Akron Income Tax Co. la opci\u00f3n de preparaci\u00f3n que puede encontrar para completar sus formularios por $120","robots":{"index":"index","follow":"follow","max-snippet":"max-snippet:-1","max-image-preview":"max-image-preview:large","max-video-preview":"max-video-preview:-1"},"canonical":"https:\/\/apc1040.com\/es\/impuestos-cerca-de-mi\/","og_locale":"es_ES","og_type":"article","og_title":"Impuestos cerca de m\u00ed","og_description":"Somos Akron Income Tax Co. la opci\u00f3n de preparaci\u00f3n que puede encontrar para completar sus formularios por $120","og_url":"https:\/\/apc1040.com\/es\/impuestos-cerca-de-mi\/","og_site_name":"Akron Income Tax Preparation","article_publisher":"https:\/\/www.facebook.com\/APC1040","article_modified_time":"2024-05-13T21:54:13+00:00","og_image":[{"width":480,"height":270,"url":"https:\/\/apc1040.com\/wp-content\/uploads\/2024\/01\/3kwGEO_tax_service.jpg","type":"image\/jpeg"}],"twitter_card":"summary_large_image","twitter_misc":{"Est. reading time":"11 minutes"},"schema":{"@context":"https:\/\/schema.org","@graph":[{"@type":"WebPage","@id":"https:\/\/apc1040.com\/es\/impuestos-cerca-de-mi\/","url":"https:\/\/apc1040.com\/es\/impuestos-cerca-de-mi\/","name":"Impuestos cerca de m\u00ed | Akron Income Tax Co.","isPartOf":{"@id":"https:\/\/apc1040.com\/es\/#website"},"primaryImageOfPage":{"@id":"https:\/\/apc1040.com\/es\/impuestos-cerca-de-mi\/#primaryimage"},"image":{"@id":"https:\/\/apc1040.com\/es\/impuestos-cerca-de-mi\/#primaryimage"},"thumbnailUrl":"https:\/\/apc1040.com\/wp-content\/uploads\/2024\/01\/3kwGEO_tax_service.jpg","datePublished":"2022-12-20T01:55:31+00:00","dateModified":"2024-05-13T21:54:13+00:00","description":"Somos Akron Income Tax Co. la opci\u00f3n de preparaci\u00f3n que puede encontrar para completar sus formularios por $120","breadcrumb":{"@id":"https:\/\/apc1040.com\/es\/impuestos-cerca-de-mi\/#breadcrumb"},"inLanguage":"es","potentialAction":[{"@type":"ReadAction","target":["https:\/\/apc1040.com\/es\/impuestos-cerca-de-mi\/"]}]},{"@type":"ImageObject","inLanguage":"es","@id":"https:\/\/apc1040.com\/es\/impuestos-cerca-de-mi\/#primaryimage","url":"https:\/\/apc1040.com\/wp-content\/uploads\/2024\/01\/3kwGEO_tax_service.jpg","contentUrl":"https:\/\/apc1040.com\/wp-content\/uploads\/2024\/01\/3kwGEO_tax_service.jpg","width":480,"height":270,"caption":"Income Tax Preparation Akron Ohio"},{"@type":"BreadcrumbList","@id":"https:\/\/apc1040.com\/es\/impuestos-cerca-de-mi\/#breadcrumb","itemListElement":[{"@type":"ListItem","position":1,"name":"Home","item":"https:\/\/apc1040.com\/es\/"},{"@type":"ListItem","position":2,"name":"Impuestos cerca de m\u00ed"}]},{"@type":"WebSite","@id":"https:\/\/apc1040.com\/es\/#website","url":"https:\/\/apc1040.com\/es\/","name":"Akron Income Tax Preparation","description":"Income Tax Preparation Service","publisher":{"@id":"https:\/\/apc1040.com\/es\/#organization"},"potentialAction":[{"@type":"SearchAction","target":{"@type":"EntryPoint","urlTemplate":"https:\/\/apc1040.com\/es\/?s={search_term_string}"},"query-input":{"@type":"PropertyValueSpecification","valueRequired":true,"valueName":"search_term_string"}}],"inLanguage":"es"},{"@type":"Organization","@id":"https:\/\/apc1040.com\/es\/#organization","name":"Akron Income Tax Co","url":"https:\/\/apc1040.com\/es\/","logo":{"@type":"ImageObject","inLanguage":"es","@id":"https:\/\/apc1040.com\/es\/#\/schema\/logo\/image\/","url":"https:\/\/apc1040.com\/wp-content\/uploads\/2024\/11\/income-tax-service-akron.jpg","contentUrl":"https:\/\/apc1040.com\/wp-content\/uploads\/2024\/11\/income-tax-service-akron.jpg","width":800,"height":745,"caption":"Akron Income Tax Co"},"image":{"@id":"https:\/\/apc1040.com\/es\/#\/schema\/logo\/image\/"},"sameAs":["https:\/\/www.facebook.com\/APC1040"]}]}},"amp_enabled":true,"_links":{"self":[{"href":"https:\/\/apc1040.com\/es\/wp-json\/wp\/v2\/pages\/4201","targetHints":{"allow":["GET"]}}],"collection":[{"href":"https:\/\/apc1040.com\/es\/wp-json\/wp\/v2\/pages"}],"about":[{"href":"https:\/\/apc1040.com\/es\/wp-json\/wp\/v2\/types\/page"}],"author":[{"embeddable":true,"href":"https:\/\/apc1040.com\/es\/wp-json\/wp\/v2\/users\/10"}],"replies":[{"embeddable":true,"href":"https:\/\/apc1040.com\/es\/wp-json\/wp\/v2\/comments?post=4201"}],"version-history":[{"count":0,"href":"https:\/\/apc1040.com\/es\/wp-json\/wp\/v2\/pages\/4201\/revisions"}],"wp:featuredmedia":[{"embeddable":true,"href":"https:\/\/apc1040.com\/es\/wp-json\/wp\/v2\/media\/6000"}],"wp:attachment":[{"href":"https:\/\/apc1040.com\/es\/wp-json\/wp\/v2\/media?parent=4201"}],"curies":[{"name":"wp","href":"https:\/\/api.w.org\/{rel}","templated":true}]}}