{"id":4197,"date":"2022-12-16T12:25:33","date_gmt":"2022-12-16T17:25:33","guid":{"rendered":"https:\/\/apc1040.com\/tax-accounting-near-me\/"},"modified":"2025-11-29T13:00:38","modified_gmt":"2025-11-29T18:00:38","slug":"contabilidad-fiscal-cerca-de-mi","status":"publish","type":"page","link":"https:\/\/apc1040.com\/es\/contabilidad-fiscal-cerca-de-mi\/","title":{"rendered":"Contabilidad fiscal cerca de m\u00ed"},"content":{"rendered":"<section class=\"l-section wpb_row height_small\"><div class=\"l-section-h i-cf\"><div class=\"g-cols vc_row via_flex valign_top type_default stacking_default\"><div class=\"vc_col-sm-12 wpb_column vc_column_container\"><div class=\"vc_column-inner\"><div class=\"wpb_wrapper\"><div class=\"wpb_text_column\"><div class=\"wpb_wrapper\"><h2>\u00a1Encontrar la mejor contabilidad fiscal cerca de m\u00ed es f\u00e1cil!<\/h2>\n<p><img decoding=\"async\" class=\"size-medium wp-image-3520 aligncenter\" src=\"https:\/\/apc1040.com\/wp-content\/uploads\/2022\/12\/s7-scaled-1-450x305.jpeg\" alt=\"tax accountant near me\" width=\"450\" height=\"305\" srcset=\"https:\/\/apc1040.com\/wp-content\/uploads\/2022\/12\/s7-scaled-1-450x305.jpeg 450w, https:\/\/apc1040.com\/wp-content\/uploads\/2022\/12\/s7-scaled-1-780x529.jpeg 780w, https:\/\/apc1040.com\/wp-content\/uploads\/2022\/12\/s7-scaled-1-600x407.jpeg 600w, https:\/\/apc1040.com\/wp-content\/uploads\/2022\/12\/s7-scaled-1-768x521.jpeg 768w, https:\/\/apc1040.com\/wp-content\/uploads\/2022\/12\/s7-scaled-1.jpeg 1920w\" sizes=\"(max-width: 450px) 100vw, 450px\" \/><\/p>\n<p>La temporada de impuestos puede ser una \u00e9poca estresante del a\u00f1o, especialmente si necesita la ayuda adecuada. Con tantas opciones de contabilidad fiscal que afirman ser las m\u00e1s adecuadas para su situaci\u00f3n, \u00bfc\u00f3mo sabe qui\u00e9n est\u00e1 equipado para manejar sus impuestos? Afortunadamente, encontrar una gran oficina de contabilidad fiscal cerca de usted puede sentirse manejable. Al considerar factores como la experiencia, la tarifa y la reputaci\u00f3n, adem\u00e1s de investigar un poco, \u00a1es posible encontrar un experto que se adapte perfectamente a sus necesidades! En esta publicaci\u00f3n de blog, <a href=\"https:\/\/apc1040.com\/es\/explore-las-opciones-del-plan-de-pago-de-impuestos-del-irs\/\">exploraremos los pasos necesarios para seleccionar un contador de impuestos<\/a> acreditado en su \u00e1rea. Ya sea que est\u00e9 declarando impuestos por s\u00ed mismo o necesite asistencia fiscal corporativa de CPA con experiencia especializada, \u00a1siga leyendo para conocer las mejores estrategias para encontrar un contador experimentado y confiable!<\/p>\n<h2>\u00bfQu\u00e9 es la contabilidad fiscal?<\/h2>\n<p>La <a href=\"https:\/\/apc1040.com\/es\/impuestos-facil\/otra-informacion-importante\/una-correcta-contabilidad-fiscal\/\">contabilidad fiscal<\/a> es un profesional con experiencia en derecho tributario que brinda asesoramiento financiero y ayuda en impuestos. Pueden ayudarlo a preparar, presentar y pagar sus impuestos de manera efectiva. Los contadores tambi\u00e9n conocen las reglas, regulaciones y las mejores pr\u00e1cticas para presentar impuestos. Los contadores fiscales utilizan su conocimiento de los est\u00e1ndares contables (por ejemplo, los Principios de Contabilidad Generalmente Aceptados) para organizar y analizar estados financieros para garantizar una presentaci\u00f3n precisa de la situaci\u00f3n financiera de una persona o empresa.<\/p>\n<h2>\u00bfCu\u00e1ndo llega la temporada de impuestos es necesario buscar una firma de contabilidad fiscal!<\/h2>\n<p>La temporada de impuestos puede ser un proceso desalentador y abrumador. Con todas las reglas que rigen las deducciones, cr\u00e9ditos y requisitos de presentaci\u00f3n de diferentes tipos de contribuyentes, contar con un contador experimentado para ayudar a organizar sus declaraciones de impuestos es invaluable. Elegir a alguien con buena reputaci\u00f3n que comprenda tanto sus objetivos a corto plazo como su visi\u00f3n financiera a largo plazo es importante.<\/p>\n<p>Para encontrar el <a href=\"https:\/\/apc1040.com\/es\/\">contador fiscal<\/a> adecuado, vale la pena tomarse el tiempo para investigar preguntando a amigos o colegas por recomendaciones y verificando sus credenciales. Una vez que haya construido una lista corta, compare las tarifas y los servicios contables que ofrecen antes de decidir qu\u00e9 contador es el m\u00e1s adecuado.<\/p>\n<h2>\u00bfC\u00f3mo encontrar el mejor contador de impuestos cerca de ti?<\/h2>\n<p>Cuando se trata de encontrar el n\u00famero de identificaci\u00f3n tributaria del preparador, hay algunos factores clave a considerar.<\/p>\n<p>Querr\u00e1s asegurarte de que tengan experiencia trabajando con clientes en peque\u00f1as empresas o situaciones similares, ya que esto ayudar\u00e1 a garantizar que puedan brindar consejos precisos y confiables adaptados a tus necesidades.<\/p>\n<p>Tambi\u00e9n querr\u00e1s comparar sus tarifas en declaraciones de impuestos y reputaci\u00f3n antes de decidir.<\/p>\n<p>T\u00f3mate el tiempo para investigar el historial y las calificaciones de cada candidato, como certificaciones, credenciales, opiniones de clientes y m\u00e1s.<\/p>\n<p>Aseg\u00farate de que el contador est\u00e9 licenciado y asegurado y de los precios promedio de preparaci\u00f3n de declaraciones de impuestos de un agente matriculado.<\/p>\n<p>T\u00f3mate el tiempo para entrevistar a varios contadores antes de tomar una decisi\u00f3n.<\/p>\n<p>De esta manera, podr\u00e1s seleccionar un profesional experimentado que est\u00e9 bien preparado para el trabajo. Una vez que hayas hecho tu. Debida diligencia y reducido tu lista de posibles <a href=\"https:\/\/apc1040.com\/es\/el-mejor-contador-cerca-de-mi\/\">mejores contadores<\/a> de impuestos, programa una consulta inicial. Durante esta reuni\u00f3n, discute tus necesidades espec\u00edficas y aseg\u00farate de que el contador sea adecuado antes de firmar cualquier contrato.<\/p>\n<h3>Consejos para encontrar el mejor contador de impuestos o asesor tributario:<\/h3>\n<h3>Investiga en l\u00ednea:<\/h3>\n<p>Investiga en l\u00ednea para descubrir lo que otras personas dicen sobre las diversas oficinas de contabilidad de impuestos cerca de ti. Mira las opiniones en Google, o incluso Facebook para tener una idea de la calidad del <a href=\"https:\/\/apc1040.com\/es\/servicio-de-declaracion-de-impuestos\/\">servicio de impuestos<\/a> que puedes esperar de un contador de impuestos en particular.<\/p>\n<h3>Hacer una llamada:<\/h3>\n<p>Una vez que hayas identificado algunos profesionales de impuestos prometedores, es hora de hacer algunas llamadas y hacer preguntas sobre sus servicios y tarifas. Preg\u00fantales cu\u00e1nto tiempo han estado ayudando a las personas con impuestos y cu\u00e1nta. Experiencia tienen en el campo. Adem\u00e1s, averigua qu\u00e9 servicios de impuestos ofrecen y cu\u00e1les son sus tarifas.<\/p>\n<h3>Revisa las rese\u00f1as en l\u00ednea para ver lo que otros han dicho sobre los contadores locales:<\/h3>\n<p>Cuando buscas un contador local, puede ser \u00fatil revisar las rese\u00f1as en l\u00ednea. Las personas comparten sus experiencias con otros para. Que puedas obtener informaci\u00f3n sobre la calidad del servicio proporcionado. Leer las rese\u00f1as puede ayudarte a determinar si las personas quedaron satisfechas y qu\u00e9 cualidades destacaron para hacer que su experiencia fuera positiva.<br \/>\nLas rese\u00f1as en l\u00ednea te permiten saber qu\u00e9 tan bien el contador explica sus servicios, su estilo de comunicaci\u00f3n y qu\u00e9 tan involucrado est\u00e1 en atender tus necesidades. Revisar las rese\u00f1as en l\u00ednea te da una mejor idea de qu\u00e9 contadores locales pueden proporcionarte el mejor servicio posible.<\/p>\n<h3>Pide recomendaciones a tus amigos y familiares:<\/h3>\n<p>Cuando se trata de encontrar un <a href=\"https:\/\/apc1040.com\/es\/contadores-fiscales-cerca-de-mi\/\">contador de impuestos<\/a> de calidad, preguntar a tu c\u00edrculo cercano puede ser una excelente manera de encontrar a alguien en quien puedas confiar. Los amigos, familiares y compa\u00f1eros de trabajo pueden ser fuentes valiosas de informaci\u00f3n cuando est\u00e1s en el mercado para cualquier servicio como este.<br \/>\nDespu\u00e9s de todo, tendr\u00e1n sus propias experiencias y perspectivas. Personales que podr\u00edan ayudar a informar tu proceso de toma de decisiones. Por lo tanto, no dudes en recoger el tel\u00e9fono o enviar un correo electr\u00f3nico hoy mismo para averiguar. Qu\u00e9 tipo de profesionales de primer nivel recomiendan tus seres queridos.<\/p>\n<h4>Programa una cita:<\/h4>\n<p>Una vez que hayas hablado con los posibles profesionales de impuestos. Es hora de programar una cita en persona. Esta es una gran oportunidad para hacer preguntas y obtener una idea del contador antes de comprometerte con sus servicios.<br \/>\nReduce tus opciones y programa consultas con cada uno de ellos:<\/p>\n<p>Una vez que hayas reunido una lista de posibles contadores. Es importante reducir tus opciones y encontrar el que mejor se adapte a tus necesidades. Considera factores como la experiencia, las tarifas, la reputaci\u00f3n y el servicio al cliente.<\/p>\n<p>Luego, programa consultas con cada uno de. Ellos para obtener una buena idea de su estilo de comunicaci\u00f3n y decidir cu\u00e1l es el adecuado para ti. Durante estas reuniones, haz cualquier <a href=\"https:\/\/apc1040.com\/es\/preguntas-frecuentes-sobre-el-servicio-de-impuestos-preguntas-mas-frecuentes\/\">pregunta que tengas para entender c\u00f3mo manejar\u00e1n tus impuestos<\/a> y qu\u00e9 tipo de valor pueden ofrecerte.<\/p>\n<p>Elegir el contador fiscal adecuado es esencial para garantizar un proceso eficiente durante la temporada de impuestos. Al tomarse el tiempo para investigar y comparar diferentes profesionales en su \u00e1rea, puede seleccionar con confianza a alguien que le brinde el mejor servicio para sus necesidades.<\/p>\n<h4>Toma una decisi\u00f3n en base a la consulta, precio y ubicaci\u00f3n:<\/h4>\n<figure id=\"attachment_7602\" aria-describedby=\"caption-attachment-7602\" style=\"width: 350px\" class=\"wp-caption aligncenter\"><img decoding=\"async\" class=\"size-medium wp-image-7602\" src=\"https:\/\/apc1040.com\/wp-content\/uploads\/2024\/08\/25gGEO_Servicio_de_Impuesto_sobre_la_Renta-350x350.jpg\" alt=\"Business taxes\" width=\"350\" height=\"350\" srcset=\"https:\/\/apc1040.com\/wp-content\/uploads\/2024\/08\/25gGEO_Servicio_de_Impuesto_sobre_la_Renta-350x350.jpg 350w, https:\/\/apc1040.com\/wp-content\/uploads\/2024\/08\/25gGEO_Servicio_de_Impuesto_sobre_la_Renta-780x780.jpg 780w, https:\/\/apc1040.com\/wp-content\/uploads\/2024\/08\/25gGEO_Servicio_de_Impuesto_sobre_la_Renta-150x150.jpg 150w, https:\/\/apc1040.com\/wp-content\/uploads\/2024\/08\/25gGEO_Servicio_de_Impuesto_sobre_la_Renta-600x600.jpg 600w, https:\/\/apc1040.com\/wp-content\/uploads\/2024\/08\/25gGEO_Servicio_de_Impuesto_sobre_la_Renta-768x768.jpg 768w, https:\/\/apc1040.com\/wp-content\/uploads\/2024\/08\/25gGEO_Servicio_de_Impuesto_sobre_la_Renta.jpg 1080w\" sizes=\"(max-width: 350px) 100vw, 350px\" \/><figcaption id=\"caption-attachment-7602\" class=\"wp-caption-text\">Income Tax Preparation Akron Ohio<\/figcaption><\/figure>\n<p>Despu\u00e9s de comparar todas sus opciones. Es hora de decidir y seleccionar el contador fiscal adecuado. Considere todos los elementos clave que pueden afectar sus elecciones, como el precio y la atenci\u00f3n al cliente. Adem\u00e1s, considere cualquier servicio adicional que ofrezcan, como asesoramiento financiero o promociones especiales que le permitan ahorrar dinero.<\/p>\n<p>Finalmente, si se siente c\u00f3modo con sus respuestas durante la consulta. Esto podr\u00eda <a href=\"https:\/\/apc1040.com\/es\/oficina-de-waterloo-rd\/\">indicar que es el contador adecuado para<\/a> usted. Con estos consejos en mente, puede encontrar con confianza un contador fiscal confiable cerca de usted que pueda ayudarlo a simplificar el proceso de preparaci\u00f3n de un n\u00famero de identificaci\u00f3n fiscal.<\/p>\n<h4>Elabore un plan para trabajar con su nuevo contador durante todo el a\u00f1o:<\/h4>\n<p>Ahora que ha encontrado el contador adecuado para sus necesidades. Es importante crear un plan de acci\u00f3n para garantizar el \u00e9xito en la declaraci\u00f3n de impuestos. Para hacer esto, programe reuniones peri\u00f3dicas con su contador durante todo el a\u00f1o para realizar un seguimiento de cualquier cambio o actualizaci\u00f3n. Adem\u00e1s, si de repente se encuentra con grandes gastos durante el a\u00f1o, comun\u00edquese con ellos de inmediato y pueden ayudarlo a adaptarse en consecuencia.<\/p>\n<p>Finalmente, aseg\u00farese de estar bien preparado antes de cada reuni\u00f3n al tener todos los documentos pertinentes listos y organizados. Esto ayudar\u00e1 a su contador fiscal a comprender mejor su situaci\u00f3n y brindar\u00e1 consejos m\u00e1s \u00fatiles para ahorrar dinero cuando llegue el momento de los impuestos.<\/p>\n<h4>Rel\u00e1jese y disfrute de la tranquilidad de saber que sus impuestos est\u00e1n en buenas manos:<\/h4>\n<p>Encontrar el contador fiscal adecuado puede parecer abrumador al principio, pero con estos consejos \u00fatiles y un poco de investigaci\u00f3n. Puede encontrar f\u00e1cilmente a alguien en quien pueda confiar. Una vez que haya seleccionado el profesional que mejor se adapte a sus finanzas y necesidades, \u00a1todo lo que queda por hacer es sentarse y relajarse! Puede confiar en que sus impuestos est\u00e1n siendo atendidos por un profesional competente, lo que en \u00faltima instancia significa una cosa menos de la que preocuparse.<\/p>\n<p>As\u00ed que adelante y d\u00e9 el paso hoy mismo: \u00a1aseg\u00farese de que sus impuestos est\u00e9n en buenas manos este a\u00f1o para que pueda disfrutar de la tranquilidad que conlleva!<\/p>\n<p>Siguiendo estos sencillos consejos, encontrar el mejor. Contador fiscal no tiene por qu\u00e9 ser estresante. Con un poco de investigaci\u00f3n y dedicaci\u00f3n, puede encontrar f\u00e1cilmente al profesional adecuado para sus necesidades y asegurarse de que sus impuestos se manejen adecuadamente cuando llegue la temporada de impuestos. \u00a1As\u00ed que no espere m\u00e1s, comience hoy mismo y aseg\u00farese de estar preparado para lo que se le presente!<\/p>\n<h5>Preguntas frecuentes:<\/h5>\n<p>P: \u00bfC\u00f3mo s\u00e9 si una oficina de contabilidad fiscal es confiable?<\/p>\n<p>R: La mejor forma de determinar la confiabilidad es mediante <a href=\"https:\/\/apc1040.com\/es\/contactar-con-akron-income-tax-co\/cita-para-una-consulta-fiscal-gratuita\/\">programar una consulta<\/a>. Luego, hacer preguntas sobre su experiencia laboral, pol\u00edticas de servicio al cliente y asesoramiento financiero. Adem\u00e1s, busque rese\u00f1as de clientes anteriores para obtener m\u00e1s informaci\u00f3n sobre la calidad de sus servicios.<\/p>\n<p>P: \u00bfQu\u00e9 debo tener listo cuando me re\u00fana con mi contador fiscal?<\/p>\n<p>R: Aseg\u00farese de tener todos los documentos relevantes organizados y a mano antes de cada reuni\u00f3n con su contador. Esto les facilitar\u00e1 comprender su situaci\u00f3n para que puedan brindarle una orientaci\u00f3n m\u00e1s efectiva.<\/p>\n<p>P: \u00bfCu\u00e1nto debo esperar pagar por un buen contador fiscal?<\/p>\n<p>R: Los precios var\u00edan seg\u00fan los servicios ofrecidos y la complejidad de sus impuestos. En t\u00e9rminos generales, debe esperar pagar entre unos pocos cientos y varios miles de d\u00f3lares por sus servicios.<\/p>\n<p>P: \u00bfCu\u00e1ndo es el mejor momento para empezar a buscar un contador fiscal?<\/p>\n<p>R:\u00a0 Comience a buscar un contador p\u00fablico certificado lo antes. Posible para que tenga tiempo suficiente para encontrar a alguien adecuado. H\u00e1galo antes de que llegue la temporada de presentaci\u00f3n de impuestos. Adem\u00e1s, es posible que se necesite m\u00e1s tiempo para realizar los cambios o actualizaciones necesarios antes de la fecha l\u00edmite.<\/p>\n<h5>\u00bfEn qu\u00e9 se diferencian una firma profesional de impuestos y contabilidad de un tenedor de libros o preparador de impuestos?<\/h5>\n<p>Las firmas profesionales de impuestos y contabilidad suelen ofrecer. una gama de servicios mucho m\u00e1s amplia que los tenedores.\u00a0 \u00a0de libros o los preparadores de impuestos. Los contadores est\u00e1n calificados para proporcionar diversos servicios. tales como an\u00e1lisis financiero, planificaci\u00f3n fiscal y sucesiones. Preparador de n\u00famero de identificaci\u00f3n fiscal y servicios fiduciarios. Preparaci\u00f3n de impuestos, configuraci\u00f3n y dise\u00f1o de sistemas contables. Elaboraci\u00f3n de presupuestos y consultor\u00eda para peque\u00f1as empresas.<\/p>\n<h5>Conclusi\u00f3n:<\/h5>\n<p>Encontrar el mejor contador fiscal cerca de usted puede ser un proceso sencillo. Al investigar un poco y comparar diferentes profesionales en su \u00e1rea, puede seleccionar. Con confianza a alguien que le brinde el mejor servicio para sus necesidades. Adem\u00e1s, aseg\u00farese de crear un plan de acci\u00f3n con su nuevo contador para estar siempre. Preparado para cualquier cambio o actualizaci\u00f3n que pueda surgir durante el a\u00f1o. \u00a1Finalmente, rel\u00e1jese y disfrute de la tranquilidad de saber que sus impuestos est\u00e1n en buenas manos! Con estos consejos en mente, encontrar el contador fiscal perfecto no llevar\u00e1 mucho tiempo.<\/p>\n<h3>M\u00e1s informaci\u00f3n<\/h3>\n<p><a href=\"https:\/\/apc1040.com\/es\/impuestos-doordash\/\">DoorDash<\/a><\/p>\n<p><a href=\"https:\/\/apc1040.com\/es\/covid-19-protocolo-de-seguridad-en-la-oficina\/\">Covid\u00a0<\/a><\/p>\n<p><a href=\"https:\/\/apc1040.com\/es\/impuestos-cerca-de-mi\/\"><span>Impuestos cerca de m\u00ed<\/span><\/a><\/p>\n<p><a href=\"https:\/\/apc1040.com\/es\/servicio-de-declaracion-de-impuestos\/\"><span>Servicio de Declaraci\u00f3n de Impuestos<\/span><\/a><\/p>\n<p><a href=\"https:\/\/apc1040.com\/es\/preparadores-de-impuestos-cerca-de-mi\/\"><span>Encuentra las mejores preparadoras de impuestos cerca de m\u00ed<\/span><\/a><\/p>\n<\/div><\/div><\/div><\/div><\/div><\/div><\/div><\/section>\n","protected":false},"excerpt":{"rendered":"\u00a1Encontrar la mejor contabilidad fiscal cerca de m\u00ed es f\u00e1cil! La temporada de impuestos puede ser una \u00e9poca estresante del a\u00f1o, especialmente si necesita la ayuda adecuada. Con tantas opciones de contabilidad fiscal que afirman ser las m\u00e1s adecuadas para su situaci\u00f3n, \u00bfc\u00f3mo sabe qui\u00e9n est\u00e1 equipado para manejar sus impuestos? Afortunadamente, encontrar una gran...","protected":false},"author":10,"featured_media":5275,"parent":0,"menu_order":0,"comment_status":"closed","ping_status":"closed","template":"","meta":{"_lmt_disableupdate":"no","_lmt_disable":"","_monsterinsights_skip_tracking":false,"_monsterinsights_sitenote_active":false,"_monsterinsights_sitenote_note":"","_monsterinsights_sitenote_category":0,"_uf_show_specific_survey":0,"_uf_disable_surveys":false,"footnotes":""},"class_list":["post-4197","page","type-page","status-publish","has-post-thumbnail","hentry"],"yoast_head":"<!-- This site is optimized with the Yoast SEO Premium plugin v27.3 (Yoast SEO v27.5) - https:\/\/yoast.com\/product\/yoast-seo-premium-wordpress\/ -->\n<title>Encontrar el Mejor Contabilidad fiscal cerca de m\u00ed es f\u00e1cil.<\/title>\n<meta name=\"description\" content=\"No tienes que buscar m\u00e1s; ha encontrado la mejor Contabilidad fiscal cerca de m\u00ed en impuestos de Akron presentados por solo $ 130\" \/>\n<meta name=\"robots\" content=\"index, follow, max-snippet:-1, max-image-preview:large, max-video-preview:-1\" \/>\n<link rel=\"canonical\" href=\"https:\/\/apc1040.com\/es\/contabilidad-fiscal-cerca-de-mi\/\" \/>\n<meta property=\"og:locale\" content=\"es_ES\" \/>\n<meta property=\"og:type\" content=\"article\" \/>\n<meta property=\"og:title\" content=\"Contabilidad fiscal cerca de m\u00ed\" \/>\n<meta property=\"og:description\" content=\"No tienes que buscar m\u00e1s; ha encontrado la mejor Contabilidad fiscal cerca de m\u00ed en impuestos de Akron presentados por solo $ 130\" \/>\n<meta property=\"og:url\" content=\"https:\/\/apc1040.com\/es\/contabilidad-fiscal-cerca-de-mi\/\" \/>\n<meta property=\"og:site_name\" content=\"Akron Income Tax Preparation\" \/>\n<meta property=\"article:publisher\" content=\"https:\/\/www.facebook.com\/APC1040\" \/>\n<meta property=\"article:modified_time\" content=\"2025-11-29T18:00:38+00:00\" \/>\n<meta property=\"og:image\" content=\"https:\/\/apc1040.com\/wp-content\/uploads\/2023\/11\/21kwGEO_small_business_income_tax.jpg\" \/>\n\t<meta property=\"og:image:width\" content=\"480\" \/>\n\t<meta property=\"og:image:height\" content=\"270\" \/>\n\t<meta property=\"og:image:type\" content=\"image\/jpeg\" \/>\n<meta name=\"twitter:card\" content=\"summary_large_image\" \/>\n<meta name=\"twitter:label1\" content=\"Est. reading time\" \/>\n\t<meta name=\"twitter:data1\" content=\"10 minutes\" \/>\n<!-- \/ Yoast SEO Premium plugin. -->","yoast_head_json":{"title":"Encontrar el Mejor Contabilidad fiscal cerca de m\u00ed es f\u00e1cil.","description":"No tienes que buscar m\u00e1s; ha encontrado la mejor Contabilidad fiscal cerca de m\u00ed en impuestos de Akron presentados por solo $ 130","robots":{"index":"index","follow":"follow","max-snippet":"max-snippet:-1","max-image-preview":"max-image-preview:large","max-video-preview":"max-video-preview:-1"},"canonical":"https:\/\/apc1040.com\/es\/contabilidad-fiscal-cerca-de-mi\/","og_locale":"es_ES","og_type":"article","og_title":"Contabilidad fiscal cerca de m\u00ed","og_description":"No tienes que buscar m\u00e1s; ha encontrado la mejor Contabilidad fiscal cerca de m\u00ed en impuestos de Akron presentados por solo $ 130","og_url":"https:\/\/apc1040.com\/es\/contabilidad-fiscal-cerca-de-mi\/","og_site_name":"Akron Income Tax Preparation","article_publisher":"https:\/\/www.facebook.com\/APC1040","article_modified_time":"2025-11-29T18:00:38+00:00","og_image":[{"width":480,"height":270,"url":"https:\/\/apc1040.com\/wp-content\/uploads\/2023\/11\/21kwGEO_small_business_income_tax.jpg","type":"image\/jpeg"}],"twitter_card":"summary_large_image","twitter_misc":{"Est. reading time":"10 minutes"},"schema":{"@context":"https:\/\/schema.org","@graph":[{"@type":"WebPage","@id":"https:\/\/apc1040.com\/es\/contabilidad-fiscal-cerca-de-mi\/","url":"https:\/\/apc1040.com\/es\/contabilidad-fiscal-cerca-de-mi\/","name":"Encontrar el Mejor Contabilidad fiscal cerca de m\u00ed es f\u00e1cil.","isPartOf":{"@id":"https:\/\/apc1040.com\/es\/#website"},"primaryImageOfPage":{"@id":"https:\/\/apc1040.com\/es\/contabilidad-fiscal-cerca-de-mi\/#primaryimage"},"image":{"@id":"https:\/\/apc1040.com\/es\/contabilidad-fiscal-cerca-de-mi\/#primaryimage"},"thumbnailUrl":"https:\/\/apc1040.com\/wp-content\/uploads\/2023\/11\/21kwGEO_small_business_income_tax.jpg","datePublished":"2022-12-16T17:25:33+00:00","dateModified":"2025-11-29T18:00:38+00:00","description":"No tienes que buscar m\u00e1s; ha encontrado la mejor Contabilidad fiscal cerca de m\u00ed en impuestos de Akron presentados por solo $ 130","breadcrumb":{"@id":"https:\/\/apc1040.com\/es\/contabilidad-fiscal-cerca-de-mi\/#breadcrumb"},"inLanguage":"es","potentialAction":[{"@type":"ReadAction","target":["https:\/\/apc1040.com\/es\/contabilidad-fiscal-cerca-de-mi\/"]}]},{"@type":"ImageObject","inLanguage":"es","@id":"https:\/\/apc1040.com\/es\/contabilidad-fiscal-cerca-de-mi\/#primaryimage","url":"https:\/\/apc1040.com\/wp-content\/uploads\/2023\/11\/21kwGEO_small_business_income_tax.jpg","contentUrl":"https:\/\/apc1040.com\/wp-content\/uploads\/2023\/11\/21kwGEO_small_business_income_tax.jpg","width":480,"height":270,"caption":"Income Tax Preparation Akron Ohio"},{"@type":"BreadcrumbList","@id":"https:\/\/apc1040.com\/es\/contabilidad-fiscal-cerca-de-mi\/#breadcrumb","itemListElement":[{"@type":"ListItem","position":1,"name":"Home","item":"https:\/\/apc1040.com\/es\/"},{"@type":"ListItem","position":2,"name":"Contabilidad fiscal cerca de m\u00ed"}]},{"@type":"WebSite","@id":"https:\/\/apc1040.com\/es\/#website","url":"https:\/\/apc1040.com\/es\/","name":"Akron Income Tax Preparation","description":"Income Tax Preparation Service","publisher":{"@id":"https:\/\/apc1040.com\/es\/#organization"},"potentialAction":[{"@type":"SearchAction","target":{"@type":"EntryPoint","urlTemplate":"https:\/\/apc1040.com\/es\/?s={search_term_string}"},"query-input":{"@type":"PropertyValueSpecification","valueRequired":true,"valueName":"search_term_string"}}],"inLanguage":"es"},{"@type":"Organization","@id":"https:\/\/apc1040.com\/es\/#organization","name":"Akron Income Tax Co","url":"https:\/\/apc1040.com\/es\/","logo":{"@type":"ImageObject","inLanguage":"es","@id":"https:\/\/apc1040.com\/es\/#\/schema\/logo\/image\/","url":"https:\/\/apc1040.com\/wp-content\/uploads\/2024\/11\/income-tax-service-akron.jpg","contentUrl":"https:\/\/apc1040.com\/wp-content\/uploads\/2024\/11\/income-tax-service-akron.jpg","width":800,"height":745,"caption":"Akron Income Tax Co"},"image":{"@id":"https:\/\/apc1040.com\/es\/#\/schema\/logo\/image\/"},"sameAs":["https:\/\/www.facebook.com\/APC1040"]}]}},"amp_enabled":true,"_links":{"self":[{"href":"https:\/\/apc1040.com\/es\/wp-json\/wp\/v2\/pages\/4197","targetHints":{"allow":["GET"]}}],"collection":[{"href":"https:\/\/apc1040.com\/es\/wp-json\/wp\/v2\/pages"}],"about":[{"href":"https:\/\/apc1040.com\/es\/wp-json\/wp\/v2\/types\/page"}],"author":[{"embeddable":true,"href":"https:\/\/apc1040.com\/es\/wp-json\/wp\/v2\/users\/10"}],"replies":[{"embeddable":true,"href":"https:\/\/apc1040.com\/es\/wp-json\/wp\/v2\/comments?post=4197"}],"version-history":[{"count":3,"href":"https:\/\/apc1040.com\/es\/wp-json\/wp\/v2\/pages\/4197\/revisions"}],"predecessor-version":[{"id":11260,"href":"https:\/\/apc1040.com\/es\/wp-json\/wp\/v2\/pages\/4197\/revisions\/11260"}],"wp:featuredmedia":[{"embeddable":true,"href":"https:\/\/apc1040.com\/es\/wp-json\/wp\/v2\/media\/5275"}],"wp:attachment":[{"href":"https:\/\/apc1040.com\/es\/wp-json\/wp\/v2\/media?parent=4197"}],"curies":[{"name":"wp","href":"https:\/\/api.w.org\/{rel}","templated":true}]}}