{"id":3038,"date":"2022-09-19T17:38:46","date_gmt":"2022-09-19T21:38:46","guid":{"rendered":"https:\/\/apc1040.com\/?page_id=3038"},"modified":"2024-08-10T10:49:12","modified_gmt":"2024-08-10T14:49:12","slug":"gastos-ordinarios-y-necesarios","status":"publish","type":"page","link":"https:\/\/apc1040.com\/es\/gastos-ordinarios-y-necesarios\/","title":{"rendered":"Gastos Ordinarios y Necesarios"},"content":{"rendered":"<section class=\"l-section wpb_row height_small\"><div class=\"l-section-h i-cf\"><div class=\"g-cols vc_row via_flex valign_top type_default stacking_default\"><div class=\"vc_col-sm-12 wpb_column vc_column_container\"><div class=\"vc_column-inner\"><div class=\"wpb_wrapper\"><div class=\"wpb_text_column\"><div class=\"wpb_wrapper\"><h2>Gastos Ordinarios y Necesarios: Lo que Debes Saber<\/h2>\n<p>Hay muchos conceptos err\u00f3neos acerca de lo que es y no es un gasto comercial. Para asegurarse de que est\u00e1 tomando todas las deducciones a las que tiene derecho, es importante comprender la diferencia entre los gastos ordinarios y los necesarios. \u00a1Esta p\u00e1gina desglosar\u00e1 lo que constituye un gasto ordinario y necesario para que pueda estar seguro de reclamar todas las deducciones que merece!<\/p>\n<figure id=\"attachment_2535\" aria-describedby=\"caption-attachment-2535\" style=\"width: 300px\" class=\"wp-caption aligncenter\"><img decoding=\"async\" class=\"wp-image-2535 size-medium\" src=\"https:\/\/apc1040.com\/wp-content\/uploads\/2021\/12\/income-tax-gb4271ae05_640-300x200.jpg\" alt=\"Impuestos F\u00e1cil Encontrar\" width=\"300\" height=\"200\" srcset=\"https:\/\/apc1040.com\/wp-content\/uploads\/2021\/12\/income-tax-gb4271ae05_640-300x200.jpg 300w, https:\/\/apc1040.com\/wp-content\/uploads\/2021\/12\/income-tax-gb4271ae05_640.jpg 640w\" sizes=\"(max-width: 300px) 100vw, 300px\" \/><figcaption id=\"caption-attachment-2535\" class=\"wp-caption-text\">Impuesto sobre la renta<\/figcaption><\/figure>\n<h2>\u00bfQu\u00e9 es un gasto ordinario?<\/h2>\n<p>Un gasto ordinario es aquel que es com\u00fan y aceptado en su campo de trabajo. Por ejemplo, si eres m\u00e9dico, tu seguro de mala praxis es un gasto ordinario. Si es abogado, sus cuotas de barra son un gasto ordinario. <a href=\"https:\/\/apc1040.com\/es\/servicios-de-impuestos-sobre-la-renta-ellet\/\">Para deducir un gasto ordinario de sus impuestos<\/a>, debe poder demostrar que el gasto es necesario para su negocio. Esto se puede hacer demostrando que el gasto es t\u00edpico de las personas en su campo o demostrando que el gasto es necesario para obtener ingresos.<\/p>\n<p>Los gastos ordinarios difieren de los gastos de capital, que son gastos incurridos para generar ingresos. Por ejemplo, comprar una computadora nueva para su negocio ser\u00eda un gasto de capital. Tendr\u00eda que deducir este gasto durante un per\u00edodo de tiempo. Por el contrario, un gasto ordinario puede deducirse al 100% en el a\u00f1o en que se incurre. Esto hace que sea importante realizar un seguimiento de todos sus gastos durante todo el a\u00f1o para obtener las deducciones fiscales m\u00e1ximas en su <a href=\"https:\/\/apc1040.com\/small-business-income-tax\/\">impuesto a las peque\u00f1as empresas<\/a><\/p>\n<h2>\u00bfQu\u00e9 es un gasto necesario?<\/h2>\n<p>Un gasto necesario es un gasto que es esencial para el funcionamiento de su negocio. Casi todos los a\u00f1os, hay algunos clientes que intentan cancelar gastos que no pertenecen a la operaci\u00f3n de su negocio y tenemos que preguntarles por qu\u00e9 creen que deber\u00edan poder cancelar ese gasto. Un ejemplo es que cierta empresa de MLM que vende cosm\u00e9ticos puerta a puerta ofrece capacitaci\u00f3n en Las Vegas, por lo que el cliente quiere cancelar su viaje. El cliente vendi\u00f3 $ 535 de las ventas totales del a\u00f1o y cree que puede cancelar el viaje de $ 3500 porque la compa\u00f1\u00eda de MLM dijo que pod\u00eda hacerlo.<\/p>\n<p>Sin embargo, al <a href=\"https:\/\/apc1040.com\/irs-tax-audit-triggers\/\">IRS<\/a> le resultar\u00eda dif\u00edcil creer que este viaje fuera necesario porque muchos otros vendedores no tuvieron que hacer ese viaje para mantener su puesto en la empresa de MLM. Si bien la definici\u00f3n de cada persona de un gasto necesario ser\u00e1 diferente, algunas pautas generales pueden ayudarlo a determinar si un gasto es realmente esencial o no.<\/p>\n<p>Primero, preg\u00fantese si el gasto es necesario para mantener la operaci\u00f3n actual de su negocio. En segundo lugar, considere si alguna alternativa m\u00e1s barata satisfar\u00eda sus necesidades de la misma manera. Al evaluar sus h\u00e1bitos de gasto, puede asegurarse de que solo est\u00e1 haciendo compras esenciales.<\/p>\n<h3>\u00bfC\u00f3mo deduzco mis gastos comerciales?<\/h3>\n<p>Si es due\u00f1o de un negocio, es posible que se <a href=\"https:\/\/apc1040.com\/es\/preguntas-frecuentes-sobre-el-servicio-de-impuestos-preguntas-mas-frecuentes\/\">pregunte<\/a> c\u00f3mo puede deducir los gastos de su negocio cuando llegue el momento de declarar impuestos. La buena noticia es que puede aprovechar varias deducciones, pero es importante conocer las reglas y los requisitos antes de realizar cualquier deducci\u00f3n.<\/p>\n<p>Una deducci\u00f3n com\u00fan es por millaje comercial. Puede deducir una parte de sus gastos de viaje si utiliza su veh\u00edculo personal para fines comerciales. Sin embargo, debe mantener registros precisos de su <a href=\"https:\/\/apc1040.com\/es\/seguimiento-del-kilometraje-de-la-empresa\/\">millaje<\/a> para poder deducirlo. Otras deducciones comunes incluyen suministros de oficina, gastos de marketing y servicios profesionales.<\/p>\n<p>Es importante tener en cuenta que no todos los gastos son deducibles. Por ejemplo, los gastos de viaje personales no son deducibles. Tampoco se consideran gastos lujosos o innecesarios para el funcionamiento de su negocio. En caso de duda, siempre es mejor hablar con un contador o abogado fiscal para determinar si un gasto es deducible.<\/p>\n<p>Con una cuidadosa planificaci\u00f3n y mantenimiento de registros, puede asegurarse de aprovechar todas las deducciones disponibles para usted como propietario de un negocio. Esto puede ahorrarle una cantidad significativa de dinero cuando llegue el momento de los impuestos.<\/p>\n<h3>\u00bfQu\u00e9 significan los gastos comerciales para las personas?<\/h3>\n<p>Los Gastos Ordinarios y Necesarios tambi\u00e9n pueden utilizarse como deducciones para Negocios. Puede deducir una parte de sus gastos de viaje, material de oficina y marketing si trabaja por cuenta propia. Tambi\u00e9n puede deducir cualquier servicio profesional que haya utilizado, como servicios contables o legales.<\/p>\n<p>Es importante tener en cuenta que no todos los gastos son deducibles, incluso para personas f\u00edsicas. Por ejemplo, no puede deducir gastos de viajes personales o gastos considerados lujosos o innecesarios. En caso de duda, siempre es mejor hablar con un <a href=\"https:\/\/apc1040.com\/es\/contadores-fiscales-cerca-de-mi\/\">contador o abogado fiscal<\/a> para determinar si un gasto es deducible.<\/p>\n<p>Al realizar un seguimiento cuidadoso de los gastos de su negocio a lo largo del a\u00f1o, puede asegurarse de obtener el m\u00e1ximoum <a href=\"https:\/\/apc1040.com\/es\/servicio-de-impuestos-cerca-de-mi\/\">deducci\u00f3n llegado el momento de los impuestos<\/a>. Esto puede ahorrarle una cantidad significativa de dinero.<\/p>\n<h4>Cosas que debes saber<\/h4>\n<p>Cuando se trata de gastos comerciales, hay algunas cosas que debe saber para obtener la m\u00e1xima deducci\u00f3n en el momento de la declaraci\u00f3n de impuestos. Primero, definamos qu\u00e9 es un gasto necesario. Un gasto necesario es un gasto que es esencial para el mantenimiento de su nivel de vida. Esto puede incluir cosas como alquiler, servicios p\u00fablicos, transporte y comestibles. Los gastos necesarios generalmente caen en una de dos categor\u00edas: fijos o variables. Los gastos fijos, como el alquiler o el pago de un autom\u00f3vil, siguen siendo los mismos cada mes. Y Los gastos variables, por otro lado, pueden fluctuar seg\u00fan sus necesidades. Por ejemplo, su factura de comestibles puede ser m\u00e1s alta en algunos meses que en otros.<\/p>\n<p>Es importante recordar que no todos los gastos se consideran necesarios. Por ejemplo, no necesitar\u00eda comprar si pierde su trabajo. Adem\u00e1s, puede haber alternativas m\u00e1s baratas que tambi\u00e9n satisfagan sus necesidades. Por ejemplo, podr\u00eda tomar el transporte p\u00fablico o compartir el autom\u00f3vil con un amigo en <a href=\"https:\/\/apc1040.com\/es\/impuestos-facil\/como-constituir-su-empresa-de-forma-economica\/\">lugar de tomar un taxi para ir al trabajo<\/a> todos los d\u00edas. Al evaluar sus h\u00e1bitos de gasto, puede asegurarse de que solo est\u00e1 haciendo compras absolutamente esenciales.<\/p>\n<p>Una vez que haya determinado qu\u00e9 gastos son necesarios, puede comenzar a realizar un seguimiento de ellos. Esto se puede hacer manteniendo los recibos o creando un presupuesto. Hacer un seguimiento de los gastos de su negocio tambi\u00e9n es una buena idea si trabaja por cuenta propia. Esto incluye material de oficina, gastos de marketing y servicios profesionales.<\/p>\n<h4>\u00bfC\u00f3mo saber si un gasto es deducible?<\/h4>\n<p>El proceso de deducci\u00f3n de impuestos puede ser muy complicado y debe comprender c\u00f3mo funciona antes de reclamar cualquier deducci\u00f3n. Entonces, \u00bfc\u00f3mo saber si un gasto es deducible? Para ser elegible para una deducci\u00f3n, el gasto debe cumplir con tres criterios. En primer lugar, debe considerarse un gasto comercial ordinario y necesario. Esto significa que el gasto debe ser com\u00fan y aceptado en su industria, y debe ser necesario para que usted administre su negocio. En segundo lugar, el gasto debe estar directamente relacionado con su negocio. Esto significa que se debe incurrir en el gasto \u00fanicamente para generar ingresos o ganancias. Finalmente, el gasto no debe ser de car\u00e1cter personal. Akron Income Tax Preparation.<\/p>\n<h4>Esto significa que el gasto no se puede utilizar para fines personales.<\/h4>\n<p>Si un gasto cumple con estos tres criterios, entonces se considera deducible. Sin embargo, es importante tener en cuenta que algunos gastos no son deducibles, incluso si cumplen con los tres criterios. Por ejemplo, los gastos incurridos por viajes de negocios solo son deducibles si su monto es razonable. Por lo tanto, es importante consultar con un profesional de impuestos para asegurarse de que est\u00e1 reclamando todas las deducciones elegibles.<\/p>\n<h4>\u00bfSu empresa necesita un EIN?<\/h4>\n<p>Si trabaja por cuenta propia, deber\u00e1 obtener un n\u00famero de identificaci\u00f3n de empleador (EIN) del IRS. Este n\u00famero de nueve d\u00edgitos se utiliza para identificar su empresa a efectos fiscales. Puede solicitar un EIN en l\u00ednea, por correo o por fax. El proceso es relativamente simple y deber\u00eda recibir su EIN dentro de las cuatro semanas.<\/p>\n<p>Necesitar\u00e1 un EIN si trabaja por cuenta propia, tiene empleados u opera su negocio como una corporaci\u00f3n o sociedad. Si no tiene un EIN, puede estar sujeto a sanciones del IRS. Por lo tanto, es importante obtener uno lo antes posible.<\/p>\n<h4>C\u00f3mo empezar<\/h4>\n<p>Ahora que conoce los conceptos b\u00e1sicos de los gastos comerciales, puede comenzar a realizar un seguimiento de sus propios gastos y deducciones. Si trabaja por cuenta propia, aseg\u00farese de obtener un EIN del IRS. Y, si tiene alguna pregunta sobre si un gasto es deducible o no, aseg\u00farese de consultar con un profesional de impuestos. Con un poco de planificaci\u00f3n y preparaci\u00f3n, puede asegurarse de que su negocio funcione sin problemas y de manera eficiente.<\/p>\n<h4>\u00bfC\u00f3mo afectan los gastos comerciales o reducen los impuestos?<\/h4>\n<p>Los gastos comerciales pueden tener un impacto significativo en sus impuestos. Pueden <a href=\"https:\/\/apc1040.com\/es\/como-utilizar-un-plan-responsable-para-reducir-impuestos\/\">reducir el monto del impuesto<\/a> sobre la renta que debe y tambi\u00e9n pueden reducir el monto del impuesto sobre el trabajo por cuenta propia que debe. Adem\u00e1s, los gastos comerciales se pueden utilizar para compensar las ganancias de capital que pueda tener. Las ganancias de capital son ganancias que se obtienen cuando vende un activo por m\u00e1s de lo que pag\u00f3 por \u00e9l. Cuando tiene ganancias de capital, es posible que deba pagar impuestos sobre esas ganancias.<\/p>\n<p>Sin embargo, si tiene gastos comerciales que exceden sus ganancias de capital, puede usar esos gastos para compensar los impuestos adeudados sobre las ganancias. Esto puede ahorrarle una cantidad significativa de dinero en impuestos.<\/p>\n<p>Es importante tener en cuenta que no todos los gastos comerciales son deducibles de impuestos. Solo los gastos que cumplen con los criterios discutidos anteriormente son elegibles para deducci\u00f3n. Adem\u00e1s, algunos gastos pueden estar sujetos a limitaciones. Por ejemplo, como se mencion\u00f3 anteriormente, los gastos de viajes de negocios solo son deducibles si su monto es razonable. Por lo tanto, es importante consultar con un profesional de impuestos para asegurarse de que est\u00e1 reclamando todas las deducciones elegibles.<\/p>\n<h5>\u00bfCu\u00e1les son ejemplos de gastos comerciales deducibles?<\/h5>\n<p>Si eres aut\u00f3nomo o<\/p>\n<\/div><\/div><\/div><\/div><\/div><\/div><\/div><\/section>\n","protected":false},"excerpt":{"rendered":"Gastos Ordinarios y Necesarios: Lo que Debes Saber Hay muchos conceptos err\u00f3neos acerca de lo que es y no es un gasto comercial. Para asegurarse de que est\u00e1 tomando todas las deducciones a las que tiene derecho, es importante comprender la diferencia entre los gastos ordinarios y los necesarios. \u00a1Esta p\u00e1gina desglosar\u00e1 lo que constituye...","protected":false},"author":10,"featured_media":4512,"parent":0,"menu_order":0,"comment_status":"closed","ping_status":"closed","template":"","meta":{"_lmt_disableupdate":"no","_lmt_disable":"","_monsterinsights_skip_tracking":false,"_monsterinsights_sitenote_active":false,"_monsterinsights_sitenote_note":"","_monsterinsights_sitenote_category":0,"_uf_show_specific_survey":0,"_uf_disable_surveys":false,"footnotes":""},"class_list":["post-3038","page","type-page","status-publish","has-post-thumbnail","hentry"],"yoast_head":"<!-- This site is optimized with the Yoast SEO Premium plugin v27.3 (Yoast SEO v27.4) - https:\/\/yoast.com\/product\/yoast-seo-premium-wordpress\/ -->\n<title>Gastos Ordinarios y Necesarios | Akron Income Tax Preparation<\/title>\n<meta name=\"description\" content=\"Es importante comprender los gastos ordinarios y necesarios en lo que respecta a las deducciones comerciales aceptables.\" \/>\n<meta name=\"robots\" content=\"index, follow, max-snippet:-1, max-image-preview:large, max-video-preview:-1\" \/>\n<link rel=\"canonical\" href=\"https:\/\/apc1040.com\/es\/gastos-ordinarios-y-necesarios\/\" \/>\n<meta property=\"og:locale\" content=\"es_ES\" \/>\n<meta property=\"og:type\" content=\"article\" \/>\n<meta property=\"og:title\" content=\"Gastos Ordinarios y Necesarios\" \/>\n<meta property=\"og:description\" content=\"Es importante comprender los gastos ordinarios y necesarios en lo que respecta a las deducciones comerciales aceptables.\" \/>\n<meta property=\"og:url\" content=\"https:\/\/apc1040.com\/es\/gastos-ordinarios-y-necesarios\/\" \/>\n<meta property=\"og:site_name\" content=\"Akron Income Tax Preparation\" \/>\n<meta property=\"article:publisher\" content=\"https:\/\/www.facebook.com\/APC1040\" \/>\n<meta property=\"article:modified_time\" content=\"2024-08-10T14:49:12+00:00\" \/>\n<meta property=\"og:image\" content=\"https:\/\/apc1040.com\/wp-content\/uploads\/2023\/07\/invoices1.jpg\" \/>\n\t<meta property=\"og:image:width\" content=\"993\" \/>\n\t<meta property=\"og:image:height\" content=\"689\" \/>\n\t<meta property=\"og:image:type\" content=\"image\/jpeg\" \/>\n<meta name=\"twitter:card\" content=\"summary_large_image\" \/>\n<meta name=\"twitter:label1\" content=\"Est. reading time\" \/>\n\t<meta name=\"twitter:data1\" content=\"8 minutes\" \/>\n<!-- \/ Yoast SEO Premium plugin. -->","yoast_head_json":{"title":"Gastos Ordinarios y Necesarios | Akron Income Tax Preparation","description":"Es importante comprender los gastos ordinarios y necesarios en lo que respecta a las deducciones comerciales aceptables.","robots":{"index":"index","follow":"follow","max-snippet":"max-snippet:-1","max-image-preview":"max-image-preview:large","max-video-preview":"max-video-preview:-1"},"canonical":"https:\/\/apc1040.com\/es\/gastos-ordinarios-y-necesarios\/","og_locale":"es_ES","og_type":"article","og_title":"Gastos Ordinarios y Necesarios","og_description":"Es importante comprender los gastos ordinarios y necesarios en lo que respecta a las deducciones comerciales aceptables.","og_url":"https:\/\/apc1040.com\/es\/gastos-ordinarios-y-necesarios\/","og_site_name":"Akron Income Tax Preparation","article_publisher":"https:\/\/www.facebook.com\/APC1040","article_modified_time":"2024-08-10T14:49:12+00:00","og_image":[{"width":993,"height":689,"url":"https:\/\/apc1040.com\/wp-content\/uploads\/2023\/07\/invoices1.jpg","type":"image\/jpeg"}],"twitter_card":"summary_large_image","twitter_misc":{"Est. reading time":"8 minutes"},"schema":{"@context":"https:\/\/schema.org","@graph":[{"@type":"WebPage","@id":"https:\/\/apc1040.com\/es\/gastos-ordinarios-y-necesarios\/","url":"https:\/\/apc1040.com\/es\/gastos-ordinarios-y-necesarios\/","name":"Gastos Ordinarios y Necesarios | Akron Income Tax Preparation","isPartOf":{"@id":"https:\/\/apc1040.com\/es\/#website"},"primaryImageOfPage":{"@id":"https:\/\/apc1040.com\/es\/gastos-ordinarios-y-necesarios\/#primaryimage"},"image":{"@id":"https:\/\/apc1040.com\/es\/gastos-ordinarios-y-necesarios\/#primaryimage"},"thumbnailUrl":"https:\/\/apc1040.com\/wp-content\/uploads\/2023\/07\/invoices1.jpg","datePublished":"2022-09-19T21:38:46+00:00","dateModified":"2024-08-10T14:49:12+00:00","description":"Es importante comprender los gastos ordinarios y necesarios en lo que respecta a las deducciones comerciales aceptables.","breadcrumb":{"@id":"https:\/\/apc1040.com\/es\/gastos-ordinarios-y-necesarios\/#breadcrumb"},"inLanguage":"es","potentialAction":[{"@type":"ReadAction","target":["https:\/\/apc1040.com\/es\/gastos-ordinarios-y-necesarios\/"]}]},{"@type":"ImageObject","inLanguage":"es","@id":"https:\/\/apc1040.com\/es\/gastos-ordinarios-y-necesarios\/#primaryimage","url":"https:\/\/apc1040.com\/wp-content\/uploads\/2023\/07\/invoices1.jpg","contentUrl":"https:\/\/apc1040.com\/wp-content\/uploads\/2023\/07\/invoices1.jpg","width":993,"height":689,"caption":"invoices1"},{"@type":"BreadcrumbList","@id":"https:\/\/apc1040.com\/es\/gastos-ordinarios-y-necesarios\/#breadcrumb","itemListElement":[{"@type":"ListItem","position":1,"name":"Home","item":"https:\/\/apc1040.com\/es\/"},{"@type":"ListItem","position":2,"name":"Gastos Ordinarios y Necesarios"}]},{"@type":"WebSite","@id":"https:\/\/apc1040.com\/es\/#website","url":"https:\/\/apc1040.com\/es\/","name":"Akron Income Tax Preparation","description":"Income Tax Preparation Service","publisher":{"@id":"https:\/\/apc1040.com\/es\/#organization"},"potentialAction":[{"@type":"SearchAction","target":{"@type":"EntryPoint","urlTemplate":"https:\/\/apc1040.com\/es\/?s={search_term_string}"},"query-input":{"@type":"PropertyValueSpecification","valueRequired":true,"valueName":"search_term_string"}}],"inLanguage":"es"},{"@type":"Organization","@id":"https:\/\/apc1040.com\/es\/#organization","name":"Akron Income Tax Co","url":"https:\/\/apc1040.com\/es\/","logo":{"@type":"ImageObject","inLanguage":"es","@id":"https:\/\/apc1040.com\/es\/#\/schema\/logo\/image\/","url":"https:\/\/apc1040.com\/wp-content\/uploads\/2024\/11\/income-tax-service-akron.jpg","contentUrl":"https:\/\/apc1040.com\/wp-content\/uploads\/2024\/11\/income-tax-service-akron.jpg","width":800,"height":745,"caption":"Akron Income Tax Co"},"image":{"@id":"https:\/\/apc1040.com\/es\/#\/schema\/logo\/image\/"},"sameAs":["https:\/\/www.facebook.com\/APC1040"]}]}},"amp_enabled":true,"_links":{"self":[{"href":"https:\/\/apc1040.com\/es\/wp-json\/wp\/v2\/pages\/3038","targetHints":{"allow":["GET"]}}],"collection":[{"href":"https:\/\/apc1040.com\/es\/wp-json\/wp\/v2\/pages"}],"about":[{"href":"https:\/\/apc1040.com\/es\/wp-json\/wp\/v2\/types\/page"}],"author":[{"embeddable":true,"href":"https:\/\/apc1040.com\/es\/wp-json\/wp\/v2\/users\/10"}],"replies":[{"embeddable":true,"href":"https:\/\/apc1040.com\/es\/wp-json\/wp\/v2\/comments?post=3038"}],"version-history":[{"count":0,"href":"https:\/\/apc1040.com\/es\/wp-json\/wp\/v2\/pages\/3038\/revisions"}],"wp:featuredmedia":[{"embeddable":true,"href":"https:\/\/apc1040.com\/es\/wp-json\/wp\/v2\/media\/4512"}],"wp:attachment":[{"href":"https:\/\/apc1040.com\/es\/wp-json\/wp\/v2\/media?parent=3038"}],"curies":[{"name":"wp","href":"https:\/\/api.w.org\/{rel}","templated":true}]}}