{"id":3030,"date":"2022-09-05T10:23:10","date_gmt":"2022-09-05T14:23:10","guid":{"rendered":"https:\/\/apc1040.com\/?page_id=3030"},"modified":"2024-05-13T06:47:13","modified_gmt":"2024-05-13T10:47:13","slug":"registro-de-impuestos-sobre-la-renta","status":"publish","type":"page","link":"https:\/\/apc1040.com\/es\/registro-de-impuestos-sobre-la-renta\/","title":{"rendered":"Registro de impuestos sobre la renta"},"content":{"rendered":"<h2>Consejos para el mantenimiento de registros de impuestos sobre la renta para su peque\u00f1a empresa:<\/h2>\n<p>El mantenimiento adecuado de registros de impuestos sobre la renta es esencial para su Peque\u00f1a empresa. Como propietario de una peque\u00f1a empresa, usted es responsable de realizar un seguimiento de sus ingresos y gastos. Esto es importante a efectos fiscales, as\u00ed como para ayudarle a realizar un seguimiento del progreso de su empresa. Una tarea esencial en el mantenimiento de registros fiscales es mantener registros precisos de todas las transacciones. Esto har\u00e1 que el tiempo de impuestos sea mucho m\u00e1s f\u00e1cil para usted y tambi\u00e9n ayudar\u00e1 a garantizar que est\u00e9 pagando la cantidad correcta de impuestos. En esta publicaci\u00f3n de blog, discutiremos algunos consejos para el mantenimiento de registros de impuestos y la importancia de mantener buenos registros durante todo el a\u00f1o.<\/p>\n<h2><img decoding=\"async\" class=\"aligncenter size-full wp-image-2476\" src=\"https:\/\/apc1040.com\/wp-content\/uploads\/2020\/09\/download-2.jpg\" alt=\"Impuesto sobre la renta mantenimiento de registros\" width=\"276\" height=\"231\" \/><\/h2>\n<h2>7 consejos \u00fatiles para el mantenimiento de registros de impuestos sobre la renta para su peque\u00f1a empresa<\/h2>\n<p>Si es propietario de una peque\u00f1a empresa, el mantenimiento de registros de impuestos sobre la renta es una tarea esencial. El mantenimiento adecuado de registros lo ayudar\u00e1 en el momento de la declaraci\u00f3n de impuestos y durante todo el a\u00f1o. Aqu\u00ed hay siete consejos para ayudarlo a mantener registros precisos:<\/p>\n<h2>1) Mantenga un registro de todos los ingresos y gastos:<\/h2>\n<p>Como propietario de una peque\u00f1a empresa, es importante realizar un seguimiento de todos sus ingresos y gastos. Esto le ayudar\u00e1 cuando llegue el momento de declarar sus impuestos. Puede usar una variedad de m\u00e9todos para realizar un seguimiento de sus ingresos y gastos, incluida una hoja de c\u00e1lculo, un programa de software o incluso un libro de contabilidad escrito a mano. Cualquiera que sea el m\u00e9todo que elija, aseg\u00farese de actualizarlo regularmente y mantenerlo organizado. Adem\u00e1s, aseg\u00farese de guardar todos los recibos o facturas relacionados con sus ingresos y gastos. Esta documentaci\u00f3n puede ser \u00fatil si alguna vez tiene que demostrar sus <a href=\"https:\/\/apc1040.com\/es\/deducciones-fiscales-viajes-y-entretenimiento\/\">deducciones al IRS<\/a>. Al mantenerse organizado y mantener buenos registros, puede asegurarse de que el tiempo de impuestos de su peque\u00f1a empresa sea lo m\u00e1s fluido posible.<\/p>\n<h2>2) Establecer cuentas bancarias comerciales:<\/h2>\n<p>Otro consejo importante para el mantenimiento de registros de impuestos sobre la renta es establecer cuentas bancarias comerciales separadas. Esto lo ayudar\u00e1 a realizar un seguimiento de las finanzas de su negocio y facilitar\u00e1 la presentaci\u00f3n de sus impuestos. Cuando tiene cuentas comerciales separadas, todos sus ingresos y gastos relacionados con el negocio estar\u00e1n en un solo lugar. Esto puede ahorrarle mucho tiempo y dolor de cabeza cuando llegue el momento de los impuestos. Adem\u00e1s, tener cuentas separadas puede ayudarlo a demostrarle al IRS que su negocio es una operaci\u00f3n leg\u00edtima.<\/p>\n<h3>3) Mantenga buenos registros de kilometraje comercial:<\/h3>\n<p>Si usa su veh\u00edculo personal para fines comerciales, es importante mantener buenos registros de su millaje. Esto se debe a que puede deducir el millaje relacionado con el negocio de sus impuestos. Para <a href=\"https:\/\/apc1040.com\/es\/seguimiento-del-kilometraje-de-la-empresa\/\">deducir su millaje<\/a>, deber\u00e1 realizar un seguimiento de las millas que conduce y tener un registro del prop\u00f3sito. del viaje. Puede usar una aplicaci\u00f3n de seguimiento de millas o simplemente mantener un registro escrito de sus viajes relacionados con el negocio. Sin embargo, si elige realizar un seguimiento de su <a href=\"https:\/\/apc1040.com\/es\/seguimiento-del-kilometraje-de-la-empresa\/\">millaje<\/a>, aseg\u00farese de hacerlo de manera constante para tener registros precisos cuando llegue el momento de los impuestos.<\/p>\n<h3><img decoding=\"async\" class=\"aligncenter tama\u00f1o-mediano wp-image-2557\" src=\"https:\/\/apc1040.com\/wp-content\/uploads\/2022\/06\/photo-1554224155-6726b3ff858f-300x172.jpg\" alt=\"preparaci\u00f3n de declaraci\u00f3n de impuestos\" width=\"300\" height=\"172\" srcset=\"https:\/\/apc1040.com\/wp-content\/uploads\/2022\/06\/photo-1554224155-6726b3ff858f-300x172.jpg 300w, https:\/\/apc1040.com\/wp-content\/uploads\/2022\/06\/photo-1554224155-6726b3ff858f.jpg 1000w\" sizes=\"(max-width: 300px) 100vw, 300px\" \/><\/h3>\n<h3>4) Carga de la prueba para impuestos comerciales:<\/h3>\n<p>Cuando se trata de impuestos comerciales, la carga de la prueba recae en el propietario del negocio. Depende de usted demostrarle al IRS que sus deducciones son leg\u00edtimas. Por lo tanto, es importante mantener buenos registros y documentaci\u00f3n de todos los ingresos y gastos. Esta documentaci\u00f3n puede incluir recibos, facturas, extractos bancarios y m\u00e1s. Al mantener buenos registros, puede asegurarse de poder probar sus deducciones y evitar sanciones del IRS.<\/p>\n<h3>5) Mant\u00e9ngase organizado durante todo el a\u00f1o:<\/h3>\n<p>Uno de los mejores consejos para el mantenimiento de registros de impuestos sobre la renta es mantenerse organizado durante todo el a\u00f1o. Esto significa realizar un seguimiento de sus ingresos y gastos de forma regular. Adem\u00e1s, es una buena idea establecer un sistema para organizar sus registros. Esto puede ser tan simple como crear carpetas mensuales o usar un programa de software para realizar un seguimiento de sus finanzas. Si se mantiene organizado, puede ahorrarse mucho tiempo y dolores de cabeza cuando llegue la hora de pagar los impuestos.<\/p>\n<h3>6) Contrata a un profesional:<\/h3>\n<p>Si se siente abrumado por la tarea de llevar un registro de impuestos, siempre puede contratar a un profesional para que lo ayude. Hay muchos contadores y preparadores de impuestos que se especializan en <a href=\"https:\/\/apc1040.com\/es\/small-business-income-tax-service\/\">impuestos para peque\u00f1as empresas<\/a>. Pueden ayudarlo a realizar un seguimiento de sus ingresos y gastos y asegurarse de que toma todas las deducciones a las que tiene derecho. Contratar a un profesional puede ser una excelente manera de eliminar el estr\u00e9s de la temporada de impuestos.<\/p>\n<h3>7) Compre el software de contabilidad adecuado:<\/h3>\n<p>Si decide hacer sus propios impuestos, es importante comprar el software de contabilidad adecuado. Este software puede hacer que sea mucho m\u00e1s f\u00e1cil realizar un seguimiento de sus ingresos y gastos y preparar su declaraci\u00f3n de impuestos. Hay muchos tipos diferentes de cuentasoftware disponible, as\u00ed que aseg\u00farese de investigar un poco para encontrar la mejor opci\u00f3n para su peque\u00f1a empresa. Al comprar el software adecuado, puede ahorrarse mucho tiempo y molestias cuando llegue la temporada de impuestos.<\/p>\n<p>\u00bfPor qu\u00e9 es esencial mantener un registro fiscal adecuado para su peque\u00f1a empresa?<\/p>\n<p>Muchos propietarios de peque\u00f1as empresas se sorprenden al saber cu\u00e1n importante es el mantenimiento adecuado de los registros de impuestos para el \u00e9xito de su negocio. Garantiza que cumpla con la ley y tambi\u00e9n puede ayudarlo a maximizar sus deducciones y minimizar su obligaci\u00f3n tributaria. Adem\u00e1s, los buenos h\u00e1bitos de mantenimiento de registros pueden ayudarlo a realizar un seguimiento de la salud financiera de su negocio y tomar decisiones informadas sobre su futuro.<\/p>\n<h3>Cosas importantes que debe tener en cuenta:<\/h3>\n<p>Hay algunas cosas clave que debe recordar cuando se trata del mantenimiento de registros de impuestos.<\/p>\n<h3>1) Mantenga registros meticulosos:<\/h3>\n<p>En primer lugar, debe mantener registros meticulosos de todos sus ingresos y gastos. Esto incluye todo, desde ingresos y ventas hasta el costo de los bienes vendidos y los gastos operativos. Al rastrear toda esta informaci\u00f3n, puede preparar con precisi\u00f3n su declaraci\u00f3n de impuestos y aprovechar todas las deducciones y cr\u00e9ditos a los que tiene derecho.<\/p>\n<h3>2) Realice un seguimiento de su registro de activos<\/h3>\n<p>Otro aspecto importante del mantenimiento de registros fiscales es el seguimiento de las compras y mejoras de activos. Esto incluye todo, desde equipos y muebles de oficina hasta veh\u00edculos y bienes inmuebles. Al realizar un seguimiento de estos gastos, podr\u00e1 maximizar sus deducciones por depreciaci\u00f3n y minimizar sus impuestos sobre las ganancias de capital cuando llegue el momento de vender el activo.<\/p>\n<h3>3) Mantenga un buen registro durante todo el a\u00f1o<\/h3>\n<p>Finalmente, es importante mantener buenos registros de sus actividades comerciales durante todo el a\u00f1o. Esto incluye todo, desde iniciativas de marketing y costos de adquisici\u00f3n de clientes hasta gastos de capacitaci\u00f3n de los empleados. Al rastrear toda esta informaci\u00f3n, podr\u00e1 crear una imagen precisa de la rentabilidad de su negocio y tomar decisiones acertadas sobre su futuro.<\/p>\n<p>En resumen, el mantenimiento adecuado de registros de impuestos es esencial para cualquier propietario de una peque\u00f1a empresa que quiera tener \u00e9xito. Al realizar un seguimiento de sus ingresos y gastos, puede asegurarse de cumplir con la ley, minimizar su obligaci\u00f3n tributaria y maximizar sus deducciones. Adem\u00e1s, los buenos h\u00e1bitos de mantenimiento de registros lo ayudar\u00e1n a realizar un seguimiento de la salud financiera de su negocio y tomar decisiones informadas sobre su futuro.<\/p>\n<h4>Requisitos del IRS para recibos:<\/h4>\n<p>Las deducciones son esenciales para el c\u00f3digo fiscal y pueden reducir su ingreso imponible. Algunas deducciones comunes incluyen donaciones caritativas o gastos comerciales. Sin embargo, hay una lista que incluye m\u00e1s que solo estas dos opciones, pago de cuidado de ni\u00f1os, por ejemplo. Si planea reclamar cualquier tipo (o la totalidad) de la deducci\u00f3n, entonces debemos verificar nuestro gasto reclamado con documentaci\u00f3n y mantener registros adecuados como tal en orden durante las inspecciones de auditor\u00eda por parte de agencias externas como el IRS. Tienen requisitos espec\u00edficos con respecto a los tipos\/tama\u00f1os de las pruebas necesarias para probar reclamos v\u00e1lidos, etc. Repasemos cu\u00e1les son los requisitos del IRS para los recibos:<\/p>\n<h4>Los requisitos para los recibos son los siguientes:<\/h4>\n<h4>1) Prueba documental:<\/h4>\n<p>El Servicio de Impuestos Internos (IRS) requiere que los contribuyentes tengan evidencia documental para respaldar sus reclamos de gastos, cr\u00e9ditos y deducciones. Esta evidencia debe ser en forma de recibos, cheques cancelados, facturas u otra documentaci\u00f3n escrita. El IRS tambi\u00e9n requiere que los contribuyentes conserven estos registros durante al menos tres a\u00f1os despu\u00e9s de <a href=\"https:\/\/apc1040.com\/es\/presentar-una-extension-de-impuestos-del-irs\/\">presentar<\/a> sus impuestos.<\/p>\n<p>En algunos casos, el IRS puede exigir a los contribuyentes que mantengan registros durante per\u00edodos de tiempo m\u00e1s prolongados. Por ejemplo, los contribuyentes que realizan pagos de impuestos estimados deben mantener registros de estos pagos durante al menos cuatro a\u00f1os. Los requisitos para los recibos pueden ser confusos y abrumadores para los contribuyentes. Sin embargo, es importante recordar que el IRS solo solicita documentaci\u00f3n existente. Los contribuyentes no deben esforzarse por crear recibos o documentaci\u00f3n adicionales. Siempre que tengan registros de sus gastos, cr\u00e9ditos y deducciones, deber\u00edan poder cumplir con los requisitos del IRS.<\/p>\n<h4>2) Excepciones de pruebas documentales:<\/h4>\n<p>La mayor\u00eda de los contribuyentes eligen la deducci\u00f3n est\u00e1ndar cuando presentan sus impuestos. Sin embargo, si detalla sus deducciones, es posible que pueda deducir ciertos gastos. Para poder deducir estos gastos, debe tener pruebas documentales, como recibos, cheques cancelados o facturas. Hay algunas excepciones a esta regla. Por ejemplo, no necesita un recibo por. Contribuciones caritativas si dona dinero en efectivo o bienes valorados en $250 o menos. Tampoco necesita recibos de gastos educativos si reclama. El Cr\u00e9dito de aprendizaje de por vida. Puede consultar el sitio web del IRS o hablar con un asesor fiscal si tiene preguntas sobre qu\u00e9 documentaci\u00f3n se requiere.<\/p>\n<h5>3) Recibos escaneados:<\/h5>\n<p>El IRS acepta copias escaneadas de recibos siempre que sean legibles. Debe guardar los recibos originales en un lugar seguro en caso de que lo auditen. tambi\u00e9n puedes tomar<\/p>\n","protected":false},"excerpt":{"rendered":"<p>Consejos para el mantenimiento de registros de impuestos sobre la renta para su peque\u00f1a empresa: El mantenimiento adecuado de registros de impuestos sobre la renta es esencial para su Peque\u00f1a empresa. Como propietario de una peque\u00f1a empresa, usted es responsable de realizar un seguimiento de sus ingresos y gastos. Esto es importante a efectos fiscales,&#8230;<\/p>\n","protected":false},"author":10,"featured_media":2580,"parent":0,"menu_order":0,"comment_status":"closed","ping_status":"closed","template":"","meta":{"_lmt_disableupdate":"no","_lmt_disable":"","_monsterinsights_skip_tracking":false,"_monsterinsights_sitenote_active":false,"_monsterinsights_sitenote_note":"","_monsterinsights_sitenote_category":0,"_uf_show_specific_survey":0,"_uf_disable_surveys":false,"footnotes":""},"class_list":["post-3030","page","type-page","status-publish","has-post-thumbnail","hentry"],"yoast_head":"<!-- This site is optimized with the Yoast SEO Premium plugin v27.3 (Yoast SEO v27.4) - https:\/\/yoast.com\/product\/yoast-seo-premium-wordpress\/ -->\n<title>Registro de impuestos sobre la renta | Akron Income Tax Prep<\/title>\n<meta name=\"description\" content=\"Consejos para mantener registros de impuestos sobre la renta para su peque\u00f1a empresa: esenciales para su peque\u00f1a empresa\" \/>\n<meta name=\"robots\" content=\"index, follow, max-snippet:-1, max-image-preview:large, max-video-preview:-1\" \/>\n<link rel=\"canonical\" href=\"https:\/\/apc1040.com\/es\/registro-de-impuestos-sobre-la-renta\/\" \/>\n<meta property=\"og:locale\" content=\"es_ES\" \/>\n<meta property=\"og:type\" content=\"article\" \/>\n<meta property=\"og:title\" content=\"Registro de impuestos sobre la renta\" \/>\n<meta property=\"og:description\" content=\"Consejos para mantener registros de impuestos sobre la renta para su peque\u00f1a empresa: esenciales para su peque\u00f1a empresa\" \/>\n<meta property=\"og:url\" content=\"https:\/\/apc1040.com\/es\/registro-de-impuestos-sobre-la-renta\/\" \/>\n<meta property=\"og:site_name\" content=\"Akron Income Tax Preparation\" \/>\n<meta property=\"article:publisher\" content=\"https:\/\/www.facebook.com\/APC1040\" \/>\n<meta property=\"article:modified_time\" content=\"2024-05-13T10:47:13+00:00\" \/>\n<meta property=\"og:image\" content=\"https:\/\/apc1040.com\/wp-content\/uploads\/2022\/06\/istockphoto-918047566-170667a.jpg\" \/>\n\t<meta property=\"og:image:width\" content=\"508\" \/>\n\t<meta property=\"og:image:height\" content=\"339\" \/>\n\t<meta property=\"og:image:type\" content=\"image\/jpeg\" \/>\n<meta name=\"twitter:card\" content=\"summary_large_image\" \/>\n<meta name=\"twitter:label1\" content=\"Est. reading time\" \/>\n\t<meta name=\"twitter:data1\" content=\"9 minutes\" \/>\n<!-- \/ Yoast SEO Premium plugin. -->","yoast_head_json":{"title":"Registro de impuestos sobre la renta | Akron Income Tax Prep","description":"Consejos para mantener registros de impuestos sobre la renta para su peque\u00f1a empresa: esenciales para su peque\u00f1a empresa","robots":{"index":"index","follow":"follow","max-snippet":"max-snippet:-1","max-image-preview":"max-image-preview:large","max-video-preview":"max-video-preview:-1"},"canonical":"https:\/\/apc1040.com\/es\/registro-de-impuestos-sobre-la-renta\/","og_locale":"es_ES","og_type":"article","og_title":"Registro de impuestos sobre la renta","og_description":"Consejos para mantener registros de impuestos sobre la renta para su peque\u00f1a empresa: esenciales para su peque\u00f1a empresa","og_url":"https:\/\/apc1040.com\/es\/registro-de-impuestos-sobre-la-renta\/","og_site_name":"Akron Income Tax Preparation","article_publisher":"https:\/\/www.facebook.com\/APC1040","article_modified_time":"2024-05-13T10:47:13+00:00","og_image":[{"width":508,"height":339,"url":"https:\/\/apc1040.com\/wp-content\/uploads\/2022\/06\/istockphoto-918047566-170667a.jpg","type":"image\/jpeg"}],"twitter_card":"summary_large_image","twitter_misc":{"Est. reading time":"9 minutes"},"schema":{"@context":"https:\/\/schema.org","@graph":[{"@type":"WebPage","@id":"https:\/\/apc1040.com\/es\/registro-de-impuestos-sobre-la-renta\/","url":"https:\/\/apc1040.com\/es\/registro-de-impuestos-sobre-la-renta\/","name":"Registro de impuestos sobre la renta | Akron Income Tax Prep","isPartOf":{"@id":"https:\/\/apc1040.com\/es\/#website"},"primaryImageOfPage":{"@id":"https:\/\/apc1040.com\/es\/registro-de-impuestos-sobre-la-renta\/#primaryimage"},"image":{"@id":"https:\/\/apc1040.com\/es\/registro-de-impuestos-sobre-la-renta\/#primaryimage"},"thumbnailUrl":"https:\/\/apc1040.com\/wp-content\/uploads\/2022\/06\/istockphoto-918047566-170667a.jpg","datePublished":"2022-09-05T14:23:10+00:00","dateModified":"2024-05-13T10:47:13+00:00","description":"Consejos para mantener registros de impuestos sobre la renta para su peque\u00f1a empresa: esenciales para su peque\u00f1a empresa","breadcrumb":{"@id":"https:\/\/apc1040.com\/es\/registro-de-impuestos-sobre-la-renta\/#breadcrumb"},"inLanguage":"es","potentialAction":[{"@type":"ReadAction","target":["https:\/\/apc1040.com\/es\/registro-de-impuestos-sobre-la-renta\/"]}]},{"@type":"ImageObject","inLanguage":"es","@id":"https:\/\/apc1040.com\/es\/registro-de-impuestos-sobre-la-renta\/#primaryimage","url":"https:\/\/apc1040.com\/wp-content\/uploads\/2022\/06\/istockphoto-918047566-170667a.jpg","contentUrl":"https:\/\/apc1040.com\/wp-content\/uploads\/2022\/06\/istockphoto-918047566-170667a.jpg","width":508,"height":339,"caption":"istockphoto 918047566 170667a"},{"@type":"BreadcrumbList","@id":"https:\/\/apc1040.com\/es\/registro-de-impuestos-sobre-la-renta\/#breadcrumb","itemListElement":[{"@type":"ListItem","position":1,"name":"Home","item":"https:\/\/apc1040.com\/es\/"},{"@type":"ListItem","position":2,"name":"Registro de impuestos sobre la renta"}]},{"@type":"WebSite","@id":"https:\/\/apc1040.com\/es\/#website","url":"https:\/\/apc1040.com\/es\/","name":"Akron Income Tax Preparation","description":"Income Tax Preparation Service","publisher":{"@id":"https:\/\/apc1040.com\/es\/#organization"},"potentialAction":[{"@type":"SearchAction","target":{"@type":"EntryPoint","urlTemplate":"https:\/\/apc1040.com\/es\/?s={search_term_string}"},"query-input":{"@type":"PropertyValueSpecification","valueRequired":true,"valueName":"search_term_string"}}],"inLanguage":"es"},{"@type":"Organization","@id":"https:\/\/apc1040.com\/es\/#organization","name":"Akron Income Tax Co","url":"https:\/\/apc1040.com\/es\/","logo":{"@type":"ImageObject","inLanguage":"es","@id":"https:\/\/apc1040.com\/es\/#\/schema\/logo\/image\/","url":"https:\/\/apc1040.com\/wp-content\/uploads\/2024\/11\/income-tax-service-akron.jpg","contentUrl":"https:\/\/apc1040.com\/wp-content\/uploads\/2024\/11\/income-tax-service-akron.jpg","width":800,"height":745,"caption":"Akron Income Tax Co"},"image":{"@id":"https:\/\/apc1040.com\/es\/#\/schema\/logo\/image\/"},"sameAs":["https:\/\/www.facebook.com\/APC1040"]}]}},"amp_enabled":true,"_links":{"self":[{"href":"https:\/\/apc1040.com\/es\/wp-json\/wp\/v2\/pages\/3030","targetHints":{"allow":["GET"]}}],"collection":[{"href":"https:\/\/apc1040.com\/es\/wp-json\/wp\/v2\/pages"}],"about":[{"href":"https:\/\/apc1040.com\/es\/wp-json\/wp\/v2\/types\/page"}],"author":[{"embeddable":true,"href":"https:\/\/apc1040.com\/es\/wp-json\/wp\/v2\/users\/10"}],"replies":[{"embeddable":true,"href":"https:\/\/apc1040.com\/es\/wp-json\/wp\/v2\/comments?post=3030"}],"version-history":[{"count":0,"href":"https:\/\/apc1040.com\/es\/wp-json\/wp\/v2\/pages\/3030\/revisions"}],"wp:featuredmedia":[{"embeddable":true,"href":"https:\/\/apc1040.com\/es\/wp-json\/wp\/v2\/media\/2580"}],"wp:attachment":[{"href":"https:\/\/apc1040.com\/es\/wp-json\/wp\/v2\/media?parent=3030"}],"curies":[{"name":"wp","href":"https:\/\/api.w.org\/{rel}","templated":true}]}}