{"id":2954,"date":"2022-07-08T16:21:20","date_gmt":"2022-07-08T20:21:20","guid":{"rendered":"https:\/\/apc1040.com\/?page_id=2954"},"modified":"2025-11-23T15:36:25","modified_gmt":"2025-11-23T20:36:25","slug":"contadores-fiscales-cerca-de-mi","status":"publish","type":"page","link":"https:\/\/apc1040.com\/es\/contadores-fiscales-cerca-de-mi\/","title":{"rendered":"Contadores fiscales cerca de m\u00ed"},"content":{"rendered":"<section class=\"l-section wpb_row height_small\"><div class=\"l-section-h i-cf\"><div class=\"g-cols vc_row via_flex valign_top type_default stacking_default\"><div class=\"vc_col-sm-12 wpb_column vc_column_container\"><div class=\"vc_column-inner\"><div class=\"wpb_wrapper\"><div class=\"wpb_text_column\"><div class=\"wpb_wrapper\"><h2 data-pm-slice=\"1 1 &#091;&#093;\">Contadores de impuestos cerca de m\u00ed | Sociedad de Impuestos sobre la Renta de Akron<\/h2>\n<p>\u00bfNecesitas ayuda con tus impuestos? \u00bfEst\u00e1 buscando un contador de impuestos en el \u00e1rea de Akron? Tener un servicio de contabilidad de impuestos confiable es importante para cualquier propietario de negocio o individuo. Contadores <a href=\"https:\/\/apc1040.com\/es\/contabilidad-fiscal-cerca-de-mi\/\">fiscales cerca<\/a> de m\u00ed. La declaraci\u00f3n de impuestos puede ser un proceso complejo y confuso, por lo que es fundamental contar con alguien de su lado que conozca los entresijos del c\u00f3digo fiscal.<\/p>\n<p>En Akron Income Tax Co, nos enorgullecemos de ser los <a href=\"https:\/\/apc1040.com\/es\/el-mejor-preparador-de-impuestos-cerca-de-mi\/\">mejores contadores fiscales del \u00e1rea<\/a>. Contamos con un equipo de profesionales experimentados que est\u00e1n familiarizados con todos los aspectos de la fiscalidad. Ya sea que sea un individuo o propietario de un negocio, podemos ayudarlo a declarar sus impuestos con precisi\u00f3n y a tiempo.<\/p>\n<p>Entendemos que la situaci\u00f3n de cada persona es diferente, por lo que adaptamos nuestros servicios para satisfacer sus necesidades espec\u00edficas. Adem\u00e1s, ofrecemos una consulta inicial gratuita para que podamos conocerlo a usted y a su negocio. Cont\u00e1ctenos hoy para obtener m\u00e1s informaci\u00f3n sobre nuestros <a href=\"https:\/\/apc1040.com\/es\/servicios-de-impuestos-sobre-la-renta-kenmore-maximice-sus-ahorros-fiscales\/\">servicios y c\u00f3mo podemos ayudarlo a ahorrar<\/a> dinero en sus impuestos.<\/p>\n<p><img decoding=\"async\" class=\"aligncenter\" src=\"https:\/\/media.istockphoto.com\/photos\/businessman-calculating-the-financial-statement-of-his-business-picture-id1311249907?b=1&amp;k=20&amp;m=1311249907&amp;s=170667a&amp;w=0&amp;h=aflmpMMQPKqlU8R3XbYp1DVUl5cOjZBKWwevQLn46IM=\" alt=\"tax accountants near me - Contadores fiscales cerca de m\u00ed\" width=\"509\" height=\"339\" \/><\/p>\n<h2>\u00bfC\u00f3mo podemos ayudar?<\/h2>\n<p>En Akron Income Tax Co, ofrecemos una variedad de servicios a tarifas razonables, tarifas de preparaci\u00f3n de impuestos desde $ 200, que incluyen:<\/p>\n<h3>1. Planificaci\u00f3n Fiscal<\/h3>\n<p>Podemos ayudarlo a planificar sus impuestos para minimizar su obligaci\u00f3n tributaria y maximizar su reembolso. Trabajaremos con usted para comprender su situaci\u00f3n financiera \u00fanica y desarrollar un plan que se adapte a sus necesidades.<\/p>\n<h3>2. Preparaci\u00f3n de impuestos<\/h3>\n<p>Podemos ayudarlo a preparar sus impuestos para obtener el mayor reembolso posible. Adem\u00e1s, trabajaremos con usted para garantizar que se presenten todos los formularios adecuados y que reciba el reembolso m\u00e1ximo permitido por la ley.<\/p>\n<h3>3. Asesor\u00eda Fiscal<\/h3>\n<p>Si tiene alguna pregunta <a href=\"https:\/\/apc1040.com\/es\/servicios-de-impuestos-sobre-la-renta-ellet\/\">sobre sus impuestos o necesita ayuda para<\/a> comprender las leyes fiscales, podemos brindarle las respuestas que necesita. Tambi\u00e9n podemos ayudarte a resolver cualquier problema fiscal que puedas tener.<\/p>\n<h3>4. Servicios financieros<\/h3>\n<p>Para ayudarlo a alcanzar sus metas financieras, ofrecemos varios servicios financieros, que incluyen contabilidad, n\u00f3mina y asesoramiento crediticio. Adem\u00e1s, podemos ayudarlo a encontrar los productos y servicios financieros adecuados para satisfacer sus necesidades.<\/p>\n<h3>5. Devoluciones m\u00e1ximas de impuestos<\/h3>\n<p>A nadie le gusta pagar impuestos, pero en Akron Income Tax Co, podemos ayudarlo a obtener el mayor reembolso posible. Trabajaremos con usted para garantizar que se presenten todos los formularios adecuados y que reciba el reembolso m\u00e1ximo permitido por la ley.<\/p>\n<h3>6. Responsabilidad m\u00ednima<\/h3>\n<p>Podemos ayudarlo a minimizar su obligaci\u00f3n tributaria para que tenga m\u00e1s dinero en su bolsillo al final del a\u00f1o. Trabajaremos con usted para comprender su situaci\u00f3n financiera \u00fanica y desarrollar un plan que se adapte a sus necesidades.<\/p>\n<h3>7. Consulta gratuita<\/h3>\n<p>Para obtener m\u00e1s informaci\u00f3n sobre c\u00f3mo podemos ayudarlo con sus impuestos. Nos sentaremos con usted y discutiremos sus necesidades \u00fanicas para que podamos desarrollar un plan que se adapte a usted.<\/p>\n<p>No importa cu\u00e1les sean sus necesidades, podemos ayudarlo a encontrar la soluci\u00f3n que mejor se adapte a su situaci\u00f3n. Cont\u00e1ctenos hoy para programar una consulta gratis.<\/p>\n<p><img decoding=\"async\" src=\"https:\/\/media.istockphoto.com\/photos\/man-filling-in-the-tax-form-picture-id1324209763?b=1&amp;k=20&amp;m=1324209763&amp;s=170667a&amp;w=0&amp;h=DSL-igv2GopaK0eJH14GmEtMLyTiKUQBuK3hTVBstAY=\" alt=\"preparer tax identification number\" \/><\/p>\n<h2>Profesionales para terminar con sus impuestos<\/h2>\n<p>Si usted es como la mayor\u00eda de las personas, la temporada de impuestos es un momento de estr\u00e9s y ansiedad. Tratar de averiguar todas las deducciones y cr\u00e9ditos a los que tiene derecho puede ser abrumador y asegurarse de no perderse nada puede ser realmente aterrador. Ah\u00ed es donde entra en juego Akron Income Tax Co. Somos un equipo de profesionales dedicados a ayudar a nuestros clientes a aprovechar al m\u00e1ximo sus declaraciones de impuestos.<\/p>\n<p>Entendemos que la situaci\u00f3n financiera de cada persona es diferente, por lo que adoptamos un enfoque personalizado con cada cliente. Nos sentaremos con usted y analizaremos sus circunstancias \u00fanicas para desarrollar la mejor estrategia fiscal para usted. Y estaremos all\u00ed para responder cualquier pregunta que tenga en el camino.<\/p>\n<p>No pase otro a\u00f1o sinti\u00e9ndose estresado por sus impuestos. Llame a Akron Income Tax Co hoy y perm\u00edtanos ayudarlo a aprovechar al m\u00e1ximo su declaraci\u00f3n. La preparaci\u00f3n de impuestos por parte de personas que conocen los problemas de cumplimiento tributario de las peque\u00f1as empresas, los estados financieros y las reglas del IRS pueden maximizar su reembolso de impuestos.<\/p>\n<h2>\u00bfPor qu\u00e9 elegirnos?<\/h2>\n<p>La respuesta es simple. Somos el proveedor l\u00edder de servicios de contabilidad fiscal en Akron, Ohio. Hemos estado en el negocio durante a\u00f1os y ofrecemos varios servicios de preparaci\u00f3n de impuestos a individuos y empresas. Adem\u00e1s, podemos ayudarlo con sus impuestos federales, estatales y locales. Tambi\u00e9n podemos ayudarlo con sus necesidades de planificaci\u00f3n patrimonial y preparaci\u00f3n de impuestos.<\/p>\n<p>Nos destacamos por:<\/p>\n<h3>1. Contadores experimentados<\/h3>\n<p>Contamos con un equipo de contadores fiscales experimentados listos para ayudarlo con sus necesidades fiscales. Adem\u00e1s, ofrecemos una <a href=\"https:\/\/apc1040.com\/es\/contactar-con-akron-income-tax-co\/cita-para-una-consulta-fiscal-gratuita\/\">consulta gratuita para analizar sus necesidades fiscales<\/a> espec\u00edficas. Trabajaremos con usted para encontrar la mejor soluci\u00f3n para su situaci\u00f3n fiscal.<\/p>\n<h3>2. Tarifas asequibles<\/h3>\n<p>Ofrecemos tarifas competitivas para nuestros servicios de contabilidad fiscal. Queremos asegurarnos de que pueda ahorrar dinero en sus impuestos personales o comerciales y aprovechar al m\u00e1ximo su declaraci\u00f3n de impuestos.<\/p>\n<h3>3. Servicio de calidad<\/h3>\n<p>Nos enorgullecemos de brindar un servicio de preparaci\u00f3n de impuestos de calidad a nuestros clientes. Trabajaremos con usted para asegurarnos de que est\u00e9 satisfecho con los resultados de nuestros servicios. Adem\u00e1s, ofrecemos una garant\u00eda de satisfacci\u00f3n para asegurarnos de que estar\u00e1 satisfecho con nuestros servicios.<\/p>\n<h3>4. Servicio Personalizado<\/h3>\n<p>Con nuestros <a href=\"https:\/\/apc1040.com\/es\/servicios-de-impuestos-contabilidad-en-ohio\/\">servicios de contabilidad de impuestos<\/a>, recibir\u00e1 un servicio personalizado de uno de nuestros preparadores de impuestos con experiencia. Trabajaremos con usted para adaptar nuestros servicios a sus necesidades espec\u00edficas. Adem\u00e1s, lo mantendremos informado sobre el estado de su declaraci\u00f3n de impuestos para que pueda estar seguro de que todo se est\u00e1 haciendo correctamente.<\/p>\n<h3>5. Servicio al cliente excepcional<\/h3>\n<p>Estamos dedicados a brindar un servicio al cliente excepcional. Trabajaremos con usted para responder cualquier pregunta que pueda tener y abordar cualquier inquietud que pueda tener. Adem\u00e1s, queremos asegurarnos de que est\u00e9 completamente satisfecho con nuestros servicios.<\/p>\n<p><img decoding=\"async\" src=\"https:\/\/media.istockphoto.com\/photos\/close-up-businessman-using-calculator-and-reading-paper-document-picture-id1320806352?b=1&amp;k=20&amp;m=1320806352&amp;s=170667a&amp;w=0&amp;h=SGpAae0eKgtuBWx3ZcrYiddwoG_uYOAIwtHIkpUghLM=\" alt=\"tax professional\" \/><\/p>\n<h2>Preguntas frecuentes<\/h2>\n<h3>1. \u00bfDebo contratar a un contador para que se ocupe de los impuestos?<\/h3>\n<p>Por lo general, es una buena idea contratar a un contador para que lo ayude con sus impuestos. Pueden asegurarse de que est\u00e1 aprovechando todas las deducciones y cr\u00e9ditos a los que tiene derecho, y tambi\u00e9n pueden ayudarlo a lidiar con el IRS si tiene alg\u00fan problema.<\/p>\n<h3>2. \u00bfQu\u00e9 debo buscar en un contador fiscal?<\/h3>\n<p>Cuando busque profesionales de impuestos, debe buscar a alguien que tenga experiencia y conocimiento sobre la ley tributaria. Adem\u00e1s, aseg\u00farese de que sea alguien con quien se sienta c\u00f3modo trabajando.<\/p>\n<h3>3. \u00bfCu\u00e1nto cuesta un contador fiscal?<\/h3>\n<p>El costo de un contador fiscal variar\u00e1 seg\u00fan su experiencia y la complejidad de sus impuestos. En general, puede esperar pagar entre $ 100 y $ 500 por los servicios b\u00e1sicos de contabilidad mensual de las empresas de contabilidad.<\/p>\n<h3>4. \u00bfNecesito utilizar un contador fiscal en Akron?<\/h3>\n<p>Ninguna ley requiere que utilice un contador de impuestos en Akron, pero puede ser una buena idea hacerlo. Esto se debe a que estar\u00e1n familiarizados con las leyes y regulaciones fiscales locales, ahorr\u00e1ndole tiempo y dinero. Primero, un <a href=\"https:\/\/apc1040.com\/es\/contador-de-pequenas-empresas-cerca-de-mi\/\">contador cerca de<\/a> usted puede ser m\u00e1s f\u00e1cil de encontrar.<\/p>\n<h3>5. \u00bfCu\u00e1les son los beneficios de contratar a un contador fiscal?<\/h3>\n<p>Algunos beneficios de contratar a un <a href=\"https:\/\/apc1040.com\/es\/el-mejor-preparador-de-impuestos-cerca-de-mi\/\">preparador de impuestos<\/a> incluyen tener a alguien que lo ayude con sus impuestos, ahorrarle tiempo y dinero y brindarle tranquilidad.<\/p>\n<h3>6. \u00bfCu\u00e1les son las desventajas de contratar a un contador fiscal?<\/h3>\n<p>Algunas desventajas de contratar a un contador fiscal incluyen el costo de sus servicios y el hecho de que es posible que tenga que darles acceso a sus registros financieros. Sin embargo, estos son generalmente superados por los beneficios.<\/p>\n<h3>7. \u00bfDebo usar un servicio de impuestos en l\u00ednea?<\/h3>\n<p>Existen ventajas y desventajas en el uso de un servicio de impuestos en l\u00ednea. Algunas personas prefieren la conveniencia y la simplicidad de usar un servicio en l\u00ednea, mientras que otras prefieren el toque personal y la experiencia de un contador fiscal. En \u00faltima instancia, depende de usted decidir cu\u00e1l es mejor para usted.<\/p>\n<h3>8. \u00bfQu\u00e9 debo esperar de un contador fiscal?<\/h3>\n<p>Un contador fiscal deber\u00eda poder ayudarlo con sus impuestos y asegurarse de que est\u00e1 aprovechando todas las deducciones y cr\u00e9ditos a los que tiene derecho. Tambi\u00e9n deber\u00edan poder responder cualquier pregunta y ayudarlo a resolver cualquier problema con el IRS.<\/p>\n<h2>Reflexiones finales<\/h2>\n<p>Tener un buen preparador de impuestos es muy importante, ya sea que sea una gran corporaci\u00f3n o una peque\u00f1a empresa. Tambi\u00e9n es importante contar con un contador en el que pueda confiar y que tenga conocimientos sobre las leyes fiscales en constante cambio. Si est\u00e1 buscando un nuevo contador o si se encuentra en el \u00e1rea de Akron, considere usar Akron Income Tax Co. Podremos ayudarlo con todas sus necesidades fiscales y asegurarnos de que est\u00e9 aprovechando al m\u00e1ximo su declaraci\u00f3n.<\/p>\n<table width=\"939\">\n<tbody>\n<tr>\n<td width=\"939\"><a href=\"https:\/\/apc1040.com\/web-stories\/essential-bookkeeping-tips-for-small-businesses-in-akron\/\">Bookkeeping tips<\/a><\/td>\n<\/tr>\n<tr>\n<td><a href=\"https:\/\/apc1040.com\/web-stories\/is-a-tax-accountant-worth-it-heres-when-you-need-one\/\">Is a Tax Accountant worth it<\/a><\/td>\n<\/tr>\n<tr>\n<td><a href=\"https:\/\/apc1040.com\/web-stories\/dont-get-audited-5-tips-to-keep-the-irs-off-your-back\/\">Don&#8217;t get Audited<\/a><\/td>\n<\/tr>\n<tr>\n<td><a href=\"https:\/\/apc1040.com\/web-stories\/the-hidden-tax-implications-of-selling-your-stuff-navigating-1099-k\/\">Selling Stuff and get 1 1099K?<\/a><\/td>\n<\/tr>\n<tr>\n<td><a href=\"https:\/\/apc1040.com\/web-stories\/avoid-irs-tax-issues-when-renting-to-family-or-friends\/\">Renting to Family?<\/a><\/td>\n<\/tr>\n<tr>\n<td><a href=\"https:\/\/apc1040.com\/web-stories\/home-office-deduction-101-what-you-need-to-know-to-save-big\/\">Home Office Deduction?<\/a><\/td>\n<\/tr>\n<tr>\n<td><a href=\"https:\/\/apc1040.com\/web-stories\/boi-reporting-what-every-small-business-owner-must-know\/\">BOI Reporting<\/a><\/td>\n<\/tr>\n<tr>\n<td><a href=\"https:\/\/apc1040.com\/web-stories\/tax-time-made-easy-how-smart-recordkeeping-can-save-you-money\/\">Smart Recordkeeping can Save you<\/a><\/td>\n<\/tr>\n<tr>\n<td><a href=\"https:\/\/apc1040.com\/web-stories\/crypto-tax-secrets-avoid-irs-fines-and-maximize-your-returns\/\">Crypto Tax Secrets<\/a><\/td>\n<\/tr>\n<tr>\n<td><a href=\"https:\/\/apc1040.com\/web-stories\/doordash-driver-check-out-these-tax-secrets-to-keep-more-money\/\">Door Dash Driver Secrets<\/a><\/td>\n<\/tr>\n<tr>\n<td><a href=\"https:\/\/apc1040.com\/web-stories\/turn-your-marketing-costs-into-tax-savings-essential-deductions-explained\/\">Advertising Deductions<\/a><\/td>\n<\/tr>\n<tr>\n<td><a href=\"https:\/\/apc1040.com\/web-stories\/tax-evasion-vs-tax-avoidance-know-the-difference-or-pay-the-price\/\">Tax evasion vs tax-avoidance<\/a><\/td>\n<\/tr>\n<\/tbody>\n<\/table>\n<\/div><\/div><\/div><\/div><\/div><\/div><\/div><\/section>\n","protected":false},"excerpt":{"rendered":"Contadores de impuestos cerca de m\u00ed | Sociedad de Impuestos sobre la Renta de Akron \u00bfNecesitas ayuda con tus impuestos? \u00bfEst\u00e1 buscando un contador de impuestos en el \u00e1rea de Akron? Tener un servicio de contabilidad de impuestos confiable es importante para cualquier propietario de negocio o individuo. Contadores fiscales cerca de m\u00ed. La declaraci\u00f3n...","protected":false},"author":10,"featured_media":2586,"parent":0,"menu_order":0,"comment_status":"closed","ping_status":"closed","template":"","meta":{"_lmt_disableupdate":"no","_lmt_disable":"","_monsterinsights_skip_tracking":false,"_monsterinsights_sitenote_active":false,"_monsterinsights_sitenote_note":"","_monsterinsights_sitenote_category":0,"_uf_show_specific_survey":0,"_uf_disable_surveys":false,"footnotes":""},"class_list":["post-2954","page","type-page","status-publish","has-post-thumbnail","hentry"],"yoast_head":"<!-- This site is optimized with the Yoast SEO Premium plugin v27.3 (Yoast SEO v27.4) - https:\/\/yoast.com\/product\/yoast-seo-premium-wordpress\/ -->\n<title>Contadores fiscales cerca de m\u00ed - Akron<\/title>\n<meta name=\"description\" content=\"\u00bfBuscando los mejores contadores fiscales cerca de m\u00ed? Akron Income Tax Co puede completar los impuestos de peque\u00f1as empresas a partir de $200\" \/>\n<meta name=\"robots\" content=\"index, follow, max-snippet:-1, max-image-preview:large, max-video-preview:-1\" \/>\n<link rel=\"canonical\" href=\"https:\/\/apc1040.com\/es\/contadores-fiscales-cerca-de-mi\/\" \/>\n<meta property=\"og:locale\" content=\"es_ES\" \/>\n<meta property=\"og:type\" content=\"article\" \/>\n<meta property=\"og:title\" content=\"Contadores fiscales cerca de m\u00ed\" \/>\n<meta property=\"og:description\" content=\"\u00bfBuscando los mejores contadores fiscales cerca de m\u00ed? Akron Income Tax Co puede completar los impuestos de peque\u00f1as empresas a partir de $200\" \/>\n<meta property=\"og:url\" content=\"https:\/\/apc1040.com\/es\/contadores-fiscales-cerca-de-mi\/\" \/>\n<meta property=\"og:site_name\" content=\"Akron Income Tax Preparation\" \/>\n<meta property=\"article:publisher\" content=\"https:\/\/www.facebook.com\/APC1040\" \/>\n<meta property=\"article:modified_time\" content=\"2025-11-23T20:36:25+00:00\" \/>\n<meta property=\"og:image\" content=\"https:\/\/apc1040.com\/wp-content\/uploads\/2022\/06\/istockphoto-1309117503-170667a.jpg\" \/>\n\t<meta property=\"og:image:width\" content=\"509\" \/>\n\t<meta property=\"og:image:height\" content=\"339\" \/>\n\t<meta property=\"og:image:type\" content=\"image\/jpeg\" \/>\n<meta name=\"twitter:card\" content=\"summary_large_image\" \/>\n<meta name=\"twitter:label1\" content=\"Est. reading time\" \/>\n\t<meta name=\"twitter:data1\" content=\"8 minutes\" \/>\n<!-- \/ Yoast SEO Premium plugin. -->","yoast_head_json":{"title":"Contadores fiscales cerca de m\u00ed - Akron","description":"\u00bfBuscando los mejores contadores fiscales cerca de m\u00ed? Akron Income Tax Co puede completar los impuestos de peque\u00f1as empresas a partir de $200","robots":{"index":"index","follow":"follow","max-snippet":"max-snippet:-1","max-image-preview":"max-image-preview:large","max-video-preview":"max-video-preview:-1"},"canonical":"https:\/\/apc1040.com\/es\/contadores-fiscales-cerca-de-mi\/","og_locale":"es_ES","og_type":"article","og_title":"Contadores fiscales cerca de m\u00ed","og_description":"\u00bfBuscando los mejores contadores fiscales cerca de m\u00ed? Akron Income Tax Co puede completar los impuestos de peque\u00f1as empresas a partir de $200","og_url":"https:\/\/apc1040.com\/es\/contadores-fiscales-cerca-de-mi\/","og_site_name":"Akron Income Tax Preparation","article_publisher":"https:\/\/www.facebook.com\/APC1040","article_modified_time":"2025-11-23T20:36:25+00:00","og_image":[{"width":509,"height":339,"url":"https:\/\/apc1040.com\/wp-content\/uploads\/2022\/06\/istockphoto-1309117503-170667a.jpg","type":"image\/jpeg"}],"twitter_card":"summary_large_image","twitter_misc":{"Est. reading time":"8 minutes"},"schema":{"@context":"https:\/\/schema.org","@graph":[{"@type":"WebPage","@id":"https:\/\/apc1040.com\/es\/contadores-fiscales-cerca-de-mi\/","url":"https:\/\/apc1040.com\/es\/contadores-fiscales-cerca-de-mi\/","name":"Contadores fiscales cerca de m\u00ed - Akron","isPartOf":{"@id":"https:\/\/apc1040.com\/es\/#website"},"primaryImageOfPage":{"@id":"https:\/\/apc1040.com\/es\/contadores-fiscales-cerca-de-mi\/#primaryimage"},"image":{"@id":"https:\/\/apc1040.com\/es\/contadores-fiscales-cerca-de-mi\/#primaryimage"},"thumbnailUrl":"https:\/\/apc1040.com\/wp-content\/uploads\/2022\/06\/istockphoto-1309117503-170667a.jpg","datePublished":"2022-07-08T20:21:20+00:00","dateModified":"2025-11-23T20:36:25+00:00","description":"\u00bfBuscando los mejores contadores fiscales cerca de m\u00ed? Akron Income Tax Co puede completar los impuestos de peque\u00f1as empresas a partir de $200","breadcrumb":{"@id":"https:\/\/apc1040.com\/es\/contadores-fiscales-cerca-de-mi\/#breadcrumb"},"inLanguage":"es","potentialAction":[{"@type":"ReadAction","target":["https:\/\/apc1040.com\/es\/contadores-fiscales-cerca-de-mi\/"]}]},{"@type":"ImageObject","inLanguage":"es","@id":"https:\/\/apc1040.com\/es\/contadores-fiscales-cerca-de-mi\/#primaryimage","url":"https:\/\/apc1040.com\/wp-content\/uploads\/2022\/06\/istockphoto-1309117503-170667a.jpg","contentUrl":"https:\/\/apc1040.com\/wp-content\/uploads\/2022\/06\/istockphoto-1309117503-170667a.jpg","width":509,"height":339,"caption":"istockphoto 1309117503 170667a"},{"@type":"BreadcrumbList","@id":"https:\/\/apc1040.com\/es\/contadores-fiscales-cerca-de-mi\/#breadcrumb","itemListElement":[{"@type":"ListItem","position":1,"name":"Home","item":"https:\/\/apc1040.com\/es\/"},{"@type":"ListItem","position":2,"name":"Contadores fiscales cerca de m\u00ed"}]},{"@type":"WebSite","@id":"https:\/\/apc1040.com\/es\/#website","url":"https:\/\/apc1040.com\/es\/","name":"Akron Income Tax Preparation","description":"Income Tax Preparation Service","publisher":{"@id":"https:\/\/apc1040.com\/es\/#organization"},"potentialAction":[{"@type":"SearchAction","target":{"@type":"EntryPoint","urlTemplate":"https:\/\/apc1040.com\/es\/?s={search_term_string}"},"query-input":{"@type":"PropertyValueSpecification","valueRequired":true,"valueName":"search_term_string"}}],"inLanguage":"es"},{"@type":"Organization","@id":"https:\/\/apc1040.com\/es\/#organization","name":"Akron Income Tax Co","url":"https:\/\/apc1040.com\/es\/","logo":{"@type":"ImageObject","inLanguage":"es","@id":"https:\/\/apc1040.com\/es\/#\/schema\/logo\/image\/","url":"https:\/\/apc1040.com\/wp-content\/uploads\/2024\/11\/income-tax-service-akron.jpg","contentUrl":"https:\/\/apc1040.com\/wp-content\/uploads\/2024\/11\/income-tax-service-akron.jpg","width":800,"height":745,"caption":"Akron Income Tax Co"},"image":{"@id":"https:\/\/apc1040.com\/es\/#\/schema\/logo\/image\/"},"sameAs":["https:\/\/www.facebook.com\/APC1040"]}]}},"amp_enabled":true,"_links":{"self":[{"href":"https:\/\/apc1040.com\/es\/wp-json\/wp\/v2\/pages\/2954","targetHints":{"allow":["GET"]}}],"collection":[{"href":"https:\/\/apc1040.com\/es\/wp-json\/wp\/v2\/pages"}],"about":[{"href":"https:\/\/apc1040.com\/es\/wp-json\/wp\/v2\/types\/page"}],"author":[{"embeddable":true,"href":"https:\/\/apc1040.com\/es\/wp-json\/wp\/v2\/users\/10"}],"replies":[{"embeddable":true,"href":"https:\/\/apc1040.com\/es\/wp-json\/wp\/v2\/comments?post=2954"}],"version-history":[{"count":1,"href":"https:\/\/apc1040.com\/es\/wp-json\/wp\/v2\/pages\/2954\/revisions"}],"predecessor-version":[{"id":11152,"href":"https:\/\/apc1040.com\/es\/wp-json\/wp\/v2\/pages\/2954\/revisions\/11152"}],"wp:featuredmedia":[{"embeddable":true,"href":"https:\/\/apc1040.com\/es\/wp-json\/wp\/v2\/media\/2586"}],"wp:attachment":[{"href":"https:\/\/apc1040.com\/es\/wp-json\/wp\/v2\/media?parent=2954"}],"curies":[{"name":"wp","href":"https:\/\/api.w.org\/{rel}","templated":true}]}}