{"id":2944,"date":"2022-01-04T17:41:53","date_gmt":"2022-01-04T22:41:53","guid":{"rendered":"https:\/\/apc1040.com\/?page_id=2944"},"modified":"2024-11-28T16:24:23","modified_gmt":"2024-11-28T21:24:23","slug":"el-mejor-preparador-de-impuestos-cerca-de-mi","status":"publish","type":"page","link":"https:\/\/apc1040.com\/es\/el-mejor-preparador-de-impuestos-cerca-de-mi\/","title":{"rendered":"El mejor preparador de impuestos cerca de m\u00ed"},"content":{"rendered":"<section class=\"l-section wpb_row height_small\"><div class=\"l-section-h i-cf\"><div class=\"g-cols vc_row via_flex valign_top type_default stacking_default\"><div class=\"vc_col-sm-12 wpb_column vc_column_container\"><div class=\"vc_column-inner\"><div class=\"wpb_wrapper\"><div class=\"w-image us_custom_b796d98a has_height align_right\"><div class=\"w-image-h\"><img decoding=\"async\" width=\"300\" height=\"199\" src=\"https:\/\/apc1040.com\/wp-content\/uploads\/2021\/01\/income_tax_form-300x199.jpg\" class=\"attachment-medium size-medium\" alt=\"preparaci\u00f3n de la declaraci\u00f3n de la renta\" loading=\"lazy\" srcset=\"https:\/\/apc1040.com\/wp-content\/uploads\/2021\/01\/income_tax_form-300x199.jpg 300w, https:\/\/apc1040.com\/wp-content\/uploads\/2021\/01\/income_tax_form-1024x678.jpg 1024w, https:\/\/apc1040.com\/wp-content\/uploads\/2021\/01\/income_tax_form.jpg 1200w\" sizes=\"auto, (max-width: 300px) 100vw, 300px\" \/><\/div><\/div><div class=\"wpb_text_column\"><div class=\"wpb_wrapper\"><h2><b>Los mejores servicios de preparaci\u00f3n de impuestos en Akron, Ohio<\/b><\/h2>\n<p><span style=\"font-weight: 400;\">\u00bfEst\u00e1 buscando al mejor preparador de impuestos cerca de m\u00ed? Muchos hogares con un ingreso activo deben presentar una declaraci\u00f3n de impuestos federales. Devuelve<\/span><span style=\"font-weight: 400;\">. <\/span>Ya sea que sea un individuo, una peque\u00f1a empresa o una empresa m\u00e1s grande, es posible que necesite ayuda para preparar sus impuestos y presentar sus declaraciones. Podemos manejar todo tipo de situaciones fiscales para usted.<\/p>\n<p>No es f\u00e1cil para los propietarios de peque\u00f1as empresas mantenerse al d\u00eda con sus impuestos. Si le preocupa si sus declaraciones de impuestos comerciales se est\u00e1n presentando correctamente y de manera oportuna, podr\u00eda ser el momento de llamar al <a href=\"https:\/\/apc1040.com\/es\/preparacion-de-impuestos-cerca-de-mi\/\">mejor compa\u00f1\u00eda de preparaci\u00f3n de impuestos<\/a> en Ohio.<\/p>\n<p><span style=\"font-weight: 400;\">Necesita un plan para <a href=\"https:\/\/apc1040.com\/es\/ron-el-recaudador-de-impuestos-completando-impuestos-desde-1982\/\">completar sus impuestos<\/a> antes del 15 de cada abril. Algunas personas pueden hacer sus propios impuestos y pueden elegir varias opciones de presentaci\u00f3n. El m\u00e9todo m\u00e1s f\u00e1cil para hacer sus impuestos es hacer que otra persona se encargue del papeleo y las matem\u00e1ticas.<\/span><\/p>\n<p><span style=\"font-weight: 400;\">Los servicios de declaraci\u00f3n de impuestos pueden ser m\u00e1s costosos que las opciones de &#8220;h\u00e1galo usted mismo&#8221;. Pero si pierde una <a href=\"https:\/\/apc1040.com\/es\/deducciones-fiscales-creditos-fiscales\/\">deducci\u00f3n importante o un cr\u00e9dito fiscal<\/a> o tiene impuestos complejos, acudir a un preparador de impuestos podr\u00eda ser una mejor opci\u00f3n para usted. Descubrir\u00e1 que contamos con profesionales de impuestos experimentados listos para brindarle servicios de impuestos excepcionales.<\/span><\/p>\n<h2><b>\u00bfC\u00f3mo puede encontrar el mejor preparador de impuestos?<\/b><\/h2>\n<p><span style=\"font-weight: 400;\">Tal vez haya trabajado con un preparador de impuestos, pero no le pregunt\u00f3 acerca de sus credenciales. Algunas de las grandes cadenas nacionales tienen carteles cada oto\u00f1o en busca de personas para tomar su clase de 8 semanas y luego contratan a esas personas. Tenemos m\u00e1s de 30 a\u00f1os de experiencia en impuestos y hemos completado miles de declaraciones de impuestos.<\/span><\/p>\n<h2><b>Solicite el n\u00famero de identificaci\u00f3n fiscal del preparador:<\/b><\/h2>\n<p><span style=\"font-weight: 400;\">El IRS requiere que aquellos que preparan declaraciones de impuestos para compensaci\u00f3n tengan un n\u00famero de identificaci\u00f3n fiscal de preparador (PTIN). Los preparadores de impuestos voluntarios no necesitan PTIN.<\/span><\/p>\n<p><span style=\"font-weight: 400;\">Aseg\u00farese de que su preparador de impuestos ingrese su n\u00famero PTIN en sus declaraciones porque es un requisito del IRS. Aquellos preparadores de impuestos que no quieran firmar su declaraci\u00f3n o usar su n\u00famero PTIN&#8230; CORRAN.<\/span><\/p>\n<h2><b>Aseg\u00farese de que su preparador tenga experiencia:<\/b><\/h2>\n<p><span style=\"font-weight: 400;\">Un PTIN es f\u00e1cil de obtener, un paso m\u00e1s all\u00e1 y obtenga preparadores acreditados. El asesor comercial acelerado, contador, preparadores de impuestos acelerados son ejemplos de los programas. Estos programas ayudan a los preparadores en los requisitos de la temporada de presentaci\u00f3n anual.<\/span><\/p>\n<h2><b>Compare las tarifas del preparador de impuestos:<\/b><\/h2>\n<p><span style=\"font-weight: 400;\">\u00bfCu\u00e1nto cobra un preparador de impuestos? Seg\u00fan el organismo nacional de contadores, la tarifa promedio para el formulario 1040 no detallado es de $230. Para el formulario detallado 1040, los precios subieron a $323.<\/span><\/p>\n<p><span style=\"font-weight: 400;\">A menudo, los asesores fiscales cobran tarifas o costos m\u00ednimos seg\u00fan la complejidad de su declaraci\u00f3n. En la mayor\u00eda de las grandes cadenas nacionales les gusta citarte por un formulario b\u00e1sico para que llegues a la puerta. Luego te cobran por CADA formulario que usan. La rutina de cinco y diez centavos se vuelve muy vieja cuando terminan. Cobramos <a href=\"https:\/\/apc1040.com\/es\/servicios-de-impuestos-baratos\/\">$120 para preparar una declaraci\u00f3n de impuestos<\/a>. Nuestra \u00fanica excepci\u00f3n es para los contribuyentes que tienen alquileres, negocios o m\u00e1s de 5 ventas de acciones. De lo contrario, nuestra tarifa es de $120. Libre Estado, Ciudad y E-file. \u00bfPor qu\u00e9 pagar m\u00e1s?<\/span><\/p>\n<h2><b>Confirme que firmar\u00e1n en la l\u00ednea de puntos:<\/b><\/h2>\n<p><span style=\"font-weight: 400;\">La ley de EE. UU. requiere que los preparadores de impuestos pagados firmen las declaraciones de impuestos de sus clientes y proporcionen su PTIN. Le recomendamos que no firme ninguna Declaraci\u00f3n en blanco. Si lo hace, el preparador puede poner cualquier cosa en sus declaraciones de impuestos, incluido su n\u00famero de cuenta bancaria. Si escriben su n\u00famero de cuenta bancaria en su declaraci\u00f3n de impuestos, pueden robar el monto de su reembolso.<\/span><\/p>\n<h2><b>Aseg\u00farese de que su profesional tiene su mejor inter\u00e9s:<\/b><\/h2>\n<p><span style=\"font-weight: 400;\">En Akron Income Tax Co., usted es m\u00e1s que un n\u00famero, es un cliente valioso que queremos ver a\u00f1o tras a\u00f1o. Estamos viendo venir a la segunda generaci\u00f3n y eso no sucede a menos que brindemos un gran servicio. Estamos abiertos todo el a\u00f1o con cita previa despu\u00e9s de que termine la temporada de presentaci\u00f3n.<\/span><\/p>\n<h2><b>\u00bfCu\u00e1nto cuesta hacer una declaraci\u00f3n de impuestos en Ohio?<\/b><\/h2>\n<p>&nbsp;<\/p>\n<p><span style=\"font-weight: 400;\">El costo de que un profesional realice su declaraci\u00f3n de impuestos puede variar seg\u00fan la complejidad de su declaraci\u00f3n. Sin embargo, la mayor\u00eda de las <a href=\"https:\/\/apc1040.com\/es\/contadores-de-pequenas-empresas\/\">peque\u00f1as empresas<\/a> pagar\u00e1n entre <\/span><span style=\"font-weight: 400;\">$300 y $500<\/span><span style=\"font-weight: 400;\"> para preparar sus impuestos. . Este precio normalmente incluye todos los impuestos federales y estatales, as\u00ed como los impuestos locales que puedan aplicarse.En Akron Income Tax Co., nuestras tarifas son mucho m\u00e1s bajas, \u00a1ll\u00e1menos para solicitar una cotizaci\u00f3n!<\/span><\/p>\n<h2><b>Compa\u00f1\u00eda de impuestos sobre la renta de Akron<\/b><\/h2>\n<p><span style=\"font-weight: 400;\">Le brindamos los siguientes servicios si est\u00e1 buscando los siguientes servicios.<\/span><\/p>\n<ul>\n<li style=\"font-weight: 400;\" aria-level=\"1\"><span style=\"font-weight: 400;\">Contabilidad<\/span><\/li>\n<li style=\"font-weight: 400;\" aria-level=\"1\"><span style=\"font-weight: 400;\">Consultor\u00eda<\/span><\/li>\n<li style=\"font-weight: 400;\" aria-level=\"1\"><span style=\"font-weight: 400;\">Contabilidad<\/span><\/li>\n<li style=\"font-weight: 400;\" aria-level=\"1\"><a href=\"https:\/\/apc1040.com\/es\/oferta-de-preparacion-de-impuestos-sobre-la-renta\/\"><span style=\"font-weight: 400;\">Declaraciones de impuestos de personas f\u00edsicas<\/span><\/a>\n<ul>\n<li aria-level=\"1\">alquiler propiedad<\/li>\n<li aria-level=\"1\">Devoluciones comerciales<\/li>\n<\/ul>\n<\/li>\n<li style=\"font-weight: 400;\" aria-level=\"1\"><a href=\"https:\/\/apc1040.com\/es\/impuestos-sobre-criptomonedas\/\"><span style=\"font-weight: 400;\">Declaraciones de impuestos sobre criptomonedas<\/span><\/a><\/li>\n<li style=\"font-weight: 400;\" aria-level=\"1\"><span style=\"font-weight: 400;\">Declaraciones de impuestos de peque\u00f1as empresas<\/span><\/li>\n<li style=\"font-weight: 400;\" aria-level=\"1\"><span style=\"font-weight: 400;\">Declaraciones de impuestos corporativos<\/span><\/li>\n<li style=\"font-weight: 400;\" aria-level=\"1\"><a href=\"https:\/\/apc1040.com\/es\/archivo-en-casa\/\"><span style=\"font-weight: 400;\">Opciones remotas de archivo en casa<\/span><\/a><\/li>\n<\/ul>\n<p><span style=\"font-weight: 400;\">\u00a0<\/span><\/p>\n<p><span style=\"font-weight: 400;\">Si est\u00e1 preocupado por sus problemas fiscales y necesita ayuda con la <a href=\"https:\/\/apc1040.com\/es\/presentacion-de-declaraciones-de-impuestos-comerciales-para-pequenas-empresas\/\">presentaci\u00f3n de declaraciones de impuestos<\/a>, cont\u00e1ctenos para resolver sus problemas fiscales. Somos la fuente confiable de preparaci\u00f3n de impuestos sobre la renta.<\/span><\/p>\n<h2><b>Caracter\u00edsticas clave del experimentado equipo profesional.<\/b><\/h2>\n<p><span style=\"font-weight: 400;\">Antes de contratar a un asesor fiscal para hacer sus impuestos, es necesario saber c\u00f3mo es el profesional perfecto.<\/span><\/p>\n<p><span style=\"font-weight: 400;\">Brindamos servicios de impuestos a nuestros clientes; nuestros profesionales experimentados pueden asesorarlo sobre c\u00f3mo maximizar sus reembolsos.<\/span><\/p>\n<p><span style=\"font-weight: 400;\">Hay algunas caracter\u00edsticas clave que puede encontrar en nuestro <\/span><a href=\"https:\/\/apc1040.com\/es\/lista-de-nuestros-servicios\/\"> <span style=\"font-weight: 400;\">expertos en impuestos profesionales<\/span><\/a><span style=\"font-weight: 400;\">, incluido que ellos:<\/span><\/p>\n<h2><b>Especializados en todo tipo de impuestos:<\/b><\/h2>\n<p><span style=\"font-weight: 400;\">El hecho de que alguien tenga el t\u00edtulo de &#8220;contador&#8221; o preparador de impuestos no significa que sea la persona adecuada para presentar sus impuestos. Una pregunta simple que debe hacer para descartar a los preparadores sin experiencia es: &#8220;\u00bfPuede presentar mi declaraci\u00f3n corporativa?&#8221; En el momento en que se resisten&#8230; de cualquier manera&#8230; Es hora de encontrar a alguien mejor. Quiere un preparador experimentado que pueda presentar cualquier tipo de declaraci\u00f3n.<\/span><\/p>\n<p><span style=\"font-weight: 400;\">Algunos asuntos fiscales son muy complejos y cambian continuamente en los a\u00f1os financieros. Nos aseguraremos de que su contador se especialice en profesionalismo y le brinde asesoramiento experto para resolver sus problemas fiscales.<\/span><\/p>\n<h2><b>Muestre inter\u00e9s en su negocio:<\/b><\/h2>\n<p><span style=\"font-weight: 400;\">Nuestro profesional de impuestos mostrar\u00e1 comprensi\u00f3n e inter\u00e9s genuinos en su negocio. Nuestro equipo har\u00e1 las preguntas, las incluir\u00e1 en sus finanzas. Ellos entender\u00e1n su negocio, para que puedan hacer su trabajo y hacer un proceso m\u00e1s sencillo.<\/span><\/p>\n<h2><b>Tener experiencia en impuestos de peque\u00f1as empresas\u00a0<\/b><\/h2>\n<p><span style=\"font-weight: 400;\">Nuestros expertos en impuestos se especializan en impuestos para peque\u00f1as y medianas empresas y aportar\u00e1n una mayor comprensi\u00f3n y experiencia. Nuestro asesoramiento fiscal lo ayudar\u00e1 a presentar sus impuestos en una experiencia m\u00e1s accesible y menos estresante.<\/span><\/p>\n<h2><b>Tener un alto nivel de habilidades de comunicaci\u00f3n:<\/b><\/h2>\n<p><span style=\"font-weight: 400;\">Nuestros expertos en impuestos no solo son buenos en n\u00fameros, sino que tambi\u00e9n son excelentes en habilidades de comunicaci\u00f3n. Deben fomentar la comunicaci\u00f3n abierta, mantenerse al d\u00eda con lo que sucede y estar disponibles para responder sus preguntas. Nuestros profesionales de impuestos trabajan en estrecha colaboraci\u00f3n con los clientes en la temporada de impuestos. Nuestros contadores colaboran con usted y puede aprovechar una bonificaci\u00f3n con su asesor fiscal.<\/span><\/p>\n<h2><b>\u00bfPor qu\u00e9 somos la mejor opci\u00f3n?<\/b><\/h2>\n<p><span style=\"font-weight: 400;\">Contamos con profesionales de impuestos experimentados que le brindar\u00e1n servicios de asesor\u00eda y consultor\u00eda relacionados con su declaraci\u00f3n de impuestos. Se asegurar\u00e1n de que pague la cantidad m\u00e1s peque\u00f1a al IRS mediante el uso de su deducci\u00f3n y cr\u00e9ditos de la manera m\u00e1s eficiente.<\/span><\/p>\n<p><b>Tarifas: <\/b><span style=\"font-weight: 400;\">Completaremos sus impuestos y presentaremos electr\u00f3nicamente sus declaraciones a un costo muy razonable de $110. Adem\u00e1s, vamos a fPresente su declaraci\u00f3n de estado y ciudad de forma gratuita.<\/span><\/p>\n<p><span style=\"font-weight: 400;\">Nos mantenemos al d\u00eda con los cambios en la legislaci\u00f3n fiscal y le explicaremos las complicaciones de su legislaci\u00f3n fiscal. Le explicaremos sus disputas fiscales en t\u00e9rminos simples que entender\u00e1 f\u00e1cilmente.<\/span><\/p>\n<p><span style=\"font-weight: 400;\">Hay dos tipos importantes de asesoramiento fiscal:<\/span><\/p>\n<ul>\n<li style=\"font-weight: 400;\" aria-level=\"1\"><b>Asesoramiento fiscal de sociedades: <\/b><span style=\"font-weight: 400;\">Asesoramiento fiscal de sociedades; trabajamos para clientes comerciales y nos aseguramos de que no paguen m\u00e1s impuestos de los obligatorios.<\/span><\/li>\n<li style=\"font-weight: 400;\" aria-level=\"1\"><b>Asesoramiento fiscal personal: <\/b><span style=\"font-weight: 400;\">Asesoramos a clientes particulares; algunos clientes tienen los activos m\u00e1s significativos.<\/span><\/li>\n<\/ul>\n<p><span style=\"font-weight: 400;\">El trabajo es complejo y detallado, y r\u00e1pidamente desarrollamos conocimientos expertos en las siguientes \u00e1reas:<\/span><\/p>\n<ul>\n<li style=\"font-weight: 400;\" aria-level=\"1\"><span style=\"font-weight: 400;\">Peque\u00f1as Empresas<\/span> <span style=\"font-weight: 400;\"> Impuestos del Anexo C<\/span><\/li>\n<li style=\"font-weight: 400;\" aria-level=\"1\"><span style=\"font-weight: 400;\">Impuestos de sociedades<\/span><\/li>\n<li style=\"font-weight: 400;\" aria-level=\"1\"><span style=\"font-weight: 400;\">Declaraciones de impuestos de sociedades<\/span><\/li>\n<li style=\"font-weight: 400;\" aria-level=\"1\"><a href=\"https:\/\/apc1040.com\/es\/las-criptomonedas-estan-sujetas-a-impuestos\/\"><span style=\"font-weight: 400;\">Impuestos sobre criptomonedas<\/span><\/a><\/li>\n<li style=\"font-weight: 400;\" aria-level=\"1\"><span style=\"font-weight: 400;\">Impuestos de la Lista E de propiedades de alquiler<\/span><\/li>\n<\/ul>\n<p><span style=\"font-weight: 400;\">Muchas razones aseguran que somos la mejor opci\u00f3n. Discutiremos algunas de las siguientes razones.<\/span><\/p>\n<h2><b>Los asuntos de Impuestos Empresariales son m\u00e1s complejos que los impuestos personales:<\/b><\/h2>\n<p><span style=\"font-weight: 400;\">Si bien sus impuestos son simples, los impuestos comerciales son m\u00e1s complejos. Por lo general, los impuestos comerciales directos pueden ser significativamente m\u00e1s complicados que los impuestos personales. Nuestros <a href=\"https:\/\/apc1040.com\/es\/contadores-fiscales-cerca-de-mi\/\">contadores fiscales<\/a> tienen experiencia en el manejo de impuestos comerciales complejos, y no necesita preocuparse por la complejidad de sus impuestos.<\/span><\/p>\n<h2><b>Especialistas en Impuestos altamente demandados:<\/b><\/h2>\n<p><span style=\"font-weight: 400;\">Nuestros expertos en impuestos est\u00e1n altamente calificados y le brindar\u00e1n asesoramiento experto. Contamos con la condici\u00f3n fiscal de profesional jur\u00eddico para presentar sus declaraciones de la renta. Nuestro equipo no solo presenta sus declaraciones de impuestos, sino que tambi\u00e9n trabajar\u00e1 para su satisfacci\u00f3n. \u00a1El mejor <a href=\"https:\/\/apc1040.com\/tax-places-near-me\/\">lugar de impuestos<\/a> est\u00e1 justo aqu\u00ed!<\/span><\/p>\n<p><span style=\"font-weight: 400;\">Nuestros expertos profesionales en impuestos son confidentes de gran confianza para nuestros respectivos clientes. Le confiamos la informaci\u00f3n personal y financiera m\u00e1s confidencial. Podr\u00e1s hacer el temido trabajo de preparaci\u00f3n de impuestos. Con tu asesoramiento fiscal tambi\u00e9n establecer\u00e1s una relaci\u00f3n personal con un equipo profesional experimentado.<\/span><\/p>\n<p><span style=\"font-weight: 400;\">Esperamos que este art\u00edculo lo ayude a comprender c\u00f3mo encontrar los mejores servicios de preparaci\u00f3n de impuestos.<\/span><\/p>\n<p style=\"text-align: center;\">Cont\u00e1ctenos al 330-733-1040<\/p>\n<\/div><\/div><\/div><\/div><\/div><\/div><\/div><\/section>\n","protected":false},"excerpt":{"rendered":"Los mejores servicios de preparaci\u00f3n de impuestos en Akron, Ohio \u00bfEst\u00e1 buscando al mejor preparador de impuestos cerca de m\u00ed? Muchos hogares con un ingreso activo deben presentar una declaraci\u00f3n de impuestos federales. Devuelve. Ya sea que sea un individuo, una peque\u00f1a empresa o una empresa m\u00e1s grande, es posible que necesite ayuda para preparar...","protected":false},"author":10,"featured_media":2537,"parent":0,"menu_order":0,"comment_status":"closed","ping_status":"closed","template":"","meta":{"_lmt_disableupdate":"no","_lmt_disable":"","_monsterinsights_skip_tracking":false,"_monsterinsights_sitenote_active":false,"_monsterinsights_sitenote_note":"","_monsterinsights_sitenote_category":0,"_uf_show_specific_survey":0,"_uf_disable_surveys":false,"footnotes":""},"class_list":["post-2944","page","type-page","status-publish","has-post-thumbnail","hentry"],"yoast_head":"<!-- This site is optimized with the Yoast SEO Premium plugin v27.3 (Yoast SEO v27.4) - https:\/\/yoast.com\/product\/yoast-seo-premium-wordpress\/ -->\n<title>El mejor preparador de impuestos cerca de m\u00ed en Akron Ohio<\/title>\n<meta name=\"description\" content=\"El mejor preparador de impuestos cerca de m\u00ed en Akron Ohio Presentaci\u00f3n de impuestos de $ 120, estado libre\" \/>\n<meta name=\"robots\" content=\"index, follow, max-snippet:-1, max-image-preview:large, max-video-preview:-1\" \/>\n<link rel=\"canonical\" href=\"https:\/\/apc1040.com\/es\/el-mejor-preparador-de-impuestos-cerca-de-mi\/\" \/>\n<meta property=\"og:locale\" content=\"es_ES\" \/>\n<meta property=\"og:type\" content=\"article\" \/>\n<meta property=\"og:title\" content=\"El mejor preparador de impuestos cerca de m\u00ed\" \/>\n<meta property=\"og:description\" content=\"El mejor preparador de impuestos cerca de m\u00ed en Akron Ohio Presentaci\u00f3n de impuestos de $ 120, estado libre\" \/>\n<meta property=\"og:url\" content=\"https:\/\/apc1040.com\/es\/el-mejor-preparador-de-impuestos-cerca-de-mi\/\" \/>\n<meta property=\"og:site_name\" content=\"Akron Income Tax Preparation\" \/>\n<meta property=\"article:publisher\" content=\"https:\/\/www.facebook.com\/APC1040\" \/>\n<meta property=\"article:modified_time\" content=\"2024-11-28T21:24:23+00:00\" \/>\n<meta property=\"og:image\" content=\"https:\/\/apc1040.com\/wp-content\/uploads\/2021\/12\/tax-return-service-1.jpg\" \/>\n\t<meta property=\"og:image:width\" content=\"1125\" \/>\n\t<meta property=\"og:image:height\" content=\"750\" \/>\n\t<meta property=\"og:image:type\" content=\"image\/jpeg\" \/>\n<meta name=\"twitter:card\" content=\"summary_large_image\" \/>\n<meta name=\"twitter:label1\" content=\"Est. reading time\" \/>\n\t<meta name=\"twitter:data1\" content=\"8 minutes\" \/>\n<!-- \/ Yoast SEO Premium plugin. -->","yoast_head_json":{"title":"El mejor preparador de impuestos cerca de m\u00ed en Akron Ohio","description":"El mejor preparador de impuestos cerca de m\u00ed en Akron Ohio Presentaci\u00f3n de impuestos de $ 120, estado libre","robots":{"index":"index","follow":"follow","max-snippet":"max-snippet:-1","max-image-preview":"max-image-preview:large","max-video-preview":"max-video-preview:-1"},"canonical":"https:\/\/apc1040.com\/es\/el-mejor-preparador-de-impuestos-cerca-de-mi\/","og_locale":"es_ES","og_type":"article","og_title":"El mejor preparador de impuestos cerca de m\u00ed","og_description":"El mejor preparador de impuestos cerca de m\u00ed en Akron Ohio Presentaci\u00f3n de impuestos de $ 120, estado libre","og_url":"https:\/\/apc1040.com\/es\/el-mejor-preparador-de-impuestos-cerca-de-mi\/","og_site_name":"Akron Income Tax Preparation","article_publisher":"https:\/\/www.facebook.com\/APC1040","article_modified_time":"2024-11-28T21:24:23+00:00","og_image":[{"width":1125,"height":750,"url":"https:\/\/apc1040.com\/wp-content\/uploads\/2021\/12\/tax-return-service-1.jpg","type":"image\/jpeg"}],"twitter_card":"summary_large_image","twitter_misc":{"Est. reading time":"8 minutes"},"schema":{"@context":"https:\/\/schema.org","@graph":[{"@type":"WebPage","@id":"https:\/\/apc1040.com\/es\/el-mejor-preparador-de-impuestos-cerca-de-mi\/","url":"https:\/\/apc1040.com\/es\/el-mejor-preparador-de-impuestos-cerca-de-mi\/","name":"El mejor preparador de impuestos cerca de m\u00ed en Akron Ohio","isPartOf":{"@id":"https:\/\/apc1040.com\/es\/#website"},"primaryImageOfPage":{"@id":"https:\/\/apc1040.com\/es\/el-mejor-preparador-de-impuestos-cerca-de-mi\/#primaryimage"},"image":{"@id":"https:\/\/apc1040.com\/es\/el-mejor-preparador-de-impuestos-cerca-de-mi\/#primaryimage"},"thumbnailUrl":"https:\/\/apc1040.com\/wp-content\/uploads\/2021\/12\/tax-return-service-1.jpg","datePublished":"2022-01-04T22:41:53+00:00","dateModified":"2024-11-28T21:24:23+00:00","description":"El mejor preparador de impuestos cerca de m\u00ed en Akron Ohio Presentaci\u00f3n de impuestos de $ 120, estado libre","breadcrumb":{"@id":"https:\/\/apc1040.com\/es\/el-mejor-preparador-de-impuestos-cerca-de-mi\/#breadcrumb"},"inLanguage":"es","potentialAction":[{"@type":"ReadAction","target":["https:\/\/apc1040.com\/es\/el-mejor-preparador-de-impuestos-cerca-de-mi\/"]}]},{"@type":"ImageObject","inLanguage":"es","@id":"https:\/\/apc1040.com\/es\/el-mejor-preparador-de-impuestos-cerca-de-mi\/#primaryimage","url":"https:\/\/apc1040.com\/wp-content\/uploads\/2021\/12\/tax-return-service-1.jpg","contentUrl":"https:\/\/apc1040.com\/wp-content\/uploads\/2021\/12\/tax-return-service-1.jpg","width":1125,"height":750,"caption":"tax return service 1"},{"@type":"BreadcrumbList","@id":"https:\/\/apc1040.com\/es\/el-mejor-preparador-de-impuestos-cerca-de-mi\/#breadcrumb","itemListElement":[{"@type":"ListItem","position":1,"name":"Home","item":"https:\/\/apc1040.com\/es\/"},{"@type":"ListItem","position":2,"name":"El mejor preparador de impuestos cerca de m\u00ed"}]},{"@type":"WebSite","@id":"https:\/\/apc1040.com\/es\/#website","url":"https:\/\/apc1040.com\/es\/","name":"Akron Income Tax Preparation","description":"Income Tax Preparation Service","publisher":{"@id":"https:\/\/apc1040.com\/es\/#organization"},"potentialAction":[{"@type":"SearchAction","target":{"@type":"EntryPoint","urlTemplate":"https:\/\/apc1040.com\/es\/?s={search_term_string}"},"query-input":{"@type":"PropertyValueSpecification","valueRequired":true,"valueName":"search_term_string"}}],"inLanguage":"es"},{"@type":"Organization","@id":"https:\/\/apc1040.com\/es\/#organization","name":"Akron Income Tax Co","url":"https:\/\/apc1040.com\/es\/","logo":{"@type":"ImageObject","inLanguage":"es","@id":"https:\/\/apc1040.com\/es\/#\/schema\/logo\/image\/","url":"https:\/\/apc1040.com\/wp-content\/uploads\/2024\/11\/income-tax-service-akron.jpg","contentUrl":"https:\/\/apc1040.com\/wp-content\/uploads\/2024\/11\/income-tax-service-akron.jpg","width":800,"height":745,"caption":"Akron Income Tax Co"},"image":{"@id":"https:\/\/apc1040.com\/es\/#\/schema\/logo\/image\/"},"sameAs":["https:\/\/www.facebook.com\/APC1040"]}]}},"amp_enabled":true,"_links":{"self":[{"href":"https:\/\/apc1040.com\/es\/wp-json\/wp\/v2\/pages\/2944","targetHints":{"allow":["GET"]}}],"collection":[{"href":"https:\/\/apc1040.com\/es\/wp-json\/wp\/v2\/pages"}],"about":[{"href":"https:\/\/apc1040.com\/es\/wp-json\/wp\/v2\/types\/page"}],"author":[{"embeddable":true,"href":"https:\/\/apc1040.com\/es\/wp-json\/wp\/v2\/users\/10"}],"replies":[{"embeddable":true,"href":"https:\/\/apc1040.com\/es\/wp-json\/wp\/v2\/comments?post=2944"}],"version-history":[{"count":1,"href":"https:\/\/apc1040.com\/es\/wp-json\/wp\/v2\/pages\/2944\/revisions"}],"predecessor-version":[{"id":9875,"href":"https:\/\/apc1040.com\/es\/wp-json\/wp\/v2\/pages\/2944\/revisions\/9875"}],"wp:featuredmedia":[{"embeddable":true,"href":"https:\/\/apc1040.com\/es\/wp-json\/wp\/v2\/media\/2537"}],"wp:attachment":[{"href":"https:\/\/apc1040.com\/es\/wp-json\/wp\/v2\/media?parent=2944"}],"curies":[{"name":"wp","href":"https:\/\/api.w.org\/{rel}","templated":true}]}}