{"id":2940,"date":"2022-02-17T15:46:26","date_gmt":"2022-02-17T20:46:26","guid":{"rendered":"https:\/\/apc1040.com\/?page_id=2940"},"modified":"2024-12-02T14:43:02","modified_gmt":"2024-12-02T19:43:02","slug":"preparacion-de-impuestos-cerca-de-mi","status":"publish","type":"page","link":"https:\/\/apc1040.com\/es\/preparacion-de-impuestos-cerca-de-mi\/","title":{"rendered":"Preparaci\u00f3n de impuestos cerca de m\u00ed"},"content":{"rendered":"<h2>C\u00f3mo encontrar el mejor preparador de impuestos locales<\/h2>\n<p>\u00bfEst\u00e1 buscando <strong>preparaci\u00f3n de impuestos cerca de m\u00ed<\/strong>? Puede ser dif\u00edcil encontrar un buen preparador de impuestos locales, pero no se preocupe, estamos aqu\u00ed para ayudar. La mayor\u00eda de los impuestos b\u00e1sicos se hacen por $130. En esta publicaci\u00f3n de blog, discutiremos c\u00f3mo encontrar el mejor <a href=\"https:\/\/apc1040.com\/es\/preparadores-de-impuestos-cerca-de-mi-2\/\">preparador de impuestos locales<\/a> para sus necesidades. Brindaremos consejos sobre lo que debe buscar al elegir un preparador de impuestos. Adem\u00e1s de recomendar algunos de los mejores servicios de preparaci\u00f3n de impuestos en su \u00e1rea. Ya sea que est\u00e9 buscando una declaraci\u00f3n de impuestos simple o necesite ayuda con ingresos de trabajo por cuenta propia m\u00e1s complicados. \u00a1Te tenemos cubierto!<\/p>\n<p>Al buscar preparaci\u00f3n de <a href=\"https:\/\/apc1040.com\/es\/profesional-de-los-impuestos-cerca-de-mi\/\">impuestos cerca<\/a> de usted, es importante considerar sus necesidades individuales. Algunas personas necesitan una declaraci\u00f3n de impuestos simple, mientras que otras necesitan una ayuda m\u00e1s complicada con sus impuestos. Aqu\u00ed hay algunas cosas a tener en cuenta al elegir un preparador de impuestos:<\/p>\n<h2>1) Experiencia:<\/h2>\n<p>Es importante elegir un preparador de impuestos que tenga experiencia con las leyes fiscales de su estado. Tambi\u00e9n deben estar familiarizados con los formularios de impuestos que deber\u00e1n presentar.<\/p>\n<p>Los preparadores de impuestos pueden tener diferentes niveles de experiencia. Es importante preguntar sobre su experiencia antes de elegir uno.<\/p>\n<p>Tambi\u00e9n puede consultar las rese\u00f1as en l\u00ednea para ver lo que otras personas han dicho <a href=\"https:\/\/apc1040.com\/es\/servicios-de-impuestos-sobre-la-renta-ellet\/\">sobre el servicio de<\/a> un preparador de impuestos en particular. Pida un n\u00famero de identificaci\u00f3n fiscal de preparador (PTIN). El IRS requiere que cualquier persona que prepare declaraciones de <a href=\"https:\/\/apc1040.com\/es\/declaracion-de-impuestos-federales-sobre-la-renta\/\">impuestos federales<\/a> para compensaci\u00f3n tenga un PTIN. Esto puede darle una idea de c\u00f3mo se sienten los dem\u00e1s sobre el otro servicio de preparaci\u00f3n de impuestos que recibir\u00e1n.<\/p>\n<p>Si su preparador de <a href=\"https:\/\/apc1040.com\/es\/preguntas-frecuentes-sobre-el-servicio-de-impuestos-preguntas-mas-frecuentes\/\">impuestos tiene alguna pregunta<\/a> o inquietud, no dude en preguntar. Deben estar felices de ayudar a responder esas preguntas y asegurarse de que todo salga bien durante la temporada de impuestos.<\/p>\n<h2>2) Tarifas de preparaci\u00f3n de impuestos:<\/h2>\n<p>Los preparadores de impuestos generalmente cobran por hora, por lo que es importante averiguar cu\u00e1nto cobrar\u00e1n. Algunos preparadores de impuestos tambi\u00e9n pueden tener una tarifa m\u00ednima, as\u00ed que aseg\u00farese de preguntar sobre eso tambi\u00e9n.<\/p>\n<p>Tambi\u00e9n es importante saber qu\u00e9 servicios est\u00e1n incluidos en las tarifas de preparaci\u00f3n de impuestos. \u00bfPodr\u00e1 el preparador de manejar impuestos todo el papeleo de impuestos por usted? \u00bfHay otros servicios que utilicen un pago adicional antes de presentar sus propios impuestos con ellos?<\/p>\n<p>Si el preparador de impuestos cobra por hora, es importante averiguar cu\u00e1nto tiempo estima que tomar\u00e1. Algunos preparadores pagados pueden terminar una declaraci\u00f3n m\u00e1s r\u00e1pido que otros. Si el tiempo es esencial. Necesitar\u00e1s saberlo por adelantado. Luego est\u00e1n las firmas que cobran por p\u00e1gina. Por lo tanto, debe comprender C\u00d3MO se le cobrar\u00e1 por el servicio de impuestos.<\/p>\n<h2><img decoding=\"async\" class=\"aligncenter wp-image-6991 size-medium\" src=\"https:\/\/apc1040.com\/wp-content\/uploads\/2024\/04\/ADnoMoney-450x302.jpg\" alt=\"Akron Income Tax Preparation-Preparaci\u00f3n de impuestos Akron\" width=\"450\" height=\"302\" srcset=\"https:\/\/apc1040.com\/wp-content\/uploads\/2024\/04\/ADnoMoney-450x302.jpg 450w, https:\/\/apc1040.com\/wp-content\/uploads\/2024\/04\/ADnoMoney-780x524.jpg 780w, https:\/\/apc1040.com\/wp-content\/uploads\/2024\/04\/ADnoMoney-600x403.jpg 600w, https:\/\/apc1040.com\/wp-content\/uploads\/2024\/04\/ADnoMoney-768x516.jpg 768w, https:\/\/apc1040.com\/wp-content\/uploads\/2024\/04\/ADnoMoney.jpg 1830w\" sizes=\"(max-width: 450px) 100vw, 450px\" \/><\/h2>\n<h2>3) Ubicaci\u00f3n:<\/h2>\n<p>\u00a1Quiere preparaci\u00f3n de <a href=\"https:\/\/apc1040.com\/es\/lugares-de-impuestos-cerca-de-mi\/\">impuestos cerca<\/a> de usted para que sea f\u00e1cil de encontrar! Si un preparador de impuestos est\u00e1 lejos o en otra ciudad, puede tomar mucho tiempo de su d\u00eda simplemente viajar de ida y vuelta.<\/p>\n<p>Algunos CPA y preparadores de impuestos tienen oficinas en todo el pa\u00eds. Pero no todos los preparadores de impuestos ir\u00e1n a su casa. Si no ofrecemos preparaci\u00f3n de impuestos en el hogar. Luego, deber\u00e1 viajar a su <a href=\"https:\/\/apc1040.com\/es\/servicios-de-oficina-de-impuestos-sobre-la-renta\/\">oficina para recibir los servicios de un preparador de impuestos<\/a>.<\/p>\n<p>Tambi\u00e9n es importante que el profesional de impuestos se encuentre a una distancia razonable en autom\u00f3vil de donde usted vive, ya que es posible que necesite m\u00e1s de una visita durante la temporada de impuestos.<\/p>\n<p>Si se basa el servicio de preparaci\u00f3n de impuestos en l\u00ednea. Se asegurar\u00e1 de que tengan buena reputaci\u00f3n y que tengan licencia y sean seguros.<\/p>\n<h2>4) Atenci\u00f3n al cliente:<\/h2>\n<p>Cuando se trata de la preparaci\u00f3n de impuestos, las cosas pueden ponerse un poco agitadas. Es importante que tengas una buena relaci\u00f3n con tus ingresos gravables y que siempre est\u00e9n disponibles para responder cualquier pregunta que puedas tener.<\/p>\n<p>Algunos de los mejores preparadores de impuestos ofrecen servicio al cliente las 24 horas, mientras que otros solo ofrecen servicio al cliente durante ciertas horas del d\u00eda. Si tiene alguna inquietud o pregunta, es mejor llamarlos y hablar con alguien antes de hacer una cita para la preparaci\u00f3n de impuestos.<\/p>\n<p>Si surge alg\u00fan problema durante este proceso, \u00a1no dude en consultarlo! Deben estar felices de ayudar a resolver esos problemas lo m\u00e1s r\u00e1pido posible para que todo salga bien de su parte.<\/p>\n<h2>5) Reputaci\u00f3n de los profesionales de impuestos:<\/h2>\n<p>Es importante que el preparador de impuestos que elija tenga buena reputaci\u00f3n. Puede consultar las rese\u00f1as en l\u00ednea para ver lo que otras personas han dicho sobre ellos, o preguntar a amigos y familiares que hayan usado sus servicios antes.<\/p>\n<p>Tambi\u00e9n debe considerar cu\u00e1nto tiempo tardan en recibir una devoluci\u00f3n despu\u00e9s de presentar sus impuestos con ellos. Si tardan demasiado, \u00a1es posible que este no sea el mejor preparador de impuestos para usted!<\/p>\n<p>Cuanto m\u00e1s acreditado y experimentado sea un preparador de impuestos, mejor ser\u00e1 cuando presente su reembolso de impuestos con ellos. Tambi\u00e9n deben tener una ubicaci\u00f3n de oficina a la que sea f\u00e1cil llegar para que no haya problemas para viajar all\u00ed durante las horas punta.<\/p>\n<h3>Conclusi\u00f3n: preparaci\u00f3n de impuestos cerca de m\u00ed<\/h3>\n<p>Es importante encontrar un preparador de impuestos que tenga buena reputaci\u00f3n y experiencia. Tambi\u00e9n deben tener una ubicaci\u00f3n de oficina a la que sea f\u00e1cil llegar para que no haya problemas para viajar all\u00ed durante las horas punta.<\/p>\n<p>Cuando busque un preparador de impuestos, estas son solo algunas de las cosas que querr\u00e1 tener en cuenta. Al considerar todos estos factores, es m\u00e1s probable que encuentre el mejor para sus necesidades.<\/p>\n<p><a href=\"https:\/\/apc1040.com\/es\/\" target=\"_blank\" rel=\"noopener noreferrer\">Akron Income Tax Co<\/a> es uno de los servicios de preparaci\u00f3n de impuestos con mayor experiencia y reputaci\u00f3n en Ohio. Hemos estado sirviendo a clientes durante muchos a\u00f1os, por lo que puede confiar en nosotros para ayudarlo con todas sus necesidades fiscales.<\/p>\n<p><a href=\"https:\/\/apc1040.com\/es\/contactar-con-akron-income-tax-co\/\">Cont\u00e1ctenos<\/a>\u00a0hoy en\u00a0<a href=\"tel:+ 13307331040\" target=\"_blank\" rel=\"noopener noreferrer\">(330) 733-1040<\/a> para comenzar.<\/p>\n","protected":false},"excerpt":{"rendered":"<p>C\u00f3mo encontrar el mejor preparador de impuestos locales \u00bfEst\u00e1 buscando preparaci\u00f3n de impuestos cerca de m\u00ed? Puede ser dif\u00edcil encontrar un buen preparador de impuestos locales, pero no se preocupe, estamos aqu\u00ed para ayudar. La mayor\u00eda de los impuestos b\u00e1sicos se hacen por $130. En esta publicaci\u00f3n de blog, discutiremos c\u00f3mo encontrar el mejor preparador&#8230;<\/p>\n","protected":false},"author":10,"featured_media":5110,"parent":0,"menu_order":0,"comment_status":"closed","ping_status":"closed","template":"","meta":{"_lmt_disableupdate":"no","_lmt_disable":"","_monsterinsights_skip_tracking":false,"_monsterinsights_sitenote_active":false,"_monsterinsights_sitenote_note":"","_monsterinsights_sitenote_category":0,"_uf_show_specific_survey":0,"_uf_disable_surveys":false,"footnotes":""},"class_list":["post-2940","page","type-page","status-publish","has-post-thumbnail","hentry"],"yoast_head":"<!-- This site is optimized with the Yoast SEO Premium plugin v27.3 (Yoast SEO v27.4) - https:\/\/yoast.com\/product\/yoast-seo-premium-wordpress\/ -->\n<title>Preparaci\u00f3n de Impuestos en Akron<\/title>\n<meta name=\"description\" content=\"Hacemos impuestos por $120. No busque m\u00e1s, ha encontrado la mejor compa\u00f1\u00eda de preparaci\u00f3n de impuestos cerca de m\u00ed en Akron Ohio.\" \/>\n<meta name=\"robots\" content=\"index, follow, max-snippet:-1, max-image-preview:large, max-video-preview:-1\" \/>\n<link rel=\"canonical\" href=\"https:\/\/apc1040.com\/es\/preparacion-de-impuestos-cerca-de-mi\/\" \/>\n<meta property=\"og:locale\" content=\"es_ES\" \/>\n<meta property=\"og:type\" content=\"article\" \/>\n<meta property=\"og:title\" content=\"Preparaci\u00f3n de impuestos cerca de m\u00ed\" \/>\n<meta property=\"og:description\" content=\"Hacemos impuestos por $120. No busque m\u00e1s, ha encontrado la mejor compa\u00f1\u00eda de preparaci\u00f3n de impuestos cerca de m\u00ed en Akron Ohio.\" \/>\n<meta property=\"og:url\" content=\"https:\/\/apc1040.com\/es\/preparacion-de-impuestos-cerca-de-mi\/\" \/>\n<meta property=\"og:site_name\" content=\"Akron Income Tax Preparation\" \/>\n<meta property=\"article:publisher\" content=\"https:\/\/www.facebook.com\/APC1040\" \/>\n<meta property=\"article:modified_time\" content=\"2024-12-02T19:43:02+00:00\" \/>\n<meta property=\"og:image\" content=\"https:\/\/apc1040.com\/wp-content\/uploads\/2023\/11\/12kwGEO_tax_preparation_services.jpg\" \/>\n\t<meta property=\"og:image:width\" content=\"480\" \/>\n\t<meta property=\"og:image:height\" content=\"270\" \/>\n\t<meta property=\"og:image:type\" content=\"image\/jpeg\" \/>\n<meta name=\"twitter:card\" content=\"summary_large_image\" \/>\n<meta name=\"twitter:label1\" content=\"Est. reading time\" \/>\n\t<meta name=\"twitter:data1\" content=\"5 minutes\" \/>\n<!-- \/ Yoast SEO Premium plugin. -->","yoast_head_json":{"title":"Preparaci\u00f3n de Impuestos en Akron","description":"Hacemos impuestos por $120. No busque m\u00e1s, ha encontrado la mejor compa\u00f1\u00eda de preparaci\u00f3n de impuestos cerca de m\u00ed en Akron Ohio.","robots":{"index":"index","follow":"follow","max-snippet":"max-snippet:-1","max-image-preview":"max-image-preview:large","max-video-preview":"max-video-preview:-1"},"canonical":"https:\/\/apc1040.com\/es\/preparacion-de-impuestos-cerca-de-mi\/","og_locale":"es_ES","og_type":"article","og_title":"Preparaci\u00f3n de impuestos cerca de m\u00ed","og_description":"Hacemos impuestos por $120. No busque m\u00e1s, ha encontrado la mejor compa\u00f1\u00eda de preparaci\u00f3n de impuestos cerca de m\u00ed en Akron Ohio.","og_url":"https:\/\/apc1040.com\/es\/preparacion-de-impuestos-cerca-de-mi\/","og_site_name":"Akron Income Tax Preparation","article_publisher":"https:\/\/www.facebook.com\/APC1040","article_modified_time":"2024-12-02T19:43:02+00:00","og_image":[{"width":480,"height":270,"url":"https:\/\/apc1040.com\/wp-content\/uploads\/2023\/11\/12kwGEO_tax_preparation_services.jpg","type":"image\/jpeg"}],"twitter_card":"summary_large_image","twitter_misc":{"Est. reading time":"5 minutes"},"schema":{"@context":"https:\/\/schema.org","@graph":[{"@type":"WebPage","@id":"https:\/\/apc1040.com\/es\/preparacion-de-impuestos-cerca-de-mi\/","url":"https:\/\/apc1040.com\/es\/preparacion-de-impuestos-cerca-de-mi\/","name":"Preparaci\u00f3n de Impuestos en Akron","isPartOf":{"@id":"https:\/\/apc1040.com\/es\/#website"},"primaryImageOfPage":{"@id":"https:\/\/apc1040.com\/es\/preparacion-de-impuestos-cerca-de-mi\/#primaryimage"},"image":{"@id":"https:\/\/apc1040.com\/es\/preparacion-de-impuestos-cerca-de-mi\/#primaryimage"},"thumbnailUrl":"https:\/\/apc1040.com\/wp-content\/uploads\/2023\/11\/12kwGEO_tax_preparation_services.jpg","datePublished":"2022-02-17T20:46:26+00:00","dateModified":"2024-12-02T19:43:02+00:00","description":"Hacemos impuestos por $120. No busque m\u00e1s, ha encontrado la mejor compa\u00f1\u00eda de preparaci\u00f3n de impuestos cerca de m\u00ed en Akron Ohio.","breadcrumb":{"@id":"https:\/\/apc1040.com\/es\/preparacion-de-impuestos-cerca-de-mi\/#breadcrumb"},"inLanguage":"es","potentialAction":[{"@type":"ReadAction","target":["https:\/\/apc1040.com\/es\/preparacion-de-impuestos-cerca-de-mi\/"]}]},{"@type":"ImageObject","inLanguage":"es","@id":"https:\/\/apc1040.com\/es\/preparacion-de-impuestos-cerca-de-mi\/#primaryimage","url":"https:\/\/apc1040.com\/wp-content\/uploads\/2023\/11\/12kwGEO_tax_preparation_services.jpg","contentUrl":"https:\/\/apc1040.com\/wp-content\/uploads\/2023\/11\/12kwGEO_tax_preparation_services.jpg","width":480,"height":270,"caption":"Income Tax Preparation Akron Ohio"},{"@type":"BreadcrumbList","@id":"https:\/\/apc1040.com\/es\/preparacion-de-impuestos-cerca-de-mi\/#breadcrumb","itemListElement":[{"@type":"ListItem","position":1,"name":"Home","item":"https:\/\/apc1040.com\/es\/"},{"@type":"ListItem","position":2,"name":"Preparaci\u00f3n de impuestos cerca de m\u00ed"}]},{"@type":"WebSite","@id":"https:\/\/apc1040.com\/es\/#website","url":"https:\/\/apc1040.com\/es\/","name":"Akron Income Tax Preparation","description":"Income Tax Preparation Service","publisher":{"@id":"https:\/\/apc1040.com\/es\/#organization"},"potentialAction":[{"@type":"SearchAction","target":{"@type":"EntryPoint","urlTemplate":"https:\/\/apc1040.com\/es\/?s={search_term_string}"},"query-input":{"@type":"PropertyValueSpecification","valueRequired":true,"valueName":"search_term_string"}}],"inLanguage":"es"},{"@type":"Organization","@id":"https:\/\/apc1040.com\/es\/#organization","name":"Akron Income Tax Co","url":"https:\/\/apc1040.com\/es\/","logo":{"@type":"ImageObject","inLanguage":"es","@id":"https:\/\/apc1040.com\/es\/#\/schema\/logo\/image\/","url":"https:\/\/apc1040.com\/wp-content\/uploads\/2024\/11\/income-tax-service-akron.jpg","contentUrl":"https:\/\/apc1040.com\/wp-content\/uploads\/2024\/11\/income-tax-service-akron.jpg","width":800,"height":745,"caption":"Akron Income Tax Co"},"image":{"@id":"https:\/\/apc1040.com\/es\/#\/schema\/logo\/image\/"},"sameAs":["https:\/\/www.facebook.com\/APC1040"]}]}},"amp_enabled":true,"_links":{"self":[{"href":"https:\/\/apc1040.com\/es\/wp-json\/wp\/v2\/pages\/2940","targetHints":{"allow":["GET"]}}],"collection":[{"href":"https:\/\/apc1040.com\/es\/wp-json\/wp\/v2\/pages"}],"about":[{"href":"https:\/\/apc1040.com\/es\/wp-json\/wp\/v2\/types\/page"}],"author":[{"embeddable":true,"href":"https:\/\/apc1040.com\/es\/wp-json\/wp\/v2\/users\/10"}],"replies":[{"embeddable":true,"href":"https:\/\/apc1040.com\/es\/wp-json\/wp\/v2\/comments?post=2940"}],"version-history":[{"count":3,"href":"https:\/\/apc1040.com\/es\/wp-json\/wp\/v2\/pages\/2940\/revisions"}],"predecessor-version":[{"id":10001,"href":"https:\/\/apc1040.com\/es\/wp-json\/wp\/v2\/pages\/2940\/revisions\/10001"}],"wp:featuredmedia":[{"embeddable":true,"href":"https:\/\/apc1040.com\/es\/wp-json\/wp\/v2\/media\/5110"}],"wp:attachment":[{"href":"https:\/\/apc1040.com\/es\/wp-json\/wp\/v2\/media?parent=2940"}],"curies":[{"name":"wp","href":"https:\/\/api.w.org\/{rel}","templated":true}]}}