{"id":2937,"date":"2022-02-06T19:30:26","date_gmt":"2022-02-07T00:30:26","guid":{"rendered":"https:\/\/apc1040.com\/?page_id=2937"},"modified":"2024-11-28T16:32:46","modified_gmt":"2024-11-28T21:32:46","slug":"servicios-de-preparacion-de-impuestos-cerca-de-mi","status":"publish","type":"page","link":"https:\/\/apc1040.com\/es\/servicios-de-preparacion-de-impuestos-cerca-de-mi\/","title":{"rendered":"Servicios de preparaci\u00f3n de impuestos cerca de m\u00ed"},"content":{"rendered":"<h2>La mejor opci\u00f3n en tu zona<\/h2>\n<p><img decoding=\"async\" class=\"aligncenter wp-image-2509\" src=\"https:\/\/apc1040.com\/wp-content\/uploads\/2021\/01\/income_tax_form-300x199.jpg\" alt=\"Tax preparation near me\" width=\"300\" height=\"199\" srcset=\"https:\/\/apc1040.com\/wp-content\/uploads\/2021\/01\/income_tax_form-300x199.jpg 300w, https:\/\/apc1040.com\/wp-content\/uploads\/2021\/01\/income_tax_form-1024x678.jpg 1024w, https:\/\/apc1040.com\/wp-content\/uploads\/2021\/01\/income_tax_form.jpg 1200w\" sizes=\"(max-width: 300px) 100vw, 300px\" \/><br \/>\nCuando llega el momento de hacer sus propios impuestos o impuestos comerciales, tiene algunas opciones para encontrar una oficina de impuestos. Encontrar los <a href=\"https:\/\/apc1040.com\/es\/preparacion-de-impuestos-comerciales\/\">Servicios de preparaci\u00f3n de impuestos<\/a> cerca de m\u00ed es f\u00e1cil. Puede intentar hacerlo usted mismo con un software en l\u00ednea o acudir a profesionales de impuestos. Hay poder para pagar menos y comprar preparaci\u00f3n garantizada con presentaci\u00f3n gratuita de su estado, ciudad y e-file. Muchas personas eligen la \u00faltima opci\u00f3n porque es la mejor y m\u00e1s confiable manera de hacer bien sus impuestos. Pero, \u00bfcu\u00e1les son los beneficios de usar un servicio de preparaci\u00f3n de impuestos? \u00bfY cu\u00e1l es el mejor para ti?<\/p>\n<p>Hay muchos beneficios de usar un servicio de preparaci\u00f3n de impuestos. En primer lugar, estos servicios cuentan con profesionales capacitados en derecho tributario que saben c\u00f3mo obtener la mayor cantidad de deducciones y cr\u00e9ditos posibles para sus clientes. Tambi\u00e9n tienen acceso a un software que puede ayudarlos a preparar su declaraci\u00f3n de manera r\u00e1pida y precisa. Finalmente, usar un servicio profesional puede ayudar a reducir el estr\u00e9s y la ansiedad de preparando tus impuestos. Al ir con una empresa, puede manejar todo el proceso de principio a fin. \u00a1Usar un servicio de preparaci\u00f3n de impuestos cerca de m\u00ed puede ahorrarle dinero!<\/p>\n<h2><img decoding=\"async\" class=\"aligncenter wp-image-2555\" title=\"Preparaci\u00f3n de impuestos sobre la renta\" src=\"https:\/\/apc1040.com\/wp-content\/uploads\/2022\/03\/AD120-300x202.jpg\" alt=\"Preparaci\u00f3n de impuestos sobre la renta\" width=\"300\" height=\"202\" srcset=\"https:\/\/apc1040.com\/wp-content\/uploads\/2022\/03\/AD120-300x202.jpg 300w, https:\/\/apc1040.com\/wp-content\/uploads\/2022\/03\/AD120-1024x688.jpg 1024w, https:\/\/apc1040.com\/wp-content\/uploads\/2022\/03\/AD120.jpg 1830w\" sizes=\"(max-width: 300px) 100vw, 300px\" \/>Akron Income Tax Co<\/h2>\n<p>El mejor preparador de impuestos en su \u00e1rea es Akron Income Tax Co. Hemos estado ayudando a los clientes a preparar sus impuestos durante m\u00e1s de 25 a\u00f1os, y nuestro equipo de profesionales se asegurar\u00e1 de que obtenga el impuesto m\u00e1s bajo y la mayor cantidad de cr\u00e9ditos posibles. Nos enorgullecemos de nuestros a\u00f1os de experiencia y resultados exitosos, y creemos que es por eso que tantas personas eligen usarnos mientras buscan preparaci\u00f3n de impuestos.<\/p>\n<p>Sentarse a hacer su propia presentaci\u00f3n puede ser una tarea abrumadora, pero no tiene que hacerlo solo. Nuestros precios son muy razonables a $120. Excluyendo Business y formularios de alquiler. Completamos formularios de complejidad m\u00faltiple. Akron Income Tax Co tiene las herramientas y la experiencia para ayudarlo a procesar su declaraci\u00f3n de impuestos de manera r\u00e1pida y precisa. Ofrecemos varios m\u00e9todos <a href=\"https:\/\/apc1040.com\/es\/credito-fiscal-para-vehiculos-electricos\/\">para obtener su cr\u00e9dito fiscal<\/a> y calificar su solicitud de deducciones y cr\u00e9ditos como sea posible. Tambi\u00e9n brindamos asesoramiento fiscal gratuito utilizando a nuestros mejores preparadores de impuestos, \u00a1as\u00ed que ll\u00e1menos hoy para programar una cita!<\/p>\n<h2>Lo que obtendr\u00e1 con Akron Income Tax Co<\/h2>\n<p>Cuando acude a nosotros para la preparaci\u00f3n de sus impuestos, estos son algunos de los beneficios que puede esperar.<\/p>\n<h3>1) Un profesional de impuestos con experiencia para preparar sus impuestos<\/h3>\n<p>Conocer\u00e1 a uno de nuestros profesionales en su consulta inicial. Revisar\u00e1n sus registros y le har\u00e1n varias preguntas sobre la situaci\u00f3n fiscal pertinente. Los contribuyentes necesitan todas las deducciones que puedan obtener para pagar la menor cantidad. Encontrar un servicio de preparaci\u00f3n de impuestos cerca de m\u00ed, los contribuyentes deben encontrar una oficina de impuestos y solicitar o exigir la mejor persona de oficina rentable para presentar su simple devoluciones o su formulario comercial a un precio razonable. Paga menos con nosotros. Estos detalles son importantes porque nos permiten reducir sus pagos y maximizar los cr\u00e9ditos para los que es elegible. Esto nos ayudar\u00e1 a estructurar su devoluci\u00f3n de una manera que maximice su reembolso y cr\u00e9ditos.<\/p>\n<h3>2) Revisi\u00f3n de Devoluciones anteriores<\/h3>\n<p>Adem\u00e1s de preparar una nueva declaraci\u00f3n, tambi\u00e9n revisaremos sus declaraciones de impuestos anteriores. Las empresas y corporaciones califican para esta revisi\u00f3n de forma gratuita. El objetivo de esto es asegurarse de que las deducciones y los cr\u00e9ditos para los que es elegible sigan siendo v\u00e1lidos. Queremos asegurarnos de que aproveche al m\u00e1ximo el dinero que tanto le cost\u00f3 ganar<\/p>\n<h3>3) Presentaci\u00f3n electr\u00f3nica gratuita (E-File) de sus impuestos<\/h3>\n<p>La presentaci\u00f3n electr\u00f3nica toma solo unos minutos, pero es un paso importante para asegurar sus fondos. Al <a href=\"https:\/\/apc1040.com\/es\/ron-el-recaudador-de-impuestos-completando-impuestos-desde-1982\/\">completar su preparaci\u00f3n de impuestos<\/a>, podemos enviar su declaraci\u00f3n de impuestos utilizando un sitio web seguro y depositar su reembolso en su banco.<\/p>\n<h3>4) Declaraciones estatales y municipales gratuitas completadas (con declaraci\u00f3n federal)<\/h3>\n<p>Brindamos a nuestros clientes declaraciones estatales y municipales gratuitas cuando completamos sus declaraciones federales del IRS si califican para esto. Este es otro beneficio para los contribuyentes que utilizan Akron Income Tax Co para la preparaci\u00f3n de impuestos. De esta manera, puede recuperar una mayor parte del dinero que tanto le cost\u00f3 ganar y no deber\u00e1 nada para completar las declaraciones estatales y municipales.<\/p>\n<h3>5) Soporte de auditor\u00eda<\/h3>\n<p>Si es seleccionado para una auditor\u00eda del IRS, estaremos disponibles para brindarle ayuda con los impuestos. Nuestro <a href=\"https:\/\/apc1040.com\/es\/el-mejor-preparador-de-impuestos-cerca-de-mi\/\">preparador de impuestos<\/a> guiar\u00e1 a los contribuyentes a trav\u00e9s del proceso de auditor\u00eda y explicar\u00e1 c\u00f3mo funciona en su consulta inicial. Tambi\u00e9n le proporcionaremos la documentaci\u00f3n de su declaraci\u00f3n de impuestos y los ingresos del trabajo por cuenta propia. Esto es importante porque el IRS puede solicitar verlo en la auditor\u00eda. Responderemos a cualquier duda que puedan tener durante el proceso. Adem\u00e1s de exigir a nuestros preparadores que certifiquen su conocimiento de las leyes fiscales, contamos con a\u00f1os de experiencia en los que confiar. tenemos un abogado interno para ayudar si es necesario.<\/p>\n<h3>6) Recomendaciones sobre c\u00f3mo reducir yotus pasivos<\/h3>\n<p>En su consulta inicial, le proporcionaremos recomendaciones sobre c\u00f3mo reducir sus responsabilidades para el futuro. Ya sea actualizando las deducciones o cr\u00e9ditos que tom\u00f3 en a\u00f1os anteriores o simplemente us\u00e1ndonos para sus futuras necesidades de preparaci\u00f3n de impuestos, nuestro profesional de impuestos le proporcionar\u00e1 la informaci\u00f3n que necesita para realizar estos cambios.<\/p>\n<h3>7) Garant\u00eda de rendimiento<\/h3>\n<p>En Akron Income Tax Co, estamos comprometidos a entregar una declaraci\u00f3n de impuestos del IRS de calidad y obtener un reembolso mayor. Tambi\u00e9n entendemos que puede ser dif\u00edcil saber a qu\u00e9 compa\u00f1\u00eda de preparaci\u00f3n de impuestos acudir. Por eso garantizamos nuestro rendimiento. Si no est\u00e1 satisfecho con la calidad del servicio que ha recibido, h\u00e1ganoslo saber y estaremos encantados de devolverle los formularios. Solicite su reembolso antes de firmar su declaraci\u00f3n de impuestos.<\/p>\n<h2>C\u00f3mo empezar<\/h2>\n<p>Para comenzar esta temporada de presentaci\u00f3n con su IRS <a href=\"https:\/\/apc1040.com\/list-of-our-services\/tax-return-preparation\/\" target=\"_blank\" rel=\"noopener noreferrer\">impuestos preparaci\u00f3n<\/a>, en nuestra oficina local cont\u00e1ctenos hoy. Puede dejar su declaraci\u00f3n de impuestos o hacer una cita llam\u00e1ndonos. Estaremos encantados de sentarnos con usted para una <a href=\"https:\/\/apc1040.com\/contact-akron-income-tax\/free-consultation\/\" target=\"_blank\" rel=\"noopener noreferrer\">gratis consulta<\/a>. o sesi\u00f3n de asesoramiento fiscal para repasar sus situaciones fiscales. Durante este tiempo, le haremos varias preguntas para determinar su elegibilidad para deducciones y cr\u00e9ditos. Luego lo guiaremos a trav\u00e9s del proceso de preparaci\u00f3n para comprender cada paso. Esto asegurar\u00e1 que est\u00e9 completamente informado y preparado para el proceso de declaraci\u00f3n de impuestos.<\/p>\n<p>Una vez que se complete su declaraci\u00f3n, la archivaremos por usted. Tendr\u00e1 su reembolso depositado en su cuenta, generalmente en 2 o 3 semanas. Un preparador de impuestos puede tomar la forma de varios t\u00edtulos de trabajo diferentes. A\u00fan as\u00ed, el IRS requiere que tengan una licencia y un N\u00famero de Identificaci\u00f3n de Preparador de Impuestos (PTIN) del IRS para estar autorizados a preparar declaraciones de impuestos federales. Si decide recibir su cheque de reembolso del IRS, puede llevarle mucho m\u00e1s tiempo cobrarlo r\u00e1pidamente.<\/p>\n<h3>\u00a1Perm\u00edtanos hacer sus impuestos por usted!<\/h3>\n<p>Como servicios de preparaci\u00f3n de <a href=\"https:\/\/apc1040.com\/es\/profesional-de-los-impuestos-cerca-de-mi\/\">impuestos cerca<\/a> de m\u00ed, sabemos que la mejor protecci\u00f3n es hacer bien sus impuestos. Ha encontrado la mejor preparaci\u00f3n de impuestos aqu\u00ed mismo. Nuestros profesionales de impuestos se asegurar\u00e1n de que obtenga todas las deducciones y cr\u00e9ditos para los que es elegible. Tampoco hay necesidad de preocuparse por ninguna auditor\u00eda.<\/p>\n<p>Ofrecemos presentaciones para individuos, familias y <a href=\"https:\/\/apc1040.com\/es\/contador-de-pequenas-empresas-cerca-de-mi\/\">peque\u00f1as empresas<\/a>. Lo guiaremos a trav\u00e9s del proceso de hacer sus declaraciones, incluida la presentaci\u00f3n electr\u00f3nica, \u00a1gratis!<\/p>\n<p>Para obtener m\u00e1s <a href=\"https:\/\/apc1040.com\/es\/maximice-la-eficiencia-con-software-criptografico-para-informes-fiscales\/\">informaci\u00f3n o para su asesoramiento fiscal<\/a> gratuito, visite nuestro sitio web en apc1040.com o ll\u00e1menos al (330) 773-1040 hoy.<\/p>\n","protected":false},"excerpt":{"rendered":"<p>La mejor opci\u00f3n en tu zona Cuando llega el momento de hacer sus propios impuestos o impuestos comerciales, tiene algunas opciones para encontrar una oficina de impuestos. Encontrar los Servicios de preparaci\u00f3n de impuestos cerca de m\u00ed es f\u00e1cil. Puede intentar hacerlo usted mismo con un software en l\u00ednea o acudir a profesionales de impuestos&#8230;.<\/p>\n","protected":false},"author":10,"featured_media":5110,"parent":0,"menu_order":0,"comment_status":"closed","ping_status":"closed","template":"","meta":{"_lmt_disableupdate":"no","_lmt_disable":"","_monsterinsights_skip_tracking":false,"_monsterinsights_sitenote_active":false,"_monsterinsights_sitenote_note":"","_monsterinsights_sitenote_category":0,"_uf_show_specific_survey":0,"_uf_disable_surveys":false,"footnotes":""},"class_list":["post-2937","page","type-page","status-publish","has-post-thumbnail","hentry"],"yoast_head":"<!-- This site is optimized with the Yoast SEO Premium plugin v27.3 (Yoast SEO v27.4) - https:\/\/yoast.com\/product\/yoast-seo-premium-wordpress\/ -->\n<title>Servicios de preparaci\u00f3n de impuestos cerca de m\u00ed.<\/title>\n<meta name=\"description\" content=\"Servicios de preparaci\u00f3n de impuestos cerca de m\u00ed. Has encontrado el mejor lugar; \u00a1somos la firma que puede completar sus impuestos!\" \/>\n<meta name=\"robots\" content=\"index, follow, max-snippet:-1, max-image-preview:large, max-video-preview:-1\" \/>\n<link rel=\"canonical\" href=\"https:\/\/apc1040.com\/es\/servicios-de-preparacion-de-impuestos-cerca-de-mi\/\" \/>\n<meta property=\"og:locale\" content=\"es_ES\" \/>\n<meta property=\"og:type\" content=\"article\" \/>\n<meta property=\"og:title\" content=\"Servicios de preparaci\u00f3n de impuestos cerca de m\u00ed\" \/>\n<meta property=\"og:description\" content=\"Servicios de preparaci\u00f3n de impuestos cerca de m\u00ed. Has encontrado el mejor lugar; \u00a1somos la firma que puede completar sus impuestos!\" \/>\n<meta property=\"og:url\" content=\"https:\/\/apc1040.com\/es\/servicios-de-preparacion-de-impuestos-cerca-de-mi\/\" \/>\n<meta property=\"og:site_name\" content=\"Akron Income Tax Preparation\" \/>\n<meta property=\"article:publisher\" content=\"https:\/\/www.facebook.com\/APC1040\" \/>\n<meta property=\"article:modified_time\" content=\"2024-11-28T21:32:46+00:00\" \/>\n<meta property=\"og:image\" content=\"https:\/\/apc1040.com\/wp-content\/uploads\/2023\/11\/12kwGEO_tax_preparation_services.jpg\" \/>\n\t<meta property=\"og:image:width\" content=\"480\" \/>\n\t<meta property=\"og:image:height\" content=\"270\" \/>\n\t<meta property=\"og:image:type\" content=\"image\/jpeg\" \/>\n<meta name=\"twitter:card\" content=\"summary_large_image\" \/>\n<meta name=\"twitter:label1\" content=\"Est. reading time\" \/>\n\t<meta name=\"twitter:data1\" content=\"7 minutes\" \/>\n<!-- \/ Yoast SEO Premium plugin. -->","yoast_head_json":{"title":"Servicios de preparaci\u00f3n de impuestos cerca de m\u00ed.","description":"Servicios de preparaci\u00f3n de impuestos cerca de m\u00ed. Has encontrado el mejor lugar; \u00a1somos la firma que puede completar sus impuestos!","robots":{"index":"index","follow":"follow","max-snippet":"max-snippet:-1","max-image-preview":"max-image-preview:large","max-video-preview":"max-video-preview:-1"},"canonical":"https:\/\/apc1040.com\/es\/servicios-de-preparacion-de-impuestos-cerca-de-mi\/","og_locale":"es_ES","og_type":"article","og_title":"Servicios de preparaci\u00f3n de impuestos cerca de m\u00ed","og_description":"Servicios de preparaci\u00f3n de impuestos cerca de m\u00ed. Has encontrado el mejor lugar; \u00a1somos la firma que puede completar sus impuestos!","og_url":"https:\/\/apc1040.com\/es\/servicios-de-preparacion-de-impuestos-cerca-de-mi\/","og_site_name":"Akron Income Tax Preparation","article_publisher":"https:\/\/www.facebook.com\/APC1040","article_modified_time":"2024-11-28T21:32:46+00:00","og_image":[{"width":480,"height":270,"url":"https:\/\/apc1040.com\/wp-content\/uploads\/2023\/11\/12kwGEO_tax_preparation_services.jpg","type":"image\/jpeg"}],"twitter_card":"summary_large_image","twitter_misc":{"Est. reading time":"7 minutes"},"schema":{"@context":"https:\/\/schema.org","@graph":[{"@type":"WebPage","@id":"https:\/\/apc1040.com\/es\/servicios-de-preparacion-de-impuestos-cerca-de-mi\/","url":"https:\/\/apc1040.com\/es\/servicios-de-preparacion-de-impuestos-cerca-de-mi\/","name":"Servicios de preparaci\u00f3n de impuestos cerca de m\u00ed.","isPartOf":{"@id":"https:\/\/apc1040.com\/es\/#website"},"primaryImageOfPage":{"@id":"https:\/\/apc1040.com\/es\/servicios-de-preparacion-de-impuestos-cerca-de-mi\/#primaryimage"},"image":{"@id":"https:\/\/apc1040.com\/es\/servicios-de-preparacion-de-impuestos-cerca-de-mi\/#primaryimage"},"thumbnailUrl":"https:\/\/apc1040.com\/wp-content\/uploads\/2023\/11\/12kwGEO_tax_preparation_services.jpg","datePublished":"2022-02-07T00:30:26+00:00","dateModified":"2024-11-28T21:32:46+00:00","description":"Servicios de preparaci\u00f3n de impuestos cerca de m\u00ed. Has encontrado el mejor lugar; \u00a1somos la firma que puede completar sus impuestos!","breadcrumb":{"@id":"https:\/\/apc1040.com\/es\/servicios-de-preparacion-de-impuestos-cerca-de-mi\/#breadcrumb"},"inLanguage":"es","potentialAction":[{"@type":"ReadAction","target":["https:\/\/apc1040.com\/es\/servicios-de-preparacion-de-impuestos-cerca-de-mi\/"]}]},{"@type":"ImageObject","inLanguage":"es","@id":"https:\/\/apc1040.com\/es\/servicios-de-preparacion-de-impuestos-cerca-de-mi\/#primaryimage","url":"https:\/\/apc1040.com\/wp-content\/uploads\/2023\/11\/12kwGEO_tax_preparation_services.jpg","contentUrl":"https:\/\/apc1040.com\/wp-content\/uploads\/2023\/11\/12kwGEO_tax_preparation_services.jpg","width":480,"height":270,"caption":"Income Tax Preparation Akron Ohio"},{"@type":"BreadcrumbList","@id":"https:\/\/apc1040.com\/es\/servicios-de-preparacion-de-impuestos-cerca-de-mi\/#breadcrumb","itemListElement":[{"@type":"ListItem","position":1,"name":"Home","item":"https:\/\/apc1040.com\/es\/"},{"@type":"ListItem","position":2,"name":"Servicios de preparaci\u00f3n de impuestos cerca de m\u00ed"}]},{"@type":"WebSite","@id":"https:\/\/apc1040.com\/es\/#website","url":"https:\/\/apc1040.com\/es\/","name":"Akron Income Tax Preparation","description":"Income Tax Preparation Service","publisher":{"@id":"https:\/\/apc1040.com\/es\/#organization"},"potentialAction":[{"@type":"SearchAction","target":{"@type":"EntryPoint","urlTemplate":"https:\/\/apc1040.com\/es\/?s={search_term_string}"},"query-input":{"@type":"PropertyValueSpecification","valueRequired":true,"valueName":"search_term_string"}}],"inLanguage":"es"},{"@type":"Organization","@id":"https:\/\/apc1040.com\/es\/#organization","name":"Akron Income Tax Co","url":"https:\/\/apc1040.com\/es\/","logo":{"@type":"ImageObject","inLanguage":"es","@id":"https:\/\/apc1040.com\/es\/#\/schema\/logo\/image\/","url":"https:\/\/apc1040.com\/wp-content\/uploads\/2024\/11\/income-tax-service-akron.jpg","contentUrl":"https:\/\/apc1040.com\/wp-content\/uploads\/2024\/11\/income-tax-service-akron.jpg","width":800,"height":745,"caption":"Akron Income Tax Co"},"image":{"@id":"https:\/\/apc1040.com\/es\/#\/schema\/logo\/image\/"},"sameAs":["https:\/\/www.facebook.com\/APC1040"]}]}},"amp_enabled":true,"_links":{"self":[{"href":"https:\/\/apc1040.com\/es\/wp-json\/wp\/v2\/pages\/2937","targetHints":{"allow":["GET"]}}],"collection":[{"href":"https:\/\/apc1040.com\/es\/wp-json\/wp\/v2\/pages"}],"about":[{"href":"https:\/\/apc1040.com\/es\/wp-json\/wp\/v2\/types\/page"}],"author":[{"embeddable":true,"href":"https:\/\/apc1040.com\/es\/wp-json\/wp\/v2\/users\/10"}],"replies":[{"embeddable":true,"href":"https:\/\/apc1040.com\/es\/wp-json\/wp\/v2\/comments?post=2937"}],"version-history":[{"count":1,"href":"https:\/\/apc1040.com\/es\/wp-json\/wp\/v2\/pages\/2937\/revisions"}],"predecessor-version":[{"id":9877,"href":"https:\/\/apc1040.com\/es\/wp-json\/wp\/v2\/pages\/2937\/revisions\/9877"}],"wp:featuredmedia":[{"embeddable":true,"href":"https:\/\/apc1040.com\/es\/wp-json\/wp\/v2\/media\/5110"}],"wp:attachment":[{"href":"https:\/\/apc1040.com\/es\/wp-json\/wp\/v2\/media?parent=2937"}],"curies":[{"name":"wp","href":"https:\/\/api.w.org\/{rel}","templated":true}]}}