{"id":2932,"date":"2022-02-09T13:11:51","date_gmt":"2022-02-09T18:11:51","guid":{"rendered":"https:\/\/apc1040.com\/?page_id=2932"},"modified":"2024-12-02T14:49:21","modified_gmt":"2024-12-02T19:49:21","slug":"preguntas-frecuentes-sobre-el-servicio-de-impuestos-preguntas-mas-frecuentes","status":"publish","type":"page","link":"https:\/\/apc1040.com\/es\/preguntas-frecuentes-sobre-el-servicio-de-impuestos-preguntas-mas-frecuentes\/","title":{"rendered":"Preguntas frecuentes sobre el servicio de impuestos preguntas m\u00e1s frecuentes"},"content":{"rendered":"<p><span style=\"font-size: 16px;\"><section class=\"l-section wpb_row height_small\"><div class=\"l-section-h i-cf\"><div class=\"g-cols vc_row via_flex valign_top type_default stacking_default\"><\/div><\/div><\/section><div class=\"vc_col-sm-12 wpb_column vc_column_container\"><div class=\"vc_column-inner\"><div class=\"wpb_wrapper\"><\/div><\/div><\/div><div class=\"w-image us_custom_2d745583 has_height align_center\"><div class=\"w-image-h\"><img decoding=\"async\" width=\"780\" height=\"520\" src=\"https:\/\/apc1040.com\/wp-content\/uploads\/2021\/12\/tax-return-service-1-1024x683.jpg\" class=\"attachment-large size-large\" alt=\"tax return service 1\" loading=\"lazy\" srcset=\"https:\/\/apc1040.com\/wp-content\/uploads\/2021\/12\/tax-return-service-1-1024x683.jpg 1024w, https:\/\/apc1040.com\/wp-content\/uploads\/2021\/12\/tax-return-service-1-300x200.jpg 300w, https:\/\/apc1040.com\/wp-content\/uploads\/2021\/12\/tax-return-service-1.jpg 1125w\" sizes=\"auto, (max-width: 780px) 100vw, 780px\" \/><\/div><\/div><div class=\"wpb_text_column\"><div class=\"wpb_wrapper\"><\/div><\/div><\/span><\/p>\n<h2><span style=\"font-size: 16px;\"><strong>\u00bfQu\u00e9 es la preparaci\u00f3n de impuestos?<\/strong><\/span><\/h2>\n<p><span style=\"font-size: 16px;\">La preparaci\u00f3n de impuestos es el proceso de recopilar y organizar informaci\u00f3n financiera, aplicar normas legales y preparar y presentar declaraciones de impuestos. Nuestras preguntas frecuentes sobre el servicio de impuestos pueden ayudarlo con las preguntas m\u00e1s frecuentes. El proceso de preparaci\u00f3n de la declaraci\u00f3n del impuesto sobre la renta al final del a\u00f1o fiscal se denomina <a href=\"https:\/\/apc1040.com\/tax-preparation-near-me\/\">preparaci\u00f3n de impuestos<\/a>. Se recomienda dejarlo en manos de un profesional, ya que las leyes fiscales tienden a cambiar y la cantidad de papeleo puede ser abrumadora. Sin mencionar que podr\u00edas enga\u00f1arte a ti mismo sin saber c\u00f3mo completar correctamente los formularios.<\/span><\/p>\n<h2><span style=\"font-size: 16px;\"><strong>\u00bfQu\u00e9 se entiende por servicio de preparaci\u00f3n de impuestos?<\/strong><\/span><\/h2>\n<p><span style=\"font-size: 16px;\">Un <a href=\"https:\/\/apc1040.com\/es\/servicios-de-impuestos-sobre-la-renta-ellet\/\">servicio de preparaci\u00f3n de impuestos<\/a> incluye ayudar a las personas y empresas a completar sus formularios de impuestos anuales, revisar sus formularios de impuestos para asegurarse de que todo est\u00e9 correcto y completar sus impuestos.<\/span><\/p>\n<h2><span style=\"font-size: 16px;\"><strong>\u00bfQu\u00e9 hace un especialista en preparaci\u00f3n de impuestos?<\/strong><\/span><\/h2>\n<p><span style=\"font-size: 16px;\">Un preparador de <a href=\"https:\/\/apc1040.com\/es\/profesional-de-los-impuestos-cerca-de-mi\/\">impuestos profesional<\/a> tiene la capacitaci\u00f3n, la experiencia y los recursos para estar familiarizado con las leyes fiscales actuales y garantizar que su declaraci\u00f3n de impuestos sea precisa y completa. Elegir un preparador de impuestos profesional es la forma m\u00e1s f\u00e1cil de presentar su declaraci\u00f3n de impuestos y obtener el reembolso m\u00e1s beneficioso.<\/span><\/p>\n<h2><span style=\"font-size: 16px;\"><strong>\u00bfEs dif\u00edcil hacer su propia declaraci\u00f3n de impuestos?<\/strong><\/span><\/h2>\n<p><span style=\"font-size: 16px;\">Algunas personas eligen hacer sus propios impuestos usando software en l\u00ednea o libros de preparaci\u00f3n de impuestos. En cambio, otros optan por que un profesional prepare su declaraci\u00f3n. Si elige hacer sus propios impuestos, varios recursos gratuitos en l\u00ednea pueden ayudarlo; sin embargo, es esencial ser consciente de que hacer sus impuestos conlleva cierto riesgo. Si no se siente c\u00f3modo preparando su declaraci\u00f3n de impuestos o su declaraci\u00f3n de impuestos es compleja, la mejor pr\u00e1ctica es contratar a un profesional calificado.<\/span><\/p>\n<h2><span style=\"font-size: 16px;\"><strong>\u00bfPor qu\u00e9 debo usar un preparador de impuestos?<\/strong><\/span><\/h2>\n<p><span style=\"font-size: 16px;\">Con un buen servicio de preparaci\u00f3n de impuestos, puede obtener asesoramiento preciso y ser guiado a trav\u00e9s de todo el proceso de declaraci\u00f3n de impuestos. Adem\u00e1s, se asegurar\u00e1n de que aproveche todas las deducciones y cr\u00e9ditos disponibles para que el gobierno le devuelva la mayor cantidad de dinero.<\/span><\/p>\n<h2><span style=\"font-size: 16px;\"><strong>\u00bfVale la pena tener un preparador de impuestos?<\/strong><\/span><\/h2>\n<p><span style=\"font-size: 16px;\">Hacer que un experto prepare sus impuestos le ahorrar\u00e1 el tiempo y el estr\u00e9s de hacerlo usted mismo. Definitivamente vale la pena contratar a un preparador de impuestos para que lo ayude a hacer sus impuestos, especialmente si tiene m\u00e1s de un trabajo, es propietario de un negocio o propiedad de alquiler, o tiene problemas de impuestos complicados. Tambi\u00e9n buscar\u00e1n <a href=\"https:\/\/apc1040.com\/es\/deducciones-fiscales-creditos-fiscales\/\">deducciones y cr\u00e9ditos fiscales<\/a> valiosos que tal vez no conozca, lo que le permitir\u00e1 ahorrar a\u00fan m\u00e1s dinero.<\/span><\/p>\n<h2><span style=\"font-size: 16px;\"><strong>\u00bfQui\u00e9n deber\u00eda usar un servicio de preparaci\u00f3n de impuestos?<\/strong><\/span><\/h2>\n<p><span style=\"font-size: 16px;\">Todo el mundo deber\u00eda utilizar un servicio de preparaci\u00f3n de impuestos. La declaraci\u00f3n de impuestos es un proceso complicado. Las personas necesitan recopilar una gran cantidad de documentos y datos fiscales para el c\u00e1lculo. Las personas deben estar familiarizadas con la legislaci\u00f3n fiscal cuando se trata de impuestos complejos. La preparaci\u00f3n de impuestos debe ser manejada por un experto. El <a href=\"https:\/\/apc1040.com\/es\/el-mejor-preparador-de-impuestos-cerca-de-mi\/\">preparador de impuestos<\/a> utiliza su experiencia y conocimiento para garantizar que su declaraci\u00f3n de impuestos se realice correctamente.<\/span><\/p>\n<h2><span style=\"font-size: 16px;\"><strong>\u00bfPor qu\u00e9 servicio de preparaci\u00f3n de impuestos?<\/strong><\/span><\/h2>\n<p><span style=\"font-size: 16px;\">Un servicio de preparaci\u00f3n de impuestos es la mejor opci\u00f3n si usted:<\/span><\/p>\n<ul>\n<li><span style=\"font-size: 16px;\">No est\u00e1n familiarizados con las leyes y procedimientos fiscales<\/span><\/li>\n<li><span style=\"font-size: 16px;\">No sabe c\u00f3mo recopilar documentos y datos fiscales<\/span><\/li>\n<li><span style=\"font-size: 16px;\">No eres lo suficientemente paciente para hacerlo t\u00fa mismo<\/span><\/li>\n<li><span style=\"font-size: 16px;\">Necesita presentar m\u00e1s de una declaraci\u00f3n de impuestos<\/span><\/li>\n<li><span style=\"font-size: 16px;\">Dirige una <a href=\"https:\/\/apc1040.com\/es\/small-business-income-tax-service\/\">peque\u00f1a empresa<\/a>, recibe ingresos por alquileres, posee una gran propiedad de inversi\u00f3n o trabaja por cuenta propia<\/span><\/li>\n<li><span style=\"font-size: 16px;\">Quiere protecci\u00f3n de auditor\u00eda del IRS.<\/span><\/li>\n<\/ul>\n<h2><span style=\"font-size: 16px;\"><strong>\u00bfPuede un preparador de impuestos ahorrarme dinero?<\/strong><\/span><\/h2>\n<p><span style=\"font-size: 16px;\">Se sorprender\u00e1 de cu\u00e1nto dinero puede <a href=\"https:\/\/apc1040.com\/es\/servicios-de-impuestos-sobre-la-renta-kenmore-maximice-sus-ahorros-fiscales\/\">ahorrar al obtener un servicio de preparaci\u00f3n de impuestos<\/a>. Incluso si encuentra su software de preparaci\u00f3n de impuestos, todav\u00eda tiene que instalarlo y luego aprender a usarlo. \u00bfPor qu\u00e9 perder el tiempo aprendiendo a usar el software de preparaci\u00f3n de impuestos cuando puede tener un servicio de preparaci\u00f3n de impuestos que lo haga por usted?<\/span><\/p>\n<p><span style=\"font-size: 16px;\">Un preparador de impuestos puede ayudarlo a optimizar sus deducciones, cr\u00e9ditos fiscales y exenciones mediante la presentaci\u00f3n de sus <a href=\"https:\/\/apc1040.com\/income-tax-preparation-services-offer\/\">declaraciones de impuestos<\/a>. Quiere un preparador de impuestos en quien pueda confiar y que pueda brindarle informaci\u00f3n precisa para maximizar sus ahorros. Ese es el preparador de impuestos que le ahorrar\u00e1 dinero.<\/span><\/p>\n<h2><span style=\"font-size: 16px;\"><strong>\u00bfQu\u00e9 es un tramo impositivo?<\/strong><\/span><\/h2>\n<p><span style=\"font-size: 16px;\">En los Estados Unidos, el impuesto sobre la renta se calcula mediante un sistema fiscal progresivo, lo que significa que cuanto m\u00e1s ganes, mayor ser\u00e1 la tasa impositiva. Los tramos impositivos se utilizan para determinar qu\u00e9 tasa impositiva debe aplicarse a una cierta cantidad de ingresos.<\/span><\/p>\n<h2><span style=\"font-size: 16px;\"><strong>\u00bfCu\u00e1nto cuesta que alguien prepare sus impuestos?<\/strong><\/span><\/h2>\n<p><span style=\"font-size: 16px;\">En promedio, cuesta entre $150 y $450 tener a alguien que prepare sus impuestos. El costo del preparador de impuestos fluct\u00faa seg\u00fan la complejidad de su declaraci\u00f3n de impuestos, la cantidad de ayuda que necesita y el lugar donde vive.<\/span><\/p>\n<p><span style=\"font-size: 16px;\">Contratar a un profesional de impuestos puede ser una excelente manera de ahorrar tiempo y asegurarse de que sus impuestos se arreglen.e hecho correctamente. Sin embargo, es crucial comparar tarifas antes de seleccionar a alguien con quien trabajar. Puede contratar los servicios de <strong>Akron Income Tax Co<\/strong> para obtener su preparaci\u00f3n de impuestos por solo $130.<\/span><\/p>\n<h2><span style=\"font-size: 16px;\"><strong>\u00bfPago impuestos sobre la herencia?<\/strong><\/span><\/h2>\n<p><span style=\"font-size: 16px;\">Si hereda bienes familiares, como una casa o un autom\u00f3vil, no tiene que pagar ning\u00fan impuesto sobre estos bienes. A los ojos del IRS, todas las distribuciones de herencia son contables. Cualquier ingreso generado (ingresos de alquiler) despu\u00e9s de que se distribuya la herencia tambi\u00e9n puede estar sujeto a impuestos. Consulte con un servicio de preparaci\u00f3n de impuestos experimentado antes de la distribuci\u00f3n de activos, para que pueda tener una comprensi\u00f3n s\u00f3lida de c\u00f3mo la herencia afectar\u00e1 sus declaraciones de impuestos.<\/span><\/p>\n<h2><span style=\"font-size: 16px;\"><strong>\u00bfLa presentaci\u00f3n de una pr\u00f3rroga retrasa el pago al IRS?<\/strong><\/span><\/h2>\n<p><span style=\"font-size: 16px;\">No, no lo hace. Se le otorga autom\u00e1ticamente una extensi\u00f3n de 6 meses cuando solicita una extensi\u00f3n. Sin embargo, no le proporciona ning\u00fan tiempo adicional para pagar los impuestos que debe. Todav\u00eda tendr\u00e1 que pagar al menos el 90% de lo que debe el D\u00eda de Impuestos.<\/span><\/p>\n<h2><span style=\"font-size: 16px;\">\u00bfQu\u00e9 factores son importantes a considerar al seleccionar un <strong>servicio de preparaci\u00f3n de impuestos?<\/strong><\/span><\/h2>\n<p><span style=\"font-size: 16px;\">Es esencial elegir un servicio de preparaci\u00f3n de <a href=\"https:\/\/apc1040.com\/es\/preparacion-de-impuestos-para-personas-mayores\/\">impuestos adecuado para<\/a> usted, seg\u00fan sus necesidades y preferencias. Algunos servicios de preparaci\u00f3n de impuestos ofrecen asistencia en persona, mientras que otros solo brindan asistencia en l\u00ednea o digital. Al elegir un servicio de preparaci\u00f3n de impuestos. Aseg\u00farese de preguntar sobre los servicios que ofrecen. El costo de sus servicios y las garant\u00edas que pueden brindar. Adem\u00e1s, aseg\u00farese de leer las rese\u00f1as de clientes anteriores para tener una idea. De su experiencia trabajando con esa empresa en particular.<\/span><\/p>\n<p><span style=\"font-size: 16px;\">Espero que estas preguntas frecuentes sobre el servicio de impuestos te hayan ayudado. Si tiene otras preguntas, no dude en utilizar nuestro <a href=\"https:\/\/apc1040.com\/contact-akron-income-tax\/\">formulario de contacto<\/a> para hacerlas y las agregarlos a esta p\u00e1gina.<\/span><\/p>\n","protected":false},"excerpt":{"rendered":"<p>\u00bfQu\u00e9 es la preparaci\u00f3n de impuestos? La preparaci\u00f3n de impuestos es el proceso de recopilar y organizar informaci\u00f3n financiera, aplicar normas legales y preparar y presentar declaraciones de impuestos. Nuestras preguntas frecuentes sobre el servicio de impuestos pueden ayudarlo con las preguntas m\u00e1s frecuentes. El proceso de preparaci\u00f3n de la declaraci\u00f3n del impuesto sobre la&#8230;<\/p>\n","protected":false},"author":10,"featured_media":2553,"parent":0,"menu_order":0,"comment_status":"closed","ping_status":"closed","template":"","meta":{"_lmt_disableupdate":"no","_lmt_disable":"","_monsterinsights_skip_tracking":false,"_monsterinsights_sitenote_active":false,"_monsterinsights_sitenote_note":"","_monsterinsights_sitenote_category":0,"_uf_show_specific_survey":0,"_uf_disable_surveys":false,"footnotes":""},"class_list":["post-2932","page","type-page","status-publish","has-post-thumbnail","hentry"],"yoast_head":"<!-- This site is optimized with the Yoast SEO Premium plugin v27.3 (Yoast SEO v27.5) - https:\/\/yoast.com\/product\/yoast-seo-premium-wordpress\/ -->\n<title>Preguntas frecuentes del servicio de impuestos<\/title>\n<meta name=\"description\" content=\"Preguntas frecuentes del servicio de impuestos de Akron. Respuestas a sus preguntas m\u00e1s frecuentes sobre la presentaci\u00f3n adecuada para el IRS.\" \/>\n<meta name=\"robots\" content=\"index, follow, max-snippet:-1, max-image-preview:large, max-video-preview:-1\" \/>\n<link rel=\"canonical\" href=\"https:\/\/apc1040.com\/es\/preguntas-frecuentes-sobre-el-servicio-de-impuestos-preguntas-mas-frecuentes\/\" \/>\n<meta property=\"og:locale\" content=\"es_ES\" \/>\n<meta property=\"og:type\" content=\"article\" \/>\n<meta property=\"og:title\" content=\"Preguntas frecuentes sobre el servicio de impuestos preguntas m\u00e1s frecuentes\" \/>\n<meta property=\"og:description\" content=\"Preguntas frecuentes del servicio de impuestos de Akron. Respuestas a sus preguntas m\u00e1s frecuentes sobre la presentaci\u00f3n adecuada para el IRS.\" \/>\n<meta property=\"og:url\" content=\"https:\/\/apc1040.com\/es\/preguntas-frecuentes-sobre-el-servicio-de-impuestos-preguntas-mas-frecuentes\/\" \/>\n<meta property=\"og:site_name\" content=\"Akron Income Tax Preparation\" \/>\n<meta property=\"article:publisher\" content=\"https:\/\/www.facebook.com\/APC1040\" \/>\n<meta property=\"article:modified_time\" content=\"2024-12-02T19:49:21+00:00\" \/>\n<meta property=\"og:image\" content=\"https:\/\/apc1040.com\/wp-content\/uploads\/2022\/03\/question-mark-1872665__340-e1666338440523.jpg\" \/>\n\t<meta property=\"og:image:width\" content=\"577\" \/>\n\t<meta property=\"og:image:height\" content=\"339\" \/>\n\t<meta property=\"og:image:type\" content=\"image\/jpeg\" \/>\n<meta name=\"twitter:card\" content=\"summary_large_image\" \/>\n<meta name=\"twitter:label1\" content=\"Est. reading time\" \/>\n\t<meta name=\"twitter:data1\" content=\"6 minutes\" \/>\n<!-- \/ Yoast SEO Premium plugin. -->","yoast_head_json":{"title":"Preguntas frecuentes del servicio de impuestos","description":"Preguntas frecuentes del servicio de impuestos de Akron. Respuestas a sus preguntas m\u00e1s frecuentes sobre la presentaci\u00f3n adecuada para el IRS.","robots":{"index":"index","follow":"follow","max-snippet":"max-snippet:-1","max-image-preview":"max-image-preview:large","max-video-preview":"max-video-preview:-1"},"canonical":"https:\/\/apc1040.com\/es\/preguntas-frecuentes-sobre-el-servicio-de-impuestos-preguntas-mas-frecuentes\/","og_locale":"es_ES","og_type":"article","og_title":"Preguntas frecuentes sobre el servicio de impuestos preguntas m\u00e1s frecuentes","og_description":"Preguntas frecuentes del servicio de impuestos de Akron. Respuestas a sus preguntas m\u00e1s frecuentes sobre la presentaci\u00f3n adecuada para el IRS.","og_url":"https:\/\/apc1040.com\/es\/preguntas-frecuentes-sobre-el-servicio-de-impuestos-preguntas-mas-frecuentes\/","og_site_name":"Akron Income Tax Preparation","article_publisher":"https:\/\/www.facebook.com\/APC1040","article_modified_time":"2024-12-02T19:49:21+00:00","og_image":[{"width":577,"height":339,"url":"https:\/\/apc1040.com\/wp-content\/uploads\/2022\/03\/question-mark-1872665__340-e1666338440523.jpg","type":"image\/jpeg"}],"twitter_card":"summary_large_image","twitter_misc":{"Est. reading time":"6 minutes"},"schema":{"@context":"https:\/\/schema.org","@graph":[{"@type":"WebPage","@id":"https:\/\/apc1040.com\/es\/preguntas-frecuentes-sobre-el-servicio-de-impuestos-preguntas-mas-frecuentes\/","url":"https:\/\/apc1040.com\/es\/preguntas-frecuentes-sobre-el-servicio-de-impuestos-preguntas-mas-frecuentes\/","name":"Preguntas frecuentes del servicio de impuestos","isPartOf":{"@id":"https:\/\/apc1040.com\/es\/#website"},"primaryImageOfPage":{"@id":"https:\/\/apc1040.com\/es\/preguntas-frecuentes-sobre-el-servicio-de-impuestos-preguntas-mas-frecuentes\/#primaryimage"},"image":{"@id":"https:\/\/apc1040.com\/es\/preguntas-frecuentes-sobre-el-servicio-de-impuestos-preguntas-mas-frecuentes\/#primaryimage"},"thumbnailUrl":"https:\/\/apc1040.com\/wp-content\/uploads\/2022\/03\/question-mark-1872665__340-e1666338440523.jpg","datePublished":"2022-02-09T18:11:51+00:00","dateModified":"2024-12-02T19:49:21+00:00","description":"Preguntas frecuentes del servicio de impuestos de Akron. Respuestas a sus preguntas m\u00e1s frecuentes sobre la presentaci\u00f3n adecuada para el IRS.","breadcrumb":{"@id":"https:\/\/apc1040.com\/es\/preguntas-frecuentes-sobre-el-servicio-de-impuestos-preguntas-mas-frecuentes\/#breadcrumb"},"inLanguage":"es","potentialAction":[{"@type":"ReadAction","target":["https:\/\/apc1040.com\/es\/preguntas-frecuentes-sobre-el-servicio-de-impuestos-preguntas-mas-frecuentes\/"]}]},{"@type":"ImageObject","inLanguage":"es","@id":"https:\/\/apc1040.com\/es\/preguntas-frecuentes-sobre-el-servicio-de-impuestos-preguntas-mas-frecuentes\/#primaryimage","url":"https:\/\/apc1040.com\/wp-content\/uploads\/2022\/03\/question-mark-1872665__340-e1666338440523.jpg","contentUrl":"https:\/\/apc1040.com\/wp-content\/uploads\/2022\/03\/question-mark-1872665__340-e1666338440523.jpg","width":577,"height":339,"caption":"question mark 1872665 340"},{"@type":"BreadcrumbList","@id":"https:\/\/apc1040.com\/es\/preguntas-frecuentes-sobre-el-servicio-de-impuestos-preguntas-mas-frecuentes\/#breadcrumb","itemListElement":[{"@type":"ListItem","position":1,"name":"Home","item":"https:\/\/apc1040.com\/es\/"},{"@type":"ListItem","position":2,"name":"Preguntas frecuentes sobre el servicio de impuestos preguntas m\u00e1s frecuentes"}]},{"@type":"WebSite","@id":"https:\/\/apc1040.com\/es\/#website","url":"https:\/\/apc1040.com\/es\/","name":"Akron Income Tax Preparation","description":"Income Tax Preparation Service","publisher":{"@id":"https:\/\/apc1040.com\/es\/#organization"},"potentialAction":[{"@type":"SearchAction","target":{"@type":"EntryPoint","urlTemplate":"https:\/\/apc1040.com\/es\/?s={search_term_string}"},"query-input":{"@type":"PropertyValueSpecification","valueRequired":true,"valueName":"search_term_string"}}],"inLanguage":"es"},{"@type":"Organization","@id":"https:\/\/apc1040.com\/es\/#organization","name":"Akron Income Tax Co","url":"https:\/\/apc1040.com\/es\/","logo":{"@type":"ImageObject","inLanguage":"es","@id":"https:\/\/apc1040.com\/es\/#\/schema\/logo\/image\/","url":"https:\/\/apc1040.com\/wp-content\/uploads\/2024\/11\/income-tax-service-akron.jpg","contentUrl":"https:\/\/apc1040.com\/wp-content\/uploads\/2024\/11\/income-tax-service-akron.jpg","width":800,"height":745,"caption":"Akron Income Tax Co"},"image":{"@id":"https:\/\/apc1040.com\/es\/#\/schema\/logo\/image\/"},"sameAs":["https:\/\/www.facebook.com\/APC1040"]}]}},"amp_enabled":true,"_links":{"self":[{"href":"https:\/\/apc1040.com\/es\/wp-json\/wp\/v2\/pages\/2932","targetHints":{"allow":["GET"]}}],"collection":[{"href":"https:\/\/apc1040.com\/es\/wp-json\/wp\/v2\/pages"}],"about":[{"href":"https:\/\/apc1040.com\/es\/wp-json\/wp\/v2\/types\/page"}],"author":[{"embeddable":true,"href":"https:\/\/apc1040.com\/es\/wp-json\/wp\/v2\/users\/10"}],"replies":[{"embeddable":true,"href":"https:\/\/apc1040.com\/es\/wp-json\/wp\/v2\/comments?post=2932"}],"version-history":[{"count":1,"href":"https:\/\/apc1040.com\/es\/wp-json\/wp\/v2\/pages\/2932\/revisions"}],"predecessor-version":[{"id":10005,"href":"https:\/\/apc1040.com\/es\/wp-json\/wp\/v2\/pages\/2932\/revisions\/10005"}],"wp:featuredmedia":[{"embeddable":true,"href":"https:\/\/apc1040.com\/es\/wp-json\/wp\/v2\/media\/2553"}],"wp:attachment":[{"href":"https:\/\/apc1040.com\/es\/wp-json\/wp\/v2\/media?parent=2932"}],"curies":[{"name":"wp","href":"https:\/\/api.w.org\/{rel}","templated":true}]}}