{"id":2930,"date":"2022-03-09T20:30:47","date_gmt":"2022-03-10T01:30:47","guid":{"rendered":"https:\/\/apc1040.com\/?page_id=2930"},"modified":"2024-05-13T08:33:56","modified_gmt":"2024-05-13T12:33:56","slug":"impuestos-sobre-la-propiedad-de-alquiler","status":"publish","type":"page","link":"https:\/\/apc1040.com\/es\/impuestos-sobre-la-propiedad-de-alquiler\/","title":{"rendered":"Impuestos sobre la propiedad de alquiler"},"content":{"rendered":"<section class=\"l-section wpb_row height_small\"><div class=\"l-section-h i-cf\"><div class=\"g-cols vc_row via_flex valign_top type_default stacking_default\"><div class=\"vc_col-sm-12 wpb_column vc_column_container\"><div class=\"vc_column-inner\"><div class=\"wpb_wrapper\"><div class=\"wpb_text_column\"><div class=\"wpb_wrapper\"><h2>C\u00f3mo se gravan los ingresos de la propiedad de alquiler<\/h2>\n<\/div><\/div><div class=\"w-image us_custom_b796d98a has_height align_none\"><div class=\"w-image-h\"><img decoding=\"async\" width=\"300\" height=\"200\" src=\"https:\/\/apc1040.com\/wp-content\/uploads\/2022\/03\/calculator-1680905_960_720-300x200.webp\" class=\"attachment-medium size-medium\" alt=\"calculator 1680905 960 720\" loading=\"lazy\" srcset=\"https:\/\/apc1040.com\/wp-content\/uploads\/2022\/03\/calculator-1680905_960_720-300x200.webp 300w, https:\/\/apc1040.com\/wp-content\/uploads\/2022\/03\/calculator-1680905_960_720.webp 960w\" sizes=\"auto, (max-width: 300px) 100vw, 300px\" \/><\/div><\/div><div class=\"wpb_text_column\"><div class=\"wpb_wrapper\"><p>Comprender c\u00f3mo se aplican los impuestos sobre la propiedad de alquiler a los ingresos por alquiler puede ser un desaf\u00edo si posee propiedades de alquiler. En pocas palabras, todos los ingresos por alquiler deben declararse en su <a href=\"https:\/\/apc1040.com\/es\/lista-de-nuestros-servicios\/servicios-de-preparacion-de-la-declaracion-de-la-renta\/\">declaraci\u00f3n de impuestos<\/a>, y en la mayor\u00eda casos, se pueden deducir los gastos asociados.<\/p>\n<p>Es fundamental comprender c\u00f3mo funciona la declaraci\u00f3n de impuestos inmobiliarios, ya sea que ya sea propietario de una propiedad de alquiler o est\u00e9 considerando realizar su primera inversi\u00f3n. Despu\u00e9s de todo, los impuestos pueden ser la diferencia entre una propiedad de alquiler rentable y una que pierde dinero. Los propietarios de propiedades de <a href=\"https:\/\/apc1040.com\/es\/como-evitar-problemas-de-impuestos-del-irs-alquilando-a-su-familia-o-amigos\/\">alquiler deben conocer dos tipos de impuestos<\/a>: los que se aplican a sus ingresos por alquiler y los que se aplican a la eventual venta de su propiedad.<\/p>\n<p>Los <a href=\"https:\/\/apc1040.com\/es\/impuestos-facil\/otra-informacion-importante\/impuesto-sobre-la-renta-sin-estres\/\">impuestos sobre la renta<\/a> de alquiler funcionan de manera diferente a los impuestos sobre la propiedad ocupada por el propietario, pero en formas que pueden beneficiar a los inversionistas de bienes ra\u00edces. Inversores inmobiliarios deben, como regla general, declarar la mayor parte de sus ingresos y costos que legalmente puedan. Aunque esta forma de preparaci\u00f3n de impuestos parece confusa, se entiende mucho m\u00e1s f\u00e1cilmente cuando se divide en paquetes de informaci\u00f3n m\u00e1s digeribles. Esto es lo que necesita saber cuando reci\u00e9n est\u00e1 comenzando.<\/p>\n<h2>\u00bfQu\u00e9 califica como ingreso por alquiler?<\/h2>\n<p>Esta pregunta puede parecer que tiene una respuesta simple. Sin embargo, lo \u00faltimo que desea hacer al presentar una declaraci\u00f3n de impuestos sobre la renta de alquileres es reclamar m\u00e1s o menos de la cantidad correcta.<\/p>\n<p>Los ingresos por alquiler est\u00e1n sujetos a impuestos si alquila su propiedad y recibe efectivo o el valor justo de mercado de art\u00edculos o servicios a cambio del uso de bienes inmuebles o bienes personales. La mayor\u00eda de los propietarios de propiedades de alquiler compran alquileres por un ingreso adicional, lo que implica que tratan los ingresos por alquiler como ingresos cuando los obtienen y restan los gastos cuando los pagan y esperan obtener una ganancia.<\/p>\n<h3>Los siguientes elementos constituyen los ingresos por alquiler:<\/h3>\n<ul>\n<li>Pago de alquiler regular<\/li>\n<li>Alquiler pagado por adelantado<\/li>\n<li>Pagos realizados por un arrendamiento rescindido<\/li>\n<\/ul>\n<p>Si el contribuyente tiene la intenci\u00f3n de devolver el dep\u00f3sito de seguridad al inquilino al final del contrato de arrendamiento, normalmente se excluye de los ingresos por alquiler. Sin embargo, si el contribuyente retiene parte o la totalidad del dep\u00f3sito durante cualquier a\u00f1o debido a que el arrendatario no cumple con los t\u00e9rminos del arrendamiento, la cantidad retenida se incluye como ingreso por alquiler para ese a\u00f1o.<\/p>\n<h3>Tenga en cuenta estos sucesos menos comunes&#8230;<\/h3>\n<p>Si el inquilino cubre los gastos, la cantidad pagada por un inquilino por cualquiera de sus gastos que est\u00e9 a su nombre se incluye en sus ingresos por alquiler. Por ejemplo, suponga que un arrendatario paga la factura de agua y alcantarillado de la propiedad de alquiler, que excluye del pago del alquiler. La cantidad pagada por el arrendatario por gastos califica como renta de alquiler. Todav\u00eda puede deducir el costo, pero si el alquiler paga el pago de su hipoteca&#8230; el pago total es ingreso, y solo puede deducir los intereses o los impuestos inmobiliarios si est\u00e1n incluidos en su pago.<\/p>\n<p>Si recibe bienes o servicios en lugar de un pago de alquiler en efectivo, debe contarse como ingreso de alquiler. Por ejemplo, suponga que su inquilino es un pintor que se ofrece a pintar su alquiler a cambio de dos meses de alquiler. Los ingresos por alquiler son la cantidad que el inquilino habr\u00eda pagado por esos dos meses.<\/p>\n<p>Incluso con contratos de arrendamiento con opci\u00f3n a compra, los pagos deben declararse como ingresos por alquiler. Si su inquilino tiene la oportunidad de comprar la propiedad bajo el contrato de alquiler, los pagos que recibe se consideran ingresos. Cualquier inter\u00e9s parcial en una propiedad de alquiler requiere que usted divulgue su parte de los ingresos por alquiler de su parte de una propiedad de alquiler.<\/p>\n<h2>\u00bfQu\u00e9 son las deducciones de gastos de alquiler?<\/h2>\n<p>Al igual que las declaraciones ordinarias de impuestos sobre la renta, los impuestos sobre la renta de alquiler siguen una estructura de ingresos menos gastos similar a la de los ingresos regulares. Por lo tanto, puede reducirlo deduciendo los costos permitidos, reduciendo efectivamente su factura de impuestos. Por ejemplo, como propietario de una propiedad de alquiler, normalmente puede deducir sus gastos de mantenimiento y administraci\u00f3n de la propiedad, incluidos los pagos por:<\/p>\n<ul>\n<li>Publicidad<\/li>\n<li>Gastos de transporte y alojamiento (relacionados con la administraci\u00f3n de la propiedad)<\/li>\n<li>Mantenimiento y limpieza<\/li>\n<li>Deudas a una asociaci\u00f3n de propietarios (HOA)<\/li>\n<li>Seguros<\/li>\n<li>Honorarios por servicios legales y profesionales<\/li>\n<li>Inter\u00e9s de una hipoteca<\/li>\n<li>Gesti\u00f3n de bienes inmuebles por un tercero<\/li>\n<li>Impuestos a la propiedad<\/li>\n<li>Servicios como servicios p\u00fablicos, control de plagas y otros<\/li>\n<\/ul>\n<p>Estas deducciones generalmente se toman en el mismo a\u00f1o en que se gasta el dinero. Tambi\u00e9n puede deducir los gastos de compra y desarrollo de su propiedad de alquiler, aunque las reglas son un poco diferentes all\u00ed. En lugar de reclamar una deducci\u00f3n significativa de una sola vez, la depreciaci\u00f3n le permite recuperar estos gastos.<\/p>\n<h2>Comprensi\u00f3n de la depreciaci\u00f3n<\/h2>\n<p>Uno de los beneficios <a href=\"https:\/\/apc1040.com\/es\/servicios-de-impuestos-sobre-la-renta-kenmore-maximice-sus-ahorros-fiscales\/\">fiscales m\u00e1s importantes con respecto a los impuestos<\/a> sobre la renta de alquileres es la depreciaci\u00f3n. Permite deducir los gastos de compra y mejora de un inmueble en alquiler a lo largo de su vida \u00fatil, disminuyeing su ingreso imponible.<\/p>\n<p>La depreciaci\u00f3n es un m\u00e9todo para que los inversores inmobiliarios recuperen el costo inicial. De su propiedad a lo largo del tiempo deduci\u00e9ndolo de su impuesto sobre la renta anual. Esta asignaci\u00f3n por depreciaci\u00f3n se basa. En la premisa de que el valor de una propiedad se deprecia con el tiempo atribuible al desgaste, degradaci\u00f3n u obsolescencia.<\/p>\n<p>Una propiedad de alquiler residencial se deprecia en el transcurso de 27,5 a\u00f1os, o 3,636 por ciento por a\u00f1o. Omitiendo el valor del lote o terreno, que no se deprecia porque el terreno no se desgasta.<\/p>\n<p>Si no est\u00e1 seguro de si sus ingresos por alquiler incluyen la depreciaci\u00f3n, considere estos factores determinados por el IRS con respecto a la depreciaci\u00f3n:<\/p>\n<ul>\n<li>Eres due\u00f1o de la propiedad. En lo que respecta al IRS, usted es el propietario incluso si la propiedad est\u00e1 sujeta a una deuda.<\/li>\n<li>Utiliza la propiedad en su negocio o como una actividad generadora de ingresos.<\/li>\n<li>La propiedad tiene una vida \u00fatil determinable. Lo que significa que es algo que se desgasta, se deteriora, se agota. Se vuelve obsoleto o pierde su valor por causas naturales.<\/li>\n<li>Se espera que la propiedad dure al menos un a\u00f1o<\/li>\n<\/ul>\n<h2>Declaraci\u00f3n de ingresos por alquiler<\/h2>\n<p>Los propietarios deben presentar <a href=\"https:\/\/apc1040.com\/1040-tax-return\/\">Declaraci\u00f3n de impuestos 1040<\/a> y un Anexo. E para sus impuestos sobre la renta de alquiler. El formulario b\u00e1sico de impuestos sobre la renta. Que debe presentar cualquier persona que pague <a href=\"https:\/\/apc1040.com\/es\/declaracion-de-impuestos-federales-sobre-la-renta\/\">impuestos federales<\/a> es el Formulario 1040. Requiere que los contribuyentes proporcionen informaci\u00f3n personal. Como n\u00fameros de seguro social y el n\u00famero de dependientes. Los propietarios de alquileres tambi\u00e9n deber\u00e1n completar el Formulario Anexo E y un anexo de depreciaci\u00f3n 4562 para declarar su actividad de alquiler.<\/p>\n<p>Al determinar c\u00f3mo se gravan los ingresos por alquiler. El formulario del Anexo E es fundamental. Este documento detallar\u00e1 todos los ingresos, gastos y depreciaci\u00f3n. De cada propiedad de inversi\u00f3n. Con base en la cantidad de propiedades que poseen y operan; los inversores pueden necesitar presentar m\u00faltiples formularios del Anexo E. Sin embargo, es crucial tener en cuenta. Que incluso si completa muchos formularios del Anexo E, solo debe registrar los &#8220;totales&#8221; en una p\u00e1gina. Recopilar todos sus datos puede ser una verdadera tarea, tenemos un <a href=\"https:\/\/apc1040.com\/basic-tax-prep-forms\/\">Formulario de informaci\u00f3n de alquiler<\/a> para ayudarlo.<\/p>\n<p>Los inversores deben mantener registros exactos. De costos e ingresos durante todo el a\u00f1o para garantizar un proceso de declaraci\u00f3n de impuestos simple. Adem\u00e1s, es una buena idea realizar un seguimiento de los cheques de alquiler, los recibos de la empresa y cualquier otro documento relacionado con posibles deducciones. Finalmente, al informar los ingresos por alquiler, siempre verifique dos veces la informaci\u00f3n provista. Al presentar documentos, generalmente es una buena idea ser lo m\u00e1s cauteloso posible.<\/p>\n<h2>Impuestos sobre la renta de alquiler al vender una propiedad<\/h2>\n<p>Se deben considerar las ramificaciones fiscales. De vender su propiedad de alquiler. Las ganancias de capital a largo plazo se gravar\u00e1n. Sobre las ganancias obtenidas en la venta de una propiedad de alquiler. Como resultado. La cantidad de dinero que tendr\u00e1 que pagar diferir\u00e1 seg\u00fan la cantidad de dinero que haya ganado. Este impuesto se aplica solo si ha sido propietario de la propiedad durante m\u00e1s de un a\u00f1o. Que es el caso de la mayor\u00eda de las propiedades de alquiler.<\/p>\n<p>Adem\u00e1s, tenga en cuenta que existe un impuesto. De recuperaci\u00f3n de la depreciaci\u00f3n. Es posible que se haya beneficiado de la depreciaci\u00f3n de la propiedad. Lo que reduce los ingresos imponibles del alquiler mientras mantiene una propiedad de alquiler. Sin embargo, deber\u00e1 impuestos sobre el valor total de los cargos. De depreciaci\u00f3n reclamados por el curso de su posesi\u00f3n de la propiedad.<\/p>\n<p>El <a href=\"https:\/\/apc1040.com\/es\/deducciones-fiscales-viajes-y-entretenimiento\/\">IRS notar\u00e1 las deducciones<\/a> por depreciaci\u00f3n que tom\u00f3. Cuando vendi\u00f3 su propiedad de alquiler. Y querr\u00e1 que le devuelvan parte de ese dinero. Recuperaci\u00f3n de la depreciaci\u00f3n es. Lo que se llama, y \u200b\u200bpodr\u00eda ser un golpe costoso para los propietarios desprevenidos. Cuanto m\u00e1s tiempo sea propietario de la propiedad. M\u00e1s depreciaci\u00f3n habr\u00e1 utilizado.<\/p>\n<h2>Reflexiones finales<\/h2>\n<figure id=\"attachment_2569\" aria-describedby=\"caption-attachment-2569\" style=\"width: 300px\" class=\"wp-caption alignnone\"><img decoding=\"async\" class=\"wp-image-2569 size-medium\" title=\"Impuestos sobre la propiedad\" src=\"https:\/\/apc1040.com\/wp-content\/uploads\/2022\/06\/istockphoto-1128492906-170667a-300x200.jpg\" alt=\"Impuestos sobre la propiedad\" width=\"300\" height=\"200\" srcset=\"https:\/\/apc1040.com\/wp-content\/uploads\/2022\/06\/istockphoto-1128492906-170667a-300x200.jpg 300w, https:\/\/apc1040.com\/wp-content\/uploads\/2022\/06\/istockphoto-1128492906-170667a.jpg 509w\" sizes=\"(max-width: 300px) 100vw, 300px\" \/><figcaption id=\"caption-attachment-2569\" class=\"wp-caption-text\">Impuestos sobre la propiedad<\/figcaption><\/figure>\n<p>&nbsp;<\/p>\n<p>Los alquileres de bienes ra\u00edces son una forma. Com\u00fan para que los inversores ingresen al mercado. Puede ganar dinero como propietario de una propiedad de alquiler mediante. El cobro de alquileres y la apreciaci\u00f3n de su propiedad. Si bien tendr\u00e1 que pagar impuestos sobre los ingresos generados por su propiedad de alquiler. Puede reducir sus ingresos y, por lo tanto, su carga fiscal. Aprovechando varias deducciones.<\/p>\n<p>Los impuestos pueden tener un gran impacto. En su situaci\u00f3n financiera. Trabajar con un especialista en impuestos. Capacitado puede ayudarlo a garantizar que conozca las reglas y que. Las implemente de la manera m\u00e1s ventajosa posible para sus circunstancias.<\/p>\n<p>Al comenzar el proceso de impuestos sobre la renta de alquiler. Es incre\u00edblemente f\u00e1cil sentirse abrumado o cometer un error. Lo que puede generar multas, auditor\u00edas y posiblemente cargos. Para aquellos que son nuevos en esta. Empresa comercial y manejan los ingresos por alquiler, puede ser mejor. Contratar a un especialista en impuestos que pueda guiarlo a trav\u00e9s del proceso. De presentaci\u00f3n y garantizar que toda la informaci\u00f3n enviada sea precisa.<\/p>\n<\/div><\/div><\/div><\/div><\/div><\/div><\/div><\/section>\n","protected":false},"excerpt":{"rendered":"C\u00f3mo se gravan los ingresos de la propiedad de alquiler Comprender c\u00f3mo se aplican los impuestos sobre la propiedad de alquiler a los ingresos por alquiler puede ser un desaf\u00edo si posee propiedades de alquiler. En pocas palabras, todos los ingresos por alquiler deben declararse en su declaraci\u00f3n de impuestos, y en la mayor\u00eda casos,...","protected":false},"author":10,"featured_media":3163,"parent":0,"menu_order":0,"comment_status":"closed","ping_status":"closed","template":"","meta":{"_lmt_disableupdate":"no","_lmt_disable":"","_monsterinsights_skip_tracking":false,"_monsterinsights_sitenote_active":false,"_monsterinsights_sitenote_note":"","_monsterinsights_sitenote_category":0,"_uf_show_specific_survey":0,"_uf_disable_surveys":false,"footnotes":""},"class_list":["post-2930","page","type-page","status-publish","has-post-thumbnail","hentry"],"yoast_head":"<!-- This site is optimized with the Yoast SEO Premium plugin v27.3 (Yoast SEO v27.4) - https:\/\/yoast.com\/product\/yoast-seo-premium-wordpress\/ -->\n<title>Comprensi\u00f3n de los impuestos sobre la propiedad de alquiler<\/title>\n<meta name=\"description\" content=\"Impuestos sobre la propiedad: C\u00f3mo funciona la propiedad de alquiler de bienes ra\u00edces en su declaraci\u00f3n de impuestos del IRS.\" \/>\n<meta name=\"robots\" content=\"index, follow, max-snippet:-1, max-image-preview:large, max-video-preview:-1\" \/>\n<link rel=\"canonical\" href=\"https:\/\/apc1040.com\/es\/impuestos-sobre-la-propiedad-de-alquiler\/\" \/>\n<meta property=\"og:locale\" content=\"es_ES\" \/>\n<meta property=\"og:type\" content=\"article\" \/>\n<meta property=\"og:title\" content=\"Impuestos sobre la propiedad de alquiler\" \/>\n<meta property=\"og:description\" content=\"Impuestos sobre la propiedad: C\u00f3mo funciona la propiedad de alquiler de bienes ra\u00edces en su declaraci\u00f3n de impuestos del IRS.\" \/>\n<meta property=\"og:url\" content=\"https:\/\/apc1040.com\/es\/impuestos-sobre-la-propiedad-de-alquiler\/\" \/>\n<meta property=\"og:site_name\" content=\"Akron Income Tax Preparation\" \/>\n<meta property=\"article:publisher\" content=\"https:\/\/www.facebook.com\/APC1040\" \/>\n<meta property=\"article:modified_time\" content=\"2024-05-13T12:33:56+00:00\" \/>\n<meta property=\"og:image\" content=\"https:\/\/apc1040.com\/wp-content\/uploads\/2022\/10\/taxformTAXES.jpg\" \/>\n\t<meta property=\"og:image:width\" content=\"1125\" \/>\n\t<meta property=\"og:image:height\" content=\"750\" \/>\n\t<meta property=\"og:image:type\" content=\"image\/jpeg\" \/>\n<meta name=\"twitter:card\" content=\"summary_large_image\" \/>\n<meta name=\"twitter:label1\" content=\"Est. reading time\" \/>\n\t<meta name=\"twitter:data1\" content=\"9 minutes\" \/>\n<!-- \/ Yoast SEO Premium plugin. -->","yoast_head_json":{"title":"Comprensi\u00f3n de los impuestos sobre la propiedad de alquiler","description":"Impuestos sobre la propiedad: C\u00f3mo funciona la propiedad de alquiler de bienes ra\u00edces en su declaraci\u00f3n de impuestos del IRS.","robots":{"index":"index","follow":"follow","max-snippet":"max-snippet:-1","max-image-preview":"max-image-preview:large","max-video-preview":"max-video-preview:-1"},"canonical":"https:\/\/apc1040.com\/es\/impuestos-sobre-la-propiedad-de-alquiler\/","og_locale":"es_ES","og_type":"article","og_title":"Impuestos sobre la propiedad de alquiler","og_description":"Impuestos sobre la propiedad: C\u00f3mo funciona la propiedad de alquiler de bienes ra\u00edces en su declaraci\u00f3n de impuestos del IRS.","og_url":"https:\/\/apc1040.com\/es\/impuestos-sobre-la-propiedad-de-alquiler\/","og_site_name":"Akron Income Tax Preparation","article_publisher":"https:\/\/www.facebook.com\/APC1040","article_modified_time":"2024-05-13T12:33:56+00:00","og_image":[{"width":1125,"height":750,"url":"https:\/\/apc1040.com\/wp-content\/uploads\/2022\/10\/taxformTAXES.jpg","type":"image\/jpeg"}],"twitter_card":"summary_large_image","twitter_misc":{"Est. reading time":"9 minutes"},"schema":{"@context":"https:\/\/schema.org","@graph":[{"@type":"WebPage","@id":"https:\/\/apc1040.com\/es\/impuestos-sobre-la-propiedad-de-alquiler\/","url":"https:\/\/apc1040.com\/es\/impuestos-sobre-la-propiedad-de-alquiler\/","name":"Comprensi\u00f3n de los impuestos sobre la propiedad de alquiler","isPartOf":{"@id":"https:\/\/apc1040.com\/es\/#website"},"primaryImageOfPage":{"@id":"https:\/\/apc1040.com\/es\/impuestos-sobre-la-propiedad-de-alquiler\/#primaryimage"},"image":{"@id":"https:\/\/apc1040.com\/es\/impuestos-sobre-la-propiedad-de-alquiler\/#primaryimage"},"thumbnailUrl":"https:\/\/apc1040.com\/wp-content\/uploads\/2022\/10\/taxformTAXES.jpg","datePublished":"2022-03-10T01:30:47+00:00","dateModified":"2024-05-13T12:33:56+00:00","description":"Impuestos sobre la propiedad: C\u00f3mo funciona la propiedad de alquiler de bienes ra\u00edces en su declaraci\u00f3n de impuestos del IRS.","breadcrumb":{"@id":"https:\/\/apc1040.com\/es\/impuestos-sobre-la-propiedad-de-alquiler\/#breadcrumb"},"inLanguage":"es","potentialAction":[{"@type":"ReadAction","target":["https:\/\/apc1040.com\/es\/impuestos-sobre-la-propiedad-de-alquiler\/"]}]},{"@type":"ImageObject","inLanguage":"es","@id":"https:\/\/apc1040.com\/es\/impuestos-sobre-la-propiedad-de-alquiler\/#primaryimage","url":"https:\/\/apc1040.com\/wp-content\/uploads\/2022\/10\/taxformTAXES.jpg","contentUrl":"https:\/\/apc1040.com\/wp-content\/uploads\/2022\/10\/taxformTAXES.jpg","width":1125,"height":750,"caption":"tax return preparation"},{"@type":"BreadcrumbList","@id":"https:\/\/apc1040.com\/es\/impuestos-sobre-la-propiedad-de-alquiler\/#breadcrumb","itemListElement":[{"@type":"ListItem","position":1,"name":"Home","item":"https:\/\/apc1040.com\/es\/"},{"@type":"ListItem","position":2,"name":"Impuestos sobre la propiedad de alquiler"}]},{"@type":"WebSite","@id":"https:\/\/apc1040.com\/es\/#website","url":"https:\/\/apc1040.com\/es\/","name":"Akron Income Tax Preparation","description":"Income Tax Preparation Service","publisher":{"@id":"https:\/\/apc1040.com\/es\/#organization"},"potentialAction":[{"@type":"SearchAction","target":{"@type":"EntryPoint","urlTemplate":"https:\/\/apc1040.com\/es\/?s={search_term_string}"},"query-input":{"@type":"PropertyValueSpecification","valueRequired":true,"valueName":"search_term_string"}}],"inLanguage":"es"},{"@type":"Organization","@id":"https:\/\/apc1040.com\/es\/#organization","name":"Akron Income Tax Co","url":"https:\/\/apc1040.com\/es\/","logo":{"@type":"ImageObject","inLanguage":"es","@id":"https:\/\/apc1040.com\/es\/#\/schema\/logo\/image\/","url":"https:\/\/apc1040.com\/wp-content\/uploads\/2024\/11\/income-tax-service-akron.jpg","contentUrl":"https:\/\/apc1040.com\/wp-content\/uploads\/2024\/11\/income-tax-service-akron.jpg","width":800,"height":745,"caption":"Akron Income Tax Co"},"image":{"@id":"https:\/\/apc1040.com\/es\/#\/schema\/logo\/image\/"},"sameAs":["https:\/\/www.facebook.com\/APC1040"]}]}},"amp_enabled":true,"_links":{"self":[{"href":"https:\/\/apc1040.com\/es\/wp-json\/wp\/v2\/pages\/2930","targetHints":{"allow":["GET"]}}],"collection":[{"href":"https:\/\/apc1040.com\/es\/wp-json\/wp\/v2\/pages"}],"about":[{"href":"https:\/\/apc1040.com\/es\/wp-json\/wp\/v2\/types\/page"}],"author":[{"embeddable":true,"href":"https:\/\/apc1040.com\/es\/wp-json\/wp\/v2\/users\/10"}],"replies":[{"embeddable":true,"href":"https:\/\/apc1040.com\/es\/wp-json\/wp\/v2\/comments?post=2930"}],"version-history":[{"count":0,"href":"https:\/\/apc1040.com\/es\/wp-json\/wp\/v2\/pages\/2930\/revisions"}],"wp:featuredmedia":[{"embeddable":true,"href":"https:\/\/apc1040.com\/es\/wp-json\/wp\/v2\/media\/3163"}],"wp:attachment":[{"href":"https:\/\/apc1040.com\/es\/wp-json\/wp\/v2\/media?parent=2930"}],"curies":[{"name":"wp","href":"https:\/\/api.w.org\/{rel}","templated":true}]}}