{"id":2928,"date":"2022-06-29T13:54:29","date_gmt":"2022-06-29T17:54:29","guid":{"rendered":"https:\/\/apc1040.com\/?page_id=2928"},"modified":"2023-08-01T23:09:56","modified_gmt":"2023-08-02T03:09:56","slug":"gracias","status":"publish","type":"page","link":"https:\/\/apc1040.com\/es\/gracias\/","title":{"rendered":"Gracias"},"content":{"rendered":"<h2><span style=\"font-size: 16px;\">Gracias por su negocio.<\/span><\/h2>\n<p><span style=\"font-size: 16px;\">Recibir\u00e1s 2 correos electr\u00f3nicos. El primer correo electr\u00f3nico ser\u00e1 una copia de la informaci\u00f3n fiscal que nos ha proporcionado. El segundo correo electr\u00f3nico provendr\u00e1 de nuestro portal Verifyle que proporciona un buz\u00f3n seguro para que cargue sus documentos. Le enviaremos el correo electr\u00f3nico de Verifyle despu\u00e9s de que hayamos revisado su informaci\u00f3n fiscal; es posible que tardemos un poco en responder en funci\u00f3n de las horas de trabajo activas.<\/span><\/p>\n<p><span style=\"font-size: 16px;\"><a href=\"https:\/\/apc1040.com\/thank-you\/\">Gracias de nuevo<\/a>.<\/span><\/p>\n","protected":false},"excerpt":{"rendered":"<p>Gracias por su negocio. Recibir\u00e1s 2 correos electr\u00f3nicos. El primer correo electr\u00f3nico ser\u00e1 una copia de la informaci\u00f3n fiscal que nos ha proporcionado. El segundo correo electr\u00f3nico provendr\u00e1 de nuestro portal Verifyle que proporciona un buz\u00f3n seguro para que cargue sus documentos. Le enviaremos el correo electr\u00f3nico de Verifyle despu\u00e9s de que hayamos revisado su&#8230;<\/p>\n","protected":false},"author":10,"featured_media":0,"parent":0,"menu_order":0,"comment_status":"closed","ping_status":"closed","template":"","meta":{"_lmt_disableupdate":"no","_lmt_disable":"","_monsterinsights_skip_tracking":false,"_monsterinsights_sitenote_active":false,"_monsterinsights_sitenote_note":"","_monsterinsights_sitenote_category":0,"_uf_show_specific_survey":0,"_uf_disable_surveys":false,"footnotes":""},"class_list":["post-2928","page","type-page","status-publish","hentry"],"yoast_head":"<!-- This site is optimized with the Yoast SEO Premium plugin v27.3 (Yoast SEO v27.4) - https:\/\/yoast.com\/product\/yoast-seo-premium-wordpress\/ -->\n<title>Gracias | Akron Income Tax Preparation<\/title>\n<meta name=\"description\" content=\"Gracias por su negocio.Recibir\u00e1s 2 correos electr\u00f3nicos. El primer correo electr\u00f3nico ser\u00e1 una copia de la informaci\u00f3n fiscal que nos\" \/>\n<meta name=\"robots\" content=\"noindex, nofollow\" \/>\n<meta property=\"og:locale\" content=\"es_ES\" \/>\n<meta property=\"og:type\" content=\"article\" \/>\n<meta property=\"og:title\" content=\"Gracias\" \/>\n<meta property=\"og:description\" content=\"Gracias por su negocio.Recibir\u00e1s 2 correos electr\u00f3nicos. El primer correo electr\u00f3nico ser\u00e1 una copia de la informaci\u00f3n fiscal que nos\" \/>\n<meta property=\"og:url\" content=\"https:\/\/apc1040.com\/es\/gracias\/\" \/>\n<meta property=\"og:site_name\" content=\"Akron Income Tax Preparation\" \/>\n<meta property=\"article:publisher\" content=\"https:\/\/www.facebook.com\/APC1040\" \/>\n<meta property=\"article:modified_time\" content=\"2023-08-02T03:09:56+00:00\" \/>\n<meta property=\"og:image\" content=\"https:\/\/apc1040.com\/wp-content\/uploads\/2024\/02\/Office-Pic-no-prices.jpg\" \/>\n\t<meta property=\"og:image:width\" content=\"2560\" \/>\n\t<meta property=\"og:image:height\" content=\"2385\" \/>\n\t<meta property=\"og:image:type\" content=\"image\/jpeg\" \/>\n<meta name=\"twitter:card\" content=\"summary_large_image\" \/>\n<meta name=\"twitter:label1\" content=\"Est. reading time\" \/>\n\t<meta name=\"twitter:data1\" content=\"1 minute\" \/>\n<!-- \/ Yoast SEO Premium plugin. -->","yoast_head_json":{"title":"Gracias | Akron Income Tax Preparation","description":"Gracias por su negocio.Recibir\u00e1s 2 correos electr\u00f3nicos. El primer correo electr\u00f3nico ser\u00e1 una copia de la informaci\u00f3n fiscal que nos","robots":{"index":"noindex","follow":"nofollow"},"og_locale":"es_ES","og_type":"article","og_title":"Gracias","og_description":"Gracias por su negocio.Recibir\u00e1s 2 correos electr\u00f3nicos. El primer correo electr\u00f3nico ser\u00e1 una copia de la informaci\u00f3n fiscal que nos","og_url":"https:\/\/apc1040.com\/es\/gracias\/","og_site_name":"Akron Income Tax Preparation","article_publisher":"https:\/\/www.facebook.com\/APC1040","article_modified_time":"2023-08-02T03:09:56+00:00","og_image":[{"width":2560,"height":2385,"url":"https:\/\/apc1040.com\/wp-content\/uploads\/2024\/02\/Office-Pic-no-prices.jpg","type":"image\/jpeg"}],"twitter_card":"summary_large_image","twitter_misc":{"Est. reading time":"1 minute"},"schema":{"@context":"https:\/\/schema.org","@graph":[{"@type":"WebPage","@id":"https:\/\/apc1040.com\/es\/gracias\/","url":"https:\/\/apc1040.com\/es\/gracias\/","name":"Gracias | Akron Income Tax Preparation","isPartOf":{"@id":"https:\/\/apc1040.com\/es\/#website"},"datePublished":"2022-06-29T17:54:29+00:00","dateModified":"2023-08-02T03:09:56+00:00","description":"Gracias por su negocio.Recibir\u00e1s 2 correos electr\u00f3nicos. El primer correo electr\u00f3nico ser\u00e1 una copia de la informaci\u00f3n fiscal que nos","breadcrumb":{"@id":"https:\/\/apc1040.com\/es\/gracias\/#breadcrumb"},"inLanguage":"es","potentialAction":[{"@type":"ReadAction","target":["https:\/\/apc1040.com\/es\/gracias\/"]}]},{"@type":"BreadcrumbList","@id":"https:\/\/apc1040.com\/es\/gracias\/#breadcrumb","itemListElement":[{"@type":"ListItem","position":1,"name":"Home","item":"https:\/\/apc1040.com\/es\/"},{"@type":"ListItem","position":2,"name":"Gracias"}]},{"@type":"WebSite","@id":"https:\/\/apc1040.com\/es\/#website","url":"https:\/\/apc1040.com\/es\/","name":"Akron Income Tax Preparation","description":"Income Tax Preparation Service","publisher":{"@id":"https:\/\/apc1040.com\/es\/#organization"},"potentialAction":[{"@type":"SearchAction","target":{"@type":"EntryPoint","urlTemplate":"https:\/\/apc1040.com\/es\/?s={search_term_string}"},"query-input":{"@type":"PropertyValueSpecification","valueRequired":true,"valueName":"search_term_string"}}],"inLanguage":"es"},{"@type":"Organization","@id":"https:\/\/apc1040.com\/es\/#organization","name":"Akron Income Tax Co","url":"https:\/\/apc1040.com\/es\/","logo":{"@type":"ImageObject","inLanguage":"es","@id":"https:\/\/apc1040.com\/es\/#\/schema\/logo\/image\/","url":"https:\/\/apc1040.com\/wp-content\/uploads\/2024\/11\/income-tax-service-akron.jpg","contentUrl":"https:\/\/apc1040.com\/wp-content\/uploads\/2024\/11\/income-tax-service-akron.jpg","width":800,"height":745,"caption":"Akron Income Tax Co"},"image":{"@id":"https:\/\/apc1040.com\/es\/#\/schema\/logo\/image\/"},"sameAs":["https:\/\/www.facebook.com\/APC1040"]}]}},"amp_enabled":true,"_links":{"self":[{"href":"https:\/\/apc1040.com\/es\/wp-json\/wp\/v2\/pages\/2928","targetHints":{"allow":["GET"]}}],"collection":[{"href":"https:\/\/apc1040.com\/es\/wp-json\/wp\/v2\/pages"}],"about":[{"href":"https:\/\/apc1040.com\/es\/wp-json\/wp\/v2\/types\/page"}],"author":[{"embeddable":true,"href":"https:\/\/apc1040.com\/es\/wp-json\/wp\/v2\/users\/10"}],"replies":[{"embeddable":true,"href":"https:\/\/apc1040.com\/es\/wp-json\/wp\/v2\/comments?post=2928"}],"version-history":[{"count":0,"href":"https:\/\/apc1040.com\/es\/wp-json\/wp\/v2\/pages\/2928\/revisions"}],"wp:attachment":[{"href":"https:\/\/apc1040.com\/es\/wp-json\/wp\/v2\/media?parent=2928"}],"curies":[{"name":"wp","href":"https:\/\/api.w.org\/{rel}","templated":true}]}}