{"id":2924,"date":"2022-07-18T17:47:25","date_gmt":"2022-07-18T21:47:25","guid":{"rendered":"https:\/\/apc1040.com\/?page_id=2924"},"modified":"2024-05-13T06:05:14","modified_gmt":"2024-05-13T10:05:14","slug":"contador-de-pequenas-empresas-cerca-de-mi","status":"publish","type":"page","link":"https:\/\/apc1040.com\/es\/contador-de-pequenas-empresas-cerca-de-mi\/","title":{"rendered":"Contador de peque\u00f1as empresas cerca de m\u00ed"},"content":{"rendered":"<h2 data-pm-slice=\"1 1 []\">Contador de peque\u00f1as empresas cerca de m\u00ed | Sociedad de Impuestos sobre la Renta de Akron<\/h2>\n<p>Con a\u00f1os de experiencia en preparaci\u00f3n de impuestos y contabilidad, Akron Income Tax Co es la empresa en la que puede confiar. Brindamos servicios integrales a empresas de todos los tama\u00f1os, desde nuevas empresas hasta corporaciones establecidas. Nuestro objetivo es ayudar a que su negocio tenga \u00e9xito y crezca brind\u00e1ndole asesoramiento y orientaci\u00f3n expertos en asuntos financieros. Has encontrado al <a href=\"https:\/\/apc1040.com\/es\/contadores-de-pequenas-empresas\/\">Contador de Peque\u00f1as Empresas<\/a> cerca de m\u00ed.<\/p>\n<p>Ofrecemos una amplia gama de servicios, que incluyen contabilidad, preparaci\u00f3n de impuestos e informes financieros. Tambi\u00e9n brindamos consultas sobre diversos temas, como la gesti\u00f3n del flujo de efectivo, la elaboraci\u00f3n de presupuestos y la planificaci\u00f3n de inversiones. Adem\u00e1s, podemos ayudarlo con auditor\u00edas fiscales y apelaciones.<\/p>\n<p>En Akron Income Tax Co, entendemos los desaf\u00edos \u00fanicos que enfrentan los propietarios de peque\u00f1as empresas. Le ayudamos a superar esos desaf\u00edos y alcanzar sus metas financieras. Cont\u00e1ctenos hoy para programar una consulta.<br \/>\n<img decoding=\"async\" class=\"aligncenter\" title=\"Contador de peque\u00f1as empresas cerca de m\u00ed\" src=\"https:\/\/media.istockphoto.com\/photos\/business-team-meeting-to-conference-collaboration-discussing-working-picture-id1341621051?b=1&amp;k=20&amp;m=1341621051&amp;s=170667a&amp;w=0&amp;h=13tgLXH_WIpDUaD4fZg8iAT53p5-fusC-F6cgehyvwU=\" alt=\"Contador de peque\u00f1as empresas cerca de m\u00ed\" width=\"509\" height=\"339\" \/><\/p>\n<h2>\u00bfPor qu\u00e9 necesita un contador de peque\u00f1as empresas?<\/h2>\n<p>Un contador comercial puede hacer m\u00e1s por su negocio que solo preparar y <a href=\"https:\/\/apc1040.com\/es\/declaraciones-de-impuestos-sobre-la-renta-akron\/\">presentar sus impuestos sobre la renta<\/a>. Pueden brindarle la informaci\u00f3n financiera y el asesoramiento que necesita para tomar decisiones acertadas sobre su negocio.<\/p>\n<p>Un contador comercial puede:<\/p>\n<ul>\n<li>Ayudarle a comprender su estado financiero<\/li>\n<li>Proporcionar consejos sobre c\u00f3mo mejorar la salud financiera de su empresa<\/li>\n<li>Ayudarlo con la planificaci\u00f3n y preparaci\u00f3n de impuestos<\/li>\n<li>Aconsejarle sobre c\u00f3mo utilizar mejor sus recursos<\/li>\n<li>Ayudarlo a desarrollar un presupuesto<\/li>\n<li>Ofrecer orientaci\u00f3n <a href=\"https:\/\/apc1040.com\/es\/informacion-sobre-beneficiarios-reales-boi\/\">sobre los requisitos de informaci\u00f3n<\/a> financiera<\/li>\n<\/ul>\n<p>La contabilidad empresarial es una parte importante del funcionamiento de una peque\u00f1a empresa exitosa. Un contador puede ofrecer una asistencia invaluable para garantizar que su negocio se mantenga financieramente saludable. Adem\u00e1s, si alguna vez el IRS lo audita, tener un contador puede hacer que el proceso sea mucho m\u00e1s sencillo.<\/p>\n<p>Encontrar a alguien en quien pueda confiar que tenga experiencia trabajando con peque\u00f1as empresas es importante al elegir un contador comercial. Tambi\u00e9n debe asegurarse de que est\u00e9n actualizados con las \u00faltimas leyes fiscales. <a href=\"https:\/\/apc1040.com\/es\/blog-de-akron-income-tax-co\/\">Akron Income Tax<\/a> Co es una excelente opci\u00f3n para los propietarios de peque\u00f1as empresas en el \u00e1rea de Akron. Tenemos a\u00f1os de experiencia ayudando a las empresas con sus impuestos y necesidades financieras.<\/p>\n<h2>\u00bfC\u00f3mo podemos ayudar?<\/h2>\n<p>Ofrecemos un conjunto integral de servicios a empresas de todos los tama\u00f1os. Incluyen:<\/p>\n<ul>\n<li><strong>Preparaci\u00f3n de impuestos<\/strong>: podemos preparar sus impuestos y garantizar que cumpla con todas las leyes fiscales. Adem\u00e1s, podemos ayudarlo a maximizar sus deducciones y minimizar su obligaci\u00f3n tributaria.<\/li>\n<li><strong>Contabilidad<\/strong>: podemos mantener sus registros financieros y producir estados financieros precisos. Adem\u00e1s, podemos brindar asesoramiento sobre cuestiones financieras, como la gesti\u00f3n del flujo de caja y la elaboraci\u00f3n de presupuestos.<\/li>\n<li><strong>Informes financieros: <\/strong>Podemos preparar informes financieros, como balances generales y estados de resultados. Tambi\u00e9n podemos ayudarlo a interpretar esos informes y tomar decisiones comerciales acertadas.<\/li>\n<li><strong>Consulta Empresarial: <\/strong>Ofrecemos consulta sobre diversos temas , tales como creaci\u00f3n de empresas, auditor\u00edas fiscales y apelaciones. Cont\u00e1ctenos hoy para programar una consulta.<\/li>\n<li>Auditor\u00edas del IRS: en el caso de una auditor\u00eda del IRS, podemos representarlo y garantizar que el proceso transcurra sin problemas. Si no est\u00e1 de acuerdo con la decisi\u00f3n del IRS, podemos ayudarlo a presentar una apelaci\u00f3n.<\/li>\n<li><strong>Emprendimiento de empresas: <\/strong>Podemos ayudarlo a poner en marcha su negocio, desde el registro de su negocio hasta la obtenci\u00f3n de financiamiento.<\/li>\n<li><strong>Planificaci\u00f3n fiscal: <\/strong>podemos ayudarlo a planificar sus impuestos para minimizar la responsabilidad.<\/li>\n<li><strong>Planificaci\u00f3n de inversiones<\/strong>: podemos guiar la planificaci\u00f3n de inversiones para que pueda hacer crecer su negocio.<\/li>\n<\/ul>\n<p>&nbsp;<\/p>\n<h2>\u00bfPor qu\u00e9 elegirnos?<\/h2>\n<p>Cuando se trata de su negocio, usted quiere contadores de peque\u00f1as empresas que tengan conocimientos y experiencia. Hemos servido a la comunidad de peque\u00f1as empresas en Akron Income Tax Co durante a\u00f1os. Somos una firma de contabilidad de servicio completo que ofrece una amplia gama de servicios, que incluyen preparaci\u00f3n de impuestos, documentos financieros y contabilidad. Adem\u00e1s, estamos dedicados a brindar a nuestros clientes el mejor servicio posible. Nos destacamos por:<\/p>\n<h3>1. Tarifas asequibles<\/h3>\n<p>Ofrecemos tarifas competitivas por nuestros servicios. Entendemos que las empresas tienen presupuestos ajustados, por lo que ofrecemos tarifas asequibles sin comprometer la calidad. Adem\u00e1s, ofrecemos descuentos para nuevos clientes y referencias.<\/p>\n<h3>2. Profesionales con experiencia<\/h3>\n<p>Nuestro equipo est\u00e1 compuesto por profesionales experimentados dedicados a brindar a nuestros clientes el mejor servicio posible. Entendemos profundamente el c\u00f3digo fiscal y podemos ayudarlo a maximizar sus deducciones.<\/p>\n<h3><span data-color=\"rgba(255,255,255,var(--tw-bg-opacity))\">3. Servicio Personalizado<\/span><\/h3>\n<p>Ofrecemos un servicio personalizado a cada uno de nuestros clientes. Entendemos que las empresas tienen diferentes necesidades, por lo que adaptamos nuestros servicios para satisfacer esas necesidades. Adem\u00e1s, nos tomamos el tiempo para conocer a nuestros clientes y sus negocios para brindar el mejor servicio posible.<\/p>\n<h3>4. Consulta gratuita<\/h3>\n<p>Ofrecemos una consulta gratuita a todos los nuevos clientes. Esto nos permite conocerlo a usted y a su propio negocio y determinar c\u00f3mo podemos servirle mejor. Responderemos a sus preguntas y le proporcionaremos un presupuesto personalizado para nuestros servicios.<\/p>\n<h3>5. Satisfacci\u00f3n Garantizada<\/h3>\n<p>Estamos dedicados a brindar el mejor servicio posible a nuestros clientes. Queremos que est\u00e9 100% satisfecho con nuestros servicios. Si insatisfechoEd, trabajaremos contigo para hacer las cosas bien.<\/p>\n<p>Si est\u00e1 buscando un contador de peque\u00f1as empresas experimentado y bien informado, no busque m\u00e1s all\u00e1 de <a href=\"https:\/\/apc1040.com\/es\/testimonios-akron-income-tax-co\/\">Akron Income Tax Co.<\/a> Ofrecemos una amplia gama de servicios a precios asequibles. Estamos dedicados a brindar el mejor servicio posible a nuestros clientes. Cont\u00e1ctenos hoy para programar una consulta gratis.<\/p>\n<p>&nbsp;<\/p>\n<h2>Preguntas frecuentes<\/h2>\n<h3>1. \u00bfCu\u00e1les son los beneficios de tener un contador fiscal?<\/h3>\n<p>Los <a href=\"https:\/\/apc1040.com\/es\/deducciones-por-publicidad-y-marketing-maximizar-sus-beneficios-fiscales\/\">beneficios de tener un contador fiscal<\/a> son muchos y variados, pero algunas de las razones m\u00e1s citadas incluyen:<\/p>\n<ul>\n<li>Tener a alguien que lo ayude a organizar sus finanzas y garantizar que cumpla con todas las leyes fiscales.<\/li>\n<li>Ayud\u00e1ndole a maximizar sus deducciones y minimizar su obligaci\u00f3n tributaria. Declaraci\u00f3n de impuestos cuando vencen.<\/li>\n<li>Tener a alguien que lo ayude a comprender las leyes fiscales en constante cambio y c\u00f3mo pueden afectar su negocio.<\/li>\n<\/ul>\n<h3>2. \u00bfCu\u00e1nto cuesta un contador fiscal?<\/h3>\n<p>El costo de un contador fiscal var\u00eda seg\u00fan los servicios prestados y la complejidad de sus impuestos. Adem\u00e1s, tenga en cuenta que muchos contadores ofrecen descuentos para peque\u00f1as empresas. Por lo general, puede esperar pagar entre $ 50 y $ 150 por hora por los servicios de contabilidad de impuestos.<\/p>\n<h3>3. \u00bfNecesito un contador fiscal si utilizo un software fiscal?<\/h3>\n<p>Es posible que no necesite un contador fiscal si usa un software de impuestos, pero siempre es una buena idea tener uno a mano en caso de que tenga <a href=\"https:\/\/apc1040.com\/es\/preguntas-frecuentes-sobre-el-servicio-de-impuestos-preguntas-mas-frecuentes\/\">preguntas o necesite ayuda con sus impuestos<\/a>. Adem\u00e1s, los contadores fiscales a menudo pueden ayudarlo a obtener mejores ofertas en software de impuestos y pueden ofrecer otros servicios valiosos, como la planificaci\u00f3n financiera. Los propietarios de peque\u00f1as empresas deben comprender QU\u00c9 gastos son legales. Los mejores contadores son los que pueden ahorrarle dinero, legalmente.<\/p>\n<h3>4. \u00bfQu\u00e9 servicios ofrece un contador fiscal?<\/h3>\n<p>Adem\u00e1s de preparar y presentar sus impuestos, un contador fiscal tambi\u00e9n puede brindar una variedad de otros servicios, que incluyen:<\/p>\n<ul>\n<li>Ayud\u00e1ndole a elegir el software de impuestos adecuado para su negocio.<\/li>\n<li>Revise su declaraci\u00f3n de impuestos para ver si est\u00e1 correcta.<\/li>\n<li>Asesoramiento sobre c\u00f3mo minimizar su obligaci\u00f3n fiscal.<\/li>\n<li>Ofrecer orientaci\u00f3n sobre planificaci\u00f3n financiera y estrategias de inversi\u00f3n.<\/li>\n<\/ul>\n<h3>5. \u00bfC\u00f3mo elegir un contador fiscal?<\/h3>\n<p>Al elegir un contador fiscal, es importante considerar los siguientes factores:<\/p>\n<ul>\n<li>El tama\u00f1o y la complejidad de su negocio.<\/li>\n<li>Tipo de servicios que necesita.<\/li>\n<li>Honorarios cobrados por el contador por servicios, como declaraciones de impuestos o tenedur\u00eda de libros.<\/li>\n<li>Las calificaciones y la experiencia del contador.<\/li>\n<\/ul>\n<h3>6. \u00bfCu\u00e1les son los diferentes tipos de contadores fiscales?<\/h3>\n<p>Hay dos tipos principales de <a href=\"https:\/\/apc1040.com\/es\/contadores-fiscales-cerca-de-mi\/\">contadores fiscales<\/a>: contadores p\u00fablicos autorizados (CPA) y agentes registrados (EA). Los CPA tienen licencia del estado donde ejercen, mientras que el gobierno federal otorga licencias a los EA. Los CPA y EA deben aprobar un examen riguroso y cumplir con los requisitos de educaci\u00f3n continua.<\/p>\n<h3>7. \u00bfNecesito un contador fiscal si tengo una declaraci\u00f3n de impuestos simple?<\/h3>\n<p>Es posible que no necesite un contador fiscal si tiene una declaraci\u00f3n de impuestos simple, pero hay algunas situaciones en las que puede ser beneficioso tener uno a mano. Por ejemplo, un contador fiscal puede ayudarlo a maximizar sus deducciones y responsabilidad fiscal si trabaja por cuenta propia o tiene una peque\u00f1a empresa. Adem\u00e1s, un contador fiscal puede guiarte sobre c\u00f3mo responder si te enfrentas a una auditor\u00eda.<\/p>\n<h2>Resumiendo<\/h2>\n<p>Como puede ver, hay muchos beneficios al trabajar con un contador de peque\u00f1as empresas en Akron. Akron Income Tax Co est\u00e1 aqu\u00ed para ayudar a que su negocio tenga \u00e9xito y crezca. Ofrecemos una amplia gama de servicios de contabilidad para peque\u00f1as empresas para ayudar a su empresa a mantenerse financieramente a la vanguardia. Adem\u00e1s, estamos dedicados a brindar a nuestros clientes el mejor servicio y asesoramiento posible, y trabajaremos incansablemente para garantizar que su negocio sea exitoso.<\/p>\n<p>Ll\u00e1menos hoy para programar una consulta. Esperamos conocerte y ayudar a tu negocio a alcanzar su m\u00e1ximo potencial.<\/p>\n","protected":false},"excerpt":{"rendered":"<p>Contador de peque\u00f1as empresas cerca de m\u00ed | Sociedad de Impuestos sobre la Renta de Akron Con a\u00f1os de experiencia en preparaci\u00f3n de impuestos y contabilidad, Akron Income Tax Co es la empresa en la que puede confiar. Brindamos servicios integrales a empresas de todos los tama\u00f1os, desde nuevas empresas hasta corporaciones establecidas. Nuestro objetivo&#8230;<\/p>\n","protected":false},"author":10,"featured_media":2592,"parent":0,"menu_order":0,"comment_status":"closed","ping_status":"closed","template":"","meta":{"_lmt_disableupdate":"no","_lmt_disable":"","_monsterinsights_skip_tracking":false,"_monsterinsights_sitenote_active":false,"_monsterinsights_sitenote_note":"","_monsterinsights_sitenote_category":0,"_uf_show_specific_survey":0,"_uf_disable_surveys":false,"footnotes":""},"class_list":["post-2924","page","type-page","status-publish","has-post-thumbnail","hentry"],"yoast_head":"<!-- This site is optimized with the Yoast SEO Premium plugin v27.3 (Yoast SEO v27.4) - https:\/\/yoast.com\/product\/yoast-seo-premium-wordpress\/ -->\n<title>Contador de peque\u00f1as empresas cerca de m\u00ed<\/title>\n<meta name=\"description\" content=\"\u00a1El Contador de Peque\u00f1as Empresas cerca de m\u00ed est\u00e1 justo aqu\u00ed! Honorarios razonables del servicio personal.\" \/>\n<meta name=\"robots\" content=\"index, follow, max-snippet:-1, max-image-preview:large, max-video-preview:-1\" \/>\n<link rel=\"canonical\" href=\"https:\/\/apc1040.com\/es\/contador-de-pequenas-empresas-cerca-de-mi\/\" \/>\n<meta property=\"og:locale\" content=\"es_ES\" \/>\n<meta property=\"og:type\" content=\"article\" \/>\n<meta property=\"og:title\" content=\"Contador de peque\u00f1as empresas cerca de m\u00ed\" \/>\n<meta property=\"og:description\" content=\"\u00a1El Contador de Peque\u00f1as Empresas cerca de m\u00ed est\u00e1 justo aqu\u00ed! Honorarios razonables del servicio personal.\" \/>\n<meta property=\"og:url\" content=\"https:\/\/apc1040.com\/es\/contador-de-pequenas-empresas-cerca-de-mi\/\" \/>\n<meta property=\"og:site_name\" content=\"Akron Income Tax Preparation\" \/>\n<meta property=\"article:publisher\" content=\"https:\/\/www.facebook.com\/APC1040\" \/>\n<meta property=\"article:modified_time\" content=\"2024-05-13T10:05:14+00:00\" \/>\n<meta property=\"og:image\" content=\"https:\/\/apc1040.com\/wp-content\/uploads\/2022\/07\/1040-tax_return.jpg\" \/>\n\t<meta property=\"og:image:width\" content=\"800\" \/>\n\t<meta property=\"og:image:height\" content=\"534\" \/>\n\t<meta property=\"og:image:type\" content=\"image\/jpeg\" \/>\n<meta name=\"twitter:card\" content=\"summary_large_image\" \/>\n<meta name=\"twitter:label1\" content=\"Est. reading time\" \/>\n\t<meta name=\"twitter:data1\" content=\"7 minutes\" \/>\n<!-- \/ Yoast SEO Premium plugin. -->","yoast_head_json":{"title":"Contador de peque\u00f1as empresas cerca de m\u00ed","description":"\u00a1El Contador de Peque\u00f1as Empresas cerca de m\u00ed est\u00e1 justo aqu\u00ed! Honorarios razonables del servicio personal.","robots":{"index":"index","follow":"follow","max-snippet":"max-snippet:-1","max-image-preview":"max-image-preview:large","max-video-preview":"max-video-preview:-1"},"canonical":"https:\/\/apc1040.com\/es\/contador-de-pequenas-empresas-cerca-de-mi\/","og_locale":"es_ES","og_type":"article","og_title":"Contador de peque\u00f1as empresas cerca de m\u00ed","og_description":"\u00a1El Contador de Peque\u00f1as Empresas cerca de m\u00ed est\u00e1 justo aqu\u00ed! Honorarios razonables del servicio personal.","og_url":"https:\/\/apc1040.com\/es\/contador-de-pequenas-empresas-cerca-de-mi\/","og_site_name":"Akron Income Tax Preparation","article_publisher":"https:\/\/www.facebook.com\/APC1040","article_modified_time":"2024-05-13T10:05:14+00:00","og_image":[{"width":800,"height":534,"url":"https:\/\/apc1040.com\/wp-content\/uploads\/2022\/07\/1040-tax_return.jpg","type":"image\/jpeg"}],"twitter_card":"summary_large_image","twitter_misc":{"Est. reading time":"7 minutes"},"schema":{"@context":"https:\/\/schema.org","@graph":[{"@type":"WebPage","@id":"https:\/\/apc1040.com\/es\/contador-de-pequenas-empresas-cerca-de-mi\/","url":"https:\/\/apc1040.com\/es\/contador-de-pequenas-empresas-cerca-de-mi\/","name":"Contador de peque\u00f1as empresas cerca de m\u00ed","isPartOf":{"@id":"https:\/\/apc1040.com\/es\/#website"},"primaryImageOfPage":{"@id":"https:\/\/apc1040.com\/es\/contador-de-pequenas-empresas-cerca-de-mi\/#primaryimage"},"image":{"@id":"https:\/\/apc1040.com\/es\/contador-de-pequenas-empresas-cerca-de-mi\/#primaryimage"},"thumbnailUrl":"https:\/\/apc1040.com\/wp-content\/uploads\/2022\/07\/1040-tax_return.jpg","datePublished":"2022-07-18T21:47:25+00:00","dateModified":"2024-05-13T10:05:14+00:00","description":"\u00a1El Contador de Peque\u00f1as Empresas cerca de m\u00ed est\u00e1 justo aqu\u00ed! Honorarios razonables del servicio personal.","breadcrumb":{"@id":"https:\/\/apc1040.com\/es\/contador-de-pequenas-empresas-cerca-de-mi\/#breadcrumb"},"inLanguage":"es","potentialAction":[{"@type":"ReadAction","target":["https:\/\/apc1040.com\/es\/contador-de-pequenas-empresas-cerca-de-mi\/"]}]},{"@type":"ImageObject","inLanguage":"es","@id":"https:\/\/apc1040.com\/es\/contador-de-pequenas-empresas-cerca-de-mi\/#primaryimage","url":"https:\/\/apc1040.com\/wp-content\/uploads\/2022\/07\/1040-tax_return.jpg","contentUrl":"https:\/\/apc1040.com\/wp-content\/uploads\/2022\/07\/1040-tax_return.jpg","width":800,"height":534,"caption":"1040 tax return"},{"@type":"BreadcrumbList","@id":"https:\/\/apc1040.com\/es\/contador-de-pequenas-empresas-cerca-de-mi\/#breadcrumb","itemListElement":[{"@type":"ListItem","position":1,"name":"Home","item":"https:\/\/apc1040.com\/es\/"},{"@type":"ListItem","position":2,"name":"Contador de peque\u00f1as empresas cerca de m\u00ed"}]},{"@type":"WebSite","@id":"https:\/\/apc1040.com\/es\/#website","url":"https:\/\/apc1040.com\/es\/","name":"Akron Income Tax Preparation","description":"Income Tax Preparation Service","publisher":{"@id":"https:\/\/apc1040.com\/es\/#organization"},"potentialAction":[{"@type":"SearchAction","target":{"@type":"EntryPoint","urlTemplate":"https:\/\/apc1040.com\/es\/?s={search_term_string}"},"query-input":{"@type":"PropertyValueSpecification","valueRequired":true,"valueName":"search_term_string"}}],"inLanguage":"es"},{"@type":"Organization","@id":"https:\/\/apc1040.com\/es\/#organization","name":"Akron Income Tax Co","url":"https:\/\/apc1040.com\/es\/","logo":{"@type":"ImageObject","inLanguage":"es","@id":"https:\/\/apc1040.com\/es\/#\/schema\/logo\/image\/","url":"https:\/\/apc1040.com\/wp-content\/uploads\/2024\/11\/income-tax-service-akron.jpg","contentUrl":"https:\/\/apc1040.com\/wp-content\/uploads\/2024\/11\/income-tax-service-akron.jpg","width":800,"height":745,"caption":"Akron Income Tax Co"},"image":{"@id":"https:\/\/apc1040.com\/es\/#\/schema\/logo\/image\/"},"sameAs":["https:\/\/www.facebook.com\/APC1040"]}]}},"amp_enabled":true,"_links":{"self":[{"href":"https:\/\/apc1040.com\/es\/wp-json\/wp\/v2\/pages\/2924","targetHints":{"allow":["GET"]}}],"collection":[{"href":"https:\/\/apc1040.com\/es\/wp-json\/wp\/v2\/pages"}],"about":[{"href":"https:\/\/apc1040.com\/es\/wp-json\/wp\/v2\/types\/page"}],"author":[{"embeddable":true,"href":"https:\/\/apc1040.com\/es\/wp-json\/wp\/v2\/users\/10"}],"replies":[{"embeddable":true,"href":"https:\/\/apc1040.com\/es\/wp-json\/wp\/v2\/comments?post=2924"}],"version-history":[{"count":0,"href":"https:\/\/apc1040.com\/es\/wp-json\/wp\/v2\/pages\/2924\/revisions"}],"wp:featuredmedia":[{"embeddable":true,"href":"https:\/\/apc1040.com\/es\/wp-json\/wp\/v2\/media\/2592"}],"wp:attachment":[{"href":"https:\/\/apc1040.com\/es\/wp-json\/wp\/v2\/media?parent=2924"}],"curies":[{"name":"wp","href":"https:\/\/api.w.org\/{rel}","templated":true}]}}