{"id":2921,"date":"2021-03-21T12:45:36","date_gmt":"2021-03-21T16:45:36","guid":{"rendered":"https:\/\/apc1040.com\/?page_id=2921"},"modified":"2024-05-13T06:43:39","modified_gmt":"2024-05-13T10:43:39","slug":"ron-el-recaudador-de-impuestos-completando-impuestos-desde-1982","status":"publish","type":"page","link":"https:\/\/apc1040.com\/es\/ron-el-recaudador-de-impuestos-completando-impuestos-desde-1982\/","title":{"rendered":"Ron el Recaudador de Impuestos Completando Impuestos desde 1982"},"content":{"rendered":"<section class=\"l-section wpb_row height_small\"><div class=\"l-section-h i-cf\"><div class=\"g-cols vc_row via_flex valign_top type_default stacking_default\"><div class=\"vc_col-sm-12 wpb_column vc_column_container\"><div class=\"vc_column-inner\"><div class=\"wpb_wrapper\"><div class=\"wpb_text_column\"><div class=\"wpb_wrapper\"><h2 style=\"text-align: center;\"><span style=\"color: #0000ff;\">Ron The Tax Man<\/span><\/h2>\n<\/div><\/div><div class=\"w-image us_custom_af793af4 has_height align_none\"><div class=\"w-image-h\"><img decoding=\"async\" width=\"300\" height=\"277\" src=\"https:\/\/apc1040.com\/wp-content\/uploads\/2021\/05\/RonatDesk2-300x277.jpg\" class=\"attachment-medium size-medium\" alt=\"RonatDesk2\" loading=\"lazy\" srcset=\"https:\/\/apc1040.com\/wp-content\/uploads\/2021\/05\/RonatDesk2-300x277.jpg 300w, https:\/\/apc1040.com\/wp-content\/uploads\/2021\/05\/RonatDesk2-1024x946.jpg 1024w, https:\/\/apc1040.com\/wp-content\/uploads\/2021\/05\/RonatDesk2.jpg 2001w\" sizes=\"auto, (max-width: 300px) 100vw, 300px\" \/><\/div><\/div><div class=\"wpb_text_column\"><div class=\"wpb_wrapper\"><p>Ron el recaudador de impuestos. Completando impuestos desde 1982. Con experiencia.<b>\u00a0 <\/b>Mi nombre es<b> Ron Conte <\/b>y lo invito a explorar este sitio web. Si encuentra que falta algo, h\u00e1gamelo saber porque quiero que la experiencia de nuestros clientes sea productiva e informativa.<\/p>\n<p>He estado en el negocio de preparaci\u00f3n de ingresos desde 1982 y he visto casi todo tipo de situaci\u00f3n que hay en un momento u otro. Mi filosof\u00eda es entregar valor a nuestros clientes al completar correctamente su Declaracion de impuestos, tomando todas las deducciones legales a las que tienen derecho a un precio razonable.<\/p>\n<p>Preciso, Confiable y Seguro. Perm\u00edtanos manejar sus necesidades de contabilidad, tenedur\u00eda de libros y preparaci\u00f3n de ingresos. Conf\u00ede en nosotros para obtener resultados profesionales a tarifas razonables. <em><strong>Nuestra tarifa plana, sin lujos,\u00a0<\/strong><\/em>significa que siempre sabr\u00e1 lo que est\u00e1 pagando por adelantado<em><strong>\u00a0\u2014 Sin sorpresas, sin tarifas ocultas.<\/strong> <\/em><\/p>\n<h2 style=\"text-align: center;\"><a href=\"https:\/\/apc1040.com\/income-tax-preparation-services-offer\/\"><em><strong>\u00bfPOR QU\u00c9 PAGAR M\u00c1S?<\/strong> <\/em><\/a><\/h2>\n<h2 style=\"text-align: center;\"><strong>Impuesto sobre la renta preparado por solo $120 en la puerta<\/strong><\/h2>\n<h2 style=\"text-align: center;\">(Incluyendo estado libre, ciudad y presentaci\u00f3n electr\u00f3nica)<\/h2>\n<p style=\"text-align: center;\"><em>\u00a0<\/em><em>Excluye Business &amp; Devoluciones de alquiler<\/em><\/p>\n<h2>La experiencia cuenta<\/h2>\n<p>Deja que <strong>Ron the Tax Man<\/strong>tranquilice tu mente cuando se trata de tus Declaraciones de impuestos y conf\u00ede en los expertos de <a href=\"https:\/\/apc1040.com\/contact-akron-income-tax\/\">Akron Income Tax Co<\/a>. Ron tiene la experiencia que cuenta cuando se trata de completar sus <a href=\"https:\/\/apc1040.com\/es\/impuestos-facil\/otra-informacion-importante\/impuesto-sobre-la-renta-sin-estres\/\">impuestos sobre la renta<\/a>. Preparaci\u00f3n de servicio completo para 1040 individuales o 1120 empresariales- &amp; 1065-Formularios de declaraci\u00f3n de la renta. Nuestro profundo conocimiento fiscal y nuestra presencia local nos permiten personalizar nuestros servicios para satisfacer mejor sus necesidades y su presupuesto.<\/p>\n<div class=\"wpb_text_column\">\n<div class=\"wpb_wrapper\">\n<h2>Maximice su reembolso<\/h2>\n<p>Adem\u00e1s, nuestra experiencia nos permite aplicar nuestro conocimiento para <a href=\"https:\/\/apc1040.com\/get-the-biggest-tax-refund-legally\/\">maximizar su reembolso\u00a0<strong><em>LEGALMENTE&lt;\/ em&gt;<\/em><\/strong><\/a>. Conocemos los Impuestos y las leyes que afectan su Presentaci\u00f3n de Planillas. Desde nuestros inicios, hemos ofrecido una gama completa de contabilidad, ingresos <a href=\"https:\/\/apc1040.com\/list-of-our-services\/tax-return-preparation\/\">Preparaci\u00f3n de impuestos<\/a> y Soluciones de consultor\u00eda empresarial, por ejemplo, peque\u00f1as y medianas empresas en todo el \u00e1rea de Greater Akron, OH y m\u00e1s all\u00e1. Cualesquiera que sean sus necesidades, independientemente del tama\u00f1o y el alcance de su negocio, nuestra filosof\u00eda es brindar servicios precisos, confiables y seguros de <a href=\"https:\/\/apc1040.com\/es\/servicios-de-impuestos-contabilidad-en-ohio\/\">Contabilidad y Preparaci\u00f3n de impuestos<\/a> para nuestros clientes a un costo razonable.<\/p>\n<p>Sobre todo, le animamos a que nos llame con cualquier pregunta que pueda tener.<\/p>\n<\/div>\n<\/div>\n<div class=\"wpb_text_column\">\n<div class=\"wpb_wrapper\">\n<p>Necesita un Contador de impuestos que trabajar\u00e1 con usted para Recaudador de Impuestos Completando comprender sus requisitos y objetivos. Somos esa firma. Reconocemos que nuestro \u00e9xito depende de su \u00e9xito. Despu\u00e9s de todo, \u00a1trabajamos para usted! Es por eso que nuestro excepcional equipo de <a href=\"https:\/\/apc1040.com\/es\/contadores-fiscales-cerca-de-mi\/\">contadores fiscales<\/a> est\u00e1 disponible para ayudarlo, sean cuales sean sus necesidades.<\/p>\n<\/div>\n<p>\u201cEl <a href=\"https:\/\/apc1040.com\/es\/como-evitar-problemas-de-impuestos-del-irs-alquilando-a-su-familia-o-amigos\/\">IRS no respalda a ning\u00fan preparador de declaraciones de impuestos<\/a> individual en particular. Recaudador de Impuestos Completando Para obtener m\u00e1s informaci\u00f3n sobre los preparadores de declaraciones de impuestos, visite IRS.gov\u201d.<\/p>\n<\/div>\n<\/div><\/div><\/div><\/div><\/div><\/div><\/div><\/section>\n","protected":false},"excerpt":{"rendered":"Ron The Tax Man Ron el recaudador de impuestos. Completando impuestos desde 1982. Con experiencia.\u00a0 Mi nombre es Ron Conte y lo invito a explorar este sitio web. Si encuentra que falta algo, h\u00e1gamelo saber porque quiero que la experiencia de nuestros clientes sea productiva e informativa. He estado en el negocio de preparaci\u00f3n de...","protected":false},"author":10,"featured_media":2519,"parent":0,"menu_order":0,"comment_status":"closed","ping_status":"closed","template":"","meta":{"_lmt_disableupdate":"no","_lmt_disable":"","_monsterinsights_skip_tracking":false,"_monsterinsights_sitenote_active":false,"_monsterinsights_sitenote_note":"","_monsterinsights_sitenote_category":0,"_uf_show_specific_survey":0,"_uf_disable_surveys":false,"footnotes":""},"class_list":["post-2921","page","type-page","status-publish","has-post-thumbnail","hentry"],"yoast_head":"<!-- This site is optimized with the Yoast SEO Premium plugin v27.3 (Yoast SEO v27.4) - https:\/\/yoast.com\/product\/yoast-seo-premium-wordpress\/ -->\n<title>Recaudador de Impuestos Completando<\/title>\n<meta name=\"description\" content=\"Recaudador de Impuestos Completando . Completando impuestos desde 1982. La experiencia cuenta Akram Income Tax.\" \/>\n<meta name=\"robots\" content=\"index, follow, max-snippet:-1, max-image-preview:large, max-video-preview:-1\" \/>\n<link rel=\"canonical\" href=\"https:\/\/apc1040.com\/es\/ron-el-recaudador-de-impuestos-completando-impuestos-desde-1982\/\" \/>\n<meta property=\"og:locale\" content=\"es_ES\" \/>\n<meta property=\"og:type\" content=\"article\" \/>\n<meta property=\"og:title\" content=\"Ron el Recaudador de Impuestos Completando Impuestos desde 1982\" \/>\n<meta property=\"og:description\" content=\"Recaudador de Impuestos Completando . Completando impuestos desde 1982. La experiencia cuenta Akram Income Tax.\" \/>\n<meta property=\"og:url\" content=\"https:\/\/apc1040.com\/es\/ron-el-recaudador-de-impuestos-completando-impuestos-desde-1982\/\" \/>\n<meta property=\"og:site_name\" content=\"Akron Income Tax Preparation\" \/>\n<meta property=\"article:publisher\" content=\"https:\/\/www.facebook.com\/APC1040\" \/>\n<meta property=\"article:modified_time\" content=\"2024-05-13T10:43:39+00:00\" \/>\n<meta property=\"og:image\" content=\"https:\/\/apc1040.com\/wp-content\/uploads\/2021\/05\/RonatDesk2.jpg\" \/>\n\t<meta property=\"og:image:width\" content=\"2001\" \/>\n\t<meta property=\"og:image:height\" content=\"1849\" \/>\n\t<meta property=\"og:image:type\" content=\"image\/jpeg\" \/>\n<meta name=\"twitter:card\" content=\"summary_large_image\" \/>\n<meta name=\"twitter:label1\" content=\"Est. reading time\" \/>\n\t<meta name=\"twitter:data1\" content=\"3 minutes\" \/>\n<!-- \/ Yoast SEO Premium plugin. -->","yoast_head_json":{"title":"Recaudador de Impuestos Completando","description":"Recaudador de Impuestos Completando . Completando impuestos desde 1982. La experiencia cuenta Akram Income Tax.","robots":{"index":"index","follow":"follow","max-snippet":"max-snippet:-1","max-image-preview":"max-image-preview:large","max-video-preview":"max-video-preview:-1"},"canonical":"https:\/\/apc1040.com\/es\/ron-el-recaudador-de-impuestos-completando-impuestos-desde-1982\/","og_locale":"es_ES","og_type":"article","og_title":"Ron el Recaudador de Impuestos Completando Impuestos desde 1982","og_description":"Recaudador de Impuestos Completando . Completando impuestos desde 1982. La experiencia cuenta Akram Income Tax.","og_url":"https:\/\/apc1040.com\/es\/ron-el-recaudador-de-impuestos-completando-impuestos-desde-1982\/","og_site_name":"Akron Income Tax Preparation","article_publisher":"https:\/\/www.facebook.com\/APC1040","article_modified_time":"2024-05-13T10:43:39+00:00","og_image":[{"width":2001,"height":1849,"url":"https:\/\/apc1040.com\/wp-content\/uploads\/2021\/05\/RonatDesk2.jpg","type":"image\/jpeg"}],"twitter_card":"summary_large_image","twitter_misc":{"Est. reading time":"3 minutes"},"schema":{"@context":"https:\/\/schema.org","@graph":[{"@type":"WebPage","@id":"https:\/\/apc1040.com\/es\/ron-el-recaudador-de-impuestos-completando-impuestos-desde-1982\/","url":"https:\/\/apc1040.com\/es\/ron-el-recaudador-de-impuestos-completando-impuestos-desde-1982\/","name":"Recaudador de Impuestos Completando","isPartOf":{"@id":"https:\/\/apc1040.com\/es\/#website"},"primaryImageOfPage":{"@id":"https:\/\/apc1040.com\/es\/ron-el-recaudador-de-impuestos-completando-impuestos-desde-1982\/#primaryimage"},"image":{"@id":"https:\/\/apc1040.com\/es\/ron-el-recaudador-de-impuestos-completando-impuestos-desde-1982\/#primaryimage"},"thumbnailUrl":"https:\/\/apc1040.com\/wp-content\/uploads\/2021\/05\/RonatDesk2.jpg","datePublished":"2021-03-21T16:45:36+00:00","dateModified":"2024-05-13T10:43:39+00:00","description":"Recaudador de Impuestos Completando . Completando impuestos desde 1982. La experiencia cuenta Akram Income Tax.","breadcrumb":{"@id":"https:\/\/apc1040.com\/es\/ron-el-recaudador-de-impuestos-completando-impuestos-desde-1982\/#breadcrumb"},"inLanguage":"es","potentialAction":[{"@type":"ReadAction","target":["https:\/\/apc1040.com\/es\/ron-el-recaudador-de-impuestos-completando-impuestos-desde-1982\/"]}]},{"@type":"ImageObject","inLanguage":"es","@id":"https:\/\/apc1040.com\/es\/ron-el-recaudador-de-impuestos-completando-impuestos-desde-1982\/#primaryimage","url":"https:\/\/apc1040.com\/wp-content\/uploads\/2021\/05\/RonatDesk2.jpg","contentUrl":"https:\/\/apc1040.com\/wp-content\/uploads\/2021\/05\/RonatDesk2.jpg","width":2001,"height":1849,"caption":"RonatDesk2"},{"@type":"BreadcrumbList","@id":"https:\/\/apc1040.com\/es\/ron-el-recaudador-de-impuestos-completando-impuestos-desde-1982\/#breadcrumb","itemListElement":[{"@type":"ListItem","position":1,"name":"Home","item":"https:\/\/apc1040.com\/es\/"},{"@type":"ListItem","position":2,"name":"Ron el Recaudador de Impuestos Completando Impuestos desde 1982"}]},{"@type":"WebSite","@id":"https:\/\/apc1040.com\/es\/#website","url":"https:\/\/apc1040.com\/es\/","name":"Akron Income Tax Preparation","description":"Income Tax Preparation Service","publisher":{"@id":"https:\/\/apc1040.com\/es\/#organization"},"potentialAction":[{"@type":"SearchAction","target":{"@type":"EntryPoint","urlTemplate":"https:\/\/apc1040.com\/es\/?s={search_term_string}"},"query-input":{"@type":"PropertyValueSpecification","valueRequired":true,"valueName":"search_term_string"}}],"inLanguage":"es"},{"@type":"Organization","@id":"https:\/\/apc1040.com\/es\/#organization","name":"Akron Income Tax Co","url":"https:\/\/apc1040.com\/es\/","logo":{"@type":"ImageObject","inLanguage":"es","@id":"https:\/\/apc1040.com\/es\/#\/schema\/logo\/image\/","url":"https:\/\/apc1040.com\/wp-content\/uploads\/2024\/11\/income-tax-service-akron.jpg","contentUrl":"https:\/\/apc1040.com\/wp-content\/uploads\/2024\/11\/income-tax-service-akron.jpg","width":800,"height":745,"caption":"Akron Income Tax Co"},"image":{"@id":"https:\/\/apc1040.com\/es\/#\/schema\/logo\/image\/"},"sameAs":["https:\/\/www.facebook.com\/APC1040"]}]}},"amp_enabled":true,"_links":{"self":[{"href":"https:\/\/apc1040.com\/es\/wp-json\/wp\/v2\/pages\/2921","targetHints":{"allow":["GET"]}}],"collection":[{"href":"https:\/\/apc1040.com\/es\/wp-json\/wp\/v2\/pages"}],"about":[{"href":"https:\/\/apc1040.com\/es\/wp-json\/wp\/v2\/types\/page"}],"author":[{"embeddable":true,"href":"https:\/\/apc1040.com\/es\/wp-json\/wp\/v2\/users\/10"}],"replies":[{"embeddable":true,"href":"https:\/\/apc1040.com\/es\/wp-json\/wp\/v2\/comments?post=2921"}],"version-history":[{"count":0,"href":"https:\/\/apc1040.com\/es\/wp-json\/wp\/v2\/pages\/2921\/revisions"}],"wp:featuredmedia":[{"embeddable":true,"href":"https:\/\/apc1040.com\/es\/wp-json\/wp\/v2\/media\/2519"}],"wp:attachment":[{"href":"https:\/\/apc1040.com\/es\/wp-json\/wp\/v2\/media?parent=2921"}],"curies":[{"name":"wp","href":"https:\/\/api.w.org\/{rel}","templated":true}]}}