{"id":2914,"date":"2022-07-29T15:57:09","date_gmt":"2022-07-29T19:57:09","guid":{"rendered":"https:\/\/apc1040.com\/?page_id=2914"},"modified":"2024-11-27T13:56:12","modified_gmt":"2024-11-27T18:56:12","slug":"servicios-de-impuestos-sobre-la-renta-mogador","status":"publish","type":"page","link":"https:\/\/apc1040.com\/es\/servicios-de-impuestos-sobre-la-renta-mogador\/","title":{"rendered":"Servicios de impuestos sobre la renta Mogadore"},"content":{"rendered":"<h2 data-pm-slice=\"1 1 []\">Servicios de impuestos sobre la renta Mogadore Ohio<\/h2>\n<figure id=\"attachment_2454\" aria-describedby=\"caption-attachment-2454\" style=\"width: 300px\" class=\"wp-caption aligncenter\"><img decoding=\"async\" class=\"wp-image-2596 size-medium\" title=\"Mogadore High School\" src=\"https:\/\/apc1040.com\/wp-content\/uploads\/2022\/07\/High-School-Mogadore-Ohio-300x225.jpg\" alt=\"Mogadore High School\" width=\"300\" height=\"225\" srcset=\"https:\/\/apc1040.com\/wp-content\/uploads\/2022\/07\/High-School-Mogadore-Ohio-300x225.jpg 300w, https:\/\/apc1040.com\/wp-content\/uploads\/2022\/07\/High-School-Mogadore-Ohio-1024x768.jpg 1024w, https:\/\/apc1040.com\/wp-content\/uploads\/2022\/07\/High-School-Mogadore-Ohio-scaled.jpg 1920w\" sizes=\"(max-width: 300px) 100vw, 300px\" \/><figcaption id=\"caption-attachment-2454\" class=\"wp-caption-text\">Mogadore High School<\/figcaption><\/figure>\n<p>Con a\u00f1os de experiencia, Akron Income Tax es la empresa l\u00edder en preparaci\u00f3n de impuestos para los servicios de impuestos sobre la renta de Mogadore. Primero, estamos a solo 2 millas por Waterloo Rd en direcci\u00f3n oeste desde 532 en los edificios Gala Commons. En segundo lugar, nuestra tarifa b\u00e1sica es de solo $120 para la mayor\u00eda de las <a href=\"https:\/\/apc1040.com\/es\/declaraciones-de-impuestos-sobre-la-renta-akron\/\">declaraciones de impuestos<\/a> que no tienen alquileres ni negocios. A continuaci\u00f3n, tenemos la experiencia para presentar cualquier tipo de declaraci\u00f3n de impuestos: Individuos, empresas, corporaciones, sociedades y fideicomisos o sucesiones. Ofrecemos varios servicios para ayudar a nuestros clientes a ahorrar dinero en sus impuestos, incluida la preparaci\u00f3n del impuesto sobre la renta, la <a href=\"https:\/\/apc1040.com\/es\/la-planificacion-fiscal-eficaz-minimiza-los-impuestos\/\">planificaci\u00f3n fiscal<\/a> y la representaci\u00f3n del IRS. Nuestros profesionales de impuestos est\u00e1n dedicados a brindar el mejor servicio posible a nuestros clientes, y estamos comprometidos a garantizar que reciban el m\u00e1ximo reembolso permitido por la ley.<\/p>\n<p>Tanto si es un particular como si es propietario de una empresa, podemos ayudarle con todas sus necesidades fiscales. Entendemos que lidiar con el IRS puede ser estresante, por lo que ofrecemos tranquilidad a nuestros clientes al manejar todo el papeleo y las negociaciones en su nombre.<\/p>\n<p>Adem\u00e1s, ofrecemos una garant\u00eda de devoluci\u00f3n de dinero si no est\u00e1 satisfecho con nuestros servicios. \u00a1Cont\u00e1ctenos hoy para programar una consulta gratuita y perm\u00edtanos ayudarlo a cuidar sus impuestos!<\/p>\n<h2>\u00bfQu\u00e9 ofrecemos?<\/h2>\n<p>En Akron Income Tax, ofrecemos varios servicios para ayudarlo con sus impuestos. Podemos ayudarlo con sus impuestos, as\u00ed como con sus impuestos comerciales. Tambi\u00e9n ofrecemos varios otros servicios, como planificaci\u00f3n fiscal, representaci\u00f3n del IRS, etc.<\/p>\n<p>Cuando necesite asistencia, estamos aqu\u00ed para ayudarlo en todo lo que podamos, y trabajaremos arduamente para garantizar que obtenga el mejor resultado posible para sus impuestos. Sabemos lo importante que es tener impuestos precisos y haremos todo lo posible para garantizar que tenga la mejor experiencia posible.<\/p>\n<figure id=\"attachment_2451\" aria-describedby=\"caption-attachment-2451\" style=\"width: 300px\" class=\"wp-caption aligncenter\"><img decoding=\"async\" class=\"wp-image-2593 size-medium\" title=\"Mogadore Town Hall\" src=\"https:\/\/apc1040.com\/wp-content\/uploads\/2022\/07\/Town-Hall-Mogadore-Ohio-300x225.jpg\" alt=\"Town Hall Mogadore Ohio\" width=\"300\" height=\"225\" srcset=\"https:\/\/apc1040.com\/wp-content\/uploads\/2022\/07\/Town-Hall-Mogadore-Ohio-300x225.jpg 300w, https:\/\/apc1040.com\/wp-content\/uploads\/2022\/07\/Town-Hall-Mogadore-Ohio-1024x768.jpg 1024w, https:\/\/apc1040.com\/wp-content\/uploads\/2022\/07\/Town-Hall-Mogadore-Ohio-scaled.jpg 1920w\" sizes=\"(max-width: 300px) 100vw, 300px\" \/><figcaption id=\"caption-attachment-2451\" class=\"wp-caption-text\">Mogadore Town Hall<\/figcaption><\/figure>\n<h3>1. Impuesto Federal<\/h3>\n<p>Primero, podemos ayudarlo con sus impuestos federales, as\u00ed como con sus impuestos estatales. En segundo lugar, conocemos los entresijos del sistema tributario y podemos ayudarlo a declarar sus impuestos correctamente. Finalmente, tambi\u00e9n podemos ayudarlo con cualquier planificaci\u00f3n fiscal que necesite, y podemos ayudarlo con cualquier representaci\u00f3n del IRS que pueda necesitar.<\/p>\n<h3>2. Declaraci\u00f3n de impuestos de propiedad de alquiler<\/h3>\n<p>Si posee una propiedad de alquiler, podemos ayudarlo con sus impuestos. Conocemos las reglas especiales para9 propiedades de alquiler y podemos ayudarlo a maximizar sus deducciones. Tambi\u00e9n podemos ayudarlo con cualquier planificaci\u00f3n fiscal que necesite, y podemos ayudarlo con cualquier representaci\u00f3n del IRS que pueda necesitar.<\/p>\n<h3>3. Declaraci\u00f3n de impuestos sobre el trabajo por cuenta propia<\/h3>\n<p>Preparamos y presentamos electr\u00f3nicamente su declaraci\u00f3n de impuestos federal y estatal sobre el trabajo por cuenta propia. Este es el impuesto que paga sobre los ingresos netos de su negocio o profesi\u00f3n, que es igual a sus ingresos brutos menos los gastos de su negocio.<\/p>\n<h3>4. Declaraci\u00f3n de impuestos enmendada<\/h3>\n<p>Si ya present\u00f3 sus impuestos para el a\u00f1o y necesita corregirlos, podemos ayudarlo a presentar una declaraci\u00f3n enmendada. Adem\u00e1s, si ha recibido un aviso del IRS de que algo en su declaraci\u00f3n debe corregirse, podemos ayudarlo con eso.<\/p>\n<h3>5. Planificaci\u00f3n Fiscal<\/h3>\n<p>La planificaci\u00f3n fiscal es una parte importante de la planificaci\u00f3n financiera. Podemos ayudarlo a minimizar su responsabilidad <a href=\"https:\/\/apc1040.com\/es\/deducciones-fiscales-creditos-fiscales\/\">fiscal utilizando deducciones y cr\u00e9ditos<\/a> de los que quiz\u00e1s no tenga conocimiento. Tambi\u00e9n podemos ayudarlo a planificar los impuestos estimados y revisar su retenci\u00f3n para garantizar que se retenga la cantidad correcta de su cheque de pago.<\/p>\n<h3>6. Impuestos Comerciales<\/h3>\n<p>Podemos ayudar a las empresas con las declaraciones de impuestos federales, estatales y locales. Tambi\u00e9n podemos ayudar a los due\u00f1os de negocios con los impuestos sobre la n\u00f3mina, las ventas y la propiedad. Ya sea que sea un propietario \u00fanico, una sociedad o una corporaci\u00f3n, podemos ayudar a su empresa con sus obligaciones fiscales.<\/p>\n<h3>7. Representaci\u00f3n del IRS<\/h3>\n<p>Si el IRS lo est\u00e1 auditando, podemos representarlo. Trabajaremos con el IRS en su nombre para resolver el problema. Tambi\u00e9n podemos ayudarlo si ha recibido un aviso del IRS o se enfrenta a la recaudaci\u00f3n de impuestos.<\/p>\n<h3>8. Configuraci\u00f3n y capacitaci\u00f3n de QuickBooks<\/h3>\n<p>Si est\u00e1 utilizando <a href=\"https:\/\/apc1040.com\/es\/quickbooks-vs-quicken-hogar-y-negocios-una-guia-comparativa\/\">QuickBooks para su negocio<\/a>, podemos ayudarlo a configurarlo y capacitarlo sobre c\u00f3mo usarlo. Tambi\u00e9n podemos ayudarlo con la contabilidad, la contabilidad y los informes financieros.<\/p>\n<p>Ofrecemos una consulta inicial gratuita para analizar sus impuestos y c\u00f3mo podemos ayudarlo. Cont\u00e1ctenos hoy para programar una cita.<\/p>\n<p><img decoding=\"async\" class=\"aligncenter\" title=\"income tax service\" src=\"https:\/\/media.istockphoto.com\/photos\/two-employees-at-work-fill-out-tax-forms-1040-at-the-office-desk-picture-id1362033395?b=1&amp;k=20&amp;m=1362033395&amp;s=170667a&amp;w=0&amp;h=Y5CeicUqMG2KJ4UK2didtRSv59BVZpSNuLogWT9nSrA=\" alt=\"Income tax service\" width=\"508\" height=\"339\" \/><\/p>\n<h2>Obtenga la m\u00e1xima rentabilidad en Mogadore, OH<\/h2>\n<p>Con casi tres d\u00e9cadas de experiencia, nuestros profesionales est\u00e1n capacitados para obtener el mayor retorno de su inversi\u00f3n. Conocemos los entresijos del c\u00f3digo fiscal y nos aseguraremos de que aproveche todas las deducciones y cr\u00e9ditos a los que tiene derecho por el servicio de impuestos de Mogadore.<\/p>\n<p>No deber\u00edas tener que preocuparte por tus impuestos. Perm\u00edtanos ocuparnos de ellos para que pueda concentrarse en lo que es importante: administrar su peque\u00f1a empresa y aumentar sus resultados.<\/p>\n<h2>\u00bfPor qu\u00e9 elegirnos?<\/h2>\n<p>Con a\u00f1os de experiencia, nuestra empresa de propiedad y operaci\u00f3n familiar ha brindado servicios de impuestos sobre la renta de calidad en el \u00e1rea de Mogadore, Ohio. Ofrecemos varios servicios a individuos y peque\u00f1as empresas, incluida la preparaci\u00f3n de impuestos, representaci\u00f3n del IRS, contabilidad y m\u00e1s.<\/p>\n<p>Los profesionales de Akron Income Tax Co se enorgullecen de nuestro toque personal; cuando acuda a nosotros en busca de ayuda con sus impuestos, puede estar seguro de que recibir\u00e1 la atenci\u00f3n individualizada que se merece. Entendemos que lidiar con los impuestos puede ser estresante, por lo que hacemos todo lo posible para garantizar que nuestros clientes se sientan c\u00f3modos y bien informados durante todo el proceso. Puede utilizarnos para su Servicio de Impuestos de Mogadore.<\/p>\n<h3><strong>Devoluciones m\u00e1ximas:<\/strong><\/h3>\n<p>Para individuos, nos aseguraremos de que reciba todas las deducciones y cr\u00e9ditos para los que es elegible para obtener el m\u00e1ximo rendimiento de su reembolso de impuestos. Tambi\u00e9n ofrecemos una consulta inicial gratuita para analizar sus necesidades espec\u00edficas en Mogadore Oh. 44260<\/p>\n<p><strong>Precisi\u00f3n<\/strong>: es importante verificar la precisi\u00f3n de nuestro trabajo y enorgullecernos de estar orientados a los detalles. De esta manera, podemos estar seguros de que sus impuestos se declaran correctamente y no tiene que preocuparse por ning\u00fan error.<\/p>\n<p><strong>Servicio r\u00e1pido y eficiente<\/strong>: tiene opciones para dejar sus impuestos y recogerlos en 2 o 3 d\u00edas o hacer una cita y completar sus impuestos mientras est\u00e1 all\u00ed. Normalmente en una hora. En <a href=\"https:\/\/apc1040.com\/es\/akron-income-tax-co-vea-nuestra-presencia-en-la-web\/\">Akron Income Tax<\/a> Co, prepararemos sus impuestos r\u00e1pidamente para que pueda continuar con su vida.<\/p>\n<h3><strong>Precios asequibles<\/strong>:<\/h3>\n<p>Ofrecemos tarifas competitivas para garantizar que obtenga el mejor valor por su dinero. Tambi\u00e9n ofrecemos una variedad de opciones de pago para satisfacer sus necesidades.<\/p>\n<h3><strong>Experiencia y conocimientos<\/strong>:<\/h3>\n<p>Con a\u00f1os de experiencia, tenemos el conocimiento y la experiencia para manejar cualquier situaci\u00f3n fiscal. Estamos aqu\u00ed para ayudarle a resolver sus problemas fiscales para que pueda continuar con su vida.<\/p>\n<p>En Akron Income Tax Co., ofrecemos una amplia gama de servicios de impuestos de Mogadore que satisfar\u00e1n sus necesidades. Nos enorgullecemos de nuestro toque personal y dedicaci\u00f3n para proporcionar la m\u00e1xima rentabilidad a nuestros clientes. Cont\u00e1ctenos hoy para programar una consulta gratuita para la preparaci\u00f3n de declaraciones de impuestos.<\/p>\n<p><img decoding=\"async\" class=\"alignnone\" title=\"mogadore oh 44260 \" src=\"https:\/\/media.istockphoto.com\/photos\/individual-income-tax-return-picture-id1309123898?b=1&amp;k=20&amp;m=1309123898&amp;s=170667a&amp;w=0&amp;h=cBm76nrJM-HOyVIGYuPJM1QJ-OX6s4M3SywnhIh0iVc=\" alt=\"mogadore oh 44260\" width=\"509\" height=\"339\" \/><\/p>\n<h2>Preguntas frecuentes<\/h2>\n<h3>1. \u00bfCu\u00e1nto cuesta terminar con los impuestos?<\/h3>\n<p>El costo de nuestros servicios variar\u00e1 seg\u00fan la complejidad de sus impuestos y la cantidad de formularios que se deben presentar. La mayor\u00eda de nuestras devoluciones se completan por $120. Sin embargo, ofrecemos una consulta gratuita a clientes potenciales para darle una estimaci\u00f3n precisa. <a href=\"https:\/\/apc1040.com\/es\/servicios-de-impuestos-sobre-la-renta-uniontown\/\">Impuesto sobre la renta servicios<\/a> Mogador<\/p>\n<h3>2. \u00bfCu\u00e1les son las posibilidades de que me auditen?<\/h3>\n<p>No hay una respuesta definitiva a esta pregunta, ya que muchos factores intervienen en si alguien es seleccionado o no para una auditor\u00eda. Sin embargo, si ha presentado sus impuestos con precisi\u00f3n y tiene toda la documentaci\u00f3n para respaldar sus reclamos, sus posibilidades de ser auditado son significativamente menores.<\/p>\n<h3>3. \u00bfPuedo obtener una pr\u00f3rroga en la presentaci\u00f3n de mis impuestos?<\/h3>\n<p>S\u00ed, puede solicitar una pr\u00f3rroga si no puede declarar sus impuestos antes de la fecha l\u00edmite de abril. Sin embargo, seguir\u00e1 siendo responsable de los impuestos adeudados y puede incurrir en multas si no paga a tiempo.<\/p>\n<h3>4. \u00bfNecesito un profesional que me ayude con mis impuestos?<\/h3>\n<p>Si bien no es necesario que utilice un preparador de impuestos profesional, se recomienda si sus impuestos son complejos o si trabaja por cuenta propia. Un profesional puede ayudarlo a garantizar que sus impuestos se presenten con precisi\u00f3n y a tiempo para evitar sanciones.<\/p>\n<h3>5. \u00bfQu\u00e9 sucede si debo impuestos y no puedo pagarlos?<\/h3>\n<p>Si debe impuestos y no puede pagar, el IRS puede tomar medidas para cobrar la deuda. Esto podr\u00eda incluir el embargo de salarios, el embargo de cuentas bancarias o la presentaci\u00f3n de un aviso de gravamen fiscal federal. Sin embargo, hay opciones disponibles para aquellos que no pueden pagar sus impuestos en su totalidad, como un iplan de instalaci\u00f3nc o una oferta de compromiso. Podemos ayudarlo a establecer pagos mensuales.<\/p>\n<h3>6. \u00bfPuedo tener problemas por no declarar mis impuestos?<\/h3>\n<p>S\u00ed, puede estar sujeto a multas e intereses si no presenta sus impuestos a tiempo. Tambi\u00e9n puede estar sujeto a cargos penales si se determina que intencionalmente no present\u00f3 sus impuestos.<\/p>\n<h3>7. \u00bfQu\u00e9 debo hacer para recibir un aviso del IRS?<\/h3>\n<p>Si recibe un aviso del IRS, es importante que responda lo antes posible. El aviso explicar\u00e1 qu\u00e9 acci\u00f3n debe tomarse y proporcionar\u00e1 una fecha l\u00edmite para la respuesta. Ignorar el aviso puede resultar en multas e intereses adicionales.<\/p>\n<h3>8. \u00bfPuedo presentar mis impuestos electr\u00f3nicamente?<\/h3>\n<p>Podemos <a href=\"https:\/\/apc1040.com\/es\/presentar-una-extension-de-impuestos-del-irs\/\">presentar sus impuestos<\/a> electr\u00f3nicamente a trav\u00e9s del sitio web del IRS con nuestro software de preparaci\u00f3n de impuestos. Se recomienda la presentaci\u00f3n electr\u00f3nica, ya que puede ayudar a garantizar que sus impuestos se presenten con precisi\u00f3n y a tiempo.<\/p>\n<h3>9. \u00bfQu\u00e9 sucede si cometo un error en mis impuestos?<\/h3>\n<p>Si comete un error en sus impuestos, puede enmendar su declaraci\u00f3n presentando un Formulario 1040X. Sin embargo, es importante tener en cuenta que enmendar su declaraci\u00f3n no garantiza que no deba impuestos o multas adicionales.<\/p>\n","protected":false},"excerpt":{"rendered":"<p>Servicios de impuestos sobre la renta Mogadore Ohio Con a\u00f1os de experiencia, Akron Income Tax es la empresa l\u00edder en preparaci\u00f3n de impuestos para los servicios de impuestos sobre la renta de Mogadore. Primero, estamos a solo 2 millas por Waterloo Rd en direcci\u00f3n oeste desde 532 en los edificios Gala Commons. En segundo lugar,&#8230;<\/p>\n","protected":false},"author":10,"featured_media":5805,"parent":0,"menu_order":0,"comment_status":"closed","ping_status":"closed","template":"","meta":{"_lmt_disableupdate":"no","_lmt_disable":"","_monsterinsights_skip_tracking":false,"_monsterinsights_sitenote_active":false,"_monsterinsights_sitenote_note":"","_monsterinsights_sitenote_category":0,"_uf_show_specific_survey":0,"_uf_disable_surveys":false,"footnotes":""},"class_list":["post-2914","page","type-page","status-publish","has-post-thumbnail","hentry"],"yoast_head":"<!-- This site is optimized with the Yoast SEO Premium plugin v27.3 (Yoast SEO v27.5) - https:\/\/yoast.com\/product\/yoast-seo-premium-wordpress\/ -->\n<title>Servicios de impuestos sobre la renta Mogadore Ohio<\/title>\n<meta name=\"description\" content=\"Servicios de impuestos sobre la renta, Mogadore, Ohio Impuestos completados por $ 120 preparadores profesionales experimentados.\" \/>\n<meta name=\"robots\" content=\"index, follow, max-snippet:-1, max-image-preview:large, max-video-preview:-1\" \/>\n<link rel=\"canonical\" href=\"https:\/\/apc1040.com\/es\/servicios-de-impuestos-sobre-la-renta-mogador\/\" \/>\n<meta property=\"og:locale\" content=\"es_ES\" \/>\n<meta property=\"og:type\" content=\"article\" \/>\n<meta property=\"og:title\" content=\"Servicios de impuestos sobre la renta Mogadore\" \/>\n<meta property=\"og:description\" content=\"Servicios de impuestos sobre la renta, Mogadore, Ohio Impuestos completados por $ 120 preparadores profesionales experimentados.\" \/>\n<meta property=\"og:url\" content=\"https:\/\/apc1040.com\/es\/servicios-de-impuestos-sobre-la-renta-mogador\/\" \/>\n<meta property=\"og:site_name\" content=\"Akron Income Tax Preparation\" \/>\n<meta property=\"article:publisher\" content=\"https:\/\/www.facebook.com\/APC1040\" \/>\n<meta property=\"article:modified_time\" content=\"2024-11-27T18:56:12+00:00\" \/>\n<meta property=\"og:image\" content=\"https:\/\/apc1040.com\/wp-content\/uploads\/2024\/01\/20kwGEO_income_tax_services_Mogadore.jpg\" \/>\n\t<meta property=\"og:image:width\" content=\"480\" \/>\n\t<meta property=\"og:image:height\" content=\"270\" \/>\n\t<meta property=\"og:image:type\" content=\"image\/jpeg\" \/>\n<meta name=\"twitter:card\" content=\"summary_large_image\" \/>\n<meta name=\"twitter:label1\" content=\"Est. reading time\" \/>\n\t<meta name=\"twitter:data1\" content=\"9 minutes\" \/>\n<!-- \/ Yoast SEO Premium plugin. -->","yoast_head_json":{"title":"Servicios de impuestos sobre la renta Mogadore Ohio","description":"Servicios de impuestos sobre la renta, Mogadore, Ohio Impuestos completados por $ 120 preparadores profesionales experimentados.","robots":{"index":"index","follow":"follow","max-snippet":"max-snippet:-1","max-image-preview":"max-image-preview:large","max-video-preview":"max-video-preview:-1"},"canonical":"https:\/\/apc1040.com\/es\/servicios-de-impuestos-sobre-la-renta-mogador\/","og_locale":"es_ES","og_type":"article","og_title":"Servicios de impuestos sobre la renta Mogadore","og_description":"Servicios de impuestos sobre la renta, Mogadore, Ohio Impuestos completados por $ 120 preparadores profesionales experimentados.","og_url":"https:\/\/apc1040.com\/es\/servicios-de-impuestos-sobre-la-renta-mogador\/","og_site_name":"Akron Income Tax Preparation","article_publisher":"https:\/\/www.facebook.com\/APC1040","article_modified_time":"2024-11-27T18:56:12+00:00","og_image":[{"width":480,"height":270,"url":"https:\/\/apc1040.com\/wp-content\/uploads\/2024\/01\/20kwGEO_income_tax_services_Mogadore.jpg","type":"image\/jpeg"}],"twitter_card":"summary_large_image","twitter_misc":{"Est. reading time":"9 minutes"},"schema":{"@context":"https:\/\/schema.org","@graph":[{"@type":"WebPage","@id":"https:\/\/apc1040.com\/es\/servicios-de-impuestos-sobre-la-renta-mogador\/","url":"https:\/\/apc1040.com\/es\/servicios-de-impuestos-sobre-la-renta-mogador\/","name":"Servicios de impuestos sobre la renta Mogadore Ohio","isPartOf":{"@id":"https:\/\/apc1040.com\/es\/#website"},"primaryImageOfPage":{"@id":"https:\/\/apc1040.com\/es\/servicios-de-impuestos-sobre-la-renta-mogador\/#primaryimage"},"image":{"@id":"https:\/\/apc1040.com\/es\/servicios-de-impuestos-sobre-la-renta-mogador\/#primaryimage"},"thumbnailUrl":"https:\/\/apc1040.com\/wp-content\/uploads\/2024\/01\/20kwGEO_income_tax_services_Mogadore.jpg","datePublished":"2022-07-29T19:57:09+00:00","dateModified":"2024-11-27T18:56:12+00:00","description":"Servicios de impuestos sobre la renta, Mogadore, Ohio Impuestos completados por $ 120 preparadores profesionales experimentados.","breadcrumb":{"@id":"https:\/\/apc1040.com\/es\/servicios-de-impuestos-sobre-la-renta-mogador\/#breadcrumb"},"inLanguage":"es","potentialAction":[{"@type":"ReadAction","target":["https:\/\/apc1040.com\/es\/servicios-de-impuestos-sobre-la-renta-mogador\/"]}]},{"@type":"ImageObject","inLanguage":"es","@id":"https:\/\/apc1040.com\/es\/servicios-de-impuestos-sobre-la-renta-mogador\/#primaryimage","url":"https:\/\/apc1040.com\/wp-content\/uploads\/2024\/01\/20kwGEO_income_tax_services_Mogadore.jpg","contentUrl":"https:\/\/apc1040.com\/wp-content\/uploads\/2024\/01\/20kwGEO_income_tax_services_Mogadore.jpg","width":480,"height":270,"caption":"Income Tax Preparation Akron Ohio"},{"@type":"BreadcrumbList","@id":"https:\/\/apc1040.com\/es\/servicios-de-impuestos-sobre-la-renta-mogador\/#breadcrumb","itemListElement":[{"@type":"ListItem","position":1,"name":"Home","item":"https:\/\/apc1040.com\/es\/"},{"@type":"ListItem","position":2,"name":"Servicios de impuestos sobre la renta Mogadore"}]},{"@type":"WebSite","@id":"https:\/\/apc1040.com\/es\/#website","url":"https:\/\/apc1040.com\/es\/","name":"Akron Income Tax Preparation","description":"Income Tax Preparation Service","publisher":{"@id":"https:\/\/apc1040.com\/es\/#organization"},"potentialAction":[{"@type":"SearchAction","target":{"@type":"EntryPoint","urlTemplate":"https:\/\/apc1040.com\/es\/?s={search_term_string}"},"query-input":{"@type":"PropertyValueSpecification","valueRequired":true,"valueName":"search_term_string"}}],"inLanguage":"es"},{"@type":"Organization","@id":"https:\/\/apc1040.com\/es\/#organization","name":"Akron Income Tax Co","url":"https:\/\/apc1040.com\/es\/","logo":{"@type":"ImageObject","inLanguage":"es","@id":"https:\/\/apc1040.com\/es\/#\/schema\/logo\/image\/","url":"https:\/\/apc1040.com\/wp-content\/uploads\/2024\/11\/income-tax-service-akron.jpg","contentUrl":"https:\/\/apc1040.com\/wp-content\/uploads\/2024\/11\/income-tax-service-akron.jpg","width":800,"height":745,"caption":"Akron Income Tax Co"},"image":{"@id":"https:\/\/apc1040.com\/es\/#\/schema\/logo\/image\/"},"sameAs":["https:\/\/www.facebook.com\/APC1040"]}]}},"amp_enabled":true,"_links":{"self":[{"href":"https:\/\/apc1040.com\/es\/wp-json\/wp\/v2\/pages\/2914","targetHints":{"allow":["GET"]}}],"collection":[{"href":"https:\/\/apc1040.com\/es\/wp-json\/wp\/v2\/pages"}],"about":[{"href":"https:\/\/apc1040.com\/es\/wp-json\/wp\/v2\/types\/page"}],"author":[{"embeddable":true,"href":"https:\/\/apc1040.com\/es\/wp-json\/wp\/v2\/users\/10"}],"replies":[{"embeddable":true,"href":"https:\/\/apc1040.com\/es\/wp-json\/wp\/v2\/comments?post=2914"}],"version-history":[{"count":1,"href":"https:\/\/apc1040.com\/es\/wp-json\/wp\/v2\/pages\/2914\/revisions"}],"predecessor-version":[{"id":9762,"href":"https:\/\/apc1040.com\/es\/wp-json\/wp\/v2\/pages\/2914\/revisions\/9762"}],"wp:featuredmedia":[{"embeddable":true,"href":"https:\/\/apc1040.com\/es\/wp-json\/wp\/v2\/media\/5805"}],"wp:attachment":[{"href":"https:\/\/apc1040.com\/es\/wp-json\/wp\/v2\/media?parent=2914"}],"curies":[{"name":"wp","href":"https:\/\/api.w.org\/{rel}","templated":true}]}}