{"id":2903,"date":"2021-12-11T12:43:33","date_gmt":"2021-12-11T17:43:33","guid":{"rendered":"https:\/\/apc1040.com\/?page_id=2903"},"modified":"2026-01-06T23:15:48","modified_gmt":"2026-01-07T04:15:48","slug":"declaraciones-de-impuestos-sobre-la-renta-akron","status":"publish","type":"page","link":"https:\/\/apc1040.com\/es\/declaraciones-de-impuestos-sobre-la-renta-akron\/","title":{"rendered":"Declaraciones de Impuestos sobre la Renta Akron: Presentando sus Impuestos correctamente"},"content":{"rendered":"<section class=\"l-section wpb_row height_small\"><div class=\"l-section-h i-cf\"><div class=\"g-cols vc_row via_flex valign_top type_default stacking_default\"><div class=\"vc_col-sm-12 wpb_column vc_column_container\"><div class=\"vc_column-inner\"><div class=\"wpb_wrapper\"><div class=\"wpb_text_column\"><div class=\"wpb_wrapper\"><h2 style=\"background: white;\"><span style=\"font-family: Tahoma;\">Presentaci\u00f3n de sus declaraciones de impuestos federales<\/span><\/h2>\n<p data-pm-slice=\"1 1 &#091;&#093;\">\u00bfTemes hacer tus <a href=\"https:\/\/apc1040.com\/es\/\">declaraciones de impuestos<\/a>? No tiene que ser un proceso dif\u00edcil. Con la ayuda de un preparador de impuestos profesional, puede resolverlo r\u00e1pida y f\u00e1cilmente. Perm\u00edtanos eliminar las molestias de la temporada de impuestos por usted.<\/p>\n<p>Nos aseguraremos de que su declaraci\u00f3n se haga correctamente y se presente a tiempo. Puede contactarnos hoy para comenzar. Adem\u00e1s, consulte nuestra gu\u00eda para comprender el proceso e informarse sobre los impuestos federales.<\/p>\n<\/div><\/div><div class=\"w-image us_custom_4cbf8dcb has_height align_center\"><div class=\"w-image-h\"><img decoding=\"async\" width=\"780\" height=\"520\" src=\"https:\/\/apc1040.com\/wp-content\/uploads\/2022\/06\/photo-1598432439250-0330f9130e14.jpg\" class=\"attachment-large size-large\" alt=\"Archivo en casa\" loading=\"lazy\" srcset=\"https:\/\/apc1040.com\/wp-content\/uploads\/2022\/06\/photo-1598432439250-0330f9130e14.jpg 1000w, https:\/\/apc1040.com\/wp-content\/uploads\/2022\/06\/photo-1598432439250-0330f9130e14-300x200.jpg 300w\" sizes=\"auto, (max-width: 780px) 100vw, 780px\" \/><\/div><\/div><div class=\"wpb_text_column\"><div class=\"wpb_wrapper\"><h2><strong>Acerca de la declaraci\u00f3n de impuestos<\/strong><\/h2>\n<p>Cuando se acerca la temporada de impuestos, a menudo se pregunta sobre las opciones para presentar correctamente las declaraciones de impuestos sobre la renta. La temporada de impuestos comienza en enero y finaliza el 15 de abril de cada a\u00f1o. Sin embargo, presentar sus <a href=\"https:\/\/apc1040.com\/es\/declaraciones-de-impuestos-sobre-la-renta-akron\/\">declaraciones de impuestos sobre la renta<\/a> federales en Akron no tiene por qu\u00e9 ser abrumador. Al asociarse con el <a href=\"https:\/\/apc1040.com\/es\/lista-de-nuestros-servicios\/servicios-de-preparacion-de-la-declaracion-de-la-renta\/\">preparador de impuestos correcto<\/a>, puede evitar errores costosos y aprovechar oportunidades que pueden ayudarlo a ahorrar dinero y aumentar su reembolso de impuestos federales.<\/p>\n<p>B\u00e1sicamente, una declaraci\u00f3n de impuestos es un <a href=\"https:\/\/apc1040.com\/es\/impuestos-facil\/carteles-de-empresa\/formularios-fiscales-para-subcontratistas\/\">formulario o formularios presentados ante una autoridad fiscal<\/a>, como el IRS en los EE. UU. El formulario contiene informaci\u00f3n sobre ingresos, gastos y otra informaci\u00f3n fiscal. Los contribuyentes pueden calcular su obligaci\u00f3n tributaria y solicitar un reembolso si han pagado en exceso sus impuestos. Tambi\u00e9n puede permitir a los contribuyentes programar sus pagos de impuestos ya que deben presentar sus declaraciones de impuestos todos los a\u00f1os.<\/p>\n<p>Hay tres secciones principales en las declaraciones de impuestos: ingresos, deducciones y cr\u00e9ditos fiscales.<\/p>\n<h3>1. Ingresos<\/h3>\n<p>Debe enumerar todas sus fuentes de ingresos en la secci\u00f3n de ingresos de una declaraci\u00f3n de impuestos. En los EE. UU., el formulario W-2 generalmente se usa para informar todos los ingresos que ha ganado. Sus ingresos incluyen sus salarios, ingresos por trabajar por cuenta propia, dividendos, regal\u00edas y m\u00e1s.<\/p>\n<p>Idealmente, deber\u00eda recibir su formulario W-2 en enero o febrero de cada a\u00f1o. Las personas que trabajan a tiempo completo suelen recibir el formulario W-2 con detalles de todos sus ingresos y los impuestos retenidos. Para aut\u00f3nomos y trabajadores por contrato, el equivalente es el Formulario 1099-NEC, que ofrece detalles de todo lo que han ganado. Si ha ganado dividendos o intereses sobre inversiones, puede recibir otros documentos, como 1099-DIV y 1099-INT.<\/p>\n<p>Los estudiantes universitarios pueden recibir el 1098-T que muestra la cantidad que han pagado en matr\u00edcula. Si han recibido subvenciones o becas, eso tambi\u00e9n se reflejar\u00e1 en el formulario.<\/p>\n<h3>2. Deducciones<\/h3>\n<p>Una deducci\u00f3n fiscal es un reclamo o deducci\u00f3n que reduce su ingreso imponible y, por lo tanto, su responsabilidad fiscal. Sus deducciones de impuestos pueden ser diferentes seg\u00fan la jurisdicci\u00f3n en la que viva. Declaraciones de Impuestos sobre la Renta Akron. Sin embargo, algunos ejemplos comunes de deducciones de impuestos incluyen deducciones de intereses sobre ciertos pr\u00e9stamos, contribuciones a planes de ahorro para la jubilaci\u00f3n y m\u00e1s.<\/p>\n<section class=\"flex flex-col\"><\/section>\n<p>Comprender el tipo de deducciones para las que es elegible puede ayudarlo a reunir la documentaci\u00f3n correcta.<\/p>\n<p>Aqu\u00ed hay algunas deducciones en sus declaraciones de impuestos Akron para las que puede ser elegible:<\/p>\n<h3>3. Inter\u00e9s de pr\u00e9stamo estudiantil<\/h3>\n<p>Es posible que pueda reclamar deducciones de impuestos de hasta $2500, seg\u00fan su ingreso bruto ajustado y modificado. Los pr\u00e9stamos estudiantiles pueden afectar el estado de su reembolso y darle la oportunidad de obtener un reembolso m\u00e1ximo.<\/p>\n<h3>4. Gastos comerciales<\/h3>\n<p>Si trabaja por cuenta propia o por cuenta propia, es posible que pueda reclamar deducciones por gastos relacionados con el trabajo. <a href=\"https:\/\/apc1040.com\/es\/small-business-income-tax-service\/\">Declaraciones de impuestos comerciales<\/a> requieren formularios adicionales para informar ingresos y gastos. Los gastos incluir\u00edan suministros de oficina, suscripciones de la industria y m\u00e1s. El seguimiento de sus ingresos y el uso de los formularios correctos para informar sus ingresos de ingresos individuales reducir\u00e1 la tasa de error en su declaraci\u00f3n de impuestos federales. Los cambios en el estado de impuestos federales para los trabajadores por cuenta propia ya que los gastos adicionales est\u00e1n disponibles en los formularios del anexo C.<\/p>\n<p>&nbsp;<\/p>\n<h3>5. Cr\u00e9ditos de Educaci\u00f3n<\/h3>\n<p>\u00bfEres estudiante a tiempo completo? \u00bfEst\u00e1 siendo reclamado como dependiente? Si respondi\u00f3 que no, puede ser elegible para un cr\u00e9dito fiscal. Sin embargo, solo es elegible si contribuye a un plan de jubilaci\u00f3n. La cantidad de cr\u00e9dito para la que es elegible depende de su ingreso bruto ajustado y su estado civil.<\/p>\n<p>Por ejemplo, para el a\u00f1o fiscal 2021, puede ser elegible para el cr\u00e9dito del ahorrador si su ingreso bruto ajustado es de $33,000 o menos y su estado civil es soltero. De manera similar, puede ser elegible si su ingreso bruto ajustado es de $66,000 o menos si est\u00e1 casado. Estos n\u00fameros est\u00e1n sujetos a cambios, por lo que es posible que desee consultar el sitio web del IRS.<\/p>\n<p>El sitio web del IRS tambi\u00e9n enumera otras deducciones para las que puede ser elegible.<\/p>\n<h3>7. Cr\u00e9ditos Fiscales<\/h3>\n<p>Un cr\u00e9dito fiscal se refiere a la cantidad de dinero que los contribuyentes pueden deducir de los impuestos sobre la renta que deben. Al igual que las deducciones, incluso los cr\u00e9ditos fiscales pueden variar entre jurisdicciones. Sin embargo, es posible que pueda reclamar cr\u00e9ditos atribuidos al cuidado de personas mayores y ni\u00f1os, educaci\u00f3n, pensi\u00f3n y muchos m\u00e1s.<\/p>\n<p>Despu\u00e9s de informar los ingresos, las deducciones y el cr\u00e9dito, el final de su declaraci\u00f3n de impuestos identifica la cantidad que debe en impuestos. Tambi\u00e9n mostrar\u00e1 si ha pagado en exceso sus impuestos. Si pag\u00f3 en exceso en su declaraci\u00f3n federal, califica para recibir un reembolso por correo o, si present\u00f3 una declaraci\u00f3n electr\u00f3nica, puede transferirlos al pr\u00f3ximo a\u00f1o.<\/p>\n<p>El siguiente paso es presentar su declaraci\u00f3n de la renta. Si se siente lo suficientemente seguro, siempre puede presentarlot\u00fa mismo. Existe un software de preparaci\u00f3n de impuestos disponible en l\u00ednea que puede usar para presentar sus declaraciones por una tarifa. Sin embargo, \u00bfpuede estar seguro de su precisi\u00f3n? Si desea precisi\u00f3n, confiabilidad y seguridad, lo ideal es contratar a un preparador profesional para presentar su declaraci\u00f3n federal. Adem\u00e1s, tambi\u00e9n obtiene orientaci\u00f3n experta, lo cual es beneficioso para todos.<\/p>\n<\/div><\/div><div class=\"w-image us_custom_4cbf8dcb has_height align_center\"><div class=\"w-image-h\"><img decoding=\"async\" width=\"780\" height=\"520\" src=\"https:\/\/apc1040.com\/wp-content\/uploads\/2022\/06\/photo-1554224155-a1487473ffd9.jpg\" class=\"attachment-large size-large\" alt=\"photo 1554224155 a1487473ffd9\" loading=\"lazy\" srcset=\"https:\/\/apc1040.com\/wp-content\/uploads\/2022\/06\/photo-1554224155-a1487473ffd9.jpg 1000w, https:\/\/apc1040.com\/wp-content\/uploads\/2022\/06\/photo-1554224155-a1487473ffd9-300x200.jpg 300w\" sizes=\"auto, (max-width: 780px) 100vw, 780px\" \/><\/div><\/div><div class=\"wpb_text_column\"><div class=\"wpb_wrapper\"><h2>\u00bfSe supone que debe pagar los impuestos de la ciudad de Akron?<\/h2>\n<p>Es de conocimiento com\u00fan que las personas que viven en los l\u00edmites de la ciudad de Akron son responsables de pagar los impuestos de la ciudad adem\u00e1s de su declaraci\u00f3n de impuestos estatales y los <a href=\"https:\/\/apc1040.com\/es\/declaracion-de-impuestos-federales\/\">impuestos federales<\/a> sobre la renta. Cualquier persona que tenga un negocio o propiedad de alquiler (los propietarios de alquiler deben registrarse) tambi\u00e9n debe contabilizar los ingresos y presentar o presentar un formulario de impuestos sobre la renta de Akron.<\/p>\n<p>Si no est\u00e1 seguro de si necesita o no presentar una declaraci\u00f3n ante la Ciudad de Akron, hable con nuestros expertos en impuestos de Akron Income Tax Co., quienes abordar\u00e1n la pregunta y pueden ayudarlo a determinar sus requisitos de presentaci\u00f3n. No pagar los impuestos adeudados puede resultar en multas significativas y cargos por intereses, por lo que es mejor prevenir que lamentar. Tenga en cuenta que no todas las personas con una direcci\u00f3n de Akron deben presentar una declaraci\u00f3n de la ciudad ante el gobierno, algunas \u00e1reas no est\u00e1n dentro de los l\u00edmites de la ciudad.<\/p>\n<h2>\u00bfPor qu\u00e9 contratar a un especialista en preparaci\u00f3n?<\/h2>\n<p>Un preparador de impuestos es un experto que calcula y presenta declaraciones de impuestos, y hay varias razones para contratar uno. Si tiene m\u00faltiples fuentes de ingresos, presentar una declaraci\u00f3n de impuestos puede ser bastante complicado. \u00bfConoce todas las formas en que puede ajustar su ingreso imponible? \u00bfConoce las formas de reducir los impuestos o aumentar su reembolso de impuestos federales? Si no, entonces contratar a un preparador de impuestos es lo mejor que puede hacer para aumentar su reembolso. Nuestros servicios seguros garantizan que obtenga el m\u00e1ximo reembolso federal. D\u00f3lar por d\u00f3lar, debemos ser su elecci\u00f3n para la preparaci\u00f3n de impuestos.<br \/>\nLa ventaja m\u00e1s significativa de contratar a un preparador de impuestos es su riqueza de conocimientos sobre las leyes y procedimientos tributarios. Akron Income Tax Co. ha estado haciendo impuestos durante los \u00faltimos 38 a\u00f1os. Su incre\u00edble conocimiento y experiencia con respecto a las leyes fiscales de los Estados Unidos los convierten en los mejores del mercado.<br \/>\nOtros beneficios de contratar a un preparador de impuestos incluyen:<\/p>\n<h2>1. Conveniencia<\/h2>\n<p>Presentar declaraciones de impuestos no es una broma. Debes saber mucho y mucho para ser atendido. Debe conocer las deducciones y cr\u00e9ditos correctos que puede reclamar para reducir su ingreso imponible. Elija los equivocados, y puede que est\u00e9 violando la ley. \u00bfPor qu\u00e9 pasar por tantas molestias cuando puede contratar a un preparador de impuestos experimentado para completar sus declaraciones de impuestos sobre la renta en Akron Income Tax Co?<\/p>\n<h2>2. Ahorre dinero<\/h2>\n<p>Los preparadores de impuestos experimentados pueden ayudarlo a encontrar los cr\u00e9ditos y deducciones fiscales correctos para los que es elegible. La cantidad de dinero que ahorre de estos excede f\u00e1cilmente lo que pagar\u00eda a un preparador de impuestos. Akron Income Tax Co. trabaja con algunos de los profesionales de impuestos m\u00e1s educados y experimentados. Ofrecemos una tarifa plana, precios sencillos y absolutamente sin cargos ocultos.<\/p>\n<p><a href=\"https:\/\/apc1040.com\/es\/testimonios-akron-income-tax-co\/\">Akron Income Tax Co<\/a>. puede ser beneficioso durante la temporada de impuestos y el resto del a\u00f1o. Nuestros profesionales de impuestos pueden ofrecer orientaci\u00f3n experta sobre las mejores estrategias para tomar decisiones inteligentes de ahorro de impuestos. Si ha omitido alguna deducci\u00f3n en el pasado, nuestros profesionales podr\u00edan modificarla.<\/p>\n<h2>3. Ahorra tiempo<\/h2>\n<p>Seg\u00fan el IRS, se necesitan 20 horas para completar la declaraci\u00f3n de impuestos promedio con deducciones. \u00bfTienes ese tipo de tiempo? \u00bfQu\u00e9 pasa si tienes preguntas? E file le ahorrar\u00e1 tiempo y dinero. Puede llamar al IRS, pero eso significa estar al tel\u00e9fono durante horas.<br \/>\nEntonces, \u00bfqu\u00e9 es lo mejor que se puede hacer? Contrate a un preparador de impuestos confiable, confiable y experimentado como Akron Income Tax Co. Tenemos m\u00e1s de 38 a\u00f1os de experiencia, con una reputaci\u00f3n estelar de ser precisos, seguros y confiables. Tenemos algunos de los mejores profesionales de impuestos que trabajan para nosotros que son altamente educados y experimentados. Debido a la incre\u00edble confianza que tenemos en nuestra precisi\u00f3n, garantizamos nuestro trabajo. S\u00ed, garantizamos nuestro trabajo. Con Akron Income Tax Co., seguramente ahorrar\u00e1 su dinero a largo plazo.<\/p>\n<\/div><\/div><div class=\"w-image us_custom_6e9bc2f4 has_height align_center\"><div class=\"w-image-h\"><img decoding=\"async\" width=\"508\" height=\"339\" src=\"https:\/\/apc1040.com\/wp-content\/uploads\/2022\/06\/istockphoto-1330234595-170667a.jpg\" class=\"attachment-large size-large\" alt=\"istockphoto 1330234595 170667a\" loading=\"lazy\" srcset=\"https:\/\/apc1040.com\/wp-content\/uploads\/2022\/06\/istockphoto-1330234595-170667a.jpg 508w, https:\/\/apc1040.com\/wp-content\/uploads\/2022\/06\/istockphoto-1330234595-170667a-300x200.jpg 300w\" sizes=\"auto, (max-width: 508px) 100vw, 508px\" \/><\/div><\/div><div class=\"wpb_text_column\"><div class=\"wpb_wrapper\"><h2>FAQs<\/h2>\n<h3>1. \u00bfCu\u00e1ndo debo esperar mi reembolso de impuestos?<\/h3>\n<p>En el caso de la presentaci\u00f3n electr\u00f3nica, deber\u00eda recibir su reembolso dentro de los 21 d\u00edas. Si envi\u00f3 por correo una declaraci\u00f3n en papel, debe esperar su reembolso dentro de los 42 d\u00edas. Es m\u00e1s seguro firmar y presentar electr\u00f3nicamente, millones de personas utilizan este servicio para firmar y enviar sus datos. La presentaci\u00f3n electr\u00f3nica reduce los tiempos de espera en comparaci\u00f3n con los servicios por correo.<\/p>\n<h3>2. \u00bfC\u00f3mo puedo verificar el estado de mi reembolso de impuestos?<\/h3>\n<p>La mejor manera de verificar el estado de su reembolso es utilizar la p\u00e1gina &#8220;\u00bfD\u00f3nde est\u00e1 mi reembolso?&#8221; del IRS. herramienta de servicio. Tambi\u00e9n puede llamar al IRS directamente al 1-800-829-1040.<\/p>\n<h3>3. \u00bfQu\u00e9 pasa si debo impuestos?<\/h3>\n<p>Si debe impuestos, debe esperar recibir una factura por correo del IRS. La factura incluir\u00e1 el monto que debe, as\u00ed como instrucciones sobre c\u00f3mo pagar. Tambi\u00e9n puede configurar un <a href=\"https:\/\/apc1040.com\/es\/explore-las-opciones-del-plan-de-pago-de-impuestos-del-irs\/\">plan de pago con el IRS<\/a> si no puede pagar el monto total adeudado.<\/p>\n<h3>4. \u00bfQu\u00e9 pasa si no he recibido mi reembolso de impuestos?<\/h3>\n<p>Si esperaba recibir un reembolso pero a\u00fan no lo ha recibido, lo mejor que puede hacer es verificar el estado de su reembolso utilizando la p\u00e1gina &#8220;\u00bfD\u00f3nde est\u00e1 mi reembolso?&#8221; del IRS. herramienta. Si hay alg\u00fan problema con su reembolso, la herramienta le indicar\u00e1 qu\u00e9 debe hacer a continuaci\u00f3n.<\/p>\n<h3>5. \u00bfNecesito presentar una declaraci\u00f3n de impuestos?<\/h3>\n<p>S\u00f3lo necesita presentar una declaraci\u00f3n de impuestos si cumple con ciertos criterios. Para obtener m\u00e1s informaci\u00f3n sobre qui\u00e9n debe presentar una declaraci\u00f3n de impuestos, puede hablar hoy con un profesional de impuestos de nuestra empresa..<\/p>\n<h3>6. \u00bfQu\u00e9 pasa si no presento una declaraci\u00f3n de impuestos?<\/h3>\n<p>Si no presenta una declaraci\u00f3n de impuestos cuando se supone que debe hacerlo, puede estar sujeto a sanciones del IRS. El monto de la multa depender\u00e1 del retraso en la presentaci\u00f3n de su declaraci\u00f3n. En algunos casos, la multa puede llegar hasta el 25% de los impuestos adeudados.<\/p>\n<h2>Empieza ahora<\/h2>\n<p>Nuestra compa\u00f1\u00eda de impuestos sobre la renta puede ayudarlo con todas sus necesidades tributarias, ya sea un individuo o una empresa. Tenemos una amplia gama de servicios para ofrecer a nuestros clientes y siempre estamos aqu\u00ed para ayudar. Ya sea que necesite ayuda con el cr\u00e9dito tributario sobre la renta, el estado del <a href=\"https:\/\/apc1040.com\/es\/reembolso-estatal\/\">reembolso o presentar electr\u00f3nicamente la declaraci\u00f3n de impuestos estatales<\/a>, estamos listos para ayudarlo. \u00a1Cont\u00e1ctanos hoy para comenzar!<\/p>\n<\/div><\/div><\/div><\/div><\/div><\/div><\/div><\/section>\n","protected":false},"excerpt":{"rendered":"Presentaci\u00f3n de sus declaraciones de impuestos federales \u00bfTemes hacer tus declaraciones de impuestos? No tiene que ser un proceso dif\u00edcil. Con la ayuda de un preparador de impuestos profesional, puede resolverlo r\u00e1pida y f\u00e1cilmente. Perm\u00edtanos eliminar las molestias de la temporada de impuestos por usted. Nos aseguraremos de que su declaraci\u00f3n se haga correctamente y...","protected":false},"author":10,"featured_media":2589,"parent":0,"menu_order":0,"comment_status":"closed","ping_status":"closed","template":"","meta":{"_lmt_disableupdate":"no","_lmt_disable":"","_monsterinsights_skip_tracking":false,"_monsterinsights_sitenote_active":false,"_monsterinsights_sitenote_note":"","_monsterinsights_sitenote_category":0,"_uf_show_specific_survey":0,"_uf_disable_surveys":false,"footnotes":""},"class_list":["post-2903","page","type-page","status-publish","has-post-thumbnail","hentry"],"yoast_head":"<!-- This site is optimized with the Yoast SEO Premium plugin v27.3 (Yoast SEO v27.4) - https:\/\/yoast.com\/product\/yoast-seo-premium-wordpress\/ -->\n<title>Declaraciones de Impuestos sobre la Renta Akron<\/title>\n<meta name=\"description\" content=\"Presente sus impuestos y contrate al preparador adecuado. Gran informaci\u00f3n para ahorrarle dinero a largo plazo.\" \/>\n<meta name=\"robots\" content=\"index, follow, max-snippet:-1, max-image-preview:large, max-video-preview:-1\" \/>\n<link rel=\"canonical\" href=\"https:\/\/apc1040.com\/es\/declaraciones-de-impuestos-sobre-la-renta-akron\/\" \/>\n<meta property=\"og:locale\" content=\"es_ES\" \/>\n<meta property=\"og:type\" content=\"article\" \/>\n<meta property=\"og:title\" content=\"Declaraciones de Impuestos sobre la Renta Akron: Presentando sus Impuestos correctamente\" \/>\n<meta property=\"og:description\" content=\"Presente sus impuestos y contrate al preparador adecuado. Gran informaci\u00f3n para ahorrarle dinero a largo plazo.\" \/>\n<meta property=\"og:url\" content=\"https:\/\/apc1040.com\/es\/declaraciones-de-impuestos-sobre-la-renta-akron\/\" \/>\n<meta property=\"og:site_name\" content=\"Akron Income Tax Preparation\" \/>\n<meta property=\"article:publisher\" content=\"https:\/\/www.facebook.com\/APC1040\" \/>\n<meta property=\"article:modified_time\" content=\"2026-01-07T04:15:48+00:00\" \/>\n<meta property=\"og:image\" content=\"https:\/\/apc1040.com\/wp-content\/uploads\/2022\/06\/photo-1598432439250-0330f9130e14.jpg\" \/>\n\t<meta property=\"og:image:width\" content=\"1000\" \/>\n\t<meta property=\"og:image:height\" content=\"667\" \/>\n\t<meta property=\"og:image:type\" content=\"image\/jpeg\" \/>\n<meta name=\"twitter:card\" content=\"summary_large_image\" \/>\n<meta name=\"twitter:label1\" content=\"Est. reading time\" \/>\n\t<meta name=\"twitter:data1\" content=\"10 minutes\" \/>\n<!-- \/ Yoast SEO Premium plugin. -->","yoast_head_json":{"title":"Declaraciones de Impuestos sobre la Renta Akron","description":"Presente sus impuestos y contrate al preparador adecuado. Gran informaci\u00f3n para ahorrarle dinero a largo plazo.","robots":{"index":"index","follow":"follow","max-snippet":"max-snippet:-1","max-image-preview":"max-image-preview:large","max-video-preview":"max-video-preview:-1"},"canonical":"https:\/\/apc1040.com\/es\/declaraciones-de-impuestos-sobre-la-renta-akron\/","og_locale":"es_ES","og_type":"article","og_title":"Declaraciones de Impuestos sobre la Renta Akron: Presentando sus Impuestos correctamente","og_description":"Presente sus impuestos y contrate al preparador adecuado. Gran informaci\u00f3n para ahorrarle dinero a largo plazo.","og_url":"https:\/\/apc1040.com\/es\/declaraciones-de-impuestos-sobre-la-renta-akron\/","og_site_name":"Akron Income Tax Preparation","article_publisher":"https:\/\/www.facebook.com\/APC1040","article_modified_time":"2026-01-07T04:15:48+00:00","og_image":[{"width":1000,"height":667,"url":"https:\/\/apc1040.com\/wp-content\/uploads\/2022\/06\/photo-1598432439250-0330f9130e14.jpg","type":"image\/jpeg"}],"twitter_card":"summary_large_image","twitter_misc":{"Est. reading time":"10 minutes"},"schema":{"@context":"https:\/\/schema.org","@graph":[{"@type":"WebPage","@id":"https:\/\/apc1040.com\/es\/declaraciones-de-impuestos-sobre-la-renta-akron\/","url":"https:\/\/apc1040.com\/es\/declaraciones-de-impuestos-sobre-la-renta-akron\/","name":"Declaraciones de Impuestos sobre la Renta Akron","isPartOf":{"@id":"https:\/\/apc1040.com\/es\/#website"},"primaryImageOfPage":{"@id":"https:\/\/apc1040.com\/es\/declaraciones-de-impuestos-sobre-la-renta-akron\/#primaryimage"},"image":{"@id":"https:\/\/apc1040.com\/es\/declaraciones-de-impuestos-sobre-la-renta-akron\/#primaryimage"},"thumbnailUrl":"https:\/\/apc1040.com\/wp-content\/uploads\/2022\/06\/photo-1598432439250-0330f9130e14.jpg","datePublished":"2021-12-11T17:43:33+00:00","dateModified":"2026-01-07T04:15:48+00:00","description":"Presente sus impuestos y contrate al preparador adecuado. Gran informaci\u00f3n para ahorrarle dinero a largo plazo.","breadcrumb":{"@id":"https:\/\/apc1040.com\/es\/declaraciones-de-impuestos-sobre-la-renta-akron\/#breadcrumb"},"inLanguage":"es","potentialAction":[{"@type":"ReadAction","target":["https:\/\/apc1040.com\/es\/declaraciones-de-impuestos-sobre-la-renta-akron\/"]}]},{"@type":"ImageObject","inLanguage":"es","@id":"https:\/\/apc1040.com\/es\/declaraciones-de-impuestos-sobre-la-renta-akron\/#primaryimage","url":"https:\/\/apc1040.com\/wp-content\/uploads\/2022\/06\/photo-1598432439250-0330f9130e14.jpg","contentUrl":"https:\/\/apc1040.com\/wp-content\/uploads\/2022\/06\/photo-1598432439250-0330f9130e14.jpg","width":1000,"height":667,"caption":"photo 1598432439250 0330f9130e14"},{"@type":"BreadcrumbList","@id":"https:\/\/apc1040.com\/es\/declaraciones-de-impuestos-sobre-la-renta-akron\/#breadcrumb","itemListElement":[{"@type":"ListItem","position":1,"name":"Home","item":"https:\/\/apc1040.com\/es\/"},{"@type":"ListItem","position":2,"name":"Declaraciones de Impuestos sobre la Renta Akron: Presentando sus Impuestos correctamente"}]},{"@type":"WebSite","@id":"https:\/\/apc1040.com\/es\/#website","url":"https:\/\/apc1040.com\/es\/","name":"Akron Income Tax Preparation","description":"Income Tax Preparation Service","publisher":{"@id":"https:\/\/apc1040.com\/es\/#organization"},"potentialAction":[{"@type":"SearchAction","target":{"@type":"EntryPoint","urlTemplate":"https:\/\/apc1040.com\/es\/?s={search_term_string}"},"query-input":{"@type":"PropertyValueSpecification","valueRequired":true,"valueName":"search_term_string"}}],"inLanguage":"es"},{"@type":"Organization","@id":"https:\/\/apc1040.com\/es\/#organization","name":"Akron Income Tax Co","url":"https:\/\/apc1040.com\/es\/","logo":{"@type":"ImageObject","inLanguage":"es","@id":"https:\/\/apc1040.com\/es\/#\/schema\/logo\/image\/","url":"https:\/\/apc1040.com\/wp-content\/uploads\/2024\/11\/income-tax-service-akron.jpg","contentUrl":"https:\/\/apc1040.com\/wp-content\/uploads\/2024\/11\/income-tax-service-akron.jpg","width":800,"height":745,"caption":"Akron Income Tax Co"},"image":{"@id":"https:\/\/apc1040.com\/es\/#\/schema\/logo\/image\/"},"sameAs":["https:\/\/www.facebook.com\/APC1040"]}]}},"amp_enabled":true,"_links":{"self":[{"href":"https:\/\/apc1040.com\/es\/wp-json\/wp\/v2\/pages\/2903","targetHints":{"allow":["GET"]}}],"collection":[{"href":"https:\/\/apc1040.com\/es\/wp-json\/wp\/v2\/pages"}],"about":[{"href":"https:\/\/apc1040.com\/es\/wp-json\/wp\/v2\/types\/page"}],"author":[{"embeddable":true,"href":"https:\/\/apc1040.com\/es\/wp-json\/wp\/v2\/users\/10"}],"replies":[{"embeddable":true,"href":"https:\/\/apc1040.com\/es\/wp-json\/wp\/v2\/comments?post=2903"}],"version-history":[{"count":1,"href":"https:\/\/apc1040.com\/es\/wp-json\/wp\/v2\/pages\/2903\/revisions"}],"predecessor-version":[{"id":11357,"href":"https:\/\/apc1040.com\/es\/wp-json\/wp\/v2\/pages\/2903\/revisions\/11357"}],"wp:featuredmedia":[{"embeddable":true,"href":"https:\/\/apc1040.com\/es\/wp-json\/wp\/v2\/media\/2589"}],"wp:attachment":[{"href":"https:\/\/apc1040.com\/es\/wp-json\/wp\/v2\/media?parent=2903"}],"curies":[{"name":"wp","href":"https:\/\/api.w.org\/{rel}","templated":true}]}}