{"id":2901,"date":"2022-06-03T14:56:34","date_gmt":"2022-06-03T18:56:34","guid":{"rendered":"https:\/\/apc1040.com\/?page_id=2901"},"modified":"2024-05-12T07:11:14","modified_gmt":"2024-05-12T11:11:14","slug":"preparadores-de-impuestos-cerca-de-mi","status":"publish","type":"page","link":"https:\/\/apc1040.com\/es\/preparadores-de-impuestos-cerca-de-mi\/","title":{"rendered":"Preparadores de impuestos cerca de m\u00ed"},"content":{"rendered":"<h2 data-pm-slice=\"1 1 []\">Preparadores de impuestos cerca de m\u00ed | Sociedad de Impuestos sobre la Renta de Akron<\/h2>\n<p>Es hora de presentar sus impuestos, y lo est\u00e1 temiendo. Has visto los comerciales en la televisi\u00f3n con personas sonriendo despu\u00e9s de haber presentado sus impuestos, pero no es as\u00ed como te sientes. C\u00f3mo encontrar los mejores preparadores de impuestos cerca de m\u00ed es f\u00e1cil, lo somos. La mayor\u00eda de los formularios presentados por $120. No sabes por d\u00f3nde empezar o qu\u00e9 formularios rellenar.<\/p>\n<p>Si est\u00e1 buscando un preparador de <a href=\"https:\/\/apc1040.com\/es\/profesional-de-los-impuestos-cerca-de-mi\/\">impuestos profesional y con experiencia cerca<\/a> de usted, no busque m\u00e1s all\u00e1 de Akron Income Tax Co. Llevamos a\u00f1os ayudando a las personas con sus impuestos y tambi\u00e9n podemos ayudarlo a usted.<\/p>\n<p>Ofrecemos una amplia gama de servicios de <a href=\"https:\/\/apc1040.com\/es\/1040-tax-return\/\">preparaci\u00f3n de impuestos 1040<\/a>, incluida la preparaci\u00f3n de declaraciones de impuestos individuales y comerciales, planificaci\u00f3n fiscal y representaci\u00f3n del IRS. . Adem\u00e1s, tambi\u00e9n ofrecemos presentaci\u00f3n electr\u00f3nica de impuestos federales y estatales. Ya sea que necesite ayuda con sus impuestos o los impuestos de su negocio, podemos brindarle la asistencia que necesita.<\/p>\n<p>Si est\u00e1 buscando preparadores de impuestos cerca de usted, comun\u00edquese con Akron Income Tax Co hoy. Estaremos encantados de responder cualquier pregunta que tenga sobre nuestros servicios o programar una consulta gratuita.<\/p>\n<h2>preparadores de impuestos cerca de m\u00ed<\/h2>\n<h2>\u00bfQu\u00e9 ofrecemos?<\/h2>\n<p>En Akron Income Tax Co, ofrecemos varios servicios para ayudarlo con sus impuestos. Podemos preparar sus impuestos por usted, ayudarlo a presentar sus impuestos e incluso ayudarlo a obtener un reembolso si se le debe uno. Contamos con un equipo de preparadores de impuestos experimentados que conocen varias leyes fiscales y pueden ayudarlo a aprovechar al m\u00e1ximo su declaraci\u00f3n de impuestos.<\/p>\n<p><b>1. Planificaci\u00f3n y preparaci\u00f3n de impuestos:<\/b> podemos ayudarlo con sus necesidades de planificaci\u00f3n y preparaci\u00f3n de impuestos. Trabajaremos con usted para encontrar la mejor manera de presentar sus impuestos, ayudarlo a maximizar sus deducciones y asegurarnos de que aproveche al m\u00e1ximo su declaraci\u00f3n de impuestos.<\/p>\n<p>2. Presentaci\u00f3n de impuestos: podemos ayudarlo a presentar sus impuestos electr\u00f3nicamente o en papel. Tambi\u00e9n podemos ayudarlo a solicitar una extensi\u00f3n si necesita m\u00e1s tiempo para presentar sus impuestos<a href=\"https:\/\/apc1040.com\/es\/1040-tax-return\/\">.<\/a> Ya sea que se trate de ingresos de trabajo por cuenta propia o de una declaraci\u00f3n corregida o enmendada, podemos ayudarlo.<\/p>\n<p>3. Reembolsos de impuestos: si se le debe un reembolso de impuestos, podemos ayudarlo a obtenerlo. Trabajaremos con el IRS para asegurarnos de que reciba el dinero que se le debe lo m\u00e1s r\u00e1pido posible.<\/p>\n<p>4. Otros servicios: tambi\u00e9n ofrecemos otros servicios, como contabilidad, n\u00f3mina y consultor\u00eda para peque\u00f1as empresas. Podemos ayudarlo con las necesidades de su negocio para que se concentre en administrar su negocio.<\/p>\n<h2 data-pm-slice=\"1 3 []\"><img decoding=\"async\" src=\"https:\/\/media.istockphoto.com\/photos\/tax-season-1040-us-individual-income-tax-return-form- picture-id1344766725?b=1&amp;k=20&amp;m=1344766725&amp;s=170667a&amp;w=0&amp;h=ny3uajAqxkWcJr4EjFDJNAM1wV4WgwD6KYB0NiWU5j4=\" alt=\"preparaci\u00f3n de impuestos gratis\" \/><\/h2>\n<h2>\u00bfCon qu\u00e9 formularios de impuestos podemos ayudar?<\/h2>\n<p>En Akron Income Tax Co, podemos ayudarlo con sus necesidades de impuestos. Preparamos declaraciones de impuestos individuales, comerciales y sin fines de lucro y ofrecemos otros servicios financieros.<\/p>\n<p>Sabemos que los impuestos pueden ser confusos y abrumadores. Es por eso que nuestro equipo de expertos est\u00e1 aqu\u00ed para ayudarlo. Nos aseguraremos de que obtenga el m\u00e1ximo reembolso posible y lo ayudaremos a navegar por las leyes fiscales, a menudo complejas.<\/p>\n<p>Estos son algunos de los formularios con los que podemos ayudarlo:<\/p>\n<h3><span data-color=\"rgba(255,255,255,var(--tw-bg-opacity))\">1. Modelo 1040 Declaraci\u00f3n de la Renta de Personas F\u00edsicas<\/span><\/h3>\n<p>Los contribuyentes estadounidenses utilizan el formulario oficial IRS 1040 para presentar sus declaraciones anuales de impuestos. Este documento est\u00e1 dividido en secciones donde reportar\u00e1s tus ingresos y deducciones.<\/p>\n<p>Al hacerlo, podr\u00e1 determinar la cantidad de impuestos que debe o el reembolso que puede esperar recibir. Es la declaraci\u00f3n de la renta m\u00e1s habitual por parte de las personas f\u00edsicas. Puede reportar ingresos, gastos y deducciones.<\/p>\n<h3>2. Declaraciones de impuestos comerciales (Formularios 1120 y 1120S)<\/h3>\n<p>Entendemos que, como propietario de un negocio, su tiempo es valioso. No deber\u00eda tener que pasar horas y horas preparando sus impuestos. Ah\u00ed es donde entramos nosotros. Nuestro equipo de mejores preparadores de impuestos puede ayudarlo con todas sus necesidades de impuestos comerciales, desde peque\u00f1as empresas hasta grandes corporaciones. Nos aseguraremos de que sus <a href=\"https:\/\/apc1040.com\/es\/obtenga-el-reembolso-de-impuestos-mas-grande-legalmente\/\">impuestos se hagan correctamente y de que obtenga<\/a> el m\u00e1ximo reembolso posible.<\/p>\n<h3>3. Declaraciones de impuestos de sociedades (Formulario 1065)<\/h3>\n<p>El formulario 1065 es el formulario de declaraci\u00f3n de impuestos para sociedades. Esto incluye LLC, LLP y otras entidades comerciales con m\u00e1s de un propietario. El formulario informa los ingresos, deducciones, ganancias, p\u00e9rdidas e informaci\u00f3n adicional de las operaciones de la sociedad.<\/p>\n<p>Podemos ayudarlo a preparar su Formulario 1065 si es una sociedad, la declaraci\u00f3n utilizada para sociedades. Nos aseguraremos de declarar los impuestos a tiempo para que pueda concentrarse en administrar su negocio.<\/p>\n<h3>4. Declaraciones de impuestos de organizaciones sin fines de lucro (Formulario 990)<\/h3>\n<p>El modelo 990 es el formulario de declaraci\u00f3n de impuestos que todas las organizaciones deben presentar. Este formulario proporciona al IRS informaci\u00f3ninformaci\u00f3n sobre las finanzas y actividades de la organizaci\u00f3n.<\/p>\n<p>Las organizaciones que presentan un formulario 990 deben divulgar su misi\u00f3n, programas y finanzas al p\u00fablico. Esta informaci\u00f3n est\u00e1 disponible en el sitio web del IRS. Tambi\u00e9n informa sobre cualquier cambio en el estado de la organizaci\u00f3n, como cambios de direcci\u00f3n o informaci\u00f3n de contacto.<\/p>\n<p>Somos una firma de preparaci\u00f3n de impuestos de servicio completo que puede ayudarlo con sus necesidades de impuestos, incluida la presentaci\u00f3n de su formulario 990. Tenemos a\u00f1os de experiencia y conocimiento para garantizar que su declaraci\u00f3n se presente correctamente y a tiempo.<\/p>\n<h3>5. Declaraciones de impuestos sobre donaciones (Formulario 709)<\/h3>\n<p>El formulario 709 es una declaraci\u00f3n de impuestos cuando un individuo regala a otra persona. El formulario para informar el valor del obsequio y los impuestos que se adeudan sobre \u00e9l.<\/p>\n<p>Al presentar una declaraci\u00f3n de impuestos sobre donaciones, es esencial informar con precisi\u00f3n el valor de la donaci\u00f3n. El valor de la donaci\u00f3n determinar\u00e1 la cantidad de impuestos adeudados. Tambi\u00e9n es importante presentar la declaraci\u00f3n con prontitud. Si no presenta las declaraciones de <a href=\"https:\/\/apc1040.com\/es\/declaracion-de-impuestos-federales\/\">impuestos federales<\/a> a tiempo, puede recibir multas e intereses.<\/p>\n<p>Si est\u00e1s pensando en hacer un regalo a alguien, es fundamental consultar previamente con un profesional de impuestos. Pueden ayudarlo a determinar la mejor manera de estructurar el regalo y ayudarlo con el papeleo.<\/p>\n<h3>6. Formulario de declaraci\u00f3n de impuestos sobre la propiedad 8825<\/h3>\n<p>El formulario 8825 se utiliza para informar los ingresos por el alquiler de la propiedad. Esto incluye bienes ra\u00edces, apartamentos y casas, y propiedad personal, como autom\u00f3viles y botes. El formulario debe presentarse ante el IRS si los ingresos brutos por alquiler superan los $400 por a\u00f1o.<\/p>\n<p>Si posee una propiedad de alquiler, debe informar los ingresos en el Formulario 8825. Esto incluye bienes ra\u00edces, como apartamentos y casas, y bienes muebles, como autom\u00f3viles y botes. El formulario debe presentarse ante el IRS si el ingreso bruto de alquiler es alto.<\/p>\n<p>Si necesita ayuda con cualquiera de estos formularios o tiene alguna otra pregunta relacionada con los impuestos, Akron Income Tax Co est\u00e1 aqu\u00ed para ayudarlo. Ofrecemos <a href=\"https:\/\/apc1040.com\/es\/contactar-con-akron-income-tax-co\/cita-para-una-consulta-fiscal-gratuita\/\">una consulta gratuita para<\/a> que podamos conocer su situaci\u00f3n particular y ver c\u00f3mo podemos ayudarlo.<\/p>\n<h2 data-pm-slice=\"1 3 []\"><img decoding=\"async\" src=\"https:\/\/media.istockphoto.com\/photos\/two-employees-at-work-fill-out-tax-forms-1040- at-the-office-desk-picture-id1362033395?b=1&amp;k=20&amp;m=1362033395&amp;s=170667a&amp;w=0&amp;h=Y5CeicUqMG2KJ4UK2didtRSv59BVZpSNuLogWT9nSrA=\" alt=\"software de impuestos por contador p\u00fablico certificado\" \/><\/h2>\n<h2>\u00bfPor qu\u00e9 elegirnos?<\/h2>\n<p>Cuando prepare sus impuestos, querr\u00e1 asegurarse de estar trabajando con un equipo de profesionales calificados que puedan ayudarlo a aprovechar al m\u00e1ximo su declaraci\u00f3n. En Akron Income Tax Co, nos enorgullecemos de ser uno de los mejores profesionales de impuestos sobre la renta en el \u00e1rea. Contamos con un equipo de contadores p\u00fablicos certificados (CPA) y agentes inscritos (EA) en el personal listo para ayudar con los impuestos, sin importar cu\u00e1n complejos puedan ser.<\/p>\n<p>Adem\u00e1s de nuestra experiencia y calificaciones, hay varias otras razones por las que deber\u00eda elegirnos como su <a href=\"https:\/\/apc1040.com\/es\/preparadores-de-impuestos-de-robinhood\/\">preparador de impuestos<\/a>:<\/p>\n<p>1. Consulta gratuita: ofrecemos una consulta gratuita para que pueda venir y reunirse con nosotros para analizar su situaci\u00f3n fiscal y ver c\u00f3mo podemos ayudarlo. Esta es una reuni\u00f3n sin presi\u00f3n y no tiene la obligaci\u00f3n de utilizar nuestros servicios despu\u00e9s de la consulta.<\/p>\n<p>2. Tarifas asequibles: creemos que todos deber\u00edan tener acceso a servicios de preparaci\u00f3n de impuestos de calidad, por lo que ofrecemos algunas de las tarifas m\u00e1s competitivas del \u00e1rea.<\/p>\n<p>3. Servicio R\u00e1pido y Eficiente: Sabemos que est\u00e1 ocupado y no tiene tiempo que perder, por eso le ofrecemos un servicio r\u00e1pido y eficiente. Trabajaremos de manera r\u00e1pida y eficiente para presentar sus impuestos para que pueda continuar con su vida.<\/p>\n<p>4. Precisi\u00f3n garantizada: confiamos tanto en nuestra capacidad para preparar sus propios impuestos correctamente que ofrecemos una garant\u00eda de precisi\u00f3n. Si cometemos un error en su devoluci\u00f3n, lo arreglaremos de forma gratuita.<\/p>\n<p>5. Satisfacci\u00f3n garantizada: no estamos contentos a menos que usted est\u00e9 contento. Ofrecemos una garant\u00eda de satisfacci\u00f3n para estar seguro de que est\u00e1 recibiendo el mejor servicio posible.<\/p>\n<h2 data-pm-slice=\"1 3 []\"><img decoding=\"async\" src=\"https:\/\/media.istockphoto.com\/photos\/pen-on-a-form-w2-wage-and-tax-statement- picture-id1340407178?b=1&amp;k=20&amp;m=1340407178&amp;s=170667a&amp;w=0&amp;h=ygiDKRJErNJppx43wM4wD1nipqp93pGx_bGkZcbz5HU=\" alt=\"autoridad fiscal para un reembolso mayor\" \/><\/h2>\n<h2>Preguntas frecuentes<\/h2>\n<h3>1. \u00bfQu\u00e9 son las tarifas de preparaci\u00f3n de impuestos?<\/h3>\n<p>Las tarifas de preparaci\u00f3n de impuestos var\u00edan seg\u00fan la complejidad de su situaci\u00f3n fiscal. Sin embargo, ofrecemos una consulta inicial gratuita para evaluar sus necesidades y darle una estimaci\u00f3n de nuestros honorarios. Nuestra tarifa b\u00e1sica es de solo $ 120.<\/p>\n<h3>2. \u00bfCu\u00e1l es la mejor manera de ponerse en contacto con usted?<\/h3>\n<p>La mejor manera de ponerse en contacto con nosotros es por tel\u00e9fono. Tambi\u00e9n puede comunicarse con nosotros por correo electr\u00f3nico o a trav\u00e9s del formulario de contacto de nuestro sitio web. Necesitaremos sus datos, como el n\u00famero de identificaci\u00f3n <a href=\"https:\/\/apc1040.com\/es\/maximice-la-eficiencia-con-software-criptografico-para-informes-fiscales\/\">fiscal del preparador y la informaci\u00f3n<\/a> sobre ingresos.<\/p>\n<h3>3. \u00bfVale la pena pagarle a un preparador de impuestos?<\/h3>\n<p>Muchas personas optan por pagarles a los profesionales de impuestos porque sienten que vale la pena el costo de que otra persona se encargue de sus impuestos. Si bien ciertamente puede preparar sus impuestos, puede ser \u00fatiltener a alguien con experiencia y conocimiento de su lado. Un <a href=\"https:\/\/apc1040.com\/es\/preparacion-de-impuestos-cerca-de-mi\/\">preparador de impuestos<\/a> tambi\u00e9n puede ayudarlo a aprovechar las deducciones y los cr\u00e9ditos que quiz\u00e1s no conozca. En \u00faltima instancia, depende de usted pagar o no a un preparador de impuestos. Sin embargo, si decide utilizar nuestros servicios, trabajaremos arduamente para garantizar que obtenga el mejor resultado posible en sus impuestos.<\/p>\n","protected":false},"excerpt":{"rendered":"<p>Preparadores de impuestos cerca de m\u00ed | Sociedad de Impuestos sobre la Renta de Akron Es hora de presentar sus impuestos, y lo est\u00e1 temiendo. Has visto los comerciales en la televisi\u00f3n con personas sonriendo despu\u00e9s de haber presentado sus impuestos, pero no es as\u00ed como te sientes. C\u00f3mo encontrar los mejores preparadores de impuestos&#8230;<\/p>\n","protected":false},"author":10,"featured_media":2563,"parent":0,"menu_order":0,"comment_status":"closed","ping_status":"closed","template":"","meta":{"_lmt_disableupdate":"no","_lmt_disable":"","_monsterinsights_skip_tracking":false,"_monsterinsights_sitenote_active":false,"_monsterinsights_sitenote_note":"","_monsterinsights_sitenote_category":0,"_uf_show_specific_survey":0,"_uf_disable_surveys":false,"footnotes":""},"class_list":["post-2901","page","type-page","status-publish","has-post-thumbnail","hentry"],"yoast_head":"<!-- This site is optimized with the Yoast SEO Premium plugin v27.3 (Yoast SEO v27.4) - https:\/\/yoast.com\/product\/yoast-seo-premium-wordpress\/ -->\n<title>Encuentra las mejores preparadoras de impuestos cerca de m\u00ed.<\/title>\n<meta name=\"description\" content=\"Encuentre los mejores preparadores de impuestos cerca de m\u00ed. Sus impuestos por solo $120 y obtener el reembolso m\u00e1s grande.\" \/>\n<meta name=\"robots\" content=\"index, follow, max-snippet:-1, max-image-preview:large, max-video-preview:-1\" \/>\n<link rel=\"canonical\" href=\"https:\/\/apc1040.com\/es\/preparadores-de-impuestos-cerca-de-mi\/\" \/>\n<meta property=\"og:locale\" content=\"es_ES\" \/>\n<meta property=\"og:type\" content=\"article\" \/>\n<meta property=\"og:title\" content=\"Preparadores de impuestos cerca de m\u00ed\" \/>\n<meta property=\"og:description\" content=\"Encuentre los mejores preparadores de impuestos cerca de m\u00ed. Sus impuestos por solo $120 y obtener el reembolso m\u00e1s grande.\" \/>\n<meta property=\"og:url\" content=\"https:\/\/apc1040.com\/es\/preparadores-de-impuestos-cerca-de-mi\/\" \/>\n<meta property=\"og:site_name\" content=\"Akron Income Tax Preparation\" \/>\n<meta property=\"article:publisher\" content=\"https:\/\/www.facebook.com\/APC1040\" \/>\n<meta property=\"article:modified_time\" content=\"2024-05-12T11:11:14+00:00\" \/>\n<meta property=\"og:image\" content=\"https:\/\/apc1040.com\/wp-content\/uploads\/2022\/06\/istockphoto-1344766725-170667a.jpg\" \/>\n\t<meta property=\"og:image:width\" content=\"509\" \/>\n\t<meta property=\"og:image:height\" content=\"338\" \/>\n\t<meta property=\"og:image:type\" content=\"image\/jpeg\" \/>\n<meta name=\"twitter:card\" content=\"summary_large_image\" \/>\n<meta name=\"twitter:label1\" content=\"Est. reading time\" \/>\n\t<meta name=\"twitter:data1\" content=\"8 minutes\" \/>\n<!-- \/ Yoast SEO Premium plugin. -->","yoast_head_json":{"title":"Encuentra las mejores preparadoras de impuestos cerca de m\u00ed.","description":"Encuentre los mejores preparadores de impuestos cerca de m\u00ed. Sus impuestos por solo $120 y obtener el reembolso m\u00e1s grande.","robots":{"index":"index","follow":"follow","max-snippet":"max-snippet:-1","max-image-preview":"max-image-preview:large","max-video-preview":"max-video-preview:-1"},"canonical":"https:\/\/apc1040.com\/es\/preparadores-de-impuestos-cerca-de-mi\/","og_locale":"es_ES","og_type":"article","og_title":"Preparadores de impuestos cerca de m\u00ed","og_description":"Encuentre los mejores preparadores de impuestos cerca de m\u00ed. Sus impuestos por solo $120 y obtener el reembolso m\u00e1s grande.","og_url":"https:\/\/apc1040.com\/es\/preparadores-de-impuestos-cerca-de-mi\/","og_site_name":"Akron Income Tax Preparation","article_publisher":"https:\/\/www.facebook.com\/APC1040","article_modified_time":"2024-05-12T11:11:14+00:00","og_image":[{"width":509,"height":338,"url":"https:\/\/apc1040.com\/wp-content\/uploads\/2022\/06\/istockphoto-1344766725-170667a.jpg","type":"image\/jpeg"}],"twitter_card":"summary_large_image","twitter_misc":{"Est. reading time":"8 minutes"},"schema":{"@context":"https:\/\/schema.org","@graph":[{"@type":"WebPage","@id":"https:\/\/apc1040.com\/es\/preparadores-de-impuestos-cerca-de-mi\/","url":"https:\/\/apc1040.com\/es\/preparadores-de-impuestos-cerca-de-mi\/","name":"Encuentra las mejores preparadoras de impuestos cerca de m\u00ed.","isPartOf":{"@id":"https:\/\/apc1040.com\/es\/#website"},"primaryImageOfPage":{"@id":"https:\/\/apc1040.com\/es\/preparadores-de-impuestos-cerca-de-mi\/#primaryimage"},"image":{"@id":"https:\/\/apc1040.com\/es\/preparadores-de-impuestos-cerca-de-mi\/#primaryimage"},"thumbnailUrl":"https:\/\/apc1040.com\/wp-content\/uploads\/2022\/06\/istockphoto-1344766725-170667a.jpg","datePublished":"2022-06-03T18:56:34+00:00","dateModified":"2024-05-12T11:11:14+00:00","description":"Encuentre los mejores preparadores de impuestos cerca de m\u00ed. Sus impuestos por solo $120 y obtener el reembolso m\u00e1s grande.","breadcrumb":{"@id":"https:\/\/apc1040.com\/es\/preparadores-de-impuestos-cerca-de-mi\/#breadcrumb"},"inLanguage":"es","potentialAction":[{"@type":"ReadAction","target":["https:\/\/apc1040.com\/es\/preparadores-de-impuestos-cerca-de-mi\/"]}]},{"@type":"ImageObject","inLanguage":"es","@id":"https:\/\/apc1040.com\/es\/preparadores-de-impuestos-cerca-de-mi\/#primaryimage","url":"https:\/\/apc1040.com\/wp-content\/uploads\/2022\/06\/istockphoto-1344766725-170667a.jpg","contentUrl":"https:\/\/apc1040.com\/wp-content\/uploads\/2022\/06\/istockphoto-1344766725-170667a.jpg","width":509,"height":338,"caption":"istockphoto 1344766725 170667a"},{"@type":"BreadcrumbList","@id":"https:\/\/apc1040.com\/es\/preparadores-de-impuestos-cerca-de-mi\/#breadcrumb","itemListElement":[{"@type":"ListItem","position":1,"name":"Home","item":"https:\/\/apc1040.com\/es\/"},{"@type":"ListItem","position":2,"name":"Preparadores de impuestos cerca de m\u00ed"}]},{"@type":"WebSite","@id":"https:\/\/apc1040.com\/es\/#website","url":"https:\/\/apc1040.com\/es\/","name":"Akron Income Tax Preparation","description":"Income Tax Preparation Service","publisher":{"@id":"https:\/\/apc1040.com\/es\/#organization"},"potentialAction":[{"@type":"SearchAction","target":{"@type":"EntryPoint","urlTemplate":"https:\/\/apc1040.com\/es\/?s={search_term_string}"},"query-input":{"@type":"PropertyValueSpecification","valueRequired":true,"valueName":"search_term_string"}}],"inLanguage":"es"},{"@type":"Organization","@id":"https:\/\/apc1040.com\/es\/#organization","name":"Akron Income Tax Co","url":"https:\/\/apc1040.com\/es\/","logo":{"@type":"ImageObject","inLanguage":"es","@id":"https:\/\/apc1040.com\/es\/#\/schema\/logo\/image\/","url":"https:\/\/apc1040.com\/wp-content\/uploads\/2024\/11\/income-tax-service-akron.jpg","contentUrl":"https:\/\/apc1040.com\/wp-content\/uploads\/2024\/11\/income-tax-service-akron.jpg","width":800,"height":745,"caption":"Akron Income Tax Co"},"image":{"@id":"https:\/\/apc1040.com\/es\/#\/schema\/logo\/image\/"},"sameAs":["https:\/\/www.facebook.com\/APC1040"]}]}},"amp_enabled":true,"_links":{"self":[{"href":"https:\/\/apc1040.com\/es\/wp-json\/wp\/v2\/pages\/2901","targetHints":{"allow":["GET"]}}],"collection":[{"href":"https:\/\/apc1040.com\/es\/wp-json\/wp\/v2\/pages"}],"about":[{"href":"https:\/\/apc1040.com\/es\/wp-json\/wp\/v2\/types\/page"}],"author":[{"embeddable":true,"href":"https:\/\/apc1040.com\/es\/wp-json\/wp\/v2\/users\/10"}],"replies":[{"embeddable":true,"href":"https:\/\/apc1040.com\/es\/wp-json\/wp\/v2\/comments?post=2901"}],"version-history":[{"count":0,"href":"https:\/\/apc1040.com\/es\/wp-json\/wp\/v2\/pages\/2901\/revisions"}],"wp:featuredmedia":[{"embeddable":true,"href":"https:\/\/apc1040.com\/es\/wp-json\/wp\/v2\/media\/2563"}],"wp:attachment":[{"href":"https:\/\/apc1040.com\/es\/wp-json\/wp\/v2\/media?parent=2901"}],"curies":[{"name":"wp","href":"https:\/\/api.w.org\/{rel}","templated":true}]}}