{"id":2898,"date":"2022-04-18T19:48:29","date_gmt":"2022-04-18T23:48:29","guid":{"rendered":"https:\/\/apc1040.com\/?page_id=2898"},"modified":"2024-05-13T06:03:58","modified_gmt":"2024-05-13T10:03:58","slug":"declaracion-de-impuestos-federales","status":"publish","type":"page","link":"https:\/\/apc1040.com\/es\/declaracion-de-impuestos-federales\/","title":{"rendered":"Declaraci\u00f3n de impuestos federales"},"content":{"rendered":"<h2 data-pm-slice=\"1 1 []\">Declaraci\u00f3n de impuestos federales | Una gu\u00eda para principiantes<\/h2>\n<p>\u00bfEst\u00e1s temiendo la idea de preparar tu declaraci\u00f3n de impuestos federales? Rel\u00e1jate, estamos aqu\u00ed para ayudarte. Presentaci\u00f3n b\u00e1sica por solo $130. Esta gu\u00eda completa lo guiar\u00e1 a trav\u00e9s de todo lo que necesita saber para declarar sus impuestos correctamente. Desde qu\u00e9 formularios debe completar hasta qu\u00e9 deducciones y cr\u00e9ditos est\u00e1n disponibles para usted, lo cubriremos todo. Entonces, si\u00e9ntate con una taza de caf\u00e9 (o t\u00e9) y comencemos.[\/vc_column_text]<div class=\"w-image us_custom_2db3eb33 has_height align_none\"><div class=\"w-image-h\"><img decoding=\"async\" width=\"507\" height=\"338\" src=\"https:\/\/apc1040.com\/wp-content\/uploads\/2022\/06\/istockphoto-184878062-170667a.jpg\" class=\"attachment-large size-large\" alt=\"income tax\" loading=\"lazy\" srcset=\"https:\/\/apc1040.com\/wp-content\/uploads\/2022\/06\/istockphoto-184878062-170667a.jpg 507w, https:\/\/apc1040.com\/wp-content\/uploads\/2022\/06\/istockphoto-184878062-170667a-300x200.jpg 300w\" sizes=\"auto, (max-width: 507px) 100vw, 507px\" \/><\/div><\/div><div class=\"wpb_text_column\"><div class=\"wpb_wrapper\"><h2>\u00bfQu\u00e9 es una declaraci\u00f3n de impuestos federales?<\/h2>\n<p>Una declaraci\u00f3n de <a href=\"https:\/\/apc1040.com\/es\/declaracion-de-impuestos-federales-sobre-la-renta\/\">impuestos federales<\/a> es un formulario que los contribuyentes presentan ante el Servicio de Impuestos Internos (IRS) para informar sus ingresos anuales y calcular su obligaci\u00f3n tributaria. El IRS utiliza esta informaci\u00f3n para determinar si un contribuyente debe impuestos o debe un reembolso.<\/p>\n<p>Hay dos tipos de declaraciones de impuestos federales: individuales y comerciales. Los contribuyentes individuales usan el Formulario 1040 para presentar sus declaraciones de impuestos, mientras que las empresas usan el Formulario 1120 para presentar sus impuestos comerciales.<\/p>\n<h2>Marque su calendario<\/h2>\n<p>El primer paso para preparar su declaraci\u00f3n de impuestos federales es marcar su calendario. El IRS generalmente comienza a aceptar declaraciones de impuestos a fines de enero o principios de febrero, y la fecha l\u00edmite de presentaci\u00f3n es el 15 de abril. Si necesita m\u00e1s tiempo para presentar, puede solicitar una extensi\u00f3n del IRS, pero a\u00fan deber\u00e1 pagar los impuestos adeudados antes de la fecha l\u00edmite de abril.<\/p>\n<h2>Conozca sus formularios.<\/h2>\n<p>El siguiente paso es saber qu\u00e9 formularios necesita para <a href=\"https:\/\/apc1040.com\/es\/ron-el-recaudador-de-impuestos-completando-impuestos-desde-1982\/\">completar su declaraci\u00f3n de impuestos<\/a> federales. El formulario m\u00e1s com\u00fan utilizado para los contribuyentes individuales es el 1040. Este formulario se utiliza para informar sus ingresos, deducciones y cr\u00e9ditos. Tambi\u00e9n es posible que deba usar formularios adicionales dependiendo de su situaci\u00f3n fiscal espec\u00edfica.<\/p>\n<h2>\u00bfQu\u00e9 informaci\u00f3n necesita para presentar una declaraci\u00f3n de impuestos federales?<\/h2>\n<p>Los contribuyentes individuales deben proporcionar su n\u00famero de Seguro Social, fecha de nacimiento e informaci\u00f3n de contacto en su declaraci\u00f3n de impuestos. Tambi\u00e9n deber\u00e1n informar sus ingresos de todas las fuentes, incluidos salarios, intereses, dividendos y ganancias de capital. Adem\u00e1s, los contribuyentes deber\u00e1n informar cualquier deducci\u00f3n o cr\u00e9dito que est\u00e9n reclamando en su declaraci\u00f3n.<\/p>\n<p>Las empresas deber\u00e1n proporcionar su N\u00famero de Identificaci\u00f3n del Empleador (EIN) y sus ingresos y gastos comerciales. Tambi\u00e9n deben informar cualquier deducci\u00f3n o cr\u00e9dito que est\u00e9n reclamando en su declaraci\u00f3n.<\/p>\n<\/div><\/div><div class=\"w-image us_custom_2db3eb33 has_height align_none\"><div class=\"w-image-h\"><img decoding=\"async\" width=\"509\" height=\"339\" src=\"https:\/\/apc1040.com\/wp-content\/uploads\/2022\/06\/istockphoto-1163989938-170667a.jpg\" class=\"attachment-large size-large\" alt=\"istockphoto 1163989938 170667a\" loading=\"lazy\" srcset=\"https:\/\/apc1040.com\/wp-content\/uploads\/2022\/06\/istockphoto-1163989938-170667a.jpg 509w, https:\/\/apc1040.com\/wp-content\/uploads\/2022\/06\/istockphoto-1163989938-170667a-300x200.jpg 300w\" sizes=\"auto, (max-width: 509px) 100vw, 509px\" \/><\/div><\/div><div class=\"wpb_text_column\"><div class=\"wpb_wrapper\"><h2>Analice sus opciones de preparaci\u00f3n de impuestos<\/h2>\n<p>Existen tres m\u00e9todos principales para presentar una declaraci\u00f3n de impuestos federales: en l\u00ednea, mediante software o con ayuda profesional. Cada opci\u00f3n tiene sus ventajas y desventajas, por lo que es esencial comprender las diferencias antes de decidir cu\u00e1l es la adecuada para usted.<\/p>\n<h3>a. Declaraci\u00f3n de impuestos en l\u00ednea<\/h3>\n<p>El IRS ofrece la presentaci\u00f3n gratuita en l\u00ednea para contribuyentes con situaciones fiscales simples. Esta opci\u00f3n es la mejor para aquellos que se sienten c\u00f3modos preparando sus impuestos y no necesitan ayuda. Tenga en cuenta que si no realiza una deducci\u00f3n, puede costarle mucho dinero. Tenemos la capacidad de presentar sus impuestos en l\u00ednea con nuestra opci\u00f3n remota file@home. Los contribuyentes que eligen presentar su declaraci\u00f3n en l\u00ednea pueden hacerlo a trav\u00e9s del sitio web del IRS o de un proveedor externo.<\/p>\n<ul>\n<li>Gratis para contribuyentes con situaciones fiscales simples<\/li>\n<li>Se puede hacer desde la comodidad de su hogar<\/li>\n<li>Se puede completar con relativa rapidez<\/li>\n<li>Puede que no sea adecuado para aquellos con situaciones fiscales m\u00e1s complejas<\/li>\n<li>Puede ser confuso para quienes presentan la declaraci\u00f3n por primera vez<\/li>\n<li>Si comete un error, puede llevar mucho tiempo corregirlo<\/li>\n<\/ul>\n<h3>b. Utilizando software de preparaci\u00f3n de impuestos<\/h3>\n<p>El software de impuestos es una opci\u00f3n popular para los contribuyentes que desean un poco m\u00e1s de ayuda que la que se ofrece a trav\u00e9s de la presentaci\u00f3n en l\u00ednea, pero que no necesitan la asistencia de un profesional. El software de impuestos gu\u00eda a los usuarios paso a paso a trav\u00e9s del proceso de preparaci\u00f3n de impuestos y puede brindar consejos y orientaci\u00f3n sobre c\u00f3mo maximizar las deducciones y los cr\u00e9ditos en el cr\u00e9dito tributario por ingreso del trabajo. Algunas opciones populares de software de impuestos incluyen TurboTax, H&amp;R Block y TaxACT. <a href=\"https:\/\/apc1040.com\/es\/tenga-cuidado-con-las-estafas-falsas-del-irs\/\">Tenga cuidado<\/a> con las t\u00e1cticas de cebo y cambio utilizadas por algunos de estos proveedores. Cotizan una tarifa en el sitio web y luego lo golpean cuando tiene un 80-90% de descuento cuando necesita un poco de ayuda. Obtenga una cotizaci\u00f3n firme antes de perder su tiempo\/<\/p>\n<ul>\n<li>M\u00e1s asequible que la ayuda profesional<\/li>\n<li>Guiarlo a trav\u00e9s del proceso paso a paso puede hacer que la preparaci\u00f3n de impuestos sea menos abrumadora.<\/li>\n<li>Si tiene una situaci\u00f3n fiscal m\u00e1s compleja, realmente necesita ayuda profesional.<\/li>\n<li>Algunos software de impuestos en l\u00ednea pueden ser dif\u00edciles de usar<\/li>\n<li>Es f\u00e1cil cometer errores si no sigue las instrucciones cuidadosamente<\/li>\n<li>La deducci\u00f3n o los cr\u00e9ditos perdidos pueden reducir su reembolso<\/li>\n<\/ul>\n<h3>3. Obtener ayuda profesional<\/h3>\n<p>Para los contribuyentes con situaciones fiscales complejas o aquellos que quieren que otra persona maneje sus impuestos, hay ayuda profesional disponible. Los contribuyentes pueden trabajar con un contador p\u00fablico certificado (CPA), un agente inscrito (EA) o un abogado fiscal. Encuentre un <a href=\"https:\/\/apc1040.com\/tax-preparers-near-me\/\">preparador de impuestos cerca de usted<\/a>.<\/p>\n<ul>\n<li>Puede estar tranquilo sabiendo que sus impuestos est\u00e1n siendo manejados por un profesional<\/li>\n<li>Los CPA y los EA siempre est\u00e1n actualizados sobre los cambios en la ley fiscal, por lo que puede estar seguro de que est\u00e1n haciendo sus impuestos correctamente.<\/li>\n<li>Puede ahorrarle tiempo y molestias.<\/li>\n<li>Puede ser un poco m\u00e1s caro que otras opciones<\/li>\n<\/ul>\n<p>Independientemente de la opci\u00f3n que elija, aseg\u00farese de investigar y comprender los pros y los contras antes de decidir. El mejor m\u00e9todo de preparaci\u00f3n de impuestos para usted depender\u00e1 de sus circunstancias. Si tiene una situaci\u00f3n fiscal compleja, puede valer la pena contratar a un profesional para asegurarse de que su declaraci\u00f3n se presente correctamente.<\/p>\n<\/div><\/div><div class=\"w-image us_custom_2db3eb33 has_height align_none\"><div class=\"w-image-h\"><img decoding=\"async\" width=\"509\" height=\"339\" src=\"https:\/\/apc1040.com\/wp-content\/uploads\/2022\/06\/istockphoto-1126336374-170667a-1.jpg\" class=\"attachment-large size-large\" alt=\"istockphoto 1126336374 170667a 1\" loading=\"lazy\" srcset=\"https:\/\/apc1040.com\/wp-content\/uploads\/2022\/06\/istockphoto-1126336374-170667a-1.jpg 509w, https:\/\/apc1040.com\/wp-content\/uploads\/2022\/06\/istockphoto-1126336374-170667a-1-300x200.jpg 300w\" sizes=\"auto, (max-width: 509px) 100vw, 509px\" \/><\/div><\/div><div class=\"wpb_text_column\"><div class=\"wpb_wrapper\"><h2>Obtenga el m\u00e1ximo reembolso de impuestos federales con Akron Income Tax Co<\/h2>\n<p>Si desea obtener el m\u00e1ximo reembolso de impuestos federales posible, debe considerar usar Akron Income Tax Co. Somos una compa\u00f1\u00eda profesional de preparaci\u00f3n de impuestos que puede ayudarlo a preparar sus impuestos asegur\u00e1ndose de que aproveche todas las deducciones y cr\u00e9ditos para los que es elegible. por.<\/p>\n<p>Adem\u00e1s, podemos ayudarlo a presentar sus impuestos electr\u00f3nicamente, lo que puede acelerar el proceso y obtener su reembolso mucho m\u00e1s r\u00e1pido.<\/p>\n<p>Las ventajas de usar nuestros servicios incluyen:<\/p>\n<h3>1. Profesionales de impuestos con experiencia<\/h3>\n<p>Cuando se trata de impuestos, desea asegurarse de trabajar con alguien que sepa lo que est\u00e1 haciendo. Todos los preparadores de impuestos en <a href=\"https:\/\/apc1040.com\/contact-akron-income-tax\/\">Akron Income Tax Co<\/a> son profesionales experimentados. Esto significa que tenemos el conocimiento y las habilidades necesarias para ayudarlo a obtener el m\u00e1ximo reembolso posible.<\/p>\n<h3>2. Consulta inicial gratuita<\/h3>\n<p>Ofrecemos una consulta inicial gratuita para que pueda obtener m\u00e1s informaci\u00f3n sobre nuestros servicios y c\u00f3mo podemos ayudarlo. Esta es una gran oportunidad para hacer cualquier pregunta que pueda tener y conocernos mejor.<\/p>\n<h3>3. Tarifas asequibles<\/h3>\n<p>Nuestras tarifas son muy competitivas y ofrecemos una variedad de opciones de pago para que elija la que m\u00e1s le convenga. Nuestra tarifa b\u00e1sica es de $130 por un formulario simple.<\/p>\n<h3>4. Reembolsos de impuestos r\u00e1pidos y f\u00e1ciles<\/h3>\n<p>Podemos ayudarlo a presentar sus impuestos electr\u00f3nicamente, acelerando el proceso y recibiendo su reembolso mucho m\u00e1s r\u00e1pido. Tambi\u00e9n ofrecemos dep\u00f3sito directo para obtener su reembolso lo antes posible.<\/p>\n<p>Si est\u00e1 buscando una manera confiable, asequible y f\u00e1cil de presentar sus impuestos y obtener el m\u00e1ximo reembolso posible, comun\u00edquese <a href=\"https:\/\/apc1040.com\/es\/contactar-con-akron-income-tax-co\/\">con Akron Income Tax<\/a> Co hoy. Estaremos encantados de ayudarle con todas sus necesidades fiscales.<\/p>\n<\/div><\/div><div class=\"w-image us_custom_2db3eb33 has_height align_none\"><div class=\"w-image-h\"><img decoding=\"async\" width=\"508\" height=\"339\" src=\"https:\/\/apc1040.com\/wp-content\/uploads\/2022\/06\/istockphoto-1266907705-170667a.jpg\" class=\"attachment-large size-large\" alt=\"istockphoto 1266907705 170667a\" loading=\"lazy\" srcset=\"https:\/\/apc1040.com\/wp-content\/uploads\/2022\/06\/istockphoto-1266907705-170667a.jpg 508w, https:\/\/apc1040.com\/wp-content\/uploads\/2022\/06\/istockphoto-1266907705-170667a-300x200.jpg 300w\" sizes=\"auto, (max-width: 508px) 100vw, 508px\" \/><\/div><\/div><div class=\"wpb_text_column\"><div class=\"wpb_wrapper\"><\/div><\/div>\n<h2>Preguntas frecuentes<\/h2>\n<h3><span data-color=\"rgba(255,255,255,var(--tw-bg-opacity))\">1. \u00bfC\u00f3mo presento una declaraci\u00f3n de impuestos federales?<\/span><\/h3>\n<p>Los contribuyentes pueden <a href=\"https:\/\/apc1040.com\/es\/presentar-una-extension-de-impuestos-del-irs\/\">presentar su declaraci\u00f3n de impuestos<\/a> federales electr\u00f3nicamente utilizando el archivo electr\u00f3nico del IRS, o pueden presentar una declaraci\u00f3n en papel. El proceso para presentar una declaraci\u00f3n en papel es el mismo que el de una declaraci\u00f3n electr\u00f3nica, pero el contribuyente deber\u00e1 imprimir y enviar por correo su declaraci\u00f3n al IRS.<\/p>\n<h3>2. \u00bfCu\u00e1ndo vencen las declaraciones de impuestos federales?<\/h3>\n<p>Las declaraciones de impuestos federales vencen el 15 de abril de cada a\u00f1o. Sin embargo, los contribuyentes pueden solicitar una pr\u00f3rroga si necesitan m\u00e1s tiempo para presentar sus declaraciones. Las extensiones generalmente se otorgan por seis meses, pero es posible que los contribuyentes deban proporcionar informaci\u00f3n adicional al IRS si solicitan una extensi\u00f3n.<\/p>\n<h3>3. \u00bfQu\u00e9 sucede si no presento una declaraci\u00f3n de impuestos federales?<\/h3>\n<p>Si los contribuyentes no presentan una declaraci\u00f3n de impuestos, pueden estar sujetos a recargos y multas. Adem\u00e1s, el IRS puede iniciar procedimientos de cobro contra el contribuyente.<\/p>\n<h3>4. \u00bfCu\u00e1ndo puedo esperar el reembolso de impuestos federales?<\/h3>\n<p>El IRS emite la mayor\u00eda de los reembolsos en menos de 21 d\u00edas, aunque algunos contribuyentes pueden experimentar demoras.<\/p>\n<h3>5. \u00bfC\u00f3mo verifico el estado de mi reembolso de impuestos federales?<\/h3>\n<p>Puede verificar el estado de su reembolso de impuestos federales usando &#8220;\u00bfD\u00f3nde est\u00e1 mi reembolso?&#8221; herramienta en el sitio web del IRS. Deber\u00e1 proporcionar su n\u00famero de Seguro Social, estado civil y el monto de su reembolso.<\/p>\n<h3>6. \u00bfPuedo presentar mis impuestos federales electr\u00f3nicamente?<\/h3>\n<p>Puede presentar su declaraci\u00f3n de impuestos federales electr\u00f3nicamente utilizando el sistema de presentaci\u00f3n electr\u00f3nica del IRS. La presentaci\u00f3n electr\u00f3nica es la forma m\u00e1s r\u00e1pida y precisa de presentar su declaraci\u00f3n, y est\u00e1 disponible para los contribuyentes que presentan el Formulario 1040, 1040A o 1040EZ.<\/p>\n<h3>7. \u00bfQu\u00e9 debo incluir en mi declaraci\u00f3n de impuestos federales?<\/h3>\n<p>Cuando presente su declaraci\u00f3n de impuestos federales, deber\u00e1 incluir todos los formularios y anexos correspondientes. Por ejemplo, si reclama una deducci\u00f3n o un cr\u00e9dito, deber\u00e1 incluir el formulario correspondiente (por ejemplo, el Formulario 1040).<\/p>\n<h3>8. \u00bfC\u00f3mo presento mi declaraci\u00f3n de impuestos federales si tengo ingresos de trabajo por cuenta propia?<\/h3>\n<p>Si tiene ingresos de trabajo por cuenta propia, deber\u00e1 presentar el Formulario 1040 y el Anexo C con su declaraci\u00f3n. Es posible que tambi\u00e9n deba pagar impuestos sobre el trabajo por cuenta propia si sus ganancias netas del trabajo por cuenta propia son de $400 o m\u00e1s.<\/p>\n<h2>Empiece ahora<\/h2>\n<p>Si est\u00e1 buscando ayuda para presentar su declaraci\u00f3n de impuestos federal, no busque m\u00e1s all\u00e1 de Akron Income Tax Co. Nuestros expertos en impuestos est\u00e1n aqu\u00ed para ayudarlo en cada paso del camino, de principio a fin. Nos aseguraremos de que todo se presente correctamente y a tiempo para que pueda obtener su reembolso m\u00e1ximo. Cont\u00e1ctenos para empezar hoy.<\/p>\n<h3>M\u00e1s informaci\u00f3n<\/h3>\n<p><a href=\"https:\/\/apc1040.com\/es\/presentacion-de-impuestos-comerciales\/\"><span>presentaci\u00f3n de impuestos comerciales<\/span><\/a><\/p>\n","protected":false},"excerpt":{"rendered":"<p>Declaraci\u00f3n de impuestos federales | Una gu\u00eda para principiantes \u00bfEst\u00e1s temiendo la idea de preparar tu declaraci\u00f3n de impuestos federales? Rel\u00e1jate, estamos aqu\u00ed para ayudarte. Presentaci\u00f3n b\u00e1sica por solo $130. Esta gu\u00eda completa lo guiar\u00e1 a trav\u00e9s de todo lo que necesita saber para declarar sus impuestos correctamente. Desde qu\u00e9 formularios debe completar hasta qu\u00e9&#8230;<\/p>\n","protected":false},"author":10,"featured_media":2582,"parent":0,"menu_order":0,"comment_status":"closed","ping_status":"closed","template":"","meta":{"_lmt_disableupdate":"yes","_lmt_disable":"","_monsterinsights_skip_tracking":false,"_monsterinsights_sitenote_active":false,"_monsterinsights_sitenote_note":"","_monsterinsights_sitenote_category":0,"_uf_show_specific_survey":0,"_uf_disable_surveys":false,"footnotes":""},"class_list":["post-2898","page","type-page","status-publish","has-post-thumbnail","hentry"],"yoast_head":"<!-- This site is optimized with the Yoast SEO Premium plugin v27.3 (Yoast SEO v27.4) - https:\/\/yoast.com\/product\/yoast-seo-premium-wordpress\/ -->\n<title>Declaraci\u00f3n de impuestos federales una gu\u00eda<\/title>\n<meta name=\"description\" content=\"\u00bfLe teme la idea de preparar sus impuestos federales? Estamos aqu\u00ed para ayudarte. Impuestos presentados por $130.\" \/>\n<meta name=\"robots\" content=\"index, follow, max-snippet:-1, max-image-preview:large, max-video-preview:-1\" \/>\n<link rel=\"canonical\" href=\"https:\/\/apc1040.com\/es\/declaracion-de-impuestos-federales\/\" \/>\n<meta property=\"og:locale\" content=\"es_ES\" \/>\n<meta property=\"og:type\" content=\"article\" \/>\n<meta property=\"og:title\" content=\"Declaraci\u00f3n de impuestos federales\" \/>\n<meta property=\"og:description\" content=\"\u00bfLe teme la idea de preparar sus impuestos federales? Estamos aqu\u00ed para ayudarte. Impuestos presentados por $130.\" \/>\n<meta property=\"og:url\" content=\"https:\/\/apc1040.com\/es\/declaracion-de-impuestos-federales\/\" \/>\n<meta property=\"og:site_name\" content=\"Akron Income Tax Preparation\" \/>\n<meta property=\"article:publisher\" content=\"https:\/\/www.facebook.com\/APC1040\" \/>\n<meta property=\"article:modified_time\" content=\"2024-05-13T10:03:58+00:00\" \/>\n<meta property=\"og:image\" content=\"https:\/\/apc1040.com\/wp-content\/uploads\/2022\/06\/istockphoto-184878062-170667a.jpg\" \/>\n\t<meta property=\"og:image:width\" content=\"507\" \/>\n\t<meta property=\"og:image:height\" content=\"338\" \/>\n\t<meta property=\"og:image:type\" content=\"image\/jpeg\" \/>\n<meta name=\"twitter:card\" content=\"summary_large_image\" \/>\n<meta name=\"twitter:label1\" content=\"Est. reading time\" \/>\n\t<meta name=\"twitter:data1\" content=\"8 minutes\" \/>\n<!-- \/ Yoast SEO Premium plugin. -->","yoast_head_json":{"title":"Declaraci\u00f3n de impuestos federales una gu\u00eda","description":"\u00bfLe teme la idea de preparar sus impuestos federales? Estamos aqu\u00ed para ayudarte. Impuestos presentados por $130.","robots":{"index":"index","follow":"follow","max-snippet":"max-snippet:-1","max-image-preview":"max-image-preview:large","max-video-preview":"max-video-preview:-1"},"canonical":"https:\/\/apc1040.com\/es\/declaracion-de-impuestos-federales\/","og_locale":"es_ES","og_type":"article","og_title":"Declaraci\u00f3n de impuestos federales","og_description":"\u00bfLe teme la idea de preparar sus impuestos federales? Estamos aqu\u00ed para ayudarte. Impuestos presentados por $130.","og_url":"https:\/\/apc1040.com\/es\/declaracion-de-impuestos-federales\/","og_site_name":"Akron Income Tax Preparation","article_publisher":"https:\/\/www.facebook.com\/APC1040","article_modified_time":"2024-05-13T10:03:58+00:00","og_image":[{"width":507,"height":338,"url":"https:\/\/apc1040.com\/wp-content\/uploads\/2022\/06\/istockphoto-184878062-170667a.jpg","type":"image\/jpeg"}],"twitter_card":"summary_large_image","twitter_misc":{"Est. reading time":"8 minutes"},"schema":{"@context":"https:\/\/schema.org","@graph":[{"@type":"WebPage","@id":"https:\/\/apc1040.com\/es\/declaracion-de-impuestos-federales\/","url":"https:\/\/apc1040.com\/es\/declaracion-de-impuestos-federales\/","name":"Declaraci\u00f3n de impuestos federales una gu\u00eda","isPartOf":{"@id":"https:\/\/apc1040.com\/es\/#website"},"primaryImageOfPage":{"@id":"https:\/\/apc1040.com\/es\/declaracion-de-impuestos-federales\/#primaryimage"},"image":{"@id":"https:\/\/apc1040.com\/es\/declaracion-de-impuestos-federales\/#primaryimage"},"thumbnailUrl":"https:\/\/apc1040.com\/wp-content\/uploads\/2022\/06\/istockphoto-184878062-170667a.jpg","datePublished":"2022-04-18T23:48:29+00:00","dateModified":"2024-05-13T10:03:58+00:00","description":"\u00bfLe teme la idea de preparar sus impuestos federales? Estamos aqu\u00ed para ayudarte. Impuestos presentados por $130.","breadcrumb":{"@id":"https:\/\/apc1040.com\/es\/declaracion-de-impuestos-federales\/#breadcrumb"},"inLanguage":"es","potentialAction":[{"@type":"ReadAction","target":["https:\/\/apc1040.com\/es\/declaracion-de-impuestos-federales\/"]}]},{"@type":"ImageObject","inLanguage":"es","@id":"https:\/\/apc1040.com\/es\/declaracion-de-impuestos-federales\/#primaryimage","url":"https:\/\/apc1040.com\/wp-content\/uploads\/2022\/06\/istockphoto-184878062-170667a.jpg","contentUrl":"https:\/\/apc1040.com\/wp-content\/uploads\/2022\/06\/istockphoto-184878062-170667a.jpg","width":507,"height":338,"caption":"federal tax return"},{"@type":"BreadcrumbList","@id":"https:\/\/apc1040.com\/es\/declaracion-de-impuestos-federales\/#breadcrumb","itemListElement":[{"@type":"ListItem","position":1,"name":"Home","item":"https:\/\/apc1040.com\/es\/"},{"@type":"ListItem","position":2,"name":"Declaraci\u00f3n de impuestos federales"}]},{"@type":"WebSite","@id":"https:\/\/apc1040.com\/es\/#website","url":"https:\/\/apc1040.com\/es\/","name":"Akron Income Tax Preparation","description":"Income Tax Preparation Service","publisher":{"@id":"https:\/\/apc1040.com\/es\/#organization"},"potentialAction":[{"@type":"SearchAction","target":{"@type":"EntryPoint","urlTemplate":"https:\/\/apc1040.com\/es\/?s={search_term_string}"},"query-input":{"@type":"PropertyValueSpecification","valueRequired":true,"valueName":"search_term_string"}}],"inLanguage":"es"},{"@type":"Organization","@id":"https:\/\/apc1040.com\/es\/#organization","name":"Akron Income Tax Co","url":"https:\/\/apc1040.com\/es\/","logo":{"@type":"ImageObject","inLanguage":"es","@id":"https:\/\/apc1040.com\/es\/#\/schema\/logo\/image\/","url":"https:\/\/apc1040.com\/wp-content\/uploads\/2024\/11\/income-tax-service-akron.jpg","contentUrl":"https:\/\/apc1040.com\/wp-content\/uploads\/2024\/11\/income-tax-service-akron.jpg","width":800,"height":745,"caption":"Akron Income Tax Co"},"image":{"@id":"https:\/\/apc1040.com\/es\/#\/schema\/logo\/image\/"},"sameAs":["https:\/\/www.facebook.com\/APC1040"]}]}},"amp_enabled":true,"_links":{"self":[{"href":"https:\/\/apc1040.com\/es\/wp-json\/wp\/v2\/pages\/2898","targetHints":{"allow":["GET"]}}],"collection":[{"href":"https:\/\/apc1040.com\/es\/wp-json\/wp\/v2\/pages"}],"about":[{"href":"https:\/\/apc1040.com\/es\/wp-json\/wp\/v2\/types\/page"}],"author":[{"embeddable":true,"href":"https:\/\/apc1040.com\/es\/wp-json\/wp\/v2\/users\/10"}],"replies":[{"embeddable":true,"href":"https:\/\/apc1040.com\/es\/wp-json\/wp\/v2\/comments?post=2898"}],"version-history":[{"count":2,"href":"https:\/\/apc1040.com\/es\/wp-json\/wp\/v2\/pages\/2898\/revisions"}],"predecessor-version":[{"id":9973,"href":"https:\/\/apc1040.com\/es\/wp-json\/wp\/v2\/pages\/2898\/revisions\/9973"}],"wp:featuredmedia":[{"embeddable":true,"href":"https:\/\/apc1040.com\/es\/wp-json\/wp\/v2\/media\/2582"}],"wp:attachment":[{"href":"https:\/\/apc1040.com\/es\/wp-json\/wp\/v2\/media?parent=2898"}],"curies":[{"name":"wp","href":"https:\/\/api.w.org\/{rel}","templated":true}]}}