{"id":2894,"date":"2022-03-23T08:03:08","date_gmt":"2022-03-23T12:03:08","guid":{"rendered":"https:\/\/apc1040.com\/?page_id=2894"},"modified":"2025-11-29T13:04:48","modified_gmt":"2025-11-29T18:04:48","slug":"declaracion-de-impuestos-federales-sobre-la-renta","status":"publish","type":"page","link":"https:\/\/apc1040.com\/es\/declaracion-de-impuestos-federales-sobre-la-renta\/","title":{"rendered":"Declaraci\u00f3n de impuestos federales sobre la renta"},"content":{"rendered":"<section class=\"l-section wpb_row height_small\"><div class=\"l-section-h i-cf\"><div class=\"g-cols vc_row via_flex valign_top type_default stacking_default\"><div class=\"vc_col-sm-12 wpb_column vc_column_container\"><div class=\"vc_column-inner\"><div class=\"wpb_wrapper\"><div class=\"wpb_text_column\"><div class=\"wpb_wrapper\"><h2 data-pm-slice=\"1 1 &#091;&#093;\">Principales ventajas de contratar a un preparador de declaraciones de impuestos federales<\/h2>\n<p>Si usted es como la mayor\u00eda de las personas, la temporada de impuestos es un momento de frustraci\u00f3n y ansiedad. Pero no tiene que ser as\u00ed. Una forma de aliviar el dolor de la declaraci\u00f3n de impuestos es contratar a un preparador profesional de declaraciones de impuestos federales. Si bien puede costar un poco m\u00e1s por adelantado, hacerlo puede ahorrarle tiempo y dinero a largo plazo, sin mencionar el estr\u00e9s.<\/p>\n<p>Estas son las principales ventajas de contratar a un preparador de <a href=\"https:\/\/apc1040.com\/es\/profesional-de-los-impuestos-cerca-de-mi\/\">impuestos profesional<\/a>:<\/p>\n<\/div><\/div><div class=\"w-image us_custom_551fdb42 has_height align_none\"><div class=\"w-image-h\"><img decoding=\"async\" width=\"509\" height=\"338\" src=\"https:\/\/apc1040.com\/wp-content\/uploads\/2022\/06\/istockphoto-1344766725-170667a.jpg\" class=\"attachment-full size-full\" alt=\"istockphoto 1344766725 170667a\" loading=\"lazy\" srcset=\"https:\/\/apc1040.com\/wp-content\/uploads\/2022\/06\/istockphoto-1344766725-170667a.jpg 509w, https:\/\/apc1040.com\/wp-content\/uploads\/2022\/06\/istockphoto-1344766725-170667a-300x199.jpg 300w\" sizes=\"auto, (max-width: 509px) 100vw, 509px\" \/><\/div><\/div><div class=\"wpb_text_column\"><div class=\"wpb_wrapper\"><h2>1. Precisi\u00f3n<\/h2>\n<p>Una de las ventajas m\u00e1s significativas de contratar a un preparador de impuestos profesional es que pueden ayudar a garantizar que sus impuestos se presenten con precisi\u00f3n. Esto es especialmente importante si tiene finanzas complejas o realiz\u00f3 cambios significativos en su vida durante el a\u00f1o (por ejemplo, casarse, tener un beb\u00e9, comprar una casa, etc.).<\/p>\n<h2>2. Conveniencia<\/h2>\n<p>Cuando contrata a un preparador de impuestos, no tiene que preocuparse por hacer sus impuestos. Ellos se encargar\u00e1n de todo por usted y se asegurar\u00e1n de que todo est\u00e9 archivado correctamente. Esto puede ahorrarle mucho tiempo y estr\u00e9s.<\/p>\n<h2>3. Ahorre tiempo<\/h2>\n<p>Contratar a un preparador de impuestos profesional puede ahorrarle mucho tiempo. Esto es especialmente cierto si tiene una situaci\u00f3n fiscal compleja. En lugar de pasar horas (o incluso d\u00edas) tratando de resolver todo por su cuenta, puede entreg\u00e1rselo a su preparador de impuestos y dejar que \u00e9l se encargue.<\/p>\n<h2>4. Obtenga los m\u00e1ximos reembolsos de impuestos<\/h2>\n<p>Los preparadores de impuestos profesionales conocen todos los entresijos del c\u00f3digo tributario y pueden ayudarlo a maximizar su reembolso de impuestos federales (o minimizar sus impuestos adeudados). Se asegurar\u00e1n de que todo se presente correctamente ya tiempo para que no tenga que esperar por su dinero. Esto puede ahorrarle mucho tiempo y molestias a largo plazo.<\/p>\n<h2>5. Tranquilidad<\/h2>\n<p>Cuando contrata a un preparador de impuestos, puede estar seguro de que sus impuestos est\u00e1n en buenas manos. Ellos se encargar\u00e1n de que todo se haga correctamente para que no tengas que preocuparte por ello. Esto puede darle tranquilidad durante la temporada de impuestos.<\/p>\n<h2>6. Obtenga asesoramiento de expertos<\/h2>\n<p>Cuando contrata a un preparador de impuestos, puede obtener asesoramiento experto sobre c\u00f3mo manejar sus impuestos. Pueden ayudarlo a planificar para el futuro y asegurarse de que est\u00e1 aprovechando todas las deducciones y cr\u00e9ditos a los que tiene derecho. Esto puede ahorrarle mucho dinero a largo plazo.<\/p>\n<h2>7. Evite el estr\u00e9s<\/h2>\n<p>Una de las mejores ventajas de contratar a un preparador de impuestos es que puede ayudarlo a evitar el estr\u00e9s. La temporada de impuestos puede ser estresante, pero puede ser mucho m\u00e1s f\u00e1cil de manejar si tiene a alguien que se encargue de todo por usted. Esto puede hacer que todo el proceso sea mucho menos desalentador.<\/p>\n<h2><span data-color=\"rgba(255,255,255,var(--tw-bg-opacity))\">8. Ahorre dinero<\/span><\/h2>\n<p>En algunos casos, contratar a un <a href=\"https:\/\/apc1040.com\/es\/preparacion-de-impuestos-cerca-de-mi\/\">preparador de impuestos<\/a> puede ahorrarle dinero. Si trabajas por cuenta propia o tienes una situaci\u00f3n fiscal compleja, pueden ayudarte a aprovechar deducciones y cr\u00e9ditos que quiz\u00e1s no conozcas. Esto puede ahorrarle mucho dinero a largo plazo.<\/p>\n<h2>9. Asistencia de auditor\u00eda<\/h2>\n<p>Uno de los principales beneficios de contratar a un preparador de declaraciones de impuestos federales es que pueden ofrecer asistencia de auditor\u00eda. Si el IRS alguna vez llama a su puerta, tener a alguien familiarizado con el c\u00f3digo fiscal puede marcar la diferencia. Un preparador de impuestos puede ayudarlo a proporcionar documentaci\u00f3n y apoyo para demostrar que su declaraci\u00f3n de impuestos se present\u00f3 correctamente. Esto puede ayudar a evitar multas o impuestos adicionales que el IRS pueda evaluar.<\/p>\n<h2>10. Encuentre cr\u00e9ditos que de otro modo podr\u00edan haberse perdido<\/h2>\n<p>Un preparador de impuestos puede ayudarlo a encontrar deducciones o cr\u00e9ditos que se le hayan pasado por alto. A menudo, los preparadores de impuestos est\u00e1n familiarizados con las deducciones y los cr\u00e9ditos para los que usted puede ser elegible pero que de otro modo no conocer\u00eda. Puede reducir su responsabilidad <a href=\"https:\/\/apc1040.com\/es\/deducciones-fiscales-viajes-y-entretenimiento\/\">fiscal general aprovechando todas las deducciones<\/a> y cr\u00e9ditos disponibles.<\/p>\n<h2>11. Lidiar con las tarifas de preparaci\u00f3n de deducibles<\/h2>\n<p>Finalmente, una de las principales ventajas de contratar a un preparador de declaraciones de impuestos federales es que las tarifas asociadas con la preparaci\u00f3n de su declaraci\u00f3n pueden ser deducibles. Si detalla sus deducciones en su declaraci\u00f3n de impuestos, se pueden deducir los honorarios pagados a un preparador de impuestos. Esto puede ayudar a <a href=\"https:\/\/apc1040.com\/es\/como-utilizar-un-plan-responsable-para-reducir-impuestos\/\">reducir la cantidad de impuestos<\/a> que debe en su declaraci\u00f3n.<\/p>\n<h2>12. Evite errores<\/h2>\n<p>Cometer errores en su declaraci\u00f3n de impuestos puede dar lugar a sanciones por parte del IRS. Contratar a un preparador de declaraciones de impuestos federales puede evitar cometer errores comunes y garantizar que su declaraci\u00f3n se presente con precisi\u00f3n. Un preparador de impuestos revisar\u00e1 su declaraci\u00f3n en busca de errores y har\u00e1 las correcciones necesarias. Esto puede ayudar a minimizar las posibilidades de una auditor\u00eda del IRS.<\/p>\n<p>Por lo tanto, ya sea que se trate del estado de reembolso de impuestos federales, el cr\u00e9dito fiscal sobre la renta, la declaraci\u00f3n de impuestos federales o el estado civil para efectos de la declaraci\u00f3n, los profesionales de impuestos lo ayudar\u00e1n a lidiar con cualquier situaci\u00f3n fiscal o gastos comerciales.<\/p>\n<\/div><\/div><div class=\"w-image us_custom_baddb07c has_height align_none\"><div class=\"w-image-h\"><img decoding=\"async\" width=\"509\" height=\"339\" src=\"https:\/\/apc1040.com\/wp-content\/uploads\/2022\/06\/istockphoto-1309123898-170667a.jpg\" class=\"attachment-full size-full\" alt=\"istockphoto 1309123898 170667a\" loading=\"lazy\" srcset=\"https:\/\/apc1040.com\/wp-content\/uploads\/2022\/06\/istockphoto-1309123898-170667a.jpg 509w, https:\/\/apc1040.com\/wp-content\/uploads\/2022\/06\/istockphoto-1309123898-170667a-300x200.jpg 300w\" sizes=\"auto, (max-width: 509px) 100vw, 509px\" \/><\/div><\/div><div class=\"wpb_text_column\"><div class=\"wpb_wrapper\"><h2><strong>Acerca de la contrataci\u00f3n de un preparador de declaraciones de impuestos federales<\/strong><\/h2>\n<p>Cuando llegue el momento de presentar su declaraci\u00f3n de impuestos federales, puede optar por hacerlo usted mismo o utilizar un profesional de impuestos. Si decide utilizar un preparador de impuestos, hay algunas cosas que debe saber.<\/p>\n<p>1. Primero, no todos los preparadores de impuestos son iguales. Hay muchos preparadores de impuestos, incluidos agentes inscritos, contadores p\u00fablicos certificados (CPA) y abogados. Cada tipo de preparador de impuestos tiene diferentes calificaciones y experiencia. \u00a1el mejor <a href=\"https:\/\/apc1040.com\/es\/lugares-de-impuestos-cerca-de-mi\/\">preparador de impuestos cerca de usted<\/a> est\u00e1 aqu\u00ed!<\/p>\n<ul>\n<li>Los agentes inscritos tienen licencia del IRS y han superado una exhaustiva verificaci\u00f3n de antecedentes. Se especializan en impuestos y pueden ayudar a los contribuyentes con cualquier situaci\u00f3n fiscal.<\/li>\n<li>Los CPA tienen licencia de las juntas estatales de contabilidad y han completado los requisitos de educaci\u00f3n y experiencia especificados por la Junta de Contabilidad. Los CPA pueden ayudar a los contribuyentes con muchos problemas financieros, incluidos los impuestos.<\/li>\n<li>Los abogados tienen licencia para ejercer la abogac\u00eda y pueden especializarse en derecho tributario o pueden tener una experiencia legal m\u00e1s general.<\/li>\n<\/ul>\n<h3>2. Segundo<\/h3>\n<p>Debe preguntarle al preparador de impuestos sobre su experiencia y calificaciones. Ser\u00eda mejor si tambi\u00e9n pidiera referencias de clientes anteriores sobre impuestos federales.<\/p>\n<p>3. En tercer lugar, debe revisar los honorarios del preparador de impuestos antes de contratarlos. Los preparadores de impuestos generalmente cobran por hora, por declaraci\u00f3n o combinando los dos. Aseg\u00farese de comprender qu\u00e9 servicios est\u00e1n incluidos en la tarifa y qu\u00e9 servicios tendr\u00e1n un costo adicional con respecto a las declaraciones de impuestos federales.<\/p>\n<p>4. Finalmente, aseg\u00farese de mantener buenos registros. Deber\u00e1 proporcionar copias de su declaraci\u00f3n de impuestos y todos los documentos relacionados al preparador de impuestos. Tambi\u00e9n es bueno guardar copias de sus registros para su referencia.<\/p>\n<p>Al elegir un preparador de impuestos, es esencial investigar y hacer preguntas. Al seguir estos pasos, puede estar seguro de que est\u00e1 contratando a la mejor persona.<\/p>\n<\/div><\/div><div class=\"w-image us_custom_6ff38e35 has_height align_none\"><div class=\"w-image-h\"><img decoding=\"async\" width=\"509\" height=\"340\" src=\"https:\/\/apc1040.com\/wp-content\/uploads\/2022\/06\/istockphoto-1325860496-170667a.jpg\" class=\"attachment-full size-full\" alt=\"istockphoto 1325860496 170667a\" loading=\"lazy\" srcset=\"https:\/\/apc1040.com\/wp-content\/uploads\/2022\/06\/istockphoto-1325860496-170667a.jpg 509w, https:\/\/apc1040.com\/wp-content\/uploads\/2022\/06\/istockphoto-1325860496-170667a-300x200.jpg 300w\" sizes=\"auto, (max-width: 509px) 100vw, 509px\" \/><\/div><\/div><div class=\"wpb_text_column\"><div class=\"wpb_wrapper\"><h2>Preguntas frecuentes<\/h2>\n<h3>1. \u00bfQu\u00e9 es una declaraci\u00f3n de impuestos federales sobre la renta?<\/h3>\n<p>Una declaraci\u00f3n federal de impuestos sobre la renta es el documento que los ciudadanos y residentes de EE. UU. usan para informar al gobierno sobre sus ingresos e impuestos anuales. Tambi\u00e9n incluye informaci\u00f3n sobre deducciones y cr\u00e9ditos que pueden reducir la cantidad de impuestos adeudados.<\/p>\n<h3>2. \u00bfQui\u00e9n debe presentar una declaraci\u00f3n de impuestos federales sobre la renta?<\/h3>\n<p>En general, cualquier persona que tenga ingresos sujetos a impuestos debe presentar una declaraci\u00f3n. Hay algunas excepciones, como si su \u00fanico ingreso proviene de los beneficios del Seguro Social o si est\u00e1 por debajo de la cantidad de deducci\u00f3n est\u00e1ndar. Pero, tiene que pagar impuestos si los ingresos, ya sean individuales o combinados, superan los $25,000.<\/p>\n<h3>3. \u00bfCu\u00e1l es el monto de la deducci\u00f3n est\u00e1ndar?<\/h3>\n<p>La deducci\u00f3n est\u00e1ndar es la cantidad que puede deducir de sus ingresos si no detalla sus deducciones. Para 2022, la deducci\u00f3n est\u00e1ndar es de $12,950 para contribuyentes solteros y $25,900 para contribuyentes casados \u200b\u200bque presentan una declaraci\u00f3n conjunta.<\/p>\n<h3>5. \u00bfCu\u00e1les son las sanciones por no presentar una declaraci\u00f3n de impuestos federales sobre los ingresos?<\/h3>\n<p>Las sanciones por no <a href=\"https:\/\/apc1040.com\/es\/servicios-de-presentacion-de-impuestos-sobre-la-renta-cerca-de-mi\/\">presentar una declaraci\u00f3n de impuestos federales sobre la renta<\/a> var\u00edan seg\u00fan el tiempo que haya estado en mora. La sanci\u00f3n m\u00e1xima es del 5% de los impuestos no pagados de cada mes. Las sanciones por presentar una declaraci\u00f3n de impuestos federales falsa son severas y pueden incluir encarcelamiento y multas.<\/p>\n<h3>7. \u00bfC\u00f3mo puedo obtener ayuda con mi declaraci\u00f3n de impuestos federales sobre la renta?<\/h3>\n<p>Si necesita ayuda para preparar su <a href=\"https:\/\/apc1040.com\/es\/servicio-de-impuestos-sobre-la-renta-akron-ohio\/\">declaraci\u00f3n de impuestos sobre la renta<\/a> federal, puede obtener ayuda de cualquier contador o profesional de impuestos.<\/p>\n<h3>8. \u00bfVale la pena acudir a un preparador de impuestos?<\/h3>\n<p>No hay una respuesta definitiva sobre si vale la pena acudir a un preparador de impuestos. En \u00faltima instancia, la decisi\u00f3n depende de varios factores, incluida su situaci\u00f3n fiscal y la complejidad de su declaraci\u00f3n.<\/p>\n<p>Dicho esto, hay algunos beneficios al usar un preparador de impuestos profesional. Por un lado, pueden ayudarlo a <a href=\"https:\/\/apc1040.com\/es\/deducciones-por-publicidad-y-marketing-maximizar-sus-beneficios-fiscales\/\">maximizar sus deducciones<\/a> y cr\u00e9ditos, lo que resulta en un reembolso mayor o una factura de impuestos m\u00e1s baja. Los preparadores de impuestos tambi\u00e9n pueden ayudarlo a mantenerse actualizado sobre los cambios en la ley tributaria y garantizar que su declaraci\u00f3n se presente correctamente.<\/p>\n<p>Si decide ir con un preparador de impuestos, es esencial elegir uno que tenga buena reputaci\u00f3n y est\u00e9 calificado.<\/p>\n<h3>9. \u00bfQu\u00e9 debo esperar al trabajar con un preparador de impuestos?<\/h3>\n<p>Cuando trabaja con un preparador de impuestos, puede esperar brindarles informaci\u00f3n b\u00e1sica sobre usted y sus finanzas. Esto incluir\u00e1 su n\u00famero de Seguro Social, fuentes de ingresos y deducciones.<\/p>\n<p>Ser\u00eda mejor si tambi\u00e9n estuviera preparado para responder preguntas sobre su declaraci\u00f3n de impuestos. El preparador utilizar\u00e1 esta informaci\u00f3n para completar los formularios necesarios y calcular su obligaci\u00f3n tributaria.<\/p>\n<h3>10. \u00bfCu\u00e1nto cuesta usar un preparador de impuestos?<\/h3>\n<p>El costo de usar un preparador de impuestos puede variar seg\u00fan la complejidad de su declaraci\u00f3n y la experiencia del preparador. En t\u00e9rminos generales, puede esperar pagar entre $ 100 y $ 500 por servicios profesionales de preparaci\u00f3n de impuestos.<\/p>\n<\/div><\/div><div class=\"w-image us_custom_868c5255 has_height align_none\"><div class=\"w-image-h\"><img decoding=\"async\" width=\"509\" height=\"339\" src=\"https:\/\/apc1040.com\/wp-content\/uploads\/2022\/06\/istockphoto-1342411926-170667a.jpg\" class=\"attachment-full size-full\" alt=\"istockphoto 1342411926 170667a\" loading=\"lazy\" srcset=\"https:\/\/apc1040.com\/wp-content\/uploads\/2022\/06\/istockphoto-1342411926-170667a.jpg 509w, https:\/\/apc1040.com\/wp-content\/uploads\/2022\/06\/istockphoto-1342411926-170667a-300x200.jpg 300w\" sizes=\"auto, (max-width: 509px) 100vw, 509px\" \/><\/div><\/div><div class=\"wpb_text_column\"><div class=\"wpb_wrapper\"><h2>Obtenga servicios profesionales de Akron Income Tax Co<\/h2>\n<p>Si est\u00e1 buscando ayuda profesional con su declaraci\u00f3n de impuestos federales, Akron Income Tax Co puede ayudarlo. Tenemos a\u00f1os de experiencia en la preparaci\u00f3n de declaraciones de impuestos para individuos y empresas, y podemos ayudarlo a reclamar todas las deducciones y cr\u00e9ditos a los que tiene derecho. Cont\u00e1ctanos hoy para comenzar.<\/p>\n<\/div><\/div><\/div><\/div><\/div><\/div><\/div><\/section>\n","protected":false},"excerpt":{"rendered":"Principales ventajas de contratar a un preparador de declaraciones de impuestos federales Si usted es como la mayor\u00eda de las personas, la temporada de impuestos es un momento de frustraci\u00f3n y ansiedad. Pero no tiene que ser as\u00ed. Una forma de aliviar el dolor de la declaraci\u00f3n de impuestos es contratar a un preparador profesional...","protected":false},"author":10,"featured_media":2582,"parent":0,"menu_order":0,"comment_status":"closed","ping_status":"closed","template":"","meta":{"_lmt_disableupdate":"no","_lmt_disable":"","_monsterinsights_skip_tracking":false,"_monsterinsights_sitenote_active":false,"_monsterinsights_sitenote_note":"","_monsterinsights_sitenote_category":0,"_uf_show_specific_survey":0,"_uf_disable_surveys":false,"footnotes":""},"class_list":["post-2894","page","type-page","status-publish","has-post-thumbnail","hentry"],"yoast_head":"<!-- This site is optimized with the Yoast SEO Premium plugin v27.3 (Yoast SEO v27.4) - https:\/\/yoast.com\/product\/yoast-seo-premium-wordpress\/ -->\n<title>declaraciones de impuestos federales<\/title>\n<meta name=\"description\" content=\"Buscando asistencia profesional solo $130 de preparaci\u00f3n de impuestos. declaraciones de impuestos federales.\" \/>\n<meta name=\"robots\" content=\"index, follow, max-snippet:-1, max-image-preview:large, max-video-preview:-1\" \/>\n<link rel=\"canonical\" href=\"https:\/\/apc1040.com\/es\/declaracion-de-impuestos-federales-sobre-la-renta\/\" \/>\n<meta property=\"og:locale\" content=\"es_ES\" \/>\n<meta property=\"og:type\" content=\"article\" \/>\n<meta property=\"og:title\" content=\"Declaraci\u00f3n de impuestos federales sobre la renta\" \/>\n<meta property=\"og:description\" content=\"Buscando asistencia profesional solo $130 de preparaci\u00f3n de impuestos. declaraciones de impuestos federales.\" \/>\n<meta property=\"og:url\" content=\"https:\/\/apc1040.com\/es\/declaracion-de-impuestos-federales-sobre-la-renta\/\" \/>\n<meta property=\"og:site_name\" content=\"Akron Income Tax Preparation\" \/>\n<meta property=\"article:publisher\" content=\"https:\/\/www.facebook.com\/APC1040\" \/>\n<meta property=\"article:modified_time\" content=\"2025-11-29T18:04:48+00:00\" \/>\n<meta property=\"og:image\" content=\"https:\/\/apc1040.com\/wp-content\/uploads\/2022\/06\/istockphoto-184878062-170667a.jpg\" \/>\n\t<meta property=\"og:image:width\" content=\"507\" \/>\n\t<meta property=\"og:image:height\" content=\"338\" \/>\n\t<meta property=\"og:image:type\" content=\"image\/jpeg\" \/>\n<meta name=\"twitter:card\" content=\"summary_large_image\" \/>\n<meta name=\"twitter:label1\" content=\"Est. reading time\" \/>\n\t<meta name=\"twitter:data1\" content=\"8 minutes\" \/>\n<!-- \/ Yoast SEO Premium plugin. -->","yoast_head_json":{"title":"declaraciones de impuestos federales","description":"Buscando asistencia profesional solo $130 de preparaci\u00f3n de impuestos. declaraciones de impuestos federales.","robots":{"index":"index","follow":"follow","max-snippet":"max-snippet:-1","max-image-preview":"max-image-preview:large","max-video-preview":"max-video-preview:-1"},"canonical":"https:\/\/apc1040.com\/es\/declaracion-de-impuestos-federales-sobre-la-renta\/","og_locale":"es_ES","og_type":"article","og_title":"Declaraci\u00f3n de impuestos federales sobre la renta","og_description":"Buscando asistencia profesional solo $130 de preparaci\u00f3n de impuestos. declaraciones de impuestos federales.","og_url":"https:\/\/apc1040.com\/es\/declaracion-de-impuestos-federales-sobre-la-renta\/","og_site_name":"Akron Income Tax Preparation","article_publisher":"https:\/\/www.facebook.com\/APC1040","article_modified_time":"2025-11-29T18:04:48+00:00","og_image":[{"width":507,"height":338,"url":"https:\/\/apc1040.com\/wp-content\/uploads\/2022\/06\/istockphoto-184878062-170667a.jpg","type":"image\/jpeg"}],"twitter_card":"summary_large_image","twitter_misc":{"Est. reading time":"8 minutes"},"schema":{"@context":"https:\/\/schema.org","@graph":[{"@type":"WebPage","@id":"https:\/\/apc1040.com\/es\/declaracion-de-impuestos-federales-sobre-la-renta\/","url":"https:\/\/apc1040.com\/es\/declaracion-de-impuestos-federales-sobre-la-renta\/","name":"declaraciones de impuestos federales","isPartOf":{"@id":"https:\/\/apc1040.com\/es\/#website"},"primaryImageOfPage":{"@id":"https:\/\/apc1040.com\/es\/declaracion-de-impuestos-federales-sobre-la-renta\/#primaryimage"},"image":{"@id":"https:\/\/apc1040.com\/es\/declaracion-de-impuestos-federales-sobre-la-renta\/#primaryimage"},"thumbnailUrl":"https:\/\/apc1040.com\/wp-content\/uploads\/2022\/06\/istockphoto-184878062-170667a.jpg","datePublished":"2022-03-23T12:03:08+00:00","dateModified":"2025-11-29T18:04:48+00:00","description":"Buscando asistencia profesional solo $130 de preparaci\u00f3n de impuestos. declaraciones de impuestos federales.","breadcrumb":{"@id":"https:\/\/apc1040.com\/es\/declaracion-de-impuestos-federales-sobre-la-renta\/#breadcrumb"},"inLanguage":"es","potentialAction":[{"@type":"ReadAction","target":["https:\/\/apc1040.com\/es\/declaracion-de-impuestos-federales-sobre-la-renta\/"]}]},{"@type":"ImageObject","inLanguage":"es","@id":"https:\/\/apc1040.com\/es\/declaracion-de-impuestos-federales-sobre-la-renta\/#primaryimage","url":"https:\/\/apc1040.com\/wp-content\/uploads\/2022\/06\/istockphoto-184878062-170667a.jpg","contentUrl":"https:\/\/apc1040.com\/wp-content\/uploads\/2022\/06\/istockphoto-184878062-170667a.jpg","width":507,"height":338,"caption":"federal tax return"},{"@type":"BreadcrumbList","@id":"https:\/\/apc1040.com\/es\/declaracion-de-impuestos-federales-sobre-la-renta\/#breadcrumb","itemListElement":[{"@type":"ListItem","position":1,"name":"Home","item":"https:\/\/apc1040.com\/es\/"},{"@type":"ListItem","position":2,"name":"Declaraci\u00f3n de impuestos federales sobre la renta"}]},{"@type":"WebSite","@id":"https:\/\/apc1040.com\/es\/#website","url":"https:\/\/apc1040.com\/es\/","name":"Akron Income Tax Preparation","description":"Income Tax Preparation Service","publisher":{"@id":"https:\/\/apc1040.com\/es\/#organization"},"potentialAction":[{"@type":"SearchAction","target":{"@type":"EntryPoint","urlTemplate":"https:\/\/apc1040.com\/es\/?s={search_term_string}"},"query-input":{"@type":"PropertyValueSpecification","valueRequired":true,"valueName":"search_term_string"}}],"inLanguage":"es"},{"@type":"Organization","@id":"https:\/\/apc1040.com\/es\/#organization","name":"Akron Income Tax Co","url":"https:\/\/apc1040.com\/es\/","logo":{"@type":"ImageObject","inLanguage":"es","@id":"https:\/\/apc1040.com\/es\/#\/schema\/logo\/image\/","url":"https:\/\/apc1040.com\/wp-content\/uploads\/2024\/11\/income-tax-service-akron.jpg","contentUrl":"https:\/\/apc1040.com\/wp-content\/uploads\/2024\/11\/income-tax-service-akron.jpg","width":800,"height":745,"caption":"Akron Income Tax Co"},"image":{"@id":"https:\/\/apc1040.com\/es\/#\/schema\/logo\/image\/"},"sameAs":["https:\/\/www.facebook.com\/APC1040"]}]}},"amp_enabled":true,"_links":{"self":[{"href":"https:\/\/apc1040.com\/es\/wp-json\/wp\/v2\/pages\/2894","targetHints":{"allow":["GET"]}}],"collection":[{"href":"https:\/\/apc1040.com\/es\/wp-json\/wp\/v2\/pages"}],"about":[{"href":"https:\/\/apc1040.com\/es\/wp-json\/wp\/v2\/types\/page"}],"author":[{"embeddable":true,"href":"https:\/\/apc1040.com\/es\/wp-json\/wp\/v2\/users\/10"}],"replies":[{"embeddable":true,"href":"https:\/\/apc1040.com\/es\/wp-json\/wp\/v2\/comments?post=2894"}],"version-history":[{"count":1,"href":"https:\/\/apc1040.com\/es\/wp-json\/wp\/v2\/pages\/2894\/revisions"}],"predecessor-version":[{"id":11261,"href":"https:\/\/apc1040.com\/es\/wp-json\/wp\/v2\/pages\/2894\/revisions\/11261"}],"wp:featuredmedia":[{"embeddable":true,"href":"https:\/\/apc1040.com\/es\/wp-json\/wp\/v2\/media\/2582"}],"wp:attachment":[{"href":"https:\/\/apc1040.com\/es\/wp-json\/wp\/v2\/media?parent=2894"}],"curies":[{"name":"wp","href":"https:\/\/api.w.org\/{rel}","templated":true}]}}