{"id":2886,"date":"2022-01-14T19:15:48","date_gmt":"2022-01-15T00:15:48","guid":{"rendered":"https:\/\/apc1040.com\/?page_id=2886"},"modified":"2024-05-13T18:00:19","modified_gmt":"2024-05-13T22:00:19","slug":"impuestos-sobre-criptomonedas","status":"publish","type":"page","link":"https:\/\/apc1040.com\/es\/impuestos-sobre-criptomonedas\/","title":{"rendered":"Impuestos sobre criptomonedas"},"content":{"rendered":"<section class=\"l-section wpb_row height_small\"><div class=\"l-section-h i-cf\"><div class=\"g-cols vc_row via_flex valign_top type_default stacking_default\"><div class=\"vc_col-sm-12 wpb_column vc_column_container\"><div class=\"vc_column-inner\"><div class=\"wpb_wrapper\"><div class=\"w-image us_custom_649e340e has_height align_none\"><div class=\"w-image-h\"><img decoding=\"async\" width=\"300\" height=\"200\" src=\"https:\/\/apc1040.com\/wp-content\/uploads\/2022\/01\/Bitcoin-1-300x200.jpg\" class=\"attachment-medium size-medium\" alt=\"Bitcoin 1\" loading=\"lazy\" srcset=\"https:\/\/apc1040.com\/wp-content\/uploads\/2022\/01\/Bitcoin-1-300x200.jpg 300w, https:\/\/apc1040.com\/wp-content\/uploads\/2022\/01\/Bitcoin-1-1024x683.jpg 1024w, https:\/\/apc1040.com\/wp-content\/uploads\/2022\/01\/Bitcoin-1.jpg 1920w\" sizes=\"auto, (max-width: 300px) 100vw, 300px\" \/><\/div><\/div><div class=\"wpb_text_column\"><div class=\"wpb_wrapper\"><h2>Gu\u00eda de impuestos sobre criptomonedas: \u00a1no m\u00e1s multas!<\/h2>\n<p>Si ha estado invirtiendo en criptomonedas, es importante que informe al IRS sobre sus ganancias y p\u00e9rdidas por sus impuestos sobre criptomonedas. De esa manera, no te multan por no denunciarlos. Pero desafortunadamente, el IRS est\u00e1 tomando medidas en\u00e9rgicas contra las personas que no informan sus transacciones con criptomonedas. \u00a1Adem\u00e1s, para aquellos contribuyentes que simplemente ignoran la ley por completo!<\/p>\n<h2>\u00bfQu\u00e9 son los impuestos sobre las criptomonedas?<\/h2>\n<p>Impuestos sobre criptomonedas se refiere al proceso de declaraci\u00f3n de ingresos o ganancias del comercio de criptomonedas a nivel federal. El IRS ha dejado en claro que esperan que los inversores que realizan transacciones en criptomonedas como Bitcoin y Ether (Ethereum) informen sus transacciones antes del 15 de abril de cada a\u00f1o.<\/p>\n<h2>\u00bfC\u00f3mo declaro los impuestos sobre las criptomonedas?<\/h2>\n<p>Si ha vendido cualquier cantidad de criptos por m\u00e1s de $20 durante 2021, entonces est\u00e1 legalmente obligado a <a href=\"https:\/\/apc1040.com\/es\/explore-las-opciones-del-plan-de-pago-de-impuestos-del-irs\/\">pagar impuestos<\/a> sobre las ganancias de capital. Esto significa que si alguien pag\u00f3 $100 por un bitcoin el a\u00f1o pasado y lo vendi\u00f3 (o compr\u00f3 algo) por $130, esta persona estar\u00eda obligada por ley a reportar la ganancia de $30 en sus declaraciones de impuestos. Aqu\u00ed tienes un desglose de lo que necesitas: N\u00famero de Identificaci\u00f3n Fiscal (TIN) y Anejos de Ganancias y P\u00e9rdidas de Capital.<\/p>\n<h2>Una gu\u00eda paso a paso para declarar sus impuestos sobre criptomonedas:<\/h2>\n<h3>1) Recopilaci\u00f3n de todos sus registros de transacciones:<\/h3>\n<p>Para informar con precisi\u00f3n sus transacciones de <a href=\"https:\/\/apc1040.com\/es\/base-de-costo-de-acciones-y-criptomonedas\/\">costo de cripto<\/a>\u00a0, deber\u00e1 tener registros de todas las compras, ventas , e intercambios ocurridos durante el a\u00f1o. Esto incluye la fecha de la transacci\u00f3n, el monto involucrado y qu\u00e9 tipo de criptograf\u00eda se utiliz\u00f3. Luego, puede usar un programa de software o una calculadora en l\u00ednea para ayudarlo a calcular sus ganancias y p\u00e9rdidas para cada transacci\u00f3n.<\/p>\n<h3>2) Determinaci\u00f3n de su ingreso imponible:<\/h3>\n<p>Una vez que tenga todos sus registros de transacciones, es hora de calcular su ingreso imponible. Esta es la cantidad de dinero que gana con el comercio, la miner\u00eda o el gasto de criptograf\u00eda durante el a\u00f1o. Para determinar su <a href=\"https:\/\/apc1040.com\/es\/ingresos-para-declarar-impuestos\/\">ingreso sujeto a impuestos<\/a>, simplemente sume todas sus ganancias y reste sus p\u00e9rdidas.<\/p>\n<p>Si incurri\u00f3 en una p\u00e9rdida neta durante el a\u00f1o, podr\u00eda usarla para compensar cualquier ganancia imponible que haya tenido. Por ejemplo, si obtuvo $2000 en ganancias pero tuvo una p\u00e9rdida neta de $1000, su ganancia imponible ser\u00eda de $1000.<\/p>\n<h3>3)\u00a0Informes de sus criptotransacciones:<\/h3>\n<p>Ahora que conoce su ingreso imponible, es hora de declarar estos activos en sus impuestos. Lo primero que deber\u00e1 hacer es calcular el costo base de cada transacci\u00f3n sumando todas sus compras y restando las ventas o intercambios. Por ejemplo, si compr\u00f3 $ 1000 en monedas criptogr\u00e1ficas en enero de 2021 pero las vendi\u00f3 por $ 1200 un mes despu\u00e9s, use esta f\u00f3rmula: ($ 1200 &#8211; 1000) = $ 200). Esto nos dice que nuestra base de costo es de $1000 a fines de febrero (cuando hicimos la venta). Para determinar cu\u00e1nta ganancia\/p\u00e9rdida de capital tiene al vender un activo como Bitcoin o Ethereum, simplemente tome el valor actual de lo que alguna vez fue. su base de costo y restarlo de los ingresos de la venta. Entonces, en nuestro ejemplo, ($1200-$1000 = $200).<\/p>\n<p>Luego usar\u00e1 esta informaci\u00f3n para informar sus transacciones en el Formulario 8949 del IRS. Aqu\u00ed es donde enumera cada transacci\u00f3n junto con su fecha, tipo de criptograf\u00eda, monto y ganancia o p\u00e9rdida. Tambi\u00e9n deber\u00e1 incluir este formulario con su declaraci\u00f3n de impuestos.<\/p>\n<h3>4)\u00a0Presentaci\u00f3n de sus impuestos criptogr\u00e1ficos:<\/h3>\n<p>Ahora que ha informado todas sus transacciones, es hora de <a href=\"https:\/\/apc1040.com\/list-of-our-services\/tax-return-preparation\/\">presentar sus impuestos<\/a>. Deber\u00e1 enviar el Formulario 8949 del IRS con su declaraci\u00f3n, as\u00ed como el Anexo D (si tuvo ganancias o p\u00e9rdidas de capital). Aseg\u00farese de revisar cuidadosamente las instrucciones de estos formularios, ya que pueden ser un poco confusos.<\/p>\n<h2>Aqu\u00ed hay algunos consejos m\u00e1s \u00fatiles para presentar sus impuestos criptogr\u00e1ficos:<\/h2>\n<ul>\n<li>Debe informar incluso las transacciones peque\u00f1as; reportar aquellas que resulten en una ganancia o p\u00e9rdida necesitan ser declaradas<\/li>\n<li>Aseg\u00farese de tener registros de todas sus transacciones, incluidas las fechas, los montos y el tipo de criptograf\u00eda involucrada<\/li>\n<li>Puede usar un programa de software o una calculadora en l\u00ednea para ayudarlo a calcular sus ganancias y p\u00e9rdidas<\/li>\n<li>Si se siente abrumado, no dude en obtener ayuda de un <a href=\"https:\/\/apc1040.com\/tax-professional-near-me\/\">profesional de impuestos<\/a>.&lt;\/li &gt;<\/li>\n<\/ul>\n<h2>\u00bfQu\u00e9 necesita saber sobre la declaraci\u00f3n de impuestos cuando se trata de criptomonedas?<\/h2>\n<ul>\n<li>Debe declarar las ganancias que obtiene del comercio, la miner\u00eda o el gasto en criptomonedas.<\/li>\n<li>Si usa una moneda como Bitcoin para comprar bienes o servicios, debe declarar el valor de Bitcoin en el momento de la compra.<\/li>\n<li>Cualquier p\u00e9rdida en la que incurra se puede utilizar para compensar sus ganancias sujetas a impuestos.<\/li>\n<\/ul>\n<p>Si no <a href=\"https:\/\/apc1040.com\/es\/maximice-la-eficiencia-con-software-criptografico-para-informes-fiscales\/\">inform\u00f3 sus transacciones criptogr\u00e1ficas<\/a> en el pasado, ahora es el momento de limpiarlas antes de que el IRS lo audite o investigue. Puede apostar que el IRS est\u00e1 construyendo un sistema para trAcuse sus transacciones. Por supuesto, estar\u00e1n emitiendo multas a quienes no cumplan con la ley, pero si te pones en contacto con un <a href=\"https:\/\/apc1040.com\/es\/contadores-fiscales-cerca-de-mi\/\">contador fiscal<\/a> de inmediato, \u00a1todav\u00eda est\u00e1s a tiempo de que te ayuden a salir de esta situaci\u00f3n!<\/p>\n<p>Si no est\u00e1 seguro de c\u00f3mo informar sus ganancias criptogr\u00e1ficas, \u00a1aseg\u00farese de consultar a un profesional de impuestos! Pueden guiarlo a trav\u00e9s del proceso y asegurarse de que cumpla con la ley. Sin embargo, las multas por no informar las transacciones criptogr\u00e1ficas pueden ser costosas, por lo que es mejor evitarlas por completo siguiendo estos sencillos pasos.<\/p>\n<h2>\u00bfQu\u00e9 pasa si nunca he vendido criptomonedas?<\/h2>\n<p>Si ha adquirido Crypto y solo lo tiene, \u00a1est\u00e1 libre! Si su cartera de inversiones en criptomonedas ha aumentado significativamente en valor y no la ha vendido, es probable que no haya ocurrido un hecho imponible. Esto significa que mientras no haya tenido una transacci\u00f3n, evita un hecho imponible. A\u00fan debe realizar un seguimiento de cu\u00e1nto dinero val\u00edan cuando los compr\u00f3, de modo que cuando los venda cuando llegue el 15 de abril, podr\u00e1 calcular exactamente cu\u00e1nto beneficio ha obtenido.<\/p>\n<h2>\u00bfQu\u00e9 pasa con la compra de criptomonedas?<\/h2>\n<\/div><\/div><div class=\"w-image us_custom_dadb468b has_height align_none\"><div class=\"w-image-h\"><img decoding=\"async\" width=\"300\" height=\"225\" src=\"https:\/\/apc1040.com\/wp-content\/uploads\/2022\/01\/bitcoin-300x225.jpg\" class=\"attachment-medium size-medium\" alt=\"bitcoin\" loading=\"lazy\" srcset=\"https:\/\/apc1040.com\/wp-content\/uploads\/2022\/01\/bitcoin-300x225.jpg 300w, https:\/\/apc1040.com\/wp-content\/uploads\/2022\/01\/bitcoin-1024x769.jpg 1024w, https:\/\/apc1040.com\/wp-content\/uploads\/2022\/01\/bitcoin.jpg 1920w\" sizes=\"auto, (max-width: 300px) 100vw, 300px\" \/><\/div><\/div><div class=\"wpb_text_column\"><div class=\"wpb_wrapper\"><p>Si compr\u00f3 criptomonedas el a\u00f1o pasado, las reglas son un poco diferentes. En este caso, su compra se considera una inversi\u00f3n, y un aumento en el valor se gravar\u00eda como ganancias de capital cuando las venda. Aunque es dif\u00edcil entender el valor justo de mercado de las criptomonedas. Esto tambi\u00e9n se aplica si usa criptomonedas para comprar bienes o servicios; el IRS considera que esto es un evento imponible.<\/p>\n<h2>Cu\u00e1ndo informar transacciones de criptomonedas en su declaraci\u00f3n de impuestos:<\/h2>\n<p>Debe informar sus ganancias y p\u00e9rdidas de capital por cada transacci\u00f3n que haya ocurrido durante el a\u00f1o fiscal.<\/p>\n<h3>Criptomoneda como ingreso:<\/h3>\n<p>Si recibe criptomonedas (es decir, Bitcoin) a cambio de bienes o servicios, est\u00e1 sujeta a impuestos, al igual que cualquier otro tipo de ingreso ordinario. Por lo tanto, tendr\u00eda que informar este monto en la L\u00ednea 21 del Formulario 8949. Y luego transferir esos montos de all\u00ed al Anexo D.<\/p>\n<h3>Intercambio de criptomonedas de nuevo en moneda fiduciaria<\/h3>\n<p>Cuando una persona vuelve a vender sus monedas a moneda fiduciaria, declara una ganancia\/p\u00e9rdida basada en la diferencia entre lo que recibi\u00f3 al convertir las criptomonedas a d\u00f3lares estadounidenses y lo que pag\u00f3 originalmente al comprar dichas criptomonedas con los intercambios de d\u00f3lares estadounidenses Coinbase.<\/p>\n<h3>Miner\u00eda de nuevas monedas<\/h3>\n<p>Minar monedas es muy similar a comprarlas. Dado que est\u00e1 utilizando el hardware y la electricidad de su computadora, estos se consideran gastos comerciales y, por lo tanto, se pueden deducir de la cantidad de ingresos que obtiene a trav\u00e9s de la miner\u00eda de criptomonedas. Deber\u00e1 presentar un formulario del Anexo C por ser trabajador por cuenta propia. Despu\u00e9s de deducir sus gastos, el saldo restante constituir\u00e1 una ganancia o una p\u00e9rdida dependiendo de si fue un ingreso positivo o una p\u00e9rdida.<\/p>\n<p>Es importante tener en cuenta que, si bien el IRS a\u00fan tiene que crear reglas oficiales con respecto a las criptomonedas, ha estado emitiendo una gu\u00eda sobre c\u00f3mo se deben tratar las monedas digitales a efectos fiscales desde 2014, y ahora el IRS trata las criptomonedas como activos de capital. E incluso a la luz de toda esta ambig\u00fcedad en torno a los impuestos: una cosa sigue siendo cierta: \u00a1las sanciones por incumplimiento siguen siendo altas! Por lo tanto, aseg\u00farese de ser bueno rastreando esos registros&#8230; \u00a1antes de que el 15 de abril vuelva a aparecer el pr\u00f3ximo a\u00f1o!<\/p>\n<h3>\u00bfQu\u00e9 software de impuestos sobre criptomonedas debo usar?<\/h3>\n<p>No existe una respuesta \u00fanica para esta pregunta, ya que el mejor software para usted depender\u00e1 de sus necesidades y preferencias individuales. Sin embargo, algunas de las opciones m\u00e1s populares incluyen:<\/p>\n<h4>Bitcoin.Impuesto<\/h4>\n<p>Esta aplicaci\u00f3n est\u00e1 dise\u00f1ada para ayudarlo a calcular sus ganancias y p\u00e9rdidas de Bitcoin y otras criptomonedas. Es una excelente opci\u00f3n para aquellos que quieren hacer todo por s\u00ed mismos, ya que lo gu\u00eda en cada paso del proceso.<\/p>\n<h4>Seguimiento de monedas<\/h4>\n<p>CoinTracking ofrece un conjunto completo de funciones, que incluyen importaciones autom\u00e1ticas de m\u00e1s de 50 intercambios, informes detallados sobre todas sus transacciones e incluso un sistema de alerta para notificarle cuando haya realizado una transacci\u00f3n sujeta a impuestos.<\/p>\n<h4>Libro mayor de monedas<\/h4>\n<p>Si est\u00e1 buscando algo m\u00e1s orientado a los comerciantes que a los inversores, CoinLedger podr\u00eda ser la opci\u00f3n adecuada para usted. Ofrece datos en tiempo real sobre precios y transacciones, as\u00ed como un an\u00e1lisis en profundidad de sus ganancias y p\u00e9rdidas. <span style=\"color: #ff0000;\"><span style=\"color: #1a1a1a;\">Nos gusta mucho<\/span> <strong>https:\/\/coinledger.io<\/strong><\/span><\/p>\n<h4>Preparaci\u00f3n de impuestos criptogr\u00e1ficos<\/h4>\n<p>Si est\u00e1 buscando un poco de ayuda con sus impuestos, definitivamente vale la pena considerar Crypto Tax Prep. Es esencialmente TurboTax para usuarios de criptomonedas. Simplemente ingrese los datos relevantes en su sistema basado en cuestionarios y le dar\u00e1n toda la informaci\u00f3n que se ajuste a su declaraci\u00f3n de impuestos.<\/p>\n<h2>\u00bfQu\u00e9 sucede si no informo sobre mis impuestos sobre criptomonedas?<\/h2>\n<p>Desafortunadamente, las sanciones por no informar sus transacciones de. Moneda criptogr\u00e1fica pueden ser bastante elevadas. El IRS puede imponer multas de hasta $100,000 por no presentar. Un formulario 8949 y $25,000 adicionales por mes por incumplimiento continuo. Por lo tanto, \u00a1definitivamente le conviene asegurarse de cumplir con todas las leyes fiscales!<\/p>\n<h2>\u00bfQu\u00e9 hay de nuevo con los impuestos sobre las criptomonedas?<\/h2>\n<p>En este punto, todav\u00eda hay mucha ambig\u00fcedad en torno al tratamiento fiscal de las criptomonedas. De hecho: \u00a1muchas criptomonedas siguen sin poder clasificarse legalmente. Como moneda o propiedad! Esto es desafortunado porque significa que. Las personas continuar\u00e1n lidiando con informaci\u00f3n vaga tanto del. IRS como de sus proveedores de intercambio sobre transacciones de informes a lo largo de 2018. Sin embargo, nos da algunas pistas sobre lo que podemos esperar en los pr\u00f3ximos a\u00f1os.<\/p>\n<p>Entonces, aqu\u00ed hay dos cosas que debe saber. Con respecto a sus impuestos sobre criptomonedas&#8230;<\/p>\n<h3>Primero:<\/h3>\n<p>El Congreso de los Estados Unidos ha formado. Un comit\u00e9 &#8220;Ad Hoc&#8221; cuyo \u00fanico prop\u00f3sito es examinar los problemas. De impuestos de la moneda digital. Este grupo se cre\u00f3 en 2016, pero recientemente comenz\u00f3 a reunirse (casi un a\u00f1o despu\u00e9s) para discutir posibles enfoques y soluciones.<\/p>\n<h3>En segundo lugar:<\/h3>\n<p>A pesar de que Bitcoin ha existido durante casi diez a\u00f1os. El Servicio de Impuestos Internos todav\u00eda est\u00e1 trabajando.considerarlo como propiedad (y no como moneda) cuando se trata de impuestos. Desafortunadamente, esto significa que todas las transacciones que impliquen la compra. Venta o comercio de BTC estar\u00e1n. Sujetas a impuestos sobre las ganancias de capital la pr\u00f3xima temporada de impuestos. Por lo tanto, \u00a1aseg\u00farese de informar sus transacciones criptogr\u00e1ficas correctamente!<\/p>\n<h3>Deducci\u00f3n de impuestos para criptomonedas:<\/h3>\n<p>Tambi\u00e9n puede deducir sus p\u00e9rdidas en. Inversiones en criptomonedas de su ingreso imponible. Esto incluye p\u00e9rdidas de capital tanto a corto como a largo plazo. Que pueden utilizarse para compensar otras formas de ingresos. Por ejemplo, si tiene $2000 en p\u00e9rdidas a largo. Plazo y $1000 en ganancias a corto plazo. Puede reducir su ingreso imponible en $1000.<\/p>\n<p>A efectos fiscales, el IRS trata la criptomoneda. Como propiedad y no como moneda. Esto significa una diferencia entre las ganancias de. Capital a corto plazo y las ganancias de capital a largo plazo (ver m\u00e1s abajo).<\/p>\n<h3>Impuesto sobre las Ganancias de Capital a Corto Plazo:<\/h3>\n<p>Una ganancia o p\u00e9rdida de \u201ccorto plazo\u201d ocurre. Cuando un activo se vende menos de un a\u00f1o despu\u00e9s de haber sido comprado. Por ejemplo, si compr\u00f3 una criptomoneda. A $ 1200 y la vendi\u00f3 despu\u00e9s de un mes por $ 1700, eso se considerar\u00eda una ganancia a corto plazo de $ 500.<\/p>\n<h3>Impuesto sobre las ganancias de capital a largo plazo:<\/h3>\n<p>Una ganancia o p\u00e9rdida \u201ca largo plazo\u201d ocurre cuando un activo se vende. M\u00e1s de un a\u00f1o despu\u00e9s de haber sido comprado. Por ejemplo, si compr\u00f3 una criptomoneda a $ 1200 y la vendi\u00f3 despu\u00e9s. De dos a\u00f1os por $ 1500, eso se considerar\u00eda una ganancia a largo plazo de $ 300.<\/p>\n<p>Al calcular su impuesto sobre las ganancias de capital. Utilizar\u00e1 las tasas de &#8220;largo plazo&#8221; si ha tenido el activo. De capital durante m\u00e1s de un a\u00f1o. Esto resultar\u00e1 en una menor obligaci\u00f3n tributaria. Si tiene <a href=\"https:\/\/apc1040.com\/tax-service-faq\/\">preguntas<\/a> relacionadas con las criptomonedas, no dude en preguntar.<\/p>\n<\/div><\/div><\/div><\/div><\/div><\/div><\/div><\/section>\n","protected":false},"excerpt":{"rendered":"Gu\u00eda de impuestos sobre criptomonedas: \u00a1no m\u00e1s multas! Si ha estado invirtiendo en criptomonedas, es importante que informe al IRS sobre sus ganancias y p\u00e9rdidas por sus impuestos sobre criptomonedas. De esa manera, no te multan por no denunciarlos. Pero desafortunadamente, el IRS est\u00e1 tomando medidas en\u00e9rgicas contra las personas que no informan sus transacciones...","protected":false},"author":10,"featured_media":2541,"parent":0,"menu_order":0,"comment_status":"closed","ping_status":"closed","template":"","meta":{"_lmt_disableupdate":"no","_lmt_disable":"","_monsterinsights_skip_tracking":false,"_monsterinsights_sitenote_active":false,"_monsterinsights_sitenote_note":"","_monsterinsights_sitenote_category":0,"_uf_show_specific_survey":0,"_uf_disable_surveys":false,"footnotes":""},"class_list":["post-2886","page","type-page","status-publish","has-post-thumbnail","hentry"],"yoast_head":"<!-- This site is optimized with the Yoast SEO Premium plugin v27.3 (Yoast SEO v27.5) - https:\/\/yoast.com\/product\/yoast-seo-premium-wordpress\/ -->\n<title>Impuestos sobre criptomonedas - Income Tax Preparation<\/title>\n<meta name=\"description\" content=\"Impuestos sobre criptomonedas: es importante informar correctamente sus transacciones con criptomonedas al IRS para evitar multas y sanciones.\" \/>\n<meta name=\"robots\" content=\"index, follow, max-snippet:-1, max-image-preview:large, max-video-preview:-1\" \/>\n<link rel=\"canonical\" href=\"https:\/\/apc1040.com\/es\/impuestos-sobre-criptomonedas\/\" \/>\n<meta property=\"og:locale\" content=\"es_ES\" \/>\n<meta property=\"og:type\" content=\"article\" \/>\n<meta property=\"og:title\" content=\"Impuestos sobre criptomonedas\" \/>\n<meta property=\"og:description\" content=\"Impuestos sobre criptomonedas: es importante informar correctamente sus transacciones con criptomonedas al IRS para evitar multas y sanciones.\" \/>\n<meta property=\"og:url\" content=\"https:\/\/apc1040.com\/es\/impuestos-sobre-criptomonedas\/\" \/>\n<meta property=\"og:site_name\" content=\"Akron Income Tax Preparation\" \/>\n<meta property=\"article:publisher\" content=\"https:\/\/www.facebook.com\/APC1040\" \/>\n<meta property=\"article:modified_time\" content=\"2024-05-13T22:00:19+00:00\" \/>\n<meta property=\"og:image\" content=\"https:\/\/apc1040.com\/wp-content\/uploads\/2022\/01\/Bitcoin-1.jpg\" \/>\n\t<meta property=\"og:image:width\" content=\"1920\" \/>\n\t<meta property=\"og:image:height\" content=\"1280\" \/>\n\t<meta property=\"og:image:type\" content=\"image\/jpeg\" \/>\n<meta name=\"twitter:card\" content=\"summary_large_image\" \/>\n<meta name=\"twitter:label1\" content=\"Est. reading time\" \/>\n\t<meta name=\"twitter:data1\" content=\"11 minutes\" \/>\n<!-- \/ Yoast SEO Premium plugin. -->","yoast_head_json":{"title":"Impuestos sobre criptomonedas - Income Tax Preparation","description":"Impuestos sobre criptomonedas: es importante informar correctamente sus transacciones con criptomonedas al IRS para evitar multas y sanciones.","robots":{"index":"index","follow":"follow","max-snippet":"max-snippet:-1","max-image-preview":"max-image-preview:large","max-video-preview":"max-video-preview:-1"},"canonical":"https:\/\/apc1040.com\/es\/impuestos-sobre-criptomonedas\/","og_locale":"es_ES","og_type":"article","og_title":"Impuestos sobre criptomonedas","og_description":"Impuestos sobre criptomonedas: es importante informar correctamente sus transacciones con criptomonedas al IRS para evitar multas y sanciones.","og_url":"https:\/\/apc1040.com\/es\/impuestos-sobre-criptomonedas\/","og_site_name":"Akron Income Tax Preparation","article_publisher":"https:\/\/www.facebook.com\/APC1040","article_modified_time":"2024-05-13T22:00:19+00:00","og_image":[{"width":1920,"height":1280,"url":"https:\/\/apc1040.com\/wp-content\/uploads\/2022\/01\/Bitcoin-1.jpg","type":"image\/jpeg"}],"twitter_card":"summary_large_image","twitter_misc":{"Est. reading time":"11 minutes"},"schema":{"@context":"https:\/\/schema.org","@graph":[{"@type":"WebPage","@id":"https:\/\/apc1040.com\/es\/impuestos-sobre-criptomonedas\/","url":"https:\/\/apc1040.com\/es\/impuestos-sobre-criptomonedas\/","name":"Impuestos sobre criptomonedas - Income Tax Preparation","isPartOf":{"@id":"https:\/\/apc1040.com\/es\/#website"},"primaryImageOfPage":{"@id":"https:\/\/apc1040.com\/es\/impuestos-sobre-criptomonedas\/#primaryimage"},"image":{"@id":"https:\/\/apc1040.com\/es\/impuestos-sobre-criptomonedas\/#primaryimage"},"thumbnailUrl":"https:\/\/apc1040.com\/wp-content\/uploads\/2022\/01\/Bitcoin-1.jpg","datePublished":"2022-01-15T00:15:48+00:00","dateModified":"2024-05-13T22:00:19+00:00","description":"Impuestos sobre criptomonedas: es importante informar correctamente sus transacciones con criptomonedas al IRS para evitar multas y sanciones.","breadcrumb":{"@id":"https:\/\/apc1040.com\/es\/impuestos-sobre-criptomonedas\/#breadcrumb"},"inLanguage":"es","potentialAction":[{"@type":"ReadAction","target":["https:\/\/apc1040.com\/es\/impuestos-sobre-criptomonedas\/"]}]},{"@type":"ImageObject","inLanguage":"es","@id":"https:\/\/apc1040.com\/es\/impuestos-sobre-criptomonedas\/#primaryimage","url":"https:\/\/apc1040.com\/wp-content\/uploads\/2022\/01\/Bitcoin-1.jpg","contentUrl":"https:\/\/apc1040.com\/wp-content\/uploads\/2022\/01\/Bitcoin-1.jpg","width":1920,"height":1280,"caption":"Bitcoin 1"},{"@type":"BreadcrumbList","@id":"https:\/\/apc1040.com\/es\/impuestos-sobre-criptomonedas\/#breadcrumb","itemListElement":[{"@type":"ListItem","position":1,"name":"Home","item":"https:\/\/apc1040.com\/es\/"},{"@type":"ListItem","position":2,"name":"Impuestos sobre criptomonedas"}]},{"@type":"WebSite","@id":"https:\/\/apc1040.com\/es\/#website","url":"https:\/\/apc1040.com\/es\/","name":"Akron Income Tax Preparation","description":"Income Tax Preparation Service","publisher":{"@id":"https:\/\/apc1040.com\/es\/#organization"},"potentialAction":[{"@type":"SearchAction","target":{"@type":"EntryPoint","urlTemplate":"https:\/\/apc1040.com\/es\/?s={search_term_string}"},"query-input":{"@type":"PropertyValueSpecification","valueRequired":true,"valueName":"search_term_string"}}],"inLanguage":"es"},{"@type":"Organization","@id":"https:\/\/apc1040.com\/es\/#organization","name":"Akron Income Tax Co","url":"https:\/\/apc1040.com\/es\/","logo":{"@type":"ImageObject","inLanguage":"es","@id":"https:\/\/apc1040.com\/es\/#\/schema\/logo\/image\/","url":"https:\/\/apc1040.com\/wp-content\/uploads\/2024\/11\/income-tax-service-akron.jpg","contentUrl":"https:\/\/apc1040.com\/wp-content\/uploads\/2024\/11\/income-tax-service-akron.jpg","width":800,"height":745,"caption":"Akron Income Tax Co"},"image":{"@id":"https:\/\/apc1040.com\/es\/#\/schema\/logo\/image\/"},"sameAs":["https:\/\/www.facebook.com\/APC1040"]}]}},"amp_enabled":true,"_links":{"self":[{"href":"https:\/\/apc1040.com\/es\/wp-json\/wp\/v2\/pages\/2886","targetHints":{"allow":["GET"]}}],"collection":[{"href":"https:\/\/apc1040.com\/es\/wp-json\/wp\/v2\/pages"}],"about":[{"href":"https:\/\/apc1040.com\/es\/wp-json\/wp\/v2\/types\/page"}],"author":[{"embeddable":true,"href":"https:\/\/apc1040.com\/es\/wp-json\/wp\/v2\/users\/10"}],"replies":[{"embeddable":true,"href":"https:\/\/apc1040.com\/es\/wp-json\/wp\/v2\/comments?post=2886"}],"version-history":[{"count":0,"href":"https:\/\/apc1040.com\/es\/wp-json\/wp\/v2\/pages\/2886\/revisions"}],"wp:featuredmedia":[{"embeddable":true,"href":"https:\/\/apc1040.com\/es\/wp-json\/wp\/v2\/media\/2541"}],"wp:attachment":[{"href":"https:\/\/apc1040.com\/es\/wp-json\/wp\/v2\/media?parent=2886"}],"curies":[{"name":"wp","href":"https:\/\/api.w.org\/{rel}","templated":true}]}}