{"id":2879,"date":"2021-12-25T16:50:11","date_gmt":"2021-12-25T21:50:11","guid":{"rendered":"https:\/\/apc1040.com\/?page_id=2879"},"modified":"2025-11-29T12:58:09","modified_gmt":"2025-11-29T17:58:09","slug":"1040-tax-return","status":"publish","type":"page","link":"https:\/\/apc1040.com\/es\/1040-tax-return\/","title":{"rendered":"1040 declaraci\u00f3n de impuestos"},"content":{"rendered":"<section class=\"l-section wpb_row height_small\"><div class=\"l-section-h i-cf\"><div class=\"g-cols vc_row via_flex valign_top type_default stacking_default\"><div class=\"vc_col-sm-12 wpb_column vc_column_container\"><div class=\"vc_column-inner\"><div class=\"wpb_wrapper\"><div class=\"w-image us_custom_28b9a6b2 has_height align_none\"><div class=\"w-image-h\"><img decoding=\"async\" width=\"509\" height=\"339\" src=\"https:\/\/apc1040.com\/wp-content\/uploads\/2022\/06\/istockphoto-1126336374-170667a.jpg\" class=\"attachment-large size-large\" alt=\"lugares de impuestos cerca de m\u00ed\" loading=\"lazy\" srcset=\"https:\/\/apc1040.com\/wp-content\/uploads\/2022\/06\/istockphoto-1126336374-170667a.jpg 509w, https:\/\/apc1040.com\/wp-content\/uploads\/2022\/06\/istockphoto-1126336374-170667a-300x200.jpg 300w\" sizes=\"auto, (max-width: 509px) 100vw, 509px\" \/><\/div><\/div><div class=\"wpb_text_column us_custom_6e53cfdf\"><div class=\"wpb_wrapper\"><h2>\u00bfPor qu\u00e9 tiene que presentar una declaraci\u00f3n de impuestos 1040?<\/h2>\n<p><a href=\"https:\/\/apc1040.com\/es\/\">Los c<\/a>ontribuyentes utilizar\u00e1n el Federal 1040 Preparaci\u00f3n de impuestos Formulario Akron para calcular los ingresos fiscales y los ingresos imponibles generales. Luego puede usar el formulario para obtener una devoluci\u00f3n de esos impuestos.<\/p>\n<p>Durante la primera secci\u00f3n del formulario 1040, debe calcular el ingreso bruto ajustado. Aqu\u00ed es donde debe informar el ingreso total y luego reclamar todos los ajustes que se le permite tener. Este es uno de los pasos que m\u00e1s tiempo consume de la preparaci\u00f3n del impuesto sobre la renta. Es importante asegurarse de obtener una cifra precisa para el ingreso bruto ajustado.<\/p>\n<p>Necesitar\u00e1s\u00a0 Contabilidad adecuada\u00a0totales para llegar a la AGI si tiene un negocio. Eso es porque la mayor\u00eda de sus Limitaciones de deducci\u00f3n\u00a0puede verse afectado por ella. Utilizando nuestro servicio de impuestos 1040, podemos asegurarnos de que sus impuestos sean correctos.<\/p>\n<p>Despu\u00e9s de calcular el AGI federal, puede reducirlo con el m\u00e9todo de deducci\u00f3n est\u00e1ndar o las deducciones detalladas generales incluidas en el Anexo A. Algunas de las deducciones detalladas en las que puede consistir como gastos incluyen gastos m\u00e9dicos excesivos, contribuciones caritativas, impuestos sobre la renta locales y estatales, intereses hipotecarios e impuestos sobre las ventas.<\/p>\n<p>Las deducciones detalladas generales deben ser mayores que la deducci\u00f3n est\u00e1ndar para usar el Anexo A. El ingreso imponible general ser\u00eda menor a medida que reclame la deducci\u00f3n de impuestos est\u00e1ndar o el monto en el Anexo A.<\/p>\n<h2>Diferentes tipos de devoluciones<\/h2>\n<p>El proceso de preparaci\u00f3n de la declaraci\u00f3n de impuestos puede ser abrumador. Tendr\u00e1 que estar bien<a href=\"https:\/\/apc1040.com\/es\/informacion-sobre-beneficiarios-reales-boi\/\"> informado sobre<\/a> las leyes fiscales actuales para obtener el mejor reembolso. Puede contar con nosotros para ayudarlo a obtener el mejor reembolso federal. Si tiene una buena comprensi\u00f3n de los diferentes tipos de formularios de declaraci\u00f3n de impuestos, puede superar la mayor\u00eda de los problemas. Profundicemos y echemos un vistazo a cu\u00e1les son esas formas.<\/p>\n<h3>Modelo 1040<\/h3>\n<p>El formulario de preparaci\u00f3n de impuestos 1040 es el m\u00e1s\u00a0\u00a0Declaraci\u00f3n de impuestos\u00a0entre los contribuyentes en Ohio, Texas y otros estados.Deber\u00e1 usar esto para informar sus ingresos y luego determinar la cantidad exacta de impuestos que tendr\u00e1 que pagar por el a\u00f1o. Adem\u00e1s, puede encontrar el reembolso exacto o cualquier impuesto adicional que deba en este formulario. Por lo tanto, debe utilizar nuestro servicio de declaraci\u00f3n de impuestos 1040.<\/p>\n<h3>Formulario-SR<\/h3>\n<p>El Formulario 1040-SR es <a href=\"https:\/\/apc1040.com\/es\/preparacion-de-impuestos-para-personas-mayores\/\">para una persona mayor que paga impuestos<\/a>. Si tiene m\u00e1s de 65 a\u00f1os, puede usar este formulario. El contenido en esta forma es bastante similar al anterior. Sin embargo, notar\u00e1 que el texto aparece en una fuente m\u00e1s grande. Adem\u00e1s, tambi\u00e9n puede ver un gr\u00e1fico que lo ayudar\u00e1 a obtener m\u00e1s informaci\u00f3n sobre los impuestos.<\/p>\n<h3>Formulario-NR<\/h3>\n<p>Si no es residente de los Estados Unidos, deber\u00e1 completar el formulario 1040 Tax Return Akron. Esto es para las personas que no tienen una tarjeta verde. Este formulario es relativamente largo en comparaci\u00f3n con el formulario 1040 ordinario.<\/p>\n<h3>Forma-X<\/h3>\n<p>El formulario 1040-x es para todos los contribuyentes que necesitan hacer cambios a la declaraci\u00f3n de impuestos despu\u00e9s de que ya la hayan presentado. Si ya ha completado el formulario 1040, pero si desea realizar algunos cambios, el servicio de impuestos 1040 Akron se encargar\u00e1 de presentar el formulario 1040-x.<\/p>\n<\/div><\/div><div class=\"w-image us_custom_28b9a6b2 has_height align_none\"><div class=\"w-image-h\"><img decoding=\"async\" width=\"526\" height=\"329\" src=\"https:\/\/apc1040.com\/wp-content\/uploads\/2022\/06\/istockphoto-1173614062-170667a.jpg\" class=\"attachment-large size-large\" alt=\"istockphoto 1173614062 170667a\" loading=\"lazy\" srcset=\"https:\/\/apc1040.com\/wp-content\/uploads\/2022\/06\/istockphoto-1173614062-170667a.jpg 526w, https:\/\/apc1040.com\/wp-content\/uploads\/2022\/06\/istockphoto-1173614062-170667a-300x188.jpg 300w\" sizes=\"auto, (max-width: 526px) 100vw, 526px\" \/><\/div><\/div><div class=\"wpb_text_column\"><div class=\"wpb_wrapper\"><h3>\u00bfCu\u00e1les son los \u00faltimos cambios en el formulario?<\/h3>\n<p>Cuando presente declaraciones de impuestos en Ohio, debe usar el formulario de impuestos 1040. Este formulario se actualiza regularmente. Por lo tanto, vale la pena estar al tanto de los \u00faltimos cambios para que no encuentre ning\u00fan desaf\u00edo al presentarlo.<\/p>\n<p>Puede ver una nueva adici\u00f3n en el \u00a01040 <a href=\"https:\/\/apc1040.com\/es\/akron-income-tax-co-vea-nuestra-presencia-en-la-web\/\">Impuesto\u00a0Devolver formulario Akron<\/a>. Esta l\u00ednea est\u00e1 relacionada con el Cr\u00e9dito de Reembolso de Recuperaci\u00f3n. Esta l\u00ednea es para todos los contribuyentes que no pudieron recibir pagos del gobierno cuando los pagos de impacto econ\u00f3mico no estaban disponibles en 2021.<\/p>\n<p>Incluso si podr\u00eda haber recibido un pago mayor pero no lo recibi\u00f3, puede usar esta secci\u00f3n. Luego podr\u00e1 reclamar el monto espec\u00edfico como un cr\u00e9dito fiscal reembolsable. Su impuesto Profesional puede ayudarle con este servicio. Para las declaraciones de impuestos de 2021, podr\u00e1 ver una nueva secci\u00f3n llamada &#8220;Cantidad que debe&#8221;.<\/p>\n<h3>1040 Impuestos<\/h3>\n<p>Si usted es un contribuyente en los Estados Unidos, se encontrar\u00e1 con la necesidad de completar formularios de<a href=\"https:\/\/apc1040.com\/es\/declaracion-de-impuestos-federales\/\"> impuestos federales<\/a>. Debe enviar esto junto con el ingreso anual Presentaci\u00f3n de declaraciones de impuestos. Hay varias secciones en este formulario. Deber\u00e1 ingresar informaci\u00f3n relacionada con sus ingresos y deducciones en estas secciones. Luego determinar\u00e1 el monto exacto del impuesto que debe o el reembolso que probablemente pueda recibir. Seg\u00fan la naturaleza de sus ingresos, tambi\u00e9n tendr\u00e1 que adjuntar formularios adicionales al presentar el Declaraci\u00f3n de impuestos. Estas otras formas se conocen como horarios.<\/p>\n<\/div><\/div><div class=\"w-image us_custom_28b9a6b2 has_height align_none\"><div class=\"w-image-h\"><img decoding=\"async\" width=\"507\" height=\"338\" src=\"https:\/\/apc1040.com\/wp-content\/uploads\/2022\/06\/istockphoto-182465269-170667a.jpg\" class=\"attachment-large size-large\" alt=\"istockphoto 182465269 170667a\" loading=\"lazy\" srcset=\"https:\/\/apc1040.com\/wp-content\/uploads\/2022\/06\/istockphoto-182465269-170667a.jpg 507w, https:\/\/apc1040.com\/wp-content\/uploads\/2022\/06\/istockphoto-182465269-170667a-300x200.jpg 300w\" sizes=\"auto, (max-width: 507px) 100vw, 507px\" \/><\/div><\/div><div class=\"wpb_text_column\"><div class=\"wpb_wrapper\"><h2>Preguntas Frecuentes<\/h2>\n<h3>1. \u00bfQu\u00e9 es una declaraci\u00f3n de impuestos 1040?<\/h3>\n<p>Una declaraci\u00f3n de impuestos 1040 es el formulario m\u00e1s com\u00fan utilizado para declarar impuestos en los Estados Unidos. Las personas lo usan para reportar sus ingresos, deducciones y cr\u00e9dito del a\u00f1o fiscal.<\/p>\n<h3>2. \u00bfNecesito presentar una declaraci\u00f3n de impuestos 1040?<\/h3>\n<p>En general, debe presentar un impuesto 1040 si est\u00e1 trabajando para alguien o si trabaja por cuenta propia. Sin embargo, hay algunas excepciones, as\u00ed que <a href=\"https:\/\/apc1040.com\/es\/numeros-de-telefono-del-irs\/\">consulte el sitio web del IRS<\/a> para conocer los requisitos espec\u00edficos de presentaci\u00f3n. Puede comunicarse con nosotros para obtener ayuda con respecto a los impuestos de Medicare, el impuesto sobre el trabajo por cuenta propia, los impuestos sobre el empleo en el hogar, la compensaci\u00f3n por desempleo, una gu\u00eda para cuentas favorecidas por impuestos, gastos de educadores y m\u00e1s.<\/p>\n<h3>3. \u00bfQu\u00e9 tipos de ingresos se informan en una declaraci\u00f3n de impuestos 1040?<\/h3>\n<p>Varios tipos de ingresos se informan en una declaraci\u00f3n de impuestos 1040. Estos incluyen sueldos, salarios, propinas, pagos de intereses, dividendos y ganancias de capital.<\/p>\n<h3>4. \u00bfQu\u00e9 deducciones y cr\u00e9ditos puedo reclamar en mi declaraci\u00f3n de impuestos 1040?<\/h3>\n<p>Hay varias deducciones y cr\u00e9ditos que puede reclamar en su declaraci\u00f3n de impuestos 1040. Algunos de los m\u00e1s comunes incluyen la deducci\u00f3n est\u00e1ndar, la deducci\u00f3n de intereses hipotecarios y el cr\u00e9dito tributario por hijos. \u00a0Contabilidad Empresarial\u00a0es otra \u00e1rea especial.<\/p>\n<h3>5. \u00bfC\u00f3mo presento mi declaraci\u00f3n de impuestos 1040?<\/h3>\n<p>Puede presentar su declaraci\u00f3n de impuestos 1040 en l\u00ednea, por correo o a trav\u00e9s de un preparador de impuestos. Consulte nuestros servicios para un manejo r\u00e1pido del impuesto.<\/p>\n<h2>Palabras finales<\/h2>\n<p>Ahora tiene una buena comprensi\u00f3n de lo que se trata la declaraci\u00f3n de impuestos 1040. Puede proceder con la preparaci\u00f3n del servicio de impuestos 1040 Akron con este entendimiento. Si necesita ayuda, aseg\u00farese de ponerse en contacto con un experto. Entonces podr\u00e1 superar los desaf\u00edos que tiene que enfrentar al completar las declaraciones de impuestos.<\/p>\n<p>Le recomendamos que trabaje con un experto mientras completa todos estos formularios, principalmente porque un profesional puede maximizar su reembolso. Ofrecemos un \u00a0Consulta fiscal gratuita\u00a0para discutir su situaci\u00f3n. Adem\u00e1s de eso, tambi\u00e9n puede ahorrar tiempo, que puede usar para enfocarse en otras prioridades. Ll\u00e1menos <a href=\"tel:13307331040\" target=\"_blank\" rel=\"noopener noreferrer\">330-733-1040<\/a><\/p>\n<table width=\"939\">\n<tbody>\n<tr>\n<td width=\"939\"><a href=\"https:\/\/apc1040.com\/web-stories\/essential-bookkeeping-tips-for-small-businesses-in-akron\/\">Bookkeeping tips<\/a><\/td>\n<\/tr>\n<tr>\n<td><a href=\"https:\/\/apc1040.com\/web-stories\/is-a-tax-accountant-worth-it-heres-when-you-need-one\/\">Is a Tax Accountant worth it<\/a><\/td>\n<\/tr>\n<tr>\n<td><a href=\"https:\/\/apc1040.com\/web-stories\/dont-get-audited-5-tips-to-keep-the-irs-off-your-back\/\">Don&#8217;t get Audited<\/a><\/td>\n<\/tr>\n<tr>\n<td><a href=\"https:\/\/apc1040.com\/web-stories\/the-hidden-tax-implications-of-selling-your-stuff-navigating-1099-k\/\">Selling Stuff and get 1 1099K?<\/a><\/td>\n<\/tr>\n<tr>\n<td><a href=\"https:\/\/apc1040.com\/web-stories\/avoid-irs-tax-issues-when-renting-to-family-or-friends\/\">Renting to Family?<\/a><\/td>\n<\/tr>\n<tr>\n<td><a href=\"https:\/\/apc1040.com\/web-stories\/home-office-deduction-101-what-you-need-to-know-to-save-big\/\">Home Office Deduction?<\/a><\/td>\n<\/tr>\n<tr>\n<td><a href=\"https:\/\/apc1040.com\/web-stories\/boi-reporting-what-every-small-business-owner-must-know\/\">BOI Reporting<\/a><\/td>\n<\/tr>\n<tr>\n<td><a href=\"https:\/\/apc1040.com\/web-stories\/tax-time-made-easy-how-smart-recordkeeping-can-save-you-money\/\">Smart Recordkeeping can Save you<\/a><\/td>\n<\/tr>\n<tr>\n<td><a href=\"https:\/\/apc1040.com\/web-stories\/crypto-tax-secrets-avoid-irs-fines-and-maximize-your-returns\/\">Crypto Tax Secrets<\/a><\/td>\n<\/tr>\n<tr>\n<td><a href=\"https:\/\/apc1040.com\/web-stories\/doordash-driver-check-out-these-tax-secrets-to-keep-more-money\/\">Door Dash Driver Secrets<\/a><\/td>\n<\/tr>\n<tr>\n<td><a href=\"https:\/\/apc1040.com\/web-stories\/turn-your-marketing-costs-into-tax-savings-essential-deductions-explained\/\">Advertising Deductions<\/a><\/td>\n<\/tr>\n<tr>\n<td><a href=\"https:\/\/apc1040.com\/web-stories\/tax-evasion-vs-tax-avoidance-know-the-difference-or-pay-the-price\/\">Tax evasion vs tax-avoidance<\/a><\/td>\n<\/tr>\n<\/tbody>\n<\/table>\n<\/div><\/div><\/div><\/div><\/div><\/div><\/div><\/section>\n","protected":false},"excerpt":{"rendered":"\u00bfPor qu\u00e9 tiene que presentar una declaraci\u00f3n de impuestos 1040? Los contribuyentes utilizar\u00e1n el Federal 1040 Preparaci\u00f3n de impuestos Formulario Akron para calcular los ingresos fiscales y los ingresos imponibles generales. Luego puede usar el formulario para obtener una devoluci\u00f3n de esos impuestos. Durante la primera secci\u00f3n del formulario 1040, debe calcular el ingreso bruto...","protected":false},"author":10,"featured_media":2584,"parent":0,"menu_order":0,"comment_status":"closed","ping_status":"closed","template":"","meta":{"_lmt_disableupdate":"no","_lmt_disable":"","_monsterinsights_skip_tracking":false,"_monsterinsights_sitenote_active":false,"_monsterinsights_sitenote_note":"","_monsterinsights_sitenote_category":0,"_uf_show_specific_survey":0,"_uf_disable_surveys":false,"footnotes":""},"class_list":["post-2879","page","type-page","status-publish","has-post-thumbnail","hentry"],"yoast_head":"<!-- This site is optimized with the Yoast SEO Premium plugin v27.3 (Yoast SEO v27.4) - https:\/\/yoast.com\/product\/yoast-seo-premium-wordpress\/ -->\n<title>1040 declaraci\u00f3n de impuestos Akron Ohio<\/title>\n<meta name=\"description\" content=\"Servicio de declaraci\u00f3n de impuestos 1040 tarifa de $ 130 para la preparaci\u00f3n profesional de sus impuestos en Akron, Ohio.\" \/>\n<meta name=\"robots\" content=\"index, follow, max-snippet:-1, max-image-preview:large, max-video-preview:-1\" \/>\n<link rel=\"canonical\" href=\"https:\/\/apc1040.com\/es\/1040-tax-return\/\" \/>\n<meta property=\"og:locale\" content=\"es_ES\" \/>\n<meta property=\"og:type\" content=\"article\" \/>\n<meta property=\"og:title\" content=\"1040 declaraci\u00f3n de impuestos\" \/>\n<meta property=\"og:description\" content=\"Servicio de declaraci\u00f3n de impuestos 1040 tarifa de $ 130 para la preparaci\u00f3n profesional de sus impuestos en Akron, Ohio.\" \/>\n<meta property=\"og:url\" content=\"https:\/\/apc1040.com\/es\/1040-tax-return\/\" \/>\n<meta property=\"og:site_name\" content=\"Akron Income Tax Preparation\" \/>\n<meta property=\"article:publisher\" content=\"https:\/\/www.facebook.com\/APC1040\" \/>\n<meta property=\"article:modified_time\" content=\"2025-11-29T17:58:09+00:00\" \/>\n<meta property=\"og:image\" content=\"https:\/\/apc1040.com\/wp-content\/uploads\/2022\/06\/istockphoto-1126336374-170667a-1.jpg\" \/>\n\t<meta property=\"og:image:width\" content=\"509\" \/>\n\t<meta property=\"og:image:height\" content=\"339\" \/>\n\t<meta property=\"og:image:type\" content=\"image\/jpeg\" \/>\n<meta name=\"twitter:card\" content=\"summary_large_image\" \/>\n<meta name=\"twitter:label1\" content=\"Est. reading time\" \/>\n\t<meta name=\"twitter:data1\" content=\"6 minutes\" \/>\n<!-- \/ Yoast SEO Premium plugin. -->","yoast_head_json":{"title":"1040 declaraci\u00f3n de impuestos Akron Ohio","description":"Servicio de declaraci\u00f3n de impuestos 1040 tarifa de $ 130 para la preparaci\u00f3n profesional de sus impuestos en Akron, Ohio.","robots":{"index":"index","follow":"follow","max-snippet":"max-snippet:-1","max-image-preview":"max-image-preview:large","max-video-preview":"max-video-preview:-1"},"canonical":"https:\/\/apc1040.com\/es\/1040-tax-return\/","og_locale":"es_ES","og_type":"article","og_title":"1040 declaraci\u00f3n de impuestos","og_description":"Servicio de declaraci\u00f3n de impuestos 1040 tarifa de $ 130 para la preparaci\u00f3n profesional de sus impuestos en Akron, Ohio.","og_url":"https:\/\/apc1040.com\/es\/1040-tax-return\/","og_site_name":"Akron Income Tax Preparation","article_publisher":"https:\/\/www.facebook.com\/APC1040","article_modified_time":"2025-11-29T17:58:09+00:00","og_image":[{"width":509,"height":339,"url":"https:\/\/apc1040.com\/wp-content\/uploads\/2022\/06\/istockphoto-1126336374-170667a-1.jpg","type":"image\/jpeg"}],"twitter_card":"summary_large_image","twitter_misc":{"Est. reading time":"6 minutes"},"schema":{"@context":"https:\/\/schema.org","@graph":[{"@type":"WebPage","@id":"https:\/\/apc1040.com\/es\/1040-tax-return\/","url":"https:\/\/apc1040.com\/es\/1040-tax-return\/","name":"1040 declaraci\u00f3n de impuestos Akron Ohio","isPartOf":{"@id":"https:\/\/apc1040.com\/es\/#website"},"primaryImageOfPage":{"@id":"https:\/\/apc1040.com\/es\/1040-tax-return\/#primaryimage"},"image":{"@id":"https:\/\/apc1040.com\/es\/1040-tax-return\/#primaryimage"},"thumbnailUrl":"https:\/\/apc1040.com\/wp-content\/uploads\/2022\/06\/istockphoto-1126336374-170667a-1.jpg","datePublished":"2021-12-25T21:50:11+00:00","dateModified":"2025-11-29T17:58:09+00:00","description":"Servicio de declaraci\u00f3n de impuestos 1040 tarifa de $ 130 para la preparaci\u00f3n profesional de sus impuestos en Akron, Ohio.","breadcrumb":{"@id":"https:\/\/apc1040.com\/es\/1040-tax-return\/#breadcrumb"},"inLanguage":"es","potentialAction":[{"@type":"ReadAction","target":["https:\/\/apc1040.com\/es\/1040-tax-return\/"]}]},{"@type":"ImageObject","inLanguage":"es","@id":"https:\/\/apc1040.com\/es\/1040-tax-return\/#primaryimage","url":"https:\/\/apc1040.com\/wp-content\/uploads\/2022\/06\/istockphoto-1126336374-170667a-1.jpg","contentUrl":"https:\/\/apc1040.com\/wp-content\/uploads\/2022\/06\/istockphoto-1126336374-170667a-1.jpg","width":509,"height":339,"caption":"istockphoto 1126336374 170667a 1"},{"@type":"BreadcrumbList","@id":"https:\/\/apc1040.com\/es\/1040-tax-return\/#breadcrumb","itemListElement":[{"@type":"ListItem","position":1,"name":"Home","item":"https:\/\/apc1040.com\/es\/"},{"@type":"ListItem","position":2,"name":"1040 declaraci\u00f3n de impuestos"}]},{"@type":"WebSite","@id":"https:\/\/apc1040.com\/es\/#website","url":"https:\/\/apc1040.com\/es\/","name":"Akron Income Tax Preparation","description":"Income Tax Preparation Service","publisher":{"@id":"https:\/\/apc1040.com\/es\/#organization"},"potentialAction":[{"@type":"SearchAction","target":{"@type":"EntryPoint","urlTemplate":"https:\/\/apc1040.com\/es\/?s={search_term_string}"},"query-input":{"@type":"PropertyValueSpecification","valueRequired":true,"valueName":"search_term_string"}}],"inLanguage":"es"},{"@type":"Organization","@id":"https:\/\/apc1040.com\/es\/#organization","name":"Akron Income Tax Co","url":"https:\/\/apc1040.com\/es\/","logo":{"@type":"ImageObject","inLanguage":"es","@id":"https:\/\/apc1040.com\/es\/#\/schema\/logo\/image\/","url":"https:\/\/apc1040.com\/wp-content\/uploads\/2024\/11\/income-tax-service-akron.jpg","contentUrl":"https:\/\/apc1040.com\/wp-content\/uploads\/2024\/11\/income-tax-service-akron.jpg","width":800,"height":745,"caption":"Akron Income Tax Co"},"image":{"@id":"https:\/\/apc1040.com\/es\/#\/schema\/logo\/image\/"},"sameAs":["https:\/\/www.facebook.com\/APC1040"]}]}},"amp_enabled":true,"_links":{"self":[{"href":"https:\/\/apc1040.com\/es\/wp-json\/wp\/v2\/pages\/2879","targetHints":{"allow":["GET"]}}],"collection":[{"href":"https:\/\/apc1040.com\/es\/wp-json\/wp\/v2\/pages"}],"about":[{"href":"https:\/\/apc1040.com\/es\/wp-json\/wp\/v2\/types\/page"}],"author":[{"embeddable":true,"href":"https:\/\/apc1040.com\/es\/wp-json\/wp\/v2\/users\/10"}],"replies":[{"embeddable":true,"href":"https:\/\/apc1040.com\/es\/wp-json\/wp\/v2\/comments?post=2879"}],"version-history":[{"count":1,"href":"https:\/\/apc1040.com\/es\/wp-json\/wp\/v2\/pages\/2879\/revisions"}],"predecessor-version":[{"id":11155,"href":"https:\/\/apc1040.com\/es\/wp-json\/wp\/v2\/pages\/2879\/revisions\/11155"}],"wp:featuredmedia":[{"embeddable":true,"href":"https:\/\/apc1040.com\/es\/wp-json\/wp\/v2\/media\/2584"}],"wp:attachment":[{"href":"https:\/\/apc1040.com\/es\/wp-json\/wp\/v2\/media?parent=2879"}],"curies":[{"name":"wp","href":"https:\/\/api.w.org\/{rel}","templated":true}]}}