{"id":2872,"date":"2022-06-06T19:17:35","date_gmt":"2022-06-06T23:17:35","guid":{"rendered":"https:\/\/apc1040.com\/?page_id=2872"},"modified":"2024-05-13T07:54:50","modified_gmt":"2024-05-13T11:54:50","slug":"lugares-de-impuestos-cerca-de-mi","status":"publish","type":"page","link":"https:\/\/apc1040.com\/es\/lugares-de-impuestos-cerca-de-mi\/","title":{"rendered":"Lugares de impuestos cerca de m\u00ed"},"content":{"rendered":"<h2>Lugares de impuestos cerca de m\u00ed | Sociedad de Impuestos sobre la Renta de Akron<\/h2>\n<p>\u00bfNecesita ayuda con sus impuestos en esta temporada de impuestos? Lugares de impuestos cerca de m\u00ed. Si se encuentra en el \u00e1rea de Akron, Ohio, hay algunos lugares de impuestos diferentes cerca de usted que pueden ayudarlo. <a href=\"https:\/\/apc1040.com\/es\/contactar-con-akron-income-tax-co\/\">Akron Income Tax<\/a> Company es una de ellas. Este establecimiento ha estado ayudando a las personas con sus impuestos durante a\u00f1os, as\u00ed que sabemos lo que estamos haciendo. <a href=\"https:\/\/apc1040.com\/es\/ron-el-recaudador-de-impuestos-completando-impuestos-desde-1982\/\">Completamos declaraciones de impuestos<\/a> b\u00e1sicas por solo $120.<\/p>\n<p>Ofrecemos varios servicios, que incluyen presentaci\u00f3n electr\u00f3nica, preparaci\u00f3n de declaraciones de impuestos e incluso ayuda con auditor\u00edas del IRS. No importa cu\u00e1les sean sus necesidades fiscales, probablemente podamos ayudarlo.<\/p>\n<p><img decoding=\"async\" class=\"aligncenter\" src=\"https:\/\/media.istockphoto.com\/photos\/form-1040-with-tax-check-and-money-picture-id1289420474?b=1&amp;k=20&amp;m=1289420474&amp;s=170667a&amp;w=0&amp;h=YFAm_1rGUfT-Eemt4y3YgJ9lUVuWir5IflG1V_MhouY=\" alt=\"tax places near me - lugares de impuestos cerca de m\u00ed\" width=\"509\" height=\"339\" \/><\/p>\n<h2>Servicios ofrecidos<\/h2>\n<p>En Akron Income Tax Co, ofrecemos una variedad de servicios de <a href=\"https:\/\/apc1040.com\/es\/lista-de-nuestros-servicios\/servicios-de-preparacion-de-la-declaracion-de-la-renta\/\">preparaci\u00f3n de impuestos<\/a>. Podemos ayudarlo con sus impuestos, impuestos comerciales e incluso con la planificaci\u00f3n fiscal. Conocemos los entresijos del c\u00f3digo fiscal y podemos ayudarlo a maximizar su rendimiento. Adem\u00e1s, ofrecemos varios otros servicios financieros, incluidos los servicios de tenedur\u00eda de libros y contabilidad.<\/p>\n<h3>1. Planificaci\u00f3n Fiscal<\/h3>\n<p>Si est\u00e1 buscando ahorrar dinero en sus impuestos, podemos ayudarlo con eso. Desarrollaremos un plan de impuestos dise\u00f1ado espec\u00edficamente para usted y su negocio. Te ayudaremos a aprovechar todas las deducciones y cr\u00e9ditos a los que tienes derecho.<\/p>\n<h3>2. Preparaci\u00f3n de impuestos<\/h3>\n<p>Tambi\u00e9n podemos ayudarlo a preparar sus impuestos. Nos aseguraremos de que todo se llene correctamente y de que obtengas el m\u00e1ximo reembolso posible. Incluso podemos presentar sus impuestos electr\u00f3nicamente por usted, para que no tenga que preocuparse por eso.<\/p>\n<h3>3. Asistencia de auditor\u00eda del IRS<\/h3>\n<p>Si ha sido seleccionado para una <a href=\"https:\/\/apc1040.com\/es\/la-guia-definitiva-para-la-asistencia-del-servicio-del-defensor-del-contribuyente\/\">auditor\u00eda del IRS<\/a>, tambi\u00e9n podemos ayudarlo con eso. Conocemos el proceso de auditor\u00eda y podemos ayudarlo a prepararse para ello. Tambi\u00e9n lo representaremos durante la auditor\u00eda si lo necesita.<\/p>\n<h3>4. Impuestos Comerciales<\/h3>\n<p>Tambi\u00e9n nos especializamos en <a href=\"https:\/\/apc1040.com\/es\/small-business-income-tax-service\/\">impuestos comerciales<\/a>. Podemos ayudarlo con sus impuestos corporativos, impuestos de sociedades e incluso impuestos sin fines de lucro. Adem\u00e1s, conocemos los entresijos de los impuestos comerciales y podemos ayudarlo a ahorrar dinero en sus impuestos.<\/p>\n<h3>5. Servicios de Contabilidad<\/h3>\n<p>Adem\u00e1s de nuestros servicios de impuestos, tambi\u00e9n ofrecemos <a href=\"https:\/\/apc1040.com\/es\/lista-de-nuestros-servicios\/servicios-de-contabilidad-en-akron-oh-2\/\">servicios de contabilidad<\/a>. Podemos ayudarlo a mantener su negocio en marcha.<\/p>\n<p>Si necesita ayuda con los impuestos, Akron Income Tax Co es el lugar indicado. No importa cu\u00e1les sean sus necesidades fiscales, podemos ayudarle. Ll\u00e1menos o pase por nuestra oficina hoy. Estaremos encantados de responder cualquier pregunta que tenga.<\/p>\n<p><img decoding=\"async\" src=\"https:\/\/media.istockphoto.com\/photos\/two-employees-at-work-fill-out-tax-forms-1040-at-the-office-desk-picture-id1362033395?b=1&amp;k=20&amp;m=1362033395&amp;s=170667a&amp;w=0&amp;h=Y5CeicUqMG2KJ4UK2didtRSv59BVZpSNuLogWT9nSrA=\" alt=\"tax fees apply\" \/><\/p>\n<h2>Tipo de impuestos con los que podemos ayudar<\/h2>\n<ul>\n<li>Ingresos del trabajo por cuenta propia: podemos ayudarlo si trabaja por cuenta propia y necesita declarar sus impuestos. Esto incluye a las personas que son trabajadores aut\u00f3nomos, contratistas independientes o que tienen una peque\u00f1a empresa.<\/li>\n<li>Ingresos por alquiler: tambi\u00e9n podemos ayudarlo si tiene ingresos por alquiler. Esto incluye la preparaci\u00f3n del Anexo E del Formulario 1040 (informe de ingresos y gastos de alquiler) y el manejo de la depreciaci\u00f3n de la propiedad de alquiler.<\/li>\n<li>Ingresos de inversiones: si tiene ingresos de inversiones, tambi\u00e9n podemos ayudarlo con eso. Esto incluye dividendos, intereses, ganancias de capital y otros tipos de ingresos por inversiones.<\/li>\n<li>Ingresos de jubilaci\u00f3n: incluso podemos ayudarlo con los ingresos de jubilaci\u00f3n. Esto incluye ingresos de pensiones y anualidades, as\u00ed como distribuciones de IRA.<\/li>\n<li>Declaraci\u00f3n corregida o enmendada: tambi\u00e9n podemos ayudarlo si necesita presentar una declaraci\u00f3n corregida o enmendada. Esto podr\u00eda ser necesario si cometi\u00f3 un error en su declaraci\u00f3n de impuestos original o si su situaci\u00f3n financiera ha cambiado desde que present\u00f3 sus impuestos.<\/li>\n<\/ul>\n<p>Estamos aqu\u00ed para usted sin importar el tipo de situaci\u00f3n fiscal con la que necesite ayuda. Conocemos los entresijos del sistema tributario y estamos listos para poner nuestro conocimiento a trabajar para usted. Ll\u00e1menos hoy para programar una cita en nuestra oficina local.<\/p>\n<h2>\u00bfC\u00f3mo funciona?<\/h2>\n<p>Akron Income Tax Co le facilita el manejo de impuestos y formularios adicionales. Contamos con una red de profesionales de impuestos que est\u00e1n listos para ayudarlo con sus necesidades de impuestos. Todo lo que necesita hacer es contactarnos y decirnos con qu\u00e9 necesita ayuda.<\/p>\n<ul>\n<li>Un profesional de impuestos comenzar\u00e1 con una consulta gratuita para conocerlo a usted y su situaci\u00f3n fiscal.<\/li>\n<li>A partir de ah\u00ed, trabajaremos con usted para dise\u00f1ar un plan de acci\u00f3n.<\/li>\n<li>Una vez que tenemos un plan, nuestros profesionales de impuestos trabajan en sus impuestos y se aseguran de que todo sea correcto.<\/li>\n<li>Cuando sus impuestos est\u00e9n terminados, los presentaremos electr\u00f3nicamente para que no tenga que preocuparse por nada.<\/li>\n<li>Despu\u00e9s de que se presenten sus impuestos, estaremos disponibles para responder cualquier pregunta que pueda tener durante todo el a\u00f1o.<\/li>\n<\/ul>\n<p>Nos enorgullecemos de ser uno de los mejores lugares de <a href=\"https:\/\/apc1040.com\/es\/preparacion-de-impuestos-cerca-de-mi-akron-ohio\/\">impuestos cerca de Akron<\/a>, Ohio. Siempre estamos aqu\u00ed para ayudar a nuestros clientes de cualquier manera posible, as\u00ed que no dude en contactarnos si necesita ayuda.<\/p>\n<p><img decoding=\"async\" src=\"https:\/\/media.istockphoto.com\/photos\/doing-taxes-picture-id1325860496?b=1&amp;k=20&amp;m=1325860496&amp;s=170667a&amp;w=0&amp;h=fLRwChWyJNpoQSVuenDRog0nYb_EDpgDQUS4H9XRzSw=\" alt=\"enrolled agents\" \/><\/p>\n<h2>\u00bfPor qu\u00e9 elegirnos?<\/h2>\n<p>En Akron Income Tax Co, estamos orgullosos de ofrecer a nuestros clientes una amplia gama de servicios fiscales. Tenemos a\u00f1os de experiencia en la industria fiscal y nuestro equipo de expertos se dedica a brindar a cada cliente la atenci\u00f3n individualizada que se merece.<\/p>\n<p>Entendemos que no hay dos contribuyentes iguales, por lo que ofrecemos una variedad de servicios que se pueden personalizar para satisfacer sus necesidades espec\u00edficas. Ya sea que sea un individuo o propietario de un negocio, tenemos la experiencia y el conocimiento para ayudarlo a maximizar su declaraci\u00f3n de impuestos.<\/p>\n<p>Nuestro compromiso con nuestros clientes nos diferencia de otras empresas tributarias. Creemos en construir relaciones a largo plazo y siempre anteponer los mejores intereses de nuestros clientes. Estamos aqu\u00ed para ayudarlo a navegar el mundo de los impuestos, a menudo complejo, y trabajaremos con usted en cada paso para garantizar que aproveche al m\u00e1ximo nuestros servicios.<\/p>\n<h3>Nos destacamos por:<\/h3>\n<ul>\n<li><strong>Precios asequibles<\/strong>: ofrecemos una variedad de servicios a precios competitivos. Entendemos que la situaci\u00f3n fiscal de cada persona es diferente, por lo que ofrecemos una variedad de opciones de precios que se ajustan a su presupuesto.<\/li>\n<li><strong>Profesionales experimentados<\/strong>: Nuestros expertos profesionales en impuestos tienen a\u00f1os de experiencia en la industria. Estamos aqu\u00ed para responder cualquier pregunta y ayudarlo a navegar por el complejo mundo de los impuestos.<\/li>\n<li><strong>Servicio Personalizado<\/strong>: Creemos en brindarle a cada cliente una atenci\u00f3n personalizada. Nos tomaremos el tiempo para conocerlo a usted y su situaci\u00f3n fiscal \u00fanica para que podamos brindarle el mejor servicio posible.<\/li>\n<li><strong>Garant\u00eda de reembolso m\u00e1ximo<\/strong>: Confiamos tanto en nuestra capacidad para obtener <a href=\"https:\/\/apc1040.com\/es\/deducciones-fiscales-viajes-y-entretenimiento\/\">las declaraciones de impuestos<\/a> completas posibles que ofrecemos una garant\u00eda de satisfacci\u00f3n del 100 %. Si no est\u00e1 satisfecho con los resultados de nuestros servicios, trabajaremos con usted hasta que lo est\u00e9.<\/li>\n<li><strong>Consultas gratuitas<\/strong>: ofrecemos consultas gratuitas para que pueda obtener m\u00e1s informaci\u00f3n sobre nuestros servicios y c\u00f3mo podemos ayudarlo a ahorrar dinero en sus impuestos. Cont\u00e1ctenos hoy para programar una consulta.<\/li>\n<\/ul>\n<p>Si est\u00e1 buscando una compa\u00f1\u00eda de impuestos en la que pueda confiar, no busque m\u00e1s all\u00e1 de Akron Income Tax Co. Cont\u00e1ctenos hoy para obtener m\u00e1s informaci\u00f3n sobre nuestros servicios o para programar una consulta.<\/p>\n<p><img decoding=\"async\" src=\"https:\/\/media.istockphoto.com\/photos\/tax-payment-day-marked-on-a-calendar-april-18-2022-with-1040-form-picture-id1368041241?b=1&amp;k=20&amp;m=1368041241&amp;s=170667a&amp;w=0&amp;h=YxupEyuuNIQmjWi9GJRujl50AMzaB723OEjNjF2V-hA=\" alt=\"registered trademarks\" \/><\/p>\n<h2>Preguntas frecuentes<\/h2>\n<h3>1. \u00bfCu\u00e1l es el costo de sus servicios?<\/h3>\n<p>Las tarifas de preparaci\u00f3n de impuestos variar\u00e1n seg\u00fan la complejidad de su situaci\u00f3n <a href=\"https:\/\/apc1040.com\/es\/impuestos-facil\/carteles-de-empresa\/formularios-fiscales-para-subcontratistas\/\">fiscal y los formularios<\/a> requeridos. Sin embargo, ofrecemos una consulta gratuita para discutir sus necesidades espec\u00edficas para que pueda tener una idea de qu\u00e9 esperar y las tarifas estimadas de preparaci\u00f3n de impuestos.<\/p>\n<h3>2. \u00bfCu\u00e1les son las posibilidades de que me auditen?<\/h3>\n<p>No hay una respuesta segura a esta pregunta ya que cada caso es diferente. Sin embargo, al trabajar con un preparador de impuestos profesional, puede ayudar a minimizar su riesgo de auditor\u00eda al asegurarse de que toda su documentaci\u00f3n est\u00e9 en orden y que su declaraci\u00f3n sea precisa.<\/p>\n<h3>3. \u00bfQu\u00e9 sucede si no puedo pagar mis impuestos?<\/h3>\n<p>Si no puede pagar sus impuestos en su totalidad, es esencial que se comunique con la autoridad fiscal del IRS lo antes posible para analizar sus opciones de pago. El no hacerlo podr\u00eda resultar en multas e intereses sobre su saldo impago.<\/p>\n<h3>4. \u00bfC\u00f3mo puedo obtener reembolsos m\u00e1ximos?<\/h3>\n<p>Hay muchas maneras en que puede obtener reembolsos m\u00e1ximos de sus impuestos. Primero, aseg\u00farese de tener toda su documentaci\u00f3n en regla. Esto incluye sus formularios W-2, formularios 1099 y cualquier otro formulario de impuestos que pueda necesitar. Luego, aseg\u00farese de aprovechar todas las deducciones y cr\u00e9ditos para los que pueda ser elegible. Adem\u00e1s, aseg\u00farese de declarar sus impuestos lo antes posible para tener la mejor oportunidad de obtener un reembolso. Podemos ayudarlo con todas estas cosas para que le devuelvan la mayor cantidad de dinero de sus impuestos.<\/p>\n<h3>5. \u00bfCu\u00e1l es la mejor manera de declarar mis impuestos?<\/h3>\n<p>Hay muchos factores a considerar al declarar sus impuestos. Sin embargo, podemos ayudarlo a determinar la mejor manera de presentar sus impuestos seg\u00fan su situaci\u00f3n espec\u00edfica. Tambi\u00e9n podemos ayudarlo a aprovechar las deducciones y los cr\u00e9ditos para obtener el m\u00e1ximo reembolso posible. P\u00f3ngase en contacto con nosotros hoy para una consulta gratuita.<\/p>\n<h3>6. \u00bfD\u00f3nde puedo obtener ayuda con mis impuestos?<\/h3>\n<p>Si necesita ayuda con sus impuestos, podemos ayudarlo. Ofrecemos una consulta gratuita para que podamos analizar sus necesidades espec\u00edficas y determinar la mejor manera de ayudarlo. Cont\u00e1ctanos hoy para comenzar.<\/p>\n","protected":false},"excerpt":{"rendered":"<p>Lugares de impuestos cerca de m\u00ed | Sociedad de Impuestos sobre la Renta de Akron \u00bfNecesita ayuda con sus impuestos en esta temporada de impuestos? Lugares de impuestos cerca de m\u00ed. Si se encuentra en el \u00e1rea de Akron, Ohio, hay algunos lugares de impuestos diferentes cerca de usted que pueden ayudarlo. Akron Income Tax&#8230;<\/p>\n","protected":false},"author":10,"featured_media":2571,"parent":0,"menu_order":0,"comment_status":"closed","ping_status":"closed","template":"","meta":{"_lmt_disableupdate":"no","_lmt_disable":"","_monsterinsights_skip_tracking":false,"_monsterinsights_sitenote_active":false,"_monsterinsights_sitenote_note":"","_monsterinsights_sitenote_category":0,"_uf_show_specific_survey":0,"_uf_disable_surveys":false,"footnotes":""},"class_list":["post-2872","page","type-page","status-publish","has-post-thumbnail","hentry"],"yoast_head":"<!-- This site is optimized with the Yoast SEO Premium plugin v27.3 (Yoast SEO v27.4) - https:\/\/yoast.com\/product\/yoast-seo-premium-wordpress\/ -->\n<title>Oficinas de impuestos cerca de m\u00ed Akron OH<\/title>\n<meta name=\"description\" content=\"Lugares de impuestos cerca de m\u00ed 1040 cuesta solo $ 120. Obtenga sus impuestos completados por profesionales.\" \/>\n<meta name=\"robots\" content=\"index, follow, max-snippet:-1, max-image-preview:large, max-video-preview:-1\" \/>\n<link rel=\"canonical\" href=\"https:\/\/apc1040.com\/es\/lugares-de-impuestos-cerca-de-mi\/\" \/>\n<meta property=\"og:locale\" content=\"es_ES\" \/>\n<meta property=\"og:type\" content=\"article\" \/>\n<meta property=\"og:title\" content=\"Lugares de impuestos cerca de m\u00ed\" \/>\n<meta property=\"og:description\" content=\"Lugares de impuestos cerca de m\u00ed 1040 cuesta solo $ 120. Obtenga sus impuestos completados por profesionales.\" \/>\n<meta property=\"og:url\" content=\"https:\/\/apc1040.com\/es\/lugares-de-impuestos-cerca-de-mi\/\" \/>\n<meta property=\"og:site_name\" content=\"Akron Income Tax Preparation\" \/>\n<meta property=\"article:publisher\" content=\"https:\/\/www.facebook.com\/APC1040\" \/>\n<meta property=\"article:modified_time\" content=\"2024-05-13T11:54:50+00:00\" \/>\n<meta property=\"og:image\" content=\"https:\/\/apc1040.com\/wp-content\/uploads\/2022\/06\/istockphoto-1126336374-170667a.jpg\" \/>\n\t<meta property=\"og:image:width\" content=\"509\" \/>\n\t<meta property=\"og:image:height\" content=\"339\" \/>\n\t<meta property=\"og:image:type\" content=\"image\/jpeg\" \/>\n<meta name=\"twitter:card\" content=\"summary_large_image\" \/>\n<meta name=\"twitter:label1\" content=\"Est. reading time\" \/>\n\t<meta name=\"twitter:data1\" content=\"8 minutes\" \/>\n<!-- \/ Yoast SEO Premium plugin. -->","yoast_head_json":{"title":"Oficinas de impuestos cerca de m\u00ed Akron OH","description":"Lugares de impuestos cerca de m\u00ed 1040 cuesta solo $ 120. Obtenga sus impuestos completados por profesionales.","robots":{"index":"index","follow":"follow","max-snippet":"max-snippet:-1","max-image-preview":"max-image-preview:large","max-video-preview":"max-video-preview:-1"},"canonical":"https:\/\/apc1040.com\/es\/lugares-de-impuestos-cerca-de-mi\/","og_locale":"es_ES","og_type":"article","og_title":"Lugares de impuestos cerca de m\u00ed","og_description":"Lugares de impuestos cerca de m\u00ed 1040 cuesta solo $ 120. Obtenga sus impuestos completados por profesionales.","og_url":"https:\/\/apc1040.com\/es\/lugares-de-impuestos-cerca-de-mi\/","og_site_name":"Akron Income Tax Preparation","article_publisher":"https:\/\/www.facebook.com\/APC1040","article_modified_time":"2024-05-13T11:54:50+00:00","og_image":[{"width":509,"height":339,"url":"https:\/\/apc1040.com\/wp-content\/uploads\/2022\/06\/istockphoto-1126336374-170667a.jpg","type":"image\/jpeg"}],"twitter_card":"summary_large_image","twitter_misc":{"Est. reading time":"8 minutes"},"schema":{"@context":"https:\/\/schema.org","@graph":[{"@type":"WebPage","@id":"https:\/\/apc1040.com\/es\/lugares-de-impuestos-cerca-de-mi\/","url":"https:\/\/apc1040.com\/es\/lugares-de-impuestos-cerca-de-mi\/","name":"Oficinas de impuestos cerca de m\u00ed Akron OH","isPartOf":{"@id":"https:\/\/apc1040.com\/es\/#website"},"primaryImageOfPage":{"@id":"https:\/\/apc1040.com\/es\/lugares-de-impuestos-cerca-de-mi\/#primaryimage"},"image":{"@id":"https:\/\/apc1040.com\/es\/lugares-de-impuestos-cerca-de-mi\/#primaryimage"},"thumbnailUrl":"https:\/\/apc1040.com\/wp-content\/uploads\/2022\/06\/istockphoto-1126336374-170667a.jpg","datePublished":"2022-06-06T23:17:35+00:00","dateModified":"2024-05-13T11:54:50+00:00","description":"Lugares de impuestos cerca de m\u00ed 1040 cuesta solo $ 120. Obtenga sus impuestos completados por profesionales.","breadcrumb":{"@id":"https:\/\/apc1040.com\/es\/lugares-de-impuestos-cerca-de-mi\/#breadcrumb"},"inLanguage":"es","potentialAction":[{"@type":"ReadAction","target":["https:\/\/apc1040.com\/es\/lugares-de-impuestos-cerca-de-mi\/"]}]},{"@type":"ImageObject","inLanguage":"es","@id":"https:\/\/apc1040.com\/es\/lugares-de-impuestos-cerca-de-mi\/#primaryimage","url":"https:\/\/apc1040.com\/wp-content\/uploads\/2022\/06\/istockphoto-1126336374-170667a.jpg","contentUrl":"https:\/\/apc1040.com\/wp-content\/uploads\/2022\/06\/istockphoto-1126336374-170667a.jpg","width":509,"height":339,"caption":"istockphoto 1126336374 170667a"},{"@type":"BreadcrumbList","@id":"https:\/\/apc1040.com\/es\/lugares-de-impuestos-cerca-de-mi\/#breadcrumb","itemListElement":[{"@type":"ListItem","position":1,"name":"Home","item":"https:\/\/apc1040.com\/es\/"},{"@type":"ListItem","position":2,"name":"Lugares de impuestos cerca de m\u00ed"}]},{"@type":"WebSite","@id":"https:\/\/apc1040.com\/es\/#website","url":"https:\/\/apc1040.com\/es\/","name":"Akron Income Tax Preparation","description":"Income Tax Preparation Service","publisher":{"@id":"https:\/\/apc1040.com\/es\/#organization"},"potentialAction":[{"@type":"SearchAction","target":{"@type":"EntryPoint","urlTemplate":"https:\/\/apc1040.com\/es\/?s={search_term_string}"},"query-input":{"@type":"PropertyValueSpecification","valueRequired":true,"valueName":"search_term_string"}}],"inLanguage":"es"},{"@type":"Organization","@id":"https:\/\/apc1040.com\/es\/#organization","name":"Akron Income Tax Co","url":"https:\/\/apc1040.com\/es\/","logo":{"@type":"ImageObject","inLanguage":"es","@id":"https:\/\/apc1040.com\/es\/#\/schema\/logo\/image\/","url":"https:\/\/apc1040.com\/wp-content\/uploads\/2024\/11\/income-tax-service-akron.jpg","contentUrl":"https:\/\/apc1040.com\/wp-content\/uploads\/2024\/11\/income-tax-service-akron.jpg","width":800,"height":745,"caption":"Akron Income Tax Co"},"image":{"@id":"https:\/\/apc1040.com\/es\/#\/schema\/logo\/image\/"},"sameAs":["https:\/\/www.facebook.com\/APC1040"]}]}},"amp_enabled":true,"_links":{"self":[{"href":"https:\/\/apc1040.com\/es\/wp-json\/wp\/v2\/pages\/2872","targetHints":{"allow":["GET"]}}],"collection":[{"href":"https:\/\/apc1040.com\/es\/wp-json\/wp\/v2\/pages"}],"about":[{"href":"https:\/\/apc1040.com\/es\/wp-json\/wp\/v2\/types\/page"}],"author":[{"embeddable":true,"href":"https:\/\/apc1040.com\/es\/wp-json\/wp\/v2\/users\/10"}],"replies":[{"embeddable":true,"href":"https:\/\/apc1040.com\/es\/wp-json\/wp\/v2\/comments?post=2872"}],"version-history":[{"count":0,"href":"https:\/\/apc1040.com\/es\/wp-json\/wp\/v2\/pages\/2872\/revisions"}],"wp:featuredmedia":[{"embeddable":true,"href":"https:\/\/apc1040.com\/es\/wp-json\/wp\/v2\/media\/2571"}],"wp:attachment":[{"href":"https:\/\/apc1040.com\/es\/wp-json\/wp\/v2\/media?parent=2872"}],"curies":[{"name":"wp","href":"https:\/\/api.w.org\/{rel}","templated":true}]}}