{"id":2655,"date":"2022-02-08T20:59:48","date_gmt":"2022-02-09T01:59:48","guid":{"rendered":"https:\/\/apc1040.com\/servicios-fiscales-baratos\/"},"modified":"2024-12-02T14:47:25","modified_gmt":"2024-12-02T19:47:25","slug":"servicios-de-impuestos-baratos","status":"publish","type":"page","link":"https:\/\/apc1040.com\/es\/servicios-de-impuestos-baratos\/","title":{"rendered":"Servicios fiscales baratos"},"content":{"rendered":"<h2><strong>Impuestos baratos 130 d\u00f3lares<\/strong><\/h2>\n<p>La presentaci\u00f3n de sus impuestos cada a\u00f1o no tiene que costar mucho dinero, ofrecemos <strong>servicios de impuestos<\/strong> <strong>baratos <\/strong>por $ 130 en Akron Ohio. Pagar para preparar sus impuestos se ha convertido en un evento anual ordinario en esta era moderna. Adem\u00e1s, hay muchos servicios fiscales disponibles para proporcionarle la preparaci\u00f3n de impuestos.<\/p>\n<figure id=\"attachment_7602\" aria-describedby=\"caption-attachment-7602\" style=\"width: 350px\" class=\"wp-caption aligncenter\"><img decoding=\"async\" class=\"size-medium wp-image-7602\" src=\"https:\/\/apc1040.com\/wp-content\/uploads\/2024\/08\/25gGEO_Servicio_de_Impuesto_sobre_la_Renta-350x350.jpg\" alt=\"Business taxes\" width=\"350\" height=\"350\" srcset=\"https:\/\/apc1040.com\/wp-content\/uploads\/2024\/08\/25gGEO_Servicio_de_Impuesto_sobre_la_Renta-350x350.jpg 350w, https:\/\/apc1040.com\/wp-content\/uploads\/2024\/08\/25gGEO_Servicio_de_Impuesto_sobre_la_Renta-780x780.jpg 780w, https:\/\/apc1040.com\/wp-content\/uploads\/2024\/08\/25gGEO_Servicio_de_Impuesto_sobre_la_Renta-150x150.jpg 150w, https:\/\/apc1040.com\/wp-content\/uploads\/2024\/08\/25gGEO_Servicio_de_Impuesto_sobre_la_Renta-600x600.jpg 600w, https:\/\/apc1040.com\/wp-content\/uploads\/2024\/08\/25gGEO_Servicio_de_Impuesto_sobre_la_Renta-768x768.jpg 768w, https:\/\/apc1040.com\/wp-content\/uploads\/2024\/08\/25gGEO_Servicio_de_Impuesto_sobre_la_Renta.jpg 1080w\" sizes=\"(max-width: 350px) 100vw, 350px\" \/><figcaption id=\"caption-attachment-7602\" class=\"wp-caption-text\">Income Tax Preparation Akron Ohio<\/figcaption><\/figure>\n<p>Estos servicios fiscales incluyen una gu\u00eda completa para evaluar los problemas financieros. Los servicios de preparaci\u00f3n de impuestos abarcan diferentes tipos de declaraciones de impuestos.<\/p>\n<p>Podemos proporcionarle los impuestos de bajo coste en Akron Ohio que est\u00e1 buscando. Los contribuyentes buscan empresas de preparaci\u00f3n de impuestos a un coste razonable. \u00bfPor qu\u00e9 pagar m\u00e1s? $130 para la mayor\u00eda de los tipos de devoluciones. Si tienes Alquileres o un Negocio o m\u00e1s de 5 ventas de acciones.<\/p>\n<p>Ya sea que est\u00e9 buscando un formulario de impuestos b\u00e1sico o administrando un negocio. Todav\u00eda puede usar las declaraciones de impuestos econ\u00f3micas para obtener diferentes tipos de declaraciones de impuestos. Incluye declaraciones de impuestos estatales y locales. Sin embargo, en este art\u00edculo, vamos a discutir todos los aspectos principales de los servicios de impuestos baratos. El papel de los <a href=\"https:\/\/apc1040.com\/es\/servicios-de-preparacion-de-impuestos-para-maestros-guia-esencial\/\">servicios de preparaci\u00f3n de impuestos<\/a>.<\/p>\n<h2><strong>Preparaci\u00f3n de impuestos baratos<\/strong><\/h2>\n<p>Los servicios de preparaci\u00f3n de impuestos baratos proporcionan servicios fiscales precisos y fiables. La tarifa b\u00e1sica es de 120 d\u00f3lares para la mayor\u00eda de las declaraciones de impuestos, incluye la Ciudad del Estado y la presentaci\u00f3n electr\u00f3nica gratuita.<\/p>\n<p>Estamos trabajando para hacer frente a sus necesidades de preparaci\u00f3n del impuesto sobre la renta. Adem\u00e1s, si contrata un servicio de preparaci\u00f3n de la declaraci\u00f3n de la renta, se aseguran de proporcionarle los mejores resultados a precios baratos.<\/p>\n<p>Las tarifas baratas no significan que sean malas. Esto significa que no tienes que gastar toneladas de tu dinero ganado con esfuerzo para obtener resultados profesionales.<\/p>\n<h2><strong>Valor de los servicios fiscales baratos<\/strong><\/h2>\n<p>Cuando usted contrata los mejores servicios de impuestos sobre la renta, ellos se ocupan de proporcionarle todo lo que usted desea, incluyendo sus mejores servicios. Akron Income Tax Co. es una empresa de preparaci\u00f3n popular y eficaz que le ayuda con sus problemas de impuestos.<\/p>\n<p>A diferencia de las grandes empresas nacionales que contratan gente nueva cada a\u00f1o, nosotros tenemos preparadores experimentados que han estado completando los impuestos durante a\u00f1os. La experiencia cuenta. Todas estas cosas son importantes cuando se busca un <a href=\"https:\/\/apc1040.com\/es\/servicio-de-impuestos-sobre-la-renta-akron-ohio\/\">servicio de impuestos sobre la renta en Akron Ohio<\/a>.<\/p>\n<p>Debe ponerse en contacto con los servicios fiscales baratos para conocer a fondo la fiscalidad. Adem\u00e1s, tambi\u00e9n le ayudan con las diferentes declaraciones de la renta.<\/p>\n<p>Podemos ofrecerle una preparaci\u00f3n de impuestos que se ajuste a sus necesidades y a su presupuesto. Por lo tanto, usted puede obtener sin esfuerzo sus impuestos preparados por una tarifa razonable utilizando nuestro servicio de impuestos baratos. Estos servicios de impuesto sobre la renta le ayudan a ocuparse de su negocio. Adem\u00e1s, le ofrecen grandes opiniones y las mejores soluciones.<\/p>\n<h2><strong>El objetivo de los servicios del impuesto sobre la renta<\/strong><\/h2>\n<p>El objetivo b\u00e1sico del servicio de preparaci\u00f3n del impuesto sobre la renta es maximizar su reembolso legalmente. Ya que contamos con personas experimentadas que le proporcionan los conocimientos adecuados para la devoluci\u00f3n de impuestos de forma legal.<\/p>\n<p>Conocemos las leyes que pueden afectar a sus devoluciones. Por lo tanto, ofrecemos una orientaci\u00f3n completa de negocios, impuestos y servicios de preparaci\u00f3n a un costo muy bajo.<\/p>\n<p>Si usted est\u00e1 buscando servicios de impuestos baratos, Akron Income Tax Co es la mejor opci\u00f3n para usted, ya que ofrecemos a nuestros clientes servicios de preparaci\u00f3n de ingresos precisos, seguros y cre\u00edbles a un bajo costo.<\/p>\n<h2><strong>Ventajas de contratar los mejores servicios de preparaci\u00f3n<\/strong><\/h2>\n<p>Los mejores servicios de preparaci\u00f3n como Akron Income Tax Co le animan a revisar nuestros servicios. A continuaci\u00f3n se detallan las dem\u00e1s ventajas de contactar con una <a href=\"https:\/\/apc1040.com\/es\/small-business-income-tax-service\/\">empresa profesional de impuestos<\/a> sobre la renta;<\/p>\n<ul>\n<li>Con experiencia, as\u00ed preparan perfectamente sus impuestos.<\/li>\n<li>Examen gratuito de sus impuestos anteriores.<\/li>\n<li>Complete su Estado, Ciudad y E-File<\/li>\n<li>Tarifas bajas de preparaci\u00f3n de impuestos y ayuda y asesoramiento fiscal gratuitos<\/li>\n<li>Nuestra garant\u00eda de funcionamiento.<\/li>\n<\/ul>\n<p>No dude en ponerse en contacto con un servicio de impuestos con experiencia, ya que tenemos experiencia para proporcionarle devoluciones baratas de los impuestos. Diferentes servicios de impuestos est\u00e1n trabajando en Akron Ohio, incluyen contadores capacitados y profesionales que ayudan a las personas proporcion\u00e1ndoles servicios de impuestos.<\/p>\n<h2><strong>Servicios de preparaci\u00f3n de la declaraci\u00f3n de la renta<\/strong><\/h2>\n<p>Los servicios de declaraci\u00f3n de impuestos trabajan para preparar sus impuestos. Sin embargo, todos los servicios de preparaci\u00f3n de declaraciones de impuestos en el estado de Akron Ohio proporcionan diferentes tipos de declaraciones de impuestos, tales como declaraciones de impuestos estatales, individuales, de negocios y federales.<\/p>\n<h2><strong>Ventajas de los servicios de preparaci\u00f3n de la declaraci\u00f3n de la renta<\/strong><\/h2>\n<p>Los servicios de declaraci\u00f3n de la renta le proporcionan declaraciones f\u00e1ciles y razonables de forma muy legal. No importa si usted trabaja individualmente o posee una peque\u00f1a empresa. En ambos casos, no puede gestionar sus declaraciones de impuestos, ya que pueden suponer una carga.<\/p>\n<p>Si realiza la preparaci\u00f3n de la declaraci\u00f3n de la renta por s\u00ed mismo, pueden surgir muchos problemas para usted, incluido el riesgo de perder los <a href=\"https:\/\/apc1040.com\/es\/deducciones-fiscales-creditos-fiscales\/\">cr\u00e9ditos fiscales<\/a>. Sin embargo, con la ayuda de un servicio de preparaci\u00f3n de la declaraci\u00f3n de impuestos bien capacitado, como los servicios de impuestos en Akron, Ohio proporciona servicios de declaraci\u00f3n de impuestos f\u00e1ciles y baratos.<\/p>\n<p>Todos sus problemas pueden ser resueltos a precios razonables con la ayuda de nuestros servicios de declaraci\u00f3n de impuestos. Le ofrecen declaraciones de impuestos federales, estatales, de sociedades e incluso de empresas. Como tienen mucha experiencia, saben c\u00f3mo minimizar la responsabilidad.<\/p>\n<figure id=\"attachment_3157\" aria-describedby=\"caption-attachment-3157\" style=\"width: 450px\" class=\"wp-caption aligncenter\"><img decoding=\"async\" class=\"wp-image-3157 size-medium\" title=\"Servicios de impuestos baratos\" src=\"https:\/\/apc1040.com\/wp-content\/uploads\/2022\/10\/mancomputer-450x300.jpg\" alt=\"Servicios de impuestos baratos\" width=\"450\" height=\"300\" srcset=\"https:\/\/apc1040.com\/wp-content\/uploads\/2022\/10\/mancomputer-450x300.jpg 450w, https:\/\/apc1040.com\/wp-content\/uploads\/2022\/10\/mancomputer-780x520.jpg 780w, https:\/\/apc1040.com\/wp-content\/uploads\/2022\/10\/mancomputer.jpg 1125w\" sizes=\"(max-width: 450px) 100vw, 450px\" \/><figcaption id=\"caption-attachment-3157\" class=\"wp-caption-text\">Servicios de impuestos baratos<\/figcaption><\/figure>\n<p>Adem\u00e1s, con la ayuda de los servicios de declaraci\u00f3n de la renta baratos, puede infravalorar la cantidad que tiene que pagar. Del mismo modo, estos servicios se aseguran de maximizar eficazmente su reembolso. Aqu\u00ed se dan algunos de los otros beneficios de utilizar los servicios de declaraci\u00f3n de impuestos baratos. Compruebe nuestras tarifas razonables para la Contabilidad de Empresas.<\/p>\n<h2><strong>Facilitamos el proceso de devoluci\u00f3n<\/strong><\/h2>\n<p>El proceso de devoluci\u00f3n puede ser duro y doloroso si lo intentas por tu cuenta. Sin embargo, con la ayuda de los servicios de declaraci\u00f3n de impuestos baratos, el proceso se vuelve menos doloroso.<\/p>\n<p>Se aseguran de proporcionarle servicios f\u00e1ciles y oportunos. Adem\u00e1s, para facilitarle todo el proceso, le ofrecen la opci\u00f3n de dejar sus impuestos. Son incluso m\u00e1s fiables que cualquier software fiscal gratuito que puede no dar estimaciones y estad\u00edsticas precisas sobre los intereses de los pr\u00e9stamos estudiantiles.<\/p>\n<p>En caso de que no est\u00e9 satisfecho con la elecci\u00f3n de dejar sus impuestos, la otra opci\u00f3n es buscar la ayuda de sus preparadores bien formados.<\/p>\n<p>Adem\u00e1s, para completar el proceso de declaraci\u00f3n de una manera m\u00e1s eficiente y oportuna, debe concertar una cita con sus preparadores profesionales.<\/p>\n<h2><strong>Ofrecemos precios fijos<\/strong><\/h2>\n<p>Aparte de las grandes oficinas que pueden cobrarle una gran cantidad por la declaraci\u00f3n de la renta, en una empresa de declaraci\u00f3n de la renta bien establecida, el precio depender\u00e1 de sus declaraciones. Hay algunas reglas para todas las personas. Tanto si adquiere un formulario corto, uno largo o un formulario de matrimonio, obtendr\u00e1 precios fijos. Servicio de impuestos baratos Akron, todo lo que tiene que pagar es 110$. No hay necesidad de pagar m\u00e1s mientras busque la ayuda de servicios profesionales de declaraci\u00f3n de la renta.<\/p>\n<h2><strong>Maximice su reembolso<\/strong><\/h2>\n<p>Ya sea que busque una declaraci\u00f3n de negocios o la preparaci\u00f3n de una declaraci\u00f3n personal, los servicios de declaraci\u00f3n de impuestos se aseguran de proporcionarle los reembolsos de una manera m\u00e1s legal. Su prioridad es ofrecerle los mejores servicios de reembolso.<\/p>\n<p>La otra cosa de la que se aseguran es de cumplir con todos los requisitos legales. Aunque muchos otros servicios pueden determinar proporcionar sus declaraciones de impuestos a una tasa muy baja, no son reales. Adem\u00e1s, las opciones de software de preparaci\u00f3n de impuestos en l\u00ednea pueden no ser fiables.<\/p>\n<p>Sin embargo, si usted est\u00e1 buscando servicios de declaraci\u00f3n de impuestos honestos y reales en Akron, Ohio, Akron Income Tax Co. es la mejor opci\u00f3n para usted. Con tarifas de preparaci\u00f3n de impuestos asequibles, nuestros expertos <a href=\"https:\/\/apc1040.com\/es\/profesional-de-los-impuestos-cerca-de-mi\/\">profesionales en impuestos proporcionan los<\/a> mejores servicios para presentar los impuestos federales y estatales.[\/vc_column_text]<div class=\"w-image us_custom_868c5255 has_height align_none\"><div class=\"w-image-h\"><img decoding=\"async\" width=\"509\" height=\"339\" src=\"https:\/\/apc1040.com\/wp-content\/uploads\/2022\/06\/istockphoto-1309117503-170667a.jpg\" class=\"attachment-large size-large\" alt=\"istockphoto 1309117503 170667a\" loading=\"lazy\" srcset=\"https:\/\/apc1040.com\/wp-content\/uploads\/2022\/06\/istockphoto-1309117503-170667a.jpg 509w, https:\/\/apc1040.com\/wp-content\/uploads\/2022\/06\/istockphoto-1309117503-170667a-300x200.jpg 300w\" sizes=\"auto, (max-width: 509px) 100vw, 509px\" \/><\/div><\/div><div class=\"wpb_text_column\"><div class=\"wpb_wrapper\"><\/div><\/div>\n<h2><strong>Declaraciones de impuestos 1040 precisas<\/strong><\/h2>\n<p>Los contribuyentes utilizan diferentes formularios para pagar el impuesto. El formulario de declaraci\u00f3n de impuestos federal 1040 puede utilizarse para calcular la renta imponible total. Adem\u00e1s, puede utilizar este formulario para obtener declaraciones de impuestos precisas, fiables y honestas.<\/p>\n<p>La presentaci\u00f3n del formulario de declaraci\u00f3n de impuestos 1040 es la m\u00e1s f\u00e1cil y el uso de nuestros servicios de impuestos baratos es la mejor manera de recuperar el tiempo.<\/p>\n<h2>Preguntas frecuentes<\/h2>\n<h3>1. \u00bfCu\u00e1l es el coste de los servicios fiscales?<\/h3>\n<p><span data-color=\"rgba(255,255,255,var(--tw-bg-opacity))\">El coste de los servicios fiscales puede variar en funci\u00f3n de la complejidad de sus impuestos y del proveedor que elija. Sin embargo, muchos servicios fiscales son relativamente asequibles, especialmente si se comparan con el coste de contratar a un preparador profesional de impuestos.<\/span><\/p>\n<h3>2. \u00bfQu\u00e9 debo buscar en un proveedor de servicios fiscales?<\/h3>\n<p>A la hora de elegir un proveedor de servicios fiscales, es esencial asegurarse de que tiene una buena reputaci\u00f3n y un buen historial. Lo mejor ser\u00eda comparar los precios entre los distintos proveedores para asegurarse de que obtiene la mejor oferta. Por \u00faltimo, aseg\u00farese de preguntar por los descuentos u ofertas disponibles.<\/p>\n<h3>3. \u00bfCu\u00e1les son las ventajas de utilizar servicios fiscales baratos?<\/h3>\n<p>El uso de servicios fiscales baratos puede ahorrarle dinero en sus propios impuestos, utilizado para otros fines. Adem\u00e1s, puede ayudar a simplificar la preparaci\u00f3n de los impuestos y el proceso de reembolso m\u00e1ximo y hacerlo menos estresante. Por \u00faltimo, el uso de un servicio fiscal tambi\u00e9n puede ayudar a garantizar que sus impuestos se presenten correctamente y a tiempo. Es m\u00e1s fiable que elegir un software de preparaci\u00f3n de impuestos gratuito para la presentaci\u00f3n de impuestos gratis que puede causar errores.<\/p>\n<h2>Utilizar los servicios de impuestos de Akron Income Tax Co<\/h2>\n<p>Muchas peque\u00f1as empresas necesitan servicios fiscales profesionales, pero se resisten a los altos costes. Sin embargo, algunas <a href=\"https:\/\/apc1040.com\/es\/lista-de-nuestros-servicios\/servicios-de-consultoria-fiscal-para-empresas\/\">empresas ofrecen servicios fiscales<\/a> de calidad a precios que no hacen saltar la banca. Akron Income Tax Co es una de esas empresas.<\/p>\n<p>Llevamos mucho tiempo en el negocio y tenemos una gran experiencia en la prestaci\u00f3n de servicios fiscales a las peque\u00f1as <a href=\"https:\/\/apc1040.com\/es\/contadores-de-pequenas-empresas\/\">empresas<\/a>. Adem\u00e1s, ofrecemos una variedad de otros servicios contables y financieros que pueden beneficiar a su empresa.<\/p>\n<p>Una de las mejores cosas de <a href=\"https:\/\/apc1040.com\/contact-akron-income-tax\/\">Akron Income Tax<\/a> Co es que ofrecemos una consulta inicial. Esto le permite reunirse con nosotros y discutir sus necesidades espec\u00edficas. A continuaci\u00f3n, adaptaremos un paquete de servicios para satisfacer esas necesidades.<\/p>\n<p>Si est\u00e1 buscando servicios fiscales de calidad a un precio asequible, Akron Income Tax Co es una gran opci\u00f3n. P\u00f3ngase en contacto con nosotros hoy mismo para programar una consulta gratuita.<\/p>\n","protected":false},"excerpt":{"rendered":"<p>Impuestos baratos 130 d\u00f3lares La presentaci\u00f3n de sus impuestos cada a\u00f1o no tiene que costar mucho dinero, ofrecemos servicios de impuestos baratos por $ 130 en Akron Ohio. Pagar para preparar sus impuestos se ha convertido en un evento anual ordinario en esta era moderna. Adem\u00e1s, hay muchos servicios fiscales disponibles para proporcionarle la preparaci\u00f3n&#8230;<\/p>\n","protected":false},"author":10,"featured_media":2570,"parent":0,"menu_order":0,"comment_status":"closed","ping_status":"closed","template":"","meta":{"_lmt_disableupdate":"no","_lmt_disable":"","_monsterinsights_skip_tracking":false,"_monsterinsights_sitenote_active":false,"_monsterinsights_sitenote_note":"","_monsterinsights_sitenote_category":0,"_uf_show_specific_survey":0,"_uf_disable_surveys":false,"footnotes":""},"class_list":["post-2655","page","type-page","status-publish","has-post-thumbnail","hentry"],"yoast_head":"<!-- This site is optimized with the Yoast SEO Premium plugin v27.3 (Yoast SEO v27.4) - https:\/\/yoast.com\/product\/yoast-seo-premium-wordpress\/ -->\n<title>Servicios de impuestos baratos en Impuestos por $130<\/title>\n<meta name=\"description\" content=\"Servicios de impuestos baratos en Akron Ohio Preparaci\u00f3n de impuestos por $120. M\u00e1s de 30 a\u00f1os de experiencia.\" \/>\n<meta name=\"robots\" content=\"index, follow, max-snippet:-1, max-image-preview:large, max-video-preview:-1\" \/>\n<link rel=\"canonical\" href=\"https:\/\/apc1040.com\/es\/servicios-de-impuestos-baratos\/\" \/>\n<meta property=\"og:locale\" content=\"es_ES\" \/>\n<meta property=\"og:type\" content=\"article\" \/>\n<meta property=\"og:title\" content=\"Servicios fiscales baratos\" \/>\n<meta property=\"og:description\" content=\"Servicios de impuestos baratos en Akron Ohio Preparaci\u00f3n de impuestos por $120. M\u00e1s de 30 a\u00f1os de experiencia.\" \/>\n<meta property=\"og:url\" content=\"https:\/\/apc1040.com\/es\/servicios-de-impuestos-baratos\/\" \/>\n<meta property=\"og:site_name\" content=\"Akron Income Tax Preparation\" \/>\n<meta property=\"article:publisher\" content=\"https:\/\/www.facebook.com\/APC1040\" \/>\n<meta property=\"article:modified_time\" content=\"2024-12-02T19:47:25+00:00\" \/>\n<meta property=\"og:image\" content=\"https:\/\/apc1040.com\/wp-content\/uploads\/2022\/06\/istockphoto-1266907705-170667a.jpg\" \/>\n\t<meta property=\"og:image:width\" content=\"508\" \/>\n\t<meta property=\"og:image:height\" content=\"339\" \/>\n\t<meta property=\"og:image:type\" content=\"image\/jpeg\" \/>\n<meta name=\"twitter:card\" content=\"summary_large_image\" \/>\n<meta name=\"twitter:label1\" content=\"Est. reading time\" \/>\n\t<meta name=\"twitter:data1\" content=\"9 minutes\" \/>\n<!-- \/ Yoast SEO Premium plugin. -->","yoast_head_json":{"title":"Servicios de impuestos baratos en Impuestos por $130","description":"Servicios de impuestos baratos en Akron Ohio Preparaci\u00f3n de impuestos por $120. M\u00e1s de 30 a\u00f1os de experiencia.","robots":{"index":"index","follow":"follow","max-snippet":"max-snippet:-1","max-image-preview":"max-image-preview:large","max-video-preview":"max-video-preview:-1"},"canonical":"https:\/\/apc1040.com\/es\/servicios-de-impuestos-baratos\/","og_locale":"es_ES","og_type":"article","og_title":"Servicios fiscales baratos","og_description":"Servicios de impuestos baratos en Akron Ohio Preparaci\u00f3n de impuestos por $120. M\u00e1s de 30 a\u00f1os de experiencia.","og_url":"https:\/\/apc1040.com\/es\/servicios-de-impuestos-baratos\/","og_site_name":"Akron Income Tax Preparation","article_publisher":"https:\/\/www.facebook.com\/APC1040","article_modified_time":"2024-12-02T19:47:25+00:00","og_image":[{"width":508,"height":339,"url":"https:\/\/apc1040.com\/wp-content\/uploads\/2022\/06\/istockphoto-1266907705-170667a.jpg","type":"image\/jpeg"}],"twitter_card":"summary_large_image","twitter_misc":{"Est. reading time":"9 minutes"},"schema":{"@context":"https:\/\/schema.org","@graph":[{"@type":"WebPage","@id":"https:\/\/apc1040.com\/es\/servicios-de-impuestos-baratos\/","url":"https:\/\/apc1040.com\/es\/servicios-de-impuestos-baratos\/","name":"Servicios de impuestos baratos en Impuestos por $130","isPartOf":{"@id":"https:\/\/apc1040.com\/es\/#website"},"primaryImageOfPage":{"@id":"https:\/\/apc1040.com\/es\/servicios-de-impuestos-baratos\/#primaryimage"},"image":{"@id":"https:\/\/apc1040.com\/es\/servicios-de-impuestos-baratos\/#primaryimage"},"thumbnailUrl":"https:\/\/apc1040.com\/wp-content\/uploads\/2022\/06\/istockphoto-1266907705-170667a.jpg","datePublished":"2022-02-09T01:59:48+00:00","dateModified":"2024-12-02T19:47:25+00:00","description":"Servicios de impuestos baratos en Akron Ohio Preparaci\u00f3n de impuestos por $120. M\u00e1s de 30 a\u00f1os de experiencia.","breadcrumb":{"@id":"https:\/\/apc1040.com\/es\/servicios-de-impuestos-baratos\/#breadcrumb"},"inLanguage":"es","potentialAction":[{"@type":"ReadAction","target":["https:\/\/apc1040.com\/es\/servicios-de-impuestos-baratos\/"]}]},{"@type":"ImageObject","inLanguage":"es","@id":"https:\/\/apc1040.com\/es\/servicios-de-impuestos-baratos\/#primaryimage","url":"https:\/\/apc1040.com\/wp-content\/uploads\/2022\/06\/istockphoto-1266907705-170667a.jpg","contentUrl":"https:\/\/apc1040.com\/wp-content\/uploads\/2022\/06\/istockphoto-1266907705-170667a.jpg","width":508,"height":339,"caption":"istockphoto 1266907705 170667a"},{"@type":"BreadcrumbList","@id":"https:\/\/apc1040.com\/es\/servicios-de-impuestos-baratos\/#breadcrumb","itemListElement":[{"@type":"ListItem","position":1,"name":"Home","item":"https:\/\/apc1040.com\/es\/"},{"@type":"ListItem","position":2,"name":"Servicios fiscales baratos"}]},{"@type":"WebSite","@id":"https:\/\/apc1040.com\/es\/#website","url":"https:\/\/apc1040.com\/es\/","name":"Akron Income Tax Preparation","description":"Income Tax Preparation Service","publisher":{"@id":"https:\/\/apc1040.com\/es\/#organization"},"potentialAction":[{"@type":"SearchAction","target":{"@type":"EntryPoint","urlTemplate":"https:\/\/apc1040.com\/es\/?s={search_term_string}"},"query-input":{"@type":"PropertyValueSpecification","valueRequired":true,"valueName":"search_term_string"}}],"inLanguage":"es"},{"@type":"Organization","@id":"https:\/\/apc1040.com\/es\/#organization","name":"Akron Income Tax Co","url":"https:\/\/apc1040.com\/es\/","logo":{"@type":"ImageObject","inLanguage":"es","@id":"https:\/\/apc1040.com\/es\/#\/schema\/logo\/image\/","url":"https:\/\/apc1040.com\/wp-content\/uploads\/2024\/11\/income-tax-service-akron.jpg","contentUrl":"https:\/\/apc1040.com\/wp-content\/uploads\/2024\/11\/income-tax-service-akron.jpg","width":800,"height":745,"caption":"Akron Income Tax Co"},"image":{"@id":"https:\/\/apc1040.com\/es\/#\/schema\/logo\/image\/"},"sameAs":["https:\/\/www.facebook.com\/APC1040"]}]}},"amp_enabled":true,"_links":{"self":[{"href":"https:\/\/apc1040.com\/es\/wp-json\/wp\/v2\/pages\/2655","targetHints":{"allow":["GET"]}}],"collection":[{"href":"https:\/\/apc1040.com\/es\/wp-json\/wp\/v2\/pages"}],"about":[{"href":"https:\/\/apc1040.com\/es\/wp-json\/wp\/v2\/types\/page"}],"author":[{"embeddable":true,"href":"https:\/\/apc1040.com\/es\/wp-json\/wp\/v2\/users\/10"}],"replies":[{"embeddable":true,"href":"https:\/\/apc1040.com\/es\/wp-json\/wp\/v2\/comments?post=2655"}],"version-history":[{"count":2,"href":"https:\/\/apc1040.com\/es\/wp-json\/wp\/v2\/pages\/2655\/revisions"}],"predecessor-version":[{"id":10004,"href":"https:\/\/apc1040.com\/es\/wp-json\/wp\/v2\/pages\/2655\/revisions\/10004"}],"wp:featuredmedia":[{"embeddable":true,"href":"https:\/\/apc1040.com\/es\/wp-json\/wp\/v2\/media\/2570"}],"wp:attachment":[{"href":"https:\/\/apc1040.com\/es\/wp-json\/wp\/v2\/media?parent=2655"}],"curies":[{"name":"wp","href":"https:\/\/api.w.org\/{rel}","templated":true}]}}