{"id":2654,"date":"2020-09-26T21:06:15","date_gmt":"2020-09-27T01:06:15","guid":{"rendered":"https:\/\/apc1040.com\/presentacion-de-la-declaracion-de-la-renta-por-internet-a-distancia-desde-casa\/"},"modified":"2024-05-13T07:03:58","modified_gmt":"2024-05-13T11:03:58","slug":"archivo-en-casa","status":"publish","type":"page","link":"https:\/\/apc1040.com\/es\/archivo-en-casa\/","title":{"rendered":"Presentaci\u00f3n de la declaraci\u00f3n de la renta por Internet a distancia desde casa."},"content":{"rendered":"<section class=\"l-section wpb_row us_custom_7b0b2d99 rx1j height_huge\"><div class=\"l-section-h i-cf\"><div class=\"g-cols vc_row via_flex valign_top type_default stacking_default\"><div class=\"vc_col-sm-12 wpb_column vc_column_container\"><div class=\"vc_column-inner\"><div class=\"wpb_wrapper\">[vc_raw_html css=&#8221;%7B%22default%22%3A%7B%22color%22%3A%22%23ffffff%22%7D%7D&#8221;]JTNDaDElMjBjbGFzcyUzRCUyMnZjX2N1c3RvbV9oZWFkaW5nJTIwZmgydDElMjB1c19jdXN0b21fNmRmNGJjM2ElMjB0Y2VudGVyJTIwbWIxNSUyMiUzRUxhJTIwZm9ybWElMjBtJUMzJUExcyUyMGYlQzMlQTFjaWwlMjBkZSUyMGRlY2xhcmFyJTIwdHVzJTIwSW1wdWVzdG9zJTIwRmVkZXJhbGVzJTIwZGVzZGUlMjBjYXNhJTNDJTJGaDElM0U=[\/vc_raw_html]<div class=\"wpb_text_column us_custom_d44d8758 ftxt1 has_text_color\"><div class=\"wpb_wrapper\"><div>Utilice nuestro File at Home remote online<span style=\"color: #ffffff;\"> <a style=\"color: #ffffff;\" href=\"https:\/\/apc1040.com\/es\/lista-de-nuestros-servicios\/servicios-de-preparacion-de-la-declaracion-de-la-renta\/\">impuesto sobre la renta<\/a> <\/span>y haremos que su presentaci\u00f3n de impuestos federales sea indolora mientras usted se queda en casa.<\/div>\n<\/div><\/div><div class=\"wpb_text_column us_custom_f8f1ea46 ftxt2 has_text_color\"><div class=\"wpb_wrapper\"><p>Los clientes que tienen alquileres o negocios no pueden utilizar File@Home en este momento para presentar los impuestos<\/p>\n<div>\n<p>Utilice nuestro servicio de declaraci\u00f3n de la renta a distancia File@Home sin salir de casa. La forma m\u00e1s f\u00e1cil de presentar.<\/p>\n<\/div>\n<\/div><\/div><\/div><\/div><\/div><\/div><\/div><\/section><section class=\"l-section wpb_row height_medium\"><div class=\"l-section-h i-cf\"><div class=\"g-cols vc_row via_flex valign_top type_default stacking_default\"><div class=\"vc_col-sm-8 wpb_column vc_column_container\"><div class=\"vc_column-inner\"><div class=\"wpb_wrapper\"><div class=\"g-cols wpb_row via_flex valign_middle type_default stacking_default\"><div class=\"vc_col-sm-7 wpb_column vc_column_container\"><div class=\"vc_column-inner\"><div class=\"wpb_wrapper\">[vc_custom_heading text=&#8221;1. Informaci\u00f3n fiscal b\u00e1sica completa&#8221; use_theme_fonts=&#8221;yes&#8221; el_class=&#8221;h3nx1&#8243;]<\/div><\/div><\/div><div class=\"vc_col-sm-5 wpb_column vc_column_container\"><div class=\"vc_column-inner\"><div class=\"wpb_wrapper\"><div class=\"w-image step1img align_none\"><div class=\"w-image-h\"><img decoding=\"async\" width=\"396\" height=\"517\" src=\"https:\/\/apc1040.com\/wp-content\/uploads\/2022\/12\/1040taxprep-form-2.jpeg\" class=\"attachment-full size-full\" alt=\"1040taxprep-form-2\" loading=\"lazy\" srcset=\"https:\/\/apc1040.com\/wp-content\/uploads\/2022\/12\/1040taxprep-form-2.jpeg 396w, https:\/\/apc1040.com\/wp-content\/uploads\/2022\/12\/1040taxprep-form-2-268x350.jpeg 268w\" sizes=\"auto, (max-width: 396px) 100vw, 396px\" \/><\/div><\/div><\/div><\/div><\/div><\/div><div class=\"w-separator size_medium\"><\/div><div class=\"g-cols wpb_row via_flex valign_middle type_default stacking_default\"><div class=\"vc_col-sm-7 wpb_column vc_column_container\"><div class=\"vc_column-inner\"><div class=\"wpb_wrapper\">[vc_custom_heading text=&#8221;2. Recibir enlace al portal&#8221; use_theme_fonts=&#8221;yes&#8221; el_class=&#8221;h3nx1&#8243;]<\/div><\/div><\/div><div class=\"vc_col-sm-5 wpb_column vc_column_container\"><div class=\"vc_column-inner\"><div class=\"wpb_wrapper\"><div class=\"w-image step1img align_none\"><div class=\"w-image-h\"><img decoding=\"async\" width=\"514\" height=\"342\" src=\"https:\/\/apc1040.com\/wp-content\/uploads\/2022\/12\/s2.jpeg\" class=\"attachment-full size-full\" alt=\"File taxes online\" loading=\"lazy\" srcset=\"https:\/\/apc1040.com\/wp-content\/uploads\/2022\/12\/s2.jpeg 514w, https:\/\/apc1040.com\/wp-content\/uploads\/2022\/12\/s2-450x299.jpeg 450w\" sizes=\"auto, (max-width: 514px) 100vw, 514px\" \/><\/div><\/div><\/div><\/div><\/div><\/div><div class=\"w-separator size_medium\"><\/div><div class=\"g-cols wpb_row via_flex valign_middle type_default stacking_default\"><div class=\"vc_col-sm-7 wpb_column vc_column_container\"><div class=\"vc_column-inner\"><div class=\"wpb_wrapper\">[vc_custom_heading text=&#8221;3. Cargar documentos&#8221; use_theme_fonts=&#8221;yes&#8221; el_class=&#8221;h3nx1&#8243;]<\/div><\/div><\/div><div class=\"vc_col-sm-5 wpb_column vc_column_container\"><div class=\"vc_column-inner\"><div class=\"wpb_wrapper\"><div class=\"w-image step1img align_none\"><div class=\"w-image-h\"><img decoding=\"async\" width=\"1600\" height=\"1064\" src=\"https:\/\/apc1040.com\/wp-content\/uploads\/2022\/12\/s3.jpeg\" class=\"attachment-full size-full\" alt=\"Take Pictures\" loading=\"lazy\" srcset=\"https:\/\/apc1040.com\/wp-content\/uploads\/2022\/12\/s3.jpeg 1600w, https:\/\/apc1040.com\/wp-content\/uploads\/2022\/12\/s3-450x299.jpeg 450w, https:\/\/apc1040.com\/wp-content\/uploads\/2022\/12\/s3-780x519.jpeg 780w, https:\/\/apc1040.com\/wp-content\/uploads\/2022\/12\/s3-600x400.jpeg 600w, https:\/\/apc1040.com\/wp-content\/uploads\/2022\/12\/s3-768x511.jpeg 768w\" sizes=\"auto, (max-width: 1600px) 100vw, 1600px\" \/><\/div><\/div><\/div><\/div><\/div><\/div><div class=\"w-separator size_medium\"><\/div><div class=\"g-cols wpb_row via_flex valign_middle type_default stacking_default\"><div class=\"vc_col-sm-7 wpb_column vc_column_container\"><div class=\"vc_column-inner\"><div class=\"wpb_wrapper\">[vc_custom_heading text=&#8221;4. Factura al finalizar&#8221; use_theme_fonts=&#8221;yes&#8221; el_class=&#8221;h3nx1&#8243;]<\/div><\/div><\/div><div class=\"vc_col-sm-5 wpb_column vc_column_container\"><div class=\"vc_column-inner\"><div class=\"wpb_wrapper\"><div class=\"w-image step1img align_none\"><div class=\"w-image-h\"><img decoding=\"async\" width=\"397\" height=\"341\" src=\"https:\/\/apc1040.com\/wp-content\/uploads\/2022\/12\/s4.jpeg\" class=\"attachment-full size-full\" alt=\"Invoice\" loading=\"lazy\" \/><\/div><\/div><\/div><\/div><\/div><\/div><div class=\"w-separator size_medium\"><\/div><div class=\"g-cols wpb_row via_flex valign_middle type_default stacking_default\"><div class=\"vc_col-sm-7 wpb_column vc_column_container\"><div class=\"vc_column-inner\"><div class=\"wpb_wrapper\">[vc_custom_heading text=&#8221;5. Firmar documentos electr\u00f3nicamente&#8221; use_theme_fonts=&#8221;yes&#8221; el_class=&#8221;h3nx1&#8243;]<\/div><\/div><\/div><div class=\"vc_col-sm-5 wpb_column vc_column_container\"><div class=\"vc_column-inner\"><div class=\"wpb_wrapper\"><div class=\"w-image step1img align_none\"><div class=\"w-image-h\"><img decoding=\"async\" width=\"2560\" height=\"1707\" src=\"https:\/\/apc1040.com\/wp-content\/uploads\/2022\/12\/s5-scaled-1.jpeg\" class=\"attachment-full size-full\" alt=\"Submit on line\" loading=\"lazy\" srcset=\"https:\/\/apc1040.com\/wp-content\/uploads\/2022\/12\/s5-scaled-1.jpeg 2560w, https:\/\/apc1040.com\/wp-content\/uploads\/2022\/12\/s5-scaled-1-450x300.jpeg 450w, https:\/\/apc1040.com\/wp-content\/uploads\/2022\/12\/s5-scaled-1-780x520.jpeg 780w, https:\/\/apc1040.com\/wp-content\/uploads\/2022\/12\/s5-scaled-1-600x400.jpeg 600w, https:\/\/apc1040.com\/wp-content\/uploads\/2022\/12\/s5-scaled-1-768x512.jpeg 768w\" sizes=\"auto, (max-width: 2560px) 100vw, 2560px\" \/><\/div><\/div><\/div><\/div><\/div><\/div><div class=\"w-separator size_medium\"><\/div><div class=\"g-cols wpb_row via_flex valign_middle type_default stacking_default\"><div class=\"vc_col-sm-7 wpb_column vc_column_container\"><div class=\"vc_column-inner\"><div class=\"wpb_wrapper\">[vc_custom_heading text=&#8221;6. Gratuito- E archivo de Federal y Estatal&#8221; use_theme_fonts=&#8221;yes&#8221; el_class=&#8221;h3nx1&#8243;]<\/div><\/div><\/div><div class=\"vc_col-sm-5 wpb_column vc_column_container\"><div class=\"vc_column-inner\"><div class=\"wpb_wrapper\"><div class=\"w-image step1img efileimg align_center\"><div class=\"w-image-h\"><img decoding=\"async\" width=\"91\" height=\"59\" src=\"https:\/\/apc1040.com\/wp-content\/uploads\/2022\/12\/s6.png\" class=\"attachment-full size-full\" alt=\"E-File\" loading=\"lazy\" \/><\/div><\/div><\/div><\/div><\/div><\/div><div class=\"w-separator size_medium\"><\/div><div class=\"g-cols wpb_row via_flex valign_middle type_default stacking_default\"><div class=\"vc_col-sm-7 wpb_column vc_column_container\"><div class=\"vc_column-inner\"><div class=\"wpb_wrapper\">[vc_custom_heading text=&#8221;7. Reciba su reembolso directamente del IRS&#8221; use_theme_fonts=&#8221;yes&#8221; el_class=&#8221;h3nx1&#8243;]<\/div><\/div><\/div><div class=\"vc_col-sm-5 wpb_column vc_column_container\"><div class=\"vc_column-inner\"><div class=\"wpb_wrapper\"><div class=\"w-image step1img align_none\"><div class=\"w-image-h\"><img decoding=\"async\" width=\"2560\" height=\"1737\" src=\"https:\/\/apc1040.com\/wp-content\/uploads\/2022\/12\/s7-scaled-1.jpeg\" class=\"attachment-full size-full\" alt=\"Akron Income Tax-tax accountant near me-preparadores de impuestos\" loading=\"lazy\" srcset=\"https:\/\/apc1040.com\/wp-content\/uploads\/2022\/12\/s7-scaled-1.jpeg 2560w, https:\/\/apc1040.com\/wp-content\/uploads\/2022\/12\/s7-scaled-1-450x305.jpeg 450w, https:\/\/apc1040.com\/wp-content\/uploads\/2022\/12\/s7-scaled-1-780x529.jpeg 780w, https:\/\/apc1040.com\/wp-content\/uploads\/2022\/12\/s7-scaled-1-600x407.jpeg 600w, https:\/\/apc1040.com\/wp-content\/uploads\/2022\/12\/s7-scaled-1-768x521.jpeg 768w\" sizes=\"auto, (max-width: 2560px) 100vw, 2560px\" \/><\/div><\/div><\/div><\/div><\/div><\/div><div class=\"w-separator size_medium\"><\/div><div class=\"g-cols wpb_row via_flex valign_top type_default stacking_default\"><div class=\"vc_col-sm-12 wpb_column vc_column_container\"><div class=\"vc_column-inner\"><div class=\"wpb_wrapper\"><div class=\"w-btn-wrapper align_center\"><a class=\"w-btn us-btn-style_1\" title=\"TAXPAYER INFORMATION FORM\" href=\"https:\/\/apc1040.com\/es\/formulario-de-informacion-al-contribuyente\/\"><span class=\"w-btn-label\">Iniciar el proceso de File@Home<\/span><\/a><\/div><\/div><\/div><\/div><\/div><\/div><\/div><\/div><div class=\"vc_col-sm-4 wpb_column vc_column_container\"><div class=\"vc_column-inner\"><div class=\"wpb_wrapper\"><\/div><\/div><\/div><\/div><\/div><\/section><section class=\"l-section wpb_row height_small\"><div class=\"l-section-h i-cf\"><div class=\"g-cols vc_row via_flex valign_top type_default stacking_default\"><div class=\"vc_col-sm-12 wpb_column vc_column_container\"><div class=\"vc_column-inner\"><div class=\"wpb_wrapper\"><div class=\"wpb_text_column\"><div class=\"wpb_wrapper\"><h2>Archivo en casa: Lo que necesita saber sobre los servicios de impuestos remotos<\/h2>\n<div class=\"QFw9Te BLojaf\">\n<div id=\"ow81\"><\/div>\n<\/div>\n<div class=\"DVHrxd\">\n<div id=\"ow82\" data-show-delay-ms=\"250\" data-append-to-body=\"true\" data-propagate-tooltip-mouseover-events=\"true\" data-anchor-corner=\"bottom-left\" data-enable-skip-handler=\"false\" data-popup-corner=\"top-left\">\n<div><\/div>\n<\/div>\n<\/div>\n<div class=\"QcsUad BDJ8fb BLojaf sMVRZe wneUed\">\n<p class=\"oBOnKe\"><span class=\"jCAhz ChMk0b\" style=\"font-size: 16px;\"><span class=\"ryNqvb\">Si no est\u00e1 en condiciones de <a href=\"https:\/\/apc1040.com\/es\/servicios-de-presentacion-de-impuestos-sobre-la-renta-cerca-de-mi\/\">presentar sus impuestos sobre la renta<\/a> f\u00edsicamente, entonces File at Home deber\u00e1 consultar los servicios de impuestos remotos.<\/span><\/span> <span class=\"jCAhz ChMk0b\" style=\"font-size: 16px;\"><span class=\"ryNqvb\">Podr\u00e1s obtener servicios tributarios completos donde podr\u00e1s presentar tus impuestos sin encontrar mayor problema.<\/span><\/span> <span class=\"jCAhz ChMk0b\" style=\"font-size: 16px;\"><span class=\"ryNqvb\">Ya sea que sea un individuo, un contratista independiente, un propietario \u00fanico o una corporaci\u00f3n, puede <a href=\"https:\/\/apc1040.com\/es\/presentacion-de-declaracion-de-impuestos\/\">presentar sus impuestos<\/a> de forma remota.<\/span><\/span> <span class=\"jCAhz ChMk0b\" style=\"font-size: 16px;\"><span class=\"ryNqvb\">Adem\u00e1s, podr\u00e1 buscar ayuda de expertos para la preparaci\u00f3n de impuestos y tambi\u00e9n aprovechar al m\u00e1ximo sus declaraciones de impuestos Archivo en casa.<\/span><\/span><\/p>\n<\/div>\n<h2>\u00bfC\u00f3mo funcionan los servicios fiscales remotos?<\/h2>\n<p>Es mejor saber que puede tener una comprensi\u00f3n clara del proceso de los servicios tributarios remotos antes de obtenerlos. Existe un <a href=\"https:\/\/apc1040.com\/es\/portal-seguro\/\">portal de cliente seguro<\/a>, que puede utilizar para entregar sus documentos y presentar impuestos de forma segura. Podr\u00e1s simplemente todos los documentos que tengas en este portal. Firmar los documentos tampoco ser\u00e1 una gran dificultad. Esto se debe a que nuestro portal Verifyle tambi\u00e9n tiene opciones de firma electr\u00f3nica Archivo en casa.<\/p>\n<p>Una vez que haya terminado de reunir todos los documentos fiscales, deber\u00e1 dirigirse al portal y cargarlos. Luego los peritos ser\u00e1n los encargados de procesarlos. Una vez que se complete el procesamiento, es posible que reciba una notificaci\u00f3n. Puede utilizar DocuSign para firmar c\u00f3modamente todos los documentos.<\/p>\n<p>Una vez firmadas todas las declaraciones de impuestos, podr\u00e1 proceder a presentarlas electr\u00f3nicamente tanto ante Hacienda como ante el gobierno estatal. No tienes que hacer nada porque especialistas remotos pueden ayudarte. S\u00f3lo necesita asegurarse de que su proveedor de servicios tenga licencia federal para realizar la preparaci\u00f3n de impuestos remota en nombre de los clientes. Los clientes de File at Home podr\u00e1n continuar con sus dep\u00f3sitos directos y obtener la asistencia que necesitan sin problemas. Podr\u00e1 visitar el <a href=\"https:\/\/apc1040.com\/es\/impuestos-facil\/informacion-general-enlaces-fiscales\/\">enlace del IRS y obtener m\u00e1s informaci\u00f3n<\/a> sobre el proceso tambi\u00e9n.<\/p>\n<h3>\u00bfCu\u00e1les son las ventajas de declarar impuestos de forma remota?<\/h3>\n<p>Hay muchas razones para adelantarse y declarar impuestos de forma remota. Veamos algunos de sus beneficios m\u00e1s notables.<\/p>\n<ul>\n<li>\n<h4>Conveniencia<\/h4>\n<\/li>\n<\/ul>\n<p>La conveniencia es la raz\u00f3n principal por la que deber\u00eda considerar presentar la declaraci\u00f3n de impuestos de forma remota. Podr\u00e1 tener reuniones en l\u00ednea con los especialistas y discutir m\u00e1s sobre su estado de preparaci\u00f3n de impuestos. Independientemente de d\u00f3nde se encuentre, podr\u00e1 declarar sus impuestos.<\/p>\n<ul>\n<li>\n<h4>Flexibilidad<\/h4>\n<\/li>\n<\/ul>\n<p>Los servicios de preparaci\u00f3n remota de impuestos que puede obtener tambi\u00e9n son bastante flexibles. Por ejemplo, digamos que se muda a otra ciudad o estado. Podr\u00e1s seguir obteniendo servicios tributarios de forma remota y superar dificultades. Esto le ayudar\u00e1 a mantener la tranquilidad a largo plazo.<\/p>\n<p>Al declarar impuestos de forma remota, tambi\u00e9n puede contar con nosotros para ayudarlo con sus servicios de contabilidad y tenedur\u00eda de libros. Aqu\u00ed es donde puede experimentar los beneficios que ofrece el \u00faltimo software de contabilidad. Tambi\u00e9n le ayudar\u00e1 a agilizar sus declaraciones de impuestos.<\/p>\n<ul>\n<li>\n<h4>Seguro<\/h4>\n<\/li>\n<\/ul>\n<p>No hay necesidad de preocuparse demasiado por la seguridad, ya que puede presentar sus impuestos de forma remota. De esta forma podr\u00e1s garantizar tu seguridad en todo momento. El portal en l\u00ednea te permitir\u00e1 asegurarte de que nunca tendr\u00e1s problemas al momento de presentar tus impuestos.<\/p>\n<p>Tenga en cuenta estos consejos y siga adelante con la presentaci\u00f3n de impuestos de forma remota. Te enamorar\u00e1s de utilizar el portal File@Home.<\/p>\n<\/div><\/div><\/div><\/div><\/div><\/div><\/div><\/section>\n","protected":false},"excerpt":{"rendered":"[vc_raw_html css=\"%7B%22default%22%3A%7B%22color%22%3A%22%23ffffff%22%7D%7D\"]JTNDaDElMjBjbGFzcyUzRCUyMnZjX2N1c3RvbV9oZWFkaW5nJTIwZmgydDElMjB1c19jdXN0b21fNmRmNGJjM2ElMjB0Y2VudGVyJTIwbWIxNSUyMiUzRUxhJTIwZm9ybWElMjBtJUMzJUExcyUyMGYlQzMlQTFjaWwlMjBkZSUyMGRlY2xhcmFyJTIwdHVzJTIwSW1wdWVzdG9zJTIwRmVkZXJhbGVzJTIwZGVzZGUlMjBjYXNhJTNDJTJGaDElM0U=[\/vc_raw_html]Utilice nuestro File at Home remote online impuesto sobre la renta y haremos que su presentaci\u00f3n de impuestos federales sea indolora mientras usted se queda en casa. Los clientes que tienen alquileres o negocios no pueden utilizar File@Home en este momento para presentar los impuestos Utilice nuestro servicio de declaraci\u00f3n de la renta a...","protected":false},"author":10,"featured_media":3517,"parent":0,"menu_order":0,"comment_status":"closed","ping_status":"closed","template":"","meta":{"_lmt_disableupdate":"no","_lmt_disable":"","_monsterinsights_skip_tracking":false,"_monsterinsights_sitenote_active":false,"_monsterinsights_sitenote_note":"","_monsterinsights_sitenote_category":0,"_uf_show_specific_survey":0,"_uf_disable_surveys":false,"footnotes":""},"class_list":["post-2654","page","type-page","status-publish","has-post-thumbnail","hentry"],"yoast_head":"<!-- This site is optimized with the Yoast SEO Premium plugin v27.3 (Yoast SEO v27.4) - https:\/\/yoast.com\/product\/yoast-seo-premium-wordpress\/ -->\n<title>Archivo en casa presentaci\u00f3n remota en su casa<\/title>\n<meta name=\"description\" content=\"Presentar en casa la declaraci\u00f3n de la renta a distancia sin salir de casa. La forma m\u00e1s f\u00e1cil de presentar su Archivo en casa\" \/>\n<meta name=\"robots\" content=\"index, follow, max-snippet:-1, max-image-preview:large, max-video-preview:-1\" \/>\n<link rel=\"canonical\" href=\"https:\/\/apc1040.com\/es\/archivo-en-casa\/\" \/>\n<meta property=\"og:locale\" content=\"es_ES\" \/>\n<meta property=\"og:type\" content=\"article\" \/>\n<meta property=\"og:title\" content=\"Presentaci\u00f3n de la declaraci\u00f3n de la renta por Internet a distancia desde casa.\" \/>\n<meta property=\"og:description\" content=\"Presentar en casa la declaraci\u00f3n de la renta a distancia sin salir de casa. La forma m\u00e1s f\u00e1cil de presentar su Archivo en casa\" \/>\n<meta property=\"og:url\" content=\"https:\/\/apc1040.com\/es\/archivo-en-casa\/\" \/>\n<meta property=\"og:site_name\" content=\"Akron Income Tax Preparation\" \/>\n<meta property=\"article:publisher\" content=\"https:\/\/www.facebook.com\/APC1040\" \/>\n<meta property=\"article:modified_time\" content=\"2024-05-13T11:03:58+00:00\" \/>\n<meta property=\"og:image\" content=\"https:\/\/apc1040.com\/wp-content\/uploads\/2021\/01\/Remote-Income-Taxes.jpg\" \/>\n<meta name=\"twitter:card\" content=\"summary_large_image\" \/>\n<meta name=\"twitter:label1\" content=\"Est. reading time\" \/>\n\t<meta name=\"twitter:data1\" content=\"4 minutes\" \/>\n<!-- \/ Yoast SEO Premium plugin. -->","yoast_head_json":{"title":"Archivo en casa presentaci\u00f3n remota en su casa","description":"Presentar en casa la declaraci\u00f3n de la renta a distancia sin salir de casa. La forma m\u00e1s f\u00e1cil de presentar su Archivo en casa","robots":{"index":"index","follow":"follow","max-snippet":"max-snippet:-1","max-image-preview":"max-image-preview:large","max-video-preview":"max-video-preview:-1"},"canonical":"https:\/\/apc1040.com\/es\/archivo-en-casa\/","og_locale":"es_ES","og_type":"article","og_title":"Presentaci\u00f3n de la declaraci\u00f3n de la renta por Internet a distancia desde casa.","og_description":"Presentar en casa la declaraci\u00f3n de la renta a distancia sin salir de casa. La forma m\u00e1s f\u00e1cil de presentar su Archivo en casa","og_url":"https:\/\/apc1040.com\/es\/archivo-en-casa\/","og_site_name":"Akron Income Tax Preparation","article_publisher":"https:\/\/www.facebook.com\/APC1040","article_modified_time":"2024-05-13T11:03:58+00:00","og_image":[{"url":"https:\/\/apc1040.com\/wp-content\/uploads\/2021\/01\/Remote-Income-Taxes.jpg","type":"","width":"","height":""}],"twitter_card":"summary_large_image","twitter_misc":{"Est. reading time":"4 minutes"},"schema":{"@context":"https:\/\/schema.org","@graph":[{"@type":"WebPage","@id":"https:\/\/apc1040.com\/es\/archivo-en-casa\/","url":"https:\/\/apc1040.com\/es\/archivo-en-casa\/","name":"Archivo en casa presentaci\u00f3n remota en su casa","isPartOf":{"@id":"https:\/\/apc1040.com\/es\/#website"},"primaryImageOfPage":{"@id":"https:\/\/apc1040.com\/es\/archivo-en-casa\/#primaryimage"},"image":{"@id":"https:\/\/apc1040.com\/es\/archivo-en-casa\/#primaryimage"},"thumbnailUrl":"https:\/\/apc1040.com\/wp-content\/uploads\/2022\/12\/s5-scaled-1.jpeg","datePublished":"2020-09-27T01:06:15+00:00","dateModified":"2024-05-13T11:03:58+00:00","description":"Presentar en casa la declaraci\u00f3n de la renta a distancia sin salir de casa. La forma m\u00e1s f\u00e1cil de presentar su Archivo en casa","breadcrumb":{"@id":"https:\/\/apc1040.com\/es\/archivo-en-casa\/#breadcrumb"},"inLanguage":"es","potentialAction":[{"@type":"ReadAction","target":["https:\/\/apc1040.com\/es\/archivo-en-casa\/"]}]},{"@type":"ImageObject","inLanguage":"es","@id":"https:\/\/apc1040.com\/es\/archivo-en-casa\/#primaryimage","url":"https:\/\/apc1040.com\/wp-content\/uploads\/2022\/12\/s5-scaled-1.jpeg","contentUrl":"https:\/\/apc1040.com\/wp-content\/uploads\/2022\/12\/s5-scaled-1.jpeg","width":2560,"height":1707,"caption":"Submit on line"},{"@type":"BreadcrumbList","@id":"https:\/\/apc1040.com\/es\/archivo-en-casa\/#breadcrumb","itemListElement":[{"@type":"ListItem","position":1,"name":"Home","item":"https:\/\/apc1040.com\/es\/"},{"@type":"ListItem","position":2,"name":"Presentaci\u00f3n de la declaraci\u00f3n de la renta por Internet a distancia desde casa."}]},{"@type":"WebSite","@id":"https:\/\/apc1040.com\/es\/#website","url":"https:\/\/apc1040.com\/es\/","name":"Akron Income Tax Preparation","description":"Income Tax Preparation Service","publisher":{"@id":"https:\/\/apc1040.com\/es\/#organization"},"potentialAction":[{"@type":"SearchAction","target":{"@type":"EntryPoint","urlTemplate":"https:\/\/apc1040.com\/es\/?s={search_term_string}"},"query-input":{"@type":"PropertyValueSpecification","valueRequired":true,"valueName":"search_term_string"}}],"inLanguage":"es"},{"@type":"Organization","@id":"https:\/\/apc1040.com\/es\/#organization","name":"Akron Income Tax Co","url":"https:\/\/apc1040.com\/es\/","logo":{"@type":"ImageObject","inLanguage":"es","@id":"https:\/\/apc1040.com\/es\/#\/schema\/logo\/image\/","url":"https:\/\/apc1040.com\/wp-content\/uploads\/2024\/11\/income-tax-service-akron.jpg","contentUrl":"https:\/\/apc1040.com\/wp-content\/uploads\/2024\/11\/income-tax-service-akron.jpg","width":800,"height":745,"caption":"Akron Income Tax Co"},"image":{"@id":"https:\/\/apc1040.com\/es\/#\/schema\/logo\/image\/"},"sameAs":["https:\/\/www.facebook.com\/APC1040"]}]}},"amp_enabled":true,"_links":{"self":[{"href":"https:\/\/apc1040.com\/es\/wp-json\/wp\/v2\/pages\/2654","targetHints":{"allow":["GET"]}}],"collection":[{"href":"https:\/\/apc1040.com\/es\/wp-json\/wp\/v2\/pages"}],"about":[{"href":"https:\/\/apc1040.com\/es\/wp-json\/wp\/v2\/types\/page"}],"author":[{"embeddable":true,"href":"https:\/\/apc1040.com\/es\/wp-json\/wp\/v2\/users\/10"}],"replies":[{"embeddable":true,"href":"https:\/\/apc1040.com\/es\/wp-json\/wp\/v2\/comments?post=2654"}],"version-history":[{"count":0,"href":"https:\/\/apc1040.com\/es\/wp-json\/wp\/v2\/pages\/2654\/revisions"}],"wp:featuredmedia":[{"embeddable":true,"href":"https:\/\/apc1040.com\/es\/wp-json\/wp\/v2\/media\/3517"}],"wp:attachment":[{"href":"https:\/\/apc1040.com\/es\/wp-json\/wp\/v2\/media?parent=2654"}],"curies":[{"name":"wp","href":"https:\/\/api.w.org\/{rel}","templated":true}]}}