{"id":2653,"date":"2021-12-11T12:44:08","date_gmt":"2021-12-11T17:44:08","guid":{"rendered":"https:\/\/apc1040.com\/profesional-de-los-impuestos-cerca-de-mi\/"},"modified":"2024-05-13T07:02:11","modified_gmt":"2024-05-13T11:02:11","slug":"profesional-de-los-impuestos-cerca-de-mi","status":"publish","type":"page","link":"https:\/\/apc1040.com\/es\/profesional-de-los-impuestos-cerca-de-mi\/","title":{"rendered":"Profesional de los impuestos cerca de m\u00ed"},"content":{"rendered":"<p>Profesional de impuestos cerca de m\u00ed en Akron Ohio. Hemos estado declarando impuestos federales para nuestros clientes durante 38 a\u00f1os. Preparaci\u00f3n de impuestos con experiencia a una tarifa razonable. Encuentre un preparador de <a href=\"https:\/\/apc1040.com\/es\/lugares-de-impuestos-cerca-de-mi\/\">impuestos experimentado cerca<\/a> de m\u00ed.<\/p>\n<h2><img decoding=\"async\" class=\"alignnone size-medium wp-image-3289 aligncenter\" src=\"https:\/\/apc1040.com\/wp-content\/uploads\/2022\/11\/Ad6-120-ES-350x350.jpg\" alt=\"Servicio de Impuestos sobre la Renta\" width=\"350\" height=\"350\" srcset=\"https:\/\/apc1040.com\/wp-content\/uploads\/2022\/11\/Ad6-120-ES-350x350.jpg 350w, https:\/\/apc1040.com\/wp-content\/uploads\/2022\/11\/Ad6-120-ES-780x780.jpg 780w, https:\/\/apc1040.com\/wp-content\/uploads\/2022\/11\/Ad6-120-ES-150x150.jpg 150w, https:\/\/apc1040.com\/wp-content\/uploads\/2022\/11\/Ad6-120-ES.jpg 1080w\" sizes=\"(max-width: 350px) 100vw, 350px\" \/><\/h2>\n<h2>C\u00f3mo encontrar a los mejores profesionales de impuestos cerca de m\u00ed<\/h2>\n<p>Si tiene impuestos complicados (ingresos del trabajo por cuenta propia o poseer m\u00faltiples propiedades de alquiler) o incluso si no puede hacer impuestos (\u00bfalguna vez nos ense\u00f1\u00f3 en la escuela?), Ponerse en contacto con un profesional de impuestos de confianza cerca de m\u00ed puede ser el final del asunto. de todas tus preocupaciones. Un buen preparador de impuestos puede asegurarse de que reciba todos los cr\u00e9ditos para los que califica. Tambi\u00e9n pueden ayudarlo a evitar presentar solicitudes de extensi\u00f3n o modificaci\u00f3n o pagar multas e intereses.<\/p>\n<p>Lo mejor ser\u00eda contar con alguien que conozca el c\u00f3digo fiscal y que pueda describ\u00edrselo. A pesar de todo, es tu dinero, y al final eres responsable de si obtienes un beneficio saludable o acabas en los tribunales luchando por un embargo de impuestos. \u00bfEst\u00e1 pensando, c\u00f3mo puedo encontrar el <a href=\"https:\/\/apc1040.com\/es\/el-mejor-preparador-de-impuestos-cerca-de-mi\/\">mejor profesional de impuestos cerca<\/a> de m\u00ed en Akron. Ohio, la presentaci\u00f3n de los impuestos federales? Aqu\u00ed tienes:<\/p>\n<h2><strong>Investiga<\/strong><\/h2>\n<p>La experiencia es primordial. Busque a un preparador que lleve varios a\u00f1os haciendo impuestos. Hay demasiada gente que cree que puede preparar impuestos despu\u00e9s de hacer un curso de 8 semanas. Seguro que has visto estos carteles de &#8220;aprende a hacer impuestos&#8221; en las grandes superficies en oto\u00f1o. \u00bfRealmente quiere confiar sus impuestos a una persona que pas\u00f3 8 semanas aprendiendo a completar sus propios impuestos? Llevamos casi 40 a\u00f1os haciendo impuestos. Puede confiar en nosotros para la preparaci\u00f3n de sus declaraciones de impuestos.<\/p>\n<p>Cuando converse con posibles contadores, aseg\u00farese de que tengan un N\u00famero de Identificaci\u00f3n Fiscal del Preparador (PTIN). Ellos van a completar sus declaraciones de impuestos, y el I.R.S. requiere que tengan un PTIN en su nombre. Si no tienen un PTIN, podr\u00edan acabar estaf\u00e1ndote.<\/p>\n<h2><strong>Aseg\u00farese de que se declaran electr\u00f3nicamente<\/strong><\/h2>\n<p>El Tesoro requiere que los preparadores que anticipan presentar 11. Otras declaraciones durante un a\u00f1o determinado presenten esas declaraciones electr\u00f3nicamente. Si su preparador dice que no puede declarar impuestos electr\u00f3nicamente. Entonces es bastante obvio que no est\u00e1 haciendo tanta preparaci\u00f3n de impuestos como supondr\u00eda para alguien que dice ser un contador de impuestos de 24 horas. As\u00ed que, de nuevo, \u00a1podr\u00edas ser estafado!<\/p>\n<h2><strong>Consigue a alguien que te cubra las espaldas<\/strong><\/h2>\n<p>Si le revisa Hacienda, querr\u00e1 tener un <a href=\"https:\/\/apc1040.com\/tax-professional-near-me\/\">profesional de<\/a> los impuestos a su lado. Los preparadores de impuestos con PTIN y los agentes inscritos pueden hablar por usted ante el IRS. Si hay una inspecci\u00f3n, un pago o un problema de cobro y en el transcurso de los recursos, te cubren las espaldas. Del mismo modo, deben estar accesibles incluso cuando no es el per\u00edodo fiscal si necesita su orientaci\u00f3n.<\/p>\n<h2><strong>Busca amigos en las altas esferas<\/strong><\/h2>\n<p>\u00bfQuiere que sus impuestos sean preparados por profesionales? Conseguir un <a href=\"https:\/\/apc1040.com\/es\/preparacion-de-impuestos-cerca-de-mi\/\">preparador de impuestos<\/a>, incluyendo los contadores p\u00fablicos certificados de un instituto certificado, como la Asociaci\u00f3n Nacional de Profesionales de Impuestos, es una gran elecci\u00f3n. La mayor\u00eda de estas organizaciones tienen c\u00f3digos de conducta, necesidades de conducta profesional y numerosos planes de certificaci\u00f3n. Si ha trabajado previamente con un asesor financiero, su empresa podr\u00eda asociarle con un asesor fiscal sin esfuerzo.<\/p>\n<h2><strong>Leer los comentarios en l\u00ednea<\/strong><\/h2>\n<p>Mira el sitio web de tu posible preparador y sus redes sociales para ver qu\u00e9 tipo de cosas publican en l\u00ednea. Aseg\u00farate de ver las rese\u00f1as p\u00fablicas antes de elegir a alguien.<\/p>\n<p>Muchos preparadores y declarantes de impuestos suelen tener una rese\u00f1a negativa publicada por un cliente descontento, y eso no deber\u00eda desanimarle. Pero si su exploraci\u00f3n expone problemas como una pl\u00e9tora de comentarios negativos o publicaciones poco \u00e9ticas en las redes sociales, ser\u00e1 mejor que busque a otra persona.<\/p>\n<h2><strong>Pregunte por las tarifas<\/strong><\/h2>\n<p>Aseg\u00farese de tener una idea decente de los precios por adelantado. Mientras que nuestra estructura de honorarios es de $120 para la mayor\u00eda de las <a href=\"https:\/\/apc1040.com\/es\/oferta-de-preparacion-de-impuestos-sobre-la-renta\/\">declaraciones de impuestos<\/a>, siempre y cuando no tenga un negocio, alquileres o m\u00e1s de 5 ventas de acciones. Otras empresas fiscales pueden cobrar un precio base y luego a\u00f1adir cargos por varios formularios y documentos fiscales que usted utilice.<\/p>\n<p>Los precios de la planificaci\u00f3n de la declaraci\u00f3n de la renta pueden variar mucho en funci\u00f3n de varios factores, como la complejidad de su declaraci\u00f3n, su ubicaci\u00f3n y los conocimientos del preparador.<\/p>\n<p>Puede que al principio no te den un precio exacto, pero al menos aseg\u00farate de que entiendes c\u00f3mo se calcula la factura. No obstante, ret\u00edrese del trato si un preparador centra sus honorarios en una fracci\u00f3n de su <a href=\"https:\/\/apc1040.com\/es\/obtenga-el-reembolso-de-impuestos-mas-grande-legalmente\/\">reembolso de impuestos<\/a>. No querr\u00e1 que un preparador exija dudosas exenciones fiscales en su declaraci\u00f3n para aumentar su remuneraci\u00f3n.<\/p>\n<h2><strong>Est\u00e9 atento a los problemas despu\u00e9s de seleccionar a un preparador<\/strong><\/h2>\n<p>Su debida meticulosidad no termina despu\u00e9s de seleccionar un preparador. As\u00ed que, \u00a1mantenga los ojos abiertos para las banderas rojas! Por ejemplo, no firme nunca una declaraci\u00f3n de la renta en blanco. \u00a1Seguro que te enga\u00f1an!<\/p>\n<p>Una vez finalizada la devoluci\u00f3n, aseg\u00farese de tener la posibilidad de evaluarla antes de firmarla. Si tiene alguna duda o algo no est\u00e1 bien definido, el preparador debe satisfacerle. Tiene que sentirse satisfecho con la correcci\u00f3n de la declaraci\u00f3n antes de firmarla. Al firmar, te haces responsable del material de las devoluciones. Tambi\u00e9n deber\u00eda obtener un duplicado de las devoluciones finalizadas.<\/p>\n<h2><strong>Informar de los problemas a Hacienda<\/strong><\/h2>\n<p>Si se encuentra con un preparador de <a href=\"https:\/\/apc1040.com\/es\/declaracion-de-impuestos-federales\/\">impuestos federales<\/a> enga\u00f1oso, puede denunciarlo a Hacienda empleando el formulario 14157. Si tiene dudas de que un preparador present\u00f3 o alter\u00f3 su declaraci\u00f3n sin su consenso, acuda al formulario 14157-A. En consecuencia, puede presentar una queja contra un C.P.A. o un abogado ante un consejo regulador estatal adecuado. Si sospecha que le han robado su identidad, presente sin demora el formulario 14039 en Hacienda.<\/p>\n<h2><strong>Entrevistar a un posible preparador de impuestos<\/strong><\/h2>\n[\/vc_column_text]<div class=\"w-image us_custom_b796d98a has_height align_center\"><div class=\"w-image-h\"><img decoding=\"async\" width=\"300\" height=\"200\" src=\"https:\/\/apc1040.com\/wp-content\/uploads\/2021\/12\/Best-Tax-Professional-1-300x200.jpg\" class=\"attachment-medium size-medium\" alt=\"Best Tax Professional 1\" loading=\"lazy\" srcset=\"https:\/\/apc1040.com\/wp-content\/uploads\/2021\/12\/Best-Tax-Professional-1-300x200.jpg 300w, https:\/\/apc1040.com\/wp-content\/uploads\/2021\/12\/Best-Tax-Professional-1-1024x683.jpg 1024w, https:\/\/apc1040.com\/wp-content\/uploads\/2021\/12\/Best-Tax-Professional-1.jpg 1125w\" sizes=\"auto, (max-width: 300px) 100vw, 300px\" \/><\/div><\/div><div class=\"wpb_text_column\"><div class=\"wpb_wrapper\"><\/div><\/div>Cuando se re\u00fana con un posible preparador de impuestos, lleve una fotocopia de su <a href=\"https:\/\/apc1040.com\/es\/1040-tax-return\/\">\u00faltima declaraci\u00f3n de impuestos<\/a>. El estudio de sus \u00faltimas declaraciones es una de las mejores maneras de que el profesional de la fiscalidad eval\u00fae su estado y le d\u00e9 una impresi\u00f3n de lo que puede costar.<\/p>\n<p>Est\u00e9 preparado para informar a su probable contable sobre cualquier modificaci\u00f3n sustancial de su vida que haya experimentado en el a\u00f1o anterior, como por ejemplo si pas\u00f3 por el altar (o se separ\u00f3), se capitaliz\u00f3 en una propiedad de alquiler o comenz\u00f3 un negocio. He aqu\u00ed algunas preguntas clave que deben hacerse en el transcurso de la reuni\u00f3n:<\/p>\n<h2><strong>\u00bfCu\u00e1nto tiempo lleva preparando los impuestos?<\/strong><\/h2>\n<p>Si sus declaraciones de impuestos son sencillas, alguien con pocos a\u00f1os de experiencia deber\u00eda ser competente en su tramitaci\u00f3n. Pero si su declaraci\u00f3n es compleja o ha tenido complicaciones con Hacienda anteriormente, es posible que quiera a alguien con m\u00e1s conocimientos.<\/p>\n<h2><strong>\u00bfTiene alguna especialidad?<\/strong><\/h2>\n<p>Si tiene requisitos particulares -quiz\u00e1s posea un peque\u00f1o negocio o tenga posesiones en alquiler, o posea reservas extranjeras- debe trabajar con alguien que tenga experiencia en trabajar con clientela como usted.<\/p>\n<h2><strong>\u00bfC\u00f3mo factura sus servicios de preparaci\u00f3n de impuestos?<\/strong><\/h2>\n<p>Cuando acude a un servicio de preparaci\u00f3n de impuestos, es posible que el contable no pueda darle un cargo de preparaci\u00f3n de impuestos por separado en esta reuni\u00f3n preliminar, pero deber\u00eda poder darle una aproximaci\u00f3n. Nuestra cuota b\u00e1sica es de 110 d\u00f3lares, siempre y cuando no tengas un alquiler o un negocio o m\u00e1s de 5 ventas de acciones. Sobre todo si les ense\u00f1as la declaraci\u00f3n del a\u00f1o anterior, deber\u00edan poder darte un precio en firme. Averig\u00fce si cobran una tarifa directa o una tarifa por hora, para que pueda obtener una indicaci\u00f3n de cu\u00e1nto le costar\u00e1 tener sus declaraciones de impuestos federales completadas.<\/p>\n<h2><strong>\u00bfEst\u00e1 disponible para preguntas despu\u00e9s del 15 de abril?<\/strong><\/h2>\n<p>Algunos preparadores de impuestos cierran su oficina local al final de la temporada de impuestos y se desvanecen despu\u00e9s. Si algo se descarrila despu\u00e9s de presentar su declaraci\u00f3n o necesita ayuda para prepararla para el a\u00f1o siguiente, un preparador de impuestos regular no le servir\u00e1 de nada. Busque a alguien accesible todo el tiempo.<\/p>\n<h2>\u00bfQui\u00e9n preparar\u00e1 mi regreso?<\/h2>\n<p>Si el contador es miembro de una organizaci\u00f3n, la persona con la que se re\u00fane puede no ser la que hace su declaraci\u00f3n. Pueden pasar el trabajo a un nuevo subordinado y revisar su trabajo. Aunque esto puede ser m\u00e1s f\u00e1cil para su bolsillo, siempre es mejor saber qui\u00e9n est\u00e1 detr\u00e1s de todo el trabajo de impuestos.<\/p>\n","protected":false},"excerpt":{"rendered":"<p>Profesional de impuestos cerca de m\u00ed en Akron Ohio. Hemos estado declarando impuestos federales para nuestros clientes durante 38 a\u00f1os. Preparaci\u00f3n de impuestos con experiencia a una tarifa razonable. Encuentre un preparador de impuestos experimentado cerca de m\u00ed. C\u00f3mo encontrar a los mejores profesionales de impuestos cerca de m\u00ed Si tiene impuestos complicados (ingresos del&#8230;<\/p>\n","protected":false},"author":10,"featured_media":2494,"parent":0,"menu_order":0,"comment_status":"closed","ping_status":"closed","template":"","meta":{"_lmt_disableupdate":"no","_lmt_disable":"","_monsterinsights_skip_tracking":false,"_monsterinsights_sitenote_active":false,"_monsterinsights_sitenote_note":"","_monsterinsights_sitenote_category":0,"_uf_show_specific_survey":0,"_uf_disable_surveys":false,"footnotes":""},"class_list":["post-2653","page","type-page","status-publish","has-post-thumbnail","hentry"],"yoast_head":"<!-- This site is optimized with the Yoast SEO Premium plugin v27.3 (Yoast SEO v27.4) - https:\/\/yoast.com\/product\/yoast-seo-premium-wordpress\/ -->\n<title>Profesional de impuestos cerca de m\u00ed en Akron Ohio<\/title>\n<meta name=\"description\" content=\"Profesional de impuestos cerca de m\u00ed en Akron Ohio Presentaci\u00f3n de impuestos federales durante 38 a\u00f1os. Preparaci\u00f3n de impuestos\" \/>\n<meta name=\"robots\" content=\"index, follow, max-snippet:-1, max-image-preview:large, max-video-preview:-1\" \/>\n<link rel=\"canonical\" href=\"https:\/\/apc1040.com\/es\/profesional-de-los-impuestos-cerca-de-mi\/\" \/>\n<meta property=\"og:locale\" content=\"es_ES\" \/>\n<meta property=\"og:type\" content=\"article\" \/>\n<meta property=\"og:title\" content=\"Profesional de los impuestos cerca de m\u00ed\" \/>\n<meta property=\"og:description\" content=\"Profesional de impuestos cerca de m\u00ed en Akron Ohio Presentaci\u00f3n de impuestos federales durante 38 a\u00f1os. Preparaci\u00f3n de impuestos\" \/>\n<meta property=\"og:url\" content=\"https:\/\/apc1040.com\/es\/profesional-de-los-impuestos-cerca-de-mi\/\" \/>\n<meta property=\"og:site_name\" content=\"Akron Income Tax Preparation\" \/>\n<meta property=\"article:publisher\" content=\"https:\/\/www.facebook.com\/APC1040\" \/>\n<meta property=\"article:modified_time\" content=\"2024-05-13T11:02:11+00:00\" \/>\n<meta property=\"og:image\" content=\"https:\/\/apc1040.com\/wp-content\/uploads\/2020\/09\/income-tax-form.jpg\" \/>\n\t<meta property=\"og:image:width\" content=\"1200\" \/>\n\t<meta property=\"og:image:height\" content=\"795\" \/>\n\t<meta property=\"og:image:type\" content=\"image\/jpeg\" \/>\n<meta name=\"twitter:card\" content=\"summary_large_image\" \/>\n<meta name=\"twitter:label1\" content=\"Est. reading time\" \/>\n\t<meta name=\"twitter:data1\" content=\"7 minutes\" \/>\n<!-- \/ Yoast SEO Premium plugin. -->","yoast_head_json":{"title":"Profesional de impuestos cerca de m\u00ed en Akron Ohio","description":"Profesional de impuestos cerca de m\u00ed en Akron Ohio Presentaci\u00f3n de impuestos federales durante 38 a\u00f1os. Preparaci\u00f3n de impuestos","robots":{"index":"index","follow":"follow","max-snippet":"max-snippet:-1","max-image-preview":"max-image-preview:large","max-video-preview":"max-video-preview:-1"},"canonical":"https:\/\/apc1040.com\/es\/profesional-de-los-impuestos-cerca-de-mi\/","og_locale":"es_ES","og_type":"article","og_title":"Profesional de los impuestos cerca de m\u00ed","og_description":"Profesional de impuestos cerca de m\u00ed en Akron Ohio Presentaci\u00f3n de impuestos federales durante 38 a\u00f1os. Preparaci\u00f3n de impuestos","og_url":"https:\/\/apc1040.com\/es\/profesional-de-los-impuestos-cerca-de-mi\/","og_site_name":"Akron Income Tax Preparation","article_publisher":"https:\/\/www.facebook.com\/APC1040","article_modified_time":"2024-05-13T11:02:11+00:00","og_image":[{"width":1200,"height":795,"url":"https:\/\/apc1040.com\/wp-content\/uploads\/2020\/09\/income-tax-form.jpg","type":"image\/jpeg"}],"twitter_card":"summary_large_image","twitter_misc":{"Est. reading time":"7 minutes"},"schema":{"@context":"https:\/\/schema.org","@graph":[{"@type":"WebPage","@id":"https:\/\/apc1040.com\/es\/profesional-de-los-impuestos-cerca-de-mi\/","url":"https:\/\/apc1040.com\/es\/profesional-de-los-impuestos-cerca-de-mi\/","name":"Profesional de impuestos cerca de m\u00ed en Akron Ohio","isPartOf":{"@id":"https:\/\/apc1040.com\/es\/#website"},"primaryImageOfPage":{"@id":"https:\/\/apc1040.com\/es\/profesional-de-los-impuestos-cerca-de-mi\/#primaryimage"},"image":{"@id":"https:\/\/apc1040.com\/es\/profesional-de-los-impuestos-cerca-de-mi\/#primaryimage"},"thumbnailUrl":"https:\/\/apc1040.com\/wp-content\/uploads\/2020\/09\/income-tax-form.jpg","datePublished":"2021-12-11T17:44:08+00:00","dateModified":"2024-05-13T11:02:11+00:00","description":"Profesional de impuestos cerca de m\u00ed en Akron Ohio Presentaci\u00f3n de impuestos federales durante 38 a\u00f1os. Preparaci\u00f3n de impuestos","breadcrumb":{"@id":"https:\/\/apc1040.com\/es\/profesional-de-los-impuestos-cerca-de-mi\/#breadcrumb"},"inLanguage":"es","potentialAction":[{"@type":"ReadAction","target":["https:\/\/apc1040.com\/es\/profesional-de-los-impuestos-cerca-de-mi\/"]}]},{"@type":"ImageObject","inLanguage":"es","@id":"https:\/\/apc1040.com\/es\/profesional-de-los-impuestos-cerca-de-mi\/#primaryimage","url":"https:\/\/apc1040.com\/wp-content\/uploads\/2020\/09\/income-tax-form.jpg","contentUrl":"https:\/\/apc1040.com\/wp-content\/uploads\/2020\/09\/income-tax-form.jpg","width":1200,"height":795,"caption":"income tax form"},{"@type":"BreadcrumbList","@id":"https:\/\/apc1040.com\/es\/profesional-de-los-impuestos-cerca-de-mi\/#breadcrumb","itemListElement":[{"@type":"ListItem","position":1,"name":"Home","item":"https:\/\/apc1040.com\/es\/"},{"@type":"ListItem","position":2,"name":"Profesional de los impuestos cerca de m\u00ed"}]},{"@type":"WebSite","@id":"https:\/\/apc1040.com\/es\/#website","url":"https:\/\/apc1040.com\/es\/","name":"Akron Income Tax Preparation","description":"Income Tax Preparation Service","publisher":{"@id":"https:\/\/apc1040.com\/es\/#organization"},"potentialAction":[{"@type":"SearchAction","target":{"@type":"EntryPoint","urlTemplate":"https:\/\/apc1040.com\/es\/?s={search_term_string}"},"query-input":{"@type":"PropertyValueSpecification","valueRequired":true,"valueName":"search_term_string"}}],"inLanguage":"es"},{"@type":"Organization","@id":"https:\/\/apc1040.com\/es\/#organization","name":"Akron Income Tax Co","url":"https:\/\/apc1040.com\/es\/","logo":{"@type":"ImageObject","inLanguage":"es","@id":"https:\/\/apc1040.com\/es\/#\/schema\/logo\/image\/","url":"https:\/\/apc1040.com\/wp-content\/uploads\/2024\/11\/income-tax-service-akron.jpg","contentUrl":"https:\/\/apc1040.com\/wp-content\/uploads\/2024\/11\/income-tax-service-akron.jpg","width":800,"height":745,"caption":"Akron Income Tax Co"},"image":{"@id":"https:\/\/apc1040.com\/es\/#\/schema\/logo\/image\/"},"sameAs":["https:\/\/www.facebook.com\/APC1040"]}]}},"amp_enabled":true,"_links":{"self":[{"href":"https:\/\/apc1040.com\/es\/wp-json\/wp\/v2\/pages\/2653","targetHints":{"allow":["GET"]}}],"collection":[{"href":"https:\/\/apc1040.com\/es\/wp-json\/wp\/v2\/pages"}],"about":[{"href":"https:\/\/apc1040.com\/es\/wp-json\/wp\/v2\/types\/page"}],"author":[{"embeddable":true,"href":"https:\/\/apc1040.com\/es\/wp-json\/wp\/v2\/users\/10"}],"replies":[{"embeddable":true,"href":"https:\/\/apc1040.com\/es\/wp-json\/wp\/v2\/comments?post=2653"}],"version-history":[{"count":0,"href":"https:\/\/apc1040.com\/es\/wp-json\/wp\/v2\/pages\/2653\/revisions"}],"wp:featuredmedia":[{"embeddable":true,"href":"https:\/\/apc1040.com\/es\/wp-json\/wp\/v2\/media\/2494"}],"wp:attachment":[{"href":"https:\/\/apc1040.com\/es\/wp-json\/wp\/v2\/media?parent=2653"}],"curies":[{"name":"wp","href":"https:\/\/api.w.org\/{rel}","templated":true}]}}