{"id":2646,"date":"2020-10-09T13:00:05","date_gmt":"2020-10-09T17:00:05","guid":{"rendered":"https:\/\/apc1040.com\/instrucciones-sencillas\/"},"modified":"2024-11-26T14:42:58","modified_gmt":"2024-11-26T19:42:58","slug":"instrucciones-para-la-presentacion-a-distancia","status":"publish","type":"page","link":"https:\/\/apc1040.com\/es\/instrucciones-para-la-presentacion-a-distancia\/","title":{"rendered":"Instrucciones sencillas"},"content":{"rendered":"<section class=\"l-section wpb_row height_small\"><div class=\"l-section-h i-cf\"><div class=\"g-cols vc_row via_flex valign_top type_default stacking_default\"><div class=\"vc_col-sm-12 wpb_column vc_column_container\"><div class=\"vc_column-inner\"><div class=\"wpb_wrapper\"><div class=\"wpb_text_column\"><div class=\"wpb_wrapper\"><p><img decoding=\"async\" class=\"aligncenter wp-image-824 size-medium\" title=\"Instrucciones para la presentaci\u00f3n a distancia\" src=\"https:\/\/apc1040.com\/wp-content\/uploads\/2021\/01\/Remote-Income-Taxes-300x200.jpg\" alt=\"Instrucciones para la presentaci\u00f3n a distancia\" width=\"300\" height=\"200\" \/><\/p>\n<h3 style=\"text-align: center;\">Instrucciones para la presentaci\u00f3n<\/h3>\n<p>Instrucciones sencillas. Recibir\u00e1 un correo electr\u00f3nico con las Instrucciones para la presentaci\u00f3n a distancia, configurar nuestro portal seguro <a href=\"mailto:donotreply@verifyle.com\">donotreply@verifyle.com<\/a> tan pronto como revisemos su &#8220;Taxpayer Information Form&#8221;. Si tiene preguntas sobre el uso del portal, puede visitar el canal de <a href=\"https:\/\/www.youtube.com\/channel\/UCOP_R1kBITnCyU4QoDqkpAA\/videos\">YouTube de Verifyle<\/a>. Instrucciones para la presentaci\u00f3n a distancia Por favor, utilice este Portal Seguro para transferirnos sus Documentos Fiscales. Si tiene alguna pregunta sobre su <a href=\"https:\/\/apc1040.com\/es\/servicio-de-impuestos-cerca-de-mi\/\">Impuesto sobre la Renta<\/a>, no dude en llamarnos. 330-733-1040<\/p>\n<\/div><\/div><div class=\"g-cols wpb_row via_flex valign_middle type_default stacking_default\" id=\"printmex1\"><div class=\"vc_col-sm-6 wpb_column vc_column_container\"><div class=\"vc_column-inner\"><div class=\"wpb_wrapper\"><div class=\"wpb_text_column us_custom_eb849559\"><div class=\"wpb_wrapper\"><p><strong>W2&#8217;s<\/strong><br \/>\n<strong>1099&#8217;s<\/strong><br \/>\n<strong>1095s<\/strong><br \/>\n<strong>Licencia del Dr.<\/strong><br \/>\n<strong>Seguridad Social<\/strong><br \/>\n<strong>Desempleo<\/strong><\/p>\n<\/div><\/div><div class=\"wpb_text_column us_custom_eb849559\"><div class=\"wpb_wrapper\"><p><strong>Adj\u00fantalos a tu correo electr\u00f3nico en tu ordenador<\/strong><br \/>\n<strong>o <\/strong><br \/>\n<strong>En su tel\u00e9fono<br \/>\nA continuaci\u00f3n, c\u00e1rguelos en nuestro Portal Verifyle<\/strong><\/p>\n<\/div><\/div><div class=\"wpb_text_column us_custom_952f4172\"><div class=\"wpb_wrapper\"><p>[print-me target=&#8221;#printmex1&#8243;]<\/p>\n<\/div><\/div><\/div><\/div><\/div><div class=\"vc_col-sm-6 wpb_column vc_column_container\"><div class=\"vc_column-inner\"><div class=\"wpb_wrapper\">[vc_custom_heading text=&#8221;Instrucciones de Easy File@Home&#8221; font_container=&#8221;tag:h3|text_align:center&#8221; use_theme_fonts=&#8221;yes&#8221; css=&#8221;%7B%22default%22%3A%7B%22color%22%3A%22blue%22%7D%7D&#8221;]<div class=\"wpb_text_column us_custom_eb849559\"><div class=\"wpb_wrapper\"><p><strong>A continuaci\u00f3n, tome fotos de sus formularios de impuestos:<\/strong><\/p>\n<\/div><\/div><div class=\"w-separator size_custom\" style=\"height:60px\"><\/div><div class=\"wpb_text_column us_custom_eb849559\"><div class=\"wpb_wrapper\"><p><strong>Cualquier otro formulario de impuestos que haya recibido<\/strong><\/p>\n<\/div><\/div><div class=\"w-separator size_custom\" style=\"height:60px\"><\/div><div class=\"wpb_text_column us_custom_eb849559\"><div class=\"wpb_wrapper\"><p><strong>Si tiene alguna pregunta<\/strong><\/p>\n<p><strong>Por favor, p\u00f3ngase en contacto con nosotros en el 330-733-1040<\/strong><\/p>\n<\/div><\/div><div class=\"w-btn-wrapper align_center\"><a class=\"w-btn us-btn-style_1\" title=\"Home\" href=\"https:\/\/apc1040.com\/\"><span class=\"w-btn-label\">Volver a la p\u00e1gina de inicio<\/span><\/a><\/div><\/div><\/div><\/div><\/div><\/div><\/div><\/div><\/div><\/div><\/section>\n","protected":false},"excerpt":{"rendered":"Instrucciones para la presentaci\u00f3n Instrucciones sencillas. Recibir\u00e1 un correo electr\u00f3nico con las Instrucciones para la presentaci\u00f3n a distancia, configurar nuestro portal seguro donotreply@verifyle.com tan pronto como revisemos su &#8220;Taxpayer Information Form&#8221;. Si tiene preguntas sobre el uso del portal, puede visitar el canal de YouTube de Verifyle. Instrucciones para la presentaci\u00f3n a distancia Por favor,...","protected":false},"author":10,"featured_media":3517,"parent":0,"menu_order":0,"comment_status":"closed","ping_status":"closed","template":"","meta":{"_lmt_disableupdate":"no","_lmt_disable":"","_monsterinsights_skip_tracking":false,"_monsterinsights_sitenote_active":false,"_monsterinsights_sitenote_note":"","_monsterinsights_sitenote_category":0,"_uf_show_specific_survey":0,"_uf_disable_surveys":false,"footnotes":""},"class_list":["post-2646","page","type-page","status-publish","has-post-thumbnail","hentry"],"yoast_head":"<!-- This site is optimized with the Yoast SEO Premium plugin v27.3 (Yoast SEO v27.5) - https:\/\/yoast.com\/product\/yoast-seo-premium-wordpress\/ -->\n<title>Instrucciones para la presentaci\u00f3n a distancia f\u00e1cilmente File<\/title>\n<meta name=\"description\" content=\"Instrucciones para la presentaci\u00f3n a distancia f\u00e1cilmente File@Home desde su casa. Preciso, fiable y seguro. Se lo ponemos f\u00e1cil.\" \/>\n<meta name=\"robots\" content=\"index, follow, max-snippet:-1, max-image-preview:large, max-video-preview:-1\" \/>\n<link rel=\"canonical\" href=\"https:\/\/apc1040.com\/es\/instrucciones-para-la-presentacion-a-distancia\/\" \/>\n<meta property=\"og:locale\" content=\"es_ES\" \/>\n<meta property=\"og:type\" content=\"article\" \/>\n<meta property=\"og:title\" content=\"Instrucciones sencillas\" \/>\n<meta property=\"og:description\" content=\"Instrucciones para la presentaci\u00f3n a distancia f\u00e1cilmente File@Home desde su casa. Preciso, fiable y seguro. Se lo ponemos f\u00e1cil.\" \/>\n<meta property=\"og:url\" content=\"https:\/\/apc1040.com\/es\/instrucciones-para-la-presentacion-a-distancia\/\" \/>\n<meta property=\"og:site_name\" content=\"Akron Income Tax Preparation\" \/>\n<meta property=\"article:publisher\" content=\"https:\/\/www.facebook.com\/APC1040\" \/>\n<meta property=\"article:modified_time\" content=\"2024-11-26T19:42:58+00:00\" \/>\n<meta property=\"og:image\" content=\"https:\/\/apc1040.com\/wp-content\/uploads\/2022\/12\/s5-scaled-1.jpeg\" \/>\n\t<meta property=\"og:image:width\" content=\"2560\" \/>\n\t<meta property=\"og:image:height\" content=\"1707\" \/>\n\t<meta property=\"og:image:type\" content=\"image\/jpeg\" \/>\n<meta name=\"twitter:card\" content=\"summary_large_image\" \/>\n<meta name=\"twitter:label1\" content=\"Est. reading time\" \/>\n\t<meta name=\"twitter:data1\" content=\"2 minutes\" \/>\n<!-- \/ Yoast SEO Premium plugin. -->","yoast_head_json":{"title":"Instrucciones para la presentaci\u00f3n a distancia f\u00e1cilmente File","description":"Instrucciones para la presentaci\u00f3n a distancia f\u00e1cilmente File@Home desde su casa. Preciso, fiable y seguro. Se lo ponemos f\u00e1cil.","robots":{"index":"index","follow":"follow","max-snippet":"max-snippet:-1","max-image-preview":"max-image-preview:large","max-video-preview":"max-video-preview:-1"},"canonical":"https:\/\/apc1040.com\/es\/instrucciones-para-la-presentacion-a-distancia\/","og_locale":"es_ES","og_type":"article","og_title":"Instrucciones sencillas","og_description":"Instrucciones para la presentaci\u00f3n a distancia f\u00e1cilmente File@Home desde su casa. Preciso, fiable y seguro. Se lo ponemos f\u00e1cil.","og_url":"https:\/\/apc1040.com\/es\/instrucciones-para-la-presentacion-a-distancia\/","og_site_name":"Akron Income Tax Preparation","article_publisher":"https:\/\/www.facebook.com\/APC1040","article_modified_time":"2024-11-26T19:42:58+00:00","og_image":[{"width":2560,"height":1707,"url":"https:\/\/apc1040.com\/wp-content\/uploads\/2022\/12\/s5-scaled-1.jpeg","type":"image\/jpeg"}],"twitter_card":"summary_large_image","twitter_misc":{"Est. reading time":"2 minutes"},"schema":{"@context":"https:\/\/schema.org","@graph":[{"@type":"WebPage","@id":"https:\/\/apc1040.com\/es\/instrucciones-para-la-presentacion-a-distancia\/","url":"https:\/\/apc1040.com\/es\/instrucciones-para-la-presentacion-a-distancia\/","name":"Instrucciones para la presentaci\u00f3n a distancia f\u00e1cilmente File","isPartOf":{"@id":"https:\/\/apc1040.com\/es\/#website"},"primaryImageOfPage":{"@id":"https:\/\/apc1040.com\/es\/instrucciones-para-la-presentacion-a-distancia\/#primaryimage"},"image":{"@id":"https:\/\/apc1040.com\/es\/instrucciones-para-la-presentacion-a-distancia\/#primaryimage"},"thumbnailUrl":"https:\/\/apc1040.com\/wp-content\/uploads\/2022\/12\/s5-scaled-1.jpeg","datePublished":"2020-10-09T17:00:05+00:00","dateModified":"2024-11-26T19:42:58+00:00","description":"Instrucciones para la presentaci\u00f3n a distancia f\u00e1cilmente File@Home desde su casa. Preciso, fiable y seguro. Se lo ponemos f\u00e1cil.","breadcrumb":{"@id":"https:\/\/apc1040.com\/es\/instrucciones-para-la-presentacion-a-distancia\/#breadcrumb"},"inLanguage":"es","potentialAction":[{"@type":"ReadAction","target":["https:\/\/apc1040.com\/es\/instrucciones-para-la-presentacion-a-distancia\/"]}]},{"@type":"ImageObject","inLanguage":"es","@id":"https:\/\/apc1040.com\/es\/instrucciones-para-la-presentacion-a-distancia\/#primaryimage","url":"https:\/\/apc1040.com\/wp-content\/uploads\/2022\/12\/s5-scaled-1.jpeg","contentUrl":"https:\/\/apc1040.com\/wp-content\/uploads\/2022\/12\/s5-scaled-1.jpeg","width":2560,"height":1707,"caption":"Submit on line"},{"@type":"BreadcrumbList","@id":"https:\/\/apc1040.com\/es\/instrucciones-para-la-presentacion-a-distancia\/#breadcrumb","itemListElement":[{"@type":"ListItem","position":1,"name":"Home","item":"https:\/\/apc1040.com\/es\/"},{"@type":"ListItem","position":2,"name":"Instrucciones sencillas"}]},{"@type":"WebSite","@id":"https:\/\/apc1040.com\/es\/#website","url":"https:\/\/apc1040.com\/es\/","name":"Akron Income Tax Preparation","description":"Income Tax Preparation Service","publisher":{"@id":"https:\/\/apc1040.com\/es\/#organization"},"potentialAction":[{"@type":"SearchAction","target":{"@type":"EntryPoint","urlTemplate":"https:\/\/apc1040.com\/es\/?s={search_term_string}"},"query-input":{"@type":"PropertyValueSpecification","valueRequired":true,"valueName":"search_term_string"}}],"inLanguage":"es"},{"@type":"Organization","@id":"https:\/\/apc1040.com\/es\/#organization","name":"Akron Income Tax Co","url":"https:\/\/apc1040.com\/es\/","logo":{"@type":"ImageObject","inLanguage":"es","@id":"https:\/\/apc1040.com\/es\/#\/schema\/logo\/image\/","url":"https:\/\/apc1040.com\/wp-content\/uploads\/2024\/11\/income-tax-service-akron.jpg","contentUrl":"https:\/\/apc1040.com\/wp-content\/uploads\/2024\/11\/income-tax-service-akron.jpg","width":800,"height":745,"caption":"Akron Income Tax Co"},"image":{"@id":"https:\/\/apc1040.com\/es\/#\/schema\/logo\/image\/"},"sameAs":["https:\/\/www.facebook.com\/APC1040"]}]}},"amp_enabled":true,"_links":{"self":[{"href":"https:\/\/apc1040.com\/es\/wp-json\/wp\/v2\/pages\/2646","targetHints":{"allow":["GET"]}}],"collection":[{"href":"https:\/\/apc1040.com\/es\/wp-json\/wp\/v2\/pages"}],"about":[{"href":"https:\/\/apc1040.com\/es\/wp-json\/wp\/v2\/types\/page"}],"author":[{"embeddable":true,"href":"https:\/\/apc1040.com\/es\/wp-json\/wp\/v2\/users\/10"}],"replies":[{"embeddable":true,"href":"https:\/\/apc1040.com\/es\/wp-json\/wp\/v2\/comments?post=2646"}],"version-history":[{"count":1,"href":"https:\/\/apc1040.com\/es\/wp-json\/wp\/v2\/pages\/2646\/revisions"}],"predecessor-version":[{"id":9740,"href":"https:\/\/apc1040.com\/es\/wp-json\/wp\/v2\/pages\/2646\/revisions\/9740"}],"wp:featuredmedia":[{"embeddable":true,"href":"https:\/\/apc1040.com\/es\/wp-json\/wp\/v2\/media\/3517"}],"wp:attachment":[{"href":"https:\/\/apc1040.com\/es\/wp-json\/wp\/v2\/media?parent=2646"}],"curies":[{"name":"wp","href":"https:\/\/api.w.org\/{rel}","templated":true}]}}