{"id":2645,"date":"2020-09-06T03:38:03","date_gmt":"2020-09-06T07:38:03","guid":{"rendered":"https:\/\/apc1040.com\/encontrar-facilmente-varias-paginas-web\/carteles-de-empresa-y-formularios-de-impuestos-para-los-empleados-requeridos\/carteles-de-empresa-en-el-lugar-de-trabajo\/"},"modified":"2024-08-10T16:26:37","modified_gmt":"2024-08-10T20:26:37","slug":"carteles-de-empresa-en-el-lugar-de-trabajo","status":"publish","type":"page","link":"https:\/\/apc1040.com\/es\/impuestos-facil\/carteles-de-empresa\/carteles-de-empresa-en-el-lugar-de-trabajo\/","title":{"rendered":"Promover la seguridad en el lugar de trabajo"},"content":{"rendered":"<section class=\"l-section wpb_row height_small\"><div class=\"l-section-h i-cf\"><div class=\"g-cols vc_row via_flex valign_top type_default stacking_default\"><div class=\"vc_col-sm-12 wpb_column vc_column_container\"><div class=\"vc_column-inner\"><div class=\"wpb_wrapper\"><div class=\"wpb_text_column\"><div class=\"wpb_wrapper\"><h2 data-pm-slice=\"1 1 &#091;&#093;\">Carteles comerciales requeridos<\/h2>\n<p>Los carteles empresariales en el lugar de trabajo son un componente necesario de cualquier lugar de trabajo. Proporcionan a los empleados informaci\u00f3n importante sobre las pol\u00edticas, los procedimientos y las expectativas de la empresa. Los carteles tambi\u00e9n sirven para recordar a los empleados sus responsabilidades y las consecuencias de no cumplirlas.<\/p>\n<p>Aqu\u00ed tiene todo lo que necesita saber sobre los carteles de empresa en el lugar de trabajo en una oficina de Hacienda.<\/p>\n<p><img decoding=\"async\" src=\"https:\/\/media.istockphoto.com\/photos\/man-exploring-printed-paper-in-typography-picture-id1044866850?b=1&amp;k=20&amp;m=1044866850&amp;s=170667a&amp;w=0&amp;h=trsMtg8bUwB1F5JBxFts0CiTHsy0rR4JZf-BRuXTAK0=\" alt=\"carteles de empresa en el lugar de trabajo\" \/><\/p>\n<h2>Se requieren carteles en el lugar de trabajo<\/h2>\n<p>Los carteles de empresa en el lugar de trabajo est\u00e1n dise\u00f1ados para comunicar <a href=\"https:\/\/apc1040.com\/es\/impuestos-facil\/otra-informacion-importante\/\">informaci\u00f3n importante<\/a> a los empleados de forma f\u00e1cilmente accesible y visible. El contenido de los carteles empresariales en el lugar de trabajo var\u00eda, pero suelen incluir informaci\u00f3n sobre las pol\u00edticas, los procedimientos y las expectativas de la empresa. Tambi\u00e9n pueden recordar a los empleados sus responsabilidades o las consecuencias de no seguir la pol\u00edtica de la empresa.<\/p>\n<p>Desempe\u00f1an un papel importante a la hora de comunicar a los empleados la pol\u00edtica y las expectativas de la empresa. Comunicar claramente estas cosas a los empleados marca la pauta para un entorno de trabajo productivo y profesional.<\/p>\n<p>Adem\u00e1s, pueden ayudar a reducir las posibilidades de malentendidos o desacuerdos entre los empleados y la direcci\u00f3n. Es especialmente importante para las empresas con muchos empleados o con altos \u00edndices de rotaci\u00f3n. Recordar a los empleados sus responsabilidades ayuda a garantizar que todo el mundo est\u00e1 en la misma p\u00e1gina y que todos siguen las normas.<\/p>\n<p><img decoding=\"async\" src=\"https:\/\/media.istockphoto.com\/photos\/sign-caution-in-factory-warning-to-industry-labor-worker-to-prevent-picture-id1281944178?b=1&amp;k=20&amp;m=1281944178&amp;s=170667a&amp;w=0&amp;h=dqktIXY0IzeGk6x9slbwS6Cp89PSEH-OHXBwrKonotI=\" alt=\"normas aplicadas\" \/><\/p>\n<h2>\u00bfQu\u00e9 son los carteles empresariales obligatorios en el lugar de trabajo para todas las empresas?<\/h2>\n<p><span data-color=\"rgba(255,255,255,var(--tw-bg-opacity))\">A continuaci\u00f3n se presentan algunos ejemplos de carteles de empresa en el lugar de trabajo que los empresarios deber\u00edan exhibir en una <a href=\"https:\/\/apc1040.com\/es\/oficina-de-impuestos-mas-cercana-a-mi\/\">oficina de impuestos<\/a>. Adem\u00e1s, dependiendo del tama\u00f1o y la naturaleza de su negocio, puede haber otros carteles que necesite mostrar.<\/span><\/p>\n<h3>1. Asesor de carteles de FirstStep<\/h3>\n<p>El cumplimiento de la ley es importante para cualquier empresa, y el Departamento de Trabajo (DOL) ofrece carteles gratuitos para ayudar a los empresarios a cumplir sus obligaciones. El <a href=\"https:\/\/webapps.dol.gov\/elaws\/posters.htm\" target=\"_blank\" rel=\"noopener noreferrer\">asesor de carteles de FirstStep<\/a>es una herramienta que puede ayudar a elegir qu\u00e9 carteles obligatorios del Departamento de Trabajo deben exhibirse, en funci\u00f3n de las leyes que se aplican al lugar de trabajo. Al asegurar y exponer de forma destacada estos carteles, los empresarios pueden ayudar a los empleados a mantenerse informados de sus derechos y responsabilidades seg\u00fan la ley.<\/p>\n<p>Ayuda a las empresas haci\u00e9ndoles saber lo que tienen que hacer con respecto a los carteles. Se trata de una serie de preguntas y, en funci\u00f3n de las respuestas, proporciona una lista de los carteles necesarios para esa empresa en concreto. Los requisitos estatales pueden diferir de los federales, por lo que las empresas deben consultar con su Departamento de Trabajo local para obtener m\u00e1s informaci\u00f3n.<\/p>\n<p>Este asesor ayuda a las empresas a determinar qu\u00e9 carteles del lugar de trabajo del Departamento de Trabajo deben exhibir. Las empresas deben exponer estos carteles en un lugar donde los empleados y los solicitantes de empleo los vean f\u00e1cilmente. El incumplimiento de estos avisos puede dar lugar a multas u otras sanciones.<\/p>\n<p>El asesor de carteles de FirstStep no aborda todos los requisitos de los carteles que pueden aplicarse a su lugar de trabajo. Por ejemplo, algunos lugares de trabajo pueden estar sujetos a requisitos de publicaci\u00f3n impuestos por otros organismos federales (por ejemplo, la ley de seguridad y salud en el trabajo de la OSHA, la EPA) o por los gobiernos estatales y locales.<\/p>\n<p><img decoding=\"async\" src=\"https:\/\/media.istockphoto.com\/photos\/sign-caution-in-factory-warning-to-industry-labor-worker-to-prevent-picture-id1276671311?b=1&amp;k=20&amp;m=1276671311&amp;s=170667a&amp;w=0&amp;h=kQOKN4F3QOmZtUY7M44qK5BPVo5ChXZ60FmhQxsSt7s=\" alt=\"escuelas primarias y secundarias\" \/><\/p>\n<h3>2. Salario m\u00ednimo federal<\/h3>\n<p>Las leyes sobre salarios y horarios en Estados Unidos est\u00e1n dise\u00f1adas para proteger a los trabajadores de ser explotados por sus empleadores. Estas leyes establecen normas sobre <a href=\"https:\/\/www.dol.gov\/sites\/dolgov\/files\/WHD\/legacy\/files\/minwagebwp.pdf\" target=\"_blank\" rel=\"noopener noreferrer\">el salario m\u00ednimo federal<\/a>, el pago de horas extras y el trabajo infantil.<\/p>\n<p>La Ley de Normas Laborales Justas (FLSA) es la principal ley federal que cubre los temas de salarios y horas. La FLSA fija el salario m\u00ednimo nacional, que actualmente es de 7,25 d\u00f3lares por hora, y establece normas para el pago de horas extraordinarias. La FLSA tambi\u00e9n proh\u00edbe ciertos tipos de empleo para menores de 18 a\u00f1os, como el trabajo en ocupaciones peligrosas.<\/p>\n<p>Sin embargo, los estados son libres de promulgar sus propias leyes sobre salarios y horas que ofrezcan mayor protecci\u00f3n a los trabajadores que la FLSA. Muchos estados han promulgado leyes sobre el salario m\u00ednimo que son m\u00e1s altas que el salario m\u00ednimo federal. Adem\u00e1s, algunos estados tienen leyes que prev\u00e9n el pago de horas extraordinarias a un umbral inferior al de la FLSA.<\/p>\n<p>El requisito de edad para trabajar en Estados Unidos suele ser de 16 a\u00f1os, pero existen algunas excepciones. Por ejemplo, los j\u00f3venes de 14 y 15 a\u00f1os pueden trabajar fuera del horario escolar en trabajos no industriales que no se consideran peligrosos. Por lo general, se aplican normas diferentes al empleo agr\u00edcola. Hay que tener al menos 18 a\u00f1os para trabajar en la mayor\u00eda de los empleos no agr\u00edcolas declarados peligrosos por la Secretar\u00eda de Trabajo.<\/p>\n<p>El Departamento de Trabajo (WHD) es responsable de hacer cumplir la FLSA. La WHD tambi\u00e9n est\u00e1 facultada para investigar posibles infracciones de las leyes estatales sobre salarios y horarios.<\/p>\n<p>Si cree que su empresa ha infringido la ley, puede presentar una denuncia ante la WHD. Tambi\u00e9n puede ponerse en contacto con un abogado para discutir sus opciones legales.<\/p>\n<h3>3. Salario m\u00ednimo de OHIO<\/h3>\n<p>El <a href=\"https:\/\/apc1040.com\/wp-content\/uploads\/2022\/02\/2022-MW-Poster.pdf\" target=\"_blank\" rel=\"noopener noreferrer\">Salario M\u00ednimo de Ohio<\/a> es el salario por hora m\u00e1s bajo que un empleado que trabaja en Ohio requiere por su trabajo y los empleadores deben pagarlo. El salario m\u00ednimo es de 9,30 d\u00f3lares por hora. Para los empleados con propinas, el salario m\u00ednimo es de 4,65 d\u00f3lares por hora. Los empleados con propinas reciben regularmente m\u00e1s de 30 d\u00f3lares al mes en propinas.<\/p>\n<p>En el caso de las horas extraordinarias, los empresarios del sector privado deben pagar al empleado una vez y media su salario habitual por las horas trabajadas por encima de 40 en una semana laboral. El salario m\u00ednimo de Ohio se aplica a todos los trabajadores del estado, independientemente de si son trabajadores a tiempo completo, a tiempo parcial o de temporada.<\/p>\n<p>El salario m\u00ednimo de Ohio se revisa y actualiza cada a\u00f1o seg\u00fan el Departamento de Comercio de Ohio. El departamento tiene en cuenta el coste de la vida y el \u00edndice de precios al consumo a la hora de hacer sus recomendaciones. A continuaci\u00f3n, el poder legislativo del Estado tiene la \u00faltima palabra sobre la subida o no del salario m\u00ednimo.<\/p>\n<p>Algunas personas exentas del salario m\u00ednimo son las que no se consideran empleados seg\u00fan la Ley Federal de Normas Laborales Justas. Esto incluye a los contratistas independientes, a ciertos trabajadores agr\u00edcolas de temporada y a algunos estudiantes.<\/p>\n<h3>4. Igualdad de oportunidades en el empleo<\/h3>\n<p>Se proh\u00edbe la discriminaci\u00f3n por motivos de raza, color, religi\u00f3n, sexo (incluidos el embarazo, la identidad de g\u00e9nero y la orientaci\u00f3n sexual) o la situaci\u00f3n de los padres. Lo mismo ocurre con el origen nacional, la edad (40 a\u00f1os o m\u00e1s), la discapacidad (f\u00edsica y mental), la informaci\u00f3n gen\u00e9tica (incluidos los antecedentes m\u00e9dicos familiares), la condici\u00f3n de veterano o cualquier otra caracter\u00edstica protegida por la legislaci\u00f3n aplicable.<\/p>\n<p><span data-color=\"rgba(255,255,255,var(--tw-bg-opacity))\">El sitio web <\/span><a href=\"https:\/\/www.dol.gov\/sites\/dolgov\/files\/ofccp\/regs\/compliance\/posters\/pdf\/eeopost.pdf\" target=\"_blank\" rel=\"noopener noreferrer\"><br \/>\n<span data-color=\"rgba(255,255,255,var(--tw-bg-opacity))\">ley federal EEOC<\/span><br \/>\n<\/a><span data-color=\"rgba(255,255,255,var(--tw-bg-opacity))\"> proh\u00edbe la discriminaci\u00f3n de personas cualificadas con discapacidad en el lugar de trabajo. <\/span>Adem\u00e1s, no debe tolerar ning\u00fan tipo de acoso en el lugar de trabajo. Esto incluye el acoso racial, el acoso sexual, el acoso religioso y cualquier otro tipo de conducta de acoso.<\/p>\n<p>La seguridad es una prioridad absoluta en el lugar de trabajo. Adem\u00e1s, todos los empleados deben seguir las normas de seguridad. Si ve un peligro potencial para la seguridad, inf\u00f3rmelo a su supervisor o a Recursos Humanos.<\/p>\n<p>No est\u00e1 permitido discriminar a un individuo por su asociaci\u00f3n con otra persona. Esto incluye la discriminaci\u00f3n contra un individuo por estar casado o asociado con alguien de una categor\u00eda protegida (como un c\u00f3nyuge de una raza diferente).<\/p>\n<p>Tambi\u00e9n es ilegal tomar represalias contra una persona por oponerse a la discriminaci\u00f3n o por participar en un proceso de reclamaci\u00f3n de igualdad de oportunidades.<\/p>\n<p>Se aplican las leyes federales que proh\u00edben la discriminaci\u00f3n en el lugar de trabajo. Algunos estados tambi\u00e9n tienen sus propias leyes que proh\u00edben la discriminaci\u00f3n en el lugar de trabajo.<\/p>\n<p>Si cree que ha sido v\u00edctima de discriminaci\u00f3n en el lugar de trabajo, debe ponerse en contacto con la EEOC o con el organismo de aplicaci\u00f3n de la igualdad de oportunidades de su estado para presentar una denuncia. Adem\u00e1s, tambi\u00e9n puede consultar con un abogado para discutir sus opciones legales.<\/p>\n<p><img decoding=\"async\" src=\"https:\/\/media.istockphoto.com\/photos\/poster-about-covid19-illness-prevention-and-safety-at-modern-office-picture-id1250025608?b=1&amp;k=20&amp;m=1250025608&amp;s=170667a&amp;w=0&amp;h=o54zUnep1oY5DP73jaC9mjaZoX_lw6RDtNGSoXoQWrI=\" alt=\"peque\u00f1as empresas\" \/><\/p>\n<h3>5. Derechos de los trabajadores NLRA<\/h3>\n<p>La <a href=\"https:\/\/apc1040.com\/wp-content\/uploads\/2020\/09\/employeerightsposter.pdf\" target=\"_blank\" rel=\"noopener noreferrer\">Ley Nacional de Relaciones Laborales<\/a> establece los derechos en el lugar de trabajo, y todo empleado tiene derecho a:<\/p>\n<ul>\n<li>Afiliarse o apoyar a un sindicato, o decidir no hacerlo<\/li>\n<li>Participar en la negociaci\u00f3n colectiva con su empleador<\/li>\n<li>Participa en actividades para mejorar sus condiciones de trabajo<\/li>\n<li>Negarse a trabajar en condiciones inseguras o injustas<\/li>\n<li>Presentar quejas sobre sus condiciones de trabajo<\/li>\n<li>Solicitar el pago de horas extras o vacaciones<\/li>\n<li>Trabajar juntos para mejorar su lugar de trabajo<\/li>\n<\/ul>\n<p>Es ilegal que los empresarios:<\/p>\n<ul>\n<li>Interferir, restringir o coaccionar a los empleados en el ejercicio de sus derechos<\/li>\n<li>Dominar o interferir en la formaci\u00f3n de una organizaci\u00f3n laboral<\/li>\n<li>Discriminar a los empleados que participan en actividades protegidas<\/li>\n<li>Tomar represalias contra los empleados que ejercen sus derechos<\/li>\n<li>Negarse a negociar de buena fe con un sindicato que represente a sus empleados<\/li>\n<\/ul>\n<p>La NLRA se aplica a todos los empleadores que se dedican al comercio interestatal, independientemente de su tama\u00f1o. La NLRA no cubre a los empleados de las administraciones estatales y locales.<\/p>\n<p>Por lo tanto, junto con estos, algunos otros importantes incluyen la ley de licencia m\u00e9dica, la ley de protecci\u00f3n del pol\u00edgrafo de los empleados, la seguridad y la salud en el trabajo, la licencia familiar y m\u00e9dica, el empleo de los servicios uniformados, la ley de salud, y m\u00e1s.<\/p>\n<h2>Conclusi\u00f3n<\/h2>\n<p>Los <a href=\"https:\/\/apc1040.com\/es\/impuestos-facil\/carteles-de-empresa\/\">carteles para empresas<\/a> en el lugar de trabajo son una forma vers\u00e1til y asequible de comunicarse con empleados, clientes y consumidores. Al exponer estos carteles en su oficina o lugar de trabajo, puede contribuir a crear un entorno positivo y productivo.<\/p>\n<p>Los carteles necesarios para el lugar de trabajo pueden utilizarse para motivar a los empleados, promover la seguridad, fomentar la fidelidad de los clientes, etc. Los carteles empresariales de calidad para el lugar de trabajo son una excelente manera de invertir en su negocio.<\/p>\n<p>Adem\u00e1s, no olvide que siempre puede personalizar estos carteles para adaptarlos a sus necesidades espec\u00edficas. As\u00ed pues, si quiere causar un gran impacto en su lugar de trabajo, considere la posibilidad de utilizar carteles empresariales.<\/p>\n<p>Esperamos que esta gu\u00eda le haya ayudado a comprender los diferentes tipos de carteles empresariales para el lugar de trabajo y c\u00f3mo pueden utilizarse en beneficio de su empresa. Si tiene m\u00e1s preguntas, no dude en ponerse en contacto con nosotros. Siempre estamos dispuestos a ayudar.<\/p>\n<p>Los empresarios est\u00e1n obligados a exponer en su empresa varios carteles de empresa en el lugar de trabajo. Las empresas no necesitan sustituir las versiones anteriores del cartel si no se han producido cambios. Los empresarios deben exponer el cartel disponible en un lugar visible donde los empleados puedan ver los carteles. La <a href=\"https:\/\/apc1040.com\/es\/declaraciones-de-impuestos-sobre-la-renta-akron\/\">presentaci\u00f3n de impuestos<\/a> puede ser importante para Hacienda, pero tener estos carteles en su oficina es obligatorio.<\/p>\n<div class=\"top-side\">\n<h2><a href=\"https:\/\/webapps.dol.gov\/elaws\/posters.htm\" target=\"_blank\" rel=\"noopener noreferrer\">Cartel de empresa en el lugar de trabajo <\/a><\/h2>\n<h2><a href=\"https:\/\/www.dol.gov\/sites\/dolgov\/files\/WHD\/legacy\/files\/minwagebwp.pdf\" target=\"_blank\" rel=\"noopener noreferrer\">Salario m\u00ednimo federal<\/a><\/h2>\n<h2><a href=\"https:\/\/apc1040.com\/wp-content\/uploads\/2022\/02\/2022-MW-Poster.pdf\" target=\"_blank\" rel=\"noopener\">Salario m\u00ednimo de OHIO<\/a><\/h2>\n<h2><a href=\"https:\/\/www.dol.gov\/sites\/dolgov\/files\/ofccp\/regs\/compliance\/posters\/pdf\/eeopost.pdf\" target=\"_blank\" rel=\"noopener noreferrer\">Igualdad de oportunidades<\/a><\/h2>\n<h2><a href=\"https:\/\/apc1040.com\/wp-content\/uploads\/2020\/09\/employeerightsposter.pdf\" target=\"_blank\" rel=\"noopener noreferrer\">Derechos de los trabajadores NLRA<\/a><\/h2>\n<\/div>\n<\/div><\/div><\/div><\/div><\/div><\/div><\/div><\/section>\n","protected":false},"excerpt":{"rendered":"Carteles comerciales requeridos Los carteles empresariales en el lugar de trabajo son un componente necesario de cualquier lugar de trabajo. Proporcionan a los empleados informaci\u00f3n importante sobre las pol\u00edticas, los procedimientos y las expectativas de la empresa. Los carteles tambi\u00e9n sirven para recordar a los empleados sus responsabilidades y las consecuencias de no cumplirlas. Aqu\u00ed...","protected":false},"author":10,"featured_media":4664,"parent":2611,"menu_order":0,"comment_status":"closed","ping_status":"closed","template":"","meta":{"_lmt_disableupdate":"no","_lmt_disable":"","_monsterinsights_skip_tracking":false,"_monsterinsights_sitenote_active":false,"_monsterinsights_sitenote_note":"","_monsterinsights_sitenote_category":0,"_uf_show_specific_survey":0,"_uf_disable_surveys":false,"footnotes":""},"class_list":["post-2645","page","type-page","status-publish","has-post-thumbnail","hentry"],"yoast_head":"<!-- This site is optimized with the Yoast SEO Premium plugin v27.3 (Yoast SEO v27.4) - https:\/\/yoast.com\/product\/yoast-seo-premium-wordpress\/ -->\n<title>Letreros de la empresa para la seguridad el lugar de trabajo<\/title>\n<meta name=\"description\" content=\"Carteles de la empresa en el lugar de trabajo que deben estar disponibles. La ley requiere que los empleados puedan verlos.\" \/>\n<meta name=\"robots\" content=\"index, follow, max-snippet:-1, max-image-preview:large, max-video-preview:-1\" \/>\n<link rel=\"canonical\" href=\"https:\/\/apc1040.com\/es\/impuestos-facil\/carteles-de-empresa\/carteles-de-empresa-en-el-lugar-de-trabajo\/\" \/>\n<meta property=\"og:locale\" content=\"es_ES\" \/>\n<meta property=\"og:type\" content=\"article\" \/>\n<meta property=\"og:title\" content=\"Promover la seguridad en el lugar de trabajo\" \/>\n<meta property=\"og:description\" content=\"Carteles de la empresa en el lugar de trabajo que deben estar disponibles. La ley requiere que los empleados puedan verlos.\" \/>\n<meta property=\"og:url\" content=\"https:\/\/apc1040.com\/es\/impuestos-facil\/carteles-de-empresa\/carteles-de-empresa-en-el-lugar-de-trabajo\/\" \/>\n<meta property=\"og:site_name\" content=\"Akron Income Tax Preparation\" \/>\n<meta property=\"article:publisher\" content=\"https:\/\/www.facebook.com\/APC1040\" \/>\n<meta property=\"article:modified_time\" content=\"2024-08-10T20:26:37+00:00\" \/>\n<meta property=\"og:image\" content=\"https:\/\/apc1040.com\/wp-content\/uploads\/2023\/10\/Office-Pic-no-prices-scaled.jpg\" \/>\n\t<meta property=\"og:image:width\" content=\"2560\" \/>\n\t<meta property=\"og:image:height\" content=\"2385\" \/>\n\t<meta property=\"og:image:type\" content=\"image\/jpeg\" \/>\n<meta name=\"twitter:card\" content=\"summary_large_image\" \/>\n<meta name=\"twitter:label1\" content=\"Est. reading time\" \/>\n\t<meta name=\"twitter:data1\" content=\"10 minutes\" \/>\n<!-- \/ Yoast SEO Premium plugin. -->","yoast_head_json":{"title":"Letreros de la empresa para la seguridad el lugar de trabajo","description":"Carteles de la empresa en el lugar de trabajo que deben estar disponibles. La ley requiere que los empleados puedan verlos.","robots":{"index":"index","follow":"follow","max-snippet":"max-snippet:-1","max-image-preview":"max-image-preview:large","max-video-preview":"max-video-preview:-1"},"canonical":"https:\/\/apc1040.com\/es\/impuestos-facil\/carteles-de-empresa\/carteles-de-empresa-en-el-lugar-de-trabajo\/","og_locale":"es_ES","og_type":"article","og_title":"Promover la seguridad en el lugar de trabajo","og_description":"Carteles de la empresa en el lugar de trabajo que deben estar disponibles. La ley requiere que los empleados puedan verlos.","og_url":"https:\/\/apc1040.com\/es\/impuestos-facil\/carteles-de-empresa\/carteles-de-empresa-en-el-lugar-de-trabajo\/","og_site_name":"Akron Income Tax Preparation","article_publisher":"https:\/\/www.facebook.com\/APC1040","article_modified_time":"2024-08-10T20:26:37+00:00","og_image":[{"width":2560,"height":2385,"url":"https:\/\/apc1040.com\/wp-content\/uploads\/2023\/10\/Office-Pic-no-prices-scaled.jpg","type":"image\/jpeg"}],"twitter_card":"summary_large_image","twitter_misc":{"Est. reading time":"10 minutes"},"schema":{"@context":"https:\/\/schema.org","@graph":[{"@type":"WebPage","@id":"https:\/\/apc1040.com\/es\/impuestos-facil\/carteles-de-empresa\/carteles-de-empresa-en-el-lugar-de-trabajo\/","url":"https:\/\/apc1040.com\/es\/impuestos-facil\/carteles-de-empresa\/carteles-de-empresa-en-el-lugar-de-trabajo\/","name":"Letreros de la empresa para la seguridad el lugar de trabajo","isPartOf":{"@id":"https:\/\/apc1040.com\/es\/#website"},"primaryImageOfPage":{"@id":"https:\/\/apc1040.com\/es\/impuestos-facil\/carteles-de-empresa\/carteles-de-empresa-en-el-lugar-de-trabajo\/#primaryimage"},"image":{"@id":"https:\/\/apc1040.com\/es\/impuestos-facil\/carteles-de-empresa\/carteles-de-empresa-en-el-lugar-de-trabajo\/#primaryimage"},"thumbnailUrl":"https:\/\/apc1040.com\/wp-content\/uploads\/2023\/10\/Office-Pic-no-prices-scaled.jpg","datePublished":"2020-09-06T07:38:03+00:00","dateModified":"2024-08-10T20:26:37+00:00","description":"Carteles de la empresa en el lugar de trabajo que deben estar disponibles. La ley requiere que los empleados puedan verlos.","breadcrumb":{"@id":"https:\/\/apc1040.com\/es\/impuestos-facil\/carteles-de-empresa\/carteles-de-empresa-en-el-lugar-de-trabajo\/#breadcrumb"},"inLanguage":"es","potentialAction":[{"@type":"ReadAction","target":["https:\/\/apc1040.com\/es\/impuestos-facil\/carteles-de-empresa\/carteles-de-empresa-en-el-lugar-de-trabajo\/"]}]},{"@type":"ImageObject","inLanguage":"es","@id":"https:\/\/apc1040.com\/es\/impuestos-facil\/carteles-de-empresa\/carteles-de-empresa-en-el-lugar-de-trabajo\/#primaryimage","url":"https:\/\/apc1040.com\/wp-content\/uploads\/2023\/10\/Office-Pic-no-prices-scaled.jpg","contentUrl":"https:\/\/apc1040.com\/wp-content\/uploads\/2023\/10\/Office-Pic-no-prices-scaled.jpg","width":2560,"height":2385,"caption":"Ellet Tax Office"},{"@type":"BreadcrumbList","@id":"https:\/\/apc1040.com\/es\/impuestos-facil\/carteles-de-empresa\/carteles-de-empresa-en-el-lugar-de-trabajo\/#breadcrumb","itemListElement":[{"@type":"ListItem","position":1,"name":"Home","item":"https:\/\/apc1040.com\/es\/"},{"@type":"ListItem","position":2,"name":"Encontrar f\u00e1cilmente varias p\u00e1ginas web","item":"https:\/\/apc1040.com\/es\/impuestos-facil\/"},{"@type":"ListItem","position":3,"name":"Carteles de empresa y formularios de impuestos para los empleados requeridos","item":"https:\/\/apc1040.com\/es\/impuestos-facil\/carteles-de-empresa\/"},{"@type":"ListItem","position":4,"name":"Promover la seguridad en el lugar de trabajo"}]},{"@type":"WebSite","@id":"https:\/\/apc1040.com\/es\/#website","url":"https:\/\/apc1040.com\/es\/","name":"Akron Income Tax Preparation","description":"Income Tax Preparation Service","publisher":{"@id":"https:\/\/apc1040.com\/es\/#organization"},"potentialAction":[{"@type":"SearchAction","target":{"@type":"EntryPoint","urlTemplate":"https:\/\/apc1040.com\/es\/?s={search_term_string}"},"query-input":{"@type":"PropertyValueSpecification","valueRequired":true,"valueName":"search_term_string"}}],"inLanguage":"es"},{"@type":"Organization","@id":"https:\/\/apc1040.com\/es\/#organization","name":"Akron Income Tax Co","url":"https:\/\/apc1040.com\/es\/","logo":{"@type":"ImageObject","inLanguage":"es","@id":"https:\/\/apc1040.com\/es\/#\/schema\/logo\/image\/","url":"https:\/\/apc1040.com\/wp-content\/uploads\/2024\/11\/income-tax-service-akron.jpg","contentUrl":"https:\/\/apc1040.com\/wp-content\/uploads\/2024\/11\/income-tax-service-akron.jpg","width":800,"height":745,"caption":"Akron Income Tax Co"},"image":{"@id":"https:\/\/apc1040.com\/es\/#\/schema\/logo\/image\/"},"sameAs":["https:\/\/www.facebook.com\/APC1040"]}]}},"amp_enabled":true,"_links":{"self":[{"href":"https:\/\/apc1040.com\/es\/wp-json\/wp\/v2\/pages\/2645","targetHints":{"allow":["GET"]}}],"collection":[{"href":"https:\/\/apc1040.com\/es\/wp-json\/wp\/v2\/pages"}],"about":[{"href":"https:\/\/apc1040.com\/es\/wp-json\/wp\/v2\/types\/page"}],"author":[{"embeddable":true,"href":"https:\/\/apc1040.com\/es\/wp-json\/wp\/v2\/users\/10"}],"replies":[{"embeddable":true,"href":"https:\/\/apc1040.com\/es\/wp-json\/wp\/v2\/comments?post=2645"}],"version-history":[{"count":0,"href":"https:\/\/apc1040.com\/es\/wp-json\/wp\/v2\/pages\/2645\/revisions"}],"up":[{"embeddable":true,"href":"https:\/\/apc1040.com\/es\/wp-json\/wp\/v2\/pages\/2611"}],"wp:featuredmedia":[{"embeddable":true,"href":"https:\/\/apc1040.com\/es\/wp-json\/wp\/v2\/media\/4664"}],"wp:attachment":[{"href":"https:\/\/apc1040.com\/es\/wp-json\/wp\/v2\/media?parent=2645"}],"curies":[{"name":"wp","href":"https:\/\/api.w.org\/{rel}","templated":true}]}}