{"id":2630,"date":"2020-09-06T03:40:57","date_gmt":"2020-09-06T07:40:57","guid":{"rendered":"https:\/\/apc1040.com\/encontrar-facilmente-varias-paginas-web\/como-constituir-su-empresa-de-forma-economica\/"},"modified":"2024-05-10T15:27:11","modified_gmt":"2024-05-10T19:27:11","slug":"como-constituir-su-empresa-de-forma-economica","status":"publish","type":"page","link":"https:\/\/apc1040.com\/es\/impuestos-facil\/como-constituir-su-empresa-de-forma-economica\/","title":{"rendered":"Consejos para la instalaci\u00f3n econ\u00f3mica de negocios y se\u00f1alizaci\u00f3n para promover la seguridad en el lugar de trabajo"},"content":{"rendered":"<section class=\"l-section wpb_row height_small\"><div class=\"l-section-h i-cf\"><div class=\"g-cols vc_row via_flex valign_top type_default stacking_default\"><div class=\"vc_col-sm-12 wpb_column vc_column_container\"><div class=\"vc_column-inner\"><div class=\"wpb_wrapper\"><div class=\"wpb_text_column\"><div class=\"wpb_wrapper\"><h2><img decoding=\"async\" class=\"aligncenter size-medium wp-image-1166\" src=\"https:\/\/apc1040.com\/wp-content\/uploads\/2021\/12\/gavel-g7b033a7f7_640-300x165.jpg\" alt=\"Presentation of the company\" width=\"300\" height=\"165\" srcset=\"https:\/\/apc1040.com\/wp-content\/uploads\/2021\/12\/gavel-g7b033a7f7_640-300x165.jpg 300w, https:\/\/apc1040.com\/wp-content\/uploads\/2021\/12\/gavel-g7b033a7f7_640.jpg 640w\" sizes=\"(max-width: 300px) 100vw, 300px\" \/><\/h2>\n<h2>Constituir su empresa de forma barata<\/h2>\n<\/div><\/div><div class=\"wpb_text_column\"><div class=\"wpb_wrapper\"><p>Constituir su empresa de forma barata es algo que muchos propietarios de empresas piensan en hacer ellos mismos. La raz\u00f3n por la que quieren constituir una sociedad en el Barato es que entienden que existe un riesgo financiero al poseer un negocio. Cualquiera puede presentar una demanda hoy en d\u00eda, y s\u00f3lo se puede pagar un determinado seguro. Aunque nos encanta hacer <a href=\"https:\/\/apc1040.com\/es\/impuestos-facil\/informacion-general-enlaces-fiscales\/seguimiento-de-la-devolucion-de-impuestos\/\">impuestos y otros tipos de devoluciones<\/a>, ayudar a nuestros clientes a mantenerse en el negocio tambi\u00e9n es importante. Por eso hemos escrito este art\u00edculo.<\/p>\n<p>Hay bastantes empresas que le ayudar\u00e1n en el proceso de constituci\u00f3n de su empresa, algunas por tan s\u00f3lo 49 d\u00f3lares.<\/p>\n<p>En primer lugar, vamos a hablar de por qu\u00e9 la presentaci\u00f3n <a href=\"https:\/\/apc1040.com\/es\/contactar-con-akron-income-tax-co\/cita-para-una-consulta-fiscal-gratuita\/\">para incorporar su negocio en el barato es una<\/a> idea. La mayor\u00eda de las personas incorporan para reducir la posible responsabilidad legal futura. Los propietarios quieren protegerse a s\u00ed mismos, a su familia y a su patrimonio personal de acontecimientos catastr\u00f3ficos sobre los que no tienen ning\u00fan control. En segundo lugar, todo el mundo quiere ahorrar todo el dinero que pueda, especialmente cuando se inicia un negocio.<\/p>\n<h2>\u00bfProtecci\u00f3n real o imaginaria?<\/h2>\n<p>Hablemos de una empresa cuyo propietario archiv\u00f3 sus propios documentos corporativos. Tal vez utilizaron una b\u00fasqueda en la web para encontrar un <a href=\"https:\/\/apc1040.com\/es\/servicios-de-presentacion-de-impuestos-sobre-la-renta-cerca-de-mi\/\">servicio que presentara<\/a> los documentos corporativos por 49 d\u00f3lares m\u00e1s las tasas de presentaci\u00f3n del estado. El propietario se incorpor\u00f3 porque sab\u00eda que no quer\u00eda la responsabilidad personal. Consiguieron el certificado de corporaci\u00f3n estatal, obtuvieron el n\u00famero de identificaci\u00f3n federal y continuaron con el negocio. \u00a1Qu\u00e9 trato!<\/p>\n<p>Seis a\u00f1os m\u00e1s tarde, el propietario recibi\u00f3 por correo una demanda archivada para su negocio. La demanda presentada fue por 500.000 d\u00f3lares. El propietario hab\u00eda incorporado su negocio, por lo que el proceso de pensamiento era que el propietario no ten\u00eda que preocuparse de perder su casa y los ingresos futuros.<\/p>\n<p>El propietario acudi\u00f3 a la primera vista judicial y el. Otro abogado present\u00f3 en casa una moci\u00f3n para levantar el velo corporativo. \u00bfQu\u00e9 significa eso? Significa que si su abogado puede probar. Que su corporaci\u00f3n estaba incompleta, que usted no cre\u00f3 o archiv\u00f3. El papeleo adecuado o que no oper\u00f3 su corporaci\u00f3n de manera apropiada. Entonces la pared entre usted y la corporaci\u00f3n puede romperse y usted podr\u00eda ser personalmente responsable. Si usted piensa que tratar con el IRS y la <strong>preparaci\u00f3n de impuestos<\/strong> es costoso &#8230; usted no ha visto nada hasta que empiece a tratar con los abogados.<\/p>\n<h2>El coste a largo plazo<\/h2>\n<p>Ahora el propietario tendr\u00e1 que contratar a un abogado para proteger el velo corporativo. El coste es de 8.000 a 10.000 d\u00f3lares o m\u00e1s. Si el abogado no protege el velo y pierde el juicio, se le puede quitar todo lo que posee y sus ganancias futuras hasta que se le pague. Este coste estimado es s\u00f3lo para proteger el velo corporativo. No para defenderle en el juicio. Eso tendr\u00e1 un coste adicional.<\/p>\n<p>Si contrata a un abogado para constituir su sociedad (entre 1.000 y 1.500 d\u00f3lares). El abogado debe proteger el velo a su costa. No tiene que defender la demanda. Sin cobrar, pero debe proteger el velo gratuitamente. Si el abogado no defiende el velo. Su seguro de errores y omisiones deber\u00eda cubrir el coste de su demanda.<\/p>\n<h2><span style=\"color: #ff0000;\">Nuestra opini\u00f3n<\/span><\/h2>\n<p>Le voy a decir que constituir su. Empresa de forma barata es un gran error. Lo s\u00e9, hacemos Impuestos y debemos permanecer en nuestro carril. No me malinterpreten. Estoy a favor de ahorrar dinero, pero hay una l\u00ednea. En la que lo barato se convierte en est\u00fapido. As\u00ed que, te pregunto, \u00bfponer en marcha tu empresa por. 49 d\u00f3lares es un negocio o una bomba de relojer\u00eda? Digamos que. Son 1400 d\u00f3lares m\u00e1s para hacerlo bien. \u00bfD\u00f3nde m\u00e1s puede gastar 1.400 d\u00f3lares y obtener un seguro de. Por vida que le proteja de una posible demanda? \u00bfDe qu\u00e9 sirve constituir su empresa por 49 d\u00f3lares si no est\u00e1 protegida?<\/p>\n<h2><strong>Descargo de responsabilidad<\/strong><\/h2>\n<p>Esta informaci\u00f3n se le proporciona \u00fanicamente con fines educativos, como brindarle <a href=\"https:\/\/apc1040.com\/es\/impuestos-facil\/informacion-general-enlaces-fiscales\/\">informaci\u00f3n general<\/a> y una comprensi\u00f3n general de la ley, y no para brindarle asesoramiento legal espec\u00edfico. La informaci\u00f3n sobre c\u00f3mo constituir su empresa de forma econ\u00f3mica. No debe utilizarse como sustituto del asesoramiento legal competente. De un abogado profesional con licencia en su estado. El uso de nuestra informaci\u00f3n debe basarse en. Su propia diligencia debida y usted acepta que no somos responsables. Del uso que usted haga de esta informaci\u00f3n. Despu\u00e9s de todo, nosotros hacemos el Impuesto sobre la Renta. Somos las personas que preparan los impuestos y no somos abogados.<\/p>\n<\/div><\/div><\/div><\/div><\/div><\/div><\/div><\/section><section class=\"l-section wpb_row height_small\"><div class=\"l-section-h i-cf\"><div class=\"g-cols vc_row via_flex valign_top type_default stacking_default\"><div class=\"vc_col-sm-12 wpb_column vc_column_container\"><div class=\"vc_column-inner\"><div class=\"wpb_wrapper\"><div class=\"wpb_text_column\"><div class=\"wpb_wrapper\"><\/div><\/div><\/div><\/div><\/div><\/div><\/div><\/section>\n","protected":false},"excerpt":{"rendered":"Constituir su empresa de forma barata Constituir su empresa de forma barata es algo que muchos propietarios de empresas piensan en hacer ellos mismos. La raz\u00f3n por la que quieren constituir una sociedad en el Barato es que entienden que existe un riesgo financiero al poseer un negocio. Cualquiera puede presentar una demanda hoy en...","protected":false},"author":10,"featured_media":2528,"parent":2599,"menu_order":0,"comment_status":"closed","ping_status":"closed","template":"","meta":{"_lmt_disableupdate":"no","_lmt_disable":"","_monsterinsights_skip_tracking":false,"_monsterinsights_sitenote_active":false,"_monsterinsights_sitenote_note":"","_monsterinsights_sitenote_category":0,"_uf_show_specific_survey":0,"_uf_disable_surveys":false,"footnotes":""},"class_list":["post-2630","page","type-page","status-publish","has-post-thumbnail","hentry"],"yoast_head":"<!-- This site is optimized with the Yoast SEO Premium plugin v27.3 (Yoast SEO v27.4) - https:\/\/yoast.com\/product\/yoast-seo-premium-wordpress\/ -->\n<title>Constituir su empresa de forma barata<\/title>\n<meta name=\"description\" content=\"Constituir su empresa de forma barata, \u00bfmerece la pena? Incorporar para reducir la posible responsabilidad legal futura.\" \/>\n<meta name=\"robots\" content=\"index, follow, max-snippet:-1, max-image-preview:large, max-video-preview:-1\" \/>\n<link rel=\"canonical\" href=\"https:\/\/apc1040.com\/es\/impuestos-facil\/como-constituir-su-empresa-de-forma-economica\/\" \/>\n<meta property=\"og:locale\" content=\"es_ES\" \/>\n<meta property=\"og:type\" content=\"article\" \/>\n<meta property=\"og:title\" content=\"Consejos para la instalaci\u00f3n econ\u00f3mica de negocios y se\u00f1alizaci\u00f3n para promover la seguridad en el lugar de trabajo\" \/>\n<meta property=\"og:description\" content=\"Constituir su empresa de forma barata, \u00bfmerece la pena? Incorporar para reducir la posible responsabilidad legal futura.\" \/>\n<meta property=\"og:url\" content=\"https:\/\/apc1040.com\/es\/impuestos-facil\/como-constituir-su-empresa-de-forma-economica\/\" \/>\n<meta property=\"og:site_name\" content=\"Akron Income Tax Preparation\" \/>\n<meta property=\"article:publisher\" content=\"https:\/\/www.facebook.com\/APC1040\" \/>\n<meta property=\"article:modified_time\" content=\"2024-05-10T19:27:11+00:00\" \/>\n<meta property=\"og:image\" content=\"https:\/\/apc1040.com\/wp-content\/uploads\/2021\/12\/gavel-g7b033a7f7_640.jpg\" \/>\n\t<meta property=\"og:image:width\" content=\"640\" \/>\n\t<meta property=\"og:image:height\" content=\"352\" \/>\n\t<meta property=\"og:image:type\" content=\"image\/jpeg\" \/>\n<meta name=\"twitter:card\" content=\"summary_large_image\" \/>\n<meta name=\"twitter:label1\" content=\"Est. reading time\" \/>\n\t<meta name=\"twitter:data1\" content=\"4 minutes\" \/>\n<!-- \/ Yoast SEO Premium plugin. -->","yoast_head_json":{"title":"Constituir su empresa de forma barata","description":"Constituir su empresa de forma barata, \u00bfmerece la pena? Incorporar para reducir la posible responsabilidad legal futura.","robots":{"index":"index","follow":"follow","max-snippet":"max-snippet:-1","max-image-preview":"max-image-preview:large","max-video-preview":"max-video-preview:-1"},"canonical":"https:\/\/apc1040.com\/es\/impuestos-facil\/como-constituir-su-empresa-de-forma-economica\/","og_locale":"es_ES","og_type":"article","og_title":"Consejos para la instalaci\u00f3n econ\u00f3mica de negocios y se\u00f1alizaci\u00f3n para promover la seguridad en el lugar de trabajo","og_description":"Constituir su empresa de forma barata, \u00bfmerece la pena? Incorporar para reducir la posible responsabilidad legal futura.","og_url":"https:\/\/apc1040.com\/es\/impuestos-facil\/como-constituir-su-empresa-de-forma-economica\/","og_site_name":"Akron Income Tax Preparation","article_publisher":"https:\/\/www.facebook.com\/APC1040","article_modified_time":"2024-05-10T19:27:11+00:00","og_image":[{"width":640,"height":352,"url":"https:\/\/apc1040.com\/wp-content\/uploads\/2021\/12\/gavel-g7b033a7f7_640.jpg","type":"image\/jpeg"}],"twitter_card":"summary_large_image","twitter_misc":{"Est. reading time":"4 minutes"},"schema":{"@context":"https:\/\/schema.org","@graph":[{"@type":"WebPage","@id":"https:\/\/apc1040.com\/es\/impuestos-facil\/como-constituir-su-empresa-de-forma-economica\/","url":"https:\/\/apc1040.com\/es\/impuestos-facil\/como-constituir-su-empresa-de-forma-economica\/","name":"Constituir su empresa de forma barata","isPartOf":{"@id":"https:\/\/apc1040.com\/es\/#website"},"primaryImageOfPage":{"@id":"https:\/\/apc1040.com\/es\/impuestos-facil\/como-constituir-su-empresa-de-forma-economica\/#primaryimage"},"image":{"@id":"https:\/\/apc1040.com\/es\/impuestos-facil\/como-constituir-su-empresa-de-forma-economica\/#primaryimage"},"thumbnailUrl":"https:\/\/apc1040.com\/wp-content\/uploads\/2021\/12\/gavel-g7b033a7f7_640.jpg","datePublished":"2020-09-06T07:40:57+00:00","dateModified":"2024-05-10T19:27:11+00:00","description":"Constituir su empresa de forma barata, \u00bfmerece la pena? Incorporar para reducir la posible responsabilidad legal futura.","breadcrumb":{"@id":"https:\/\/apc1040.com\/es\/impuestos-facil\/como-constituir-su-empresa-de-forma-economica\/#breadcrumb"},"inLanguage":"es","potentialAction":[{"@type":"ReadAction","target":["https:\/\/apc1040.com\/es\/impuestos-facil\/como-constituir-su-empresa-de-forma-economica\/"]}]},{"@type":"ImageObject","inLanguage":"es","@id":"https:\/\/apc1040.com\/es\/impuestos-facil\/como-constituir-su-empresa-de-forma-economica\/#primaryimage","url":"https:\/\/apc1040.com\/wp-content\/uploads\/2021\/12\/gavel-g7b033a7f7_640.jpg","contentUrl":"https:\/\/apc1040.com\/wp-content\/uploads\/2021\/12\/gavel-g7b033a7f7_640.jpg","width":640,"height":352,"caption":"gavel g7b033a7f7 640"},{"@type":"BreadcrumbList","@id":"https:\/\/apc1040.com\/es\/impuestos-facil\/como-constituir-su-empresa-de-forma-economica\/#breadcrumb","itemListElement":[{"@type":"ListItem","position":1,"name":"Home","item":"https:\/\/apc1040.com\/es\/"},{"@type":"ListItem","position":2,"name":"Encontrar f\u00e1cilmente varias p\u00e1ginas web","item":"https:\/\/apc1040.com\/es\/impuestos-facil\/"},{"@type":"ListItem","position":3,"name":"Consejos para la instalaci\u00f3n econ\u00f3mica de negocios y se\u00f1alizaci\u00f3n para promover la seguridad en el lugar de trabajo"}]},{"@type":"WebSite","@id":"https:\/\/apc1040.com\/es\/#website","url":"https:\/\/apc1040.com\/es\/","name":"Akron Income Tax Preparation","description":"Income Tax Preparation Service","publisher":{"@id":"https:\/\/apc1040.com\/es\/#organization"},"potentialAction":[{"@type":"SearchAction","target":{"@type":"EntryPoint","urlTemplate":"https:\/\/apc1040.com\/es\/?s={search_term_string}"},"query-input":{"@type":"PropertyValueSpecification","valueRequired":true,"valueName":"search_term_string"}}],"inLanguage":"es"},{"@type":"Organization","@id":"https:\/\/apc1040.com\/es\/#organization","name":"Akron Income Tax Co","url":"https:\/\/apc1040.com\/es\/","logo":{"@type":"ImageObject","inLanguage":"es","@id":"https:\/\/apc1040.com\/es\/#\/schema\/logo\/image\/","url":"https:\/\/apc1040.com\/wp-content\/uploads\/2024\/11\/income-tax-service-akron.jpg","contentUrl":"https:\/\/apc1040.com\/wp-content\/uploads\/2024\/11\/income-tax-service-akron.jpg","width":800,"height":745,"caption":"Akron Income Tax Co"},"image":{"@id":"https:\/\/apc1040.com\/es\/#\/schema\/logo\/image\/"},"sameAs":["https:\/\/www.facebook.com\/APC1040"]}]}},"amp_enabled":true,"_links":{"self":[{"href":"https:\/\/apc1040.com\/es\/wp-json\/wp\/v2\/pages\/2630","targetHints":{"allow":["GET"]}}],"collection":[{"href":"https:\/\/apc1040.com\/es\/wp-json\/wp\/v2\/pages"}],"about":[{"href":"https:\/\/apc1040.com\/es\/wp-json\/wp\/v2\/types\/page"}],"author":[{"embeddable":true,"href":"https:\/\/apc1040.com\/es\/wp-json\/wp\/v2\/users\/10"}],"replies":[{"embeddable":true,"href":"https:\/\/apc1040.com\/es\/wp-json\/wp\/v2\/comments?post=2630"}],"version-history":[{"count":0,"href":"https:\/\/apc1040.com\/es\/wp-json\/wp\/v2\/pages\/2630\/revisions"}],"up":[{"embeddable":true,"href":"https:\/\/apc1040.com\/es\/wp-json\/wp\/v2\/pages\/2599"}],"wp:featuredmedia":[{"embeddable":true,"href":"https:\/\/apc1040.com\/es\/wp-json\/wp\/v2\/media\/2528"}],"wp:attachment":[{"href":"https:\/\/apc1040.com\/es\/wp-json\/wp\/v2\/media?parent=2630"}],"curies":[{"name":"wp","href":"https:\/\/api.w.org\/{rel}","templated":true}]}}